{"id":39902,"date":"2023-01-06T22:21:41","date_gmt":"2023-01-06T22:21:41","guid":{"rendered":"https:\/\/www.itape.com\/energy-star\/"},"modified":"2024-02-16T16:39:59","modified_gmt":"2024-02-16T16:39:59","slug":"energy-star","status":"publish","type":"page","link":"https:\/\/www.itape.com\/de\/energy-star\/","title":{"rendered":"Energy Star"},"content":{"rendered":"<span class=\"prose block px-4 mb-4 wp-core-block-paragraph\">\n<p><style>\n    .link-button {<br \/>\n    cursor: pointer;<br \/>\n    color: #5c661f;<br \/>\n    background-color: rgb(219, 221, 207);<br \/>\n    border: 0px solid #aa8d56;<br \/>\n    padding: 10px;<br \/>\n    text-decoration: none;<br \/>\n    line-height: 1.5;<br \/>\n    border-radius: .25em;<br \/>\n    }<br \/>\n    .link-button:hover {<br \/>\n    Background-color:  #5c661f;<br \/>\n    Color: white;<br \/>\n    text-decoration: none;<br \/>\n    }<br \/>\n<\/style><\/p>\n<\/span>\n\n\n<figure class=\"wp-block-image size-full\"><img decoding=\"async\" src=\"https:\/\/www.itape.com\/wp-content\/uploads\/2023\/10\/header-poy2024.webp\" alt=\"EnergyStar_Hero\" class=\"wp-image-60383\"\/><\/figure>\n\n\n<span class=\"prose block px-4 mb-4 wp-core-block-heading\">\n<h1 class=\"wp-block-heading\" id=\"h-partner-von-energy-star\">Partner von ENERGY STAR<\/h1>\n<\/span>\n\n<span class=\"prose block px-4 mb-4 wp-core-block-paragraph\">\n<p>Seit 2009 ist IPG Partner von ENERGY STAR. Im Jahr&nbsp;2022 senkte IPG den Energieverbrauch um 2,3&nbsp;% mithilfe von Tools und Ressourcen von ENERGY STAR\u00ae. Zu unseren gr\u00f6\u00dften Erfolgen im Jahr&nbsp;2022 z\u00e4hlten Folgende:<\/p>\n<\/span>\n\n<span class=\"prose block px-4 mb-4 wp-core-block-list\">\n<ul class=\"wp-block-list\">\n<li>Erf\u00fcllung der ENERGY STAR Challenge f\u00fcr die Industrie in drei Werken, darunter das Carbondale-Werk zum sechsten Mal, das Brighton-Werk zum dritten Mal und das Polyair Packaging Atlanta-Werk zum ersten Mal.<\/li>\n\n\n\n<li>Unterst\u00fctzung der ENERGY STAR Find the Treasure-Kampagne durch die Weitergabe der Ergebnisse von sieben Energieschatzsuchen, die \u00fcber 67.000 MMBtu an potenziellen Energieeinsparungen identifizierten.<\/li>\n\n\n\n<li>Erhalt des ENERGY STAR f\u00fcr das gr\u00f6\u00dfte regionale Vertriebszentrum von IPG in Danville, Virginia, zum dritten Mal in Folge.<\/li>\n\n\n\n<li>Installation von Energiemesssystemen und Optimierung neuer Prozessausr\u00fcstungen in mehreren Einrichtungen, die zuk\u00fcnftige Energie- und Kohlenstoffeinsparungen bringen werden.<\/li>\n\n\n\n<li>Unterst\u00fctzung der ENERGY STAR-Industriepartnerschaft durch Pr\u00e4sentationen auf Branchentreffen und den Austausch bew\u00e4hrter Verfahren mit anderen ENERGY STAR-Partnern.<\/li>\n<\/ul>\n<\/span>\n\n\n<div class=\"wp-block-columns is-layout-flex wp-container-core-columns-is-layout-9d6595d7 wp-block-columns-is-layout-flex\">\n<div class=\"wp-block-column is-layout-flow wp-block-column-is-layout-flow\" style=\"flex-basis:66.66%\"><span class=\"prose block px-4 mb-4 wp-core-block-paragraph\">\n<p>Allj\u00e4hrlich zeichnet die EPA (Environmental Protection Agency \u2013 US-amerikanischen Umweltschutzbeh\u00f6rde) eine Gruppe von Unternehmen und Organisationen f\u00fcr ihre hervorragenden Leistungen im Bereich der Energieeffizienz und herausragenden Beitr\u00e4ge zum Umweltschutz aus. Alle diese kleinen und gro\u00dfen Unternehmen des Landes \u2013 ob sie nun erstmalig als Partner of the Year oder mit der Anerkennung Sustained Excellence ausgezeichnet wurden \u2013 sparen Geld und Energie und sch\u00fctzen die Umwelt. Hier erfahren Sie, wie die Preistr\u00e4ger von ENERGY STAR des Jahres\u00a02023 Millionen von Einzelpersonen, Familien und Unternehmen bei Energieeinsparungen und Umweltschutz unterst\u00fctzen. Weiter Informationen erhalten Sie unter\u00a0<a href=\"https:\/\/www.energystar.gov\/about\/content\/intertape_polymer_group_inc_7\" target=\"_blank\" rel=\"noreferrer noopener nofollow\">energystar.gov<\/a>.<\/p>\n<\/span><\/div>\n\n\n\n<div class=\"wp-block-column is-layout-flow wp-block-column-is-layout-flow\" style=\"flex-basis:33.33%\">\n<figure class=\"wp-block-image size-large\"><img loading=\"lazy\" decoding=\"async\" width=\"230\" height=\"116\" src=\"https:\/\/www.itape.com\/wp-content\/uploads\/2023\/04\/ES-Sustained-Excellence-23.png?w=230\" alt=\"Energy Star 2023\" class=\"wp-image-60391\"\/><\/figure>\n<\/div>\n<\/div>\n\n\n\n<div style=\"height:16px\" aria-hidden=\"true\" class=\"wp-block-spacer\"><\/div>\n\n\n\n<div class=\"wp-block-buttons is-layout-flex wp-block-buttons-is-layout-flex\">\n<div class=\"wp-block-button has-custom-font-size has-small-font-size\"><a class=\"wp-block-button__link wp-element-button\" href=\"https:\/\/www.itape.com\/de\/sustainability\/\">&lt; zur\u00fcck zu Nachhaltigkeit<\/a><\/div>\n<\/div>\n\n\n\n<div style=\"height:30px\" aria-hidden=\"true\" class=\"wp-block-spacer\"><\/div>\n","protected":false},"excerpt":{"rendered":"<p>Partner von ENERGY STAR Seit 2009 ist IPG Partner von ENERGY STAR. Im Jahr&nbsp;2022 senkte IPG den Energieverbrauch um 2,3&nbsp;% mithilfe von Tools und Ressourcen von ENERGY STAR\u00ae. Zu unseren gr\u00f6\u00dften Erfolgen im Jahr&nbsp;2022 z\u00e4hlten Folgende: Allj\u00e4hrlich zeichnet die EPA (Environmental Protection Agency \u2013 US-amerikanischen Umweltschutzbeh\u00f6rde) eine Gruppe von Unternehmen und Organisationen f\u00fcr ihre hervorragenden<a class=\"excerpt-more-tag\" href=\"https:\/\/www.itape.com\/de\/energy-star\/\">Read more&#8230;<\/a><\/p>\n","protected":false},"author":1,"featured_media":0,"parent":0,"menu_order":0,"comment_status":"open","ping_status":"closed","template":"","meta":{"_acf_changed":false,"footnotes":""},"class_list":["post-39902","page","type-page","status-publish","hentry"],"acf":[],"yoast_head":"<!-- This site is optimized with the Yoast SEO Premium plugin v24.1 (Yoast SEO v27.0) - https:\/\/yoast.com\/product\/yoast-seo-premium-wordpress\/ -->\n<title>Energy Star - IPG<\/title>\n<meta name=\"description\" content=\"Seit 2009 ist IPG Partner von ENERGY STAR. Im Jahr\u00a02021 senkte IPG den Energieverbrauch um 7,8\u00a0% mithilfe von Tools und Ressourcen von ENERGY STAR\u00ae.\" \/>\n<meta name=\"robots\" content=\"index, follow, max-snippet:-1, max-image-preview:large, max-video-preview:-1\" \/>\n<link rel=\"canonical\" href=\"https:\/\/www.itape.com\/de\/energy-star\/\" \/>\n<meta property=\"og:locale\" content=\"de_DE\" \/>\n<meta property=\"og:type\" content=\"article\" \/>\n<meta property=\"og:title\" content=\"Energy Star\" \/>\n<meta property=\"og:description\" content=\"Seit 2009 ist IPG Partner von ENERGY STAR. Im Jahr\u00a02021 senkte IPG den Energieverbrauch um 7,8\u00a0% mithilfe von Tools und Ressourcen von ENERGY STAR\u00ae.\" \/>\n<meta property=\"og:url\" content=\"https:\/\/www.itape.com\/de\/energy-star\/\" \/>\n<meta property=\"og:site_name\" content=\"IPG\" \/>\n<meta property=\"article:publisher\" content=\"https:\/\/www.facebook.com\/intertape\" \/>\n<meta property=\"article:modified_time\" content=\"2024-02-16T16:39:59+00:00\" \/>\n<meta property=\"og:image\" content=\"https:\/\/www.itape.com\/wp-content\/uploads\/2023\/04\/Social-Header-POY2023.jpg\" \/>\n<meta name=\"twitter:card\" content=\"summary_large_image\" \/>\n<meta name=\"twitter:site\" content=\"@IPGtape\" \/>\n<meta name=\"twitter:label1\" content=\"Est. reading time\" \/>\n\t<meta name=\"twitter:data1\" content=\"2 Minuten\" \/>\n<script type=\"application\/ld+json\" class=\"yoast-schema-graph\">{\"@context\":\"https:\/\/schema.org\",\"@graph\":[{\"@type\":\"WebPage\",\"@id\":\"https:\/\/www.itape.com\/de\/energy-star\/\",\"url\":\"https:\/\/www.itape.com\/de\/energy-star\/\",\"name\":\"Energy Star - IPG\",\"isPartOf\":{\"@id\":\"https:\/\/www.itape.com\/#website\"},\"primaryImageOfPage\":{\"@id\":\"https:\/\/www.itape.com\/de\/energy-star\/#primaryimage\"},\"image\":{\"@id\":\"https:\/\/www.itape.com\/de\/energy-star\/#primaryimage\"},\"thumbnailUrl\":\"https:\/\/www.itape.com\/wp-content\/uploads\/2023\/10\/header-poy2024.webp\",\"datePublished\":\"2023-01-06T22:21:41+00:00\",\"dateModified\":\"2024-02-16T16:39:59+00:00\",\"description\":\"Seit 2009 ist IPG Partner von ENERGY STAR. Im Jahr\u00a02021 senkte IPG den Energieverbrauch um 7,8\u00a0% mithilfe von Tools und Ressourcen von ENERGY STAR\u00ae.\",\"breadcrumb\":{\"@id\":\"https:\/\/www.itape.com\/de\/energy-star\/#breadcrumb\"},\"inLanguage\":\"de-DE\",\"potentialAction\":[{\"@type\":\"ReadAction\",\"target\":[\"https:\/\/www.itape.com\/de\/energy-star\/\"]}]},{\"@type\":\"ImageObject\",\"inLanguage\":\"de-DE\",\"@id\":\"https:\/\/www.itape.com\/de\/energy-star\/#primaryimage\",\"url\":\"https:\/\/www.itape.com\/wp-content\/uploads\/2023\/10\/header-poy2024.webp\",\"contentUrl\":\"https:\/\/www.itape.com\/wp-content\/uploads\/2023\/10\/header-poy2024.webp\"},{\"@type\":\"BreadcrumbList\",\"@id\":\"https:\/\/www.itape.com\/de\/energy-star\/#breadcrumb\",\"itemListElement\":[{\"@type\":\"ListItem\",\"position\":1,\"name\":\"Home\",\"item\":\"https:\/\/www.itape.com\/de\/\"},{\"@type\":\"ListItem\",\"position\":2,\"name\":\"Energy Star\"}]},{\"@type\":\"WebSite\",\"@id\":\"https:\/\/www.itape.com\/#website\",\"url\":\"https:\/\/www.itape.com\/\",\"name\":\"IPG\",\"description\":\"Global Leader in Packaging and Protective Solutions\",\"publisher\":{\"@id\":\"https:\/\/www.itape.com\/#organization\"},\"potentialAction\":[{\"@type\":\"SearchAction\",\"target\":{\"@type\":\"EntryPoint\",\"urlTemplate\":\"https:\/\/www.itape.com\/?s={search_term_string}\"},\"query-input\":{\"@type\":\"PropertyValueSpecification\",\"valueRequired\":true,\"valueName\":\"search_term_string\"}}],\"inLanguage\":\"de-DE\"},{\"@type\":\"Organization\",\"@id\":\"https:\/\/www.itape.com\/#organization\",\"name\":\"IPG\",\"url\":\"https:\/\/www.itape.com\/\",\"logo\":{\"@type\":\"ImageObject\",\"inLanguage\":\"de-DE\",\"@id\":\"https:\/\/www.itape.com\/#\/schema\/logo\/image\/\",\"url\":\"https:\/\/www.itape.com\/wp-content\/uploads\/2024\/06\/IPG-logo-2.png\",\"contentUrl\":\"https:\/\/www.itape.com\/wp-content\/uploads\/2024\/06\/IPG-logo-2.png\",\"width\":60,\"height\":60,\"caption\":\"IPG\"},\"image\":{\"@id\":\"https:\/\/www.itape.com\/#\/schema\/logo\/image\/\"},\"sameAs\":[\"https:\/\/www.facebook.com\/intertape\",\"https:\/\/x.com\/IPGtape\",\"https:\/\/www.linkedin.com\/company\/intertape-polymer-group\",\"https:\/\/www.instagram.com\/ipgtape\",\"https:\/\/www.youtube.com\/user\/IPGtape\"]}]}<\/script>\n<!-- \/ Yoast SEO Premium plugin. -->","yoast_head_json":{"title":"Energy Star - IPG","description":"Seit 2009 ist IPG Partner von ENERGY STAR. Im Jahr\u00a02021 senkte IPG den Energieverbrauch um 7,8\u00a0% mithilfe von Tools und Ressourcen von ENERGY STAR\u00ae.","robots":{"index":"index","follow":"follow","max-snippet":"max-snippet:-1","max-image-preview":"max-image-preview:large","max-video-preview":"max-video-preview:-1"},"canonical":"https:\/\/www.itape.com\/de\/energy-star\/","og_locale":"de_DE","og_type":"article","og_title":"Energy Star","og_description":"Seit 2009 ist IPG Partner von ENERGY STAR. Im Jahr\u00a02021 senkte IPG den Energieverbrauch um 7,8\u00a0% mithilfe von Tools und Ressourcen von ENERGY STAR\u00ae.","og_url":"https:\/\/www.itape.com\/de\/energy-star\/","og_site_name":"IPG","article_publisher":"https:\/\/www.facebook.com\/intertape","article_modified_time":"2024-02-16T16:39:59+00:00","og_image":[{"url":"https:\/\/www.itape.com\/wp-content\/uploads\/2023\/04\/Social-Header-POY2023.jpg","type":"","width":"","height":""}],"twitter_card":"summary_large_image","twitter_site":"@IPGtape","twitter_misc":{"Est. reading time":"2 Minuten"},"schema":{"@context":"https:\/\/schema.org","@graph":[{"@type":"WebPage","@id":"https:\/\/www.itape.com\/de\/energy-star\/","url":"https:\/\/www.itape.com\/de\/energy-star\/","name":"Energy Star - IPG","isPartOf":{"@id":"https:\/\/www.itape.com\/#website"},"primaryImageOfPage":{"@id":"https:\/\/www.itape.com\/de\/energy-star\/#primaryimage"},"image":{"@id":"https:\/\/www.itape.com\/de\/energy-star\/#primaryimage"},"thumbnailUrl":"https:\/\/www.itape.com\/wp-content\/uploads\/2023\/10\/header-poy2024.webp","datePublished":"2023-01-06T22:21:41+00:00","dateModified":"2024-02-16T16:39:59+00:00","description":"Seit 2009 ist IPG Partner von ENERGY STAR. Im Jahr\u00a02021 senkte IPG den Energieverbrauch um 7,8\u00a0% mithilfe von Tools und Ressourcen von ENERGY STAR\u00ae.","breadcrumb":{"@id":"https:\/\/www.itape.com\/de\/energy-star\/#breadcrumb"},"inLanguage":"de-DE","potentialAction":[{"@type":"ReadAction","target":["https:\/\/www.itape.com\/de\/energy-star\/"]}]},{"@type":"ImageObject","inLanguage":"de-DE","@id":"https:\/\/www.itape.com\/de\/energy-star\/#primaryimage","url":"https:\/\/www.itape.com\/wp-content\/uploads\/2023\/10\/header-poy2024.webp","contentUrl":"https:\/\/www.itape.com\/wp-content\/uploads\/2023\/10\/header-poy2024.webp"},{"@type":"BreadcrumbList","@id":"https:\/\/www.itape.com\/de\/energy-star\/#breadcrumb","itemListElement":[{"@type":"ListItem","position":1,"name":"Home","item":"https:\/\/www.itape.com\/de\/"},{"@type":"ListItem","position":2,"name":"Energy Star"}]},{"@type":"WebSite","@id":"https:\/\/www.itape.com\/#website","url":"https:\/\/www.itape.com\/","name":"IPG","description":"Global Leader in Packaging and Protective Solutions","publisher":{"@id":"https:\/\/www.itape.com\/#organization"},"potentialAction":[{"@type":"SearchAction","target":{"@type":"EntryPoint","urlTemplate":"https:\/\/www.itape.com\/?s={search_term_string}"},"query-input":{"@type":"PropertyValueSpecification","valueRequired":true,"valueName":"search_term_string"}}],"inLanguage":"de-DE"},{"@type":"Organization","@id":"https:\/\/www.itape.com\/#organization","name":"IPG","url":"https:\/\/www.itape.com\/","logo":{"@type":"ImageObject","inLanguage":"de-DE","@id":"https:\/\/www.itape.com\/#\/schema\/logo\/image\/","url":"https:\/\/www.itape.com\/wp-content\/uploads\/2024\/06\/IPG-logo-2.png","contentUrl":"https:\/\/www.itape.com\/wp-content\/uploads\/2024\/06\/IPG-logo-2.png","width":60,"height":60,"caption":"IPG"},"image":{"@id":"https:\/\/www.itape.com\/#\/schema\/logo\/image\/"},"sameAs":["https:\/\/www.facebook.com\/intertape","https:\/\/x.com\/IPGtape","https:\/\/www.linkedin.com\/company\/intertape-polymer-group","https:\/\/www.instagram.com\/ipgtape","https:\/\/www.youtube.com\/user\/IPGtape"]}]}},"parsely":{"version":"1.1.0","canonical_url":"https:\/\/itape.com\/de\/energy-star\/","smart_links":{"inbound":0,"outbound":0},"traffic_boost_suggestions_count":0,"meta":{"@context":"https:\/\/schema.org","@type":"WebPage","headline":"Energy Star","url":"https:\/\/www.itape.com\/de\/energy-star\/","mainEntityOfPage":{"@type":"WebPage","@id":"https:\/\/www.itape.com\/de\/energy-star\/"},"thumbnailUrl":"","image":{"@type":"ImageObject","url":""},"articleSection":"Unkategorisiert","author":[{"@type":"Person","name":"IPG"}],"creator":["IPG"],"publisher":{"@type":"Organization","name":"IPG","logo":"https:\/\/www.itape.com\/wp-content\/uploads\/2023\/03\/IPG-logo-2.png"},"keywords":[],"dateCreated":"2023-01-06T22:21:41Z","datePublished":"2023-01-06T22:21:41Z","dateModified":"2024-02-16T16:39:59Z"},"rendered":"<meta name=\"parsely-title\" content=\"Energy Star\" \/>\n<meta name=\"parsely-link\" content=\"https:\/\/www.itape.com\/de\/energy-star\/\" \/>\n<meta name=\"parsely-type\" content=\"index\" \/>\n<meta name=\"parsely-pub-date\" content=\"2023-01-06T22:21:41Z\" \/>\n<meta name=\"parsely-section\" content=\"Unkategorisiert\" \/>\n<meta name=\"parsely-author\" content=\"IPG\" \/>","tracker_url":"https:\/\/cdn.parsely.com\/keys\/itape.com\/p.js"},"jetpack_sharing_enabled":true,"_links":{"self":[{"href":"https:\/\/www.itape.com\/de\/wp-json\/wp\/v2\/pages\/39902","targetHints":{"allow":["GET"]}}],"collection":[{"href":"https:\/\/www.itape.com\/de\/wp-json\/wp\/v2\/pages"}],"about":[{"href":"https:\/\/www.itape.com\/de\/wp-json\/wp\/v2\/types\/page"}],"author":[{"embeddable":true,"href":"https:\/\/www.itape.com\/de\/wp-json\/wp\/v2\/users\/1"}],"replies":[{"embeddable":true,"href":"https:\/\/www.itape.com\/de\/wp-json\/wp\/v2\/comments?post=39902"}],"version-history":[{"count":11,"href":"https:\/\/www.itape.com\/de\/wp-json\/wp\/v2\/pages\/39902\/revisions"}],"predecessor-version":[{"id":69203,"href":"https:\/\/www.itape.com\/de\/wp-json\/wp\/v2\/pages\/39902\/revisions\/69203"}],"wp:attachment":[{"href":"https:\/\/www.itape.com\/de\/wp-json\/wp\/v2\/media?parent=39902"}],"curies":[{"name":"wp","href":"https:\/\/api.w.org\/{rel}","templated":true}]}}