{"id":49734,"date":"2023-02-03T20:50:34","date_gmt":"2023-02-03T20:50:34","guid":{"rendered":"https:\/\/www.itape.com\/testubersetzung-fur-den-lionbridge-dienst\/"},"modified":"2023-02-06T18:58:30","modified_gmt":"2023-02-06T18:58:30","slug":"testubersetzung-fur-den-lionbridge-dienst","status":"publish","type":"page","link":"https:\/\/www.itape.com\/de\/testubersetzung-fur-den-lionbridge-dienst\/","title":{"rendered":"Test\u00fcbersetzung f\u00fcr den Lionbridge-Dienst"},"content":{"rendered":"<span class=\"prose block px-4 mb-4 wp-core-block-paragraph\">\n<p><strong>Intertape Polymer Group Inc.<\/strong>\u00a0ist ein Unternehmen f\u00fcr Verpackungsprodukte und -systeme mit Sitz in\u00a0<a href=\"https:\/\/en.wikipedia.org\/wiki\/Montreal\">Montreal<\/a>\u00a0und\u00a0<a href=\"https:\/\/en.wikipedia.org\/wiki\/Sarasota,_Florida\">Sarasota, Florida<\/a> mit 34\u00a0Standorten,\u00a022\u00a0Produktionsstandorten in Nordamerika\u00a0und einem in Europa, und 4.200\u00a0Mitarbeitern. Zu den Produkten geh\u00f6ren druckempfindliche und wasseraktivierbare <a href=\"https:\/\/en.wikipedia.org\/wiki\/Adhesive_tape\">Klebeb\u00e4nder<\/a> auf Papier- und Folienbasis zum Abdichten von K\u00e4sten und zum Reparieren von Rohrleitungen. Intertape ist nach\u00a0<a href=\"https:\/\/en.wikipedia.org\/wiki\/3M\">3M<\/a> der zweitgr\u00f6\u00dfte Bandhersteller in Nordamerika, und sein Marktanteil f\u00fcr die meisten Produkte betr\u00e4gt 20 bis 30\u00a0%. Etwa 80\u00a0% der Verk\u00e4ufe wurden 2015 in den Vereinigten Staaten get\u00e4tigt, davon 10\u00a0% in\u00a0<a href=\"https:\/\/en.wikipedia.org\/wiki\/Canada\">Kanada<\/a>\u00a0und\u00a0<a href=\"https:\/\/en.wikipedia.org\/wiki\/Mexico\">Mexiko<\/a>.<\/p>\n<\/span>","protected":false},"excerpt":{"rendered":"<p>Intertape Polymer Group Inc.\u00a0ist ein Unternehmen f\u00fcr Verpackungsprodukte und -systeme mit Sitz in\u00a0Montreal\u00a0und\u00a0Sarasota, Florida mit 34\u00a0Standorten,\u00a022\u00a0Produktionsstandorten in Nordamerika\u00a0und einem in Europa, und 4.200\u00a0Mitarbeitern. Zu den Produkten geh\u00f6ren druckempfindliche und wasseraktivierbare Klebeb\u00e4nder auf Papier- und Folienbasis zum Abdichten von K\u00e4sten und zum Reparieren von Rohrleitungen. Intertape ist nach\u00a03M der zweitgr\u00f6\u00dfte Bandhersteller in Nordamerika, und sein Marktanteil<a class=\"excerpt-more-tag\" href=\"https:\/\/www.itape.com\/de\/testubersetzung-fur-den-lionbridge-dienst\/\">Read more&#8230;<\/a><\/p>\n","protected":false},"author":11,"featured_media":0,"parent":0,"menu_order":0,"comment_status":"closed","ping_status":"closed","template":"","meta":{"_acf_changed":false,"footnotes":""},"class_list":["post-49734","page","type-page","status-publish","hentry"],"acf":[],"yoast_head":"<!-- This site is optimized with the Yoast SEO Premium plugin v24.1 (Yoast SEO v27.3) - https:\/\/yoast.com\/product\/yoast-seo-premium-wordpress\/ -->\n<title>Test\u00fcbersetzung f\u00fcr den Lionbridge-Dienst - IPG<\/title>\n<meta name=\"robots\" content=\"index, follow, max-snippet:-1, max-image-preview:large, max-video-preview:-1\" \/>\n<link rel=\"canonical\" href=\"https:\/\/www.itape.com\/de\/testubersetzung-fur-den-lionbridge-dienst\/\" \/>\n<meta property=\"og:locale\" content=\"de_DE\" \/>\n<meta property=\"og:type\" content=\"article\" \/>\n<meta property=\"og:title\" content=\"Test\u00fcbersetzung f\u00fcr den Lionbridge-Dienst\" \/>\n<meta property=\"og:description\" content=\"Intertape Polymer Group Inc.\u00a0ist ein Unternehmen f\u00fcr Verpackungsprodukte und -systeme mit Sitz in\u00a0Montreal\u00a0und\u00a0Sarasota, Florida mit 34\u00a0Standorten,\u00a022\u00a0Produktionsstandorten in Nordamerika\u00a0und einem in Europa, und 4.200\u00a0Mitarbeitern. Zu den Produkten geh\u00f6ren druckempfindliche und wasseraktivierbare Klebeb\u00e4nder auf Papier- und Folienbasis zum Abdichten von K\u00e4sten und zum Reparieren von Rohrleitungen. Intertape ist nach\u00a03M der zweitgr\u00f6\u00dfte Bandhersteller in Nordamerika, und sein MarktanteilRead more...\" \/>\n<meta property=\"og:url\" content=\"https:\/\/www.itape.com\/de\/testubersetzung-fur-den-lionbridge-dienst\/\" \/>\n<meta property=\"og:site_name\" content=\"IPG\" \/>\n<meta property=\"article:publisher\" content=\"https:\/\/www.facebook.com\/intertape\" \/>\n<meta property=\"article:modified_time\" content=\"2023-02-06T18:58:30+00:00\" \/>\n<meta name=\"twitter:card\" content=\"summary_large_image\" \/>\n<meta name=\"twitter:site\" content=\"@IPGtape\" \/>\n<script type=\"application\/ld+json\" class=\"yoast-schema-graph\">{\"@context\":\"https:\\\/\\\/schema.org\",\"@graph\":[{\"@type\":\"WebPage\",\"@id\":\"https:\\\/\\\/www.itape.com\\\/de\\\/testubersetzung-fur-den-lionbridge-dienst\\\/\",\"url\":\"https:\\\/\\\/www.itape.com\\\/de\\\/testubersetzung-fur-den-lionbridge-dienst\\\/\",\"name\":\"Test\u00fcbersetzung f\u00fcr den Lionbridge-Dienst - IPG\",\"isPartOf\":{\"@id\":\"https:\\\/\\\/www.itape.com\\\/#website\"},\"datePublished\":\"2023-02-03T20:50:34+00:00\",\"dateModified\":\"2023-02-06T18:58:30+00:00\",\"breadcrumb\":{\"@id\":\"https:\\\/\\\/www.itape.com\\\/de\\\/testubersetzung-fur-den-lionbridge-dienst\\\/#breadcrumb\"},\"inLanguage\":\"de-DE\",\"potentialAction\":[{\"@type\":\"ReadAction\",\"target\":[\"https:\\\/\\\/www.itape.com\\\/de\\\/testubersetzung-fur-den-lionbridge-dienst\\\/\"]}]},{\"@type\":\"BreadcrumbList\",\"@id\":\"https:\\\/\\\/www.itape.com\\\/de\\\/testubersetzung-fur-den-lionbridge-dienst\\\/#breadcrumb\",\"itemListElement\":[{\"@type\":\"ListItem\",\"position\":1,\"name\":\"Home\",\"item\":\"https:\\\/\\\/www.itape.com\\\/de\\\/\"},{\"@type\":\"ListItem\",\"position\":2,\"name\":\"Test\u00fcbersetzung f\u00fcr den Lionbridge-Dienst\"}]},{\"@type\":\"WebSite\",\"@id\":\"https:\\\/\\\/www.itape.com\\\/#website\",\"url\":\"https:\\\/\\\/www.itape.com\\\/\",\"name\":\"IPG\",\"description\":\"Global Leader in Packaging and Protective Solutions\",\"publisher\":{\"@id\":\"https:\\\/\\\/www.itape.com\\\/#organization\"},\"potentialAction\":[{\"@type\":\"SearchAction\",\"target\":{\"@type\":\"EntryPoint\",\"urlTemplate\":\"https:\\\/\\\/www.itape.com\\\/?s={search_term_string}\"},\"query-input\":{\"@type\":\"PropertyValueSpecification\",\"valueRequired\":true,\"valueName\":\"search_term_string\"}}],\"inLanguage\":\"de-DE\"},{\"@type\":\"Organization\",\"@id\":\"https:\\\/\\\/www.itape.com\\\/#organization\",\"name\":\"IPG\",\"url\":\"https:\\\/\\\/www.itape.com\\\/\",\"logo\":{\"@type\":\"ImageObject\",\"inLanguage\":\"de-DE\",\"@id\":\"https:\\\/\\\/www.itape.com\\\/#\\\/schema\\\/logo\\\/image\\\/\",\"url\":\"https:\\\/\\\/www.itape.com\\\/wp-content\\\/uploads\\\/2024\\\/06\\\/IPG-logo-2.png\",\"contentUrl\":\"https:\\\/\\\/www.itape.com\\\/wp-content\\\/uploads\\\/2024\\\/06\\\/IPG-logo-2.png\",\"width\":60,\"height\":60,\"caption\":\"IPG\"},\"image\":{\"@id\":\"https:\\\/\\\/www.itape.com\\\/#\\\/schema\\\/logo\\\/image\\\/\"},\"sameAs\":[\"https:\\\/\\\/www.facebook.com\\\/intertape\",\"https:\\\/\\\/x.com\\\/IPGtape\",\"https:\\\/\\\/www.linkedin.com\\\/company\\\/intertape-polymer-group\",\"https:\\\/\\\/www.instagram.com\\\/ipgtape\",\"https:\\\/\\\/www.youtube.com\\\/user\\\/IPGtape\"]}]}<\/script>\n<!-- \/ Yoast SEO Premium plugin. -->","yoast_head_json":{"title":"Test\u00fcbersetzung f\u00fcr den Lionbridge-Dienst - IPG","robots":{"index":"index","follow":"follow","max-snippet":"max-snippet:-1","max-image-preview":"max-image-preview:large","max-video-preview":"max-video-preview:-1"},"canonical":"https:\/\/www.itape.com\/de\/testubersetzung-fur-den-lionbridge-dienst\/","og_locale":"de_DE","og_type":"article","og_title":"Test\u00fcbersetzung f\u00fcr den Lionbridge-Dienst","og_description":"Intertape Polymer Group Inc.\u00a0ist ein Unternehmen f\u00fcr Verpackungsprodukte und -systeme mit Sitz in\u00a0Montreal\u00a0und\u00a0Sarasota, Florida mit 34\u00a0Standorten,\u00a022\u00a0Produktionsstandorten in Nordamerika\u00a0und einem in Europa, und 4.200\u00a0Mitarbeitern. Zu den Produkten geh\u00f6ren druckempfindliche und wasseraktivierbare Klebeb\u00e4nder auf Papier- und Folienbasis zum Abdichten von K\u00e4sten und zum Reparieren von Rohrleitungen. Intertape ist nach\u00a03M der zweitgr\u00f6\u00dfte Bandhersteller in Nordamerika, und sein MarktanteilRead more...","og_url":"https:\/\/www.itape.com\/de\/testubersetzung-fur-den-lionbridge-dienst\/","og_site_name":"IPG","article_publisher":"https:\/\/www.facebook.com\/intertape","article_modified_time":"2023-02-06T18:58:30+00:00","twitter_card":"summary_large_image","twitter_site":"@IPGtape","schema":{"@context":"https:\/\/schema.org","@graph":[{"@type":"WebPage","@id":"https:\/\/www.itape.com\/de\/testubersetzung-fur-den-lionbridge-dienst\/","url":"https:\/\/www.itape.com\/de\/testubersetzung-fur-den-lionbridge-dienst\/","name":"Test\u00fcbersetzung f\u00fcr den Lionbridge-Dienst - IPG","isPartOf":{"@id":"https:\/\/www.itape.com\/#website"},"datePublished":"2023-02-03T20:50:34+00:00","dateModified":"2023-02-06T18:58:30+00:00","breadcrumb":{"@id":"https:\/\/www.itape.com\/de\/testubersetzung-fur-den-lionbridge-dienst\/#breadcrumb"},"inLanguage":"de-DE","potentialAction":[{"@type":"ReadAction","target":["https:\/\/www.itape.com\/de\/testubersetzung-fur-den-lionbridge-dienst\/"]}]},{"@type":"BreadcrumbList","@id":"https:\/\/www.itape.com\/de\/testubersetzung-fur-den-lionbridge-dienst\/#breadcrumb","itemListElement":[{"@type":"ListItem","position":1,"name":"Home","item":"https:\/\/www.itape.com\/de\/"},{"@type":"ListItem","position":2,"name":"Test\u00fcbersetzung f\u00fcr den Lionbridge-Dienst"}]},{"@type":"WebSite","@id":"https:\/\/www.itape.com\/#website","url":"https:\/\/www.itape.com\/","name":"IPG","description":"Global Leader in Packaging and Protective Solutions","publisher":{"@id":"https:\/\/www.itape.com\/#organization"},"potentialAction":[{"@type":"SearchAction","target":{"@type":"EntryPoint","urlTemplate":"https:\/\/www.itape.com\/?s={search_term_string}"},"query-input":{"@type":"PropertyValueSpecification","valueRequired":true,"valueName":"search_term_string"}}],"inLanguage":"de-DE"},{"@type":"Organization","@id":"https:\/\/www.itape.com\/#organization","name":"IPG","url":"https:\/\/www.itape.com\/","logo":{"@type":"ImageObject","inLanguage":"de-DE","@id":"https:\/\/www.itape.com\/#\/schema\/logo\/image\/","url":"https:\/\/www.itape.com\/wp-content\/uploads\/2024\/06\/IPG-logo-2.png","contentUrl":"https:\/\/www.itape.com\/wp-content\/uploads\/2024\/06\/IPG-logo-2.png","width":60,"height":60,"caption":"IPG"},"image":{"@id":"https:\/\/www.itape.com\/#\/schema\/logo\/image\/"},"sameAs":["https:\/\/www.facebook.com\/intertape","https:\/\/x.com\/IPGtape","https:\/\/www.linkedin.com\/company\/intertape-polymer-group","https:\/\/www.instagram.com\/ipgtape","https:\/\/www.youtube.com\/user\/IPGtape"]}]}},"parsely":{"version":"1.1.0","canonical_url":"https:\/\/itape.com\/de\/testubersetzung-fur-den-lionbridge-dienst\/","smart_links":{"inbound":0,"outbound":0},"traffic_boost_suggestions_count":0,"meta":{"@context":"https:\/\/schema.org","@type":"WebPage","headline":"Test\u00fcbersetzung f\u00fcr den Lionbridge-Dienst","url":"https:\/\/www.itape.com\/de\/testubersetzung-fur-den-lionbridge-dienst\/","mainEntityOfPage":{"@type":"WebPage","@id":"https:\/\/www.itape.com\/de\/testubersetzung-fur-den-lionbridge-dienst\/"},"thumbnailUrl":"","image":{"@type":"ImageObject","url":""},"articleSection":"Unkategorisiert","author":[{"@type":"Person","name":"jackie"}],"creator":["jackie"],"publisher":{"@type":"Organization","name":"IPG","logo":"https:\/\/www.itape.com\/wp-content\/uploads\/2023\/03\/IPG-logo-2.png"},"keywords":[],"dateCreated":"2023-02-03T20:50:34Z","datePublished":"2023-02-03T20:50:34Z","dateModified":"2023-02-06T18:58:30Z"},"rendered":"<meta name=\"parsely-title\" content=\"Test\u00fcbersetzung f\u00fcr den Lionbridge-Dienst\" \/>\n<meta name=\"parsely-link\" content=\"https:\/\/www.itape.com\/de\/testubersetzung-fur-den-lionbridge-dienst\/\" \/>\n<meta name=\"parsely-type\" content=\"index\" \/>\n<meta name=\"parsely-pub-date\" content=\"2023-02-03T20:50:34Z\" \/>\n<meta name=\"parsely-section\" content=\"Unkategorisiert\" \/>\n<meta name=\"parsely-author\" content=\"jackie\" \/>","tracker_url":"https:\/\/cdn.parsely.com\/keys\/itape.com\/p.js"},"jetpack_sharing_enabled":true,"_links":{"self":[{"href":"https:\/\/www.itape.com\/de\/wp-json\/wp\/v2\/pages\/49734","targetHints":{"allow":["GET"]}}],"collection":[{"href":"https:\/\/www.itape.com\/de\/wp-json\/wp\/v2\/pages"}],"about":[{"href":"https:\/\/www.itape.com\/de\/wp-json\/wp\/v2\/types\/page"}],"author":[{"embeddable":true,"href":"https:\/\/www.itape.com\/de\/wp-json\/wp\/v2\/users\/11"}],"replies":[{"embeddable":true,"href":"https:\/\/www.itape.com\/de\/wp-json\/wp\/v2\/comments?post=49734"}],"version-history":[{"count":1,"href":"https:\/\/www.itape.com\/de\/wp-json\/wp\/v2\/pages\/49734\/revisions"}],"predecessor-version":[{"id":49735,"href":"https:\/\/www.itape.com\/de\/wp-json\/wp\/v2\/pages\/49734\/revisions\/49735"}],"wp:attachment":[{"href":"https:\/\/www.itape.com\/de\/wp-json\/wp\/v2\/media?parent=49734"}],"curies":[{"name":"wp","href":"https:\/\/api.w.org\/{rel}","templated":true}]}}