{"id":48592,"date":"2023-01-12T14:30:06","date_gmt":"2023-01-12T14:30:06","guid":{"rendered":"https:\/\/www.itape.com\/product\/rsa-20-b-de\/"},"modified":"2023-10-30T17:51:41","modified_gmt":"2023-10-30T17:51:41","slug":"rsa-20-b","status":"publish","type":"product","link":"https:\/\/www.itape.com\/de\/product\/rsa-20-b\/","title":{"rendered":"RSA 20-B"},"content":{"rendered":"<div class=\"prose\">Random semi-automatic water activated tape case sealing<\/div>\n","protected":false},"excerpt":{"rendered":"<p>Bodenkartonverschlussmaschine mit Zufalls-Halbautomatik f\u00fcr Kartons unterschiedlicher Gr\u00f6\u00dfen mit einem seitlichen Antriebsriemen, ideal geeignet zur Verarbeitung enger Kartons. Die robuste Konstruktion kann Kartons mit bis zu 38,3\u00a0kg verarbeiten. Erfassungs\u00f6ffnung zur richtigen Positionierung des Kartons f\u00fcr die Verarbeitung. Einzigartige \u201eS\u00e4ubern\u201c-Taste zum Entleeren der Staus und Austausch der unteren Bandrolle. 1\/3-PS-Motor f\u00fcr Betrieb rund um die Uhr.<\/p>\n<p>&nbsp;<\/p>\n","protected":false},"featured_media":55701,"comment_status":"closed","ping_status":"closed","template":"","meta":{"_acf_changed":false},"product_brand":[],"product_cat":[7767,7667,7040,7655],"product_tag":[8096],"associated_application":[6882,6886,6885],"class_list":{"0":"post-48592","1":"product","2":"type-product","3":"status-publish","4":"has-post-thumbnail","6":"product_cat-automated-equipment-de-2","7":"product_cat-automated-packaging-de","8":"product_cat-carton-sealing-machines-de","9":"product_cat-automated-equipment-case-sealers-random-semi-automatic-de","10":"product_tag-random-semi-automatic-de-2","11":"associated_application-e-commerce-de","12":"associated_application-fertigung-de","13":"associated_application-lebensmittelverarbeitung-de","15":"first","16":"instock","17":"product-type-simple"},"acf":[],"yoast_head":"<!-- This site is optimized with the Yoast SEO Premium plugin v24.1 (Yoast SEO v27.0) - https:\/\/yoast.com\/product\/yoast-seo-premium-wordpress\/ -->\n<title>RSA 20-B - IPG<\/title>\n<meta name=\"robots\" content=\"index, follow, max-snippet:-1, max-image-preview:large, max-video-preview:-1\" \/>\n<link rel=\"canonical\" href=\"https:\/\/www.itape.com\/de\/product\/rsa-20-b\/\" \/>\n<meta property=\"og:locale\" content=\"de_DE\" \/>\n<meta property=\"og:type\" content=\"article\" \/>\n<meta property=\"og:title\" content=\"RSA 20-B\" \/>\n<meta property=\"og:description\" content=\"Bodenkartonverschlussmaschine mit Zufalls-Halbautomatik f\u00fcr Kartons unterschiedlicher Gr\u00f6\u00dfen mit einem seitlichen Antriebsriemen, ideal geeignet zur Verarbeitung enger Kartons. Die robuste Konstruktion kann Kartons mit bis zu 38,3\u00a0kg verarbeiten. Erfassungs\u00f6ffnung zur richtigen Positionierung des Kartons f\u00fcr die Verarbeitung. Einzigartige \u201eS\u00e4ubern\u201c-Taste zum Entleeren der Staus und Austausch der unteren Bandrolle. 1\/3-PS-Motor f\u00fcr Betrieb rund um die Uhr.  &nbsp;\" \/>\n<meta property=\"og:url\" content=\"https:\/\/www.itape.com\/de\/product\/rsa-20-b\/\" \/>\n<meta property=\"og:site_name\" content=\"IPG\" \/>\n<meta property=\"article:publisher\" content=\"https:\/\/www.facebook.com\/intertape\" \/>\n<meta property=\"article:modified_time\" content=\"2023-10-30T17:51:41+00:00\" \/>\n<meta property=\"og:image\" content=\"https:\/\/www.itape.com\/wp-content\/uploads\/2023\/01\/USA-20-B_High-1.jpg\" \/>\n\t<meta property=\"og:image:width\" content=\"2400\" \/>\n\t<meta property=\"og:image:height\" content=\"2400\" \/>\n\t<meta property=\"og:image:type\" content=\"image\/jpeg\" \/>\n<meta name=\"twitter:card\" content=\"summary_large_image\" \/>\n<meta name=\"twitter:site\" content=\"@IPGtape\" \/>\n<meta name=\"twitter:label1\" content=\"Price\" \/>\n\t<meta name=\"twitter:data1\" content=\"\" \/>\n\t<meta name=\"twitter:label2\" content=\"Availability\" \/>\n\t<meta name=\"twitter:data2\" content=\"In stock\" \/>\n<script type=\"application\/ld+json\" class=\"yoast-schema-graph\">{\"@context\":\"https:\/\/schema.org\",\"@graph\":[{\"@type\":\"WebPage\",\"@id\":\"https:\/\/www.itape.com\/de\/product\/rsa-20-b\/\",\"url\":\"https:\/\/www.itape.com\/de\/product\/rsa-20-b\/\",\"name\":\"RSA 20-B - IPG\",\"isPartOf\":{\"@id\":\"https:\/\/www.itape.com\/#website\"},\"primaryImageOfPage\":{\"@id\":\"https:\/\/www.itape.com\/de\/product\/rsa-20-b\/#primaryimage\"},\"image\":{\"@id\":\"https:\/\/www.itape.com\/de\/product\/rsa-20-b\/#primaryimage\"},\"thumbnailUrl\":\"https:\/\/www.itape.com\/wp-content\/uploads\/2023\/01\/USA-20-B_High-1.jpg\",\"datePublished\":\"2023-01-12T14:30:06+00:00\",\"dateModified\":\"2023-10-30T17:51:41+00:00\",\"breadcrumb\":{\"@id\":\"https:\/\/www.itape.com\/de\/product\/rsa-20-b\/#breadcrumb\"},\"inLanguage\":\"de-DE\",\"potentialAction\":[{\"@type\":\"ReadAction\",\"target\":[\"https:\/\/www.itape.com\/de\/product\/rsa-20-b\/\"]}]},{\"@type\":\"ImageObject\",\"inLanguage\":\"de-DE\",\"@id\":\"https:\/\/www.itape.com\/de\/product\/rsa-20-b\/#primaryimage\",\"url\":\"https:\/\/www.itape.com\/wp-content\/uploads\/2023\/01\/USA-20-B_High-1.jpg\",\"contentUrl\":\"https:\/\/www.itape.com\/wp-content\/uploads\/2023\/01\/USA-20-B_High-1.jpg\",\"width\":2400,\"height\":2400,\"caption\":\"RSA 20-B_PressSensCartonSealingMachine\"},{\"@type\":\"BreadcrumbList\",\"@id\":\"https:\/\/www.itape.com\/de\/product\/rsa-20-b\/#breadcrumb\",\"itemListElement\":[{\"@type\":\"ListItem\",\"position\":1,\"name\":\"Home\",\"item\":\"https:\/\/www.itape.com\/de\/\"},{\"@type\":\"ListItem\",\"position\":2,\"name\":\"Products\",\"item\":\"https:\/\/www.itape.com\/products\/\"},{\"@type\":\"ListItem\",\"position\":3,\"name\":\"RSA 20-B\"}]},{\"@type\":\"WebSite\",\"@id\":\"https:\/\/www.itape.com\/#website\",\"url\":\"https:\/\/www.itape.com\/\",\"name\":\"IPG\",\"description\":\"Global Leader in Packaging and Protective Solutions\",\"publisher\":{\"@id\":\"https:\/\/www.itape.com\/#organization\"},\"potentialAction\":[{\"@type\":\"SearchAction\",\"target\":{\"@type\":\"EntryPoint\",\"urlTemplate\":\"https:\/\/www.itape.com\/?s={search_term_string}\"},\"query-input\":{\"@type\":\"PropertyValueSpecification\",\"valueRequired\":true,\"valueName\":\"search_term_string\"}}],\"inLanguage\":\"de-DE\"},{\"@type\":\"Organization\",\"@id\":\"https:\/\/www.itape.com\/#organization\",\"name\":\"IPG\",\"url\":\"https:\/\/www.itape.com\/\",\"logo\":{\"@type\":\"ImageObject\",\"inLanguage\":\"de-DE\",\"@id\":\"https:\/\/www.itape.com\/#\/schema\/logo\/image\/\",\"url\":\"https:\/\/www.itape.com\/wp-content\/uploads\/2024\/06\/IPG-logo-2.png\",\"contentUrl\":\"https:\/\/www.itape.com\/wp-content\/uploads\/2024\/06\/IPG-logo-2.png\",\"width\":60,\"height\":60,\"caption\":\"IPG\"},\"image\":{\"@id\":\"https:\/\/www.itape.com\/#\/schema\/logo\/image\/\"},\"sameAs\":[\"https:\/\/www.facebook.com\/intertape\",\"https:\/\/x.com\/IPGtape\",\"https:\/\/www.linkedin.com\/company\/intertape-polymer-group\",\"https:\/\/www.instagram.com\/ipgtape\",\"https:\/\/www.youtube.com\/user\/IPGtape\"]}]}<\/script>\n<meta property=\"product:price:currency\" content=\"USD\" \/>\n<meta property=\"og:availability\" content=\"instock\" \/>\n<meta property=\"product:availability\" content=\"instock\" \/>\n<meta property=\"product:retailer_item_id\" content=\"8d9c2513febc\" \/>\n<meta property=\"product:condition\" content=\"new\" \/>\n<!-- \/ Yoast SEO Premium plugin. -->","yoast_head_json":{"title":"RSA 20-B - IPG","robots":{"index":"index","follow":"follow","max-snippet":"max-snippet:-1","max-image-preview":"max-image-preview:large","max-video-preview":"max-video-preview:-1"},"canonical":"https:\/\/www.itape.com\/de\/product\/rsa-20-b\/","og_locale":"de_DE","og_type":"article","og_title":"RSA 20-B","og_description":"Bodenkartonverschlussmaschine mit Zufalls-Halbautomatik f\u00fcr Kartons unterschiedlicher Gr\u00f6\u00dfen mit einem seitlichen Antriebsriemen, ideal geeignet zur Verarbeitung enger Kartons. Die robuste Konstruktion kann Kartons mit bis zu 38,3\u00a0kg verarbeiten. Erfassungs\u00f6ffnung zur richtigen Positionierung des Kartons f\u00fcr die Verarbeitung. Einzigartige \u201eS\u00e4ubern\u201c-Taste zum Entleeren der Staus und Austausch der unteren Bandrolle. 1\/3-PS-Motor f\u00fcr Betrieb rund um die Uhr.  &nbsp;","og_url":"https:\/\/www.itape.com\/de\/product\/rsa-20-b\/","og_site_name":"IPG","article_publisher":"https:\/\/www.facebook.com\/intertape","article_modified_time":"2023-10-30T17:51:41+00:00","og_image":[{"width":2400,"height":2400,"url":"https:\/\/www.itape.com\/wp-content\/uploads\/2023\/01\/USA-20-B_High-1.jpg","type":"image\/jpeg"}],"twitter_card":"summary_large_image","twitter_site":"@IPGtape","twitter_misc":{"Price":"","Availability":"In stock"},"schema":{"@context":"https:\/\/schema.org","@graph":[{"@type":"WebPage","@id":"https:\/\/www.itape.com\/de\/product\/rsa-20-b\/","url":"https:\/\/www.itape.com\/de\/product\/rsa-20-b\/","name":"RSA 20-B - IPG","isPartOf":{"@id":"https:\/\/www.itape.com\/#website"},"primaryImageOfPage":{"@id":"https:\/\/www.itape.com\/de\/product\/rsa-20-b\/#primaryimage"},"image":{"@id":"https:\/\/www.itape.com\/de\/product\/rsa-20-b\/#primaryimage"},"thumbnailUrl":"https:\/\/www.itape.com\/wp-content\/uploads\/2023\/01\/USA-20-B_High-1.jpg","datePublished":"2023-01-12T14:30:06+00:00","dateModified":"2023-10-30T17:51:41+00:00","breadcrumb":{"@id":"https:\/\/www.itape.com\/de\/product\/rsa-20-b\/#breadcrumb"},"inLanguage":"de-DE","potentialAction":[{"@type":"ReadAction","target":["https:\/\/www.itape.com\/de\/product\/rsa-20-b\/"]}]},{"@type":"ImageObject","inLanguage":"de-DE","@id":"https:\/\/www.itape.com\/de\/product\/rsa-20-b\/#primaryimage","url":"https:\/\/www.itape.com\/wp-content\/uploads\/2023\/01\/USA-20-B_High-1.jpg","contentUrl":"https:\/\/www.itape.com\/wp-content\/uploads\/2023\/01\/USA-20-B_High-1.jpg","width":2400,"height":2400,"caption":"RSA 20-B_PressSensCartonSealingMachine"},{"@type":"BreadcrumbList","@id":"https:\/\/www.itape.com\/de\/product\/rsa-20-b\/#breadcrumb","itemListElement":[{"@type":"ListItem","position":1,"name":"Home","item":"https:\/\/www.itape.com\/de\/"},{"@type":"ListItem","position":2,"name":"Products","item":"https:\/\/www.itape.com\/products\/"},{"@type":"ListItem","position":3,"name":"RSA 20-B"}]},{"@type":"WebSite","@id":"https:\/\/www.itape.com\/#website","url":"https:\/\/www.itape.com\/","name":"IPG","description":"Global Leader in Packaging and Protective Solutions","publisher":{"@id":"https:\/\/www.itape.com\/#organization"},"potentialAction":[{"@type":"SearchAction","target":{"@type":"EntryPoint","urlTemplate":"https:\/\/www.itape.com\/?s={search_term_string}"},"query-input":{"@type":"PropertyValueSpecification","valueRequired":true,"valueName":"search_term_string"}}],"inLanguage":"de-DE"},{"@type":"Organization","@id":"https:\/\/www.itape.com\/#organization","name":"IPG","url":"https:\/\/www.itape.com\/","logo":{"@type":"ImageObject","inLanguage":"de-DE","@id":"https:\/\/www.itape.com\/#\/schema\/logo\/image\/","url":"https:\/\/www.itape.com\/wp-content\/uploads\/2024\/06\/IPG-logo-2.png","contentUrl":"https:\/\/www.itape.com\/wp-content\/uploads\/2024\/06\/IPG-logo-2.png","width":60,"height":60,"caption":"IPG"},"image":{"@id":"https:\/\/www.itape.com\/#\/schema\/logo\/image\/"},"sameAs":["https:\/\/www.facebook.com\/intertape","https:\/\/x.com\/IPGtape","https:\/\/www.linkedin.com\/company\/intertape-polymer-group","https:\/\/www.instagram.com\/ipgtape","https:\/\/www.youtube.com\/user\/IPGtape"]}]},"product_price_currency":"USD","og_availability":"instock","product_availability":"instock","product_retailer_item_id":"8d9c2513febc","product_condition":"new"},"parsely":{"version":"1.1.0","canonical_url":"https:\/\/itape.com\/de\/product\/rsa-20-b\/","smart_links":{"inbound":0,"outbound":0},"traffic_boost_suggestions_count":0,"meta":{"@context":"https:\/\/schema.org","@type":"WebPage","headline":"RSA 20-B","url":"https:\/\/www.itape.com\/de\/product\/rsa-20-b\/","mainEntityOfPage":{"@type":"WebPage","@id":"https:\/\/www.itape.com\/de\/product\/rsa-20-b\/"},"thumbnailUrl":"https:\/\/www.itape.com\/wp-content\/uploads\/2023\/01\/USA-20-B_High-1.jpg?w=150&h=150&crop=1","image":{"@type":"ImageObject","url":"https:\/\/www.itape.com\/wp-content\/uploads\/2023\/01\/USA-20-B_High-1.jpg"},"articleSection":"Unkategorisiert","author":[{"@type":"Person","name":"IPG"}],"creator":["IPG"],"publisher":{"@type":"Organization","name":"IPG","logo":"https:\/\/www.itape.com\/wp-content\/uploads\/2023\/03\/IPG-logo-2.png"},"keywords":[],"dateCreated":"2023-01-12T14:30:06Z","datePublished":"2023-01-12T14:30:06Z","dateModified":"2023-10-30T17:51:41Z"},"rendered":"<meta name=\"parsely-title\" content=\"RSA 20-B\" \/>\n<meta name=\"parsely-link\" content=\"https:\/\/www.itape.com\/de\/product\/rsa-20-b\/\" \/>\n<meta name=\"parsely-type\" content=\"index\" \/>\n<meta name=\"parsely-image-url\" content=\"https:\/\/www.itape.com\/wp-content\/uploads\/2023\/01\/USA-20-B_High-1.jpg?w=150&amp;h=150&amp;crop=1\" \/>\n<meta name=\"parsely-pub-date\" content=\"2023-01-12T14:30:06Z\" \/>\n<meta name=\"parsely-section\" content=\"Unkategorisiert\" \/>\n<meta name=\"parsely-author\" content=\"IPG\" \/>","tracker_url":"https:\/\/cdn.parsely.com\/keys\/itape.com\/p.js"},"jetpack_sharing_enabled":true,"_links":{"self":[{"href":"https:\/\/www.itape.com\/de\/wp-json\/wp\/v2\/product\/48592","targetHints":{"allow":["GET"]}}],"collection":[{"href":"https:\/\/www.itape.com\/de\/wp-json\/wp\/v2\/product"}],"about":[{"href":"https:\/\/www.itape.com\/de\/wp-json\/wp\/v2\/types\/product"}],"replies":[{"embeddable":true,"href":"https:\/\/www.itape.com\/de\/wp-json\/wp\/v2\/comments?post=48592"}],"wp:featuredmedia":[{"embeddable":true,"href":"https:\/\/www.itape.com\/de\/wp-json\/wp\/v2\/media\/55701"}],"wp:attachment":[{"href":"https:\/\/www.itape.com\/de\/wp-json\/wp\/v2\/media?parent=48592"}],"wp:term":[{"taxonomy":"product_brand","embeddable":true,"href":"https:\/\/www.itape.com\/de\/wp-json\/wp\/v2\/product_brand?post=48592"},{"taxonomy":"product_cat","embeddable":true,"href":"https:\/\/www.itape.com\/de\/wp-json\/wp\/v2\/product_cat?post=48592"},{"taxonomy":"product_tag","embeddable":true,"href":"https:\/\/www.itape.com\/de\/wp-json\/wp\/v2\/product_tag?post=48592"},{"taxonomy":"associated_application","embeddable":true,"href":"https:\/\/www.itape.com\/de\/wp-json\/wp\/v2\/associated_application?post=48592"}],"curies":[{"name":"wp","href":"https:\/\/api.w.org\/{rel}","templated":true}]}}