{"id":48638,"date":"2023-01-12T14:30:36","date_gmt":"2023-01-12T14:30:36","guid":{"rendered":"https:\/\/www.itape.com\/product\/9100-de\/"},"modified":"2023-04-10T14:17:30","modified_gmt":"2023-04-10T14:17:30","slug":"9100-de","status":"publish","type":"product","link":"https:\/\/www.itape.com\/de\/product\/9100-de\/","title":{"rendered":"9100"},"content":{"rendered":"","protected":false},"excerpt":{"rendered":"<p>63,5 \u03bcm Premium-Schmelz-KVB \u2013 Hergestellt speziell mit druckempfindlichem Corru-Grip\u2122 Schmelzklebstoff f\u00fcr optimale Deckung von Recycling-Wellpappkartons und in Anwendungsumgebungen bis zu 2\u00a0\u00b0C. Hervorragende Verarbeitungsleistung \u2013 unabh\u00e4ngig von manueller oder automatischer Anwendung. Hervorragende Haftungseigenschaften, Haltekraft, Rei\u00dffestigkeit und das einfache Abrollen sorgen f\u00fcr gleichm\u00e4\u00dfige, zuverl\u00e4ssige Verschl\u00fcsse f\u00fcr verschiedene Wellpapp- und Linerboard-Kartons einschlie\u00dflich Recycling-Wellpappe. F\u00fcr schwere oder volumin\u00f6se Pakete.<\/p>\n","protected":false},"featured_media":53763,"comment_status":"closed","ping_status":"closed","template":"","meta":{"_acf_changed":false},"product_brand":[],"product_cat":[8266,7775,7791,7769],"product_tag":[8263,7079],"associated_application":[6916,6908,6975,6898,7037,7025,6880,6946,6981,6972,6882,6948,6979,6988,6886,6885,6878,6938,6879,6977,7025,6885,6877,6891,7025,6893,6888,7937],"class_list":{"0":"post-48638","1":"product","2":"type-product","3":"status-publish","4":"has-post-thumbnail","6":"product_cat-cradle-to-cradle-products-de","7":"product_cat-sustainable-packaging-de","8":"product_cat-carton-sealing-products-verpackungsklebeband-hotmelt-de","9":"product_cat-carton-sealing-products-de","10":"product_tag-cradle-to-cradle-certified-de","11":"product_tag-premium-de","12":"associated_application-allgemeineverpackung-de-3","13":"associated_application-allgemeineverpackung-de-2","14":"associated_application-allgemeineverpackung-de-lebensmittelverarbeitung-de","15":"associated_application-allgemeineverpackung-de","16":"associated_application-allgemeineverpackung-de-4","17":"associated_application-lagerung-de","18":"associated_application-bauwesen-de","19":"associated_application-bedruckbares-klebeband-de","20":"associated_application-branding-de-2","21":"associated_application-branding-de","22":"associated_application-e-commerce-de","23":"associated_application-erstoeffnungsgarantie-de","24":"associated_application-erstoeffnungsgarantie-de-lebensmittelverarbeitung-de","25":"associated_application-erstoeffnungsgarantie-de-2","26":"associated_application-fertigung-de","27":"associated_application-lebensmittelverarbeitung-de","28":"associated_application-haushaltsgeraete-de","29":"associated_application-kartonverschluss-automatisierung-de","30":"associated_application-kfz-gewerbe-de","31":"associated_application-refrigerated-transportstorage-de","34":"associated_application-luft-und-raumfahrt-de","35":"associated_application-sanierung-instandsetzung-de","37":"associated_application-transportwesen-de","38":"associated_application-umzug-und-lagerung-de","39":"associated_application-verpackungsklebebander-de","41":"first","42":"instock","43":"product-type-simple"},"acf":[],"yoast_head":"<!-- This site is optimized with the Yoast SEO Premium plugin v24.1 (Yoast SEO v27.0) - https:\/\/yoast.com\/product\/yoast-seo-premium-wordpress\/ -->\n<title>9100 - IPG<\/title>\n<meta name=\"robots\" content=\"index, follow, max-snippet:-1, max-image-preview:large, max-video-preview:-1\" \/>\n<link rel=\"canonical\" href=\"https:\/\/www.itape.com\/product\/9100\/\" \/>\n<meta property=\"og:locale\" content=\"de_DE\" \/>\n<meta property=\"og:type\" content=\"article\" \/>\n<meta property=\"og:title\" content=\"9100\" \/>\n<meta property=\"og:description\" content=\"63,5 \u03bcm Premium-Schmelz-KVB \u2013 Hergestellt speziell mit druckempfindlichem Corru-Grip\u2122 Schmelzklebstoff f\u00fcr optimale Deckung von Recycling-Wellpappkartons und in Anwendungsumgebungen bis zu 2\u00a0\u00b0C. Hervorragende Verarbeitungsleistung \u2013 unabh\u00e4ngig von manueller oder automatischer Anwendung. Hervorragende Haftungseigenschaften, Haltekraft, Rei\u00dffestigkeit und das einfache Abrollen sorgen f\u00fcr gleichm\u00e4\u00dfige, zuverl\u00e4ssige Verschl\u00fcsse f\u00fcr verschiedene Wellpapp- und Linerboard-Kartons einschlie\u00dflich Recycling-Wellpappe. F\u00fcr schwere oder volumin\u00f6se Pakete.\" \/>\n<meta property=\"og:url\" content=\"https:\/\/www.itape.com\/product\/9100\/\" \/>\n<meta property=\"og:site_name\" content=\"IPG\" \/>\n<meta property=\"article:publisher\" content=\"https:\/\/www.facebook.com\/intertape\" \/>\n<meta property=\"article:modified_time\" content=\"2023-04-10T14:17:30+00:00\" \/>\n<meta property=\"og:image\" content=\"https:\/\/www.itape.com\/wp-content\/uploads\/2023\/10\/9100-Shadow-48x100-1500.jpg\" \/>\n\t<meta property=\"og:image:width\" content=\"2754\" \/>\n\t<meta property=\"og:image:height\" content=\"2754\" \/>\n\t<meta property=\"og:image:type\" content=\"image\/jpeg\" \/>\n<meta name=\"twitter:card\" content=\"summary_large_image\" \/>\n<meta name=\"twitter:site\" content=\"@IPGtape\" \/>\n<meta name=\"twitter:label1\" content=\"Price\" \/>\n\t<meta name=\"twitter:data1\" content=\"\" \/>\n\t<meta name=\"twitter:label2\" content=\"Availability\" \/>\n\t<meta name=\"twitter:data2\" content=\"In stock\" \/>\n<script type=\"application\/ld+json\" class=\"yoast-schema-graph\">{\"@context\":\"https:\/\/schema.org\",\"@graph\":[{\"@type\":\"WebPage\",\"@id\":\"https:\/\/www.itape.com\/product\/9100\/\",\"url\":\"https:\/\/www.itape.com\/product\/9100\/\",\"name\":\"9100 - IPG\",\"isPartOf\":{\"@id\":\"https:\/\/www.itape.com\/#website\"},\"primaryImageOfPage\":{\"@id\":\"https:\/\/www.itape.com\/product\/9100\/#primaryimage\"},\"image\":{\"@id\":\"https:\/\/www.itape.com\/product\/9100\/#primaryimage\"},\"thumbnailUrl\":\"https:\/\/www.itape.com\/wp-content\/uploads\/2023\/10\/9100-Shadow-48x100-1500.jpg\",\"datePublished\":\"2023-01-12T14:30:36+00:00\",\"dateModified\":\"2023-04-10T14:17:30+00:00\",\"breadcrumb\":{\"@id\":\"https:\/\/www.itape.com\/product\/9100\/#breadcrumb\"},\"inLanguage\":\"de-DE\",\"potentialAction\":[{\"@type\":\"ReadAction\",\"target\":[\"https:\/\/www.itape.com\/product\/9100\/\"]}]},{\"@type\":\"ImageObject\",\"inLanguage\":\"de-DE\",\"@id\":\"https:\/\/www.itape.com\/product\/9100\/#primaryimage\",\"url\":\"https:\/\/www.itape.com\/wp-content\/uploads\/2023\/10\/9100-Shadow-48x100-1500.jpg\",\"contentUrl\":\"https:\/\/www.itape.com\/wp-content\/uploads\/2023\/10\/9100-Shadow-48x100-1500.jpg\",\"width\":2754,\"height\":2754,\"caption\":\"9100_CartonSealingTape\"},{\"@type\":\"BreadcrumbList\",\"@id\":\"https:\/\/www.itape.com\/product\/9100\/#breadcrumb\",\"itemListElement\":[{\"@type\":\"ListItem\",\"position\":1,\"name\":\"Home\",\"item\":\"https:\/\/www.itape.com\/de\/\"},{\"@type\":\"ListItem\",\"position\":2,\"name\":\"Products\",\"item\":\"https:\/\/www.itape.com\/products\/\"},{\"@type\":\"ListItem\",\"position\":3,\"name\":\"9100\"}]},{\"@type\":\"WebSite\",\"@id\":\"https:\/\/www.itape.com\/#website\",\"url\":\"https:\/\/www.itape.com\/\",\"name\":\"IPG\",\"description\":\"Global Leader in Packaging and Protective Solutions\",\"publisher\":{\"@id\":\"https:\/\/www.itape.com\/#organization\"},\"potentialAction\":[{\"@type\":\"SearchAction\",\"target\":{\"@type\":\"EntryPoint\",\"urlTemplate\":\"https:\/\/www.itape.com\/?s={search_term_string}\"},\"query-input\":{\"@type\":\"PropertyValueSpecification\",\"valueRequired\":true,\"valueName\":\"search_term_string\"}}],\"inLanguage\":\"de-DE\"},{\"@type\":\"Organization\",\"@id\":\"https:\/\/www.itape.com\/#organization\",\"name\":\"IPG\",\"url\":\"https:\/\/www.itape.com\/\",\"logo\":{\"@type\":\"ImageObject\",\"inLanguage\":\"de-DE\",\"@id\":\"https:\/\/www.itape.com\/#\/schema\/logo\/image\/\",\"url\":\"https:\/\/www.itape.com\/wp-content\/uploads\/2024\/06\/IPG-logo-2.png\",\"contentUrl\":\"https:\/\/www.itape.com\/wp-content\/uploads\/2024\/06\/IPG-logo-2.png\",\"width\":60,\"height\":60,\"caption\":\"IPG\"},\"image\":{\"@id\":\"https:\/\/www.itape.com\/#\/schema\/logo\/image\/\"},\"sameAs\":[\"https:\/\/www.facebook.com\/intertape\",\"https:\/\/x.com\/IPGtape\",\"https:\/\/www.linkedin.com\/company\/intertape-polymer-group\",\"https:\/\/www.instagram.com\/ipgtape\",\"https:\/\/www.youtube.com\/user\/IPGtape\"]}]}<\/script>\n<meta property=\"product:price:currency\" content=\"USD\" \/>\n<meta property=\"og:availability\" content=\"instock\" \/>\n<meta property=\"product:availability\" content=\"instock\" \/>\n<meta property=\"product:retailer_item_id\" content=\"6b49eed7cb9a\" \/>\n<meta property=\"product:condition\" content=\"new\" \/>\n<!-- \/ Yoast SEO Premium plugin. -->","yoast_head_json":{"title":"9100 - IPG","robots":{"index":"index","follow":"follow","max-snippet":"max-snippet:-1","max-image-preview":"max-image-preview:large","max-video-preview":"max-video-preview:-1"},"canonical":"https:\/\/www.itape.com\/product\/9100\/","og_locale":"de_DE","og_type":"article","og_title":"9100","og_description":"63,5 \u03bcm Premium-Schmelz-KVB \u2013 Hergestellt speziell mit druckempfindlichem Corru-Grip\u2122 Schmelzklebstoff f\u00fcr optimale Deckung von Recycling-Wellpappkartons und in Anwendungsumgebungen bis zu 2\u00a0\u00b0C. Hervorragende Verarbeitungsleistung \u2013 unabh\u00e4ngig von manueller oder automatischer Anwendung. Hervorragende Haftungseigenschaften, Haltekraft, Rei\u00dffestigkeit und das einfache Abrollen sorgen f\u00fcr gleichm\u00e4\u00dfige, zuverl\u00e4ssige Verschl\u00fcsse f\u00fcr verschiedene Wellpapp- und Linerboard-Kartons einschlie\u00dflich Recycling-Wellpappe. F\u00fcr schwere oder volumin\u00f6se Pakete.","og_url":"https:\/\/www.itape.com\/product\/9100\/","og_site_name":"IPG","article_publisher":"https:\/\/www.facebook.com\/intertape","article_modified_time":"2023-04-10T14:17:30+00:00","og_image":[{"width":2754,"height":2754,"url":"https:\/\/www.itape.com\/wp-content\/uploads\/2023\/10\/9100-Shadow-48x100-1500.jpg","type":"image\/jpeg"}],"twitter_card":"summary_large_image","twitter_site":"@IPGtape","twitter_misc":{"Price":"","Availability":"In stock"},"schema":{"@context":"https:\/\/schema.org","@graph":[{"@type":"WebPage","@id":"https:\/\/www.itape.com\/product\/9100\/","url":"https:\/\/www.itape.com\/product\/9100\/","name":"9100 - IPG","isPartOf":{"@id":"https:\/\/www.itape.com\/#website"},"primaryImageOfPage":{"@id":"https:\/\/www.itape.com\/product\/9100\/#primaryimage"},"image":{"@id":"https:\/\/www.itape.com\/product\/9100\/#primaryimage"},"thumbnailUrl":"https:\/\/www.itape.com\/wp-content\/uploads\/2023\/10\/9100-Shadow-48x100-1500.jpg","datePublished":"2023-01-12T14:30:36+00:00","dateModified":"2023-04-10T14:17:30+00:00","breadcrumb":{"@id":"https:\/\/www.itape.com\/product\/9100\/#breadcrumb"},"inLanguage":"de-DE","potentialAction":[{"@type":"ReadAction","target":["https:\/\/www.itape.com\/product\/9100\/"]}]},{"@type":"ImageObject","inLanguage":"de-DE","@id":"https:\/\/www.itape.com\/product\/9100\/#primaryimage","url":"https:\/\/www.itape.com\/wp-content\/uploads\/2023\/10\/9100-Shadow-48x100-1500.jpg","contentUrl":"https:\/\/www.itape.com\/wp-content\/uploads\/2023\/10\/9100-Shadow-48x100-1500.jpg","width":2754,"height":2754,"caption":"9100_CartonSealingTape"},{"@type":"BreadcrumbList","@id":"https:\/\/www.itape.com\/product\/9100\/#breadcrumb","itemListElement":[{"@type":"ListItem","position":1,"name":"Home","item":"https:\/\/www.itape.com\/de\/"},{"@type":"ListItem","position":2,"name":"Products","item":"https:\/\/www.itape.com\/products\/"},{"@type":"ListItem","position":3,"name":"9100"}]},{"@type":"WebSite","@id":"https:\/\/www.itape.com\/#website","url":"https:\/\/www.itape.com\/","name":"IPG","description":"Global Leader in Packaging and Protective Solutions","publisher":{"@id":"https:\/\/www.itape.com\/#organization"},"potentialAction":[{"@type":"SearchAction","target":{"@type":"EntryPoint","urlTemplate":"https:\/\/www.itape.com\/?s={search_term_string}"},"query-input":{"@type":"PropertyValueSpecification","valueRequired":true,"valueName":"search_term_string"}}],"inLanguage":"de-DE"},{"@type":"Organization","@id":"https:\/\/www.itape.com\/#organization","name":"IPG","url":"https:\/\/www.itape.com\/","logo":{"@type":"ImageObject","inLanguage":"de-DE","@id":"https:\/\/www.itape.com\/#\/schema\/logo\/image\/","url":"https:\/\/www.itape.com\/wp-content\/uploads\/2024\/06\/IPG-logo-2.png","contentUrl":"https:\/\/www.itape.com\/wp-content\/uploads\/2024\/06\/IPG-logo-2.png","width":60,"height":60,"caption":"IPG"},"image":{"@id":"https:\/\/www.itape.com\/#\/schema\/logo\/image\/"},"sameAs":["https:\/\/www.facebook.com\/intertape","https:\/\/x.com\/IPGtape","https:\/\/www.linkedin.com\/company\/intertape-polymer-group","https:\/\/www.instagram.com\/ipgtape","https:\/\/www.youtube.com\/user\/IPGtape"]}]},"product_price_currency":"USD","og_availability":"instock","product_availability":"instock","product_retailer_item_id":"6b49eed7cb9a","product_condition":"new"},"parsely":{"version":"1.1.0","canonical_url":"https:\/\/itape.com\/de\/product\/9100-de\/","smart_links":{"inbound":0,"outbound":0},"traffic_boost_suggestions_count":0,"meta":{"@context":"https:\/\/schema.org","@type":"WebPage","headline":"9100","url":"https:\/\/www.itape.com\/de\/product\/9100-de\/","mainEntityOfPage":{"@type":"WebPage","@id":"https:\/\/www.itape.com\/de\/product\/9100-de\/"},"thumbnailUrl":"https:\/\/www.itape.com\/wp-content\/uploads\/2023\/10\/9100-Shadow-48x100-1500.jpg?w=150&h=150&crop=1","image":{"@type":"ImageObject","url":"https:\/\/www.itape.com\/wp-content\/uploads\/2023\/10\/9100-Shadow-48x100-1500.jpg"},"articleSection":"Unkategorisiert","author":[{"@type":"Person","name":"IPG"}],"creator":["IPG"],"publisher":{"@type":"Organization","name":"IPG","logo":"https:\/\/www.itape.com\/wp-content\/uploads\/2023\/03\/IPG-logo-2.png"},"keywords":[],"dateCreated":"2023-01-12T14:30:36Z","datePublished":"2023-01-12T14:30:36Z","dateModified":"2023-04-10T14:17:30Z"},"rendered":"<meta name=\"parsely-title\" content=\"9100\" \/>\n<meta name=\"parsely-link\" content=\"https:\/\/www.itape.com\/de\/product\/9100-de\/\" \/>\n<meta name=\"parsely-type\" content=\"index\" \/>\n<meta name=\"parsely-image-url\" content=\"https:\/\/www.itape.com\/wp-content\/uploads\/2023\/10\/9100-Shadow-48x100-1500.jpg?w=150&amp;h=150&amp;crop=1\" \/>\n<meta name=\"parsely-pub-date\" content=\"2023-01-12T14:30:36Z\" \/>\n<meta name=\"parsely-section\" content=\"Unkategorisiert\" \/>\n<meta name=\"parsely-author\" content=\"IPG\" \/>","tracker_url":"https:\/\/cdn.parsely.com\/keys\/itape.com\/p.js"},"jetpack_sharing_enabled":true,"_links":{"self":[{"href":"https:\/\/www.itape.com\/de\/wp-json\/wp\/v2\/product\/48638","targetHints":{"allow":["GET"]}}],"collection":[{"href":"https:\/\/www.itape.com\/de\/wp-json\/wp\/v2\/product"}],"about":[{"href":"https:\/\/www.itape.com\/de\/wp-json\/wp\/v2\/types\/product"}],"replies":[{"embeddable":true,"href":"https:\/\/www.itape.com\/de\/wp-json\/wp\/v2\/comments?post=48638"}],"wp:featuredmedia":[{"embeddable":true,"href":"https:\/\/www.itape.com\/de\/wp-json\/wp\/v2\/media\/53763"}],"wp:attachment":[{"href":"https:\/\/www.itape.com\/de\/wp-json\/wp\/v2\/media?parent=48638"}],"wp:term":[{"taxonomy":"product_brand","embeddable":true,"href":"https:\/\/www.itape.com\/de\/wp-json\/wp\/v2\/product_brand?post=48638"},{"taxonomy":"product_cat","embeddable":true,"href":"https:\/\/www.itape.com\/de\/wp-json\/wp\/v2\/product_cat?post=48638"},{"taxonomy":"product_tag","embeddable":true,"href":"https:\/\/www.itape.com\/de\/wp-json\/wp\/v2\/product_tag?post=48638"},{"taxonomy":"associated_application","embeddable":true,"href":"https:\/\/www.itape.com\/de\/wp-json\/wp\/v2\/associated_application?post=48638"}],"curies":[{"name":"wp","href":"https:\/\/api.w.org\/{rel}","templated":true}]}}