{"id":48691,"date":"2023-01-12T14:31:05","date_gmt":"2023-01-12T14:31:05","guid":{"rendered":"https:\/\/www.itape.com\/product\/dcv960a-de\/"},"modified":"2023-03-01T22:04:02","modified_gmt":"2023-03-01T22:04:02","slug":"dcv960a-de","status":"publish","type":"product","link":"https:\/\/www.itape.com\/de\/product\/dcv960a-de\/","title":{"rendered":"DCV960A"},"content":{"rendered":"","protected":false},"excerpt":{"rendered":"<p>Spezial-UPVC doppelseitig beschichtetes Klebeband \u2013 Flexibles, handtragbares Vinyl (UPVC), das doppelseitig mit einem druckempfindlichen l\u00f6sungsmittelbasierten Acrylklebstoff beschichtet ist. Bietet hervorragende Haftung auf verschiedenen unregelm\u00e4\u00dfigen Oberfl\u00e4chen. Besitzt eine einfach abziehbare, behandelte Silikon-Kraftabdeckung (wei\u00df). F\u00fcr Zeichenpositionierung, als Teppichband (Fixierung \/ Positionierung), Spiegelherstellung, Extrusionen, Montage und jede andere Anwendung, die die feste Verbindung von zwei Oberfl\u00e4chen erfordert. Produkt ist nicht repulpierbar.<\/p>\n","protected":false},"featured_media":63825,"comment_status":"closed","ping_status":"closed","template":"","meta":{"_acf_changed":false},"product_brand":[],"product_cat":[7045,7801,7771],"product_tag":[7098],"associated_application":[6880,6881,6886,6878,6889,6879,6877,6890,6893,6881],"class_list":{"0":"post-48691","1":"product","2":"type-product","3":"status-publish","4":"has-post-thumbnail","6":"product_cat-double-coated-tape-de","7":"product_cat-industrial-tapes-doppelseitig-beschichtetes-klebeband-de","8":"product_cat-industrial-tapes-de","9":"product_tag-double-sided-film-tapes-de","10":"associated_application-bauwesen-de","11":"associated_application-verbraucher-de","12":"associated_application-fertigung-de","13":"associated_application-haushaltsgeraete-de","14":"associated_application-hlk-de","15":"associated_application-kfz-gewerbe-de","16":"associated_application-luft-und-raumfahrt-de","17":"associated_application-schifffahrt-und-verbundwerkstoffe-de","18":"associated_application-transportwesen-de","21":"first","22":"instock","23":"product-type-simple"},"acf":[],"yoast_head":"<!-- This site is optimized with the Yoast SEO Premium plugin v24.1 (Yoast SEO v27.0) - https:\/\/yoast.com\/product\/yoast-seo-premium-wordpress\/ -->\n<title>DCV960A - IPG<\/title>\n<meta name=\"robots\" content=\"index, follow, max-snippet:-1, max-image-preview:large, max-video-preview:-1\" \/>\n<link rel=\"canonical\" href=\"https:\/\/www.itape.com\/de\/product\/dcv960a-de\/\" \/>\n<meta property=\"og:locale\" content=\"de_DE\" \/>\n<meta property=\"og:type\" content=\"article\" \/>\n<meta property=\"og:title\" content=\"DCV960A\" \/>\n<meta property=\"og:description\" content=\"Spezial-UPVC doppelseitig beschichtetes Klebeband \u2013 Flexibles, handtragbares Vinyl (UPVC), das doppelseitig mit einem druckempfindlichen l\u00f6sungsmittelbasierten Acrylklebstoff beschichtet ist. Bietet hervorragende Haftung auf verschiedenen unregelm\u00e4\u00dfigen Oberfl\u00e4chen. Besitzt eine einfach abziehbare, behandelte Silikon-Kraftabdeckung (wei\u00df). F\u00fcr Zeichenpositionierung, als Teppichband (Fixierung \/ Positionierung), Spiegelherstellung, Extrusionen, Montage und jede andere Anwendung, die die feste Verbindung von zwei Oberfl\u00e4chen erfordert. Produkt ist nicht repulpierbar.\" \/>\n<meta property=\"og:url\" content=\"https:\/\/www.itape.com\/de\/product\/dcv960a-de\/\" \/>\n<meta property=\"og:site_name\" content=\"IPG\" \/>\n<meta property=\"article:publisher\" content=\"https:\/\/www.facebook.com\/intertape\" \/>\n<meta property=\"article:modified_time\" content=\"2023-03-01T22:04:02+00:00\" \/>\n<meta property=\"og:image\" content=\"https:\/\/www.itape.com\/wp-content\/uploads\/2023\/01\/DCV960A_high.webp\" \/>\n\t<meta property=\"og:image:width\" content=\"2400\" \/>\n\t<meta property=\"og:image:height\" content=\"2400\" \/>\n\t<meta property=\"og:image:type\" content=\"image\/webp\" \/>\n<meta name=\"twitter:card\" content=\"summary_large_image\" \/>\n<meta name=\"twitter:site\" content=\"@IPGtape\" \/>\n<meta name=\"twitter:label1\" content=\"Price\" \/>\n\t<meta name=\"twitter:data1\" content=\"\" \/>\n\t<meta name=\"twitter:label2\" content=\"Availability\" \/>\n\t<meta name=\"twitter:data2\" content=\"In stock\" \/>\n<script type=\"application\/ld+json\" class=\"yoast-schema-graph\">{\"@context\":\"https:\/\/schema.org\",\"@graph\":[{\"@type\":\"WebPage\",\"@id\":\"https:\/\/www.itape.com\/de\/product\/dcv960a-de\/\",\"url\":\"https:\/\/www.itape.com\/de\/product\/dcv960a-de\/\",\"name\":\"DCV960A - IPG\",\"isPartOf\":{\"@id\":\"https:\/\/www.itape.com\/#website\"},\"primaryImageOfPage\":{\"@id\":\"https:\/\/www.itape.com\/de\/product\/dcv960a-de\/#primaryimage\"},\"image\":{\"@id\":\"https:\/\/www.itape.com\/de\/product\/dcv960a-de\/#primaryimage\"},\"thumbnailUrl\":\"https:\/\/www.itape.com\/wp-content\/uploads\/2023\/01\/DCV960A_high.webp\",\"datePublished\":\"2023-01-12T14:31:05+00:00\",\"dateModified\":\"2023-03-01T22:04:02+00:00\",\"breadcrumb\":{\"@id\":\"https:\/\/www.itape.com\/de\/product\/dcv960a-de\/#breadcrumb\"},\"inLanguage\":\"de-DE\",\"potentialAction\":[{\"@type\":\"ReadAction\",\"target\":[\"https:\/\/www.itape.com\/de\/product\/dcv960a-de\/\"]}]},{\"@type\":\"ImageObject\",\"inLanguage\":\"de-DE\",\"@id\":\"https:\/\/www.itape.com\/de\/product\/dcv960a-de\/#primaryimage\",\"url\":\"https:\/\/www.itape.com\/wp-content\/uploads\/2023\/01\/DCV960A_high.webp\",\"contentUrl\":\"https:\/\/www.itape.com\/wp-content\/uploads\/2023\/01\/DCV960A_high.webp\",\"width\":2400,\"height\":2400,\"caption\":\"DCV960A Double-Coated Tape\"},{\"@type\":\"BreadcrumbList\",\"@id\":\"https:\/\/www.itape.com\/de\/product\/dcv960a-de\/#breadcrumb\",\"itemListElement\":[{\"@type\":\"ListItem\",\"position\":1,\"name\":\"Home\",\"item\":\"https:\/\/www.itape.com\/de\/\"},{\"@type\":\"ListItem\",\"position\":2,\"name\":\"Products\",\"item\":\"https:\/\/www.itape.com\/products\/\"},{\"@type\":\"ListItem\",\"position\":3,\"name\":\"DCV960A\"}]},{\"@type\":\"WebSite\",\"@id\":\"https:\/\/www.itape.com\/#website\",\"url\":\"https:\/\/www.itape.com\/\",\"name\":\"IPG\",\"description\":\"Global Leader in Packaging and Protective Solutions\",\"publisher\":{\"@id\":\"https:\/\/www.itape.com\/#organization\"},\"potentialAction\":[{\"@type\":\"SearchAction\",\"target\":{\"@type\":\"EntryPoint\",\"urlTemplate\":\"https:\/\/www.itape.com\/?s={search_term_string}\"},\"query-input\":{\"@type\":\"PropertyValueSpecification\",\"valueRequired\":true,\"valueName\":\"search_term_string\"}}],\"inLanguage\":\"de-DE\"},{\"@type\":\"Organization\",\"@id\":\"https:\/\/www.itape.com\/#organization\",\"name\":\"IPG\",\"url\":\"https:\/\/www.itape.com\/\",\"logo\":{\"@type\":\"ImageObject\",\"inLanguage\":\"de-DE\",\"@id\":\"https:\/\/www.itape.com\/#\/schema\/logo\/image\/\",\"url\":\"https:\/\/www.itape.com\/wp-content\/uploads\/2024\/06\/IPG-logo-2.png\",\"contentUrl\":\"https:\/\/www.itape.com\/wp-content\/uploads\/2024\/06\/IPG-logo-2.png\",\"width\":60,\"height\":60,\"caption\":\"IPG\"},\"image\":{\"@id\":\"https:\/\/www.itape.com\/#\/schema\/logo\/image\/\"},\"sameAs\":[\"https:\/\/www.facebook.com\/intertape\",\"https:\/\/x.com\/IPGtape\",\"https:\/\/www.linkedin.com\/company\/intertape-polymer-group\",\"https:\/\/www.instagram.com\/ipgtape\",\"https:\/\/www.youtube.com\/user\/IPGtape\"]}]}<\/script>\n<meta property=\"product:price:currency\" content=\"USD\" \/>\n<meta property=\"og:availability\" content=\"instock\" \/>\n<meta property=\"product:availability\" content=\"instock\" \/>\n<meta property=\"product:retailer_item_id\" content=\"e716ae35014a\" \/>\n<meta property=\"product:condition\" content=\"new\" \/>\n<!-- \/ Yoast SEO Premium plugin. -->","yoast_head_json":{"title":"DCV960A - IPG","robots":{"index":"index","follow":"follow","max-snippet":"max-snippet:-1","max-image-preview":"max-image-preview:large","max-video-preview":"max-video-preview:-1"},"canonical":"https:\/\/www.itape.com\/de\/product\/dcv960a-de\/","og_locale":"de_DE","og_type":"article","og_title":"DCV960A","og_description":"Spezial-UPVC doppelseitig beschichtetes Klebeband \u2013 Flexibles, handtragbares Vinyl (UPVC), das doppelseitig mit einem druckempfindlichen l\u00f6sungsmittelbasierten Acrylklebstoff beschichtet ist. Bietet hervorragende Haftung auf verschiedenen unregelm\u00e4\u00dfigen Oberfl\u00e4chen. Besitzt eine einfach abziehbare, behandelte Silikon-Kraftabdeckung (wei\u00df). F\u00fcr Zeichenpositionierung, als Teppichband (Fixierung \/ Positionierung), Spiegelherstellung, Extrusionen, Montage und jede andere Anwendung, die die feste Verbindung von zwei Oberfl\u00e4chen erfordert. Produkt ist nicht repulpierbar.","og_url":"https:\/\/www.itape.com\/de\/product\/dcv960a-de\/","og_site_name":"IPG","article_publisher":"https:\/\/www.facebook.com\/intertape","article_modified_time":"2023-03-01T22:04:02+00:00","og_image":[{"width":2400,"height":2400,"url":"https:\/\/www.itape.com\/wp-content\/uploads\/2023\/01\/DCV960A_high.webp","type":"image\/webp"}],"twitter_card":"summary_large_image","twitter_site":"@IPGtape","twitter_misc":{"Price":"","Availability":"In stock"},"schema":{"@context":"https:\/\/schema.org","@graph":[{"@type":"WebPage","@id":"https:\/\/www.itape.com\/de\/product\/dcv960a-de\/","url":"https:\/\/www.itape.com\/de\/product\/dcv960a-de\/","name":"DCV960A - IPG","isPartOf":{"@id":"https:\/\/www.itape.com\/#website"},"primaryImageOfPage":{"@id":"https:\/\/www.itape.com\/de\/product\/dcv960a-de\/#primaryimage"},"image":{"@id":"https:\/\/www.itape.com\/de\/product\/dcv960a-de\/#primaryimage"},"thumbnailUrl":"https:\/\/www.itape.com\/wp-content\/uploads\/2023\/01\/DCV960A_high.webp","datePublished":"2023-01-12T14:31:05+00:00","dateModified":"2023-03-01T22:04:02+00:00","breadcrumb":{"@id":"https:\/\/www.itape.com\/de\/product\/dcv960a-de\/#breadcrumb"},"inLanguage":"de-DE","potentialAction":[{"@type":"ReadAction","target":["https:\/\/www.itape.com\/de\/product\/dcv960a-de\/"]}]},{"@type":"ImageObject","inLanguage":"de-DE","@id":"https:\/\/www.itape.com\/de\/product\/dcv960a-de\/#primaryimage","url":"https:\/\/www.itape.com\/wp-content\/uploads\/2023\/01\/DCV960A_high.webp","contentUrl":"https:\/\/www.itape.com\/wp-content\/uploads\/2023\/01\/DCV960A_high.webp","width":2400,"height":2400,"caption":"DCV960A Double-Coated Tape"},{"@type":"BreadcrumbList","@id":"https:\/\/www.itape.com\/de\/product\/dcv960a-de\/#breadcrumb","itemListElement":[{"@type":"ListItem","position":1,"name":"Home","item":"https:\/\/www.itape.com\/de\/"},{"@type":"ListItem","position":2,"name":"Products","item":"https:\/\/www.itape.com\/products\/"},{"@type":"ListItem","position":3,"name":"DCV960A"}]},{"@type":"WebSite","@id":"https:\/\/www.itape.com\/#website","url":"https:\/\/www.itape.com\/","name":"IPG","description":"Global Leader in Packaging and Protective Solutions","publisher":{"@id":"https:\/\/www.itape.com\/#organization"},"potentialAction":[{"@type":"SearchAction","target":{"@type":"EntryPoint","urlTemplate":"https:\/\/www.itape.com\/?s={search_term_string}"},"query-input":{"@type":"PropertyValueSpecification","valueRequired":true,"valueName":"search_term_string"}}],"inLanguage":"de-DE"},{"@type":"Organization","@id":"https:\/\/www.itape.com\/#organization","name":"IPG","url":"https:\/\/www.itape.com\/","logo":{"@type":"ImageObject","inLanguage":"de-DE","@id":"https:\/\/www.itape.com\/#\/schema\/logo\/image\/","url":"https:\/\/www.itape.com\/wp-content\/uploads\/2024\/06\/IPG-logo-2.png","contentUrl":"https:\/\/www.itape.com\/wp-content\/uploads\/2024\/06\/IPG-logo-2.png","width":60,"height":60,"caption":"IPG"},"image":{"@id":"https:\/\/www.itape.com\/#\/schema\/logo\/image\/"},"sameAs":["https:\/\/www.facebook.com\/intertape","https:\/\/x.com\/IPGtape","https:\/\/www.linkedin.com\/company\/intertape-polymer-group","https:\/\/www.instagram.com\/ipgtape","https:\/\/www.youtube.com\/user\/IPGtape"]}]},"product_price_currency":"USD","og_availability":"instock","product_availability":"instock","product_retailer_item_id":"e716ae35014a","product_condition":"new"},"parsely":{"version":"1.1.0","canonical_url":"https:\/\/itape.com\/de\/product\/dcv960a-de\/","smart_links":{"inbound":0,"outbound":0},"traffic_boost_suggestions_count":0,"meta":{"@context":"https:\/\/schema.org","@type":"WebPage","headline":"DCV960A","url":"https:\/\/www.itape.com\/de\/product\/dcv960a-de\/","mainEntityOfPage":{"@type":"WebPage","@id":"https:\/\/www.itape.com\/de\/product\/dcv960a-de\/"},"thumbnailUrl":"https:\/\/www.itape.com\/wp-content\/uploads\/2023\/01\/DCV960A_high.webp?w=150&h=150&crop=1","image":{"@type":"ImageObject","url":"https:\/\/www.itape.com\/wp-content\/uploads\/2023\/01\/DCV960A_high.webp"},"articleSection":"Unkategorisiert","author":[{"@type":"Person","name":"IPG"}],"creator":["IPG"],"publisher":{"@type":"Organization","name":"IPG","logo":"https:\/\/www.itape.com\/wp-content\/uploads\/2023\/03\/IPG-logo-2.png"},"keywords":[],"dateCreated":"2023-01-12T14:31:05Z","datePublished":"2023-01-12T14:31:05Z","dateModified":"2023-03-01T22:04:02Z"},"rendered":"<meta name=\"parsely-title\" content=\"DCV960A\" \/>\n<meta name=\"parsely-link\" content=\"https:\/\/www.itape.com\/de\/product\/dcv960a-de\/\" \/>\n<meta name=\"parsely-type\" content=\"index\" \/>\n<meta name=\"parsely-image-url\" content=\"https:\/\/www.itape.com\/wp-content\/uploads\/2023\/01\/DCV960A_high.webp?w=150&amp;h=150&amp;crop=1\" \/>\n<meta name=\"parsely-pub-date\" content=\"2023-01-12T14:31:05Z\" \/>\n<meta name=\"parsely-section\" content=\"Unkategorisiert\" \/>\n<meta name=\"parsely-author\" content=\"IPG\" \/>","tracker_url":"https:\/\/cdn.parsely.com\/keys\/itape.com\/p.js"},"jetpack_sharing_enabled":true,"_links":{"self":[{"href":"https:\/\/www.itape.com\/de\/wp-json\/wp\/v2\/product\/48691","targetHints":{"allow":["GET"]}}],"collection":[{"href":"https:\/\/www.itape.com\/de\/wp-json\/wp\/v2\/product"}],"about":[{"href":"https:\/\/www.itape.com\/de\/wp-json\/wp\/v2\/types\/product"}],"replies":[{"embeddable":true,"href":"https:\/\/www.itape.com\/de\/wp-json\/wp\/v2\/comments?post=48691"}],"wp:featuredmedia":[{"embeddable":true,"href":"https:\/\/www.itape.com\/de\/wp-json\/wp\/v2\/media\/63825"}],"wp:attachment":[{"href":"https:\/\/www.itape.com\/de\/wp-json\/wp\/v2\/media?parent=48691"}],"wp:term":[{"taxonomy":"product_brand","embeddable":true,"href":"https:\/\/www.itape.com\/de\/wp-json\/wp\/v2\/product_brand?post=48691"},{"taxonomy":"product_cat","embeddable":true,"href":"https:\/\/www.itape.com\/de\/wp-json\/wp\/v2\/product_cat?post=48691"},{"taxonomy":"product_tag","embeddable":true,"href":"https:\/\/www.itape.com\/de\/wp-json\/wp\/v2\/product_tag?post=48691"},{"taxonomy":"associated_application","embeddable":true,"href":"https:\/\/www.itape.com\/de\/wp-json\/wp\/v2\/associated_application?post=48691"}],"curies":[{"name":"wp","href":"https:\/\/api.w.org\/{rel}","templated":true}]}}