{"id":48698,"date":"2023-01-12T14:31:11","date_gmt":"2023-01-12T14:31:11","guid":{"rendered":"https:\/\/www.itape.com\/product\/g4208-de\/"},"modified":"2023-03-02T03:59:23","modified_gmt":"2023-03-02T03:59:23","slug":"g4208-de","status":"publish","type":"product","link":"https:\/\/www.itape.com\/de\/product\/g4208-de\/","title":{"rendered":"G4208"},"content":{"rendered":"","protected":false},"excerpt":{"rendered":"<p>Cactus\u00ae G4208 doppelseitig beschichtetes Schaumband \u2013 Vernetztes hochdichtes Poly\u00e4thylen, dichtzelliger Schaumstoff, beschichtet doppelseitig (doppelseitig beschichtet) mit einem permanenten bindenden druckempfindlichen Acrylklebstoff, der bei einer einfach freigebenden mit 60 Glassinepapier behandelten Deckung (wei\u00df). Haftung erlaubt sofortiges\/festes Kleben auf verschiedene unregelm\u00e4\u00dfige Oberfl\u00e4chen. ANWENDUNG: Montage- und Verbindungsnamenplatten, Zeichen, Gedenktafeln, Einkaufsstelle, Kunststoffhaken usw. Langfristige Montage der Spiegelschneider. Allgemeinzweck-Innen-\/Au\u00dfenmontage und Verbindung. F\u00fcr Bindung und Reparatur der Metall- oder Kunststoffartikel (z.B. Haushaltswaren, Badzubeh\u00f6r usw.).<\/p>\n","protected":false},"featured_media":51597,"comment_status":"closed","ping_status":"closed","template":"","meta":{"_acf_changed":false},"product_brand":[],"product_cat":[7801,7045,7771],"product_tag":[7099],"associated_application":[6880,6881,6886,6878,6889,6879,6925,6877,7922,6890,6893,6881,6906],"class_list":{"0":"post-48698","1":"product","2":"type-product","3":"status-publish","4":"has-post-thumbnail","6":"product_cat-industrial-tapes-doppelseitig-beschichtetes-klebeband-de","7":"product_cat-double-coated-tape-de","8":"product_cat-industrial-tapes-de","9":"product_tag-double-sided-foam-tapes-de","10":"associated_application-bauwesen-de","11":"associated_application-verbraucher-de","12":"associated_application-fertigung-de","13":"associated_application-haushaltsgeraete-de","14":"associated_application-hlk-de","15":"associated_application-kfz-gewerbe-de","16":"associated_application-loesungen-fuer-allgemeine-baustellen-de","17":"associated_application-luft-und-raumfahrt-de","18":"associated_application-montage-kuhlschrankaufstellung-de","19":"associated_application-schifffahrt-und-verbundwerkstoffe-de","20":"associated_application-transportwesen-de","22":"associated_application-verklebung-montage-de","24":"first","25":"instock","26":"product-type-simple"},"acf":[],"yoast_head":"<!-- This site is optimized with the Yoast SEO Premium plugin v24.1 (Yoast SEO v27.0) - https:\/\/yoast.com\/product\/yoast-seo-premium-wordpress\/ -->\n<title>G4208 - IPG<\/title>\n<meta name=\"robots\" content=\"index, follow, max-snippet:-1, max-image-preview:large, max-video-preview:-1\" \/>\n<link rel=\"canonical\" href=\"https:\/\/www.itape.com\/de\/product\/g4208-de\/\" \/>\n<meta property=\"og:locale\" content=\"de_DE\" \/>\n<meta property=\"og:type\" content=\"article\" \/>\n<meta property=\"og:title\" content=\"G4208\" \/>\n<meta property=\"og:description\" content=\"Cactus\u00ae G4208 doppelseitig beschichtetes Schaumband \u2013 Vernetztes hochdichtes Poly\u00e4thylen, dichtzelliger Schaumstoff, beschichtet doppelseitig (doppelseitig beschichtet) mit einem permanenten bindenden druckempfindlichen Acrylklebstoff, der bei einer einfach freigebenden mit 60 Glassinepapier behandelten Deckung (wei\u00df). Haftung erlaubt sofortiges\/festes Kleben auf verschiedene unregelm\u00e4\u00dfige Oberfl\u00e4chen. ANWENDUNG: Montage- und Verbindungsnamenplatten, Zeichen, Gedenktafeln, Einkaufsstelle, Kunststoffhaken usw. Langfristige Montage der Spiegelschneider. Allgemeinzweck-Innen-\/Au\u00dfenmontage und Verbindung. F\u00fcr Bindung und Reparatur der Metall- oder Kunststoffartikel (z.B. Haushaltswaren, Badzubeh\u00f6r usw.).\" \/>\n<meta property=\"og:url\" content=\"https:\/\/www.itape.com\/de\/product\/g4208-de\/\" \/>\n<meta property=\"og:site_name\" content=\"IPG\" \/>\n<meta property=\"article:publisher\" content=\"https:\/\/www.facebook.com\/intertape\" \/>\n<meta property=\"article:modified_time\" content=\"2023-03-02T03:59:23+00:00\" \/>\n<meta property=\"og:image\" content=\"https:\/\/www.itape.com\/wp-content\/uploads\/2023\/01\/G4208_high.jpg\" \/>\n\t<meta property=\"og:image:width\" content=\"2400\" \/>\n\t<meta property=\"og:image:height\" content=\"2400\" \/>\n\t<meta property=\"og:image:type\" content=\"image\/jpeg\" \/>\n<meta name=\"twitter:card\" content=\"summary_large_image\" \/>\n<meta name=\"twitter:site\" content=\"@IPGtape\" \/>\n<meta name=\"twitter:label1\" content=\"Price\" \/>\n\t<meta name=\"twitter:data1\" content=\"\" \/>\n\t<meta name=\"twitter:label2\" content=\"Availability\" \/>\n\t<meta name=\"twitter:data2\" content=\"In stock\" \/>\n<script type=\"application\/ld+json\" class=\"yoast-schema-graph\">{\"@context\":\"https:\/\/schema.org\",\"@graph\":[{\"@type\":\"WebPage\",\"@id\":\"https:\/\/www.itape.com\/de\/product\/g4208-de\/\",\"url\":\"https:\/\/www.itape.com\/de\/product\/g4208-de\/\",\"name\":\"G4208 - IPG\",\"isPartOf\":{\"@id\":\"https:\/\/www.itape.com\/#website\"},\"primaryImageOfPage\":{\"@id\":\"https:\/\/www.itape.com\/de\/product\/g4208-de\/#primaryimage\"},\"image\":{\"@id\":\"https:\/\/www.itape.com\/de\/product\/g4208-de\/#primaryimage\"},\"thumbnailUrl\":\"https:\/\/www.itape.com\/wp-content\/uploads\/2023\/01\/G4208_high.jpg\",\"datePublished\":\"2023-01-12T14:31:11+00:00\",\"dateModified\":\"2023-03-02T03:59:23+00:00\",\"breadcrumb\":{\"@id\":\"https:\/\/www.itape.com\/de\/product\/g4208-de\/#breadcrumb\"},\"inLanguage\":\"de-DE\",\"potentialAction\":[{\"@type\":\"ReadAction\",\"target\":[\"https:\/\/www.itape.com\/de\/product\/g4208-de\/\"]}]},{\"@type\":\"ImageObject\",\"inLanguage\":\"de-DE\",\"@id\":\"https:\/\/www.itape.com\/de\/product\/g4208-de\/#primaryimage\",\"url\":\"https:\/\/www.itape.com\/wp-content\/uploads\/2023\/01\/G4208_high.jpg\",\"contentUrl\":\"https:\/\/www.itape.com\/wp-content\/uploads\/2023\/01\/G4208_high.jpg\",\"width\":2400,\"height\":2400,\"caption\":\"G4208_DoubleCoated\"},{\"@type\":\"BreadcrumbList\",\"@id\":\"https:\/\/www.itape.com\/de\/product\/g4208-de\/#breadcrumb\",\"itemListElement\":[{\"@type\":\"ListItem\",\"position\":1,\"name\":\"Home\",\"item\":\"https:\/\/www.itape.com\/de\/\"},{\"@type\":\"ListItem\",\"position\":2,\"name\":\"Products\",\"item\":\"https:\/\/www.itape.com\/products\/\"},{\"@type\":\"ListItem\",\"position\":3,\"name\":\"G4208\"}]},{\"@type\":\"WebSite\",\"@id\":\"https:\/\/www.itape.com\/#website\",\"url\":\"https:\/\/www.itape.com\/\",\"name\":\"IPG\",\"description\":\"Global Leader in Packaging and Protective Solutions\",\"publisher\":{\"@id\":\"https:\/\/www.itape.com\/#organization\"},\"potentialAction\":[{\"@type\":\"SearchAction\",\"target\":{\"@type\":\"EntryPoint\",\"urlTemplate\":\"https:\/\/www.itape.com\/?s={search_term_string}\"},\"query-input\":{\"@type\":\"PropertyValueSpecification\",\"valueRequired\":true,\"valueName\":\"search_term_string\"}}],\"inLanguage\":\"de-DE\"},{\"@type\":\"Organization\",\"@id\":\"https:\/\/www.itape.com\/#organization\",\"name\":\"IPG\",\"url\":\"https:\/\/www.itape.com\/\",\"logo\":{\"@type\":\"ImageObject\",\"inLanguage\":\"de-DE\",\"@id\":\"https:\/\/www.itape.com\/#\/schema\/logo\/image\/\",\"url\":\"https:\/\/www.itape.com\/wp-content\/uploads\/2024\/06\/IPG-logo-2.png\",\"contentUrl\":\"https:\/\/www.itape.com\/wp-content\/uploads\/2024\/06\/IPG-logo-2.png\",\"width\":60,\"height\":60,\"caption\":\"IPG\"},\"image\":{\"@id\":\"https:\/\/www.itape.com\/#\/schema\/logo\/image\/\"},\"sameAs\":[\"https:\/\/www.facebook.com\/intertape\",\"https:\/\/x.com\/IPGtape\",\"https:\/\/www.linkedin.com\/company\/intertape-polymer-group\",\"https:\/\/www.instagram.com\/ipgtape\",\"https:\/\/www.youtube.com\/user\/IPGtape\"]}]}<\/script>\n<meta property=\"product:price:currency\" content=\"USD\" \/>\n<meta property=\"og:availability\" content=\"instock\" \/>\n<meta property=\"product:availability\" content=\"instock\" \/>\n<meta property=\"product:retailer_item_id\" content=\"19ea1063e5f4\" \/>\n<meta property=\"product:condition\" content=\"new\" \/>\n<!-- \/ Yoast SEO Premium plugin. -->","yoast_head_json":{"title":"G4208 - IPG","robots":{"index":"index","follow":"follow","max-snippet":"max-snippet:-1","max-image-preview":"max-image-preview:large","max-video-preview":"max-video-preview:-1"},"canonical":"https:\/\/www.itape.com\/de\/product\/g4208-de\/","og_locale":"de_DE","og_type":"article","og_title":"G4208","og_description":"Cactus\u00ae G4208 doppelseitig beschichtetes Schaumband \u2013 Vernetztes hochdichtes Poly\u00e4thylen, dichtzelliger Schaumstoff, beschichtet doppelseitig (doppelseitig beschichtet) mit einem permanenten bindenden druckempfindlichen Acrylklebstoff, der bei einer einfach freigebenden mit 60 Glassinepapier behandelten Deckung (wei\u00df). Haftung erlaubt sofortiges\/festes Kleben auf verschiedene unregelm\u00e4\u00dfige Oberfl\u00e4chen. ANWENDUNG: Montage- und Verbindungsnamenplatten, Zeichen, Gedenktafeln, Einkaufsstelle, Kunststoffhaken usw. Langfristige Montage der Spiegelschneider. Allgemeinzweck-Innen-\/Au\u00dfenmontage und Verbindung. F\u00fcr Bindung und Reparatur der Metall- oder Kunststoffartikel (z.B. Haushaltswaren, Badzubeh\u00f6r usw.).","og_url":"https:\/\/www.itape.com\/de\/product\/g4208-de\/","og_site_name":"IPG","article_publisher":"https:\/\/www.facebook.com\/intertape","article_modified_time":"2023-03-02T03:59:23+00:00","og_image":[{"width":2400,"height":2400,"url":"https:\/\/www.itape.com\/wp-content\/uploads\/2023\/01\/G4208_high.jpg","type":"image\/jpeg"}],"twitter_card":"summary_large_image","twitter_site":"@IPGtape","twitter_misc":{"Price":"","Availability":"In stock"},"schema":{"@context":"https:\/\/schema.org","@graph":[{"@type":"WebPage","@id":"https:\/\/www.itape.com\/de\/product\/g4208-de\/","url":"https:\/\/www.itape.com\/de\/product\/g4208-de\/","name":"G4208 - IPG","isPartOf":{"@id":"https:\/\/www.itape.com\/#website"},"primaryImageOfPage":{"@id":"https:\/\/www.itape.com\/de\/product\/g4208-de\/#primaryimage"},"image":{"@id":"https:\/\/www.itape.com\/de\/product\/g4208-de\/#primaryimage"},"thumbnailUrl":"https:\/\/www.itape.com\/wp-content\/uploads\/2023\/01\/G4208_high.jpg","datePublished":"2023-01-12T14:31:11+00:00","dateModified":"2023-03-02T03:59:23+00:00","breadcrumb":{"@id":"https:\/\/www.itape.com\/de\/product\/g4208-de\/#breadcrumb"},"inLanguage":"de-DE","potentialAction":[{"@type":"ReadAction","target":["https:\/\/www.itape.com\/de\/product\/g4208-de\/"]}]},{"@type":"ImageObject","inLanguage":"de-DE","@id":"https:\/\/www.itape.com\/de\/product\/g4208-de\/#primaryimage","url":"https:\/\/www.itape.com\/wp-content\/uploads\/2023\/01\/G4208_high.jpg","contentUrl":"https:\/\/www.itape.com\/wp-content\/uploads\/2023\/01\/G4208_high.jpg","width":2400,"height":2400,"caption":"G4208_DoubleCoated"},{"@type":"BreadcrumbList","@id":"https:\/\/www.itape.com\/de\/product\/g4208-de\/#breadcrumb","itemListElement":[{"@type":"ListItem","position":1,"name":"Home","item":"https:\/\/www.itape.com\/de\/"},{"@type":"ListItem","position":2,"name":"Products","item":"https:\/\/www.itape.com\/products\/"},{"@type":"ListItem","position":3,"name":"G4208"}]},{"@type":"WebSite","@id":"https:\/\/www.itape.com\/#website","url":"https:\/\/www.itape.com\/","name":"IPG","description":"Global Leader in Packaging and Protective Solutions","publisher":{"@id":"https:\/\/www.itape.com\/#organization"},"potentialAction":[{"@type":"SearchAction","target":{"@type":"EntryPoint","urlTemplate":"https:\/\/www.itape.com\/?s={search_term_string}"},"query-input":{"@type":"PropertyValueSpecification","valueRequired":true,"valueName":"search_term_string"}}],"inLanguage":"de-DE"},{"@type":"Organization","@id":"https:\/\/www.itape.com\/#organization","name":"IPG","url":"https:\/\/www.itape.com\/","logo":{"@type":"ImageObject","inLanguage":"de-DE","@id":"https:\/\/www.itape.com\/#\/schema\/logo\/image\/","url":"https:\/\/www.itape.com\/wp-content\/uploads\/2024\/06\/IPG-logo-2.png","contentUrl":"https:\/\/www.itape.com\/wp-content\/uploads\/2024\/06\/IPG-logo-2.png","width":60,"height":60,"caption":"IPG"},"image":{"@id":"https:\/\/www.itape.com\/#\/schema\/logo\/image\/"},"sameAs":["https:\/\/www.facebook.com\/intertape","https:\/\/x.com\/IPGtape","https:\/\/www.linkedin.com\/company\/intertape-polymer-group","https:\/\/www.instagram.com\/ipgtape","https:\/\/www.youtube.com\/user\/IPGtape"]}]},"product_price_currency":"USD","og_availability":"instock","product_availability":"instock","product_retailer_item_id":"19ea1063e5f4","product_condition":"new"},"parsely":{"version":"1.1.0","canonical_url":"https:\/\/itape.com\/de\/product\/g4208-de\/","smart_links":{"inbound":0,"outbound":0},"traffic_boost_suggestions_count":0,"meta":{"@context":"https:\/\/schema.org","@type":"WebPage","headline":"G4208","url":"https:\/\/www.itape.com\/de\/product\/g4208-de\/","mainEntityOfPage":{"@type":"WebPage","@id":"https:\/\/www.itape.com\/de\/product\/g4208-de\/"},"thumbnailUrl":"https:\/\/www.itape.com\/wp-content\/uploads\/2023\/01\/G4208_high.jpg?w=150&h=150&crop=1","image":{"@type":"ImageObject","url":"https:\/\/www.itape.com\/wp-content\/uploads\/2023\/01\/G4208_high.jpg"},"articleSection":"Unkategorisiert","author":[{"@type":"Person","name":"IPG"}],"creator":["IPG"],"publisher":{"@type":"Organization","name":"IPG","logo":"https:\/\/www.itape.com\/wp-content\/uploads\/2023\/03\/IPG-logo-2.png"},"keywords":[],"dateCreated":"2023-01-12T14:31:11Z","datePublished":"2023-01-12T14:31:11Z","dateModified":"2023-03-02T03:59:23Z"},"rendered":"<meta name=\"parsely-title\" content=\"G4208\" \/>\n<meta name=\"parsely-link\" content=\"https:\/\/www.itape.com\/de\/product\/g4208-de\/\" \/>\n<meta name=\"parsely-type\" content=\"index\" \/>\n<meta name=\"parsely-image-url\" content=\"https:\/\/www.itape.com\/wp-content\/uploads\/2023\/01\/G4208_high.jpg?w=150&amp;h=150&amp;crop=1\" \/>\n<meta name=\"parsely-pub-date\" content=\"2023-01-12T14:31:11Z\" \/>\n<meta name=\"parsely-section\" content=\"Unkategorisiert\" \/>\n<meta name=\"parsely-author\" content=\"IPG\" \/>","tracker_url":"https:\/\/cdn.parsely.com\/keys\/itape.com\/p.js"},"jetpack_sharing_enabled":true,"_links":{"self":[{"href":"https:\/\/www.itape.com\/de\/wp-json\/wp\/v2\/product\/48698","targetHints":{"allow":["GET"]}}],"collection":[{"href":"https:\/\/www.itape.com\/de\/wp-json\/wp\/v2\/product"}],"about":[{"href":"https:\/\/www.itape.com\/de\/wp-json\/wp\/v2\/types\/product"}],"replies":[{"embeddable":true,"href":"https:\/\/www.itape.com\/de\/wp-json\/wp\/v2\/comments?post=48698"}],"wp:featuredmedia":[{"embeddable":true,"href":"https:\/\/www.itape.com\/de\/wp-json\/wp\/v2\/media\/51597"}],"wp:attachment":[{"href":"https:\/\/www.itape.com\/de\/wp-json\/wp\/v2\/media?parent=48698"}],"wp:term":[{"taxonomy":"product_brand","embeddable":true,"href":"https:\/\/www.itape.com\/de\/wp-json\/wp\/v2\/product_brand?post=48698"},{"taxonomy":"product_cat","embeddable":true,"href":"https:\/\/www.itape.com\/de\/wp-json\/wp\/v2\/product_cat?post=48698"},{"taxonomy":"product_tag","embeddable":true,"href":"https:\/\/www.itape.com\/de\/wp-json\/wp\/v2\/product_tag?post=48698"},{"taxonomy":"associated_application","embeddable":true,"href":"https:\/\/www.itape.com\/de\/wp-json\/wp\/v2\/associated_application?post=48698"}],"curies":[{"name":"wp","href":"https:\/\/api.w.org\/{rel}","templated":true}]}}