{"id":48701,"date":"2023-01-12T14:31:11","date_gmt":"2023-01-12T14:31:11","guid":{"rendered":"https:\/\/www.itape.com\/product\/r2215-de\/"},"modified":"2023-04-11T14:08:16","modified_gmt":"2023-04-11T14:08:16","slug":"r2215-de","status":"publish","type":"product","link":"https:\/\/www.itape.com\/de\/product\/r2215-de\/","title":{"rendered":"R2215"},"content":{"rendered":"","protected":false},"excerpt":{"rendered":"<p>Cactus\u00ae R2215 doppelseitig beschichtetes Schaumstoffklebeband\u00a0\u2013 Vernetztes hochdichtes Poly\u00e4thylen, dichtzelliger Schaumstoff, doppelseitig beschichtet mit einem permanent bindenden druckempfindlichen Acrylklebstoff, gesch\u00fctzt durch ein einfach abziehbares, behandeltes 76\u00a0\u00b5m starkes Glassinepapier (wei\u00df). Die Haftung erm\u00f6glicht dauerhaftes Verkleben auf eine Vielzahl unregelm\u00e4\u00dfiger Oberfl\u00e4chen. ANWENDUNG: Innenmontage- und Verbindungsnamenplatten, Schilder, Gedenktafeln, Einzelhandel, Spiegel und Wappen usw. Allgemeine Innenmontage und Verbindung. F\u00fcr Verbindung und Reparatur von Metall- oder Kunststoffartikeln (z.\u00a0B. Haushaltswaren, Badzubeh\u00f6r usw.).<\/p>\n","protected":false},"featured_media":52331,"comment_status":"closed","ping_status":"closed","template":"","meta":{"_acf_changed":false},"product_brand":[],"product_cat":[7045,7801,7771],"product_tag":[7099],"associated_application":[6880,7513,6881,6886,6878,6889,7005,6879,6925,6877,7922,7006,6890,6893,7513,6906,6913],"class_list":{"0":"post-48701","1":"product","2":"type-product","3":"status-publish","4":"has-post-thumbnail","6":"product_cat-double-coated-tape-de","7":"product_cat-industrial-tapes-doppelseitig-beschichtetes-klebeband-de","8":"product_cat-industrial-tapes-de","9":"product_tag-double-sided-foam-tapes-de","10":"associated_application-bauwesen-de","11":"associated_application-verklebungmontage-de-2","12":"associated_application-verbraucher-de","13":"associated_application-fertigung-de","14":"associated_application-haushaltsgeraete-de","15":"associated_application-hlk-de","16":"associated_application-isolierung-de","17":"associated_application-kfz-gewerbe-de","18":"associated_application-loesungen-fuer-allgemeine-baustellen-de","19":"associated_application-luft-und-raumfahrt-de","20":"associated_application-montage-kuhlschrankaufstellung-de","21":"associated_application-oem-fertigung-de","22":"associated_application-schifffahrt-und-verbundwerkstoffe-de","23":"associated_application-transportwesen-de","25":"associated_application-verklebung-montage-de","26":"associated_application-verklebungmontage-de","28":"first","29":"instock","30":"product-type-simple"},"acf":[],"yoast_head":"<!-- This site is optimized with the Yoast SEO Premium plugin v24.1 (Yoast SEO v27.0) - https:\/\/yoast.com\/product\/yoast-seo-premium-wordpress\/ -->\n<title>R2215 - IPG<\/title>\n<meta name=\"robots\" content=\"index, follow, max-snippet:-1, max-image-preview:large, max-video-preview:-1\" \/>\n<link rel=\"canonical\" href=\"https:\/\/www.itape.com\/de\/product\/r2215-de\/\" \/>\n<meta property=\"og:locale\" content=\"de_DE\" \/>\n<meta property=\"og:type\" content=\"article\" \/>\n<meta property=\"og:title\" content=\"R2215\" \/>\n<meta property=\"og:description\" content=\"Cactus\u00ae R2215 doppelseitig beschichtetes Schaumstoffklebeband\u00a0\u2013 Vernetztes hochdichtes Poly\u00e4thylen, dichtzelliger Schaumstoff, doppelseitig beschichtet mit einem permanent bindenden druckempfindlichen Acrylklebstoff, gesch\u00fctzt durch ein einfach abziehbares, behandeltes 76\u00a0\u00b5m starkes Glassinepapier (wei\u00df). Die Haftung erm\u00f6glicht dauerhaftes Verkleben auf eine Vielzahl unregelm\u00e4\u00dfiger Oberfl\u00e4chen. ANWENDUNG: Innenmontage- und Verbindungsnamenplatten, Schilder, Gedenktafeln, Einzelhandel, Spiegel und Wappen usw. Allgemeine Innenmontage und Verbindung. F\u00fcr Verbindung und Reparatur von Metall- oder Kunststoffartikeln (z.\u00a0B. Haushaltswaren, Badzubeh\u00f6r usw.).\" \/>\n<meta property=\"og:url\" content=\"https:\/\/www.itape.com\/de\/product\/r2215-de\/\" \/>\n<meta property=\"og:site_name\" content=\"IPG\" \/>\n<meta property=\"article:publisher\" content=\"https:\/\/www.facebook.com\/intertape\" \/>\n<meta property=\"article:modified_time\" content=\"2023-04-11T14:08:16+00:00\" \/>\n<meta property=\"og:image\" content=\"https:\/\/www.itape.com\/wp-content\/uploads\/2023\/01\/R2215_high.jpg\" \/>\n\t<meta property=\"og:image:width\" content=\"2400\" \/>\n\t<meta property=\"og:image:height\" content=\"2400\" \/>\n\t<meta property=\"og:image:type\" content=\"image\/jpeg\" \/>\n<meta name=\"twitter:card\" content=\"summary_large_image\" \/>\n<meta name=\"twitter:site\" content=\"@IPGtape\" \/>\n<meta name=\"twitter:label1\" content=\"Price\" \/>\n\t<meta name=\"twitter:data1\" content=\"\" \/>\n\t<meta name=\"twitter:label2\" content=\"Availability\" \/>\n\t<meta name=\"twitter:data2\" content=\"In stock\" \/>\n<script type=\"application\/ld+json\" class=\"yoast-schema-graph\">{\"@context\":\"https:\/\/schema.org\",\"@graph\":[{\"@type\":\"WebPage\",\"@id\":\"https:\/\/www.itape.com\/de\/product\/r2215-de\/\",\"url\":\"https:\/\/www.itape.com\/de\/product\/r2215-de\/\",\"name\":\"R2215 - IPG\",\"isPartOf\":{\"@id\":\"https:\/\/www.itape.com\/#website\"},\"primaryImageOfPage\":{\"@id\":\"https:\/\/www.itape.com\/de\/product\/r2215-de\/#primaryimage\"},\"image\":{\"@id\":\"https:\/\/www.itape.com\/de\/product\/r2215-de\/#primaryimage\"},\"thumbnailUrl\":\"https:\/\/www.itape.com\/wp-content\/uploads\/2023\/01\/R2215_high.jpg\",\"datePublished\":\"2023-01-12T14:31:11+00:00\",\"dateModified\":\"2023-04-11T14:08:16+00:00\",\"breadcrumb\":{\"@id\":\"https:\/\/www.itape.com\/de\/product\/r2215-de\/#breadcrumb\"},\"inLanguage\":\"de-DE\",\"potentialAction\":[{\"@type\":\"ReadAction\",\"target\":[\"https:\/\/www.itape.com\/de\/product\/r2215-de\/\"]}]},{\"@type\":\"ImageObject\",\"inLanguage\":\"de-DE\",\"@id\":\"https:\/\/www.itape.com\/de\/product\/r2215-de\/#primaryimage\",\"url\":\"https:\/\/www.itape.com\/wp-content\/uploads\/2023\/01\/R2215_high.jpg\",\"contentUrl\":\"https:\/\/www.itape.com\/wp-content\/uploads\/2023\/01\/R2215_high.jpg\",\"width\":2400,\"height\":2400,\"caption\":\"R2215__DoubleCoated\"},{\"@type\":\"BreadcrumbList\",\"@id\":\"https:\/\/www.itape.com\/de\/product\/r2215-de\/#breadcrumb\",\"itemListElement\":[{\"@type\":\"ListItem\",\"position\":1,\"name\":\"Home\",\"item\":\"https:\/\/www.itape.com\/de\/\"},{\"@type\":\"ListItem\",\"position\":2,\"name\":\"Products\",\"item\":\"https:\/\/www.itape.com\/products\/\"},{\"@type\":\"ListItem\",\"position\":3,\"name\":\"R2215\"}]},{\"@type\":\"WebSite\",\"@id\":\"https:\/\/www.itape.com\/#website\",\"url\":\"https:\/\/www.itape.com\/\",\"name\":\"IPG\",\"description\":\"Global Leader in Packaging and Protective Solutions\",\"publisher\":{\"@id\":\"https:\/\/www.itape.com\/#organization\"},\"potentialAction\":[{\"@type\":\"SearchAction\",\"target\":{\"@type\":\"EntryPoint\",\"urlTemplate\":\"https:\/\/www.itape.com\/?s={search_term_string}\"},\"query-input\":{\"@type\":\"PropertyValueSpecification\",\"valueRequired\":true,\"valueName\":\"search_term_string\"}}],\"inLanguage\":\"de-DE\"},{\"@type\":\"Organization\",\"@id\":\"https:\/\/www.itape.com\/#organization\",\"name\":\"IPG\",\"url\":\"https:\/\/www.itape.com\/\",\"logo\":{\"@type\":\"ImageObject\",\"inLanguage\":\"de-DE\",\"@id\":\"https:\/\/www.itape.com\/#\/schema\/logo\/image\/\",\"url\":\"https:\/\/www.itape.com\/wp-content\/uploads\/2024\/06\/IPG-logo-2.png\",\"contentUrl\":\"https:\/\/www.itape.com\/wp-content\/uploads\/2024\/06\/IPG-logo-2.png\",\"width\":60,\"height\":60,\"caption\":\"IPG\"},\"image\":{\"@id\":\"https:\/\/www.itape.com\/#\/schema\/logo\/image\/\"},\"sameAs\":[\"https:\/\/www.facebook.com\/intertape\",\"https:\/\/x.com\/IPGtape\",\"https:\/\/www.linkedin.com\/company\/intertape-polymer-group\",\"https:\/\/www.instagram.com\/ipgtape\",\"https:\/\/www.youtube.com\/user\/IPGtape\"]}]}<\/script>\n<meta property=\"product:price:currency\" content=\"USD\" \/>\n<meta property=\"og:availability\" content=\"instock\" \/>\n<meta property=\"product:availability\" content=\"instock\" \/>\n<meta property=\"product:retailer_item_id\" content=\"382244e2b6e2\" \/>\n<meta property=\"product:condition\" content=\"new\" \/>\n<!-- \/ Yoast SEO Premium plugin. -->","yoast_head_json":{"title":"R2215 - IPG","robots":{"index":"index","follow":"follow","max-snippet":"max-snippet:-1","max-image-preview":"max-image-preview:large","max-video-preview":"max-video-preview:-1"},"canonical":"https:\/\/www.itape.com\/de\/product\/r2215-de\/","og_locale":"de_DE","og_type":"article","og_title":"R2215","og_description":"Cactus\u00ae R2215 doppelseitig beschichtetes Schaumstoffklebeband\u00a0\u2013 Vernetztes hochdichtes Poly\u00e4thylen, dichtzelliger Schaumstoff, doppelseitig beschichtet mit einem permanent bindenden druckempfindlichen Acrylklebstoff, gesch\u00fctzt durch ein einfach abziehbares, behandeltes 76\u00a0\u00b5m starkes Glassinepapier (wei\u00df). Die Haftung erm\u00f6glicht dauerhaftes Verkleben auf eine Vielzahl unregelm\u00e4\u00dfiger Oberfl\u00e4chen. ANWENDUNG: Innenmontage- und Verbindungsnamenplatten, Schilder, Gedenktafeln, Einzelhandel, Spiegel und Wappen usw. Allgemeine Innenmontage und Verbindung. F\u00fcr Verbindung und Reparatur von Metall- oder Kunststoffartikeln (z.\u00a0B. Haushaltswaren, Badzubeh\u00f6r usw.).","og_url":"https:\/\/www.itape.com\/de\/product\/r2215-de\/","og_site_name":"IPG","article_publisher":"https:\/\/www.facebook.com\/intertape","article_modified_time":"2023-04-11T14:08:16+00:00","og_image":[{"width":2400,"height":2400,"url":"https:\/\/www.itape.com\/wp-content\/uploads\/2023\/01\/R2215_high.jpg","type":"image\/jpeg"}],"twitter_card":"summary_large_image","twitter_site":"@IPGtape","twitter_misc":{"Price":"","Availability":"In stock"},"schema":{"@context":"https:\/\/schema.org","@graph":[{"@type":"WebPage","@id":"https:\/\/www.itape.com\/de\/product\/r2215-de\/","url":"https:\/\/www.itape.com\/de\/product\/r2215-de\/","name":"R2215 - IPG","isPartOf":{"@id":"https:\/\/www.itape.com\/#website"},"primaryImageOfPage":{"@id":"https:\/\/www.itape.com\/de\/product\/r2215-de\/#primaryimage"},"image":{"@id":"https:\/\/www.itape.com\/de\/product\/r2215-de\/#primaryimage"},"thumbnailUrl":"https:\/\/www.itape.com\/wp-content\/uploads\/2023\/01\/R2215_high.jpg","datePublished":"2023-01-12T14:31:11+00:00","dateModified":"2023-04-11T14:08:16+00:00","breadcrumb":{"@id":"https:\/\/www.itape.com\/de\/product\/r2215-de\/#breadcrumb"},"inLanguage":"de-DE","potentialAction":[{"@type":"ReadAction","target":["https:\/\/www.itape.com\/de\/product\/r2215-de\/"]}]},{"@type":"ImageObject","inLanguage":"de-DE","@id":"https:\/\/www.itape.com\/de\/product\/r2215-de\/#primaryimage","url":"https:\/\/www.itape.com\/wp-content\/uploads\/2023\/01\/R2215_high.jpg","contentUrl":"https:\/\/www.itape.com\/wp-content\/uploads\/2023\/01\/R2215_high.jpg","width":2400,"height":2400,"caption":"R2215__DoubleCoated"},{"@type":"BreadcrumbList","@id":"https:\/\/www.itape.com\/de\/product\/r2215-de\/#breadcrumb","itemListElement":[{"@type":"ListItem","position":1,"name":"Home","item":"https:\/\/www.itape.com\/de\/"},{"@type":"ListItem","position":2,"name":"Products","item":"https:\/\/www.itape.com\/products\/"},{"@type":"ListItem","position":3,"name":"R2215"}]},{"@type":"WebSite","@id":"https:\/\/www.itape.com\/#website","url":"https:\/\/www.itape.com\/","name":"IPG","description":"Global Leader in Packaging and Protective Solutions","publisher":{"@id":"https:\/\/www.itape.com\/#organization"},"potentialAction":[{"@type":"SearchAction","target":{"@type":"EntryPoint","urlTemplate":"https:\/\/www.itape.com\/?s={search_term_string}"},"query-input":{"@type":"PropertyValueSpecification","valueRequired":true,"valueName":"search_term_string"}}],"inLanguage":"de-DE"},{"@type":"Organization","@id":"https:\/\/www.itape.com\/#organization","name":"IPG","url":"https:\/\/www.itape.com\/","logo":{"@type":"ImageObject","inLanguage":"de-DE","@id":"https:\/\/www.itape.com\/#\/schema\/logo\/image\/","url":"https:\/\/www.itape.com\/wp-content\/uploads\/2024\/06\/IPG-logo-2.png","contentUrl":"https:\/\/www.itape.com\/wp-content\/uploads\/2024\/06\/IPG-logo-2.png","width":60,"height":60,"caption":"IPG"},"image":{"@id":"https:\/\/www.itape.com\/#\/schema\/logo\/image\/"},"sameAs":["https:\/\/www.facebook.com\/intertape","https:\/\/x.com\/IPGtape","https:\/\/www.linkedin.com\/company\/intertape-polymer-group","https:\/\/www.instagram.com\/ipgtape","https:\/\/www.youtube.com\/user\/IPGtape"]}]},"product_price_currency":"USD","og_availability":"instock","product_availability":"instock","product_retailer_item_id":"382244e2b6e2","product_condition":"new"},"parsely":{"version":"1.1.0","canonical_url":"https:\/\/itape.com\/de\/product\/r2215-de\/","smart_links":{"inbound":0,"outbound":0},"traffic_boost_suggestions_count":0,"meta":{"@context":"https:\/\/schema.org","@type":"WebPage","headline":"R2215","url":"https:\/\/www.itape.com\/de\/product\/r2215-de\/","mainEntityOfPage":{"@type":"WebPage","@id":"https:\/\/www.itape.com\/de\/product\/r2215-de\/"},"thumbnailUrl":"https:\/\/www.itape.com\/wp-content\/uploads\/2023\/01\/R2215_high.jpg?w=150&h=150&crop=1","image":{"@type":"ImageObject","url":"https:\/\/www.itape.com\/wp-content\/uploads\/2023\/01\/R2215_high.jpg"},"articleSection":"Unkategorisiert","author":[{"@type":"Person","name":"IPG"}],"creator":["IPG"],"publisher":{"@type":"Organization","name":"IPG","logo":"https:\/\/www.itape.com\/wp-content\/uploads\/2023\/03\/IPG-logo-2.png"},"keywords":[],"dateCreated":"2023-01-12T14:31:11Z","datePublished":"2023-01-12T14:31:11Z","dateModified":"2023-04-11T14:08:16Z"},"rendered":"<meta name=\"parsely-title\" content=\"R2215\" \/>\n<meta name=\"parsely-link\" content=\"https:\/\/www.itape.com\/de\/product\/r2215-de\/\" \/>\n<meta name=\"parsely-type\" content=\"index\" \/>\n<meta name=\"parsely-image-url\" content=\"https:\/\/www.itape.com\/wp-content\/uploads\/2023\/01\/R2215_high.jpg?w=150&amp;h=150&amp;crop=1\" \/>\n<meta name=\"parsely-pub-date\" content=\"2023-01-12T14:31:11Z\" \/>\n<meta name=\"parsely-section\" content=\"Unkategorisiert\" \/>\n<meta name=\"parsely-author\" content=\"IPG\" \/>","tracker_url":"https:\/\/cdn.parsely.com\/keys\/itape.com\/p.js"},"jetpack_sharing_enabled":true,"_links":{"self":[{"href":"https:\/\/www.itape.com\/de\/wp-json\/wp\/v2\/product\/48701","targetHints":{"allow":["GET"]}}],"collection":[{"href":"https:\/\/www.itape.com\/de\/wp-json\/wp\/v2\/product"}],"about":[{"href":"https:\/\/www.itape.com\/de\/wp-json\/wp\/v2\/types\/product"}],"replies":[{"embeddable":true,"href":"https:\/\/www.itape.com\/de\/wp-json\/wp\/v2\/comments?post=48701"}],"wp:featuredmedia":[{"embeddable":true,"href":"https:\/\/www.itape.com\/de\/wp-json\/wp\/v2\/media\/52331"}],"wp:attachment":[{"href":"https:\/\/www.itape.com\/de\/wp-json\/wp\/v2\/media?parent=48701"}],"wp:term":[{"taxonomy":"product_brand","embeddable":true,"href":"https:\/\/www.itape.com\/de\/wp-json\/wp\/v2\/product_brand?post=48701"},{"taxonomy":"product_cat","embeddable":true,"href":"https:\/\/www.itape.com\/de\/wp-json\/wp\/v2\/product_cat?post=48701"},{"taxonomy":"product_tag","embeddable":true,"href":"https:\/\/www.itape.com\/de\/wp-json\/wp\/v2\/product_tag?post=48701"},{"taxonomy":"associated_application","embeddable":true,"href":"https:\/\/www.itape.com\/de\/wp-json\/wp\/v2\/associated_application?post=48701"}],"curies":[{"name":"wp","href":"https:\/\/api.w.org\/{rel}","templated":true}]}}