{"id":48720,"date":"2023-01-12T14:31:22","date_gmt":"2023-01-12T14:31:22","guid":{"rendered":"https:\/\/www.itape.com\/product\/ac20-de\/"},"modified":"2023-05-18T19:06:58","modified_gmt":"2023-05-18T19:06:58","slug":"ac20-de","status":"publish","type":"product","link":"https:\/\/www.itape.com\/de\/product\/ac20-de\/","title":{"rendered":"AC20"},"content":{"rendered":"","protected":false},"excerpt":{"rendered":"<p>228,6 \u03bcm Mehrzweck-Klebeband eignet sich perfekt f\u00fcr allgemeine Wartungsaufgaben wie Wicklung und Verpackung, Wetterschutz, Verbindung und B\u00fcndelung. Der aggressive Kleber aus Naturkautschuk haftet gut auf vielen verschiedenen Oberfl\u00e4chen und l\u00e4sst sich in einem breiten Temperaturbereich einsetzen. Zusatzfarben und Gr\u00f6\u00dfen verf\u00fcgbar (8 Farboptionen f\u00fcr einfache Erkennung).<\/p>\n","protected":false},"featured_media":53740,"comment_status":"closed","ping_status":"closed","template":"","meta":{"_acf_changed":false},"product_brand":[],"product_cat":[7768,7783,7809,7771],"product_tag":[8098,7077],"associated_application":[7019,6877,7012,7036,7021,6880,7020,6996,7021,6882,6886,6889,6926,6879,6885,6877,6918,7006,7019,6891,6890,7020,7024,6893,7021,6888,6983],"class_list":{"0":"post-48720","1":"product","2":"type-product","3":"status-publish","4":"has-post-thumbnail","6":"product_cat-building-and-construction-products-de","7":"product_cat-building-and-construction-products-gewebeklebeband-de","8":"product_cat-industrial-tapes-gewebeklebeband-de","9":"product_cat-industrial-tapes-de","10":"product_tag-duct-tape-de","11":"product_tag-utility-de","12":"associated_application-abtragung-de","13":"associated_application-luft-und-raumfahrt-de","14":"associated_application-allgemeine-anwendungen-de","15":"associated_application-allgemeine-prozessanwendungen-de","16":"associated_application-aufarbeitung-de","17":"associated_application-bauwesen-de","18":"associated_application-behaelterloesungen-de","19":"associated_application-buendelung-und-unitisierung-de","21":"associated_application-e-commerce-de","22":"associated_application-fertigung-de","23":"associated_application-hlk-de","24":"associated_application-hlk-klebebandverschluss-de","25":"associated_application-kfz-gewerbe-de","26":"associated_application-lebensmittelverarbeitung-de","28":"associated_application-mehrzweck-loesungen-de","29":"associated_application-oem-fertigung-de","31":"associated_application-sanierung-instandsetzung-de","32":"associated_application-schifffahrt-und-verbundwerkstoffe-de","34":"associated_application-standortsicherheit-de","35":"associated_application-transportwesen-de","37":"associated_application-umzug-und-lagerung-de","38":"associated_application-wartung-reparatur-und-instandhaltung-de","40":"first","41":"instock","42":"product-type-simple"},"acf":[],"yoast_head":"<!-- This site is optimized with the Yoast SEO Premium plugin v24.1 (Yoast SEO v27.0) - https:\/\/yoast.com\/product\/yoast-seo-premium-wordpress\/ -->\n<title>AC20 - IPG<\/title>\n<meta name=\"robots\" content=\"index, follow, max-snippet:-1, max-image-preview:large, max-video-preview:-1\" \/>\n<link rel=\"canonical\" href=\"https:\/\/www.itape.com\/product\/ac20\/\" \/>\n<meta property=\"og:locale\" content=\"de_DE\" \/>\n<meta property=\"og:type\" content=\"article\" \/>\n<meta property=\"og:title\" content=\"AC20\" \/>\n<meta property=\"og:description\" content=\"228,6 \u03bcm Mehrzweck-Klebeband eignet sich perfekt f\u00fcr allgemeine Wartungsaufgaben wie Wicklung und Verpackung, Wetterschutz, Verbindung und B\u00fcndelung. Der aggressive Kleber aus Naturkautschuk haftet gut auf vielen verschiedenen Oberfl\u00e4chen und l\u00e4sst sich in einem breiten Temperaturbereich einsetzen. Zusatzfarben und Gr\u00f6\u00dfen verf\u00fcgbar (8 Farboptionen f\u00fcr einfache Erkennung).\" \/>\n<meta property=\"og:url\" content=\"https:\/\/www.itape.com\/product\/ac20\/\" \/>\n<meta property=\"og:site_name\" content=\"IPG\" \/>\n<meta property=\"article:publisher\" content=\"https:\/\/www.facebook.com\/intertape\" \/>\n<meta property=\"article:modified_time\" content=\"2023-05-18T19:06:58+00:00\" \/>\n<meta property=\"og:image\" content=\"https:\/\/www.itape.com\/wp-content\/uploads\/ac20-slv-48mmx54.8m-shadow.jpg\" \/>\n\t<meta property=\"og:image:width\" content=\"1500\" \/>\n\t<meta property=\"og:image:height\" content=\"1500\" \/>\n\t<meta property=\"og:image:type\" content=\"image\/jpeg\" \/>\n<meta name=\"twitter:card\" content=\"summary_large_image\" \/>\n<meta name=\"twitter:site\" content=\"@IPGtape\" \/>\n<meta name=\"twitter:label1\" content=\"Price\" \/>\n\t<meta name=\"twitter:data1\" content=\"\" \/>\n\t<meta name=\"twitter:label2\" content=\"Availability\" \/>\n\t<meta name=\"twitter:data2\" content=\"In stock\" \/>\n<script type=\"application\/ld+json\" class=\"yoast-schema-graph\">{\"@context\":\"https:\/\/schema.org\",\"@graph\":[{\"@type\":\"WebPage\",\"@id\":\"https:\/\/www.itape.com\/product\/ac20\/\",\"url\":\"https:\/\/www.itape.com\/product\/ac20\/\",\"name\":\"AC20 - IPG\",\"isPartOf\":{\"@id\":\"https:\/\/www.itape.com\/#website\"},\"primaryImageOfPage\":{\"@id\":\"https:\/\/www.itape.com\/product\/ac20\/#primaryimage\"},\"image\":{\"@id\":\"https:\/\/www.itape.com\/product\/ac20\/#primaryimage\"},\"thumbnailUrl\":\"https:\/\/www.itape.com\/wp-content\/uploads\/product-image\/ac15-slv-48mmx54.8m-shadow.jpg\",\"datePublished\":\"2023-01-12T14:31:22+00:00\",\"dateModified\":\"2023-05-18T19:06:58+00:00\",\"breadcrumb\":{\"@id\":\"https:\/\/www.itape.com\/product\/ac20\/#breadcrumb\"},\"inLanguage\":\"de-DE\",\"potentialAction\":[{\"@type\":\"ReadAction\",\"target\":[\"https:\/\/www.itape.com\/product\/ac20\/\"]}]},{\"@type\":\"ImageObject\",\"inLanguage\":\"de-DE\",\"@id\":\"https:\/\/www.itape.com\/product\/ac20\/#primaryimage\",\"url\":\"https:\/\/www.itape.com\/wp-content\/uploads\/product-image\/ac15-slv-48mmx54.8m-shadow.jpg\",\"contentUrl\":\"https:\/\/www.itape.com\/wp-content\/uploads\/product-image\/ac15-slv-48mmx54.8m-shadow.jpg\",\"width\":2400,\"height\":2400,\"caption\":\"AC15_Duct\"},{\"@type\":\"BreadcrumbList\",\"@id\":\"https:\/\/www.itape.com\/product\/ac20\/#breadcrumb\",\"itemListElement\":[{\"@type\":\"ListItem\",\"position\":1,\"name\":\"Home\",\"item\":\"https:\/\/www.itape.com\/de\/\"},{\"@type\":\"ListItem\",\"position\":2,\"name\":\"Products\",\"item\":\"https:\/\/www.itape.com\/products\/\"},{\"@type\":\"ListItem\",\"position\":3,\"name\":\"AC20\"}]},{\"@type\":\"WebSite\",\"@id\":\"https:\/\/www.itape.com\/#website\",\"url\":\"https:\/\/www.itape.com\/\",\"name\":\"IPG\",\"description\":\"Global Leader in Packaging and Protective Solutions\",\"publisher\":{\"@id\":\"https:\/\/www.itape.com\/#organization\"},\"potentialAction\":[{\"@type\":\"SearchAction\",\"target\":{\"@type\":\"EntryPoint\",\"urlTemplate\":\"https:\/\/www.itape.com\/?s={search_term_string}\"},\"query-input\":{\"@type\":\"PropertyValueSpecification\",\"valueRequired\":true,\"valueName\":\"search_term_string\"}}],\"inLanguage\":\"de-DE\"},{\"@type\":\"Organization\",\"@id\":\"https:\/\/www.itape.com\/#organization\",\"name\":\"IPG\",\"url\":\"https:\/\/www.itape.com\/\",\"logo\":{\"@type\":\"ImageObject\",\"inLanguage\":\"de-DE\",\"@id\":\"https:\/\/www.itape.com\/#\/schema\/logo\/image\/\",\"url\":\"https:\/\/www.itape.com\/wp-content\/uploads\/2024\/06\/IPG-logo-2.png\",\"contentUrl\":\"https:\/\/www.itape.com\/wp-content\/uploads\/2024\/06\/IPG-logo-2.png\",\"width\":60,\"height\":60,\"caption\":\"IPG\"},\"image\":{\"@id\":\"https:\/\/www.itape.com\/#\/schema\/logo\/image\/\"},\"sameAs\":[\"https:\/\/www.facebook.com\/intertape\",\"https:\/\/x.com\/IPGtape\",\"https:\/\/www.linkedin.com\/company\/intertape-polymer-group\",\"https:\/\/www.instagram.com\/ipgtape\",\"https:\/\/www.youtube.com\/user\/IPGtape\"]}]}<\/script>\n<meta property=\"product:price:currency\" content=\"USD\" \/>\n<meta property=\"og:availability\" content=\"instock\" \/>\n<meta property=\"product:availability\" content=\"instock\" \/>\n<meta property=\"product:retailer_item_id\" content=\"c04e368718a3\" \/>\n<meta property=\"product:condition\" content=\"new\" \/>\n<!-- \/ Yoast SEO Premium plugin. -->","yoast_head_json":{"title":"AC20 - IPG","robots":{"index":"index","follow":"follow","max-snippet":"max-snippet:-1","max-image-preview":"max-image-preview:large","max-video-preview":"max-video-preview:-1"},"canonical":"https:\/\/www.itape.com\/product\/ac20\/","og_locale":"de_DE","og_type":"article","og_title":"AC20","og_description":"228,6 \u03bcm Mehrzweck-Klebeband eignet sich perfekt f\u00fcr allgemeine Wartungsaufgaben wie Wicklung und Verpackung, Wetterschutz, Verbindung und B\u00fcndelung. Der aggressive Kleber aus Naturkautschuk haftet gut auf vielen verschiedenen Oberfl\u00e4chen und l\u00e4sst sich in einem breiten Temperaturbereich einsetzen. Zusatzfarben und Gr\u00f6\u00dfen verf\u00fcgbar (8 Farboptionen f\u00fcr einfache Erkennung).","og_url":"https:\/\/www.itape.com\/product\/ac20\/","og_site_name":"IPG","article_publisher":"https:\/\/www.facebook.com\/intertape","article_modified_time":"2023-05-18T19:06:58+00:00","og_image":[{"width":1500,"height":1500,"url":"https:\/\/www.itape.com\/wp-content\/uploads\/ac20-slv-48mmx54.8m-shadow.jpg","type":"image\/jpeg"}],"twitter_card":"summary_large_image","twitter_site":"@IPGtape","twitter_misc":{"Price":"","Availability":"In stock"},"schema":{"@context":"https:\/\/schema.org","@graph":[{"@type":"WebPage","@id":"https:\/\/www.itape.com\/product\/ac20\/","url":"https:\/\/www.itape.com\/product\/ac20\/","name":"AC20 - IPG","isPartOf":{"@id":"https:\/\/www.itape.com\/#website"},"primaryImageOfPage":{"@id":"https:\/\/www.itape.com\/product\/ac20\/#primaryimage"},"image":{"@id":"https:\/\/www.itape.com\/product\/ac20\/#primaryimage"},"thumbnailUrl":"https:\/\/www.itape.com\/wp-content\/uploads\/product-image\/ac15-slv-48mmx54.8m-shadow.jpg","datePublished":"2023-01-12T14:31:22+00:00","dateModified":"2023-05-18T19:06:58+00:00","breadcrumb":{"@id":"https:\/\/www.itape.com\/product\/ac20\/#breadcrumb"},"inLanguage":"de-DE","potentialAction":[{"@type":"ReadAction","target":["https:\/\/www.itape.com\/product\/ac20\/"]}]},{"@type":"ImageObject","inLanguage":"de-DE","@id":"https:\/\/www.itape.com\/product\/ac20\/#primaryimage","url":"https:\/\/www.itape.com\/wp-content\/uploads\/product-image\/ac15-slv-48mmx54.8m-shadow.jpg","contentUrl":"https:\/\/www.itape.com\/wp-content\/uploads\/product-image\/ac15-slv-48mmx54.8m-shadow.jpg","width":2400,"height":2400,"caption":"AC15_Duct"},{"@type":"BreadcrumbList","@id":"https:\/\/www.itape.com\/product\/ac20\/#breadcrumb","itemListElement":[{"@type":"ListItem","position":1,"name":"Home","item":"https:\/\/www.itape.com\/de\/"},{"@type":"ListItem","position":2,"name":"Products","item":"https:\/\/www.itape.com\/products\/"},{"@type":"ListItem","position":3,"name":"AC20"}]},{"@type":"WebSite","@id":"https:\/\/www.itape.com\/#website","url":"https:\/\/www.itape.com\/","name":"IPG","description":"Global Leader in Packaging and Protective Solutions","publisher":{"@id":"https:\/\/www.itape.com\/#organization"},"potentialAction":[{"@type":"SearchAction","target":{"@type":"EntryPoint","urlTemplate":"https:\/\/www.itape.com\/?s={search_term_string}"},"query-input":{"@type":"PropertyValueSpecification","valueRequired":true,"valueName":"search_term_string"}}],"inLanguage":"de-DE"},{"@type":"Organization","@id":"https:\/\/www.itape.com\/#organization","name":"IPG","url":"https:\/\/www.itape.com\/","logo":{"@type":"ImageObject","inLanguage":"de-DE","@id":"https:\/\/www.itape.com\/#\/schema\/logo\/image\/","url":"https:\/\/www.itape.com\/wp-content\/uploads\/2024\/06\/IPG-logo-2.png","contentUrl":"https:\/\/www.itape.com\/wp-content\/uploads\/2024\/06\/IPG-logo-2.png","width":60,"height":60,"caption":"IPG"},"image":{"@id":"https:\/\/www.itape.com\/#\/schema\/logo\/image\/"},"sameAs":["https:\/\/www.facebook.com\/intertape","https:\/\/x.com\/IPGtape","https:\/\/www.linkedin.com\/company\/intertape-polymer-group","https:\/\/www.instagram.com\/ipgtape","https:\/\/www.youtube.com\/user\/IPGtape"]}]},"product_price_currency":"USD","og_availability":"instock","product_availability":"instock","product_retailer_item_id":"c04e368718a3","product_condition":"new"},"parsely":{"version":"1.1.0","canonical_url":"https:\/\/itape.com\/de\/product\/ac20-de\/","smart_links":{"inbound":0,"outbound":0},"traffic_boost_suggestions_count":0,"meta":{"@context":"https:\/\/schema.org","@type":"WebPage","headline":"AC20","url":"https:\/\/www.itape.com\/de\/product\/ac20-de\/","mainEntityOfPage":{"@type":"WebPage","@id":"https:\/\/www.itape.com\/de\/product\/ac20-de\/"},"thumbnailUrl":"https:\/\/www.itape.com\/wp-content\/uploads\/product-image\/ac15-slv-48mmx54.8m-shadow.jpg?w=150&h=150&crop=1","image":{"@type":"ImageObject","url":"https:\/\/www.itape.com\/wp-content\/uploads\/product-image\/ac15-slv-48mmx54.8m-shadow.jpg"},"articleSection":"Unkategorisiert","author":[{"@type":"Person","name":"IPG"}],"creator":["IPG"],"publisher":{"@type":"Organization","name":"IPG","logo":"https:\/\/www.itape.com\/wp-content\/uploads\/2023\/03\/IPG-logo-2.png"},"keywords":[],"dateCreated":"2023-01-12T14:31:22Z","datePublished":"2023-01-12T14:31:22Z","dateModified":"2023-05-18T19:06:58Z"},"rendered":"<meta name=\"parsely-title\" content=\"AC20\" \/>\n<meta name=\"parsely-link\" content=\"https:\/\/www.itape.com\/de\/product\/ac20-de\/\" \/>\n<meta name=\"parsely-type\" content=\"index\" \/>\n<meta name=\"parsely-image-url\" content=\"https:\/\/www.itape.com\/wp-content\/uploads\/product-image\/ac15-slv-48mmx54.8m-shadow.jpg?w=150&amp;h=150&amp;crop=1\" \/>\n<meta name=\"parsely-pub-date\" content=\"2023-01-12T14:31:22Z\" \/>\n<meta name=\"parsely-section\" content=\"Unkategorisiert\" \/>\n<meta name=\"parsely-author\" content=\"IPG\" \/>","tracker_url":"https:\/\/cdn.parsely.com\/keys\/itape.com\/p.js"},"jetpack_sharing_enabled":true,"_links":{"self":[{"href":"https:\/\/www.itape.com\/de\/wp-json\/wp\/v2\/product\/48720","targetHints":{"allow":["GET"]}}],"collection":[{"href":"https:\/\/www.itape.com\/de\/wp-json\/wp\/v2\/product"}],"about":[{"href":"https:\/\/www.itape.com\/de\/wp-json\/wp\/v2\/types\/product"}],"replies":[{"embeddable":true,"href":"https:\/\/www.itape.com\/de\/wp-json\/wp\/v2\/comments?post=48720"}],"wp:featuredmedia":[{"embeddable":true,"href":"https:\/\/www.itape.com\/de\/wp-json\/wp\/v2\/media\/53740"}],"wp:attachment":[{"href":"https:\/\/www.itape.com\/de\/wp-json\/wp\/v2\/media?parent=48720"}],"wp:term":[{"taxonomy":"product_brand","embeddable":true,"href":"https:\/\/www.itape.com\/de\/wp-json\/wp\/v2\/product_brand?post=48720"},{"taxonomy":"product_cat","embeddable":true,"href":"https:\/\/www.itape.com\/de\/wp-json\/wp\/v2\/product_cat?post=48720"},{"taxonomy":"product_tag","embeddable":true,"href":"https:\/\/www.itape.com\/de\/wp-json\/wp\/v2\/product_tag?post=48720"},{"taxonomy":"associated_application","embeddable":true,"href":"https:\/\/www.itape.com\/de\/wp-json\/wp\/v2\/associated_application?post=48720"}],"curies":[{"name":"wp","href":"https:\/\/api.w.org\/{rel}","templated":true}]}}