{"id":48733,"date":"2023-01-12T14:31:28","date_gmt":"2023-01-12T14:31:28","guid":{"rendered":"https:\/\/www.itape.com\/product\/ac74-carpet-tape-de-2\/"},"modified":"2023-06-27T19:15:25","modified_gmt":"2023-06-27T19:15:25","slug":"ac74-carpet-tape-de-2","status":"publish","type":"product","link":"https:\/\/www.itape.com\/de\/product\/ac74-carpet-tape-de-2\/","title":{"rendered":"AC74 Carpet Tape"},"content":{"rendered":"","protected":false},"excerpt":{"rendered":"<p>Doppelseitig beschichtetes Gewebeband \u2013 Doppelseitig beschichtetes Gewebe mit druckempfindlichem Gummiklebstoff, bietet m\u00e4\u00dfige Haftung und gute Anfangsklebkraft auf verschiedenen Oberfl\u00e4chen (einschlie\u00dflich unregelm\u00e4\u00dfigen und porigen Oberfl\u00e4chen). Der Klebstoff wurde f\u00fcr saubere, r\u00fcckstandlose Entfernung von den meisten Oberfl\u00e4chen entwickelt. Besitzt eine einfach abziehbare PE-Folienabdeckung (blau). F\u00fcr die provisorische Montage, Splei\u00dfung, Befestigung, Positionierung, und jede Anwendung, die die Verbindung von zwei Oberfl\u00e4chen erfordert.<\/p>\n","protected":false},"featured_media":53130,"comment_status":"closed","ping_status":"closed","template":"","meta":{"_acf_changed":false},"product_brand":[],"product_cat":[7768,7801,7045,7801,7783,7771],"product_tag":[8131],"associated_application":[6877,6880,6882,6886,6889,6879,6885,6877,6986,6891,6890,6893,6888],"class_list":{"0":"post-48733","1":"product","2":"type-product","3":"status-publish","4":"has-post-thumbnail","6":"product_cat-building-and-construction-products-de","7":"product_cat-industrial-tapes-doppelseitig-beschichtetes-klebeband-de","8":"product_cat-double-coated-tape-de","10":"product_cat-building-and-construction-products-gewebeklebeband-de","11":"product_cat-industrial-tapes-de","12":"product_tag-double-sided-cloth-tapes-de-2","13":"associated_application-luft-und-raumfahrt-de","14":"associated_application-bauwesen-de","15":"associated_application-e-commerce-de","16":"associated_application-fertigung-de","17":"associated_application-hlk-de","18":"associated_application-kfz-gewerbe-de","19":"associated_application-lebensmittelverarbeitung-de","21":"associated_application-reparatur-de","22":"associated_application-sanierung-instandsetzung-de","23":"associated_application-schifffahrt-und-verbundwerkstoffe-de","24":"associated_application-transportwesen-de","25":"associated_application-umzug-und-lagerung-de","27":"first","28":"instock","29":"product-type-simple"},"acf":[],"yoast_head":"<!-- This site is optimized with the Yoast SEO Premium plugin v24.1 (Yoast SEO v27.0) - https:\/\/yoast.com\/product\/yoast-seo-premium-wordpress\/ -->\n<title>AC74 Carpet Tape - IPG<\/title>\n<meta name=\"robots\" content=\"index, follow, max-snippet:-1, max-image-preview:large, max-video-preview:-1\" \/>\n<link rel=\"canonical\" href=\"https:\/\/www.itape.com\/product\/ac74-carpet-tape-2\/\" \/>\n<meta property=\"og:locale\" content=\"de_DE\" \/>\n<meta property=\"og:type\" content=\"article\" \/>\n<meta property=\"og:title\" content=\"AC74 Carpet Tape\" \/>\n<meta property=\"og:description\" content=\"Doppelseitig beschichtetes Gewebeband \u2013 Doppelseitig beschichtetes Gewebe mit druckempfindlichem Gummiklebstoff, bietet m\u00e4\u00dfige Haftung und gute Anfangsklebkraft auf verschiedenen Oberfl\u00e4chen (einschlie\u00dflich unregelm\u00e4\u00dfigen und porigen Oberfl\u00e4chen). Der Klebstoff wurde f\u00fcr saubere, r\u00fcckstandlose Entfernung von den meisten Oberfl\u00e4chen entwickelt. Besitzt eine einfach abziehbare PE-Folienabdeckung (blau). F\u00fcr die provisorische Montage, Splei\u00dfung, Befestigung, Positionierung, und jede Anwendung, die die Verbindung von zwei Oberfl\u00e4chen erfordert.\" \/>\n<meta property=\"og:url\" content=\"https:\/\/www.itape.com\/product\/ac74-carpet-tape-2\/\" \/>\n<meta property=\"og:site_name\" content=\"IPG\" \/>\n<meta property=\"article:publisher\" content=\"https:\/\/www.facebook.com\/intertape\" \/>\n<meta property=\"article:modified_time\" content=\"2023-06-27T19:15:25+00:00\" \/>\n<meta property=\"og:image\" content=\"https:\/\/www.itape.com\/wp-content\/uploads\/product-image\/ac74-nat-48mmx32.9m-shadow.jpg\" \/>\n\t<meta property=\"og:image:width\" content=\"2400\" \/>\n\t<meta property=\"og:image:height\" content=\"2400\" \/>\n\t<meta property=\"og:image:type\" content=\"image\/jpeg\" \/>\n<meta name=\"twitter:card\" content=\"summary_large_image\" \/>\n<meta name=\"twitter:site\" content=\"@IPGtape\" \/>\n<meta name=\"twitter:label1\" content=\"Price\" \/>\n\t<meta name=\"twitter:data1\" content=\"\" \/>\n\t<meta name=\"twitter:label2\" content=\"Availability\" \/>\n\t<meta name=\"twitter:data2\" content=\"In stock\" \/>\n<script type=\"application\/ld+json\" class=\"yoast-schema-graph\">{\"@context\":\"https:\/\/schema.org\",\"@graph\":[{\"@type\":\"WebPage\",\"@id\":\"https:\/\/www.itape.com\/product\/ac74-carpet-tape-2\/\",\"url\":\"https:\/\/www.itape.com\/product\/ac74-carpet-tape-2\/\",\"name\":\"AC74 Carpet Tape - IPG\",\"isPartOf\":{\"@id\":\"https:\/\/www.itape.com\/#website\"},\"primaryImageOfPage\":{\"@id\":\"https:\/\/www.itape.com\/product\/ac74-carpet-tape-2\/#primaryimage\"},\"image\":{\"@id\":\"https:\/\/www.itape.com\/product\/ac74-carpet-tape-2\/#primaryimage\"},\"thumbnailUrl\":\"https:\/\/www.itape.com\/wp-content\/uploads\/product-image\/ac74-nat-48mmx32.9m-shadow.jpg\",\"datePublished\":\"2023-01-12T14:31:28+00:00\",\"dateModified\":\"2023-06-27T19:15:25+00:00\",\"breadcrumb\":{\"@id\":\"https:\/\/www.itape.com\/product\/ac74-carpet-tape-2\/#breadcrumb\"},\"inLanguage\":\"de-DE\",\"potentialAction\":[{\"@type\":\"ReadAction\",\"target\":[\"https:\/\/www.itape.com\/product\/ac74-carpet-tape-2\/\"]}]},{\"@type\":\"ImageObject\",\"inLanguage\":\"de-DE\",\"@id\":\"https:\/\/www.itape.com\/product\/ac74-carpet-tape-2\/#primaryimage\",\"url\":\"https:\/\/www.itape.com\/wp-content\/uploads\/product-image\/ac74-nat-48mmx32.9m-shadow.jpg\",\"contentUrl\":\"https:\/\/www.itape.com\/wp-content\/uploads\/product-image\/ac74-nat-48mmx32.9m-shadow.jpg\",\"width\":2400,\"height\":2400,\"caption\":\"AC75_Duct\"},{\"@type\":\"BreadcrumbList\",\"@id\":\"https:\/\/www.itape.com\/product\/ac74-carpet-tape-2\/#breadcrumb\",\"itemListElement\":[{\"@type\":\"ListItem\",\"position\":1,\"name\":\"Home\",\"item\":\"https:\/\/www.itape.com\/de\/\"},{\"@type\":\"ListItem\",\"position\":2,\"name\":\"Products\",\"item\":\"https:\/\/www.itape.com\/products\/\"},{\"@type\":\"ListItem\",\"position\":3,\"name\":\"AC74 Carpet Tape\"}]},{\"@type\":\"WebSite\",\"@id\":\"https:\/\/www.itape.com\/#website\",\"url\":\"https:\/\/www.itape.com\/\",\"name\":\"IPG\",\"description\":\"Global Leader in Packaging and Protective Solutions\",\"publisher\":{\"@id\":\"https:\/\/www.itape.com\/#organization\"},\"potentialAction\":[{\"@type\":\"SearchAction\",\"target\":{\"@type\":\"EntryPoint\",\"urlTemplate\":\"https:\/\/www.itape.com\/?s={search_term_string}\"},\"query-input\":{\"@type\":\"PropertyValueSpecification\",\"valueRequired\":true,\"valueName\":\"search_term_string\"}}],\"inLanguage\":\"de-DE\"},{\"@type\":\"Organization\",\"@id\":\"https:\/\/www.itape.com\/#organization\",\"name\":\"IPG\",\"url\":\"https:\/\/www.itape.com\/\",\"logo\":{\"@type\":\"ImageObject\",\"inLanguage\":\"de-DE\",\"@id\":\"https:\/\/www.itape.com\/#\/schema\/logo\/image\/\",\"url\":\"https:\/\/www.itape.com\/wp-content\/uploads\/2024\/06\/IPG-logo-2.png\",\"contentUrl\":\"https:\/\/www.itape.com\/wp-content\/uploads\/2024\/06\/IPG-logo-2.png\",\"width\":60,\"height\":60,\"caption\":\"IPG\"},\"image\":{\"@id\":\"https:\/\/www.itape.com\/#\/schema\/logo\/image\/\"},\"sameAs\":[\"https:\/\/www.facebook.com\/intertape\",\"https:\/\/x.com\/IPGtape\",\"https:\/\/www.linkedin.com\/company\/intertape-polymer-group\",\"https:\/\/www.instagram.com\/ipgtape\",\"https:\/\/www.youtube.com\/user\/IPGtape\"]}]}<\/script>\n<meta property=\"product:price:currency\" content=\"USD\" \/>\n<meta property=\"og:availability\" content=\"instock\" \/>\n<meta property=\"product:availability\" content=\"instock\" \/>\n<meta property=\"product:retailer_item_id\" content=\"cb50ef9f5a83\" \/>\n<meta property=\"product:condition\" content=\"new\" \/>\n<!-- \/ Yoast SEO Premium plugin. -->","yoast_head_json":{"title":"AC74 Carpet Tape - IPG","robots":{"index":"index","follow":"follow","max-snippet":"max-snippet:-1","max-image-preview":"max-image-preview:large","max-video-preview":"max-video-preview:-1"},"canonical":"https:\/\/www.itape.com\/product\/ac74-carpet-tape-2\/","og_locale":"de_DE","og_type":"article","og_title":"AC74 Carpet Tape","og_description":"Doppelseitig beschichtetes Gewebeband \u2013 Doppelseitig beschichtetes Gewebe mit druckempfindlichem Gummiklebstoff, bietet m\u00e4\u00dfige Haftung und gute Anfangsklebkraft auf verschiedenen Oberfl\u00e4chen (einschlie\u00dflich unregelm\u00e4\u00dfigen und porigen Oberfl\u00e4chen). Der Klebstoff wurde f\u00fcr saubere, r\u00fcckstandlose Entfernung von den meisten Oberfl\u00e4chen entwickelt. Besitzt eine einfach abziehbare PE-Folienabdeckung (blau). F\u00fcr die provisorische Montage, Splei\u00dfung, Befestigung, Positionierung, und jede Anwendung, die die Verbindung von zwei Oberfl\u00e4chen erfordert.","og_url":"https:\/\/www.itape.com\/product\/ac74-carpet-tape-2\/","og_site_name":"IPG","article_publisher":"https:\/\/www.facebook.com\/intertape","article_modified_time":"2023-06-27T19:15:25+00:00","og_image":[{"width":2400,"height":2400,"url":"https:\/\/www.itape.com\/wp-content\/uploads\/product-image\/ac74-nat-48mmx32.9m-shadow.jpg","type":"image\/jpeg"}],"twitter_card":"summary_large_image","twitter_site":"@IPGtape","twitter_misc":{"Price":"","Availability":"In stock"},"schema":{"@context":"https:\/\/schema.org","@graph":[{"@type":"WebPage","@id":"https:\/\/www.itape.com\/product\/ac74-carpet-tape-2\/","url":"https:\/\/www.itape.com\/product\/ac74-carpet-tape-2\/","name":"AC74 Carpet Tape - IPG","isPartOf":{"@id":"https:\/\/www.itape.com\/#website"},"primaryImageOfPage":{"@id":"https:\/\/www.itape.com\/product\/ac74-carpet-tape-2\/#primaryimage"},"image":{"@id":"https:\/\/www.itape.com\/product\/ac74-carpet-tape-2\/#primaryimage"},"thumbnailUrl":"https:\/\/www.itape.com\/wp-content\/uploads\/product-image\/ac74-nat-48mmx32.9m-shadow.jpg","datePublished":"2023-01-12T14:31:28+00:00","dateModified":"2023-06-27T19:15:25+00:00","breadcrumb":{"@id":"https:\/\/www.itape.com\/product\/ac74-carpet-tape-2\/#breadcrumb"},"inLanguage":"de-DE","potentialAction":[{"@type":"ReadAction","target":["https:\/\/www.itape.com\/product\/ac74-carpet-tape-2\/"]}]},{"@type":"ImageObject","inLanguage":"de-DE","@id":"https:\/\/www.itape.com\/product\/ac74-carpet-tape-2\/#primaryimage","url":"https:\/\/www.itape.com\/wp-content\/uploads\/product-image\/ac74-nat-48mmx32.9m-shadow.jpg","contentUrl":"https:\/\/www.itape.com\/wp-content\/uploads\/product-image\/ac74-nat-48mmx32.9m-shadow.jpg","width":2400,"height":2400,"caption":"AC75_Duct"},{"@type":"BreadcrumbList","@id":"https:\/\/www.itape.com\/product\/ac74-carpet-tape-2\/#breadcrumb","itemListElement":[{"@type":"ListItem","position":1,"name":"Home","item":"https:\/\/www.itape.com\/de\/"},{"@type":"ListItem","position":2,"name":"Products","item":"https:\/\/www.itape.com\/products\/"},{"@type":"ListItem","position":3,"name":"AC74 Carpet Tape"}]},{"@type":"WebSite","@id":"https:\/\/www.itape.com\/#website","url":"https:\/\/www.itape.com\/","name":"IPG","description":"Global Leader in Packaging and Protective Solutions","publisher":{"@id":"https:\/\/www.itape.com\/#organization"},"potentialAction":[{"@type":"SearchAction","target":{"@type":"EntryPoint","urlTemplate":"https:\/\/www.itape.com\/?s={search_term_string}"},"query-input":{"@type":"PropertyValueSpecification","valueRequired":true,"valueName":"search_term_string"}}],"inLanguage":"de-DE"},{"@type":"Organization","@id":"https:\/\/www.itape.com\/#organization","name":"IPG","url":"https:\/\/www.itape.com\/","logo":{"@type":"ImageObject","inLanguage":"de-DE","@id":"https:\/\/www.itape.com\/#\/schema\/logo\/image\/","url":"https:\/\/www.itape.com\/wp-content\/uploads\/2024\/06\/IPG-logo-2.png","contentUrl":"https:\/\/www.itape.com\/wp-content\/uploads\/2024\/06\/IPG-logo-2.png","width":60,"height":60,"caption":"IPG"},"image":{"@id":"https:\/\/www.itape.com\/#\/schema\/logo\/image\/"},"sameAs":["https:\/\/www.facebook.com\/intertape","https:\/\/x.com\/IPGtape","https:\/\/www.linkedin.com\/company\/intertape-polymer-group","https:\/\/www.instagram.com\/ipgtape","https:\/\/www.youtube.com\/user\/IPGtape"]}]},"product_price_currency":"USD","og_availability":"instock","product_availability":"instock","product_retailer_item_id":"cb50ef9f5a83","product_condition":"new"},"parsely":{"version":"1.1.0","canonical_url":"https:\/\/itape.com\/de\/product\/ac74-carpet-tape-de-2\/","smart_links":{"inbound":0,"outbound":0},"traffic_boost_suggestions_count":0,"meta":{"@context":"https:\/\/schema.org","@type":"WebPage","headline":"AC74 Carpet Tape","url":"https:\/\/www.itape.com\/de\/product\/ac74-carpet-tape-de-2\/","mainEntityOfPage":{"@type":"WebPage","@id":"https:\/\/www.itape.com\/de\/product\/ac74-carpet-tape-de-2\/"},"thumbnailUrl":"https:\/\/www.itape.com\/wp-content\/uploads\/product-image\/ac74-nat-48mmx32.9m-shadow.jpg?w=150&h=150&crop=1","image":{"@type":"ImageObject","url":"https:\/\/www.itape.com\/wp-content\/uploads\/product-image\/ac74-nat-48mmx32.9m-shadow.jpg"},"articleSection":"Unkategorisiert","author":[{"@type":"Person","name":"IPG"}],"creator":["IPG"],"publisher":{"@type":"Organization","name":"IPG","logo":"https:\/\/www.itape.com\/wp-content\/uploads\/2023\/03\/IPG-logo-2.png"},"keywords":[],"dateCreated":"2023-01-12T14:31:28Z","datePublished":"2023-01-12T14:31:28Z","dateModified":"2023-06-27T19:15:25Z"},"rendered":"<meta name=\"parsely-title\" content=\"AC74 Carpet Tape\" \/>\n<meta name=\"parsely-link\" content=\"https:\/\/www.itape.com\/de\/product\/ac74-carpet-tape-de-2\/\" \/>\n<meta name=\"parsely-type\" content=\"index\" \/>\n<meta name=\"parsely-image-url\" content=\"https:\/\/www.itape.com\/wp-content\/uploads\/product-image\/ac74-nat-48mmx32.9m-shadow.jpg?w=150&amp;h=150&amp;crop=1\" \/>\n<meta name=\"parsely-pub-date\" content=\"2023-01-12T14:31:28Z\" \/>\n<meta name=\"parsely-section\" content=\"Unkategorisiert\" \/>\n<meta name=\"parsely-author\" content=\"IPG\" \/>","tracker_url":"https:\/\/cdn.parsely.com\/keys\/itape.com\/p.js"},"jetpack_sharing_enabled":true,"_links":{"self":[{"href":"https:\/\/www.itape.com\/de\/wp-json\/wp\/v2\/product\/48733","targetHints":{"allow":["GET"]}}],"collection":[{"href":"https:\/\/www.itape.com\/de\/wp-json\/wp\/v2\/product"}],"about":[{"href":"https:\/\/www.itape.com\/de\/wp-json\/wp\/v2\/types\/product"}],"replies":[{"embeddable":true,"href":"https:\/\/www.itape.com\/de\/wp-json\/wp\/v2\/comments?post=48733"}],"wp:featuredmedia":[{"embeddable":true,"href":"https:\/\/www.itape.com\/de\/wp-json\/wp\/v2\/media\/53130"}],"wp:attachment":[{"href":"https:\/\/www.itape.com\/de\/wp-json\/wp\/v2\/media?parent=48733"}],"wp:term":[{"taxonomy":"product_brand","embeddable":true,"href":"https:\/\/www.itape.com\/de\/wp-json\/wp\/v2\/product_brand?post=48733"},{"taxonomy":"product_cat","embeddable":true,"href":"https:\/\/www.itape.com\/de\/wp-json\/wp\/v2\/product_cat?post=48733"},{"taxonomy":"product_tag","embeddable":true,"href":"https:\/\/www.itape.com\/de\/wp-json\/wp\/v2\/product_tag?post=48733"},{"taxonomy":"associated_application","embeddable":true,"href":"https:\/\/www.itape.com\/de\/wp-json\/wp\/v2\/associated_application?post=48733"}],"curies":[{"name":"wp","href":"https:\/\/api.w.org\/{rel}","templated":true}]}}