{"id":48742,"date":"2023-01-12T14:31:34","date_gmt":"2023-01-12T14:31:34","guid":{"rendered":"https:\/\/www.itape.com\/product\/4237-de\/"},"modified":"2023-04-17T21:45:50","modified_gmt":"2023-04-17T21:45:50","slug":"4237-de","status":"publish","type":"product","link":"https:\/\/www.itape.com\/de\/product\/4237-de\/","title":{"rendered":"4237"},"content":{"rendered":"","protected":false},"excerpt":{"rendered":"<p>Hohe rei\u00dffeste Glasfaserdr\u00e4hte und formanpassbare PET-Folienbeschichtung mit einem aggressiven Klebstoff f\u00fcr eine Vielzahl von Isolations-, B\u00e4nderungs- und Befestigungsanwendungen, die hohen Beanspruchungen und schwerer Belastung ausgesetzt sind. Die 25,4 \u03bcm Polyesterfolie bietet Durchsto\u00df-, Kantenrei\u00df- und Abriebfestigkeit. 4237 wurde speziell zur Verwendung in \u00d6ltransformatoren entwickelt und vorgesehen. Nach dem W\u00e4rmeaush\u00e4rten bietet der Acrylklebstoff \u00fcberragende Best\u00e4ndigkeit gegen\u00fcber Chemikalien, L\u00f6sungsmitteln und Alterung zus\u00e4tzlich zur hervorragenden Spannungsfestigkeit und zum Isolierwiderstand.<\/p>\n","protected":false},"featured_media":62007,"comment_status":"closed","ping_status":"closed","template":"","meta":{"_acf_changed":false},"product_brand":[],"product_cat":[7768,7803,7784,7047,7771],"product_tag":[7106],"associated_application":[6886,6956,6877,6958,6893,6954,6952,6983],"class_list":{"0":"post-48742","1":"product","2":"type-product","3":"status-publish","4":"has-post-thumbnail","6":"product_cat-building-and-construction-products-de","7":"product_cat-industrial-tapes-elektroklebeband-de","8":"product_cat-building-and-construction-products-elektroklebeband-de","9":"product_cat-electrical-tape-de","10":"product_cat-industrial-tapes-de","11":"product_tag-glass-filament-de","12":"associated_application-fertigung-de","13":"associated_application-generatoren-de","14":"associated_application-luft-und-raumfahrt-de","15":"associated_application-motoren-de","16":"associated_application-transportwesen-de","17":"associated_application-trockentyp-und-oelgefuellte-transformatoren-de","18":"associated_application-ul-approved-155-c-de","19":"associated_application-wartung-reparatur-und-instandhaltung-de","21":"first","22":"instock","23":"product-type-simple"},"acf":[],"yoast_head":"<!-- This site is optimized with the Yoast SEO Premium plugin v24.1 (Yoast SEO v27.0) - https:\/\/yoast.com\/product\/yoast-seo-premium-wordpress\/ -->\n<title>4237 - IPG<\/title>\n<meta name=\"robots\" content=\"index, follow, max-snippet:-1, max-image-preview:large, max-video-preview:-1\" \/>\n<link rel=\"canonical\" href=\"https:\/\/www.itape.com\/de\/product\/4237-de\/\" \/>\n<meta property=\"og:locale\" content=\"de_DE\" \/>\n<meta property=\"og:type\" content=\"article\" \/>\n<meta property=\"og:title\" content=\"4237\" \/>\n<meta property=\"og:description\" content=\"Hohe rei\u00dffeste Glasfaserdr\u00e4hte und formanpassbare PET-Folienbeschichtung mit einem aggressiven Klebstoff f\u00fcr eine Vielzahl von Isolations-, B\u00e4nderungs- und Befestigungsanwendungen, die hohen Beanspruchungen und schwerer Belastung ausgesetzt sind. Die 25,4 \u03bcm Polyesterfolie bietet Durchsto\u00df-, Kantenrei\u00df- und Abriebfestigkeit. 4237 wurde speziell zur Verwendung in \u00d6ltransformatoren entwickelt und vorgesehen. Nach dem W\u00e4rmeaush\u00e4rten bietet der Acrylklebstoff \u00fcberragende Best\u00e4ndigkeit gegen\u00fcber Chemikalien, L\u00f6sungsmitteln und Alterung zus\u00e4tzlich zur hervorragenden Spannungsfestigkeit und zum Isolierwiderstand.\" \/>\n<meta property=\"og:url\" content=\"https:\/\/www.itape.com\/de\/product\/4237-de\/\" \/>\n<meta property=\"og:site_name\" content=\"IPG\" \/>\n<meta property=\"article:publisher\" content=\"https:\/\/www.facebook.com\/intertape\" \/>\n<meta property=\"article:modified_time\" content=\"2023-04-17T21:45:50+00:00\" \/>\n<meta name=\"twitter:card\" content=\"summary_large_image\" \/>\n<meta name=\"twitter:image\" content=\"https:\/\/www.itape.com\/wp-content\/uploads\/2023\/01\/4237_high-1.jpg\" \/>\n<meta name=\"twitter:site\" content=\"@IPGtape\" \/>\n<meta name=\"twitter:label1\" content=\"Price\" \/>\n\t<meta name=\"twitter:data1\" content=\"\" \/>\n\t<meta name=\"twitter:label2\" content=\"Availability\" \/>\n\t<meta name=\"twitter:data2\" content=\"In stock\" \/>\n<script type=\"application\/ld+json\" class=\"yoast-schema-graph\">{\"@context\":\"https:\/\/schema.org\",\"@graph\":[{\"@type\":\"WebPage\",\"@id\":\"https:\/\/www.itape.com\/de\/product\/4237-de\/\",\"url\":\"https:\/\/www.itape.com\/de\/product\/4237-de\/\",\"name\":\"4237 - IPG\",\"isPartOf\":{\"@id\":\"https:\/\/www.itape.com\/#website\"},\"primaryImageOfPage\":{\"@id\":\"https:\/\/www.itape.com\/de\/product\/4237-de\/#primaryimage\"},\"image\":{\"@id\":\"https:\/\/www.itape.com\/de\/product\/4237-de\/#primaryimage\"},\"thumbnailUrl\":\"https:\/\/www.itape.com\/wp-content\/uploads\/2023\/01\/4237_Electrical.jpg\",\"datePublished\":\"2023-01-12T14:31:34+00:00\",\"dateModified\":\"2023-04-17T21:45:50+00:00\",\"breadcrumb\":{\"@id\":\"https:\/\/www.itape.com\/de\/product\/4237-de\/#breadcrumb\"},\"inLanguage\":\"de-DE\",\"potentialAction\":[{\"@type\":\"ReadAction\",\"target\":[\"https:\/\/www.itape.com\/de\/product\/4237-de\/\"]}]},{\"@type\":\"ImageObject\",\"inLanguage\":\"de-DE\",\"@id\":\"https:\/\/www.itape.com\/de\/product\/4237-de\/#primaryimage\",\"url\":\"https:\/\/www.itape.com\/wp-content\/uploads\/2023\/01\/4237_Electrical.jpg\",\"contentUrl\":\"https:\/\/www.itape.com\/wp-content\/uploads\/2023\/01\/4237_Electrical.jpg\",\"width\":1200,\"height\":1200,\"caption\":\"4237 Electrical Electronic Tape\"},{\"@type\":\"BreadcrumbList\",\"@id\":\"https:\/\/www.itape.com\/de\/product\/4237-de\/#breadcrumb\",\"itemListElement\":[{\"@type\":\"ListItem\",\"position\":1,\"name\":\"Home\",\"item\":\"https:\/\/www.itape.com\/de\/\"},{\"@type\":\"ListItem\",\"position\":2,\"name\":\"Products\",\"item\":\"https:\/\/www.itape.com\/products\/\"},{\"@type\":\"ListItem\",\"position\":3,\"name\":\"4237\"}]},{\"@type\":\"WebSite\",\"@id\":\"https:\/\/www.itape.com\/#website\",\"url\":\"https:\/\/www.itape.com\/\",\"name\":\"IPG\",\"description\":\"Global Leader in Packaging and Protective Solutions\",\"publisher\":{\"@id\":\"https:\/\/www.itape.com\/#organization\"},\"potentialAction\":[{\"@type\":\"SearchAction\",\"target\":{\"@type\":\"EntryPoint\",\"urlTemplate\":\"https:\/\/www.itape.com\/?s={search_term_string}\"},\"query-input\":{\"@type\":\"PropertyValueSpecification\",\"valueRequired\":true,\"valueName\":\"search_term_string\"}}],\"inLanguage\":\"de-DE\"},{\"@type\":\"Organization\",\"@id\":\"https:\/\/www.itape.com\/#organization\",\"name\":\"IPG\",\"url\":\"https:\/\/www.itape.com\/\",\"logo\":{\"@type\":\"ImageObject\",\"inLanguage\":\"de-DE\",\"@id\":\"https:\/\/www.itape.com\/#\/schema\/logo\/image\/\",\"url\":\"https:\/\/www.itape.com\/wp-content\/uploads\/2024\/06\/IPG-logo-2.png\",\"contentUrl\":\"https:\/\/www.itape.com\/wp-content\/uploads\/2024\/06\/IPG-logo-2.png\",\"width\":60,\"height\":60,\"caption\":\"IPG\"},\"image\":{\"@id\":\"https:\/\/www.itape.com\/#\/schema\/logo\/image\/\"},\"sameAs\":[\"https:\/\/www.facebook.com\/intertape\",\"https:\/\/x.com\/IPGtape\",\"https:\/\/www.linkedin.com\/company\/intertape-polymer-group\",\"https:\/\/www.instagram.com\/ipgtape\",\"https:\/\/www.youtube.com\/user\/IPGtape\"]}]}<\/script>\n<meta property=\"product:price:currency\" content=\"USD\" \/>\n<meta property=\"og:availability\" content=\"instock\" \/>\n<meta property=\"product:availability\" content=\"instock\" \/>\n<meta property=\"product:retailer_item_id\" content=\"35996d6dad1e\" \/>\n<meta property=\"product:condition\" content=\"new\" \/>\n<!-- \/ Yoast SEO Premium plugin. -->","yoast_head_json":{"title":"4237 - IPG","robots":{"index":"index","follow":"follow","max-snippet":"max-snippet:-1","max-image-preview":"max-image-preview:large","max-video-preview":"max-video-preview:-1"},"canonical":"https:\/\/www.itape.com\/de\/product\/4237-de\/","og_locale":"de_DE","og_type":"article","og_title":"4237","og_description":"Hohe rei\u00dffeste Glasfaserdr\u00e4hte und formanpassbare PET-Folienbeschichtung mit einem aggressiven Klebstoff f\u00fcr eine Vielzahl von Isolations-, B\u00e4nderungs- und Befestigungsanwendungen, die hohen Beanspruchungen und schwerer Belastung ausgesetzt sind. Die 25,4 \u03bcm Polyesterfolie bietet Durchsto\u00df-, Kantenrei\u00df- und Abriebfestigkeit. 4237 wurde speziell zur Verwendung in \u00d6ltransformatoren entwickelt und vorgesehen. Nach dem W\u00e4rmeaush\u00e4rten bietet der Acrylklebstoff \u00fcberragende Best\u00e4ndigkeit gegen\u00fcber Chemikalien, L\u00f6sungsmitteln und Alterung zus\u00e4tzlich zur hervorragenden Spannungsfestigkeit und zum Isolierwiderstand.","og_url":"https:\/\/www.itape.com\/de\/product\/4237-de\/","og_site_name":"IPG","article_publisher":"https:\/\/www.facebook.com\/intertape","article_modified_time":"2023-04-17T21:45:50+00:00","twitter_card":"summary_large_image","twitter_image":"https:\/\/www.itape.com\/wp-content\/uploads\/2023\/01\/4237_high-1.jpg","twitter_site":"@IPGtape","twitter_misc":{"Price":"","Availability":"In stock"},"schema":{"@context":"https:\/\/schema.org","@graph":[{"@type":"WebPage","@id":"https:\/\/www.itape.com\/de\/product\/4237-de\/","url":"https:\/\/www.itape.com\/de\/product\/4237-de\/","name":"4237 - IPG","isPartOf":{"@id":"https:\/\/www.itape.com\/#website"},"primaryImageOfPage":{"@id":"https:\/\/www.itape.com\/de\/product\/4237-de\/#primaryimage"},"image":{"@id":"https:\/\/www.itape.com\/de\/product\/4237-de\/#primaryimage"},"thumbnailUrl":"https:\/\/www.itape.com\/wp-content\/uploads\/2023\/01\/4237_Electrical.jpg","datePublished":"2023-01-12T14:31:34+00:00","dateModified":"2023-04-17T21:45:50+00:00","breadcrumb":{"@id":"https:\/\/www.itape.com\/de\/product\/4237-de\/#breadcrumb"},"inLanguage":"de-DE","potentialAction":[{"@type":"ReadAction","target":["https:\/\/www.itape.com\/de\/product\/4237-de\/"]}]},{"@type":"ImageObject","inLanguage":"de-DE","@id":"https:\/\/www.itape.com\/de\/product\/4237-de\/#primaryimage","url":"https:\/\/www.itape.com\/wp-content\/uploads\/2023\/01\/4237_Electrical.jpg","contentUrl":"https:\/\/www.itape.com\/wp-content\/uploads\/2023\/01\/4237_Electrical.jpg","width":1200,"height":1200,"caption":"4237 Electrical Electronic Tape"},{"@type":"BreadcrumbList","@id":"https:\/\/www.itape.com\/de\/product\/4237-de\/#breadcrumb","itemListElement":[{"@type":"ListItem","position":1,"name":"Home","item":"https:\/\/www.itape.com\/de\/"},{"@type":"ListItem","position":2,"name":"Products","item":"https:\/\/www.itape.com\/products\/"},{"@type":"ListItem","position":3,"name":"4237"}]},{"@type":"WebSite","@id":"https:\/\/www.itape.com\/#website","url":"https:\/\/www.itape.com\/","name":"IPG","description":"Global Leader in Packaging and Protective Solutions","publisher":{"@id":"https:\/\/www.itape.com\/#organization"},"potentialAction":[{"@type":"SearchAction","target":{"@type":"EntryPoint","urlTemplate":"https:\/\/www.itape.com\/?s={search_term_string}"},"query-input":{"@type":"PropertyValueSpecification","valueRequired":true,"valueName":"search_term_string"}}],"inLanguage":"de-DE"},{"@type":"Organization","@id":"https:\/\/www.itape.com\/#organization","name":"IPG","url":"https:\/\/www.itape.com\/","logo":{"@type":"ImageObject","inLanguage":"de-DE","@id":"https:\/\/www.itape.com\/#\/schema\/logo\/image\/","url":"https:\/\/www.itape.com\/wp-content\/uploads\/2024\/06\/IPG-logo-2.png","contentUrl":"https:\/\/www.itape.com\/wp-content\/uploads\/2024\/06\/IPG-logo-2.png","width":60,"height":60,"caption":"IPG"},"image":{"@id":"https:\/\/www.itape.com\/#\/schema\/logo\/image\/"},"sameAs":["https:\/\/www.facebook.com\/intertape","https:\/\/x.com\/IPGtape","https:\/\/www.linkedin.com\/company\/intertape-polymer-group","https:\/\/www.instagram.com\/ipgtape","https:\/\/www.youtube.com\/user\/IPGtape"]}]},"product_price_currency":"USD","og_availability":"instock","product_availability":"instock","product_retailer_item_id":"35996d6dad1e","product_condition":"new"},"parsely":{"version":"1.1.0","canonical_url":"https:\/\/itape.com\/de\/product\/4237-de\/","smart_links":{"inbound":0,"outbound":0},"traffic_boost_suggestions_count":0,"meta":{"@context":"https:\/\/schema.org","@type":"WebPage","headline":"4237","url":"https:\/\/www.itape.com\/de\/product\/4237-de\/","mainEntityOfPage":{"@type":"WebPage","@id":"https:\/\/www.itape.com\/de\/product\/4237-de\/"},"thumbnailUrl":"https:\/\/www.itape.com\/wp-content\/uploads\/2023\/01\/4237_Electrical.jpg?w=150&h=150&crop=1","image":{"@type":"ImageObject","url":"https:\/\/www.itape.com\/wp-content\/uploads\/2023\/01\/4237_Electrical.jpg"},"articleSection":"Unkategorisiert","author":[{"@type":"Person","name":"IPG"}],"creator":["IPG"],"publisher":{"@type":"Organization","name":"IPG","logo":"https:\/\/www.itape.com\/wp-content\/uploads\/2023\/03\/IPG-logo-2.png"},"keywords":[],"dateCreated":"2023-01-12T14:31:34Z","datePublished":"2023-01-12T14:31:34Z","dateModified":"2023-04-17T21:45:50Z"},"rendered":"<meta name=\"parsely-title\" content=\"4237\" \/>\n<meta name=\"parsely-link\" content=\"https:\/\/www.itape.com\/de\/product\/4237-de\/\" \/>\n<meta name=\"parsely-type\" content=\"index\" \/>\n<meta name=\"parsely-image-url\" content=\"https:\/\/www.itape.com\/wp-content\/uploads\/2023\/01\/4237_Electrical.jpg?w=150&amp;h=150&amp;crop=1\" \/>\n<meta name=\"parsely-pub-date\" content=\"2023-01-12T14:31:34Z\" \/>\n<meta name=\"parsely-section\" content=\"Unkategorisiert\" \/>\n<meta name=\"parsely-author\" content=\"IPG\" \/>","tracker_url":"https:\/\/cdn.parsely.com\/keys\/itape.com\/p.js"},"jetpack_sharing_enabled":true,"_links":{"self":[{"href":"https:\/\/www.itape.com\/de\/wp-json\/wp\/v2\/product\/48742","targetHints":{"allow":["GET"]}}],"collection":[{"href":"https:\/\/www.itape.com\/de\/wp-json\/wp\/v2\/product"}],"about":[{"href":"https:\/\/www.itape.com\/de\/wp-json\/wp\/v2\/types\/product"}],"replies":[{"embeddable":true,"href":"https:\/\/www.itape.com\/de\/wp-json\/wp\/v2\/comments?post=48742"}],"wp:featuredmedia":[{"embeddable":true,"href":"https:\/\/www.itape.com\/de\/wp-json\/wp\/v2\/media\/62007"}],"wp:attachment":[{"href":"https:\/\/www.itape.com\/de\/wp-json\/wp\/v2\/media?parent=48742"}],"wp:term":[{"taxonomy":"product_brand","embeddable":true,"href":"https:\/\/www.itape.com\/de\/wp-json\/wp\/v2\/product_brand?post=48742"},{"taxonomy":"product_cat","embeddable":true,"href":"https:\/\/www.itape.com\/de\/wp-json\/wp\/v2\/product_cat?post=48742"},{"taxonomy":"product_tag","embeddable":true,"href":"https:\/\/www.itape.com\/de\/wp-json\/wp\/v2\/product_tag?post=48742"},{"taxonomy":"associated_application","embeddable":true,"href":"https:\/\/www.itape.com\/de\/wp-json\/wp\/v2\/associated_application?post=48742"}],"curies":[{"name":"wp","href":"https:\/\/api.w.org\/{rel}","templated":true}]}}