{"id":48769,"date":"2023-01-12T14:31:52","date_gmt":"2023-01-12T14:31:52","guid":{"rendered":"https:\/\/www.itape.com\/product\/6215-de\/"},"modified":"2023-03-07T19:23:00","modified_gmt":"2023-03-07T19:23:00","slug":"6215-de","status":"publish","type":"product","link":"https:\/\/www.itape.com\/de\/product\/6215-de\/","title":{"rendered":"6215"},"content":{"rendered":"","protected":false},"excerpt":{"rendered":"<p>Hohe Temperatur \u2013 6215 hat ein Polyesterfolientr\u00e4germaterial mit Silikonkleber. Es wurde f\u00fcr schwierige Abklebearbeiten entwickelt, z.\u00a0B. in verschiedenen Produktionsphasen von Platinen oder beim Abkleben von Oberfl\u00e4chen w\u00e4hrend der Aufbringung best\u00e4ndiger Pulverbeschichtungen. Das PET-Tr\u00e4germaterial bietet Flexibilit\u00e4t und Konformit\u00e4t, L\u00f6sungsmittelbest\u00e4ndigkeit und chemische Best\u00e4ndigkeit. Es wurde f\u00fcr Rei\u00dffestigkeit und saubere, scharfe Farblinien exakt geschnitten und ist r\u00fcckstandslos entfernbar.<\/p>\n","protected":false},"featured_media":53706,"comment_status":"closed","ping_status":"closed","template":"","meta":{"_acf_changed":false},"product_brand":[],"product_cat":[7807,7768,7047,7784,7803,7771,7807],"product_tag":[7080,7080],"associated_application":[7034,7900,6896,6886,6877,6955,7035,6985,6901,6893,6983],"class_list":{"0":"post-48769","1":"product","2":"type-product","3":"status-publish","4":"has-post-thumbnail","6":"product_cat-industrial-tapes-abdeckband-de","7":"product_cat-building-and-construction-products-de","8":"product_cat-electrical-tape-de","9":"product_cat-building-and-construction-products-elektroklebeband-de","10":"product_cat-industrial-tapes-elektroklebeband-de","11":"product_cat-industrial-tapes-de","13":"product_tag-specialty-de","15":"associated_application-abdeckung-de-2","16":"associated_application-allgemeine-maler-lackiereranwendungen","17":"associated_application-composite-verbundhaftung-de","18":"associated_application-fertigung-de","19":"associated_application-luft-und-raumfahrt-de","20":"associated_application-montage-von-elektronik-de","21":"associated_application-pulverbeschichtung-de","22":"associated_application-pulverschicht-abdeckung-de","23":"associated_application-spezialanwendungen-de","24":"associated_application-transportwesen-de","25":"associated_application-wartung-reparatur-und-instandhaltung-de","27":"first","28":"instock","29":"product-type-simple"},"acf":[],"yoast_head":"<!-- This site is optimized with the Yoast SEO Premium plugin v24.1 (Yoast SEO v27.0) - https:\/\/yoast.com\/product\/yoast-seo-premium-wordpress\/ -->\n<title>6215 - IPG<\/title>\n<meta name=\"robots\" content=\"index, follow, max-snippet:-1, max-image-preview:large, max-video-preview:-1\" \/>\n<link rel=\"canonical\" href=\"https:\/\/www.itape.com\/fr\/product\/6215-fr\/\" \/>\n<meta property=\"og:locale\" content=\"de_DE\" \/>\n<meta property=\"og:type\" content=\"article\" \/>\n<meta property=\"og:title\" content=\"6215\" \/>\n<meta property=\"og:description\" content=\"Hohe Temperatur \u2013 6215 hat ein Polyesterfolientr\u00e4germaterial mit Silikonkleber. Es wurde f\u00fcr schwierige Abklebearbeiten entwickelt, z.\u00a0B. in verschiedenen Produktionsphasen von Platinen oder beim Abkleben von Oberfl\u00e4chen w\u00e4hrend der Aufbringung best\u00e4ndiger Pulverbeschichtungen. Das PET-Tr\u00e4germaterial bietet Flexibilit\u00e4t und Konformit\u00e4t, L\u00f6sungsmittelbest\u00e4ndigkeit und chemische Best\u00e4ndigkeit. Es wurde f\u00fcr Rei\u00dffestigkeit und saubere, scharfe Farblinien exakt geschnitten und ist r\u00fcckstandslos entfernbar.\" \/>\n<meta property=\"og:url\" content=\"https:\/\/www.itape.com\/fr\/product\/6215-fr\/\" \/>\n<meta property=\"og:site_name\" content=\"IPG\" \/>\n<meta property=\"article:publisher\" content=\"https:\/\/www.facebook.com\/intertape\" \/>\n<meta property=\"article:modified_time\" content=\"2023-03-07T19:23:00+00:00\" \/>\n<meta property=\"og:image\" content=\"https:\/\/www.itape.com\/wp-content\/uploads\/2023\/01\/6215_high.jpg\" \/>\n\t<meta property=\"og:image:width\" content=\"2400\" \/>\n\t<meta property=\"og:image:height\" content=\"2400\" \/>\n\t<meta property=\"og:image:type\" content=\"image\/jpeg\" \/>\n<meta name=\"twitter:card\" content=\"summary_large_image\" \/>\n<meta name=\"twitter:site\" content=\"@IPGtape\" \/>\n<meta name=\"twitter:label1\" content=\"Price\" \/>\n\t<meta name=\"twitter:data1\" content=\"\" \/>\n\t<meta name=\"twitter:label2\" content=\"Availability\" \/>\n\t<meta name=\"twitter:data2\" content=\"In stock\" \/>\n<script type=\"application\/ld+json\" class=\"yoast-schema-graph\">{\"@context\":\"https:\/\/schema.org\",\"@graph\":[{\"@type\":\"WebPage\",\"@id\":\"https:\/\/www.itape.com\/fr\/product\/6215-fr\/\",\"url\":\"https:\/\/www.itape.com\/fr\/product\/6215-fr\/\",\"name\":\"6215 - IPG\",\"isPartOf\":{\"@id\":\"https:\/\/www.itape.com\/#website\"},\"primaryImageOfPage\":{\"@id\":\"https:\/\/www.itape.com\/fr\/product\/6215-fr\/#primaryimage\"},\"image\":{\"@id\":\"https:\/\/www.itape.com\/fr\/product\/6215-fr\/#primaryimage\"},\"thumbnailUrl\":\"https:\/\/www.itape.com\/wp-content\/uploads\/2023\/10\/6215-grn-19mmx66m-shadow.jpg\",\"datePublished\":\"2023-01-12T14:31:52+00:00\",\"dateModified\":\"2023-03-07T19:23:00+00:00\",\"breadcrumb\":{\"@id\":\"https:\/\/www.itape.com\/fr\/product\/6215-fr\/#breadcrumb\"},\"inLanguage\":\"de-DE\",\"potentialAction\":[{\"@type\":\"ReadAction\",\"target\":[\"https:\/\/www.itape.com\/fr\/product\/6215-fr\/\"]}]},{\"@type\":\"ImageObject\",\"inLanguage\":\"de-DE\",\"@id\":\"https:\/\/www.itape.com\/fr\/product\/6215-fr\/#primaryimage\",\"url\":\"https:\/\/www.itape.com\/wp-content\/uploads\/2023\/10\/6215-grn-19mmx66m-shadow.jpg\",\"contentUrl\":\"https:\/\/www.itape.com\/wp-content\/uploads\/2023\/10\/6215-grn-19mmx66m-shadow.jpg\",\"width\":2400,\"height\":2400,\"caption\":\"6215_Electrical\"},{\"@type\":\"BreadcrumbList\",\"@id\":\"https:\/\/www.itape.com\/fr\/product\/6215-fr\/#breadcrumb\",\"itemListElement\":[{\"@type\":\"ListItem\",\"position\":1,\"name\":\"Home\",\"item\":\"https:\/\/www.itape.com\/de\/\"},{\"@type\":\"ListItem\",\"position\":2,\"name\":\"Products\",\"item\":\"https:\/\/www.itape.com\/products\/\"},{\"@type\":\"ListItem\",\"position\":3,\"name\":\"6215\"}]},{\"@type\":\"WebSite\",\"@id\":\"https:\/\/www.itape.com\/#website\",\"url\":\"https:\/\/www.itape.com\/\",\"name\":\"IPG\",\"description\":\"Global Leader in Packaging and Protective Solutions\",\"publisher\":{\"@id\":\"https:\/\/www.itape.com\/#organization\"},\"potentialAction\":[{\"@type\":\"SearchAction\",\"target\":{\"@type\":\"EntryPoint\",\"urlTemplate\":\"https:\/\/www.itape.com\/?s={search_term_string}\"},\"query-input\":{\"@type\":\"PropertyValueSpecification\",\"valueRequired\":true,\"valueName\":\"search_term_string\"}}],\"inLanguage\":\"de-DE\"},{\"@type\":\"Organization\",\"@id\":\"https:\/\/www.itape.com\/#organization\",\"name\":\"IPG\",\"url\":\"https:\/\/www.itape.com\/\",\"logo\":{\"@type\":\"ImageObject\",\"inLanguage\":\"de-DE\",\"@id\":\"https:\/\/www.itape.com\/#\/schema\/logo\/image\/\",\"url\":\"https:\/\/www.itape.com\/wp-content\/uploads\/2024\/06\/IPG-logo-2.png\",\"contentUrl\":\"https:\/\/www.itape.com\/wp-content\/uploads\/2024\/06\/IPG-logo-2.png\",\"width\":60,\"height\":60,\"caption\":\"IPG\"},\"image\":{\"@id\":\"https:\/\/www.itape.com\/#\/schema\/logo\/image\/\"},\"sameAs\":[\"https:\/\/www.facebook.com\/intertape\",\"https:\/\/x.com\/IPGtape\",\"https:\/\/www.linkedin.com\/company\/intertape-polymer-group\",\"https:\/\/www.instagram.com\/ipgtape\",\"https:\/\/www.youtube.com\/user\/IPGtape\"]}]}<\/script>\n<meta property=\"product:price:currency\" content=\"USD\" \/>\n<meta property=\"og:availability\" content=\"instock\" \/>\n<meta property=\"product:availability\" content=\"instock\" \/>\n<meta property=\"product:retailer_item_id\" content=\"d6150daa7426\" \/>\n<meta property=\"product:condition\" content=\"new\" \/>\n<!-- \/ Yoast SEO Premium plugin. -->","yoast_head_json":{"title":"6215 - IPG","robots":{"index":"index","follow":"follow","max-snippet":"max-snippet:-1","max-image-preview":"max-image-preview:large","max-video-preview":"max-video-preview:-1"},"canonical":"https:\/\/www.itape.com\/fr\/product\/6215-fr\/","og_locale":"de_DE","og_type":"article","og_title":"6215","og_description":"Hohe Temperatur \u2013 6215 hat ein Polyesterfolientr\u00e4germaterial mit Silikonkleber. Es wurde f\u00fcr schwierige Abklebearbeiten entwickelt, z.\u00a0B. in verschiedenen Produktionsphasen von Platinen oder beim Abkleben von Oberfl\u00e4chen w\u00e4hrend der Aufbringung best\u00e4ndiger Pulverbeschichtungen. Das PET-Tr\u00e4germaterial bietet Flexibilit\u00e4t und Konformit\u00e4t, L\u00f6sungsmittelbest\u00e4ndigkeit und chemische Best\u00e4ndigkeit. Es wurde f\u00fcr Rei\u00dffestigkeit und saubere, scharfe Farblinien exakt geschnitten und ist r\u00fcckstandslos entfernbar.","og_url":"https:\/\/www.itape.com\/fr\/product\/6215-fr\/","og_site_name":"IPG","article_publisher":"https:\/\/www.facebook.com\/intertape","article_modified_time":"2023-03-07T19:23:00+00:00","og_image":[{"width":2400,"height":2400,"url":"https:\/\/www.itape.com\/wp-content\/uploads\/2023\/01\/6215_high.jpg","type":"image\/jpeg"}],"twitter_card":"summary_large_image","twitter_site":"@IPGtape","twitter_misc":{"Price":"","Availability":"In stock"},"schema":{"@context":"https:\/\/schema.org","@graph":[{"@type":"WebPage","@id":"https:\/\/www.itape.com\/fr\/product\/6215-fr\/","url":"https:\/\/www.itape.com\/fr\/product\/6215-fr\/","name":"6215 - IPG","isPartOf":{"@id":"https:\/\/www.itape.com\/#website"},"primaryImageOfPage":{"@id":"https:\/\/www.itape.com\/fr\/product\/6215-fr\/#primaryimage"},"image":{"@id":"https:\/\/www.itape.com\/fr\/product\/6215-fr\/#primaryimage"},"thumbnailUrl":"https:\/\/www.itape.com\/wp-content\/uploads\/2023\/10\/6215-grn-19mmx66m-shadow.jpg","datePublished":"2023-01-12T14:31:52+00:00","dateModified":"2023-03-07T19:23:00+00:00","breadcrumb":{"@id":"https:\/\/www.itape.com\/fr\/product\/6215-fr\/#breadcrumb"},"inLanguage":"de-DE","potentialAction":[{"@type":"ReadAction","target":["https:\/\/www.itape.com\/fr\/product\/6215-fr\/"]}]},{"@type":"ImageObject","inLanguage":"de-DE","@id":"https:\/\/www.itape.com\/fr\/product\/6215-fr\/#primaryimage","url":"https:\/\/www.itape.com\/wp-content\/uploads\/2023\/10\/6215-grn-19mmx66m-shadow.jpg","contentUrl":"https:\/\/www.itape.com\/wp-content\/uploads\/2023\/10\/6215-grn-19mmx66m-shadow.jpg","width":2400,"height":2400,"caption":"6215_Electrical"},{"@type":"BreadcrumbList","@id":"https:\/\/www.itape.com\/fr\/product\/6215-fr\/#breadcrumb","itemListElement":[{"@type":"ListItem","position":1,"name":"Home","item":"https:\/\/www.itape.com\/de\/"},{"@type":"ListItem","position":2,"name":"Products","item":"https:\/\/www.itape.com\/products\/"},{"@type":"ListItem","position":3,"name":"6215"}]},{"@type":"WebSite","@id":"https:\/\/www.itape.com\/#website","url":"https:\/\/www.itape.com\/","name":"IPG","description":"Global Leader in Packaging and Protective Solutions","publisher":{"@id":"https:\/\/www.itape.com\/#organization"},"potentialAction":[{"@type":"SearchAction","target":{"@type":"EntryPoint","urlTemplate":"https:\/\/www.itape.com\/?s={search_term_string}"},"query-input":{"@type":"PropertyValueSpecification","valueRequired":true,"valueName":"search_term_string"}}],"inLanguage":"de-DE"},{"@type":"Organization","@id":"https:\/\/www.itape.com\/#organization","name":"IPG","url":"https:\/\/www.itape.com\/","logo":{"@type":"ImageObject","inLanguage":"de-DE","@id":"https:\/\/www.itape.com\/#\/schema\/logo\/image\/","url":"https:\/\/www.itape.com\/wp-content\/uploads\/2024\/06\/IPG-logo-2.png","contentUrl":"https:\/\/www.itape.com\/wp-content\/uploads\/2024\/06\/IPG-logo-2.png","width":60,"height":60,"caption":"IPG"},"image":{"@id":"https:\/\/www.itape.com\/#\/schema\/logo\/image\/"},"sameAs":["https:\/\/www.facebook.com\/intertape","https:\/\/x.com\/IPGtape","https:\/\/www.linkedin.com\/company\/intertape-polymer-group","https:\/\/www.instagram.com\/ipgtape","https:\/\/www.youtube.com\/user\/IPGtape"]}]},"product_price_currency":"USD","og_availability":"instock","product_availability":"instock","product_retailer_item_id":"d6150daa7426","product_condition":"new"},"parsely":{"version":"1.1.0","canonical_url":"https:\/\/itape.com\/de\/product\/6215-de\/","smart_links":{"inbound":0,"outbound":0},"traffic_boost_suggestions_count":0,"meta":{"@context":"https:\/\/schema.org","@type":"WebPage","headline":"6215","url":"https:\/\/www.itape.com\/de\/product\/6215-de\/","mainEntityOfPage":{"@type":"WebPage","@id":"https:\/\/www.itape.com\/de\/product\/6215-de\/"},"thumbnailUrl":"https:\/\/www.itape.com\/wp-content\/uploads\/2023\/10\/6215-grn-19mmx66m-shadow.jpg?w=150&h=150&crop=1","image":{"@type":"ImageObject","url":"https:\/\/www.itape.com\/wp-content\/uploads\/2023\/10\/6215-grn-19mmx66m-shadow.jpg"},"articleSection":"Unkategorisiert","author":[{"@type":"Person","name":"IPG"}],"creator":["IPG"],"publisher":{"@type":"Organization","name":"IPG","logo":"https:\/\/www.itape.com\/wp-content\/uploads\/2023\/03\/IPG-logo-2.png"},"keywords":[],"dateCreated":"2023-01-12T14:31:52Z","datePublished":"2023-01-12T14:31:52Z","dateModified":"2023-03-07T19:23:00Z"},"rendered":"<meta name=\"parsely-title\" content=\"6215\" \/>\n<meta name=\"parsely-link\" content=\"https:\/\/www.itape.com\/de\/product\/6215-de\/\" \/>\n<meta name=\"parsely-type\" content=\"index\" \/>\n<meta name=\"parsely-image-url\" content=\"https:\/\/www.itape.com\/wp-content\/uploads\/2023\/10\/6215-grn-19mmx66m-shadow.jpg?w=150&amp;h=150&amp;crop=1\" \/>\n<meta name=\"parsely-pub-date\" content=\"2023-01-12T14:31:52Z\" \/>\n<meta name=\"parsely-section\" content=\"Unkategorisiert\" \/>\n<meta name=\"parsely-author\" content=\"IPG\" \/>","tracker_url":"https:\/\/cdn.parsely.com\/keys\/itape.com\/p.js"},"jetpack_sharing_enabled":true,"_links":{"self":[{"href":"https:\/\/www.itape.com\/de\/wp-json\/wp\/v2\/product\/48769","targetHints":{"allow":["GET"]}}],"collection":[{"href":"https:\/\/www.itape.com\/de\/wp-json\/wp\/v2\/product"}],"about":[{"href":"https:\/\/www.itape.com\/de\/wp-json\/wp\/v2\/types\/product"}],"replies":[{"embeddable":true,"href":"https:\/\/www.itape.com\/de\/wp-json\/wp\/v2\/comments?post=48769"}],"wp:featuredmedia":[{"embeddable":true,"href":"https:\/\/www.itape.com\/de\/wp-json\/wp\/v2\/media\/53706"}],"wp:attachment":[{"href":"https:\/\/www.itape.com\/de\/wp-json\/wp\/v2\/media?parent=48769"}],"wp:term":[{"taxonomy":"product_brand","embeddable":true,"href":"https:\/\/www.itape.com\/de\/wp-json\/wp\/v2\/product_brand?post=48769"},{"taxonomy":"product_cat","embeddable":true,"href":"https:\/\/www.itape.com\/de\/wp-json\/wp\/v2\/product_cat?post=48769"},{"taxonomy":"product_tag","embeddable":true,"href":"https:\/\/www.itape.com\/de\/wp-json\/wp\/v2\/product_tag?post=48769"},{"taxonomy":"associated_application","embeddable":true,"href":"https:\/\/www.itape.com\/de\/wp-json\/wp\/v2\/associated_application?post=48769"}],"curies":[{"name":"wp","href":"https:\/\/api.w.org\/{rel}","templated":true}]}}