{"id":48812,"date":"2023-01-12T14:32:14","date_gmt":"2023-01-12T14:32:14","guid":{"rendered":"https:\/\/www.itape.com\/product\/rg20-de\/"},"modified":"2023-03-03T17:11:02","modified_gmt":"2023-03-03T17:11:02","slug":"rg20-de","status":"publish","type":"product","link":"https:\/\/www.itape.com\/de\/product\/rg20-de\/","title":{"rendered":"RG20"},"content":{"rendered":"","protected":false},"excerpt":{"rendered":"<p>Schwerlast-Polyester (PET)-Filamentband der St\u00e4rke 370, das \u00fcblicherweise in der Apparateindustrie f\u00fcr Sicherheitskomponenten verwendet wird, bei denen direkter Kontakt mit der Oberfl\u00e4che der Apparate ein wichtiger Faktor ist. Hohe Zugfestigkeit, hohe Haftung und mittlere Schlagfestigkeit. Verursacht keine Flecken, Ger\u00fcche oder Geschmacksver\u00e4nderungen.<\/p>\n","protected":false},"featured_media":52509,"comment_status":"closed","ping_status":"closed","template":"","meta":{"_acf_changed":false},"product_brand":[],"product_cat":[7804,7771],"product_tag":[7080],"associated_application":[6880,6909,6882,6886,6885,6878,6889,6879,6885,6877,6891,6890,6893],"class_list":{"0":"post-48812","1":"product","2":"type-product","3":"status-publish","4":"has-post-thumbnail","6":"product_cat-industrial-tapes-filament-glasfaserbaender-und-mopp-de","7":"product_cat-industrial-tapes-de","8":"product_tag-specialty-de","9":"associated_application-bauwesen-de","10":"associated_application-befestigung-de","11":"associated_application-e-commerce-de","12":"associated_application-fertigung-de","13":"associated_application-lebensmittelverarbeitung-de","14":"associated_application-haushaltsgeraete-de","15":"associated_application-hlk-de","16":"associated_application-kfz-gewerbe-de","18":"associated_application-luft-und-raumfahrt-de","19":"associated_application-sanierung-instandsetzung-de","20":"associated_application-schifffahrt-und-verbundwerkstoffe-de","21":"associated_application-transportwesen-de","23":"first","24":"instock","25":"product-type-simple"},"acf":[],"yoast_head":"<!-- This site is optimized with the Yoast SEO Premium plugin v24.1 (Yoast SEO v27.3) - https:\/\/yoast.com\/product\/yoast-seo-premium-wordpress\/ -->\n<title>RG20 - IPG<\/title>\n<meta name=\"robots\" content=\"index, follow, max-snippet:-1, max-image-preview:large, max-video-preview:-1\" \/>\n<link rel=\"canonical\" href=\"https:\/\/www.itape.com\/de\/product\/rg20-de\/\" \/>\n<meta property=\"og:locale\" content=\"de_DE\" \/>\n<meta property=\"og:type\" content=\"article\" \/>\n<meta property=\"og:title\" content=\"RG20\" \/>\n<meta property=\"og:description\" content=\"Schwerlast-Polyester (PET)-Filamentband der St\u00e4rke 370, das \u00fcblicherweise in der Apparateindustrie f\u00fcr Sicherheitskomponenten verwendet wird, bei denen direkter Kontakt mit der Oberfl\u00e4che der Apparate ein wichtiger Faktor ist. Hohe Zugfestigkeit, hohe Haftung und mittlere Schlagfestigkeit. Verursacht keine Flecken, Ger\u00fcche oder Geschmacksver\u00e4nderungen.\" \/>\n<meta property=\"og:url\" content=\"https:\/\/www.itape.com\/de\/product\/rg20-de\/\" \/>\n<meta property=\"og:site_name\" content=\"IPG\" \/>\n<meta property=\"article:publisher\" content=\"https:\/\/www.facebook.com\/intertape\" \/>\n<meta property=\"article:modified_time\" content=\"2023-03-03T17:11:02+00:00\" \/>\n<meta property=\"og:image\" content=\"https:\/\/www.itape.com\/wp-content\/uploads\/2023\/01\/RG20_high.jpg\" \/>\n\t<meta property=\"og:image:width\" content=\"2400\" \/>\n\t<meta property=\"og:image:height\" content=\"2400\" \/>\n\t<meta property=\"og:image:type\" content=\"image\/jpeg\" \/>\n<meta name=\"twitter:card\" content=\"summary_large_image\" \/>\n<meta name=\"twitter:site\" content=\"@IPGtape\" \/>\n<meta name=\"twitter:label1\" content=\"Price\" \/>\n\t<meta name=\"twitter:data1\" content=\"\" \/>\n\t<meta name=\"twitter:label2\" content=\"Availability\" \/>\n\t<meta name=\"twitter:data2\" content=\"In stock\" \/>\n<script type=\"application\/ld+json\" class=\"yoast-schema-graph\">{\"@context\":\"https:\\\/\\\/schema.org\",\"@graph\":[{\"@type\":\"WebPage\",\"@id\":\"https:\\\/\\\/www.itape.com\\\/de\\\/product\\\/rg20-de\\\/\",\"url\":\"https:\\\/\\\/www.itape.com\\\/de\\\/product\\\/rg20-de\\\/\",\"name\":\"RG20 - IPG\",\"isPartOf\":{\"@id\":\"https:\\\/\\\/www.itape.com\\\/#website\"},\"primaryImageOfPage\":{\"@id\":\"https:\\\/\\\/www.itape.com\\\/de\\\/product\\\/rg20-de\\\/#primaryimage\"},\"image\":{\"@id\":\"https:\\\/\\\/www.itape.com\\\/de\\\/product\\\/rg20-de\\\/#primaryimage\"},\"thumbnailUrl\":\"https:\\\/\\\/www.itape.com\\\/wp-content\\\/uploads\\\/2023\\\/01\\\/RG20_high.jpg\",\"datePublished\":\"2023-01-12T14:32:14+00:00\",\"dateModified\":\"2023-03-03T17:11:02+00:00\",\"breadcrumb\":{\"@id\":\"https:\\\/\\\/www.itape.com\\\/de\\\/product\\\/rg20-de\\\/#breadcrumb\"},\"inLanguage\":\"de-DE\",\"potentialAction\":[{\"@type\":\"ReadAction\",\"target\":[\"https:\\\/\\\/www.itape.com\\\/de\\\/product\\\/rg20-de\\\/\"]}]},{\"@type\":\"ImageObject\",\"inLanguage\":\"de-DE\",\"@id\":\"https:\\\/\\\/www.itape.com\\\/de\\\/product\\\/rg20-de\\\/#primaryimage\",\"url\":\"https:\\\/\\\/www.itape.com\\\/wp-content\\\/uploads\\\/2023\\\/01\\\/RG20_high.jpg\",\"contentUrl\":\"https:\\\/\\\/www.itape.com\\\/wp-content\\\/uploads\\\/2023\\\/01\\\/RG20_high.jpg\",\"width\":2400,\"height\":2400,\"caption\":\"RG20_Filament\"},{\"@type\":\"BreadcrumbList\",\"@id\":\"https:\\\/\\\/www.itape.com\\\/de\\\/product\\\/rg20-de\\\/#breadcrumb\",\"itemListElement\":[{\"@type\":\"ListItem\",\"position\":1,\"name\":\"Home\",\"item\":\"https:\\\/\\\/www.itape.com\\\/de\\\/\"},{\"@type\":\"ListItem\",\"position\":2,\"name\":\"Products\",\"item\":\"https:\\\/\\\/www.itape.com\\\/products\\\/\"},{\"@type\":\"ListItem\",\"position\":3,\"name\":\"RG20\"}]},{\"@type\":\"WebSite\",\"@id\":\"https:\\\/\\\/www.itape.com\\\/#website\",\"url\":\"https:\\\/\\\/www.itape.com\\\/\",\"name\":\"IPG\",\"description\":\"Global Leader in Packaging and Protective Solutions\",\"publisher\":{\"@id\":\"https:\\\/\\\/www.itape.com\\\/#organization\"},\"potentialAction\":[{\"@type\":\"SearchAction\",\"target\":{\"@type\":\"EntryPoint\",\"urlTemplate\":\"https:\\\/\\\/www.itape.com\\\/?s={search_term_string}\"},\"query-input\":{\"@type\":\"PropertyValueSpecification\",\"valueRequired\":true,\"valueName\":\"search_term_string\"}}],\"inLanguage\":\"de-DE\"},{\"@type\":\"Organization\",\"@id\":\"https:\\\/\\\/www.itape.com\\\/#organization\",\"name\":\"IPG\",\"url\":\"https:\\\/\\\/www.itape.com\\\/\",\"logo\":{\"@type\":\"ImageObject\",\"inLanguage\":\"de-DE\",\"@id\":\"https:\\\/\\\/www.itape.com\\\/#\\\/schema\\\/logo\\\/image\\\/\",\"url\":\"https:\\\/\\\/www.itape.com\\\/wp-content\\\/uploads\\\/2024\\\/06\\\/IPG-logo-2.png\",\"contentUrl\":\"https:\\\/\\\/www.itape.com\\\/wp-content\\\/uploads\\\/2024\\\/06\\\/IPG-logo-2.png\",\"width\":60,\"height\":60,\"caption\":\"IPG\"},\"image\":{\"@id\":\"https:\\\/\\\/www.itape.com\\\/#\\\/schema\\\/logo\\\/image\\\/\"},\"sameAs\":[\"https:\\\/\\\/www.facebook.com\\\/intertape\",\"https:\\\/\\\/x.com\\\/IPGtape\",\"https:\\\/\\\/www.linkedin.com\\\/company\\\/intertape-polymer-group\",\"https:\\\/\\\/www.instagram.com\\\/ipgtape\",\"https:\\\/\\\/www.youtube.com\\\/user\\\/IPGtape\"]}]}<\/script>\n<meta property=\"product:price:currency\" content=\"USD\" \/>\n<meta property=\"og:availability\" content=\"instock\" \/>\n<meta property=\"product:availability\" content=\"instock\" \/>\n<meta property=\"product:retailer_item_id\" content=\"dadb7b40ae76\" \/>\n<meta property=\"product:condition\" content=\"new\" \/>\n<!-- \/ Yoast SEO Premium plugin. -->","yoast_head_json":{"title":"RG20 - IPG","robots":{"index":"index","follow":"follow","max-snippet":"max-snippet:-1","max-image-preview":"max-image-preview:large","max-video-preview":"max-video-preview:-1"},"canonical":"https:\/\/www.itape.com\/de\/product\/rg20-de\/","og_locale":"de_DE","og_type":"article","og_title":"RG20","og_description":"Schwerlast-Polyester (PET)-Filamentband der St\u00e4rke 370, das \u00fcblicherweise in der Apparateindustrie f\u00fcr Sicherheitskomponenten verwendet wird, bei denen direkter Kontakt mit der Oberfl\u00e4che der Apparate ein wichtiger Faktor ist. Hohe Zugfestigkeit, hohe Haftung und mittlere Schlagfestigkeit. Verursacht keine Flecken, Ger\u00fcche oder Geschmacksver\u00e4nderungen.","og_url":"https:\/\/www.itape.com\/de\/product\/rg20-de\/","og_site_name":"IPG","article_publisher":"https:\/\/www.facebook.com\/intertape","article_modified_time":"2023-03-03T17:11:02+00:00","og_image":[{"width":2400,"height":2400,"url":"https:\/\/www.itape.com\/wp-content\/uploads\/2023\/01\/RG20_high.jpg","type":"image\/jpeg"}],"twitter_card":"summary_large_image","twitter_site":"@IPGtape","twitter_misc":{"Price":"","Availability":"In stock"},"schema":{"@context":"https:\/\/schema.org","@graph":[{"@type":"WebPage","@id":"https:\/\/www.itape.com\/de\/product\/rg20-de\/","url":"https:\/\/www.itape.com\/de\/product\/rg20-de\/","name":"RG20 - IPG","isPartOf":{"@id":"https:\/\/www.itape.com\/#website"},"primaryImageOfPage":{"@id":"https:\/\/www.itape.com\/de\/product\/rg20-de\/#primaryimage"},"image":{"@id":"https:\/\/www.itape.com\/de\/product\/rg20-de\/#primaryimage"},"thumbnailUrl":"https:\/\/www.itape.com\/wp-content\/uploads\/2023\/01\/RG20_high.jpg","datePublished":"2023-01-12T14:32:14+00:00","dateModified":"2023-03-03T17:11:02+00:00","breadcrumb":{"@id":"https:\/\/www.itape.com\/de\/product\/rg20-de\/#breadcrumb"},"inLanguage":"de-DE","potentialAction":[{"@type":"ReadAction","target":["https:\/\/www.itape.com\/de\/product\/rg20-de\/"]}]},{"@type":"ImageObject","inLanguage":"de-DE","@id":"https:\/\/www.itape.com\/de\/product\/rg20-de\/#primaryimage","url":"https:\/\/www.itape.com\/wp-content\/uploads\/2023\/01\/RG20_high.jpg","contentUrl":"https:\/\/www.itape.com\/wp-content\/uploads\/2023\/01\/RG20_high.jpg","width":2400,"height":2400,"caption":"RG20_Filament"},{"@type":"BreadcrumbList","@id":"https:\/\/www.itape.com\/de\/product\/rg20-de\/#breadcrumb","itemListElement":[{"@type":"ListItem","position":1,"name":"Home","item":"https:\/\/www.itape.com\/de\/"},{"@type":"ListItem","position":2,"name":"Products","item":"https:\/\/www.itape.com\/products\/"},{"@type":"ListItem","position":3,"name":"RG20"}]},{"@type":"WebSite","@id":"https:\/\/www.itape.com\/#website","url":"https:\/\/www.itape.com\/","name":"IPG","description":"Global Leader in Packaging and Protective Solutions","publisher":{"@id":"https:\/\/www.itape.com\/#organization"},"potentialAction":[{"@type":"SearchAction","target":{"@type":"EntryPoint","urlTemplate":"https:\/\/www.itape.com\/?s={search_term_string}"},"query-input":{"@type":"PropertyValueSpecification","valueRequired":true,"valueName":"search_term_string"}}],"inLanguage":"de-DE"},{"@type":"Organization","@id":"https:\/\/www.itape.com\/#organization","name":"IPG","url":"https:\/\/www.itape.com\/","logo":{"@type":"ImageObject","inLanguage":"de-DE","@id":"https:\/\/www.itape.com\/#\/schema\/logo\/image\/","url":"https:\/\/www.itape.com\/wp-content\/uploads\/2024\/06\/IPG-logo-2.png","contentUrl":"https:\/\/www.itape.com\/wp-content\/uploads\/2024\/06\/IPG-logo-2.png","width":60,"height":60,"caption":"IPG"},"image":{"@id":"https:\/\/www.itape.com\/#\/schema\/logo\/image\/"},"sameAs":["https:\/\/www.facebook.com\/intertape","https:\/\/x.com\/IPGtape","https:\/\/www.linkedin.com\/company\/intertape-polymer-group","https:\/\/www.instagram.com\/ipgtape","https:\/\/www.youtube.com\/user\/IPGtape"]}]},"product_price_currency":"USD","og_availability":"instock","product_availability":"instock","product_retailer_item_id":"dadb7b40ae76","product_condition":"new"},"parsely":{"version":"1.1.0","canonical_url":"https:\/\/itape.com\/de\/product\/rg20-de\/","smart_links":{"inbound":0,"outbound":0},"traffic_boost_suggestions_count":0,"meta":{"@context":"https:\/\/schema.org","@type":"WebPage","headline":"RG20","url":"https:\/\/www.itape.com\/de\/product\/rg20-de\/","mainEntityOfPage":{"@type":"WebPage","@id":"https:\/\/www.itape.com\/de\/product\/rg20-de\/"},"thumbnailUrl":"https:\/\/www.itape.com\/wp-content\/uploads\/2023\/01\/RG20_high.jpg?w=150&h=150&crop=1","image":{"@type":"ImageObject","url":"https:\/\/www.itape.com\/wp-content\/uploads\/2023\/01\/RG20_high.jpg"},"articleSection":"Unkategorisiert","author":[{"@type":"Person","name":"IPG"}],"creator":["IPG"],"publisher":{"@type":"Organization","name":"IPG","logo":"https:\/\/www.itape.com\/wp-content\/uploads\/2023\/03\/IPG-logo-2.png"},"keywords":[],"dateCreated":"2023-01-12T14:32:14Z","datePublished":"2023-01-12T14:32:14Z","dateModified":"2023-03-03T17:11:02Z"},"rendered":"<meta name=\"parsely-title\" content=\"RG20\" \/>\n<meta name=\"parsely-link\" content=\"https:\/\/www.itape.com\/de\/product\/rg20-de\/\" \/>\n<meta name=\"parsely-type\" content=\"index\" \/>\n<meta name=\"parsely-image-url\" content=\"https:\/\/www.itape.com\/wp-content\/uploads\/2023\/01\/RG20_high.jpg?w=150&amp;h=150&amp;crop=1\" \/>\n<meta name=\"parsely-pub-date\" content=\"2023-01-12T14:32:14Z\" \/>\n<meta name=\"parsely-section\" content=\"Unkategorisiert\" \/>\n<meta name=\"parsely-author\" content=\"IPG\" \/>","tracker_url":"https:\/\/cdn.parsely.com\/keys\/itape.com\/p.js"},"jetpack_sharing_enabled":true,"_links":{"self":[{"href":"https:\/\/www.itape.com\/de\/wp-json\/wp\/v2\/product\/48812","targetHints":{"allow":["GET"]}}],"collection":[{"href":"https:\/\/www.itape.com\/de\/wp-json\/wp\/v2\/product"}],"about":[{"href":"https:\/\/www.itape.com\/de\/wp-json\/wp\/v2\/types\/product"}],"replies":[{"embeddable":true,"href":"https:\/\/www.itape.com\/de\/wp-json\/wp\/v2\/comments?post=48812"}],"wp:featuredmedia":[{"embeddable":true,"href":"https:\/\/www.itape.com\/de\/wp-json\/wp\/v2\/media\/52509"}],"wp:attachment":[{"href":"https:\/\/www.itape.com\/de\/wp-json\/wp\/v2\/media?parent=48812"}],"wp:term":[{"taxonomy":"product_brand","embeddable":true,"href":"https:\/\/www.itape.com\/de\/wp-json\/wp\/v2\/product_brand?post=48812"},{"taxonomy":"product_cat","embeddable":true,"href":"https:\/\/www.itape.com\/de\/wp-json\/wp\/v2\/product_cat?post=48812"},{"taxonomy":"product_tag","embeddable":true,"href":"https:\/\/www.itape.com\/de\/wp-json\/wp\/v2\/product_tag?post=48812"},{"taxonomy":"associated_application","embeddable":true,"href":"https:\/\/www.itape.com\/de\/wp-json\/wp\/v2\/associated_application?post=48812"}],"curies":[{"name":"wp","href":"https:\/\/api.w.org\/{rel}","templated":true}]}}