{"id":48815,"date":"2023-01-12T14:32:20","date_gmt":"2023-01-12T14:32:20","guid":{"rendered":"https:\/\/www.itape.com\/product\/alf150l-de\/"},"modified":"2023-04-03T19:20:19","modified_gmt":"2023-04-03T19:20:19","slug":"alf150l-de","status":"publish","type":"product","link":"https:\/\/www.itape.com\/de\/product\/alf150l-de\/","title":{"rendered":"ALF150L"},"content":{"rendered":"","protected":false},"excerpt":{"rendered":"<p>Aluminium-Klebeband zum Verschwei\u00dfen und Abdichten von Glasfaserrohrkan\u00e4len und Rohrumh\u00fcllungen zur Verbesserung des Aussehens und zur Erhaltung der Dampfsperrintegrit\u00e4t. F\u00fcr HLK-Anlagen; auch zur (begrenzten) Verwendung im Industrie-, Apparate-, Marine-, Luft- und Raumfahrtgebiet. ASTM E-84\/UL-723. Abgedeckt.<\/p>\n","protected":false},"featured_media":52965,"comment_status":"closed","ping_status":"closed","template":"","meta":{"_acf_changed":false},"product_brand":[],"product_cat":[7785,7806,7768,7771],"product_tag":[7077],"associated_application":[7036,6880,6886,7004,7007,6878,6889,6926,7005,7008,6877,7010,7922,7006,6986,6891,6890,7009,6893,6983],"class_list":{"0":"post-48815","1":"product","2":"type-product","3":"status-publish","4":"has-post-thumbnail","6":"product_cat-building-and-construction-products-aluminium-klebeband-de","7":"product_cat-industrial-tapes-aluminium-klebeband-de","8":"product_cat-building-and-construction-products-de","9":"product_cat-industrial-tapes-de","10":"product_tag-utility-de","11":"associated_application-allgemeine-prozessanwendungen-de","12":"associated_application-bauwesen-de","13":"associated_application-fertigung-de","14":"associated_application-flexible-rohre-rohrleitungen-leitungskanal-de","15":"associated_application-gas-wasserinstallation-de","16":"associated_application-haushaltsgeraete-de","17":"associated_application-hlk-de","18":"associated_application-hlk-klebebandverschluss-de","19":"associated_application-isolierung-de","20":"associated_application-kuehlung-elektrik-de","21":"associated_application-luft-und-raumfahrt-de","22":"associated_application-metallblech-de","23":"associated_application-montage-kuhlschrankaufstellung-de","24":"associated_application-oem-fertigung-de","25":"associated_application-reparatur-de","26":"associated_application-sanierung-instandsetzung-de","27":"associated_application-schifffahrt-und-verbundwerkstoffe-de","28":"associated_application-starre-leitung-de","29":"associated_application-transportwesen-de","30":"associated_application-wartung-reparatur-und-instandhaltung-de","32":"first","33":"instock","34":"product-type-simple"},"acf":[],"yoast_head":"<!-- This site is optimized with the Yoast SEO Premium plugin v24.1 (Yoast SEO v27.0) - https:\/\/yoast.com\/product\/yoast-seo-premium-wordpress\/ -->\n<title>ALF150L - IPG<\/title>\n<meta name=\"robots\" content=\"index, follow, max-snippet:-1, max-image-preview:large, max-video-preview:-1\" \/>\n<link rel=\"canonical\" href=\"https:\/\/www.itape.com\/de\/product\/alf150l-de\/\" \/>\n<meta property=\"og:locale\" content=\"de_DE\" \/>\n<meta property=\"og:type\" content=\"article\" \/>\n<meta property=\"og:title\" content=\"ALF150L\" \/>\n<meta property=\"og:description\" content=\"Aluminium-Klebeband zum Verschwei\u00dfen und Abdichten von Glasfaserrohrkan\u00e4len und Rohrumh\u00fcllungen zur Verbesserung des Aussehens und zur Erhaltung der Dampfsperrintegrit\u00e4t. F\u00fcr HLK-Anlagen; auch zur (begrenzten) Verwendung im Industrie-, Apparate-, Marine-, Luft- und Raumfahrtgebiet. ASTM E-84\/UL-723. Abgedeckt.\" \/>\n<meta property=\"og:url\" content=\"https:\/\/www.itape.com\/de\/product\/alf150l-de\/\" \/>\n<meta property=\"og:site_name\" content=\"IPG\" \/>\n<meta property=\"article:publisher\" content=\"https:\/\/www.facebook.com\/intertape\" \/>\n<meta property=\"article:modified_time\" content=\"2023-04-03T19:20:19+00:00\" \/>\n<meta property=\"og:image\" content=\"https:\/\/www.itape.com\/wp-content\/uploads\/2023\/01\/ALF150L_high.jpg\" \/>\n\t<meta property=\"og:image:width\" content=\"2400\" \/>\n\t<meta property=\"og:image:height\" content=\"2400\" \/>\n\t<meta property=\"og:image:type\" content=\"image\/jpeg\" \/>\n<meta name=\"twitter:card\" content=\"summary_large_image\" \/>\n<meta name=\"twitter:site\" content=\"@IPGtape\" \/>\n<meta name=\"twitter:label1\" content=\"Price\" \/>\n\t<meta name=\"twitter:data1\" content=\"\" \/>\n\t<meta name=\"twitter:label2\" content=\"Availability\" \/>\n\t<meta name=\"twitter:data2\" content=\"In stock\" \/>\n<script type=\"application\/ld+json\" class=\"yoast-schema-graph\">{\"@context\":\"https:\/\/schema.org\",\"@graph\":[{\"@type\":\"WebPage\",\"@id\":\"https:\/\/www.itape.com\/de\/product\/alf150l-de\/\",\"url\":\"https:\/\/www.itape.com\/de\/product\/alf150l-de\/\",\"name\":\"ALF150L - IPG\",\"isPartOf\":{\"@id\":\"https:\/\/www.itape.com\/#website\"},\"primaryImageOfPage\":{\"@id\":\"https:\/\/www.itape.com\/de\/product\/alf150l-de\/#primaryimage\"},\"image\":{\"@id\":\"https:\/\/www.itape.com\/de\/product\/alf150l-de\/#primaryimage\"},\"thumbnailUrl\":\"https:\/\/www.itape.com\/wp-content\/uploads\/2023\/01\/ALF150L_high.jpg\",\"datePublished\":\"2023-01-12T14:32:20+00:00\",\"dateModified\":\"2023-04-03T19:20:19+00:00\",\"breadcrumb\":{\"@id\":\"https:\/\/www.itape.com\/de\/product\/alf150l-de\/#breadcrumb\"},\"inLanguage\":\"de-DE\",\"potentialAction\":[{\"@type\":\"ReadAction\",\"target\":[\"https:\/\/www.itape.com\/de\/product\/alf150l-de\/\"]}]},{\"@type\":\"ImageObject\",\"inLanguage\":\"de-DE\",\"@id\":\"https:\/\/www.itape.com\/de\/product\/alf150l-de\/#primaryimage\",\"url\":\"https:\/\/www.itape.com\/wp-content\/uploads\/2023\/01\/ALF150L_high.jpg\",\"contentUrl\":\"https:\/\/www.itape.com\/wp-content\/uploads\/2023\/01\/ALF150L_high.jpg\",\"width\":2400,\"height\":2400,\"caption\":\"ALF150L__Foil\"},{\"@type\":\"BreadcrumbList\",\"@id\":\"https:\/\/www.itape.com\/de\/product\/alf150l-de\/#breadcrumb\",\"itemListElement\":[{\"@type\":\"ListItem\",\"position\":1,\"name\":\"Home\",\"item\":\"https:\/\/www.itape.com\/de\/\"},{\"@type\":\"ListItem\",\"position\":2,\"name\":\"Products\",\"item\":\"https:\/\/www.itape.com\/products\/\"},{\"@type\":\"ListItem\",\"position\":3,\"name\":\"ALF150L\"}]},{\"@type\":\"WebSite\",\"@id\":\"https:\/\/www.itape.com\/#website\",\"url\":\"https:\/\/www.itape.com\/\",\"name\":\"IPG\",\"description\":\"Global Leader in Packaging and Protective Solutions\",\"publisher\":{\"@id\":\"https:\/\/www.itape.com\/#organization\"},\"potentialAction\":[{\"@type\":\"SearchAction\",\"target\":{\"@type\":\"EntryPoint\",\"urlTemplate\":\"https:\/\/www.itape.com\/?s={search_term_string}\"},\"query-input\":{\"@type\":\"PropertyValueSpecification\",\"valueRequired\":true,\"valueName\":\"search_term_string\"}}],\"inLanguage\":\"de-DE\"},{\"@type\":\"Organization\",\"@id\":\"https:\/\/www.itape.com\/#organization\",\"name\":\"IPG\",\"url\":\"https:\/\/www.itape.com\/\",\"logo\":{\"@type\":\"ImageObject\",\"inLanguage\":\"de-DE\",\"@id\":\"https:\/\/www.itape.com\/#\/schema\/logo\/image\/\",\"url\":\"https:\/\/www.itape.com\/wp-content\/uploads\/2024\/06\/IPG-logo-2.png\",\"contentUrl\":\"https:\/\/www.itape.com\/wp-content\/uploads\/2024\/06\/IPG-logo-2.png\",\"width\":60,\"height\":60,\"caption\":\"IPG\"},\"image\":{\"@id\":\"https:\/\/www.itape.com\/#\/schema\/logo\/image\/\"},\"sameAs\":[\"https:\/\/www.facebook.com\/intertape\",\"https:\/\/x.com\/IPGtape\",\"https:\/\/www.linkedin.com\/company\/intertape-polymer-group\",\"https:\/\/www.instagram.com\/ipgtape\",\"https:\/\/www.youtube.com\/user\/IPGtape\"]}]}<\/script>\n<meta property=\"product:price:currency\" content=\"USD\" \/>\n<meta property=\"og:availability\" content=\"instock\" \/>\n<meta property=\"product:availability\" content=\"instock\" \/>\n<meta property=\"product:retailer_item_id\" content=\"9517aae8c093\" \/>\n<meta property=\"product:condition\" content=\"new\" \/>\n<!-- \/ Yoast SEO Premium plugin. -->","yoast_head_json":{"title":"ALF150L - IPG","robots":{"index":"index","follow":"follow","max-snippet":"max-snippet:-1","max-image-preview":"max-image-preview:large","max-video-preview":"max-video-preview:-1"},"canonical":"https:\/\/www.itape.com\/de\/product\/alf150l-de\/","og_locale":"de_DE","og_type":"article","og_title":"ALF150L","og_description":"Aluminium-Klebeband zum Verschwei\u00dfen und Abdichten von Glasfaserrohrkan\u00e4len und Rohrumh\u00fcllungen zur Verbesserung des Aussehens und zur Erhaltung der Dampfsperrintegrit\u00e4t. F\u00fcr HLK-Anlagen; auch zur (begrenzten) Verwendung im Industrie-, Apparate-, Marine-, Luft- und Raumfahrtgebiet. ASTM E-84\/UL-723. Abgedeckt.","og_url":"https:\/\/www.itape.com\/de\/product\/alf150l-de\/","og_site_name":"IPG","article_publisher":"https:\/\/www.facebook.com\/intertape","article_modified_time":"2023-04-03T19:20:19+00:00","og_image":[{"width":2400,"height":2400,"url":"https:\/\/www.itape.com\/wp-content\/uploads\/2023\/01\/ALF150L_high.jpg","type":"image\/jpeg"}],"twitter_card":"summary_large_image","twitter_site":"@IPGtape","twitter_misc":{"Price":"","Availability":"In stock"},"schema":{"@context":"https:\/\/schema.org","@graph":[{"@type":"WebPage","@id":"https:\/\/www.itape.com\/de\/product\/alf150l-de\/","url":"https:\/\/www.itape.com\/de\/product\/alf150l-de\/","name":"ALF150L - IPG","isPartOf":{"@id":"https:\/\/www.itape.com\/#website"},"primaryImageOfPage":{"@id":"https:\/\/www.itape.com\/de\/product\/alf150l-de\/#primaryimage"},"image":{"@id":"https:\/\/www.itape.com\/de\/product\/alf150l-de\/#primaryimage"},"thumbnailUrl":"https:\/\/www.itape.com\/wp-content\/uploads\/2023\/01\/ALF150L_high.jpg","datePublished":"2023-01-12T14:32:20+00:00","dateModified":"2023-04-03T19:20:19+00:00","breadcrumb":{"@id":"https:\/\/www.itape.com\/de\/product\/alf150l-de\/#breadcrumb"},"inLanguage":"de-DE","potentialAction":[{"@type":"ReadAction","target":["https:\/\/www.itape.com\/de\/product\/alf150l-de\/"]}]},{"@type":"ImageObject","inLanguage":"de-DE","@id":"https:\/\/www.itape.com\/de\/product\/alf150l-de\/#primaryimage","url":"https:\/\/www.itape.com\/wp-content\/uploads\/2023\/01\/ALF150L_high.jpg","contentUrl":"https:\/\/www.itape.com\/wp-content\/uploads\/2023\/01\/ALF150L_high.jpg","width":2400,"height":2400,"caption":"ALF150L__Foil"},{"@type":"BreadcrumbList","@id":"https:\/\/www.itape.com\/de\/product\/alf150l-de\/#breadcrumb","itemListElement":[{"@type":"ListItem","position":1,"name":"Home","item":"https:\/\/www.itape.com\/de\/"},{"@type":"ListItem","position":2,"name":"Products","item":"https:\/\/www.itape.com\/products\/"},{"@type":"ListItem","position":3,"name":"ALF150L"}]},{"@type":"WebSite","@id":"https:\/\/www.itape.com\/#website","url":"https:\/\/www.itape.com\/","name":"IPG","description":"Global Leader in Packaging and Protective Solutions","publisher":{"@id":"https:\/\/www.itape.com\/#organization"},"potentialAction":[{"@type":"SearchAction","target":{"@type":"EntryPoint","urlTemplate":"https:\/\/www.itape.com\/?s={search_term_string}"},"query-input":{"@type":"PropertyValueSpecification","valueRequired":true,"valueName":"search_term_string"}}],"inLanguage":"de-DE"},{"@type":"Organization","@id":"https:\/\/www.itape.com\/#organization","name":"IPG","url":"https:\/\/www.itape.com\/","logo":{"@type":"ImageObject","inLanguage":"de-DE","@id":"https:\/\/www.itape.com\/#\/schema\/logo\/image\/","url":"https:\/\/www.itape.com\/wp-content\/uploads\/2024\/06\/IPG-logo-2.png","contentUrl":"https:\/\/www.itape.com\/wp-content\/uploads\/2024\/06\/IPG-logo-2.png","width":60,"height":60,"caption":"IPG"},"image":{"@id":"https:\/\/www.itape.com\/#\/schema\/logo\/image\/"},"sameAs":["https:\/\/www.facebook.com\/intertape","https:\/\/x.com\/IPGtape","https:\/\/www.linkedin.com\/company\/intertape-polymer-group","https:\/\/www.instagram.com\/ipgtape","https:\/\/www.youtube.com\/user\/IPGtape"]}]},"product_price_currency":"USD","og_availability":"instock","product_availability":"instock","product_retailer_item_id":"9517aae8c093","product_condition":"new"},"parsely":{"version":"1.1.0","canonical_url":"https:\/\/itape.com\/de\/product\/alf150l-de\/","smart_links":{"inbound":0,"outbound":0},"traffic_boost_suggestions_count":0,"meta":{"@context":"https:\/\/schema.org","@type":"WebPage","headline":"ALF150L","url":"https:\/\/www.itape.com\/de\/product\/alf150l-de\/","mainEntityOfPage":{"@type":"WebPage","@id":"https:\/\/www.itape.com\/de\/product\/alf150l-de\/"},"thumbnailUrl":"https:\/\/www.itape.com\/wp-content\/uploads\/2023\/01\/ALF150L_high.jpg?w=150&h=150&crop=1","image":{"@type":"ImageObject","url":"https:\/\/www.itape.com\/wp-content\/uploads\/2023\/01\/ALF150L_high.jpg"},"articleSection":"Unkategorisiert","author":[{"@type":"Person","name":"IPG"}],"creator":["IPG"],"publisher":{"@type":"Organization","name":"IPG","logo":"https:\/\/www.itape.com\/wp-content\/uploads\/2023\/03\/IPG-logo-2.png"},"keywords":[],"dateCreated":"2023-01-12T14:32:20Z","datePublished":"2023-01-12T14:32:20Z","dateModified":"2023-04-03T19:20:19Z"},"rendered":"<meta name=\"parsely-title\" content=\"ALF150L\" \/>\n<meta name=\"parsely-link\" content=\"https:\/\/www.itape.com\/de\/product\/alf150l-de\/\" \/>\n<meta name=\"parsely-type\" content=\"index\" \/>\n<meta name=\"parsely-image-url\" content=\"https:\/\/www.itape.com\/wp-content\/uploads\/2023\/01\/ALF150L_high.jpg?w=150&amp;h=150&amp;crop=1\" \/>\n<meta name=\"parsely-pub-date\" content=\"2023-01-12T14:32:20Z\" \/>\n<meta name=\"parsely-section\" content=\"Unkategorisiert\" \/>\n<meta name=\"parsely-author\" content=\"IPG\" \/>","tracker_url":"https:\/\/cdn.parsely.com\/keys\/itape.com\/p.js"},"jetpack_sharing_enabled":true,"_links":{"self":[{"href":"https:\/\/www.itape.com\/de\/wp-json\/wp\/v2\/product\/48815","targetHints":{"allow":["GET"]}}],"collection":[{"href":"https:\/\/www.itape.com\/de\/wp-json\/wp\/v2\/product"}],"about":[{"href":"https:\/\/www.itape.com\/de\/wp-json\/wp\/v2\/types\/product"}],"replies":[{"embeddable":true,"href":"https:\/\/www.itape.com\/de\/wp-json\/wp\/v2\/comments?post=48815"}],"wp:featuredmedia":[{"embeddable":true,"href":"https:\/\/www.itape.com\/de\/wp-json\/wp\/v2\/media\/52965"}],"wp:attachment":[{"href":"https:\/\/www.itape.com\/de\/wp-json\/wp\/v2\/media?parent=48815"}],"wp:term":[{"taxonomy":"product_brand","embeddable":true,"href":"https:\/\/www.itape.com\/de\/wp-json\/wp\/v2\/product_brand?post=48815"},{"taxonomy":"product_cat","embeddable":true,"href":"https:\/\/www.itape.com\/de\/wp-json\/wp\/v2\/product_cat?post=48815"},{"taxonomy":"product_tag","embeddable":true,"href":"https:\/\/www.itape.com\/de\/wp-json\/wp\/v2\/product_tag?post=48815"},{"taxonomy":"associated_application","embeddable":true,"href":"https:\/\/www.itape.com\/de\/wp-json\/wp\/v2\/associated_application?post=48815"}],"curies":[{"name":"wp","href":"https:\/\/api.w.org\/{rel}","templated":true}]}}