{"id":48820,"date":"2023-01-12T14:32:20","date_gmt":"2023-01-12T14:32:20","guid":{"rendered":"https:\/\/www.itape.com\/product\/alf300l-de\/"},"modified":"2023-03-06T14:51:20","modified_gmt":"2023-03-06T14:51:20","slug":"alf300l-de","status":"publish","type":"product","link":"https:\/\/www.itape.com\/de\/product\/alf300l-de\/","title":{"rendered":"ALF300L"},"content":{"rendered":"","protected":false},"excerpt":{"rendered":"<p>BAC D6-1816, SAE-AMS-T-23397B, UL-723, ASTM E84 \u2013 Sehr weiche Aluminiumfolie mit aggressivem druckempfindlichen Acrylklebstoff. Einseitig gestrichenes Abl\u00f6sekraftpapier. Gute Haftung auf sich selbst (bei \u00dcberlappung) und dennoch leichtes Abrollen f\u00fcr einfache Anwendung. Passt sich an unregelm\u00e4\u00dfige\/gekr\u00fcmmte Oberfl\u00e4chen an, da es flexibel bleibt und Rissen und Hebung trotzt. Abdeckung f\u00fcr chemisches Farbabbeizen von Flugzeugen und Verwendung als Unterlage f\u00fcr PMB-Explosionsschutzband (Trockenabbeizen). Wird auch f\u00fcr Galvanotechnik, Hitzewiderstand\/\u2011Ableitung und f\u00fcr Naht- und Verschlussglasfaserklebeplatten, Blechfalzrohre und flexible Klebewicklungen verwendet, zur Verbesserung des Aussehens und zur Erhaltung der Dampfsperrintegrit\u00e4t.<\/p>\n","protected":false},"featured_media":52755,"comment_status":"closed","ping_status":"closed","template":"","meta":{"_acf_changed":false},"product_brand":[],"product_cat":[7785,7806,7768,7771],"product_tag":[7079],"associated_application":[6880,6886,6878,6889,6877,7922,7006,6891,6890,6893],"class_list":{"0":"post-48820","1":"product","2":"type-product","3":"status-publish","4":"has-post-thumbnail","6":"product_cat-building-and-construction-products-aluminium-klebeband-de","7":"product_cat-industrial-tapes-aluminium-klebeband-de","8":"product_cat-building-and-construction-products-de","9":"product_cat-industrial-tapes-de","10":"product_tag-premium-de","11":"associated_application-bauwesen-de","12":"associated_application-fertigung-de","13":"associated_application-haushaltsgeraete-de","14":"associated_application-hlk-de","15":"associated_application-luft-und-raumfahrt-de","16":"associated_application-montage-kuhlschrankaufstellung-de","17":"associated_application-oem-fertigung-de","18":"associated_application-sanierung-instandsetzung-de","19":"associated_application-schifffahrt-und-verbundwerkstoffe-de","20":"associated_application-transportwesen-de","22":"first","23":"instock","24":"product-type-simple"},"acf":[],"yoast_head":"<!-- This site is optimized with the Yoast SEO Premium plugin v24.1 (Yoast SEO v27.0) - https:\/\/yoast.com\/product\/yoast-seo-premium-wordpress\/ -->\n<title>ALF300L - IPG<\/title>\n<meta name=\"robots\" content=\"index, follow, max-snippet:-1, max-image-preview:large, max-video-preview:-1\" \/>\n<link rel=\"canonical\" href=\"https:\/\/www.itape.com\/de\/product\/alf300l-de\/\" \/>\n<meta property=\"og:locale\" content=\"de_DE\" \/>\n<meta property=\"og:type\" content=\"article\" \/>\n<meta property=\"og:title\" content=\"ALF300L\" \/>\n<meta property=\"og:description\" content=\"BAC D6-1816, SAE-AMS-T-23397B, UL-723, ASTM E84 \u2013 Sehr weiche Aluminiumfolie mit aggressivem druckempfindlichen Acrylklebstoff. Einseitig gestrichenes Abl\u00f6sekraftpapier. Gute Haftung auf sich selbst (bei \u00dcberlappung) und dennoch leichtes Abrollen f\u00fcr einfache Anwendung. Passt sich an unregelm\u00e4\u00dfige\/gekr\u00fcmmte Oberfl\u00e4chen an, da es flexibel bleibt und Rissen und Hebung trotzt. Abdeckung f\u00fcr chemisches Farbabbeizen von Flugzeugen und Verwendung als Unterlage f\u00fcr PMB-Explosionsschutzband (Trockenabbeizen). Wird auch f\u00fcr Galvanotechnik, Hitzewiderstand\/\u2011Ableitung und f\u00fcr Naht- und Verschlussglasfaserklebeplatten, Blechfalzrohre und flexible Klebewicklungen verwendet, zur Verbesserung des Aussehens und zur Erhaltung der Dampfsperrintegrit\u00e4t.\" \/>\n<meta property=\"og:url\" content=\"https:\/\/www.itape.com\/de\/product\/alf300l-de\/\" \/>\n<meta property=\"og:site_name\" content=\"IPG\" \/>\n<meta property=\"article:publisher\" content=\"https:\/\/www.facebook.com\/intertape\" \/>\n<meta property=\"article:modified_time\" content=\"2023-03-06T14:51:20+00:00\" \/>\n<meta property=\"og:image\" content=\"https:\/\/www.itape.com\/wp-content\/uploads\/2023\/01\/ALF300L_high.jpg\" \/>\n\t<meta property=\"og:image:width\" content=\"2400\" \/>\n\t<meta property=\"og:image:height\" content=\"2400\" \/>\n\t<meta property=\"og:image:type\" content=\"image\/jpeg\" \/>\n<meta name=\"twitter:card\" content=\"summary_large_image\" \/>\n<meta name=\"twitter:site\" content=\"@IPGtape\" \/>\n<meta name=\"twitter:label1\" content=\"Price\" \/>\n\t<meta name=\"twitter:data1\" content=\"\" \/>\n\t<meta name=\"twitter:label2\" content=\"Availability\" \/>\n\t<meta name=\"twitter:data2\" content=\"In stock\" \/>\n<script type=\"application\/ld+json\" class=\"yoast-schema-graph\">{\"@context\":\"https:\/\/schema.org\",\"@graph\":[{\"@type\":\"WebPage\",\"@id\":\"https:\/\/www.itape.com\/de\/product\/alf300l-de\/\",\"url\":\"https:\/\/www.itape.com\/de\/product\/alf300l-de\/\",\"name\":\"ALF300L - IPG\",\"isPartOf\":{\"@id\":\"https:\/\/www.itape.com\/#website\"},\"primaryImageOfPage\":{\"@id\":\"https:\/\/www.itape.com\/de\/product\/alf300l-de\/#primaryimage\"},\"image\":{\"@id\":\"https:\/\/www.itape.com\/de\/product\/alf300l-de\/#primaryimage\"},\"thumbnailUrl\":\"https:\/\/www.itape.com\/wp-content\/uploads\/2023\/01\/ALF300L_high.jpg\",\"datePublished\":\"2023-01-12T14:32:20+00:00\",\"dateModified\":\"2023-03-06T14:51:20+00:00\",\"breadcrumb\":{\"@id\":\"https:\/\/www.itape.com\/de\/product\/alf300l-de\/#breadcrumb\"},\"inLanguage\":\"de-DE\",\"potentialAction\":[{\"@type\":\"ReadAction\",\"target\":[\"https:\/\/www.itape.com\/de\/product\/alf300l-de\/\"]}]},{\"@type\":\"ImageObject\",\"inLanguage\":\"de-DE\",\"@id\":\"https:\/\/www.itape.com\/de\/product\/alf300l-de\/#primaryimage\",\"url\":\"https:\/\/www.itape.com\/wp-content\/uploads\/2023\/01\/ALF300L_high.jpg\",\"contentUrl\":\"https:\/\/www.itape.com\/wp-content\/uploads\/2023\/01\/ALF300L_high.jpg\",\"width\":2400,\"height\":2400,\"caption\":\"ALF300L_Foiline\"},{\"@type\":\"BreadcrumbList\",\"@id\":\"https:\/\/www.itape.com\/de\/product\/alf300l-de\/#breadcrumb\",\"itemListElement\":[{\"@type\":\"ListItem\",\"position\":1,\"name\":\"Home\",\"item\":\"https:\/\/www.itape.com\/de\/\"},{\"@type\":\"ListItem\",\"position\":2,\"name\":\"Products\",\"item\":\"https:\/\/www.itape.com\/products\/\"},{\"@type\":\"ListItem\",\"position\":3,\"name\":\"ALF300L\"}]},{\"@type\":\"WebSite\",\"@id\":\"https:\/\/www.itape.com\/#website\",\"url\":\"https:\/\/www.itape.com\/\",\"name\":\"IPG\",\"description\":\"Global Leader in Packaging and Protective Solutions\",\"publisher\":{\"@id\":\"https:\/\/www.itape.com\/#organization\"},\"potentialAction\":[{\"@type\":\"SearchAction\",\"target\":{\"@type\":\"EntryPoint\",\"urlTemplate\":\"https:\/\/www.itape.com\/?s={search_term_string}\"},\"query-input\":{\"@type\":\"PropertyValueSpecification\",\"valueRequired\":true,\"valueName\":\"search_term_string\"}}],\"inLanguage\":\"de-DE\"},{\"@type\":\"Organization\",\"@id\":\"https:\/\/www.itape.com\/#organization\",\"name\":\"IPG\",\"url\":\"https:\/\/www.itape.com\/\",\"logo\":{\"@type\":\"ImageObject\",\"inLanguage\":\"de-DE\",\"@id\":\"https:\/\/www.itape.com\/#\/schema\/logo\/image\/\",\"url\":\"https:\/\/www.itape.com\/wp-content\/uploads\/2024\/06\/IPG-logo-2.png\",\"contentUrl\":\"https:\/\/www.itape.com\/wp-content\/uploads\/2024\/06\/IPG-logo-2.png\",\"width\":60,\"height\":60,\"caption\":\"IPG\"},\"image\":{\"@id\":\"https:\/\/www.itape.com\/#\/schema\/logo\/image\/\"},\"sameAs\":[\"https:\/\/www.facebook.com\/intertape\",\"https:\/\/x.com\/IPGtape\",\"https:\/\/www.linkedin.com\/company\/intertape-polymer-group\",\"https:\/\/www.instagram.com\/ipgtape\",\"https:\/\/www.youtube.com\/user\/IPGtape\"]}]}<\/script>\n<meta property=\"product:price:currency\" content=\"USD\" \/>\n<meta property=\"og:availability\" content=\"instock\" \/>\n<meta property=\"product:availability\" content=\"instock\" \/>\n<meta property=\"product:retailer_item_id\" content=\"229d25148cb8\" \/>\n<meta property=\"product:condition\" content=\"new\" \/>\n<!-- \/ Yoast SEO Premium plugin. -->","yoast_head_json":{"title":"ALF300L - IPG","robots":{"index":"index","follow":"follow","max-snippet":"max-snippet:-1","max-image-preview":"max-image-preview:large","max-video-preview":"max-video-preview:-1"},"canonical":"https:\/\/www.itape.com\/de\/product\/alf300l-de\/","og_locale":"de_DE","og_type":"article","og_title":"ALF300L","og_description":"BAC D6-1816, SAE-AMS-T-23397B, UL-723, ASTM E84 \u2013 Sehr weiche Aluminiumfolie mit aggressivem druckempfindlichen Acrylklebstoff. Einseitig gestrichenes Abl\u00f6sekraftpapier. Gute Haftung auf sich selbst (bei \u00dcberlappung) und dennoch leichtes Abrollen f\u00fcr einfache Anwendung. Passt sich an unregelm\u00e4\u00dfige\/gekr\u00fcmmte Oberfl\u00e4chen an, da es flexibel bleibt und Rissen und Hebung trotzt. Abdeckung f\u00fcr chemisches Farbabbeizen von Flugzeugen und Verwendung als Unterlage f\u00fcr PMB-Explosionsschutzband (Trockenabbeizen). Wird auch f\u00fcr Galvanotechnik, Hitzewiderstand\/\u2011Ableitung und f\u00fcr Naht- und Verschlussglasfaserklebeplatten, Blechfalzrohre und flexible Klebewicklungen verwendet, zur Verbesserung des Aussehens und zur Erhaltung der Dampfsperrintegrit\u00e4t.","og_url":"https:\/\/www.itape.com\/de\/product\/alf300l-de\/","og_site_name":"IPG","article_publisher":"https:\/\/www.facebook.com\/intertape","article_modified_time":"2023-03-06T14:51:20+00:00","og_image":[{"width":2400,"height":2400,"url":"https:\/\/www.itape.com\/wp-content\/uploads\/2023\/01\/ALF300L_high.jpg","type":"image\/jpeg"}],"twitter_card":"summary_large_image","twitter_site":"@IPGtape","twitter_misc":{"Price":"","Availability":"In stock"},"schema":{"@context":"https:\/\/schema.org","@graph":[{"@type":"WebPage","@id":"https:\/\/www.itape.com\/de\/product\/alf300l-de\/","url":"https:\/\/www.itape.com\/de\/product\/alf300l-de\/","name":"ALF300L - IPG","isPartOf":{"@id":"https:\/\/www.itape.com\/#website"},"primaryImageOfPage":{"@id":"https:\/\/www.itape.com\/de\/product\/alf300l-de\/#primaryimage"},"image":{"@id":"https:\/\/www.itape.com\/de\/product\/alf300l-de\/#primaryimage"},"thumbnailUrl":"https:\/\/www.itape.com\/wp-content\/uploads\/2023\/01\/ALF300L_high.jpg","datePublished":"2023-01-12T14:32:20+00:00","dateModified":"2023-03-06T14:51:20+00:00","breadcrumb":{"@id":"https:\/\/www.itape.com\/de\/product\/alf300l-de\/#breadcrumb"},"inLanguage":"de-DE","potentialAction":[{"@type":"ReadAction","target":["https:\/\/www.itape.com\/de\/product\/alf300l-de\/"]}]},{"@type":"ImageObject","inLanguage":"de-DE","@id":"https:\/\/www.itape.com\/de\/product\/alf300l-de\/#primaryimage","url":"https:\/\/www.itape.com\/wp-content\/uploads\/2023\/01\/ALF300L_high.jpg","contentUrl":"https:\/\/www.itape.com\/wp-content\/uploads\/2023\/01\/ALF300L_high.jpg","width":2400,"height":2400,"caption":"ALF300L_Foiline"},{"@type":"BreadcrumbList","@id":"https:\/\/www.itape.com\/de\/product\/alf300l-de\/#breadcrumb","itemListElement":[{"@type":"ListItem","position":1,"name":"Home","item":"https:\/\/www.itape.com\/de\/"},{"@type":"ListItem","position":2,"name":"Products","item":"https:\/\/www.itape.com\/products\/"},{"@type":"ListItem","position":3,"name":"ALF300L"}]},{"@type":"WebSite","@id":"https:\/\/www.itape.com\/#website","url":"https:\/\/www.itape.com\/","name":"IPG","description":"Global Leader in Packaging and Protective Solutions","publisher":{"@id":"https:\/\/www.itape.com\/#organization"},"potentialAction":[{"@type":"SearchAction","target":{"@type":"EntryPoint","urlTemplate":"https:\/\/www.itape.com\/?s={search_term_string}"},"query-input":{"@type":"PropertyValueSpecification","valueRequired":true,"valueName":"search_term_string"}}],"inLanguage":"de-DE"},{"@type":"Organization","@id":"https:\/\/www.itape.com\/#organization","name":"IPG","url":"https:\/\/www.itape.com\/","logo":{"@type":"ImageObject","inLanguage":"de-DE","@id":"https:\/\/www.itape.com\/#\/schema\/logo\/image\/","url":"https:\/\/www.itape.com\/wp-content\/uploads\/2024\/06\/IPG-logo-2.png","contentUrl":"https:\/\/www.itape.com\/wp-content\/uploads\/2024\/06\/IPG-logo-2.png","width":60,"height":60,"caption":"IPG"},"image":{"@id":"https:\/\/www.itape.com\/#\/schema\/logo\/image\/"},"sameAs":["https:\/\/www.facebook.com\/intertape","https:\/\/x.com\/IPGtape","https:\/\/www.linkedin.com\/company\/intertape-polymer-group","https:\/\/www.instagram.com\/ipgtape","https:\/\/www.youtube.com\/user\/IPGtape"]}]},"product_price_currency":"USD","og_availability":"instock","product_availability":"instock","product_retailer_item_id":"229d25148cb8","product_condition":"new"},"parsely":{"version":"1.1.0","canonical_url":"https:\/\/itape.com\/de\/product\/alf300l-de\/","smart_links":{"inbound":0,"outbound":0},"traffic_boost_suggestions_count":0,"meta":{"@context":"https:\/\/schema.org","@type":"WebPage","headline":"ALF300L","url":"https:\/\/www.itape.com\/de\/product\/alf300l-de\/","mainEntityOfPage":{"@type":"WebPage","@id":"https:\/\/www.itape.com\/de\/product\/alf300l-de\/"},"thumbnailUrl":"https:\/\/www.itape.com\/wp-content\/uploads\/2023\/01\/ALF300L_high.jpg?w=150&h=150&crop=1","image":{"@type":"ImageObject","url":"https:\/\/www.itape.com\/wp-content\/uploads\/2023\/01\/ALF300L_high.jpg"},"articleSection":"Unkategorisiert","author":[{"@type":"Person","name":"IPG"}],"creator":["IPG"],"publisher":{"@type":"Organization","name":"IPG","logo":"https:\/\/www.itape.com\/wp-content\/uploads\/2023\/03\/IPG-logo-2.png"},"keywords":[],"dateCreated":"2023-01-12T14:32:20Z","datePublished":"2023-01-12T14:32:20Z","dateModified":"2023-03-06T14:51:20Z"},"rendered":"<meta name=\"parsely-title\" content=\"ALF300L\" \/>\n<meta name=\"parsely-link\" content=\"https:\/\/www.itape.com\/de\/product\/alf300l-de\/\" \/>\n<meta name=\"parsely-type\" content=\"index\" \/>\n<meta name=\"parsely-image-url\" content=\"https:\/\/www.itape.com\/wp-content\/uploads\/2023\/01\/ALF300L_high.jpg?w=150&amp;h=150&amp;crop=1\" \/>\n<meta name=\"parsely-pub-date\" content=\"2023-01-12T14:32:20Z\" \/>\n<meta name=\"parsely-section\" content=\"Unkategorisiert\" \/>\n<meta name=\"parsely-author\" content=\"IPG\" \/>","tracker_url":"https:\/\/cdn.parsely.com\/keys\/itape.com\/p.js"},"jetpack_sharing_enabled":true,"_links":{"self":[{"href":"https:\/\/www.itape.com\/de\/wp-json\/wp\/v2\/product\/48820","targetHints":{"allow":["GET"]}}],"collection":[{"href":"https:\/\/www.itape.com\/de\/wp-json\/wp\/v2\/product"}],"about":[{"href":"https:\/\/www.itape.com\/de\/wp-json\/wp\/v2\/types\/product"}],"replies":[{"embeddable":true,"href":"https:\/\/www.itape.com\/de\/wp-json\/wp\/v2\/comments?post=48820"}],"wp:featuredmedia":[{"embeddable":true,"href":"https:\/\/www.itape.com\/de\/wp-json\/wp\/v2\/media\/52755"}],"wp:attachment":[{"href":"https:\/\/www.itape.com\/de\/wp-json\/wp\/v2\/media?parent=48820"}],"wp:term":[{"taxonomy":"product_brand","embeddable":true,"href":"https:\/\/www.itape.com\/de\/wp-json\/wp\/v2\/product_brand?post=48820"},{"taxonomy":"product_cat","embeddable":true,"href":"https:\/\/www.itape.com\/de\/wp-json\/wp\/v2\/product_cat?post=48820"},{"taxonomy":"product_tag","embeddable":true,"href":"https:\/\/www.itape.com\/de\/wp-json\/wp\/v2\/product_tag?post=48820"},{"taxonomy":"associated_application","embeddable":true,"href":"https:\/\/www.itape.com\/de\/wp-json\/wp\/v2\/associated_application?post=48820"}],"curies":[{"name":"wp","href":"https:\/\/api.w.org\/{rel}","templated":true}]}}