{"id":48864,"date":"2023-01-12T14:32:50","date_gmt":"2023-01-12T14:32:50","guid":{"rendered":"https:\/\/www.itape.com\/product\/om-de\/"},"modified":"2023-10-03T12:24:16","modified_gmt":"2023-10-03T12:24:16","slug":"om-de","status":"publish","type":"product","link":"https:\/\/www.itape.com\/de\/product\/om-de\/","title":{"rendered":"OM"},"content":{"rendered":"","protected":false},"excerpt":{"rendered":"<p>ASTM D6123-D6123M, CID AA-883B \u2013 OM (Orange Mask\u2122) ist ein Hochleistungsabdeckband, das f\u00fcr Farbanwendungen in der Automobilbranche entwickelt wurde, wie Marine, Bus, LKW, RV, Autos und verschiedene andere Anwendungen, bei denen Anpassungsf\u00e4higkeit und r\u00fcckstandslose Entfernung n\u00f6tig ist. Scharfkantige Farblinien. UV-best\u00e4ndig f\u00fcr bis zu 72 Stunden. Rei\u00df-, feuchtigkeits- und l\u00f6sungsmittelfest.<\/p>\n","protected":false},"featured_media":52533,"comment_status":"closed","ping_status":"closed","template":"","meta":{"_acf_changed":false},"product_brand":[],"product_cat":[7055,7787,7807,7768,8266,7771,7775],"product_tag":[7136,8263,8263],"associated_application":[6899,7034,6917,7900,6880,6882,6886,6878,6889,7014,6879,6885,6877,6984,7013,6891,6890,6893,6888,6983],"class_list":{"0":"post-48864","1":"product","2":"type-product","3":"status-publish","4":"has-post-thumbnail","6":"product_cat-masking-tape-de","7":"product_cat-building-and-construction-products-abdeckband-de","8":"product_cat-industrial-tapes-abdeckband-de","9":"product_cat-building-and-construction-products-de","10":"product_cat-cradle-to-cradle-products-de","11":"product_cat-industrial-tapes-de","12":"product_cat-sustainable-packaging-de","13":"product_tag-american-performance-series-de","14":"product_tag-cradle-to-cradle-certified-de","16":"associated_application-abdeckung-de","17":"associated_application-abdeckung-de-2","18":"associated_application-abdeckung-im-automobilbereich-de","19":"associated_application-allgemeine-maler-lackiereranwendungen","20":"associated_application-bauwesen-de","21":"associated_application-e-commerce-de","22":"associated_application-fertigung-de","23":"associated_application-haushaltsgeraete-de","24":"associated_application-hlk-de","25":"associated_application-in-mold-abdeckung-de","26":"associated_application-kfz-gewerbe-de","27":"associated_application-lebensmittelverarbeitung-de","28":"associated_application-luft-und-raumfahrt-de","29":"associated_application-malen-lackieren-de","30":"associated_application-mehrzweck-abdeckungsverbundstoffe-de","31":"associated_application-sanierung-instandsetzung-de","32":"associated_application-schifffahrt-und-verbundwerkstoffe-de","33":"associated_application-transportwesen-de","34":"associated_application-umzug-und-lagerung-de","35":"associated_application-wartung-reparatur-und-instandhaltung-de","37":"first","38":"instock","39":"product-type-simple"},"acf":[],"yoast_head":"<!-- This site is optimized with the Yoast SEO Premium plugin v24.1 (Yoast SEO v27.0) - https:\/\/yoast.com\/product\/yoast-seo-premium-wordpress\/ -->\n<title>OM - IPG<\/title>\n<meta name=\"robots\" content=\"index, follow, max-snippet:-1, max-image-preview:large, max-video-preview:-1\" \/>\n<link rel=\"canonical\" href=\"https:\/\/www.itape.com\/product\/om\/\" \/>\n<meta property=\"og:locale\" content=\"de_DE\" \/>\n<meta property=\"og:type\" content=\"article\" \/>\n<meta property=\"og:title\" content=\"OM\" \/>\n<meta property=\"og:description\" content=\"ASTM D6123-D6123M, CID AA-883B \u2013 OM (Orange Mask\u2122) ist ein Hochleistungsabdeckband, das f\u00fcr Farbanwendungen in der Automobilbranche entwickelt wurde, wie Marine, Bus, LKW, RV, Autos und verschiedene andere Anwendungen, bei denen Anpassungsf\u00e4higkeit und r\u00fcckstandslose Entfernung n\u00f6tig ist. Scharfkantige Farblinien. UV-best\u00e4ndig f\u00fcr bis zu 72 Stunden. Rei\u00df-, feuchtigkeits- und l\u00f6sungsmittelfest.\" \/>\n<meta property=\"og:url\" content=\"https:\/\/www.itape.com\/product\/om\/\" \/>\n<meta property=\"og:site_name\" content=\"IPG\" \/>\n<meta property=\"article:publisher\" content=\"https:\/\/www.facebook.com\/intertape\" \/>\n<meta property=\"article:modified_time\" content=\"2023-10-03T12:24:16+00:00\" \/>\n<meta property=\"og:image\" content=\"https:\/\/www.itape.com\/wp-content\/uploads\/product-image\/om-org-36mmx54.8m-shadow.jpg\" \/>\n\t<meta property=\"og:image:width\" content=\"2400\" \/>\n\t<meta property=\"og:image:height\" content=\"2400\" \/>\n\t<meta property=\"og:image:type\" content=\"image\/jpeg\" \/>\n<meta name=\"twitter:card\" content=\"summary_large_image\" \/>\n<meta name=\"twitter:site\" content=\"@IPGtape\" \/>\n<meta name=\"twitter:label1\" content=\"Price\" \/>\n\t<meta name=\"twitter:data1\" content=\"\" \/>\n\t<meta name=\"twitter:label2\" content=\"Availability\" \/>\n\t<meta name=\"twitter:data2\" content=\"In stock\" \/>\n<script type=\"application\/ld+json\" class=\"yoast-schema-graph\">{\"@context\":\"https:\/\/schema.org\",\"@graph\":[{\"@type\":\"WebPage\",\"@id\":\"https:\/\/www.itape.com\/product\/om\/\",\"url\":\"https:\/\/www.itape.com\/product\/om\/\",\"name\":\"OM - IPG\",\"isPartOf\":{\"@id\":\"https:\/\/www.itape.com\/#website\"},\"primaryImageOfPage\":{\"@id\":\"https:\/\/www.itape.com\/product\/om\/#primaryimage\"},\"image\":{\"@id\":\"https:\/\/www.itape.com\/product\/om\/#primaryimage\"},\"thumbnailUrl\":\"https:\/\/www.itape.com\/wp-content\/uploads\/product-image\/om-org-36mmx54.8m-shadow.jpg\",\"datePublished\":\"2023-01-12T14:32:50+00:00\",\"dateModified\":\"2023-10-03T12:24:16+00:00\",\"breadcrumb\":{\"@id\":\"https:\/\/www.itape.com\/product\/om\/#breadcrumb\"},\"inLanguage\":\"de-DE\",\"potentialAction\":[{\"@type\":\"ReadAction\",\"target\":[\"https:\/\/www.itape.com\/product\/om\/\"]}]},{\"@type\":\"ImageObject\",\"inLanguage\":\"de-DE\",\"@id\":\"https:\/\/www.itape.com\/product\/om\/#primaryimage\",\"url\":\"https:\/\/www.itape.com\/wp-content\/uploads\/product-image\/om-org-36mmx54.8m-shadow.jpg\",\"contentUrl\":\"https:\/\/www.itape.com\/wp-content\/uploads\/product-image\/om-org-36mmx54.8m-shadow.jpg\",\"width\":2400,\"height\":2400,\"caption\":\"ORANGE MASK_Masking\"},{\"@type\":\"BreadcrumbList\",\"@id\":\"https:\/\/www.itape.com\/product\/om\/#breadcrumb\",\"itemListElement\":[{\"@type\":\"ListItem\",\"position\":1,\"name\":\"Home\",\"item\":\"https:\/\/www.itape.com\/de\/\"},{\"@type\":\"ListItem\",\"position\":2,\"name\":\"Products\",\"item\":\"https:\/\/www.itape.com\/products\/\"},{\"@type\":\"ListItem\",\"position\":3,\"name\":\"OM\"}]},{\"@type\":\"WebSite\",\"@id\":\"https:\/\/www.itape.com\/#website\",\"url\":\"https:\/\/www.itape.com\/\",\"name\":\"IPG\",\"description\":\"Global Leader in Packaging and Protective Solutions\",\"publisher\":{\"@id\":\"https:\/\/www.itape.com\/#organization\"},\"potentialAction\":[{\"@type\":\"SearchAction\",\"target\":{\"@type\":\"EntryPoint\",\"urlTemplate\":\"https:\/\/www.itape.com\/?s={search_term_string}\"},\"query-input\":{\"@type\":\"PropertyValueSpecification\",\"valueRequired\":true,\"valueName\":\"search_term_string\"}}],\"inLanguage\":\"de-DE\"},{\"@type\":\"Organization\",\"@id\":\"https:\/\/www.itape.com\/#organization\",\"name\":\"IPG\",\"url\":\"https:\/\/www.itape.com\/\",\"logo\":{\"@type\":\"ImageObject\",\"inLanguage\":\"de-DE\",\"@id\":\"https:\/\/www.itape.com\/#\/schema\/logo\/image\/\",\"url\":\"https:\/\/www.itape.com\/wp-content\/uploads\/2024\/06\/IPG-logo-2.png\",\"contentUrl\":\"https:\/\/www.itape.com\/wp-content\/uploads\/2024\/06\/IPG-logo-2.png\",\"width\":60,\"height\":60,\"caption\":\"IPG\"},\"image\":{\"@id\":\"https:\/\/www.itape.com\/#\/schema\/logo\/image\/\"},\"sameAs\":[\"https:\/\/www.facebook.com\/intertape\",\"https:\/\/x.com\/IPGtape\",\"https:\/\/www.linkedin.com\/company\/intertape-polymer-group\",\"https:\/\/www.instagram.com\/ipgtape\",\"https:\/\/www.youtube.com\/user\/IPGtape\"]}]}<\/script>\n<meta property=\"product:price:currency\" content=\"USD\" \/>\n<meta property=\"og:availability\" content=\"instock\" \/>\n<meta property=\"product:availability\" content=\"instock\" \/>\n<meta property=\"product:retailer_item_id\" content=\"7778c07b27fa\" \/>\n<meta property=\"product:condition\" content=\"new\" \/>\n<!-- \/ Yoast SEO Premium plugin. -->","yoast_head_json":{"title":"OM - IPG","robots":{"index":"index","follow":"follow","max-snippet":"max-snippet:-1","max-image-preview":"max-image-preview:large","max-video-preview":"max-video-preview:-1"},"canonical":"https:\/\/www.itape.com\/product\/om\/","og_locale":"de_DE","og_type":"article","og_title":"OM","og_description":"ASTM D6123-D6123M, CID AA-883B \u2013 OM (Orange Mask\u2122) ist ein Hochleistungsabdeckband, das f\u00fcr Farbanwendungen in der Automobilbranche entwickelt wurde, wie Marine, Bus, LKW, RV, Autos und verschiedene andere Anwendungen, bei denen Anpassungsf\u00e4higkeit und r\u00fcckstandslose Entfernung n\u00f6tig ist. Scharfkantige Farblinien. UV-best\u00e4ndig f\u00fcr bis zu 72 Stunden. Rei\u00df-, feuchtigkeits- und l\u00f6sungsmittelfest.","og_url":"https:\/\/www.itape.com\/product\/om\/","og_site_name":"IPG","article_publisher":"https:\/\/www.facebook.com\/intertape","article_modified_time":"2023-10-03T12:24:16+00:00","og_image":[{"width":2400,"height":2400,"url":"https:\/\/www.itape.com\/wp-content\/uploads\/product-image\/om-org-36mmx54.8m-shadow.jpg","type":"image\/jpeg"}],"twitter_card":"summary_large_image","twitter_site":"@IPGtape","twitter_misc":{"Price":"","Availability":"In stock"},"schema":{"@context":"https:\/\/schema.org","@graph":[{"@type":"WebPage","@id":"https:\/\/www.itape.com\/product\/om\/","url":"https:\/\/www.itape.com\/product\/om\/","name":"OM - IPG","isPartOf":{"@id":"https:\/\/www.itape.com\/#website"},"primaryImageOfPage":{"@id":"https:\/\/www.itape.com\/product\/om\/#primaryimage"},"image":{"@id":"https:\/\/www.itape.com\/product\/om\/#primaryimage"},"thumbnailUrl":"https:\/\/www.itape.com\/wp-content\/uploads\/product-image\/om-org-36mmx54.8m-shadow.jpg","datePublished":"2023-01-12T14:32:50+00:00","dateModified":"2023-10-03T12:24:16+00:00","breadcrumb":{"@id":"https:\/\/www.itape.com\/product\/om\/#breadcrumb"},"inLanguage":"de-DE","potentialAction":[{"@type":"ReadAction","target":["https:\/\/www.itape.com\/product\/om\/"]}]},{"@type":"ImageObject","inLanguage":"de-DE","@id":"https:\/\/www.itape.com\/product\/om\/#primaryimage","url":"https:\/\/www.itape.com\/wp-content\/uploads\/product-image\/om-org-36mmx54.8m-shadow.jpg","contentUrl":"https:\/\/www.itape.com\/wp-content\/uploads\/product-image\/om-org-36mmx54.8m-shadow.jpg","width":2400,"height":2400,"caption":"ORANGE MASK_Masking"},{"@type":"BreadcrumbList","@id":"https:\/\/www.itape.com\/product\/om\/#breadcrumb","itemListElement":[{"@type":"ListItem","position":1,"name":"Home","item":"https:\/\/www.itape.com\/de\/"},{"@type":"ListItem","position":2,"name":"Products","item":"https:\/\/www.itape.com\/products\/"},{"@type":"ListItem","position":3,"name":"OM"}]},{"@type":"WebSite","@id":"https:\/\/www.itape.com\/#website","url":"https:\/\/www.itape.com\/","name":"IPG","description":"Global Leader in Packaging and Protective Solutions","publisher":{"@id":"https:\/\/www.itape.com\/#organization"},"potentialAction":[{"@type":"SearchAction","target":{"@type":"EntryPoint","urlTemplate":"https:\/\/www.itape.com\/?s={search_term_string}"},"query-input":{"@type":"PropertyValueSpecification","valueRequired":true,"valueName":"search_term_string"}}],"inLanguage":"de-DE"},{"@type":"Organization","@id":"https:\/\/www.itape.com\/#organization","name":"IPG","url":"https:\/\/www.itape.com\/","logo":{"@type":"ImageObject","inLanguage":"de-DE","@id":"https:\/\/www.itape.com\/#\/schema\/logo\/image\/","url":"https:\/\/www.itape.com\/wp-content\/uploads\/2024\/06\/IPG-logo-2.png","contentUrl":"https:\/\/www.itape.com\/wp-content\/uploads\/2024\/06\/IPG-logo-2.png","width":60,"height":60,"caption":"IPG"},"image":{"@id":"https:\/\/www.itape.com\/#\/schema\/logo\/image\/"},"sameAs":["https:\/\/www.facebook.com\/intertape","https:\/\/x.com\/IPGtape","https:\/\/www.linkedin.com\/company\/intertape-polymer-group","https:\/\/www.instagram.com\/ipgtape","https:\/\/www.youtube.com\/user\/IPGtape"]}]},"product_price_currency":"USD","og_availability":"instock","product_availability":"instock","product_retailer_item_id":"7778c07b27fa","product_condition":"new"},"parsely":{"version":"1.1.0","canonical_url":"https:\/\/itape.com\/de\/product\/om-de\/","smart_links":{"inbound":0,"outbound":0},"traffic_boost_suggestions_count":0,"meta":{"@context":"https:\/\/schema.org","@type":"WebPage","headline":"OM","url":"https:\/\/www.itape.com\/de\/product\/om-de\/","mainEntityOfPage":{"@type":"WebPage","@id":"https:\/\/www.itape.com\/de\/product\/om-de\/"},"thumbnailUrl":"https:\/\/www.itape.com\/wp-content\/uploads\/product-image\/om-org-36mmx54.8m-shadow.jpg?w=150&h=150&crop=1","image":{"@type":"ImageObject","url":"https:\/\/www.itape.com\/wp-content\/uploads\/product-image\/om-org-36mmx54.8m-shadow.jpg"},"articleSection":"Unkategorisiert","author":[{"@type":"Person","name":"IPG"}],"creator":["IPG"],"publisher":{"@type":"Organization","name":"IPG","logo":"https:\/\/www.itape.com\/wp-content\/uploads\/2023\/03\/IPG-logo-2.png"},"keywords":[],"dateCreated":"2023-01-12T14:32:50Z","datePublished":"2023-01-12T14:32:50Z","dateModified":"2023-10-03T12:24:16Z"},"rendered":"<meta name=\"parsely-title\" content=\"OM\" \/>\n<meta name=\"parsely-link\" content=\"https:\/\/www.itape.com\/de\/product\/om-de\/\" \/>\n<meta name=\"parsely-type\" content=\"index\" \/>\n<meta name=\"parsely-image-url\" content=\"https:\/\/www.itape.com\/wp-content\/uploads\/product-image\/om-org-36mmx54.8m-shadow.jpg?w=150&amp;h=150&amp;crop=1\" \/>\n<meta name=\"parsely-pub-date\" content=\"2023-01-12T14:32:50Z\" \/>\n<meta name=\"parsely-section\" content=\"Unkategorisiert\" \/>\n<meta name=\"parsely-author\" content=\"IPG\" \/>","tracker_url":"https:\/\/cdn.parsely.com\/keys\/itape.com\/p.js"},"jetpack_sharing_enabled":true,"_links":{"self":[{"href":"https:\/\/www.itape.com\/de\/wp-json\/wp\/v2\/product\/48864","targetHints":{"allow":["GET"]}}],"collection":[{"href":"https:\/\/www.itape.com\/de\/wp-json\/wp\/v2\/product"}],"about":[{"href":"https:\/\/www.itape.com\/de\/wp-json\/wp\/v2\/types\/product"}],"replies":[{"embeddable":true,"href":"https:\/\/www.itape.com\/de\/wp-json\/wp\/v2\/comments?post=48864"}],"wp:featuredmedia":[{"embeddable":true,"href":"https:\/\/www.itape.com\/de\/wp-json\/wp\/v2\/media\/52533"}],"wp:attachment":[{"href":"https:\/\/www.itape.com\/de\/wp-json\/wp\/v2\/media?parent=48864"}],"wp:term":[{"taxonomy":"product_brand","embeddable":true,"href":"https:\/\/www.itape.com\/de\/wp-json\/wp\/v2\/product_brand?post=48864"},{"taxonomy":"product_cat","embeddable":true,"href":"https:\/\/www.itape.com\/de\/wp-json\/wp\/v2\/product_cat?post=48864"},{"taxonomy":"product_tag","embeddable":true,"href":"https:\/\/www.itape.com\/de\/wp-json\/wp\/v2\/product_tag?post=48864"},{"taxonomy":"associated_application","embeddable":true,"href":"https:\/\/www.itape.com\/de\/wp-json\/wp\/v2\/associated_application?post=48864"}],"curies":[{"name":"wp","href":"https:\/\/api.w.org\/{rel}","templated":true}]}}