{"id":48874,"date":"2023-01-12T14:32:55","date_gmt":"2023-01-12T14:32:55","guid":{"rendered":"https:\/\/www.itape.com\/product\/pg777-de\/"},"modified":"2023-03-06T18:06:55","modified_gmt":"2023-03-06T18:06:55","slug":"pg777-de","status":"publish","type":"product","link":"https:\/\/www.itape.com\/de\/product\/pg777-de\/","title":{"rendered":"PG777"},"content":{"rendered":"","protected":false},"excerpt":{"rendered":"<p>BAC 5034-4, BAC D6-1816, SAE-AMS-T-21595 Entwickelt urspr\u00fcnglich f\u00fcr die Luft- und Raumfahrtindustrie, wo Best\u00e4ndigkeit gegen\u00fcber starken l\u00f6sungsmittel-\/polyurethanbasierten Farben mit hohem Feststoffanteil n\u00f6tig ist. Der Klebstoff wurde speziell f\u00fcr hervorragende Haftung auf und r\u00fcckstandsfreie Entfernung von einer vielzahl vorbereiteter Aluminiumoberfl\u00e4chen entwickelt. Produkt kann gro\u00dfe Kraftvorfelder unterst\u00fctzen. Es l\u00e4sst sich in Zyklendeckungsanwendungen mit 60\u00a0\u00b0C f\u00fcr 4\u20136 Stunden und bis zu drei Zyklen einsetzen. Die anpassbare, extra starke glatte Krepppapierdeckung bietet saubere Farbleitungsbr\u00fcche und St\u00e4rke f\u00fcr lange Farbleitungen mit sauberer, rissfreier Entfernung.<\/p>\n","protected":false},"featured_media":65276,"comment_status":"closed","ping_status":"closed","template":"","meta":{"_acf_changed":false},"product_brand":[],"product_cat":[7787,7807,7768,8266,7771,7775],"product_tag":[8263,7079],"associated_application":[6878,6880,6902,6882,6886,6878,6889,6879,6885,6877,6891,6890,6893,6888],"class_list":{"0":"post-48874","1":"product","2":"type-product","3":"status-publish","4":"has-post-thumbnail","6":"product_cat-building-and-construction-products-abdeckband-de","7":"product_cat-industrial-tapes-abdeckband-de","8":"product_cat-building-and-construction-products-de","9":"product_cat-cradle-to-cradle-products-de","10":"product_cat-industrial-tapes-de","11":"product_cat-sustainable-packaging-de","12":"product_tag-cradle-to-cradle-certified-de","13":"product_tag-premium-de","14":"associated_application-haushaltsgeraete-de","15":"associated_application-bauwesen-de","16":"associated_application-boeing-de","17":"associated_application-e-commerce-de","18":"associated_application-fertigung-de","20":"associated_application-hlk-de","21":"associated_application-kfz-gewerbe-de","22":"associated_application-lebensmittelverarbeitung-de","23":"associated_application-luft-und-raumfahrt-de","24":"associated_application-sanierung-instandsetzung-de","25":"associated_application-schifffahrt-und-verbundwerkstoffe-de","26":"associated_application-transportwesen-de","27":"associated_application-umzug-und-lagerung-de","29":"first","30":"instock","31":"product-type-simple"},"acf":[],"yoast_head":"<!-- This site is optimized with the Yoast SEO Premium plugin v24.1 (Yoast SEO v27.0) - https:\/\/yoast.com\/product\/yoast-seo-premium-wordpress\/ -->\n<title>PG777 - IPG<\/title>\n<meta name=\"robots\" content=\"index, follow, max-snippet:-1, max-image-preview:large, max-video-preview:-1\" \/>\n<link rel=\"canonical\" href=\"https:\/\/www.itape.com\/de\/product\/pg777-de\/\" \/>\n<meta property=\"og:locale\" content=\"de_DE\" \/>\n<meta property=\"og:type\" content=\"article\" \/>\n<meta property=\"og:title\" content=\"PG777\" \/>\n<meta property=\"og:description\" content=\"BAC 5034-4, BAC D6-1816, SAE-AMS-T-21595 Entwickelt urspr\u00fcnglich f\u00fcr die Luft- und Raumfahrtindustrie, wo Best\u00e4ndigkeit gegen\u00fcber starken l\u00f6sungsmittel-\/polyurethanbasierten Farben mit hohem Feststoffanteil n\u00f6tig ist. Der Klebstoff wurde speziell f\u00fcr hervorragende Haftung auf und r\u00fcckstandsfreie Entfernung von einer vielzahl vorbereiteter Aluminiumoberfl\u00e4chen entwickelt. Produkt kann gro\u00dfe Kraftvorfelder unterst\u00fctzen. Es l\u00e4sst sich in Zyklendeckungsanwendungen mit 60\u00a0\u00b0C f\u00fcr 4\u20136 Stunden und bis zu drei Zyklen einsetzen. Die anpassbare, extra starke glatte Krepppapierdeckung bietet saubere Farbleitungsbr\u00fcche und St\u00e4rke f\u00fcr lange Farbleitungen mit sauberer, rissfreier Entfernung.\" \/>\n<meta property=\"og:url\" content=\"https:\/\/www.itape.com\/de\/product\/pg777-de\/\" \/>\n<meta property=\"og:site_name\" content=\"IPG\" \/>\n<meta property=\"article:publisher\" content=\"https:\/\/www.facebook.com\/intertape\" \/>\n<meta property=\"article:modified_time\" content=\"2023-03-06T18:06:55+00:00\" \/>\n<meta property=\"og:image\" content=\"https:\/\/www.itape.com\/wp-content\/uploads\/2023\/01\/PG777_high.jpg\" \/>\n\t<meta property=\"og:image:width\" content=\"2400\" \/>\n\t<meta property=\"og:image:height\" content=\"2400\" \/>\n\t<meta property=\"og:image:type\" content=\"image\/jpeg\" \/>\n<meta name=\"twitter:card\" content=\"summary_large_image\" \/>\n<meta name=\"twitter:site\" content=\"@IPGtape\" \/>\n<meta name=\"twitter:label1\" content=\"Price\" \/>\n\t<meta name=\"twitter:data1\" content=\"\" \/>\n\t<meta name=\"twitter:label2\" content=\"Availability\" \/>\n\t<meta name=\"twitter:data2\" content=\"In stock\" \/>\n<script type=\"application\/ld+json\" class=\"yoast-schema-graph\">{\"@context\":\"https:\/\/schema.org\",\"@graph\":[{\"@type\":\"WebPage\",\"@id\":\"https:\/\/www.itape.com\/de\/product\/pg777-de\/\",\"url\":\"https:\/\/www.itape.com\/de\/product\/pg777-de\/\",\"name\":\"PG777 - IPG\",\"isPartOf\":{\"@id\":\"https:\/\/www.itape.com\/#website\"},\"primaryImageOfPage\":{\"@id\":\"https:\/\/www.itape.com\/de\/product\/pg777-de\/#primaryimage\"},\"image\":{\"@id\":\"https:\/\/www.itape.com\/de\/product\/pg777-de\/#primaryimage\"},\"thumbnailUrl\":\"https:\/\/www.itape.com\/wp-content\/uploads\/product-image\/pg777-nat-2inx60yd-shadow.jpg\",\"datePublished\":\"2023-01-12T14:32:55+00:00\",\"dateModified\":\"2023-03-06T18:06:55+00:00\",\"breadcrumb\":{\"@id\":\"https:\/\/www.itape.com\/de\/product\/pg777-de\/#breadcrumb\"},\"inLanguage\":\"de-DE\",\"potentialAction\":[{\"@type\":\"ReadAction\",\"target\":[\"https:\/\/www.itape.com\/de\/product\/pg777-de\/\"]}]},{\"@type\":\"ImageObject\",\"inLanguage\":\"de-DE\",\"@id\":\"https:\/\/www.itape.com\/de\/product\/pg777-de\/#primaryimage\",\"url\":\"https:\/\/www.itape.com\/wp-content\/uploads\/product-image\/pg777-nat-2inx60yd-shadow.jpg\",\"contentUrl\":\"https:\/\/www.itape.com\/wp-content\/uploads\/product-image\/pg777-nat-2inx60yd-shadow.jpg\",\"width\":2383,\"height\":2383,\"caption\":\"PG777 Masking Tape\"},{\"@type\":\"BreadcrumbList\",\"@id\":\"https:\/\/www.itape.com\/de\/product\/pg777-de\/#breadcrumb\",\"itemListElement\":[{\"@type\":\"ListItem\",\"position\":1,\"name\":\"Home\",\"item\":\"https:\/\/www.itape.com\/de\/\"},{\"@type\":\"ListItem\",\"position\":2,\"name\":\"Products\",\"item\":\"https:\/\/www.itape.com\/products\/\"},{\"@type\":\"ListItem\",\"position\":3,\"name\":\"PG777\"}]},{\"@type\":\"WebSite\",\"@id\":\"https:\/\/www.itape.com\/#website\",\"url\":\"https:\/\/www.itape.com\/\",\"name\":\"IPG\",\"description\":\"Global Leader in Packaging and Protective Solutions\",\"publisher\":{\"@id\":\"https:\/\/www.itape.com\/#organization\"},\"potentialAction\":[{\"@type\":\"SearchAction\",\"target\":{\"@type\":\"EntryPoint\",\"urlTemplate\":\"https:\/\/www.itape.com\/?s={search_term_string}\"},\"query-input\":{\"@type\":\"PropertyValueSpecification\",\"valueRequired\":true,\"valueName\":\"search_term_string\"}}],\"inLanguage\":\"de-DE\"},{\"@type\":\"Organization\",\"@id\":\"https:\/\/www.itape.com\/#organization\",\"name\":\"IPG\",\"url\":\"https:\/\/www.itape.com\/\",\"logo\":{\"@type\":\"ImageObject\",\"inLanguage\":\"de-DE\",\"@id\":\"https:\/\/www.itape.com\/#\/schema\/logo\/image\/\",\"url\":\"https:\/\/www.itape.com\/wp-content\/uploads\/2024\/06\/IPG-logo-2.png\",\"contentUrl\":\"https:\/\/www.itape.com\/wp-content\/uploads\/2024\/06\/IPG-logo-2.png\",\"width\":60,\"height\":60,\"caption\":\"IPG\"},\"image\":{\"@id\":\"https:\/\/www.itape.com\/#\/schema\/logo\/image\/\"},\"sameAs\":[\"https:\/\/www.facebook.com\/intertape\",\"https:\/\/x.com\/IPGtape\",\"https:\/\/www.linkedin.com\/company\/intertape-polymer-group\",\"https:\/\/www.instagram.com\/ipgtape\",\"https:\/\/www.youtube.com\/user\/IPGtape\"]}]}<\/script>\n<meta property=\"product:price:currency\" content=\"USD\" \/>\n<meta property=\"og:availability\" content=\"instock\" \/>\n<meta property=\"product:availability\" content=\"instock\" \/>\n<meta property=\"product:retailer_item_id\" content=\"213f22bad1ae\" \/>\n<meta property=\"product:condition\" content=\"new\" \/>\n<!-- \/ Yoast SEO Premium plugin. -->","yoast_head_json":{"title":"PG777 - IPG","robots":{"index":"index","follow":"follow","max-snippet":"max-snippet:-1","max-image-preview":"max-image-preview:large","max-video-preview":"max-video-preview:-1"},"canonical":"https:\/\/www.itape.com\/de\/product\/pg777-de\/","og_locale":"de_DE","og_type":"article","og_title":"PG777","og_description":"BAC 5034-4, BAC D6-1816, SAE-AMS-T-21595 Entwickelt urspr\u00fcnglich f\u00fcr die Luft- und Raumfahrtindustrie, wo Best\u00e4ndigkeit gegen\u00fcber starken l\u00f6sungsmittel-\/polyurethanbasierten Farben mit hohem Feststoffanteil n\u00f6tig ist. Der Klebstoff wurde speziell f\u00fcr hervorragende Haftung auf und r\u00fcckstandsfreie Entfernung von einer vielzahl vorbereiteter Aluminiumoberfl\u00e4chen entwickelt. Produkt kann gro\u00dfe Kraftvorfelder unterst\u00fctzen. Es l\u00e4sst sich in Zyklendeckungsanwendungen mit 60\u00a0\u00b0C f\u00fcr 4\u20136 Stunden und bis zu drei Zyklen einsetzen. Die anpassbare, extra starke glatte Krepppapierdeckung bietet saubere Farbleitungsbr\u00fcche und St\u00e4rke f\u00fcr lange Farbleitungen mit sauberer, rissfreier Entfernung.","og_url":"https:\/\/www.itape.com\/de\/product\/pg777-de\/","og_site_name":"IPG","article_publisher":"https:\/\/www.facebook.com\/intertape","article_modified_time":"2023-03-06T18:06:55+00:00","og_image":[{"width":2400,"height":2400,"url":"https:\/\/www.itape.com\/wp-content\/uploads\/2023\/01\/PG777_high.jpg","type":"image\/jpeg"}],"twitter_card":"summary_large_image","twitter_site":"@IPGtape","twitter_misc":{"Price":"","Availability":"In stock"},"schema":{"@context":"https:\/\/schema.org","@graph":[{"@type":"WebPage","@id":"https:\/\/www.itape.com\/de\/product\/pg777-de\/","url":"https:\/\/www.itape.com\/de\/product\/pg777-de\/","name":"PG777 - IPG","isPartOf":{"@id":"https:\/\/www.itape.com\/#website"},"primaryImageOfPage":{"@id":"https:\/\/www.itape.com\/de\/product\/pg777-de\/#primaryimage"},"image":{"@id":"https:\/\/www.itape.com\/de\/product\/pg777-de\/#primaryimage"},"thumbnailUrl":"https:\/\/www.itape.com\/wp-content\/uploads\/product-image\/pg777-nat-2inx60yd-shadow.jpg","datePublished":"2023-01-12T14:32:55+00:00","dateModified":"2023-03-06T18:06:55+00:00","breadcrumb":{"@id":"https:\/\/www.itape.com\/de\/product\/pg777-de\/#breadcrumb"},"inLanguage":"de-DE","potentialAction":[{"@type":"ReadAction","target":["https:\/\/www.itape.com\/de\/product\/pg777-de\/"]}]},{"@type":"ImageObject","inLanguage":"de-DE","@id":"https:\/\/www.itape.com\/de\/product\/pg777-de\/#primaryimage","url":"https:\/\/www.itape.com\/wp-content\/uploads\/product-image\/pg777-nat-2inx60yd-shadow.jpg","contentUrl":"https:\/\/www.itape.com\/wp-content\/uploads\/product-image\/pg777-nat-2inx60yd-shadow.jpg","width":2383,"height":2383,"caption":"PG777 Masking Tape"},{"@type":"BreadcrumbList","@id":"https:\/\/www.itape.com\/de\/product\/pg777-de\/#breadcrumb","itemListElement":[{"@type":"ListItem","position":1,"name":"Home","item":"https:\/\/www.itape.com\/de\/"},{"@type":"ListItem","position":2,"name":"Products","item":"https:\/\/www.itape.com\/products\/"},{"@type":"ListItem","position":3,"name":"PG777"}]},{"@type":"WebSite","@id":"https:\/\/www.itape.com\/#website","url":"https:\/\/www.itape.com\/","name":"IPG","description":"Global Leader in Packaging and Protective Solutions","publisher":{"@id":"https:\/\/www.itape.com\/#organization"},"potentialAction":[{"@type":"SearchAction","target":{"@type":"EntryPoint","urlTemplate":"https:\/\/www.itape.com\/?s={search_term_string}"},"query-input":{"@type":"PropertyValueSpecification","valueRequired":true,"valueName":"search_term_string"}}],"inLanguage":"de-DE"},{"@type":"Organization","@id":"https:\/\/www.itape.com\/#organization","name":"IPG","url":"https:\/\/www.itape.com\/","logo":{"@type":"ImageObject","inLanguage":"de-DE","@id":"https:\/\/www.itape.com\/#\/schema\/logo\/image\/","url":"https:\/\/www.itape.com\/wp-content\/uploads\/2024\/06\/IPG-logo-2.png","contentUrl":"https:\/\/www.itape.com\/wp-content\/uploads\/2024\/06\/IPG-logo-2.png","width":60,"height":60,"caption":"IPG"},"image":{"@id":"https:\/\/www.itape.com\/#\/schema\/logo\/image\/"},"sameAs":["https:\/\/www.facebook.com\/intertape","https:\/\/x.com\/IPGtape","https:\/\/www.linkedin.com\/company\/intertape-polymer-group","https:\/\/www.instagram.com\/ipgtape","https:\/\/www.youtube.com\/user\/IPGtape"]}]},"product_price_currency":"USD","og_availability":"instock","product_availability":"instock","product_retailer_item_id":"213f22bad1ae","product_condition":"new"},"parsely":{"version":"1.1.0","canonical_url":"https:\/\/itape.com\/de\/product\/pg777-de\/","smart_links":{"inbound":0,"outbound":0},"traffic_boost_suggestions_count":0,"meta":{"@context":"https:\/\/schema.org","@type":"WebPage","headline":"PG777","url":"https:\/\/www.itape.com\/de\/product\/pg777-de\/","mainEntityOfPage":{"@type":"WebPage","@id":"https:\/\/www.itape.com\/de\/product\/pg777-de\/"},"thumbnailUrl":"https:\/\/www.itape.com\/wp-content\/uploads\/product-image\/pg777-nat-2inx60yd-shadow.jpg?w=150&h=150&crop=1","image":{"@type":"ImageObject","url":"https:\/\/www.itape.com\/wp-content\/uploads\/product-image\/pg777-nat-2inx60yd-shadow.jpg"},"articleSection":"Unkategorisiert","author":[{"@type":"Person","name":"IPG"}],"creator":["IPG"],"publisher":{"@type":"Organization","name":"IPG","logo":"https:\/\/www.itape.com\/wp-content\/uploads\/2023\/03\/IPG-logo-2.png"},"keywords":[],"dateCreated":"2023-01-12T14:32:55Z","datePublished":"2023-01-12T14:32:55Z","dateModified":"2023-03-06T18:06:55Z"},"rendered":"<meta name=\"parsely-title\" content=\"PG777\" \/>\n<meta name=\"parsely-link\" content=\"https:\/\/www.itape.com\/de\/product\/pg777-de\/\" \/>\n<meta name=\"parsely-type\" content=\"index\" \/>\n<meta name=\"parsely-image-url\" content=\"https:\/\/www.itape.com\/wp-content\/uploads\/product-image\/pg777-nat-2inx60yd-shadow.jpg?w=150&amp;h=150&amp;crop=1\" \/>\n<meta name=\"parsely-pub-date\" content=\"2023-01-12T14:32:55Z\" \/>\n<meta name=\"parsely-section\" content=\"Unkategorisiert\" \/>\n<meta name=\"parsely-author\" content=\"IPG\" \/>","tracker_url":"https:\/\/cdn.parsely.com\/keys\/itape.com\/p.js"},"jetpack_sharing_enabled":true,"_links":{"self":[{"href":"https:\/\/www.itape.com\/de\/wp-json\/wp\/v2\/product\/48874","targetHints":{"allow":["GET"]}}],"collection":[{"href":"https:\/\/www.itape.com\/de\/wp-json\/wp\/v2\/product"}],"about":[{"href":"https:\/\/www.itape.com\/de\/wp-json\/wp\/v2\/types\/product"}],"replies":[{"embeddable":true,"href":"https:\/\/www.itape.com\/de\/wp-json\/wp\/v2\/comments?post=48874"}],"wp:featuredmedia":[{"embeddable":true,"href":"https:\/\/www.itape.com\/de\/wp-json\/wp\/v2\/media\/65276"}],"wp:attachment":[{"href":"https:\/\/www.itape.com\/de\/wp-json\/wp\/v2\/media?parent=48874"}],"wp:term":[{"taxonomy":"product_brand","embeddable":true,"href":"https:\/\/www.itape.com\/de\/wp-json\/wp\/v2\/product_brand?post=48874"},{"taxonomy":"product_cat","embeddable":true,"href":"https:\/\/www.itape.com\/de\/wp-json\/wp\/v2\/product_cat?post=48874"},{"taxonomy":"product_tag","embeddable":true,"href":"https:\/\/www.itape.com\/de\/wp-json\/wp\/v2\/product_tag?post=48874"},{"taxonomy":"associated_application","embeddable":true,"href":"https:\/\/www.itape.com\/de\/wp-json\/wp\/v2\/associated_application?post=48874"}],"curies":[{"name":"wp","href":"https:\/\/api.w.org\/{rel}","templated":true}]}}