{"id":48881,"date":"2023-01-12T14:32:55","date_gmt":"2023-01-12T14:32:55","guid":{"rendered":"https:\/\/www.itape.com\/product\/tm27-de\/"},"modified":"2023-03-02T21:18:36","modified_gmt":"2023-03-02T21:18:36","slug":"tm27-de","status":"publish","type":"product","link":"https:\/\/www.itape.com\/de\/product\/tm27-de\/","title":{"rendered":"TM27"},"content":{"rendered":"","protected":false},"excerpt":{"rendered":"<p>TM27 TrimFast\u2122 von American\u00ae wurde speziell f\u00fcr oberfl\u00e4chenb\u00fcndig montierte und eingesetzte Dichtungen um Windschutzscheiben und andere Autoglas-Teile entwickelt. Es ist perforiert, um leichte Ecken zu bilden, ohne gef\u00e4hrliche Messer oder Rasierklingen verwenden zu m\u00fcssen. TM27 gew\u00e4hrleistet eine saubere Entfernung vom fertig lackierten Werkst\u00fcck ohne zu verschmieren. Das spart Zeit und Geld!<\/p>\n","protected":false},"featured_media":52124,"comment_status":"closed","ping_status":"closed","template":"","meta":{"_acf_changed":false},"product_brand":[],"product_cat":[7807,7787,7768,7771],"product_tag":[7080],"associated_application":[6917,7036,6878,6880,6882,6886,6878,6889,6879,6885,6877,6891,6890,6893,6888,6983],"class_list":{"0":"post-48881","1":"product","2":"type-product","3":"status-publish","4":"has-post-thumbnail","6":"product_cat-industrial-tapes-abdeckband-de","7":"product_cat-building-and-construction-products-abdeckband-de","8":"product_cat-building-and-construction-products-de","9":"product_cat-industrial-tapes-de","10":"product_tag-specialty-de","11":"associated_application-abdeckung-im-automobilbereich-de","12":"associated_application-allgemeine-prozessanwendungen-de","13":"associated_application-haushaltsgeraete-de","14":"associated_application-bauwesen-de","15":"associated_application-e-commerce-de","16":"associated_application-fertigung-de","18":"associated_application-hlk-de","19":"associated_application-kfz-gewerbe-de","20":"associated_application-lebensmittelverarbeitung-de","21":"associated_application-luft-und-raumfahrt-de","22":"associated_application-sanierung-instandsetzung-de","23":"associated_application-schifffahrt-und-verbundwerkstoffe-de","24":"associated_application-transportwesen-de","25":"associated_application-umzug-und-lagerung-de","26":"associated_application-wartung-reparatur-und-instandhaltung-de","28":"first","29":"instock","30":"product-type-simple"},"acf":[],"yoast_head":"<!-- This site is optimized with the Yoast SEO Premium plugin v24.1 (Yoast SEO v27.0) - https:\/\/yoast.com\/product\/yoast-seo-premium-wordpress\/ -->\n<title>TM27 - IPG<\/title>\n<meta name=\"robots\" content=\"index, follow, max-snippet:-1, max-image-preview:large, max-video-preview:-1\" \/>\n<link rel=\"canonical\" href=\"https:\/\/www.itape.com\/product\/tm27\/\" \/>\n<meta property=\"og:locale\" content=\"de_DE\" \/>\n<meta property=\"og:type\" content=\"article\" \/>\n<meta property=\"og:title\" content=\"TM27\" \/>\n<meta property=\"og:description\" content=\"TM27 TrimFast\u2122 von American\u00ae wurde speziell f\u00fcr oberfl\u00e4chenb\u00fcndig montierte und eingesetzte Dichtungen um Windschutzscheiben und andere Autoglas-Teile entwickelt. Es ist perforiert, um leichte Ecken zu bilden, ohne gef\u00e4hrliche Messer oder Rasierklingen verwenden zu m\u00fcssen. TM27 gew\u00e4hrleistet eine saubere Entfernung vom fertig lackierten Werkst\u00fcck ohne zu verschmieren. Das spart Zeit und Geld!\" \/>\n<meta property=\"og:url\" content=\"https:\/\/www.itape.com\/product\/tm27\/\" \/>\n<meta property=\"og:site_name\" content=\"IPG\" \/>\n<meta property=\"article:publisher\" content=\"https:\/\/www.facebook.com\/intertape\" \/>\n<meta property=\"article:modified_time\" content=\"2023-03-02T21:18:36+00:00\" \/>\n<meta name=\"twitter:card\" content=\"summary_large_image\" \/>\n<meta name=\"twitter:image\" content=\"https:\/\/www.itape.com\/wp-content\/uploads\/tm27-nat-50mmx10m-shadow.jpg\" \/>\n<meta name=\"twitter:site\" content=\"@IPGtape\" \/>\n<meta name=\"twitter:label1\" content=\"Price\" \/>\n\t<meta name=\"twitter:data1\" content=\"\" \/>\n\t<meta name=\"twitter:label2\" content=\"Availability\" \/>\n\t<meta name=\"twitter:data2\" content=\"In stock\" \/>\n<script type=\"application\/ld+json\" class=\"yoast-schema-graph\">{\"@context\":\"https:\/\/schema.org\",\"@graph\":[{\"@type\":\"WebPage\",\"@id\":\"https:\/\/www.itape.com\/product\/tm27\/\",\"url\":\"https:\/\/www.itape.com\/product\/tm27\/\",\"name\":\"TM27 - IPG\",\"isPartOf\":{\"@id\":\"https:\/\/www.itape.com\/#website\"},\"primaryImageOfPage\":{\"@id\":\"https:\/\/www.itape.com\/product\/tm27\/#primaryimage\"},\"image\":{\"@id\":\"https:\/\/www.itape.com\/product\/tm27\/#primaryimage\"},\"thumbnailUrl\":\"https:\/\/www.itape.com\/wp-content\/uploads\/tm27-nat-50mmx10m-shadow.jpg\",\"datePublished\":\"2023-01-12T14:32:55+00:00\",\"dateModified\":\"2023-03-02T21:18:36+00:00\",\"breadcrumb\":{\"@id\":\"https:\/\/www.itape.com\/product\/tm27\/#breadcrumb\"},\"inLanguage\":\"de-DE\",\"potentialAction\":[{\"@type\":\"ReadAction\",\"target\":[\"https:\/\/www.itape.com\/product\/tm27\/\"]}]},{\"@type\":\"ImageObject\",\"inLanguage\":\"de-DE\",\"@id\":\"https:\/\/www.itape.com\/product\/tm27\/#primaryimage\",\"url\":\"https:\/\/www.itape.com\/wp-content\/uploads\/tm27-nat-50mmx10m-shadow.jpg\",\"contentUrl\":\"https:\/\/www.itape.com\/wp-content\/uploads\/tm27-nat-50mmx10m-shadow.jpg\",\"width\":2400,\"height\":2400,\"caption\":\"TM27__Masking\"},{\"@type\":\"BreadcrumbList\",\"@id\":\"https:\/\/www.itape.com\/product\/tm27\/#breadcrumb\",\"itemListElement\":[{\"@type\":\"ListItem\",\"position\":1,\"name\":\"Home\",\"item\":\"https:\/\/www.itape.com\/de\/\"},{\"@type\":\"ListItem\",\"position\":2,\"name\":\"Products\",\"item\":\"https:\/\/www.itape.com\/products\/\"},{\"@type\":\"ListItem\",\"position\":3,\"name\":\"TM27\"}]},{\"@type\":\"WebSite\",\"@id\":\"https:\/\/www.itape.com\/#website\",\"url\":\"https:\/\/www.itape.com\/\",\"name\":\"IPG\",\"description\":\"Global Leader in Packaging and Protective Solutions\",\"publisher\":{\"@id\":\"https:\/\/www.itape.com\/#organization\"},\"potentialAction\":[{\"@type\":\"SearchAction\",\"target\":{\"@type\":\"EntryPoint\",\"urlTemplate\":\"https:\/\/www.itape.com\/?s={search_term_string}\"},\"query-input\":{\"@type\":\"PropertyValueSpecification\",\"valueRequired\":true,\"valueName\":\"search_term_string\"}}],\"inLanguage\":\"de-DE\"},{\"@type\":\"Organization\",\"@id\":\"https:\/\/www.itape.com\/#organization\",\"name\":\"IPG\",\"url\":\"https:\/\/www.itape.com\/\",\"logo\":{\"@type\":\"ImageObject\",\"inLanguage\":\"de-DE\",\"@id\":\"https:\/\/www.itape.com\/#\/schema\/logo\/image\/\",\"url\":\"https:\/\/www.itape.com\/wp-content\/uploads\/2024\/06\/IPG-logo-2.png\",\"contentUrl\":\"https:\/\/www.itape.com\/wp-content\/uploads\/2024\/06\/IPG-logo-2.png\",\"width\":60,\"height\":60,\"caption\":\"IPG\"},\"image\":{\"@id\":\"https:\/\/www.itape.com\/#\/schema\/logo\/image\/\"},\"sameAs\":[\"https:\/\/www.facebook.com\/intertape\",\"https:\/\/x.com\/IPGtape\",\"https:\/\/www.linkedin.com\/company\/intertape-polymer-group\",\"https:\/\/www.instagram.com\/ipgtape\",\"https:\/\/www.youtube.com\/user\/IPGtape\"]}]}<\/script>\n<meta property=\"product:price:currency\" content=\"USD\" \/>\n<meta property=\"og:availability\" content=\"instock\" \/>\n<meta property=\"product:availability\" content=\"instock\" \/>\n<meta property=\"product:retailer_item_id\" content=\"0190998d937a\" \/>\n<meta property=\"product:condition\" content=\"new\" \/>\n<!-- \/ Yoast SEO Premium plugin. -->","yoast_head_json":{"title":"TM27 - IPG","robots":{"index":"index","follow":"follow","max-snippet":"max-snippet:-1","max-image-preview":"max-image-preview:large","max-video-preview":"max-video-preview:-1"},"canonical":"https:\/\/www.itape.com\/product\/tm27\/","og_locale":"de_DE","og_type":"article","og_title":"TM27","og_description":"TM27 TrimFast\u2122 von American\u00ae wurde speziell f\u00fcr oberfl\u00e4chenb\u00fcndig montierte und eingesetzte Dichtungen um Windschutzscheiben und andere Autoglas-Teile entwickelt. Es ist perforiert, um leichte Ecken zu bilden, ohne gef\u00e4hrliche Messer oder Rasierklingen verwenden zu m\u00fcssen. TM27 gew\u00e4hrleistet eine saubere Entfernung vom fertig lackierten Werkst\u00fcck ohne zu verschmieren. Das spart Zeit und Geld!","og_url":"https:\/\/www.itape.com\/product\/tm27\/","og_site_name":"IPG","article_publisher":"https:\/\/www.facebook.com\/intertape","article_modified_time":"2023-03-02T21:18:36+00:00","twitter_card":"summary_large_image","twitter_image":"https:\/\/www.itape.com\/wp-content\/uploads\/tm27-nat-50mmx10m-shadow.jpg","twitter_site":"@IPGtape","twitter_misc":{"Price":"","Availability":"In stock"},"schema":{"@context":"https:\/\/schema.org","@graph":[{"@type":"WebPage","@id":"https:\/\/www.itape.com\/product\/tm27\/","url":"https:\/\/www.itape.com\/product\/tm27\/","name":"TM27 - IPG","isPartOf":{"@id":"https:\/\/www.itape.com\/#website"},"primaryImageOfPage":{"@id":"https:\/\/www.itape.com\/product\/tm27\/#primaryimage"},"image":{"@id":"https:\/\/www.itape.com\/product\/tm27\/#primaryimage"},"thumbnailUrl":"https:\/\/www.itape.com\/wp-content\/uploads\/tm27-nat-50mmx10m-shadow.jpg","datePublished":"2023-01-12T14:32:55+00:00","dateModified":"2023-03-02T21:18:36+00:00","breadcrumb":{"@id":"https:\/\/www.itape.com\/product\/tm27\/#breadcrumb"},"inLanguage":"de-DE","potentialAction":[{"@type":"ReadAction","target":["https:\/\/www.itape.com\/product\/tm27\/"]}]},{"@type":"ImageObject","inLanguage":"de-DE","@id":"https:\/\/www.itape.com\/product\/tm27\/#primaryimage","url":"https:\/\/www.itape.com\/wp-content\/uploads\/tm27-nat-50mmx10m-shadow.jpg","contentUrl":"https:\/\/www.itape.com\/wp-content\/uploads\/tm27-nat-50mmx10m-shadow.jpg","width":2400,"height":2400,"caption":"TM27__Masking"},{"@type":"BreadcrumbList","@id":"https:\/\/www.itape.com\/product\/tm27\/#breadcrumb","itemListElement":[{"@type":"ListItem","position":1,"name":"Home","item":"https:\/\/www.itape.com\/de\/"},{"@type":"ListItem","position":2,"name":"Products","item":"https:\/\/www.itape.com\/products\/"},{"@type":"ListItem","position":3,"name":"TM27"}]},{"@type":"WebSite","@id":"https:\/\/www.itape.com\/#website","url":"https:\/\/www.itape.com\/","name":"IPG","description":"Global Leader in Packaging and Protective Solutions","publisher":{"@id":"https:\/\/www.itape.com\/#organization"},"potentialAction":[{"@type":"SearchAction","target":{"@type":"EntryPoint","urlTemplate":"https:\/\/www.itape.com\/?s={search_term_string}"},"query-input":{"@type":"PropertyValueSpecification","valueRequired":true,"valueName":"search_term_string"}}],"inLanguage":"de-DE"},{"@type":"Organization","@id":"https:\/\/www.itape.com\/#organization","name":"IPG","url":"https:\/\/www.itape.com\/","logo":{"@type":"ImageObject","inLanguage":"de-DE","@id":"https:\/\/www.itape.com\/#\/schema\/logo\/image\/","url":"https:\/\/www.itape.com\/wp-content\/uploads\/2024\/06\/IPG-logo-2.png","contentUrl":"https:\/\/www.itape.com\/wp-content\/uploads\/2024\/06\/IPG-logo-2.png","width":60,"height":60,"caption":"IPG"},"image":{"@id":"https:\/\/www.itape.com\/#\/schema\/logo\/image\/"},"sameAs":["https:\/\/www.facebook.com\/intertape","https:\/\/x.com\/IPGtape","https:\/\/www.linkedin.com\/company\/intertape-polymer-group","https:\/\/www.instagram.com\/ipgtape","https:\/\/www.youtube.com\/user\/IPGtape"]}]},"product_price_currency":"USD","og_availability":"instock","product_availability":"instock","product_retailer_item_id":"0190998d937a","product_condition":"new"},"parsely":{"version":"1.1.0","canonical_url":"https:\/\/itape.com\/de\/product\/tm27-de\/","smart_links":{"inbound":0,"outbound":0},"traffic_boost_suggestions_count":0,"meta":{"@context":"https:\/\/schema.org","@type":"WebPage","headline":"TM27","url":"https:\/\/www.itape.com\/de\/product\/tm27-de\/","mainEntityOfPage":{"@type":"WebPage","@id":"https:\/\/www.itape.com\/de\/product\/tm27-de\/"},"thumbnailUrl":"https:\/\/www.itape.com\/wp-content\/uploads\/tm27-nat-50mmx10m-shadow.jpg?w=150&h=150&crop=1","image":{"@type":"ImageObject","url":"https:\/\/www.itape.com\/wp-content\/uploads\/tm27-nat-50mmx10m-shadow.jpg"},"articleSection":"Unkategorisiert","author":[{"@type":"Person","name":"IPG"}],"creator":["IPG"],"publisher":{"@type":"Organization","name":"IPG","logo":"https:\/\/www.itape.com\/wp-content\/uploads\/2023\/03\/IPG-logo-2.png"},"keywords":[],"dateCreated":"2023-01-12T14:32:55Z","datePublished":"2023-01-12T14:32:55Z","dateModified":"2023-03-02T21:18:36Z"},"rendered":"<meta name=\"parsely-title\" content=\"TM27\" \/>\n<meta name=\"parsely-link\" content=\"https:\/\/www.itape.com\/de\/product\/tm27-de\/\" \/>\n<meta name=\"parsely-type\" content=\"index\" \/>\n<meta name=\"parsely-image-url\" content=\"https:\/\/www.itape.com\/wp-content\/uploads\/tm27-nat-50mmx10m-shadow.jpg?w=150&amp;h=150&amp;crop=1\" \/>\n<meta name=\"parsely-pub-date\" content=\"2023-01-12T14:32:55Z\" \/>\n<meta name=\"parsely-section\" content=\"Unkategorisiert\" \/>\n<meta name=\"parsely-author\" content=\"IPG\" \/>","tracker_url":"https:\/\/cdn.parsely.com\/keys\/itape.com\/p.js"},"jetpack_sharing_enabled":true,"_links":{"self":[{"href":"https:\/\/www.itape.com\/de\/wp-json\/wp\/v2\/product\/48881","targetHints":{"allow":["GET"]}}],"collection":[{"href":"https:\/\/www.itape.com\/de\/wp-json\/wp\/v2\/product"}],"about":[{"href":"https:\/\/www.itape.com\/de\/wp-json\/wp\/v2\/types\/product"}],"replies":[{"embeddable":true,"href":"https:\/\/www.itape.com\/de\/wp-json\/wp\/v2\/comments?post=48881"}],"wp:featuredmedia":[{"embeddable":true,"href":"https:\/\/www.itape.com\/de\/wp-json\/wp\/v2\/media\/52124"}],"wp:attachment":[{"href":"https:\/\/www.itape.com\/de\/wp-json\/wp\/v2\/media?parent=48881"}],"wp:term":[{"taxonomy":"product_brand","embeddable":true,"href":"https:\/\/www.itape.com\/de\/wp-json\/wp\/v2\/product_brand?post=48881"},{"taxonomy":"product_cat","embeddable":true,"href":"https:\/\/www.itape.com\/de\/wp-json\/wp\/v2\/product_cat?post=48881"},{"taxonomy":"product_tag","embeddable":true,"href":"https:\/\/www.itape.com\/de\/wp-json\/wp\/v2\/product_tag?post=48881"},{"taxonomy":"associated_application","embeddable":true,"href":"https:\/\/www.itape.com\/de\/wp-json\/wp\/v2\/associated_application?post=48881"}],"curies":[{"name":"wp","href":"https:\/\/api.w.org\/{rel}","templated":true}]}}