{"id":48889,"date":"2023-01-12T14:33:02","date_gmt":"2023-01-12T14:33:02","guid":{"rendered":"https:\/\/www.itape.com\/product\/pt14-de\/"},"modified":"2023-10-20T20:05:45","modified_gmt":"2023-10-20T20:05:45","slug":"pt14-de","status":"publish","type":"product","link":"https:\/\/www.itape.com\/de\/product\/pt14-de\/","title":{"rendered":"PT14"},"content":{"rendered":"","protected":false},"excerpt":{"rendered":"<p>Ein blaues druckempfindliches Abdeckband, das f\u00fcr die anspruchsvollsten Fachmaler entwickelt wurde. Dank seines feinen Krepppapiertr\u00e4gers bietet es hervorragende Farblinien, Kurvatur und erstklassige Anpassungsf\u00e4higkeit. Dieses Malerklebeband ist binnen 14\u00a0Tagen nach der Anwendung r\u00fcckstandslos entfernbar, auch wenn es dem Sonnenlicht und hoher Feuchtigkeit ausgesetzt wird. Zu den typischen Anwendungen geh\u00f6ren die Au\u00dfenabdeckung von Holzwerk, Glas- und Metalloberfl\u00e4chen und Marinefarbanwendungen. Mit der patentierten Bloc-it\u00ae Clean Line Technologie von IPG f\u00fcr folgende Gr\u00f6\u00dfen: 18\u00a0mm, 24\u00a0mm, 36\u00a0mm und 48\u00a0mm.<\/p>\n","protected":false},"featured_media":52341,"comment_status":"closed","ping_status":"closed","template":"","meta":{"_acf_changed":false},"product_brand":[],"product_cat":[7055,7787,7807,7768,8266,7771,7775],"product_tag":[8263,7141],"associated_application":[7034,6917,7900,7022,6880,7003,6882,6886,6894,6878,6889,6879,6885,6877,6984,7013,7000,6891,6890,7039,6893,6888,7018,6919,7038,6983],"class_list":{"0":"post-48889","1":"product","2":"type-product","3":"status-publish","4":"has-post-thumbnail","6":"product_cat-masking-tape-de","7":"product_cat-building-and-construction-products-abdeckband-de","8":"product_cat-industrial-tapes-abdeckband-de","9":"product_cat-building-and-construction-products-de","10":"product_cat-cradle-to-cradle-products-de","11":"product_cat-industrial-tapes-de","12":"product_cat-sustainable-packaging-de","13":"product_tag-cradle-to-cradle-certified-de","14":"product_tag-residential-masking-de","15":"associated_application-abdeckung-de-2","16":"associated_application-abdeckung-im-automobilbereich-de","17":"associated_application-allgemeine-maler-lackiereranwendungen","18":"associated_application-baugewerbe-de-2","19":"associated_application-bauwesen-de","20":"associated_application-bauwesen-de-hlk-de","21":"associated_application-e-commerce-de","22":"associated_application-fertigung-de","23":"associated_application-flugzeug-lagerung-de","24":"associated_application-haushaltsgeraete-de","25":"associated_application-hlk-de","26":"associated_application-kfz-gewerbe-de","27":"associated_application-lebensmittelverarbeitung-de","28":"associated_application-luft-und-raumfahrt-de","29":"associated_application-malen-lackieren-de","30":"associated_application-mehrzweck-abdeckungsverbundstoffe-de","31":"associated_application-oberflaechenschutz-de-umzug-und-lagerung-de-2","32":"associated_application-sanierung-instandsetzung-de","33":"associated_application-schifffahrt-und-verbundwerkstoffe-de","34":"associated_application-schutz-befestigung-de","35":"associated_application-transportwesen-de","36":"associated_application-umzug-und-lagerung-de","37":"associated_application-uvabdeckungimfreien-de","38":"associated_application-uv-abdeckung-de","39":"associated_application-uv-schutz-de","40":"associated_application-wartung-reparatur-und-instandhaltung-de","42":"first","43":"instock","44":"product-type-simple"},"acf":[],"yoast_head":"<!-- This site is optimized with the Yoast SEO Premium plugin v24.1 (Yoast SEO v27.0) - https:\/\/yoast.com\/product\/yoast-seo-premium-wordpress\/ -->\n<title>PT14 - IPG<\/title>\n<meta name=\"robots\" content=\"index, follow, max-snippet:-1, max-image-preview:large, max-video-preview:-1\" \/>\n<link rel=\"canonical\" href=\"https:\/\/www.itape.com\/product\/pt14\/\" \/>\n<meta property=\"og:locale\" content=\"de_DE\" \/>\n<meta property=\"og:type\" content=\"article\" \/>\n<meta property=\"og:title\" content=\"PT14\" \/>\n<meta property=\"og:description\" content=\"Ein blaues druckempfindliches Abdeckband, das f\u00fcr die anspruchsvollsten Fachmaler entwickelt wurde. Dank seines feinen Krepppapiertr\u00e4gers bietet es hervorragende Farblinien, Kurvatur und erstklassige Anpassungsf\u00e4higkeit. Dieses Malerklebeband ist binnen 14\u00a0Tagen nach der Anwendung r\u00fcckstandslos entfernbar, auch wenn es dem Sonnenlicht und hoher Feuchtigkeit ausgesetzt wird. Zu den typischen Anwendungen geh\u00f6ren die Au\u00dfenabdeckung von Holzwerk, Glas- und Metalloberfl\u00e4chen und Marinefarbanwendungen. Mit der patentierten Bloc-it\u00ae Clean Line Technologie von IPG f\u00fcr folgende Gr\u00f6\u00dfen: 18\u00a0mm, 24\u00a0mm, 36\u00a0mm und 48\u00a0mm.\" \/>\n<meta property=\"og:url\" content=\"https:\/\/www.itape.com\/product\/pt14\/\" \/>\n<meta property=\"og:site_name\" content=\"IPG\" \/>\n<meta property=\"article:publisher\" content=\"https:\/\/www.facebook.com\/intertape\" \/>\n<meta property=\"article:modified_time\" content=\"2023-10-20T20:05:45+00:00\" \/>\n<meta name=\"twitter:card\" content=\"summary_large_image\" \/>\n<meta name=\"twitter:image\" content=\"https:\/\/www.itape.com\/wp-content\/uploads\/pt14-blu-48mmx54.8m-shadow.jpg\" \/>\n<meta name=\"twitter:site\" content=\"@IPGtape\" \/>\n<meta name=\"twitter:label1\" content=\"Price\" \/>\n\t<meta name=\"twitter:data1\" content=\"\" \/>\n\t<meta name=\"twitter:label2\" content=\"Availability\" \/>\n\t<meta name=\"twitter:data2\" content=\"In stock\" \/>\n<script type=\"application\/ld+json\" class=\"yoast-schema-graph\">{\"@context\":\"https:\/\/schema.org\",\"@graph\":[{\"@type\":\"WebPage\",\"@id\":\"https:\/\/www.itape.com\/product\/pt14\/\",\"url\":\"https:\/\/www.itape.com\/product\/pt14\/\",\"name\":\"PT14 - IPG\",\"isPartOf\":{\"@id\":\"https:\/\/www.itape.com\/#website\"},\"primaryImageOfPage\":{\"@id\":\"https:\/\/www.itape.com\/product\/pt14\/#primaryimage\"},\"image\":{\"@id\":\"https:\/\/www.itape.com\/product\/pt14\/#primaryimage\"},\"thumbnailUrl\":\"https:\/\/www.itape.com\/wp-content\/uploads\/pt14-blu-48mmx54.8m-shadow.jpg\",\"datePublished\":\"2023-01-12T14:33:02+00:00\",\"dateModified\":\"2023-10-20T20:05:45+00:00\",\"breadcrumb\":{\"@id\":\"https:\/\/www.itape.com\/product\/pt14\/#breadcrumb\"},\"inLanguage\":\"de-DE\",\"potentialAction\":[{\"@type\":\"ReadAction\",\"target\":[\"https:\/\/www.itape.com\/product\/pt14\/\"]}]},{\"@type\":\"ImageObject\",\"inLanguage\":\"de-DE\",\"@id\":\"https:\/\/www.itape.com\/product\/pt14\/#primaryimage\",\"url\":\"https:\/\/www.itape.com\/wp-content\/uploads\/pt14-blu-48mmx54.8m-shadow.jpg\",\"contentUrl\":\"https:\/\/www.itape.com\/wp-content\/uploads\/pt14-blu-48mmx54.8m-shadow.jpg\",\"width\":2400,\"height\":2400,\"caption\":\"PT14__Masking\"},{\"@type\":\"BreadcrumbList\",\"@id\":\"https:\/\/www.itape.com\/product\/pt14\/#breadcrumb\",\"itemListElement\":[{\"@type\":\"ListItem\",\"position\":1,\"name\":\"Home\",\"item\":\"https:\/\/www.itape.com\/de\/\"},{\"@type\":\"ListItem\",\"position\":2,\"name\":\"Products\",\"item\":\"https:\/\/www.itape.com\/products\/\"},{\"@type\":\"ListItem\",\"position\":3,\"name\":\"PT14\"}]},{\"@type\":\"WebSite\",\"@id\":\"https:\/\/www.itape.com\/#website\",\"url\":\"https:\/\/www.itape.com\/\",\"name\":\"IPG\",\"description\":\"Global Leader in Packaging and Protective Solutions\",\"publisher\":{\"@id\":\"https:\/\/www.itape.com\/#organization\"},\"potentialAction\":[{\"@type\":\"SearchAction\",\"target\":{\"@type\":\"EntryPoint\",\"urlTemplate\":\"https:\/\/www.itape.com\/?s={search_term_string}\"},\"query-input\":{\"@type\":\"PropertyValueSpecification\",\"valueRequired\":true,\"valueName\":\"search_term_string\"}}],\"inLanguage\":\"de-DE\"},{\"@type\":\"Organization\",\"@id\":\"https:\/\/www.itape.com\/#organization\",\"name\":\"IPG\",\"url\":\"https:\/\/www.itape.com\/\",\"logo\":{\"@type\":\"ImageObject\",\"inLanguage\":\"de-DE\",\"@id\":\"https:\/\/www.itape.com\/#\/schema\/logo\/image\/\",\"url\":\"https:\/\/www.itape.com\/wp-content\/uploads\/2024\/06\/IPG-logo-2.png\",\"contentUrl\":\"https:\/\/www.itape.com\/wp-content\/uploads\/2024\/06\/IPG-logo-2.png\",\"width\":60,\"height\":60,\"caption\":\"IPG\"},\"image\":{\"@id\":\"https:\/\/www.itape.com\/#\/schema\/logo\/image\/\"},\"sameAs\":[\"https:\/\/www.facebook.com\/intertape\",\"https:\/\/x.com\/IPGtape\",\"https:\/\/www.linkedin.com\/company\/intertape-polymer-group\",\"https:\/\/www.instagram.com\/ipgtape\",\"https:\/\/www.youtube.com\/user\/IPGtape\"]}]}<\/script>\n<meta property=\"product:price:currency\" content=\"USD\" \/>\n<meta property=\"og:availability\" content=\"instock\" \/>\n<meta property=\"product:availability\" content=\"instock\" \/>\n<meta property=\"product:retailer_item_id\" content=\"f56f876c0eea\" \/>\n<meta property=\"product:condition\" content=\"new\" \/>\n<!-- \/ Yoast SEO Premium plugin. -->","yoast_head_json":{"title":"PT14 - IPG","robots":{"index":"index","follow":"follow","max-snippet":"max-snippet:-1","max-image-preview":"max-image-preview:large","max-video-preview":"max-video-preview:-1"},"canonical":"https:\/\/www.itape.com\/product\/pt14\/","og_locale":"de_DE","og_type":"article","og_title":"PT14","og_description":"Ein blaues druckempfindliches Abdeckband, das f\u00fcr die anspruchsvollsten Fachmaler entwickelt wurde. Dank seines feinen Krepppapiertr\u00e4gers bietet es hervorragende Farblinien, Kurvatur und erstklassige Anpassungsf\u00e4higkeit. Dieses Malerklebeband ist binnen 14\u00a0Tagen nach der Anwendung r\u00fcckstandslos entfernbar, auch wenn es dem Sonnenlicht und hoher Feuchtigkeit ausgesetzt wird. Zu den typischen Anwendungen geh\u00f6ren die Au\u00dfenabdeckung von Holzwerk, Glas- und Metalloberfl\u00e4chen und Marinefarbanwendungen. Mit der patentierten Bloc-it\u00ae Clean Line Technologie von IPG f\u00fcr folgende Gr\u00f6\u00dfen: 18\u00a0mm, 24\u00a0mm, 36\u00a0mm und 48\u00a0mm.","og_url":"https:\/\/www.itape.com\/product\/pt14\/","og_site_name":"IPG","article_publisher":"https:\/\/www.facebook.com\/intertape","article_modified_time":"2023-10-20T20:05:45+00:00","twitter_card":"summary_large_image","twitter_image":"https:\/\/www.itape.com\/wp-content\/uploads\/pt14-blu-48mmx54.8m-shadow.jpg","twitter_site":"@IPGtape","twitter_misc":{"Price":"","Availability":"In stock"},"schema":{"@context":"https:\/\/schema.org","@graph":[{"@type":"WebPage","@id":"https:\/\/www.itape.com\/product\/pt14\/","url":"https:\/\/www.itape.com\/product\/pt14\/","name":"PT14 - IPG","isPartOf":{"@id":"https:\/\/www.itape.com\/#website"},"primaryImageOfPage":{"@id":"https:\/\/www.itape.com\/product\/pt14\/#primaryimage"},"image":{"@id":"https:\/\/www.itape.com\/product\/pt14\/#primaryimage"},"thumbnailUrl":"https:\/\/www.itape.com\/wp-content\/uploads\/pt14-blu-48mmx54.8m-shadow.jpg","datePublished":"2023-01-12T14:33:02+00:00","dateModified":"2023-10-20T20:05:45+00:00","breadcrumb":{"@id":"https:\/\/www.itape.com\/product\/pt14\/#breadcrumb"},"inLanguage":"de-DE","potentialAction":[{"@type":"ReadAction","target":["https:\/\/www.itape.com\/product\/pt14\/"]}]},{"@type":"ImageObject","inLanguage":"de-DE","@id":"https:\/\/www.itape.com\/product\/pt14\/#primaryimage","url":"https:\/\/www.itape.com\/wp-content\/uploads\/pt14-blu-48mmx54.8m-shadow.jpg","contentUrl":"https:\/\/www.itape.com\/wp-content\/uploads\/pt14-blu-48mmx54.8m-shadow.jpg","width":2400,"height":2400,"caption":"PT14__Masking"},{"@type":"BreadcrumbList","@id":"https:\/\/www.itape.com\/product\/pt14\/#breadcrumb","itemListElement":[{"@type":"ListItem","position":1,"name":"Home","item":"https:\/\/www.itape.com\/de\/"},{"@type":"ListItem","position":2,"name":"Products","item":"https:\/\/www.itape.com\/products\/"},{"@type":"ListItem","position":3,"name":"PT14"}]},{"@type":"WebSite","@id":"https:\/\/www.itape.com\/#website","url":"https:\/\/www.itape.com\/","name":"IPG","description":"Global Leader in Packaging and Protective Solutions","publisher":{"@id":"https:\/\/www.itape.com\/#organization"},"potentialAction":[{"@type":"SearchAction","target":{"@type":"EntryPoint","urlTemplate":"https:\/\/www.itape.com\/?s={search_term_string}"},"query-input":{"@type":"PropertyValueSpecification","valueRequired":true,"valueName":"search_term_string"}}],"inLanguage":"de-DE"},{"@type":"Organization","@id":"https:\/\/www.itape.com\/#organization","name":"IPG","url":"https:\/\/www.itape.com\/","logo":{"@type":"ImageObject","inLanguage":"de-DE","@id":"https:\/\/www.itape.com\/#\/schema\/logo\/image\/","url":"https:\/\/www.itape.com\/wp-content\/uploads\/2024\/06\/IPG-logo-2.png","contentUrl":"https:\/\/www.itape.com\/wp-content\/uploads\/2024\/06\/IPG-logo-2.png","width":60,"height":60,"caption":"IPG"},"image":{"@id":"https:\/\/www.itape.com\/#\/schema\/logo\/image\/"},"sameAs":["https:\/\/www.facebook.com\/intertape","https:\/\/x.com\/IPGtape","https:\/\/www.linkedin.com\/company\/intertape-polymer-group","https:\/\/www.instagram.com\/ipgtape","https:\/\/www.youtube.com\/user\/IPGtape"]}]},"product_price_currency":"USD","og_availability":"instock","product_availability":"instock","product_retailer_item_id":"f56f876c0eea","product_condition":"new"},"parsely":{"version":"1.1.0","canonical_url":"https:\/\/itape.com\/de\/product\/pt14-de\/","smart_links":{"inbound":0,"outbound":0},"traffic_boost_suggestions_count":0,"meta":{"@context":"https:\/\/schema.org","@type":"WebPage","headline":"PT14","url":"https:\/\/www.itape.com\/de\/product\/pt14-de\/","mainEntityOfPage":{"@type":"WebPage","@id":"https:\/\/www.itape.com\/de\/product\/pt14-de\/"},"thumbnailUrl":"https:\/\/www.itape.com\/wp-content\/uploads\/pt14-blu-48mmx54.8m-shadow.jpg?w=150&h=150&crop=1","image":{"@type":"ImageObject","url":"https:\/\/www.itape.com\/wp-content\/uploads\/pt14-blu-48mmx54.8m-shadow.jpg"},"articleSection":"Unkategorisiert","author":[{"@type":"Person","name":"IPG"}],"creator":["IPG"],"publisher":{"@type":"Organization","name":"IPG","logo":"https:\/\/www.itape.com\/wp-content\/uploads\/2023\/03\/IPG-logo-2.png"},"keywords":[],"dateCreated":"2023-01-12T14:33:02Z","datePublished":"2023-01-12T14:33:02Z","dateModified":"2023-10-20T20:05:45Z"},"rendered":"<meta name=\"parsely-title\" content=\"PT14\" \/>\n<meta name=\"parsely-link\" content=\"https:\/\/www.itape.com\/de\/product\/pt14-de\/\" \/>\n<meta name=\"parsely-type\" content=\"index\" \/>\n<meta name=\"parsely-image-url\" content=\"https:\/\/www.itape.com\/wp-content\/uploads\/pt14-blu-48mmx54.8m-shadow.jpg?w=150&amp;h=150&amp;crop=1\" \/>\n<meta name=\"parsely-pub-date\" content=\"2023-01-12T14:33:02Z\" \/>\n<meta name=\"parsely-section\" content=\"Unkategorisiert\" \/>\n<meta name=\"parsely-author\" content=\"IPG\" \/>","tracker_url":"https:\/\/cdn.parsely.com\/keys\/itape.com\/p.js"},"jetpack_sharing_enabled":true,"_links":{"self":[{"href":"https:\/\/www.itape.com\/de\/wp-json\/wp\/v2\/product\/48889","targetHints":{"allow":["GET"]}}],"collection":[{"href":"https:\/\/www.itape.com\/de\/wp-json\/wp\/v2\/product"}],"about":[{"href":"https:\/\/www.itape.com\/de\/wp-json\/wp\/v2\/types\/product"}],"replies":[{"embeddable":true,"href":"https:\/\/www.itape.com\/de\/wp-json\/wp\/v2\/comments?post=48889"}],"wp:featuredmedia":[{"embeddable":true,"href":"https:\/\/www.itape.com\/de\/wp-json\/wp\/v2\/media\/52341"}],"wp:attachment":[{"href":"https:\/\/www.itape.com\/de\/wp-json\/wp\/v2\/media?parent=48889"}],"wp:term":[{"taxonomy":"product_brand","embeddable":true,"href":"https:\/\/www.itape.com\/de\/wp-json\/wp\/v2\/product_brand?post=48889"},{"taxonomy":"product_cat","embeddable":true,"href":"https:\/\/www.itape.com\/de\/wp-json\/wp\/v2\/product_cat?post=48889"},{"taxonomy":"product_tag","embeddable":true,"href":"https:\/\/www.itape.com\/de\/wp-json\/wp\/v2\/product_tag?post=48889"},{"taxonomy":"associated_application","embeddable":true,"href":"https:\/\/www.itape.com\/de\/wp-json\/wp\/v2\/associated_application?post=48889"}],"curies":[{"name":"wp","href":"https:\/\/api.w.org\/{rel}","templated":true}]}}