{"id":48919,"date":"2023-01-12T14:33:19","date_gmt":"2023-01-12T14:33:19","guid":{"rendered":"https:\/\/www.itape.com\/product\/pe34-de\/"},"modified":"2023-03-06T13:08:32","modified_gmt":"2023-03-06T13:08:32","slug":"pe34-de","status":"publish","type":"product","link":"https:\/\/www.itape.com\/de\/product\/pe34-de\/","title":{"rendered":"PE34"},"content":{"rendered":"","protected":false},"excerpt":{"rendered":"<p>UV-best\u00e4ndiges Stuck-Abdeckband \u2013 PE34 hat haltbare, feuchtigkeitsfeste LDPE (Polyethylen)-Deckung mit einem gummibasierten druckempfindlichen Klebstoff. Gut klebbar auf verschiedene Oberfl\u00e4chen und r\u00fcckstandslos entfernbar. UV-Best\u00e4ndigkeit bis zu 30\u00a0Tage, abh\u00e4ngig von Bedingungen und Oberfl\u00e4chen. Zum Abkleben gegen Overspray, wenn Stuck und WDVS angebracht wird. Sch\u00fctzt Oberfl\u00e4chen wie Fenster, T\u00fcren und Rahmen. Kann zum Versiegeln und Verschlie\u00dfen von Polyethylenverkleidung und \u2011folie innen und au\u00dfen, bei UV-Belastung, verwendet werden.<\/p>\n","protected":false},"featured_media":52675,"comment_status":"closed","ping_status":"closed","template":"","meta":{"_acf_changed":false},"product_brand":[],"product_cat":[7768,8266,7771,7775,7058,7788,7808],"product_tag":[8263,7152],"associated_application":[6927,7022,6880,6886,6877,6891,6890,6893,6888,7018,7038,6881],"class_list":{"0":"post-48919","1":"product","2":"type-product","3":"status-publish","4":"has-post-thumbnail","6":"product_cat-building-and-construction-products-de","7":"product_cat-cradle-to-cradle-products-de","8":"product_cat-industrial-tapes-de","9":"product_cat-sustainable-packaging-de","10":"product_cat-polyethylene-tape-de","11":"product_cat-building-and-construction-products-polyethylenband-de","12":"product_cat-industrial-tapes-polyethylenband-de","13":"product_tag-cradle-to-cradle-certified-de","14":"product_tag-pe-stucco-masking-tape-de","15":"associated_application-abdeckung-fuer-streichen-verputzen-de","16":"associated_application-baugewerbe-de-2","17":"associated_application-bauwesen-de","18":"associated_application-fertigung-de","19":"associated_application-luft-und-raumfahrt-de","20":"associated_application-sanierung-instandsetzung-de","21":"associated_application-schifffahrt-und-verbundwerkstoffe-de","22":"associated_application-transportwesen-de","23":"associated_application-umzug-und-lagerung-de","24":"associated_application-uvabdeckungimfreien-de","25":"associated_application-uv-schutz-de","26":"associated_application-verbraucher-de","28":"first","29":"instock","30":"product-type-simple"},"acf":[],"yoast_head":"<!-- This site is optimized with the Yoast SEO Premium plugin v24.1 (Yoast SEO v27.0) - https:\/\/yoast.com\/product\/yoast-seo-premium-wordpress\/ -->\n<title>PE34 - IPG<\/title>\n<meta name=\"robots\" content=\"index, follow, max-snippet:-1, max-image-preview:large, max-video-preview:-1\" \/>\n<link rel=\"canonical\" href=\"https:\/\/www.itape.com\/de\/product\/pe34-de\/\" \/>\n<meta property=\"og:locale\" content=\"de_DE\" \/>\n<meta property=\"og:type\" content=\"article\" \/>\n<meta property=\"og:title\" content=\"PE34\" \/>\n<meta property=\"og:description\" content=\"UV-best\u00e4ndiges Stuck-Abdeckband \u2013 PE34 hat haltbare, feuchtigkeitsfeste LDPE (Polyethylen)-Deckung mit einem gummibasierten druckempfindlichen Klebstoff. Gut klebbar auf verschiedene Oberfl\u00e4chen und r\u00fcckstandslos entfernbar. UV-Best\u00e4ndigkeit bis zu 30\u00a0Tage, abh\u00e4ngig von Bedingungen und Oberfl\u00e4chen. Zum Abkleben gegen Overspray, wenn Stuck und WDVS angebracht wird. Sch\u00fctzt Oberfl\u00e4chen wie Fenster, T\u00fcren und Rahmen. Kann zum Versiegeln und Verschlie\u00dfen von Polyethylenverkleidung und \u2011folie innen und au\u00dfen, bei UV-Belastung, verwendet werden.\" \/>\n<meta property=\"og:url\" content=\"https:\/\/www.itape.com\/de\/product\/pe34-de\/\" \/>\n<meta property=\"og:site_name\" content=\"IPG\" \/>\n<meta property=\"article:publisher\" content=\"https:\/\/www.facebook.com\/intertape\" \/>\n<meta property=\"article:modified_time\" content=\"2023-03-06T13:08:32+00:00\" \/>\n<meta property=\"og:image\" content=\"https:\/\/www.itape.com\/wp-content\/uploads\/2023\/01\/PE34_high.jpg\" \/>\n\t<meta property=\"og:image:width\" content=\"2400\" \/>\n\t<meta property=\"og:image:height\" content=\"2400\" \/>\n\t<meta property=\"og:image:type\" content=\"image\/jpeg\" \/>\n<meta name=\"twitter:card\" content=\"summary_large_image\" \/>\n<meta name=\"twitter:site\" content=\"@IPGtape\" \/>\n<meta name=\"twitter:label1\" content=\"Price\" \/>\n\t<meta name=\"twitter:data1\" content=\"\" \/>\n\t<meta name=\"twitter:label2\" content=\"Availability\" \/>\n\t<meta name=\"twitter:data2\" content=\"In stock\" \/>\n<script type=\"application\/ld+json\" class=\"yoast-schema-graph\">{\"@context\":\"https:\/\/schema.org\",\"@graph\":[{\"@type\":\"WebPage\",\"@id\":\"https:\/\/www.itape.com\/de\/product\/pe34-de\/\",\"url\":\"https:\/\/www.itape.com\/de\/product\/pe34-de\/\",\"name\":\"PE34 - IPG\",\"isPartOf\":{\"@id\":\"https:\/\/www.itape.com\/#website\"},\"primaryImageOfPage\":{\"@id\":\"https:\/\/www.itape.com\/de\/product\/pe34-de\/#primaryimage\"},\"image\":{\"@id\":\"https:\/\/www.itape.com\/de\/product\/pe34-de\/#primaryimage\"},\"thumbnailUrl\":\"https:\/\/www.itape.com\/wp-content\/uploads\/2023\/01\/PE34_high.jpg\",\"datePublished\":\"2023-01-12T14:33:19+00:00\",\"dateModified\":\"2023-03-06T13:08:32+00:00\",\"breadcrumb\":{\"@id\":\"https:\/\/www.itape.com\/de\/product\/pe34-de\/#breadcrumb\"},\"inLanguage\":\"de-DE\",\"potentialAction\":[{\"@type\":\"ReadAction\",\"target\":[\"https:\/\/www.itape.com\/de\/product\/pe34-de\/\"]}]},{\"@type\":\"ImageObject\",\"inLanguage\":\"de-DE\",\"@id\":\"https:\/\/www.itape.com\/de\/product\/pe34-de\/#primaryimage\",\"url\":\"https:\/\/www.itape.com\/wp-content\/uploads\/2023\/01\/PE34_high.jpg\",\"contentUrl\":\"https:\/\/www.itape.com\/wp-content\/uploads\/2023\/01\/PE34_high.jpg\",\"width\":2400,\"height\":2400,\"caption\":\"PE34_PETape\"},{\"@type\":\"BreadcrumbList\",\"@id\":\"https:\/\/www.itape.com\/de\/product\/pe34-de\/#breadcrumb\",\"itemListElement\":[{\"@type\":\"ListItem\",\"position\":1,\"name\":\"Home\",\"item\":\"https:\/\/www.itape.com\/de\/\"},{\"@type\":\"ListItem\",\"position\":2,\"name\":\"Products\",\"item\":\"https:\/\/www.itape.com\/products\/\"},{\"@type\":\"ListItem\",\"position\":3,\"name\":\"PE34\"}]},{\"@type\":\"WebSite\",\"@id\":\"https:\/\/www.itape.com\/#website\",\"url\":\"https:\/\/www.itape.com\/\",\"name\":\"IPG\",\"description\":\"Global Leader in Packaging and Protective Solutions\",\"publisher\":{\"@id\":\"https:\/\/www.itape.com\/#organization\"},\"potentialAction\":[{\"@type\":\"SearchAction\",\"target\":{\"@type\":\"EntryPoint\",\"urlTemplate\":\"https:\/\/www.itape.com\/?s={search_term_string}\"},\"query-input\":{\"@type\":\"PropertyValueSpecification\",\"valueRequired\":true,\"valueName\":\"search_term_string\"}}],\"inLanguage\":\"de-DE\"},{\"@type\":\"Organization\",\"@id\":\"https:\/\/www.itape.com\/#organization\",\"name\":\"IPG\",\"url\":\"https:\/\/www.itape.com\/\",\"logo\":{\"@type\":\"ImageObject\",\"inLanguage\":\"de-DE\",\"@id\":\"https:\/\/www.itape.com\/#\/schema\/logo\/image\/\",\"url\":\"https:\/\/www.itape.com\/wp-content\/uploads\/2024\/06\/IPG-logo-2.png\",\"contentUrl\":\"https:\/\/www.itape.com\/wp-content\/uploads\/2024\/06\/IPG-logo-2.png\",\"width\":60,\"height\":60,\"caption\":\"IPG\"},\"image\":{\"@id\":\"https:\/\/www.itape.com\/#\/schema\/logo\/image\/\"},\"sameAs\":[\"https:\/\/www.facebook.com\/intertape\",\"https:\/\/x.com\/IPGtape\",\"https:\/\/www.linkedin.com\/company\/intertape-polymer-group\",\"https:\/\/www.instagram.com\/ipgtape\",\"https:\/\/www.youtube.com\/user\/IPGtape\"]}]}<\/script>\n<meta property=\"product:price:currency\" content=\"USD\" \/>\n<meta property=\"og:availability\" content=\"instock\" \/>\n<meta property=\"product:availability\" content=\"instock\" \/>\n<meta property=\"product:retailer_item_id\" content=\"64ab9a17550e\" \/>\n<meta property=\"product:condition\" content=\"new\" \/>\n<!-- \/ Yoast SEO Premium plugin. -->","yoast_head_json":{"title":"PE34 - IPG","robots":{"index":"index","follow":"follow","max-snippet":"max-snippet:-1","max-image-preview":"max-image-preview:large","max-video-preview":"max-video-preview:-1"},"canonical":"https:\/\/www.itape.com\/de\/product\/pe34-de\/","og_locale":"de_DE","og_type":"article","og_title":"PE34","og_description":"UV-best\u00e4ndiges Stuck-Abdeckband \u2013 PE34 hat haltbare, feuchtigkeitsfeste LDPE (Polyethylen)-Deckung mit einem gummibasierten druckempfindlichen Klebstoff. Gut klebbar auf verschiedene Oberfl\u00e4chen und r\u00fcckstandslos entfernbar. UV-Best\u00e4ndigkeit bis zu 30\u00a0Tage, abh\u00e4ngig von Bedingungen und Oberfl\u00e4chen. Zum Abkleben gegen Overspray, wenn Stuck und WDVS angebracht wird. Sch\u00fctzt Oberfl\u00e4chen wie Fenster, T\u00fcren und Rahmen. Kann zum Versiegeln und Verschlie\u00dfen von Polyethylenverkleidung und \u2011folie innen und au\u00dfen, bei UV-Belastung, verwendet werden.","og_url":"https:\/\/www.itape.com\/de\/product\/pe34-de\/","og_site_name":"IPG","article_publisher":"https:\/\/www.facebook.com\/intertape","article_modified_time":"2023-03-06T13:08:32+00:00","og_image":[{"width":2400,"height":2400,"url":"https:\/\/www.itape.com\/wp-content\/uploads\/2023\/01\/PE34_high.jpg","type":"image\/jpeg"}],"twitter_card":"summary_large_image","twitter_site":"@IPGtape","twitter_misc":{"Price":"","Availability":"In stock"},"schema":{"@context":"https:\/\/schema.org","@graph":[{"@type":"WebPage","@id":"https:\/\/www.itape.com\/de\/product\/pe34-de\/","url":"https:\/\/www.itape.com\/de\/product\/pe34-de\/","name":"PE34 - IPG","isPartOf":{"@id":"https:\/\/www.itape.com\/#website"},"primaryImageOfPage":{"@id":"https:\/\/www.itape.com\/de\/product\/pe34-de\/#primaryimage"},"image":{"@id":"https:\/\/www.itape.com\/de\/product\/pe34-de\/#primaryimage"},"thumbnailUrl":"https:\/\/www.itape.com\/wp-content\/uploads\/2023\/01\/PE34_high.jpg","datePublished":"2023-01-12T14:33:19+00:00","dateModified":"2023-03-06T13:08:32+00:00","breadcrumb":{"@id":"https:\/\/www.itape.com\/de\/product\/pe34-de\/#breadcrumb"},"inLanguage":"de-DE","potentialAction":[{"@type":"ReadAction","target":["https:\/\/www.itape.com\/de\/product\/pe34-de\/"]}]},{"@type":"ImageObject","inLanguage":"de-DE","@id":"https:\/\/www.itape.com\/de\/product\/pe34-de\/#primaryimage","url":"https:\/\/www.itape.com\/wp-content\/uploads\/2023\/01\/PE34_high.jpg","contentUrl":"https:\/\/www.itape.com\/wp-content\/uploads\/2023\/01\/PE34_high.jpg","width":2400,"height":2400,"caption":"PE34_PETape"},{"@type":"BreadcrumbList","@id":"https:\/\/www.itape.com\/de\/product\/pe34-de\/#breadcrumb","itemListElement":[{"@type":"ListItem","position":1,"name":"Home","item":"https:\/\/www.itape.com\/de\/"},{"@type":"ListItem","position":2,"name":"Products","item":"https:\/\/www.itape.com\/products\/"},{"@type":"ListItem","position":3,"name":"PE34"}]},{"@type":"WebSite","@id":"https:\/\/www.itape.com\/#website","url":"https:\/\/www.itape.com\/","name":"IPG","description":"Global Leader in Packaging and Protective Solutions","publisher":{"@id":"https:\/\/www.itape.com\/#organization"},"potentialAction":[{"@type":"SearchAction","target":{"@type":"EntryPoint","urlTemplate":"https:\/\/www.itape.com\/?s={search_term_string}"},"query-input":{"@type":"PropertyValueSpecification","valueRequired":true,"valueName":"search_term_string"}}],"inLanguage":"de-DE"},{"@type":"Organization","@id":"https:\/\/www.itape.com\/#organization","name":"IPG","url":"https:\/\/www.itape.com\/","logo":{"@type":"ImageObject","inLanguage":"de-DE","@id":"https:\/\/www.itape.com\/#\/schema\/logo\/image\/","url":"https:\/\/www.itape.com\/wp-content\/uploads\/2024\/06\/IPG-logo-2.png","contentUrl":"https:\/\/www.itape.com\/wp-content\/uploads\/2024\/06\/IPG-logo-2.png","width":60,"height":60,"caption":"IPG"},"image":{"@id":"https:\/\/www.itape.com\/#\/schema\/logo\/image\/"},"sameAs":["https:\/\/www.facebook.com\/intertape","https:\/\/x.com\/IPGtape","https:\/\/www.linkedin.com\/company\/intertape-polymer-group","https:\/\/www.instagram.com\/ipgtape","https:\/\/www.youtube.com\/user\/IPGtape"]}]},"product_price_currency":"USD","og_availability":"instock","product_availability":"instock","product_retailer_item_id":"64ab9a17550e","product_condition":"new"},"parsely":{"version":"1.1.0","canonical_url":"https:\/\/itape.com\/de\/product\/pe34-de\/","smart_links":{"inbound":0,"outbound":0},"traffic_boost_suggestions_count":0,"meta":{"@context":"https:\/\/schema.org","@type":"WebPage","headline":"PE34","url":"https:\/\/www.itape.com\/de\/product\/pe34-de\/","mainEntityOfPage":{"@type":"WebPage","@id":"https:\/\/www.itape.com\/de\/product\/pe34-de\/"},"thumbnailUrl":"https:\/\/www.itape.com\/wp-content\/uploads\/2023\/01\/PE34_high.jpg?w=150&h=150&crop=1","image":{"@type":"ImageObject","url":"https:\/\/www.itape.com\/wp-content\/uploads\/2023\/01\/PE34_high.jpg"},"articleSection":"Unkategorisiert","author":[{"@type":"Person","name":"IPG"}],"creator":["IPG"],"publisher":{"@type":"Organization","name":"IPG","logo":"https:\/\/www.itape.com\/wp-content\/uploads\/2023\/03\/IPG-logo-2.png"},"keywords":[],"dateCreated":"2023-01-12T14:33:19Z","datePublished":"2023-01-12T14:33:19Z","dateModified":"2023-03-06T13:08:32Z"},"rendered":"<meta name=\"parsely-title\" content=\"PE34\" \/>\n<meta name=\"parsely-link\" content=\"https:\/\/www.itape.com\/de\/product\/pe34-de\/\" \/>\n<meta name=\"parsely-type\" content=\"index\" \/>\n<meta name=\"parsely-image-url\" content=\"https:\/\/www.itape.com\/wp-content\/uploads\/2023\/01\/PE34_high.jpg?w=150&amp;h=150&amp;crop=1\" \/>\n<meta name=\"parsely-pub-date\" content=\"2023-01-12T14:33:19Z\" \/>\n<meta name=\"parsely-section\" content=\"Unkategorisiert\" \/>\n<meta name=\"parsely-author\" content=\"IPG\" \/>","tracker_url":"https:\/\/cdn.parsely.com\/keys\/itape.com\/p.js"},"jetpack_sharing_enabled":true,"_links":{"self":[{"href":"https:\/\/www.itape.com\/de\/wp-json\/wp\/v2\/product\/48919","targetHints":{"allow":["GET"]}}],"collection":[{"href":"https:\/\/www.itape.com\/de\/wp-json\/wp\/v2\/product"}],"about":[{"href":"https:\/\/www.itape.com\/de\/wp-json\/wp\/v2\/types\/product"}],"replies":[{"embeddable":true,"href":"https:\/\/www.itape.com\/de\/wp-json\/wp\/v2\/comments?post=48919"}],"wp:featuredmedia":[{"embeddable":true,"href":"https:\/\/www.itape.com\/de\/wp-json\/wp\/v2\/media\/52675"}],"wp:attachment":[{"href":"https:\/\/www.itape.com\/de\/wp-json\/wp\/v2\/media?parent=48919"}],"wp:term":[{"taxonomy":"product_brand","embeddable":true,"href":"https:\/\/www.itape.com\/de\/wp-json\/wp\/v2\/product_brand?post=48919"},{"taxonomy":"product_cat","embeddable":true,"href":"https:\/\/www.itape.com\/de\/wp-json\/wp\/v2\/product_cat?post=48919"},{"taxonomy":"product_tag","embeddable":true,"href":"https:\/\/www.itape.com\/de\/wp-json\/wp\/v2\/product_tag?post=48919"},{"taxonomy":"associated_application","embeddable":true,"href":"https:\/\/www.itape.com\/de\/wp-json\/wp\/v2\/associated_application?post=48919"}],"curies":[{"name":"wp","href":"https:\/\/api.w.org\/{rel}","templated":true}]}}