{"id":48921,"date":"2023-01-12T14:33:19","date_gmt":"2023-01-12T14:33:19","guid":{"rendered":"https:\/\/www.itape.com\/product\/airspace-g6-de\/"},"modified":"2023-05-08T11:53:45","modified_gmt":"2023-05-08T11:53:45","slug":"airspace-g6","status":"publish","type":"product","link":"https:\/\/www.itape.com\/de\/product\/airspace-g6\/","title":{"rendered":"AirSpace G6"},"content":{"rendered":"<div class=\"prose\">AirSpace void fill is versatile and can be used in various applications, including cushioning and void fill for shipping boxes, blocking and bracing, and interleaving for delicate items<\/div>\n","protected":false},"excerpt":{"rendered":"<p>Das AirSpace G6-System von Polyair stellt Luftpolsterkissen und Luftpolsterfolie bedarfsgerecht her. Es sind keine sperrigen Lagerbeh\u00e4lter erforderlich. Das AirSpace G6 ist tragbar und ben\u00f6tigt wenig Platz und ist somit die ideale Maschine f\u00fcr die schwierigsten Umgebungen Die intuitive, zweisprachige Benutzeroberfl\u00e4che sorgt f\u00fcr eine einfache Bedienung, und es verf\u00fcgt \u00fcber eine der gr\u00f6\u00dften Folienrollen-Aufsteller der Branche. AirSpace G6 erf\u00fcllt die Anforderungen an die Folienausgabe bei geringem bis hohem Volumen m\u00fchelos.<\/p>\n","protected":false},"featured_media":61703,"comment_status":"closed","ping_status":"closed","template":"","meta":{"_acf_changed":false},"product_brand":[],"product_cat":[7817,7813,7059],"product_tag":[8191,7153],"associated_application":[6908,6916,6975,6898,7037,6941,6947,6882,6886,6878,6879,6885,6877,6893,6888,6881],"class_list":{"0":"post-48921","1":"product","2":"type-product","3":"status-publish","4":"has-post-thumbnail","6":"product_cat-schutzverpackungen-aufblasbare-systeme-de","7":"product_cat-schutzverpackungen-luftpolster-de","8":"product_cat-protective-packaging-de","9":"product_tag-airspace-de","10":"product_tag-inflatable-systems-de","11":"associated_application-allgemeineverpackung-de-2","12":"associated_application-allgemeineverpackung-de-3","13":"associated_application-allgemeineverpackung-de-lebensmittelverarbeitung-de","14":"associated_application-allgemeineverpackung-de","15":"associated_application-allgemeineverpackung-de-4","16":"associated_application-aufblasbare-leerraumfuellung-de","17":"associated_application-bedruckbare-leerraumfuellung-de","18":"associated_application-e-commerce-de","19":"associated_application-fertigung-de","20":"associated_application-haushaltsgeraete-de","21":"associated_application-kfz-gewerbe-de","22":"associated_application-lebensmittelverarbeitung-de","23":"associated_application-luft-und-raumfahrt-de","24":"associated_application-transportwesen-de","25":"associated_application-umzug-und-lagerung-de","26":"associated_application-verbraucher-de","28":"first","29":"instock","30":"product-type-simple"},"acf":[],"yoast_head":"<!-- This site is optimized with the Yoast SEO Premium plugin v24.1 (Yoast SEO v27.0) - https:\/\/yoast.com\/product\/yoast-seo-premium-wordpress\/ -->\n<title>AirSpace G6 - IPG<\/title>\n<meta name=\"robots\" content=\"index, follow, max-snippet:-1, max-image-preview:large, max-video-preview:-1\" \/>\n<link rel=\"canonical\" href=\"https:\/\/www.itape.com\/de\/product\/airspace-g6\/\" \/>\n<meta property=\"og:locale\" content=\"de_DE\" \/>\n<meta property=\"og:type\" content=\"article\" \/>\n<meta property=\"og:title\" content=\"AirSpace G6\" \/>\n<meta property=\"og:description\" content=\"Das AirSpace G6-System von Polyair stellt Luftpolsterkissen und Luftpolsterfolie bedarfsgerecht her. Es sind keine sperrigen Lagerbeh\u00e4lter erforderlich. Das AirSpace G6 ist tragbar und ben\u00f6tigt wenig Platz und ist somit die ideale Maschine f\u00fcr die schwierigsten Umgebungen Die intuitive, zweisprachige Benutzeroberfl\u00e4che sorgt f\u00fcr eine einfache Bedienung, und es verf\u00fcgt \u00fcber eine der gr\u00f6\u00dften Folienrollen-Aufsteller der Branche. AirSpace G6 erf\u00fcllt die Anforderungen an die Folienausgabe bei geringem bis hohem Volumen m\u00fchelos.\" \/>\n<meta property=\"og:url\" content=\"https:\/\/www.itape.com\/de\/product\/airspace-g6\/\" \/>\n<meta property=\"og:site_name\" content=\"IPG\" \/>\n<meta property=\"article:publisher\" content=\"https:\/\/www.facebook.com\/intertape\" \/>\n<meta property=\"article:modified_time\" content=\"2023-05-08T11:53:45+00:00\" \/>\n<meta property=\"og:image\" content=\"https:\/\/www.itape.com\/wp-content\/uploads\/2023\/01\/AirSpace-G6_High-.jpg\" \/>\n\t<meta property=\"og:image:width\" content=\"2400\" \/>\n\t<meta property=\"og:image:height\" content=\"2400\" \/>\n\t<meta property=\"og:image:type\" content=\"image\/jpeg\" \/>\n<meta name=\"twitter:card\" content=\"summary_large_image\" \/>\n<meta name=\"twitter:site\" content=\"@IPGtape\" \/>\n<meta name=\"twitter:label1\" content=\"Price\" \/>\n\t<meta name=\"twitter:data1\" content=\"\" \/>\n\t<meta name=\"twitter:label2\" content=\"Availability\" \/>\n\t<meta name=\"twitter:data2\" content=\"In stock\" \/>\n<script type=\"application\/ld+json\" class=\"yoast-schema-graph\">{\"@context\":\"https:\/\/schema.org\",\"@graph\":[{\"@type\":\"WebPage\",\"@id\":\"https:\/\/www.itape.com\/de\/product\/airspace-g6\/\",\"url\":\"https:\/\/www.itape.com\/de\/product\/airspace-g6\/\",\"name\":\"AirSpace G6 - IPG\",\"isPartOf\":{\"@id\":\"https:\/\/www.itape.com\/#website\"},\"primaryImageOfPage\":{\"@id\":\"https:\/\/www.itape.com\/de\/product\/airspace-g6\/#primaryimage\"},\"image\":{\"@id\":\"https:\/\/www.itape.com\/de\/product\/airspace-g6\/#primaryimage\"},\"thumbnailUrl\":\"https:\/\/www.itape.com\/wp-content\/uploads\/2023\/01\/AirSpace-G6_High-.jpg\",\"datePublished\":\"2023-01-12T14:33:19+00:00\",\"dateModified\":\"2023-05-08T11:53:45+00:00\",\"breadcrumb\":{\"@id\":\"https:\/\/www.itape.com\/de\/product\/airspace-g6\/#breadcrumb\"},\"inLanguage\":\"de-DE\",\"potentialAction\":[{\"@type\":\"ReadAction\",\"target\":[\"https:\/\/www.itape.com\/de\/product\/airspace-g6\/\"]}]},{\"@type\":\"ImageObject\",\"inLanguage\":\"de-DE\",\"@id\":\"https:\/\/www.itape.com\/de\/product\/airspace-g6\/#primaryimage\",\"url\":\"https:\/\/www.itape.com\/wp-content\/uploads\/2023\/01\/AirSpace-G6_High-.jpg\",\"contentUrl\":\"https:\/\/www.itape.com\/wp-content\/uploads\/2023\/01\/AirSpace-G6_High-.jpg\",\"width\":2400,\"height\":2400,\"caption\":\"AirSpace G6 Machine\"},{\"@type\":\"BreadcrumbList\",\"@id\":\"https:\/\/www.itape.com\/de\/product\/airspace-g6\/#breadcrumb\",\"itemListElement\":[{\"@type\":\"ListItem\",\"position\":1,\"name\":\"Home\",\"item\":\"https:\/\/www.itape.com\/de\/\"},{\"@type\":\"ListItem\",\"position\":2,\"name\":\"Products\",\"item\":\"https:\/\/www.itape.com\/products\/\"},{\"@type\":\"ListItem\",\"position\":3,\"name\":\"AirSpace G6\"}]},{\"@type\":\"WebSite\",\"@id\":\"https:\/\/www.itape.com\/#website\",\"url\":\"https:\/\/www.itape.com\/\",\"name\":\"IPG\",\"description\":\"Global Leader in Packaging and Protective Solutions\",\"publisher\":{\"@id\":\"https:\/\/www.itape.com\/#organization\"},\"potentialAction\":[{\"@type\":\"SearchAction\",\"target\":{\"@type\":\"EntryPoint\",\"urlTemplate\":\"https:\/\/www.itape.com\/?s={search_term_string}\"},\"query-input\":{\"@type\":\"PropertyValueSpecification\",\"valueRequired\":true,\"valueName\":\"search_term_string\"}}],\"inLanguage\":\"de-DE\"},{\"@type\":\"Organization\",\"@id\":\"https:\/\/www.itape.com\/#organization\",\"name\":\"IPG\",\"url\":\"https:\/\/www.itape.com\/\",\"logo\":{\"@type\":\"ImageObject\",\"inLanguage\":\"de-DE\",\"@id\":\"https:\/\/www.itape.com\/#\/schema\/logo\/image\/\",\"url\":\"https:\/\/www.itape.com\/wp-content\/uploads\/2024\/06\/IPG-logo-2.png\",\"contentUrl\":\"https:\/\/www.itape.com\/wp-content\/uploads\/2024\/06\/IPG-logo-2.png\",\"width\":60,\"height\":60,\"caption\":\"IPG\"},\"image\":{\"@id\":\"https:\/\/www.itape.com\/#\/schema\/logo\/image\/\"},\"sameAs\":[\"https:\/\/www.facebook.com\/intertape\",\"https:\/\/x.com\/IPGtape\",\"https:\/\/www.linkedin.com\/company\/intertape-polymer-group\",\"https:\/\/www.instagram.com\/ipgtape\",\"https:\/\/www.youtube.com\/user\/IPGtape\"]}]}<\/script>\n<meta property=\"product:price:currency\" content=\"USD\" \/>\n<meta property=\"og:availability\" content=\"instock\" \/>\n<meta property=\"product:availability\" content=\"instock\" \/>\n<meta property=\"product:retailer_item_id\" content=\"ac94cf9cec2c\" \/>\n<meta property=\"product:condition\" content=\"new\" \/>\n<!-- \/ Yoast SEO Premium plugin. -->","yoast_head_json":{"title":"AirSpace G6 - IPG","robots":{"index":"index","follow":"follow","max-snippet":"max-snippet:-1","max-image-preview":"max-image-preview:large","max-video-preview":"max-video-preview:-1"},"canonical":"https:\/\/www.itape.com\/de\/product\/airspace-g6\/","og_locale":"de_DE","og_type":"article","og_title":"AirSpace G6","og_description":"Das AirSpace G6-System von Polyair stellt Luftpolsterkissen und Luftpolsterfolie bedarfsgerecht her. Es sind keine sperrigen Lagerbeh\u00e4lter erforderlich. Das AirSpace G6 ist tragbar und ben\u00f6tigt wenig Platz und ist somit die ideale Maschine f\u00fcr die schwierigsten Umgebungen Die intuitive, zweisprachige Benutzeroberfl\u00e4che sorgt f\u00fcr eine einfache Bedienung, und es verf\u00fcgt \u00fcber eine der gr\u00f6\u00dften Folienrollen-Aufsteller der Branche. AirSpace G6 erf\u00fcllt die Anforderungen an die Folienausgabe bei geringem bis hohem Volumen m\u00fchelos.","og_url":"https:\/\/www.itape.com\/de\/product\/airspace-g6\/","og_site_name":"IPG","article_publisher":"https:\/\/www.facebook.com\/intertape","article_modified_time":"2023-05-08T11:53:45+00:00","og_image":[{"width":2400,"height":2400,"url":"https:\/\/www.itape.com\/wp-content\/uploads\/2023\/01\/AirSpace-G6_High-.jpg","type":"image\/jpeg"}],"twitter_card":"summary_large_image","twitter_site":"@IPGtape","twitter_misc":{"Price":"","Availability":"In stock"},"schema":{"@context":"https:\/\/schema.org","@graph":[{"@type":"WebPage","@id":"https:\/\/www.itape.com\/de\/product\/airspace-g6\/","url":"https:\/\/www.itape.com\/de\/product\/airspace-g6\/","name":"AirSpace G6 - IPG","isPartOf":{"@id":"https:\/\/www.itape.com\/#website"},"primaryImageOfPage":{"@id":"https:\/\/www.itape.com\/de\/product\/airspace-g6\/#primaryimage"},"image":{"@id":"https:\/\/www.itape.com\/de\/product\/airspace-g6\/#primaryimage"},"thumbnailUrl":"https:\/\/www.itape.com\/wp-content\/uploads\/2023\/01\/AirSpace-G6_High-.jpg","datePublished":"2023-01-12T14:33:19+00:00","dateModified":"2023-05-08T11:53:45+00:00","breadcrumb":{"@id":"https:\/\/www.itape.com\/de\/product\/airspace-g6\/#breadcrumb"},"inLanguage":"de-DE","potentialAction":[{"@type":"ReadAction","target":["https:\/\/www.itape.com\/de\/product\/airspace-g6\/"]}]},{"@type":"ImageObject","inLanguage":"de-DE","@id":"https:\/\/www.itape.com\/de\/product\/airspace-g6\/#primaryimage","url":"https:\/\/www.itape.com\/wp-content\/uploads\/2023\/01\/AirSpace-G6_High-.jpg","contentUrl":"https:\/\/www.itape.com\/wp-content\/uploads\/2023\/01\/AirSpace-G6_High-.jpg","width":2400,"height":2400,"caption":"AirSpace G6 Machine"},{"@type":"BreadcrumbList","@id":"https:\/\/www.itape.com\/de\/product\/airspace-g6\/#breadcrumb","itemListElement":[{"@type":"ListItem","position":1,"name":"Home","item":"https:\/\/www.itape.com\/de\/"},{"@type":"ListItem","position":2,"name":"Products","item":"https:\/\/www.itape.com\/products\/"},{"@type":"ListItem","position":3,"name":"AirSpace G6"}]},{"@type":"WebSite","@id":"https:\/\/www.itape.com\/#website","url":"https:\/\/www.itape.com\/","name":"IPG","description":"Global Leader in Packaging and Protective Solutions","publisher":{"@id":"https:\/\/www.itape.com\/#organization"},"potentialAction":[{"@type":"SearchAction","target":{"@type":"EntryPoint","urlTemplate":"https:\/\/www.itape.com\/?s={search_term_string}"},"query-input":{"@type":"PropertyValueSpecification","valueRequired":true,"valueName":"search_term_string"}}],"inLanguage":"de-DE"},{"@type":"Organization","@id":"https:\/\/www.itape.com\/#organization","name":"IPG","url":"https:\/\/www.itape.com\/","logo":{"@type":"ImageObject","inLanguage":"de-DE","@id":"https:\/\/www.itape.com\/#\/schema\/logo\/image\/","url":"https:\/\/www.itape.com\/wp-content\/uploads\/2024\/06\/IPG-logo-2.png","contentUrl":"https:\/\/www.itape.com\/wp-content\/uploads\/2024\/06\/IPG-logo-2.png","width":60,"height":60,"caption":"IPG"},"image":{"@id":"https:\/\/www.itape.com\/#\/schema\/logo\/image\/"},"sameAs":["https:\/\/www.facebook.com\/intertape","https:\/\/x.com\/IPGtape","https:\/\/www.linkedin.com\/company\/intertape-polymer-group","https:\/\/www.instagram.com\/ipgtape","https:\/\/www.youtube.com\/user\/IPGtape"]}]},"product_price_currency":"USD","og_availability":"instock","product_availability":"instock","product_retailer_item_id":"ac94cf9cec2c","product_condition":"new"},"parsely":{"version":"1.1.0","canonical_url":"https:\/\/itape.com\/de\/product\/airspace-g6\/","smart_links":{"inbound":0,"outbound":0},"traffic_boost_suggestions_count":0,"meta":{"@context":"https:\/\/schema.org","@type":"WebPage","headline":"AirSpace G6","url":"https:\/\/www.itape.com\/de\/product\/airspace-g6\/","mainEntityOfPage":{"@type":"WebPage","@id":"https:\/\/www.itape.com\/de\/product\/airspace-g6\/"},"thumbnailUrl":"https:\/\/www.itape.com\/wp-content\/uploads\/2023\/01\/AirSpace-G6_High-.jpg?w=150&h=150&crop=1","image":{"@type":"ImageObject","url":"https:\/\/www.itape.com\/wp-content\/uploads\/2023\/01\/AirSpace-G6_High-.jpg"},"articleSection":"Unkategorisiert","author":[{"@type":"Person","name":"IPG"}],"creator":["IPG"],"publisher":{"@type":"Organization","name":"IPG","logo":"https:\/\/www.itape.com\/wp-content\/uploads\/2023\/03\/IPG-logo-2.png"},"keywords":[],"dateCreated":"2023-01-12T14:33:19Z","datePublished":"2023-01-12T14:33:19Z","dateModified":"2023-05-08T11:53:45Z"},"rendered":"<meta name=\"parsely-title\" content=\"AirSpace G6\" \/>\n<meta name=\"parsely-link\" content=\"https:\/\/www.itape.com\/de\/product\/airspace-g6\/\" \/>\n<meta name=\"parsely-type\" content=\"index\" \/>\n<meta name=\"parsely-image-url\" content=\"https:\/\/www.itape.com\/wp-content\/uploads\/2023\/01\/AirSpace-G6_High-.jpg?w=150&amp;h=150&amp;crop=1\" \/>\n<meta name=\"parsely-pub-date\" content=\"2023-01-12T14:33:19Z\" \/>\n<meta name=\"parsely-section\" content=\"Unkategorisiert\" \/>\n<meta name=\"parsely-author\" content=\"IPG\" \/>","tracker_url":"https:\/\/cdn.parsely.com\/keys\/itape.com\/p.js"},"jetpack_sharing_enabled":true,"_links":{"self":[{"href":"https:\/\/www.itape.com\/de\/wp-json\/wp\/v2\/product\/48921","targetHints":{"allow":["GET"]}}],"collection":[{"href":"https:\/\/www.itape.com\/de\/wp-json\/wp\/v2\/product"}],"about":[{"href":"https:\/\/www.itape.com\/de\/wp-json\/wp\/v2\/types\/product"}],"replies":[{"embeddable":true,"href":"https:\/\/www.itape.com\/de\/wp-json\/wp\/v2\/comments?post=48921"}],"wp:featuredmedia":[{"embeddable":true,"href":"https:\/\/www.itape.com\/de\/wp-json\/wp\/v2\/media\/61703"}],"wp:attachment":[{"href":"https:\/\/www.itape.com\/de\/wp-json\/wp\/v2\/media?parent=48921"}],"wp:term":[{"taxonomy":"product_brand","embeddable":true,"href":"https:\/\/www.itape.com\/de\/wp-json\/wp\/v2\/product_brand?post=48921"},{"taxonomy":"product_cat","embeddable":true,"href":"https:\/\/www.itape.com\/de\/wp-json\/wp\/v2\/product_cat?post=48921"},{"taxonomy":"product_tag","embeddable":true,"href":"https:\/\/www.itape.com\/de\/wp-json\/wp\/v2\/product_tag?post=48921"},{"taxonomy":"associated_application","embeddable":true,"href":"https:\/\/www.itape.com\/de\/wp-json\/wp\/v2\/associated_application?post=48921"}],"curies":[{"name":"wp","href":"https:\/\/api.w.org\/{rel}","templated":true}]}}