{"id":48922,"date":"2023-01-12T14:33:25","date_gmt":"2023-01-12T14:33:25","guid":{"rendered":"https:\/\/www.itape.com\/product\/airspace-g4-de\/"},"modified":"2023-05-08T11:57:36","modified_gmt":"2023-05-08T11:57:36","slug":"airspace-g4-de","status":"publish","type":"product","link":"https:\/\/www.itape.com\/de\/product\/airspace-g4-de\/","title":{"rendered":"AirSpace G4"},"content":{"rendered":"<div class=\"prose\">Our unique, custom pillow delivery system integrated within existing work stations takes cost out of the packaging process, improving labor and helping to ensure pillows are always available, delivered to where they can most conveniently be used.<\/div>\n","protected":false},"excerpt":{"rendered":"<p>Das aufblasbare Luftpolsterkissensystem von Polyair AirSpace G4 bietet Flexibilit\u00e4t und Leistung. Die leichte G4-Maschine ist f\u00fcr die anspruchsvollsten Verpackungsumgebungen ausgelegt. Der G4 stellt Kissen in verschiedenen Gr\u00f6\u00dfen und Schichtst\u00e4rken her, um die Vielseitigkeit zu bieten, die auf dem heutigen Markt verlangt wird. Dank des benutzerfreundlichen Touchscreen-Bedienbildschirms des G4 und des ergonomisch gestalteten Folienladers sind die Einrichtung und die laufenden Vorg\u00e4nge ein Kinderspiel.<\/p>\n","protected":false},"featured_media":52927,"comment_status":"closed","ping_status":"closed","template":"","meta":{"_acf_changed":false},"product_brand":[],"product_cat":[7817,7059,7773],"product_tag":[8191,7153],"associated_application":[6908,6916,6975,6898,7037,6941,6947,6981,6972,6882,6886,6878,6879,6885,6877,6893,6888,6881],"class_list":{"0":"post-48922","1":"product","2":"type-product","3":"status-publish","4":"has-post-thumbnail","6":"product_cat-schutzverpackungen-aufblasbare-systeme-de","7":"product_cat-protective-packaging-de","8":"product_cat-schutzverpackungen-de","9":"product_tag-airspace-de","10":"product_tag-inflatable-systems-de","11":"associated_application-allgemeineverpackung-de-2","12":"associated_application-allgemeineverpackung-de-3","13":"associated_application-allgemeineverpackung-de-lebensmittelverarbeitung-de","14":"associated_application-allgemeineverpackung-de","15":"associated_application-allgemeineverpackung-de-4","16":"associated_application-aufblasbare-leerraumfuellung-de","17":"associated_application-bedruckbare-leerraumfuellung-de","18":"associated_application-branding-de-2","19":"associated_application-branding-de","20":"associated_application-e-commerce-de","21":"associated_application-fertigung-de","22":"associated_application-haushaltsgeraete-de","23":"associated_application-kfz-gewerbe-de","24":"associated_application-lebensmittelverarbeitung-de","25":"associated_application-luft-und-raumfahrt-de","26":"associated_application-transportwesen-de","27":"associated_application-umzug-und-lagerung-de","28":"associated_application-verbraucher-de","30":"first","31":"instock","32":"product-type-simple"},"acf":[],"yoast_head":"<!-- This site is optimized with the Yoast SEO Premium plugin v24.1 (Yoast SEO v27.0) - https:\/\/yoast.com\/product\/yoast-seo-premium-wordpress\/ -->\n<title>AirSpace G4 - IPG<\/title>\n<meta name=\"robots\" content=\"index, follow, max-snippet:-1, max-image-preview:large, max-video-preview:-1\" \/>\n<link rel=\"canonical\" href=\"https:\/\/www.itape.com\/de\/product\/airspace-g4-de\/\" \/>\n<meta property=\"og:locale\" content=\"de_DE\" \/>\n<meta property=\"og:type\" content=\"article\" \/>\n<meta property=\"og:title\" content=\"AirSpace G4\" \/>\n<meta property=\"og:description\" content=\"Das aufblasbare Luftpolsterkissensystem von Polyair AirSpace G4 bietet Flexibilit\u00e4t und Leistung. Die leichte G4-Maschine ist f\u00fcr die anspruchsvollsten Verpackungsumgebungen ausgelegt. Der G4 stellt Kissen in verschiedenen Gr\u00f6\u00dfen und Schichtst\u00e4rken her, um die Vielseitigkeit zu bieten, die auf dem heutigen Markt verlangt wird. Dank des benutzerfreundlichen Touchscreen-Bedienbildschirms des G4 und des ergonomisch gestalteten Folienladers sind die Einrichtung und die laufenden Vorg\u00e4nge ein Kinderspiel.\" \/>\n<meta property=\"og:url\" content=\"https:\/\/www.itape.com\/de\/product\/airspace-g4-de\/\" \/>\n<meta property=\"og:site_name\" content=\"IPG\" \/>\n<meta property=\"article:publisher\" content=\"https:\/\/www.facebook.com\/intertape\" \/>\n<meta property=\"article:modified_time\" content=\"2023-05-08T11:57:36+00:00\" \/>\n<meta name=\"twitter:card\" content=\"summary_large_image\" \/>\n<meta name=\"twitter:image\" content=\"https:\/\/www.itape.com\/wp-content\/uploads\/2023\/01\/AirSpaceG4_high.jpg\" \/>\n<meta name=\"twitter:site\" content=\"@IPGtape\" \/>\n<meta name=\"twitter:label1\" content=\"Price\" \/>\n\t<meta name=\"twitter:data1\" content=\"\" \/>\n\t<meta name=\"twitter:label2\" content=\"Availability\" \/>\n\t<meta name=\"twitter:data2\" content=\"In stock\" \/>\n<script type=\"application\/ld+json\" class=\"yoast-schema-graph\">{\"@context\":\"https:\/\/schema.org\",\"@graph\":[{\"@type\":\"WebPage\",\"@id\":\"https:\/\/www.itape.com\/de\/product\/airspace-g4-de\/\",\"url\":\"https:\/\/www.itape.com\/de\/product\/airspace-g4-de\/\",\"name\":\"AirSpace G4 - IPG\",\"isPartOf\":{\"@id\":\"https:\/\/www.itape.com\/#website\"},\"primaryImageOfPage\":{\"@id\":\"https:\/\/www.itape.com\/de\/product\/airspace-g4-de\/#primaryimage\"},\"image\":{\"@id\":\"https:\/\/www.itape.com\/de\/product\/airspace-g4-de\/#primaryimage\"},\"thumbnailUrl\":\"https:\/\/www.itape.com\/wp-content\/uploads\/2023\/01\/AirSpaceG4_high.jpg\",\"datePublished\":\"2023-01-12T14:33:25+00:00\",\"dateModified\":\"2023-05-08T11:57:36+00:00\",\"breadcrumb\":{\"@id\":\"https:\/\/www.itape.com\/de\/product\/airspace-g4-de\/#breadcrumb\"},\"inLanguage\":\"de-DE\",\"potentialAction\":[{\"@type\":\"ReadAction\",\"target\":[\"https:\/\/www.itape.com\/de\/product\/airspace-g4-de\/\"]}]},{\"@type\":\"ImageObject\",\"inLanguage\":\"de-DE\",\"@id\":\"https:\/\/www.itape.com\/de\/product\/airspace-g4-de\/#primaryimage\",\"url\":\"https:\/\/www.itape.com\/wp-content\/uploads\/2023\/01\/AirSpaceG4_high.jpg\",\"contentUrl\":\"https:\/\/www.itape.com\/wp-content\/uploads\/2023\/01\/AirSpaceG4_high.jpg\",\"width\":2400,\"height\":2400,\"caption\":\"G4-Airspace_Machine\"},{\"@type\":\"BreadcrumbList\",\"@id\":\"https:\/\/www.itape.com\/de\/product\/airspace-g4-de\/#breadcrumb\",\"itemListElement\":[{\"@type\":\"ListItem\",\"position\":1,\"name\":\"Home\",\"item\":\"https:\/\/www.itape.com\/de\/\"},{\"@type\":\"ListItem\",\"position\":2,\"name\":\"Products\",\"item\":\"https:\/\/www.itape.com\/products\/\"},{\"@type\":\"ListItem\",\"position\":3,\"name\":\"AirSpace G4\"}]},{\"@type\":\"WebSite\",\"@id\":\"https:\/\/www.itape.com\/#website\",\"url\":\"https:\/\/www.itape.com\/\",\"name\":\"IPG\",\"description\":\"Global Leader in Packaging and Protective Solutions\",\"publisher\":{\"@id\":\"https:\/\/www.itape.com\/#organization\"},\"potentialAction\":[{\"@type\":\"SearchAction\",\"target\":{\"@type\":\"EntryPoint\",\"urlTemplate\":\"https:\/\/www.itape.com\/?s={search_term_string}\"},\"query-input\":{\"@type\":\"PropertyValueSpecification\",\"valueRequired\":true,\"valueName\":\"search_term_string\"}}],\"inLanguage\":\"de-DE\"},{\"@type\":\"Organization\",\"@id\":\"https:\/\/www.itape.com\/#organization\",\"name\":\"IPG\",\"url\":\"https:\/\/www.itape.com\/\",\"logo\":{\"@type\":\"ImageObject\",\"inLanguage\":\"de-DE\",\"@id\":\"https:\/\/www.itape.com\/#\/schema\/logo\/image\/\",\"url\":\"https:\/\/www.itape.com\/wp-content\/uploads\/2024\/06\/IPG-logo-2.png\",\"contentUrl\":\"https:\/\/www.itape.com\/wp-content\/uploads\/2024\/06\/IPG-logo-2.png\",\"width\":60,\"height\":60,\"caption\":\"IPG\"},\"image\":{\"@id\":\"https:\/\/www.itape.com\/#\/schema\/logo\/image\/\"},\"sameAs\":[\"https:\/\/www.facebook.com\/intertape\",\"https:\/\/x.com\/IPGtape\",\"https:\/\/www.linkedin.com\/company\/intertape-polymer-group\",\"https:\/\/www.instagram.com\/ipgtape\",\"https:\/\/www.youtube.com\/user\/IPGtape\"]}]}<\/script>\n<meta property=\"product:price:currency\" content=\"USD\" \/>\n<meta property=\"og:availability\" content=\"instock\" \/>\n<meta property=\"product:availability\" content=\"instock\" \/>\n<meta property=\"product:retailer_item_id\" content=\"eb9b1fc9fceb\" \/>\n<meta property=\"product:condition\" content=\"new\" \/>\n<!-- \/ Yoast SEO Premium plugin. -->","yoast_head_json":{"title":"AirSpace G4 - IPG","robots":{"index":"index","follow":"follow","max-snippet":"max-snippet:-1","max-image-preview":"max-image-preview:large","max-video-preview":"max-video-preview:-1"},"canonical":"https:\/\/www.itape.com\/de\/product\/airspace-g4-de\/","og_locale":"de_DE","og_type":"article","og_title":"AirSpace G4","og_description":"Das aufblasbare Luftpolsterkissensystem von Polyair AirSpace G4 bietet Flexibilit\u00e4t und Leistung. Die leichte G4-Maschine ist f\u00fcr die anspruchsvollsten Verpackungsumgebungen ausgelegt. Der G4 stellt Kissen in verschiedenen Gr\u00f6\u00dfen und Schichtst\u00e4rken her, um die Vielseitigkeit zu bieten, die auf dem heutigen Markt verlangt wird. Dank des benutzerfreundlichen Touchscreen-Bedienbildschirms des G4 und des ergonomisch gestalteten Folienladers sind die Einrichtung und die laufenden Vorg\u00e4nge ein Kinderspiel.","og_url":"https:\/\/www.itape.com\/de\/product\/airspace-g4-de\/","og_site_name":"IPG","article_publisher":"https:\/\/www.facebook.com\/intertape","article_modified_time":"2023-05-08T11:57:36+00:00","twitter_card":"summary_large_image","twitter_image":"https:\/\/www.itape.com\/wp-content\/uploads\/2023\/01\/AirSpaceG4_high.jpg","twitter_site":"@IPGtape","twitter_misc":{"Price":"","Availability":"In stock"},"schema":{"@context":"https:\/\/schema.org","@graph":[{"@type":"WebPage","@id":"https:\/\/www.itape.com\/de\/product\/airspace-g4-de\/","url":"https:\/\/www.itape.com\/de\/product\/airspace-g4-de\/","name":"AirSpace G4 - IPG","isPartOf":{"@id":"https:\/\/www.itape.com\/#website"},"primaryImageOfPage":{"@id":"https:\/\/www.itape.com\/de\/product\/airspace-g4-de\/#primaryimage"},"image":{"@id":"https:\/\/www.itape.com\/de\/product\/airspace-g4-de\/#primaryimage"},"thumbnailUrl":"https:\/\/www.itape.com\/wp-content\/uploads\/2023\/01\/AirSpaceG4_high.jpg","datePublished":"2023-01-12T14:33:25+00:00","dateModified":"2023-05-08T11:57:36+00:00","breadcrumb":{"@id":"https:\/\/www.itape.com\/de\/product\/airspace-g4-de\/#breadcrumb"},"inLanguage":"de-DE","potentialAction":[{"@type":"ReadAction","target":["https:\/\/www.itape.com\/de\/product\/airspace-g4-de\/"]}]},{"@type":"ImageObject","inLanguage":"de-DE","@id":"https:\/\/www.itape.com\/de\/product\/airspace-g4-de\/#primaryimage","url":"https:\/\/www.itape.com\/wp-content\/uploads\/2023\/01\/AirSpaceG4_high.jpg","contentUrl":"https:\/\/www.itape.com\/wp-content\/uploads\/2023\/01\/AirSpaceG4_high.jpg","width":2400,"height":2400,"caption":"G4-Airspace_Machine"},{"@type":"BreadcrumbList","@id":"https:\/\/www.itape.com\/de\/product\/airspace-g4-de\/#breadcrumb","itemListElement":[{"@type":"ListItem","position":1,"name":"Home","item":"https:\/\/www.itape.com\/de\/"},{"@type":"ListItem","position":2,"name":"Products","item":"https:\/\/www.itape.com\/products\/"},{"@type":"ListItem","position":3,"name":"AirSpace G4"}]},{"@type":"WebSite","@id":"https:\/\/www.itape.com\/#website","url":"https:\/\/www.itape.com\/","name":"IPG","description":"Global Leader in Packaging and Protective Solutions","publisher":{"@id":"https:\/\/www.itape.com\/#organization"},"potentialAction":[{"@type":"SearchAction","target":{"@type":"EntryPoint","urlTemplate":"https:\/\/www.itape.com\/?s={search_term_string}"},"query-input":{"@type":"PropertyValueSpecification","valueRequired":true,"valueName":"search_term_string"}}],"inLanguage":"de-DE"},{"@type":"Organization","@id":"https:\/\/www.itape.com\/#organization","name":"IPG","url":"https:\/\/www.itape.com\/","logo":{"@type":"ImageObject","inLanguage":"de-DE","@id":"https:\/\/www.itape.com\/#\/schema\/logo\/image\/","url":"https:\/\/www.itape.com\/wp-content\/uploads\/2024\/06\/IPG-logo-2.png","contentUrl":"https:\/\/www.itape.com\/wp-content\/uploads\/2024\/06\/IPG-logo-2.png","width":60,"height":60,"caption":"IPG"},"image":{"@id":"https:\/\/www.itape.com\/#\/schema\/logo\/image\/"},"sameAs":["https:\/\/www.facebook.com\/intertape","https:\/\/x.com\/IPGtape","https:\/\/www.linkedin.com\/company\/intertape-polymer-group","https:\/\/www.instagram.com\/ipgtape","https:\/\/www.youtube.com\/user\/IPGtape"]}]},"product_price_currency":"USD","og_availability":"instock","product_availability":"instock","product_retailer_item_id":"eb9b1fc9fceb","product_condition":"new"},"parsely":{"version":"1.1.0","canonical_url":"https:\/\/itape.com\/de\/product\/airspace-g4-de\/","smart_links":{"inbound":0,"outbound":0},"traffic_boost_suggestions_count":0,"meta":{"@context":"https:\/\/schema.org","@type":"WebPage","headline":"AirSpace G4","url":"https:\/\/www.itape.com\/de\/product\/airspace-g4-de\/","mainEntityOfPage":{"@type":"WebPage","@id":"https:\/\/www.itape.com\/de\/product\/airspace-g4-de\/"},"thumbnailUrl":"https:\/\/www.itape.com\/wp-content\/uploads\/2023\/01\/AirSpaceG4_high.jpg?w=150&h=150&crop=1","image":{"@type":"ImageObject","url":"https:\/\/www.itape.com\/wp-content\/uploads\/2023\/01\/AirSpaceG4_high.jpg"},"articleSection":"Unkategorisiert","author":[{"@type":"Person","name":"IPG"}],"creator":["IPG"],"publisher":{"@type":"Organization","name":"IPG","logo":"https:\/\/www.itape.com\/wp-content\/uploads\/2023\/03\/IPG-logo-2.png"},"keywords":[],"dateCreated":"2023-01-12T14:33:25Z","datePublished":"2023-01-12T14:33:25Z","dateModified":"2023-05-08T11:57:36Z"},"rendered":"<meta name=\"parsely-title\" content=\"AirSpace G4\" \/>\n<meta name=\"parsely-link\" content=\"https:\/\/www.itape.com\/de\/product\/airspace-g4-de\/\" \/>\n<meta name=\"parsely-type\" content=\"index\" \/>\n<meta name=\"parsely-image-url\" content=\"https:\/\/www.itape.com\/wp-content\/uploads\/2023\/01\/AirSpaceG4_high.jpg?w=150&amp;h=150&amp;crop=1\" \/>\n<meta name=\"parsely-pub-date\" content=\"2023-01-12T14:33:25Z\" \/>\n<meta name=\"parsely-section\" content=\"Unkategorisiert\" \/>\n<meta name=\"parsely-author\" content=\"IPG\" \/>","tracker_url":"https:\/\/cdn.parsely.com\/keys\/itape.com\/p.js"},"jetpack_sharing_enabled":true,"_links":{"self":[{"href":"https:\/\/www.itape.com\/de\/wp-json\/wp\/v2\/product\/48922","targetHints":{"allow":["GET"]}}],"collection":[{"href":"https:\/\/www.itape.com\/de\/wp-json\/wp\/v2\/product"}],"about":[{"href":"https:\/\/www.itape.com\/de\/wp-json\/wp\/v2\/types\/product"}],"replies":[{"embeddable":true,"href":"https:\/\/www.itape.com\/de\/wp-json\/wp\/v2\/comments?post=48922"}],"wp:featuredmedia":[{"embeddable":true,"href":"https:\/\/www.itape.com\/de\/wp-json\/wp\/v2\/media\/52927"}],"wp:attachment":[{"href":"https:\/\/www.itape.com\/de\/wp-json\/wp\/v2\/media?parent=48922"}],"wp:term":[{"taxonomy":"product_brand","embeddable":true,"href":"https:\/\/www.itape.com\/de\/wp-json\/wp\/v2\/product_brand?post=48922"},{"taxonomy":"product_cat","embeddable":true,"href":"https:\/\/www.itape.com\/de\/wp-json\/wp\/v2\/product_cat?post=48922"},{"taxonomy":"product_tag","embeddable":true,"href":"https:\/\/www.itape.com\/de\/wp-json\/wp\/v2\/product_tag?post=48922"},{"taxonomy":"associated_application","embeddable":true,"href":"https:\/\/www.itape.com\/de\/wp-json\/wp\/v2\/associated_application?post=48922"}],"curies":[{"name":"wp","href":"https:\/\/api.w.org\/{rel}","templated":true}]}}