{"id":48935,"date":"2023-01-12T14:33:31","date_gmt":"2023-01-12T14:33:31","guid":{"rendered":"https:\/\/www.itape.com\/product\/e-z-seal-pouches-de\/"},"modified":"2023-01-13T14:46:47","modified_gmt":"2023-01-13T14:46:47","slug":"e-z-seal-pouches-de","status":"publish","type":"product","link":"https:\/\/www.itape.com\/de\/product\/e-z-seal-pouches-de\/","title":{"rendered":"E-Z SEAL POUCHES"},"content":{"rendered":"<div class=\"prose\">E-Z Seal-Beutel<\/p>\n<p>E-Z Seal-Beutel bieten eine \u00fcberragende Bruchfestigkeit, halten Druck und missbr\u00e4uchlicher Behandlung stand und bieten gleichzeitig maximalen Schutz der Produkte. E-Z Seal-Beutel verf\u00fcgen \u00fcber ein hervorragendes Luftspeicherverm\u00f6gen, so dass die Luftpolster gef\u00fcllt bleiben und lang anhaltenden Schutz bieten. E-Z Seal-Beutel sind ideal f\u00fcr den Schutz von und den Kontakt mit Lebensmitteln geeignet.<\/p><\/div>\n","protected":false},"excerpt":{"rendered":"<p>E-Z Seal-Beutel bieten eine \u00fcberragende Bruchfestigkeit, halten Druck und missbr\u00e4uchlicher Behandlung stand und bieten gleichzeitig maximalen Schutz der Produkte. E-Z Seal-Beutel verf\u00fcgen \u00fcber ein hervorragendes Luftspeicherverm\u00f6gen, so dass die Luftpolster gef\u00fcllt bleiben und lang anhaltenden Schutz bieten. E-Z Seal-Beutel sind ideal f\u00fcr den Schutz von und den Kontakt mit Lebensmitteln geeignet.<\/p>\n","protected":false},"featured_media":62450,"comment_status":"closed","ping_status":"closed","template":"","meta":{"_acf_changed":false},"product_brand":[],"product_cat":[7813,7773,7059],"product_tag":[7156],"associated_application":[6975,6882,6886,6878,6879,6885,6974,6877,6893,6888,6881],"class_list":{"0":"post-48935","1":"product","2":"type-product","3":"status-publish","4":"has-post-thumbnail","6":"product_cat-schutzverpackungen-luftpolster-de","7":"product_cat-schutzverpackungen-de","8":"product_cat-protective-packaging-de","9":"product_tag-bubble-de","10":"associated_application-allgemeineverpackung-de-lebensmittelverarbeitung-de","11":"associated_application-e-commerce-de","12":"associated_application-fertigung-de","13":"associated_application-haushaltsgeraete-de","14":"associated_application-kfz-gewerbe-de","15":"associated_application-lebensmittelverarbeitung-de","16":"associated_application-lebensmittelverpackungen-de","17":"associated_application-luft-und-raumfahrt-de","18":"associated_application-transportwesen-de","19":"associated_application-umzug-und-lagerung-de","20":"associated_application-verbraucher-de","22":"first","23":"instock","24":"product-type-simple"},"acf":[],"yoast_head":"<!-- This site is optimized with the Yoast SEO Premium plugin v24.1 (Yoast SEO v27.0) - https:\/\/yoast.com\/product\/yoast-seo-premium-wordpress\/ -->\n<title>E-Z SEAL POUCHES - IPG<\/title>\n<meta name=\"robots\" content=\"index, follow, max-snippet:-1, max-image-preview:large, max-video-preview:-1\" \/>\n<link rel=\"canonical\" href=\"https:\/\/www.itape.com\/de\/product\/e-z-seal-pouches-de\/\" \/>\n<meta property=\"og:locale\" content=\"de_DE\" \/>\n<meta property=\"og:type\" content=\"article\" \/>\n<meta property=\"og:title\" content=\"E-Z SEAL POUCHES\" \/>\n<meta property=\"og:description\" content=\"E-Z Seal-Beutel bieten eine \u00fcberragende Bruchfestigkeit, halten Druck und missbr\u00e4uchlicher Behandlung stand und bieten gleichzeitig maximalen Schutz der Produkte. E-Z Seal-Beutel verf\u00fcgen \u00fcber ein hervorragendes Luftspeicherverm\u00f6gen, so dass die Luftpolster gef\u00fcllt bleiben und lang anhaltenden Schutz bieten. E-Z Seal-Beutel sind ideal f\u00fcr den Schutz von und den Kontakt mit Lebensmitteln geeignet.\" \/>\n<meta property=\"og:url\" content=\"https:\/\/www.itape.com\/de\/product\/e-z-seal-pouches-de\/\" \/>\n<meta property=\"og:site_name\" content=\"IPG\" \/>\n<meta property=\"article:publisher\" content=\"https:\/\/www.facebook.com\/intertape\" \/>\n<meta property=\"article:modified_time\" content=\"2023-01-13T14:46:47+00:00\" \/>\n<meta property=\"og:image\" content=\"https:\/\/www.itape.com\/wp-content\/uploads\/2023\/01\/EZ-Seal-bubble-pouch_Med.jpg\" \/>\n\t<meta property=\"og:image:width\" content=\"1200\" \/>\n\t<meta property=\"og:image:height\" content=\"1200\" \/>\n\t<meta property=\"og:image:type\" content=\"image\/jpeg\" \/>\n<meta name=\"twitter:card\" content=\"summary_large_image\" \/>\n<meta name=\"twitter:site\" content=\"@IPGtape\" \/>\n<meta name=\"twitter:label1\" content=\"Price\" \/>\n\t<meta name=\"twitter:data1\" content=\"\" \/>\n\t<meta name=\"twitter:label2\" content=\"Availability\" \/>\n\t<meta name=\"twitter:data2\" content=\"In stock\" \/>\n<script type=\"application\/ld+json\" class=\"yoast-schema-graph\">{\"@context\":\"https:\/\/schema.org\",\"@graph\":[{\"@type\":\"WebPage\",\"@id\":\"https:\/\/www.itape.com\/de\/product\/e-z-seal-pouches-de\/\",\"url\":\"https:\/\/www.itape.com\/de\/product\/e-z-seal-pouches-de\/\",\"name\":\"E-Z SEAL POUCHES - IPG\",\"isPartOf\":{\"@id\":\"https:\/\/www.itape.com\/#website\"},\"primaryImageOfPage\":{\"@id\":\"https:\/\/www.itape.com\/de\/product\/e-z-seal-pouches-de\/#primaryimage\"},\"image\":{\"@id\":\"https:\/\/www.itape.com\/de\/product\/e-z-seal-pouches-de\/#primaryimage\"},\"thumbnailUrl\":\"https:\/\/www.itape.com\/wp-content\/uploads\/2023\/01\/EZ-Seal-bubble-pouch_Med.jpg\",\"datePublished\":\"2023-01-12T14:33:31+00:00\",\"dateModified\":\"2023-01-13T14:46:47+00:00\",\"breadcrumb\":{\"@id\":\"https:\/\/www.itape.com\/de\/product\/e-z-seal-pouches-de\/#breadcrumb\"},\"inLanguage\":\"de-DE\",\"potentialAction\":[{\"@type\":\"ReadAction\",\"target\":[\"https:\/\/www.itape.com\/de\/product\/e-z-seal-pouches-de\/\"]}]},{\"@type\":\"ImageObject\",\"inLanguage\":\"de-DE\",\"@id\":\"https:\/\/www.itape.com\/de\/product\/e-z-seal-pouches-de\/#primaryimage\",\"url\":\"https:\/\/www.itape.com\/wp-content\/uploads\/2023\/01\/EZ-Seal-bubble-pouch_Med.jpg\",\"contentUrl\":\"https:\/\/www.itape.com\/wp-content\/uploads\/2023\/01\/EZ-Seal-bubble-pouch_Med.jpg\",\"width\":1200,\"height\":1200,\"caption\":\"IPG EZ Seal Bubble Pouch\"},{\"@type\":\"BreadcrumbList\",\"@id\":\"https:\/\/www.itape.com\/de\/product\/e-z-seal-pouches-de\/#breadcrumb\",\"itemListElement\":[{\"@type\":\"ListItem\",\"position\":1,\"name\":\"Home\",\"item\":\"https:\/\/www.itape.com\/de\/\"},{\"@type\":\"ListItem\",\"position\":2,\"name\":\"Products\",\"item\":\"https:\/\/www.itape.com\/products\/\"},{\"@type\":\"ListItem\",\"position\":3,\"name\":\"E-Z SEAL POUCHES\"}]},{\"@type\":\"WebSite\",\"@id\":\"https:\/\/www.itape.com\/#website\",\"url\":\"https:\/\/www.itape.com\/\",\"name\":\"IPG\",\"description\":\"Global Leader in Packaging and Protective Solutions\",\"publisher\":{\"@id\":\"https:\/\/www.itape.com\/#organization\"},\"potentialAction\":[{\"@type\":\"SearchAction\",\"target\":{\"@type\":\"EntryPoint\",\"urlTemplate\":\"https:\/\/www.itape.com\/?s={search_term_string}\"},\"query-input\":{\"@type\":\"PropertyValueSpecification\",\"valueRequired\":true,\"valueName\":\"search_term_string\"}}],\"inLanguage\":\"de-DE\"},{\"@type\":\"Organization\",\"@id\":\"https:\/\/www.itape.com\/#organization\",\"name\":\"IPG\",\"url\":\"https:\/\/www.itape.com\/\",\"logo\":{\"@type\":\"ImageObject\",\"inLanguage\":\"de-DE\",\"@id\":\"https:\/\/www.itape.com\/#\/schema\/logo\/image\/\",\"url\":\"https:\/\/www.itape.com\/wp-content\/uploads\/2024\/06\/IPG-logo-2.png\",\"contentUrl\":\"https:\/\/www.itape.com\/wp-content\/uploads\/2024\/06\/IPG-logo-2.png\",\"width\":60,\"height\":60,\"caption\":\"IPG\"},\"image\":{\"@id\":\"https:\/\/www.itape.com\/#\/schema\/logo\/image\/\"},\"sameAs\":[\"https:\/\/www.facebook.com\/intertape\",\"https:\/\/x.com\/IPGtape\",\"https:\/\/www.linkedin.com\/company\/intertape-polymer-group\",\"https:\/\/www.instagram.com\/ipgtape\",\"https:\/\/www.youtube.com\/user\/IPGtape\"]}]}<\/script>\n<meta property=\"product:price:currency\" content=\"USD\" \/>\n<meta property=\"og:availability\" content=\"instock\" \/>\n<meta property=\"product:availability\" content=\"instock\" \/>\n<meta property=\"product:retailer_item_id\" content=\"07f88635fb5f\" \/>\n<meta property=\"product:condition\" content=\"new\" \/>\n<!-- \/ Yoast SEO Premium plugin. -->","yoast_head_json":{"title":"E-Z SEAL POUCHES - IPG","robots":{"index":"index","follow":"follow","max-snippet":"max-snippet:-1","max-image-preview":"max-image-preview:large","max-video-preview":"max-video-preview:-1"},"canonical":"https:\/\/www.itape.com\/de\/product\/e-z-seal-pouches-de\/","og_locale":"de_DE","og_type":"article","og_title":"E-Z SEAL POUCHES","og_description":"E-Z Seal-Beutel bieten eine \u00fcberragende Bruchfestigkeit, halten Druck und missbr\u00e4uchlicher Behandlung stand und bieten gleichzeitig maximalen Schutz der Produkte. E-Z Seal-Beutel verf\u00fcgen \u00fcber ein hervorragendes Luftspeicherverm\u00f6gen, so dass die Luftpolster gef\u00fcllt bleiben und lang anhaltenden Schutz bieten. E-Z Seal-Beutel sind ideal f\u00fcr den Schutz von und den Kontakt mit Lebensmitteln geeignet.","og_url":"https:\/\/www.itape.com\/de\/product\/e-z-seal-pouches-de\/","og_site_name":"IPG","article_publisher":"https:\/\/www.facebook.com\/intertape","article_modified_time":"2023-01-13T14:46:47+00:00","og_image":[{"width":1200,"height":1200,"url":"https:\/\/www.itape.com\/wp-content\/uploads\/2023\/01\/EZ-Seal-bubble-pouch_Med.jpg","type":"image\/jpeg"}],"twitter_card":"summary_large_image","twitter_site":"@IPGtape","twitter_misc":{"Price":"","Availability":"In stock"},"schema":{"@context":"https:\/\/schema.org","@graph":[{"@type":"WebPage","@id":"https:\/\/www.itape.com\/de\/product\/e-z-seal-pouches-de\/","url":"https:\/\/www.itape.com\/de\/product\/e-z-seal-pouches-de\/","name":"E-Z SEAL POUCHES - IPG","isPartOf":{"@id":"https:\/\/www.itape.com\/#website"},"primaryImageOfPage":{"@id":"https:\/\/www.itape.com\/de\/product\/e-z-seal-pouches-de\/#primaryimage"},"image":{"@id":"https:\/\/www.itape.com\/de\/product\/e-z-seal-pouches-de\/#primaryimage"},"thumbnailUrl":"https:\/\/www.itape.com\/wp-content\/uploads\/2023\/01\/EZ-Seal-bubble-pouch_Med.jpg","datePublished":"2023-01-12T14:33:31+00:00","dateModified":"2023-01-13T14:46:47+00:00","breadcrumb":{"@id":"https:\/\/www.itape.com\/de\/product\/e-z-seal-pouches-de\/#breadcrumb"},"inLanguage":"de-DE","potentialAction":[{"@type":"ReadAction","target":["https:\/\/www.itape.com\/de\/product\/e-z-seal-pouches-de\/"]}]},{"@type":"ImageObject","inLanguage":"de-DE","@id":"https:\/\/www.itape.com\/de\/product\/e-z-seal-pouches-de\/#primaryimage","url":"https:\/\/www.itape.com\/wp-content\/uploads\/2023\/01\/EZ-Seal-bubble-pouch_Med.jpg","contentUrl":"https:\/\/www.itape.com\/wp-content\/uploads\/2023\/01\/EZ-Seal-bubble-pouch_Med.jpg","width":1200,"height":1200,"caption":"IPG EZ Seal Bubble Pouch"},{"@type":"BreadcrumbList","@id":"https:\/\/www.itape.com\/de\/product\/e-z-seal-pouches-de\/#breadcrumb","itemListElement":[{"@type":"ListItem","position":1,"name":"Home","item":"https:\/\/www.itape.com\/de\/"},{"@type":"ListItem","position":2,"name":"Products","item":"https:\/\/www.itape.com\/products\/"},{"@type":"ListItem","position":3,"name":"E-Z SEAL POUCHES"}]},{"@type":"WebSite","@id":"https:\/\/www.itape.com\/#website","url":"https:\/\/www.itape.com\/","name":"IPG","description":"Global Leader in Packaging and Protective Solutions","publisher":{"@id":"https:\/\/www.itape.com\/#organization"},"potentialAction":[{"@type":"SearchAction","target":{"@type":"EntryPoint","urlTemplate":"https:\/\/www.itape.com\/?s={search_term_string}"},"query-input":{"@type":"PropertyValueSpecification","valueRequired":true,"valueName":"search_term_string"}}],"inLanguage":"de-DE"},{"@type":"Organization","@id":"https:\/\/www.itape.com\/#organization","name":"IPG","url":"https:\/\/www.itape.com\/","logo":{"@type":"ImageObject","inLanguage":"de-DE","@id":"https:\/\/www.itape.com\/#\/schema\/logo\/image\/","url":"https:\/\/www.itape.com\/wp-content\/uploads\/2024\/06\/IPG-logo-2.png","contentUrl":"https:\/\/www.itape.com\/wp-content\/uploads\/2024\/06\/IPG-logo-2.png","width":60,"height":60,"caption":"IPG"},"image":{"@id":"https:\/\/www.itape.com\/#\/schema\/logo\/image\/"},"sameAs":["https:\/\/www.facebook.com\/intertape","https:\/\/x.com\/IPGtape","https:\/\/www.linkedin.com\/company\/intertape-polymer-group","https:\/\/www.instagram.com\/ipgtape","https:\/\/www.youtube.com\/user\/IPGtape"]}]},"product_price_currency":"USD","og_availability":"instock","product_availability":"instock","product_retailer_item_id":"07f88635fb5f","product_condition":"new"},"parsely":{"version":"1.1.0","canonical_url":"https:\/\/itape.com\/de\/product\/e-z-seal-pouches-de\/","smart_links":{"inbound":0,"outbound":0},"traffic_boost_suggestions_count":0,"meta":{"@context":"https:\/\/schema.org","@type":"WebPage","headline":"E-Z SEAL POUCHES","url":"https:\/\/www.itape.com\/de\/product\/e-z-seal-pouches-de\/","mainEntityOfPage":{"@type":"WebPage","@id":"https:\/\/www.itape.com\/de\/product\/e-z-seal-pouches-de\/"},"thumbnailUrl":"https:\/\/www.itape.com\/wp-content\/uploads\/2023\/01\/EZ-Seal-bubble-pouch_Med.jpg?w=150&h=150&crop=1","image":{"@type":"ImageObject","url":"https:\/\/www.itape.com\/wp-content\/uploads\/2023\/01\/EZ-Seal-bubble-pouch_Med.jpg"},"articleSection":"Unkategorisiert","author":[{"@type":"Person","name":"IPG"}],"creator":["IPG"],"publisher":{"@type":"Organization","name":"IPG","logo":"https:\/\/www.itape.com\/wp-content\/uploads\/2023\/03\/IPG-logo-2.png"},"keywords":[],"dateCreated":"2023-01-12T14:33:31Z","datePublished":"2023-01-12T14:33:31Z","dateModified":"2023-01-13T14:46:47Z"},"rendered":"<meta name=\"parsely-title\" content=\"E-Z SEAL POUCHES\" \/>\n<meta name=\"parsely-link\" content=\"https:\/\/www.itape.com\/de\/product\/e-z-seal-pouches-de\/\" \/>\n<meta name=\"parsely-type\" content=\"index\" \/>\n<meta name=\"parsely-image-url\" content=\"https:\/\/www.itape.com\/wp-content\/uploads\/2023\/01\/EZ-Seal-bubble-pouch_Med.jpg?w=150&amp;h=150&amp;crop=1\" \/>\n<meta name=\"parsely-pub-date\" content=\"2023-01-12T14:33:31Z\" \/>\n<meta name=\"parsely-section\" content=\"Unkategorisiert\" \/>\n<meta name=\"parsely-author\" content=\"IPG\" \/>","tracker_url":"https:\/\/cdn.parsely.com\/keys\/itape.com\/p.js"},"jetpack_sharing_enabled":true,"_links":{"self":[{"href":"https:\/\/www.itape.com\/de\/wp-json\/wp\/v2\/product\/48935","targetHints":{"allow":["GET"]}}],"collection":[{"href":"https:\/\/www.itape.com\/de\/wp-json\/wp\/v2\/product"}],"about":[{"href":"https:\/\/www.itape.com\/de\/wp-json\/wp\/v2\/types\/product"}],"replies":[{"embeddable":true,"href":"https:\/\/www.itape.com\/de\/wp-json\/wp\/v2\/comments?post=48935"}],"wp:featuredmedia":[{"embeddable":true,"href":"https:\/\/www.itape.com\/de\/wp-json\/wp\/v2\/media\/62450"}],"wp:attachment":[{"href":"https:\/\/www.itape.com\/de\/wp-json\/wp\/v2\/media?parent=48935"}],"wp:term":[{"taxonomy":"product_brand","embeddable":true,"href":"https:\/\/www.itape.com\/de\/wp-json\/wp\/v2\/product_brand?post=48935"},{"taxonomy":"product_cat","embeddable":true,"href":"https:\/\/www.itape.com\/de\/wp-json\/wp\/v2\/product_cat?post=48935"},{"taxonomy":"product_tag","embeddable":true,"href":"https:\/\/www.itape.com\/de\/wp-json\/wp\/v2\/product_tag?post=48935"},{"taxonomy":"associated_application","embeddable":true,"href":"https:\/\/www.itape.com\/de\/wp-json\/wp\/v2\/associated_application?post=48935"}],"curies":[{"name":"wp","href":"https:\/\/api.w.org\/{rel}","templated":true}]}}