{"id":48957,"date":"2023-01-12T14:33:43","date_gmt":"2023-01-12T14:33:43","guid":{"rendered":"https:\/\/www.itape.com\/product\/mastic-foil-tape-de\/"},"modified":"2023-04-27T16:47:12","modified_gmt":"2023-04-27T16:47:12","slug":"mastic-foil-tape-de","status":"publish","type":"product","link":"https:\/\/www.itape.com\/de\/product\/mastic-foil-tape-de\/","title":{"rendered":"Mastic Foil Tape"},"content":{"rendered":"","protected":false},"excerpt":{"rendered":"<p>Spezial-Butylmastixfolienband mit hoher Klebkraft, VOC-armes 432\u00a0\u03bcm Aluminium-\u201eMastix\u201c-Folienband, beschichtet mit einem druckempfindlichen modifizierten Butylgummiklebstoff. Bietet sofortigen wasserdichten Halt auf einer Vielzahl von Oberfl\u00e4chen und vollst\u00e4ndige Haftung innerhalb von 24 Stunden. Erm\u00f6glicht eine freigebende Deckung f\u00fcr Benutzerfreundlichkeit und besitzt hervorragende Flexibilit\u00e4t ohne Rissbildung. ALF-Mastix ist ein LEED-Punktspender. Hochgradig best\u00e4ndig gegen Einwirkungen des Wetters, der UV-Strahlung, Temperatur und Schimmel. Lackierbar.<\/p>\n","protected":false},"featured_media":52708,"comment_status":"closed","ping_status":"closed","template":"","meta":{"_acf_changed":false},"product_brand":[],"product_cat":[7785,7806,8029,7768,7771],"product_tag":[7160,7080],"associated_application":[7012,7022,6929,6880,6890,6881],"class_list":{"0":"post-48957","1":"product","2":"type-product","3":"status-publish","4":"has-post-thumbnail","6":"product_cat-building-and-construction-products-aluminium-klebeband-de","7":"product_cat-industrial-tapes-aluminium-klebeband-de","8":"product_cat-retail-specialty-construction-hvac-de","9":"product_cat-building-and-construction-products-de","10":"product_cat-industrial-tapes-de","11":"product_tag-building-construction-de","12":"product_tag-specialty-de","13":"associated_application-allgemeine-anwendungen-de","14":"associated_application-baugewerbe-de-2","15":"associated_application-baugewerbe-de","16":"associated_application-bauwesen-de","17":"associated_application-schifffahrt-und-verbundwerkstoffe-de","18":"associated_application-verbraucher-de","20":"first","21":"instock","22":"product-type-simple"},"acf":[],"yoast_head":"<!-- This site is optimized with the Yoast SEO Premium plugin v24.1 (Yoast SEO v27.0) - https:\/\/yoast.com\/product\/yoast-seo-premium-wordpress\/ -->\n<title>Mastic Foil Tape - IPG<\/title>\n<meta name=\"robots\" content=\"index, follow, max-snippet:-1, max-image-preview:large, max-video-preview:-1\" \/>\n<link rel=\"canonical\" href=\"https:\/\/www.itape.com\/de\/product\/mastic-foil-tape-de\/\" \/>\n<meta property=\"og:locale\" content=\"de_DE\" \/>\n<meta property=\"og:type\" content=\"article\" \/>\n<meta property=\"og:title\" content=\"Mastic Foil Tape\" \/>\n<meta property=\"og:description\" content=\"Spezial-Butylmastixfolienband mit hoher Klebkraft, VOC-armes 432\u00a0\u03bcm Aluminium-\u201eMastix\u201c-Folienband, beschichtet mit einem druckempfindlichen modifizierten Butylgummiklebstoff. Bietet sofortigen wasserdichten Halt auf einer Vielzahl von Oberfl\u00e4chen und vollst\u00e4ndige Haftung innerhalb von 24 Stunden. Erm\u00f6glicht eine freigebende Deckung f\u00fcr Benutzerfreundlichkeit und besitzt hervorragende Flexibilit\u00e4t ohne Rissbildung. ALF-Mastix ist ein LEED-Punktspender. Hochgradig best\u00e4ndig gegen Einwirkungen des Wetters, der UV-Strahlung, Temperatur und Schimmel. Lackierbar.\" \/>\n<meta property=\"og:url\" content=\"https:\/\/www.itape.com\/de\/product\/mastic-foil-tape-de\/\" \/>\n<meta property=\"og:site_name\" content=\"IPG\" \/>\n<meta property=\"article:publisher\" content=\"https:\/\/www.facebook.com\/intertape\" \/>\n<meta property=\"article:modified_time\" content=\"2023-04-27T16:47:12+00:00\" \/>\n<meta property=\"og:image\" content=\"https:\/\/www.itape.com\/wp-content\/uploads\/2023\/01\/ALF_MASTIC_high.jpg\" \/>\n\t<meta property=\"og:image:width\" content=\"2400\" \/>\n\t<meta property=\"og:image:height\" content=\"2400\" \/>\n\t<meta property=\"og:image:type\" content=\"image\/jpeg\" \/>\n<meta name=\"twitter:card\" content=\"summary_large_image\" \/>\n<meta name=\"twitter:site\" content=\"@IPGtape\" \/>\n<meta name=\"twitter:label1\" content=\"Price\" \/>\n\t<meta name=\"twitter:data1\" content=\"\" \/>\n\t<meta name=\"twitter:label2\" content=\"Availability\" \/>\n\t<meta name=\"twitter:data2\" content=\"In stock\" \/>\n<script type=\"application\/ld+json\" class=\"yoast-schema-graph\">{\"@context\":\"https:\/\/schema.org\",\"@graph\":[{\"@type\":\"WebPage\",\"@id\":\"https:\/\/www.itape.com\/de\/product\/mastic-foil-tape-de\/\",\"url\":\"https:\/\/www.itape.com\/de\/product\/mastic-foil-tape-de\/\",\"name\":\"Mastic Foil Tape - IPG\",\"isPartOf\":{\"@id\":\"https:\/\/www.itape.com\/#website\"},\"primaryImageOfPage\":{\"@id\":\"https:\/\/www.itape.com\/de\/product\/mastic-foil-tape-de\/#primaryimage\"},\"image\":{\"@id\":\"https:\/\/www.itape.com\/de\/product\/mastic-foil-tape-de\/#primaryimage\"},\"thumbnailUrl\":\"https:\/\/www.itape.com\/wp-content\/uploads\/2023\/01\/ALF_MASTIC_high.jpg\",\"datePublished\":\"2023-01-12T14:33:43+00:00\",\"dateModified\":\"2023-04-27T16:47:12+00:00\",\"breadcrumb\":{\"@id\":\"https:\/\/www.itape.com\/de\/product\/mastic-foil-tape-de\/#breadcrumb\"},\"inLanguage\":\"de-DE\",\"potentialAction\":[{\"@type\":\"ReadAction\",\"target\":[\"https:\/\/www.itape.com\/de\/product\/mastic-foil-tape-de\/\"]}]},{\"@type\":\"ImageObject\",\"inLanguage\":\"de-DE\",\"@id\":\"https:\/\/www.itape.com\/de\/product\/mastic-foil-tape-de\/#primaryimage\",\"url\":\"https:\/\/www.itape.com\/wp-content\/uploads\/2023\/01\/ALF_MASTIC_high.jpg\",\"contentUrl\":\"https:\/\/www.itape.com\/wp-content\/uploads\/2023\/01\/ALF_MASTIC_high.jpg\",\"width\":2400,\"height\":2400,\"caption\":\"ALF_MASTIC_Foil\"},{\"@type\":\"BreadcrumbList\",\"@id\":\"https:\/\/www.itape.com\/de\/product\/mastic-foil-tape-de\/#breadcrumb\",\"itemListElement\":[{\"@type\":\"ListItem\",\"position\":1,\"name\":\"Home\",\"item\":\"https:\/\/www.itape.com\/de\/\"},{\"@type\":\"ListItem\",\"position\":2,\"name\":\"Products\",\"item\":\"https:\/\/www.itape.com\/products\/\"},{\"@type\":\"ListItem\",\"position\":3,\"name\":\"Mastic Foil Tape\"}]},{\"@type\":\"WebSite\",\"@id\":\"https:\/\/www.itape.com\/#website\",\"url\":\"https:\/\/www.itape.com\/\",\"name\":\"IPG\",\"description\":\"Global Leader in Packaging and Protective Solutions\",\"publisher\":{\"@id\":\"https:\/\/www.itape.com\/#organization\"},\"potentialAction\":[{\"@type\":\"SearchAction\",\"target\":{\"@type\":\"EntryPoint\",\"urlTemplate\":\"https:\/\/www.itape.com\/?s={search_term_string}\"},\"query-input\":{\"@type\":\"PropertyValueSpecification\",\"valueRequired\":true,\"valueName\":\"search_term_string\"}}],\"inLanguage\":\"de-DE\"},{\"@type\":\"Organization\",\"@id\":\"https:\/\/www.itape.com\/#organization\",\"name\":\"IPG\",\"url\":\"https:\/\/www.itape.com\/\",\"logo\":{\"@type\":\"ImageObject\",\"inLanguage\":\"de-DE\",\"@id\":\"https:\/\/www.itape.com\/#\/schema\/logo\/image\/\",\"url\":\"https:\/\/www.itape.com\/wp-content\/uploads\/2024\/06\/IPG-logo-2.png\",\"contentUrl\":\"https:\/\/www.itape.com\/wp-content\/uploads\/2024\/06\/IPG-logo-2.png\",\"width\":60,\"height\":60,\"caption\":\"IPG\"},\"image\":{\"@id\":\"https:\/\/www.itape.com\/#\/schema\/logo\/image\/\"},\"sameAs\":[\"https:\/\/www.facebook.com\/intertape\",\"https:\/\/x.com\/IPGtape\",\"https:\/\/www.linkedin.com\/company\/intertape-polymer-group\",\"https:\/\/www.instagram.com\/ipgtape\",\"https:\/\/www.youtube.com\/user\/IPGtape\"]}]}<\/script>\n<meta property=\"product:price:currency\" content=\"USD\" \/>\n<meta property=\"og:availability\" content=\"instock\" \/>\n<meta property=\"product:availability\" content=\"instock\" \/>\n<meta property=\"product:retailer_item_id\" content=\"e1fc7a3edf88\" \/>\n<meta property=\"product:condition\" content=\"new\" \/>\n<!-- \/ Yoast SEO Premium plugin. -->","yoast_head_json":{"title":"Mastic Foil Tape - IPG","robots":{"index":"index","follow":"follow","max-snippet":"max-snippet:-1","max-image-preview":"max-image-preview:large","max-video-preview":"max-video-preview:-1"},"canonical":"https:\/\/www.itape.com\/de\/product\/mastic-foil-tape-de\/","og_locale":"de_DE","og_type":"article","og_title":"Mastic Foil Tape","og_description":"Spezial-Butylmastixfolienband mit hoher Klebkraft, VOC-armes 432\u00a0\u03bcm Aluminium-\u201eMastix\u201c-Folienband, beschichtet mit einem druckempfindlichen modifizierten Butylgummiklebstoff. Bietet sofortigen wasserdichten Halt auf einer Vielzahl von Oberfl\u00e4chen und vollst\u00e4ndige Haftung innerhalb von 24 Stunden. Erm\u00f6glicht eine freigebende Deckung f\u00fcr Benutzerfreundlichkeit und besitzt hervorragende Flexibilit\u00e4t ohne Rissbildung. ALF-Mastix ist ein LEED-Punktspender. Hochgradig best\u00e4ndig gegen Einwirkungen des Wetters, der UV-Strahlung, Temperatur und Schimmel. Lackierbar.","og_url":"https:\/\/www.itape.com\/de\/product\/mastic-foil-tape-de\/","og_site_name":"IPG","article_publisher":"https:\/\/www.facebook.com\/intertape","article_modified_time":"2023-04-27T16:47:12+00:00","og_image":[{"width":2400,"height":2400,"url":"https:\/\/www.itape.com\/wp-content\/uploads\/2023\/01\/ALF_MASTIC_high.jpg","type":"image\/jpeg"}],"twitter_card":"summary_large_image","twitter_site":"@IPGtape","twitter_misc":{"Price":"","Availability":"In stock"},"schema":{"@context":"https:\/\/schema.org","@graph":[{"@type":"WebPage","@id":"https:\/\/www.itape.com\/de\/product\/mastic-foil-tape-de\/","url":"https:\/\/www.itape.com\/de\/product\/mastic-foil-tape-de\/","name":"Mastic Foil Tape - IPG","isPartOf":{"@id":"https:\/\/www.itape.com\/#website"},"primaryImageOfPage":{"@id":"https:\/\/www.itape.com\/de\/product\/mastic-foil-tape-de\/#primaryimage"},"image":{"@id":"https:\/\/www.itape.com\/de\/product\/mastic-foil-tape-de\/#primaryimage"},"thumbnailUrl":"https:\/\/www.itape.com\/wp-content\/uploads\/2023\/01\/ALF_MASTIC_high.jpg","datePublished":"2023-01-12T14:33:43+00:00","dateModified":"2023-04-27T16:47:12+00:00","breadcrumb":{"@id":"https:\/\/www.itape.com\/de\/product\/mastic-foil-tape-de\/#breadcrumb"},"inLanguage":"de-DE","potentialAction":[{"@type":"ReadAction","target":["https:\/\/www.itape.com\/de\/product\/mastic-foil-tape-de\/"]}]},{"@type":"ImageObject","inLanguage":"de-DE","@id":"https:\/\/www.itape.com\/de\/product\/mastic-foil-tape-de\/#primaryimage","url":"https:\/\/www.itape.com\/wp-content\/uploads\/2023\/01\/ALF_MASTIC_high.jpg","contentUrl":"https:\/\/www.itape.com\/wp-content\/uploads\/2023\/01\/ALF_MASTIC_high.jpg","width":2400,"height":2400,"caption":"ALF_MASTIC_Foil"},{"@type":"BreadcrumbList","@id":"https:\/\/www.itape.com\/de\/product\/mastic-foil-tape-de\/#breadcrumb","itemListElement":[{"@type":"ListItem","position":1,"name":"Home","item":"https:\/\/www.itape.com\/de\/"},{"@type":"ListItem","position":2,"name":"Products","item":"https:\/\/www.itape.com\/products\/"},{"@type":"ListItem","position":3,"name":"Mastic Foil Tape"}]},{"@type":"WebSite","@id":"https:\/\/www.itape.com\/#website","url":"https:\/\/www.itape.com\/","name":"IPG","description":"Global Leader in Packaging and Protective Solutions","publisher":{"@id":"https:\/\/www.itape.com\/#organization"},"potentialAction":[{"@type":"SearchAction","target":{"@type":"EntryPoint","urlTemplate":"https:\/\/www.itape.com\/?s={search_term_string}"},"query-input":{"@type":"PropertyValueSpecification","valueRequired":true,"valueName":"search_term_string"}}],"inLanguage":"de-DE"},{"@type":"Organization","@id":"https:\/\/www.itape.com\/#organization","name":"IPG","url":"https:\/\/www.itape.com\/","logo":{"@type":"ImageObject","inLanguage":"de-DE","@id":"https:\/\/www.itape.com\/#\/schema\/logo\/image\/","url":"https:\/\/www.itape.com\/wp-content\/uploads\/2024\/06\/IPG-logo-2.png","contentUrl":"https:\/\/www.itape.com\/wp-content\/uploads\/2024\/06\/IPG-logo-2.png","width":60,"height":60,"caption":"IPG"},"image":{"@id":"https:\/\/www.itape.com\/#\/schema\/logo\/image\/"},"sameAs":["https:\/\/www.facebook.com\/intertape","https:\/\/x.com\/IPGtape","https:\/\/www.linkedin.com\/company\/intertape-polymer-group","https:\/\/www.instagram.com\/ipgtape","https:\/\/www.youtube.com\/user\/IPGtape"]}]},"product_price_currency":"USD","og_availability":"instock","product_availability":"instock","product_retailer_item_id":"e1fc7a3edf88","product_condition":"new"},"parsely":{"version":"1.1.0","canonical_url":"https:\/\/itape.com\/de\/product\/mastic-foil-tape-de\/","smart_links":{"inbound":0,"outbound":0},"traffic_boost_suggestions_count":0,"meta":{"@context":"https:\/\/schema.org","@type":"WebPage","headline":"Mastic Foil Tape","url":"https:\/\/www.itape.com\/de\/product\/mastic-foil-tape-de\/","mainEntityOfPage":{"@type":"WebPage","@id":"https:\/\/www.itape.com\/de\/product\/mastic-foil-tape-de\/"},"thumbnailUrl":"https:\/\/www.itape.com\/wp-content\/uploads\/2023\/01\/ALF_MASTIC_high.jpg?w=150&h=150&crop=1","image":{"@type":"ImageObject","url":"https:\/\/www.itape.com\/wp-content\/uploads\/2023\/01\/ALF_MASTIC_high.jpg"},"articleSection":"Unkategorisiert","author":[{"@type":"Person","name":"IPG"}],"creator":["IPG"],"publisher":{"@type":"Organization","name":"IPG","logo":"https:\/\/www.itape.com\/wp-content\/uploads\/2023\/03\/IPG-logo-2.png"},"keywords":[],"dateCreated":"2023-01-12T14:33:43Z","datePublished":"2023-01-12T14:33:43Z","dateModified":"2023-04-27T16:47:12Z"},"rendered":"<meta name=\"parsely-title\" content=\"Mastic Foil Tape\" \/>\n<meta name=\"parsely-link\" content=\"https:\/\/www.itape.com\/de\/product\/mastic-foil-tape-de\/\" \/>\n<meta name=\"parsely-type\" content=\"index\" \/>\n<meta name=\"parsely-image-url\" content=\"https:\/\/www.itape.com\/wp-content\/uploads\/2023\/01\/ALF_MASTIC_high.jpg?w=150&amp;h=150&amp;crop=1\" \/>\n<meta name=\"parsely-pub-date\" content=\"2023-01-12T14:33:43Z\" \/>\n<meta name=\"parsely-section\" content=\"Unkategorisiert\" \/>\n<meta name=\"parsely-author\" content=\"IPG\" \/>","tracker_url":"https:\/\/cdn.parsely.com\/keys\/itape.com\/p.js"},"jetpack_sharing_enabled":true,"_links":{"self":[{"href":"https:\/\/www.itape.com\/de\/wp-json\/wp\/v2\/product\/48957","targetHints":{"allow":["GET"]}}],"collection":[{"href":"https:\/\/www.itape.com\/de\/wp-json\/wp\/v2\/product"}],"about":[{"href":"https:\/\/www.itape.com\/de\/wp-json\/wp\/v2\/types\/product"}],"replies":[{"embeddable":true,"href":"https:\/\/www.itape.com\/de\/wp-json\/wp\/v2\/comments?post=48957"}],"wp:featuredmedia":[{"embeddable":true,"href":"https:\/\/www.itape.com\/de\/wp-json\/wp\/v2\/media\/52708"}],"wp:attachment":[{"href":"https:\/\/www.itape.com\/de\/wp-json\/wp\/v2\/media?parent=48957"}],"wp:term":[{"taxonomy":"product_brand","embeddable":true,"href":"https:\/\/www.itape.com\/de\/wp-json\/wp\/v2\/product_brand?post=48957"},{"taxonomy":"product_cat","embeddable":true,"href":"https:\/\/www.itape.com\/de\/wp-json\/wp\/v2\/product_cat?post=48957"},{"taxonomy":"product_tag","embeddable":true,"href":"https:\/\/www.itape.com\/de\/wp-json\/wp\/v2\/product_tag?post=48957"},{"taxonomy":"associated_application","embeddable":true,"href":"https:\/\/www.itape.com\/de\/wp-json\/wp\/v2\/associated_application?post=48957"}],"curies":[{"name":"wp","href":"https:\/\/api.w.org\/{rel}","templated":true}]}}