{"id":48959,"date":"2023-01-12T14:33:43","date_gmt":"2023-01-12T14:33:43","guid":{"rendered":"https:\/\/www.itape.com\/product\/ul181-aluminum-foil-tape-de\/"},"modified":"2023-04-27T16:51:12","modified_gmt":"2023-04-27T16:51:12","slug":"ul181-aluminum-foil-tape-de","status":"publish","type":"product","link":"https:\/\/www.itape.com\/de\/product\/ul181-aluminum-foil-tape-de\/","title":{"rendered":"UL181 Aluminum Foil Tape"},"content":{"rendered":"<div class=\"prose\">UL181 Aluminiumfolienband<\/p>\n<p>Konzipiert und entwickelt zur Einhaltung der Normen UL 181A-P und UL 181B-FX (rot bedruckt f\u00fcr einfache Identifizierung\/Inspektion). Geeignet f\u00fcr allgemeine Einfassung, zum Verschwei\u00dfen und Abdichten von Glasfaserrohrkan\u00e4len und Rohrumh\u00fcllungen zur Verbesserung des Aussehens und zur Erhaltung der Dampfsperrintegrit\u00e4t. Der aggressive druckempfindliche Acrylklebstoff bietet dauerhafte Haftung auf sauberen\/trockenen Oberfl\u00e4chen. Flammhemmend, hohe Scherfestigkeit, UV-best\u00e4ndig und schimmelresistent.  Hervorragende Reflektionseigenschaften (z.\u00a0B. Hitze, Licht). Hervorragende Verbindung auch bei Minus- oder erh\u00f6hten Temperaturen.  Einseitig gestrichenes Abl\u00f6sekraftpapier. 50,8 \u03bcm mit Abdeckung.<\/p><\/div>\n","protected":false},"excerpt":{"rendered":"<p>Konzipiert und entwickelt zur Einhaltung der Normen UL 181A-P und UL 181B-FX (rot bedruckt f\u00fcr einfache Identifizierung\/Inspektion). Geeignet f\u00fcr allgemeine Einfassung, zum Verschwei\u00dfen und Abdichten von Glasfaserrohrkan\u00e4len und Rohrumh\u00fcllungen zur Verbesserung des Aussehens und zur Erhaltung der Dampfsperrintegrit\u00e4t. Der aggressive druckempfindliche Acrylklebstoff bietet dauerhafte Haftung auf sauberen\/trockenen Oberfl\u00e4chen. Flammhemmend, hohe Scherfestigkeit, UV-best\u00e4ndig und schimmelresistent.  Hervorragende Reflektionseigenschaften (z.\u00a0B. Hitze, Licht). Hervorragende Verbindung auch bei Minus- oder erh\u00f6hten Temperaturen.  Einseitig gestrichenes Abl\u00f6sekraftpapier. 50,8 \u03bcm mit Abdeckung.<\/p>\n","protected":false},"featured_media":62157,"comment_status":"closed","ping_status":"closed","template":"","meta":{"_acf_changed":false},"product_brand":[],"product_cat":[8029],"product_tag":[7160],"associated_application":[6929],"class_list":{"0":"post-48959","1":"product","2":"type-product","3":"status-publish","4":"has-post-thumbnail","6":"product_cat-retail-specialty-construction-hvac-de","7":"product_tag-building-construction-de","8":"associated_application-baugewerbe-de","10":"first","11":"instock","12":"product-type-simple"},"acf":[],"yoast_head":"<!-- This site is optimized with the Yoast SEO Premium plugin v24.1 (Yoast SEO v27.0) - https:\/\/yoast.com\/product\/yoast-seo-premium-wordpress\/ -->\n<title>UL181 Aluminum Foil Tape - IPG<\/title>\n<meta name=\"robots\" content=\"index, follow, max-snippet:-1, max-image-preview:large, max-video-preview:-1\" \/>\n<link rel=\"canonical\" href=\"https:\/\/www.itape.com\/de\/product\/ul181-aluminum-foil-tape-de\/\" \/>\n<meta property=\"og:locale\" content=\"de_DE\" \/>\n<meta property=\"og:type\" content=\"article\" \/>\n<meta property=\"og:title\" content=\"UL181 Aluminum Foil Tape\" \/>\n<meta property=\"og:description\" content=\"Konzipiert und entwickelt zur Einhaltung der Normen UL 181A-P und UL 181B-FX (rot bedruckt f\u00fcr einfache Identifizierung\/Inspektion). Geeignet f\u00fcr allgemeine Einfassung, zum Verschwei\u00dfen und Abdichten von Glasfaserrohrkan\u00e4len und Rohrumh\u00fcllungen zur Verbesserung des Aussehens und zur Erhaltung der Dampfsperrintegrit\u00e4t. Der aggressive druckempfindliche Acrylklebstoff bietet dauerhafte Haftung auf sauberen\/trockenen Oberfl\u00e4chen. Flammhemmend, hohe Scherfestigkeit, UV-best\u00e4ndig und schimmelresistent. Hervorragende Reflektionseigenschaften (z.\u00a0B. Hitze, Licht). Hervorragende Verbindung auch bei Minus- oder erh\u00f6hten Temperaturen. Einseitig gestrichenes Abl\u00f6sekraftpapier. 50,8 \u03bcm mit Abdeckung.\" \/>\n<meta property=\"og:url\" content=\"https:\/\/www.itape.com\/de\/product\/ul181-aluminum-foil-tape-de\/\" \/>\n<meta property=\"og:site_name\" content=\"IPG\" \/>\n<meta property=\"article:publisher\" content=\"https:\/\/www.facebook.com\/intertape\" \/>\n<meta property=\"article:modified_time\" content=\"2023-04-27T16:51:12+00:00\" \/>\n<meta property=\"og:image\" content=\"https:\/\/www.itape.com\/wp-content\/uploads\/2023\/01\/UL181AluminimTape-5010-B_High.jpg\" \/>\n\t<meta property=\"og:image:width\" content=\"2400\" \/>\n\t<meta property=\"og:image:height\" content=\"2400\" \/>\n\t<meta property=\"og:image:type\" content=\"image\/jpeg\" \/>\n<meta name=\"twitter:card\" content=\"summary_large_image\" \/>\n<meta name=\"twitter:site\" content=\"@IPGtape\" \/>\n<meta name=\"twitter:label1\" content=\"Price\" \/>\n\t<meta name=\"twitter:data1\" content=\"\" \/>\n\t<meta name=\"twitter:label2\" content=\"Availability\" \/>\n\t<meta name=\"twitter:data2\" content=\"In stock\" \/>\n<script type=\"application\/ld+json\" class=\"yoast-schema-graph\">{\"@context\":\"https:\/\/schema.org\",\"@graph\":[{\"@type\":\"WebPage\",\"@id\":\"https:\/\/www.itape.com\/de\/product\/ul181-aluminum-foil-tape-de\/\",\"url\":\"https:\/\/www.itape.com\/de\/product\/ul181-aluminum-foil-tape-de\/\",\"name\":\"UL181 Aluminum Foil Tape - IPG\",\"isPartOf\":{\"@id\":\"https:\/\/www.itape.com\/#website\"},\"primaryImageOfPage\":{\"@id\":\"https:\/\/www.itape.com\/de\/product\/ul181-aluminum-foil-tape-de\/#primaryimage\"},\"image\":{\"@id\":\"https:\/\/www.itape.com\/de\/product\/ul181-aluminum-foil-tape-de\/#primaryimage\"},\"thumbnailUrl\":\"https:\/\/www.itape.com\/wp-content\/uploads\/2023\/01\/UL181AluminimTape-5010-B_High.jpg\",\"datePublished\":\"2023-01-12T14:33:43+00:00\",\"dateModified\":\"2023-04-27T16:51:12+00:00\",\"breadcrumb\":{\"@id\":\"https:\/\/www.itape.com\/de\/product\/ul181-aluminum-foil-tape-de\/#breadcrumb\"},\"inLanguage\":\"de-DE\",\"potentialAction\":[{\"@type\":\"ReadAction\",\"target\":[\"https:\/\/www.itape.com\/de\/product\/ul181-aluminum-foil-tape-de\/\"]}]},{\"@type\":\"ImageObject\",\"inLanguage\":\"de-DE\",\"@id\":\"https:\/\/www.itape.com\/de\/product\/ul181-aluminum-foil-tape-de\/#primaryimage\",\"url\":\"https:\/\/www.itape.com\/wp-content\/uploads\/2023\/01\/UL181AluminimTape-5010-B_High.jpg\",\"contentUrl\":\"https:\/\/www.itape.com\/wp-content\/uploads\/2023\/01\/UL181AluminimTape-5010-B_High.jpg\",\"width\":2400,\"height\":2400,\"caption\":\"UL181 Aluminim Tape-5010-B_\"},{\"@type\":\"BreadcrumbList\",\"@id\":\"https:\/\/www.itape.com\/de\/product\/ul181-aluminum-foil-tape-de\/#breadcrumb\",\"itemListElement\":[{\"@type\":\"ListItem\",\"position\":1,\"name\":\"Home\",\"item\":\"https:\/\/www.itape.com\/de\/\"},{\"@type\":\"ListItem\",\"position\":2,\"name\":\"Products\",\"item\":\"https:\/\/www.itape.com\/products\/\"},{\"@type\":\"ListItem\",\"position\":3,\"name\":\"UL181 Aluminum Foil Tape\"}]},{\"@type\":\"WebSite\",\"@id\":\"https:\/\/www.itape.com\/#website\",\"url\":\"https:\/\/www.itape.com\/\",\"name\":\"IPG\",\"description\":\"Global Leader in Packaging and Protective Solutions\",\"publisher\":{\"@id\":\"https:\/\/www.itape.com\/#organization\"},\"potentialAction\":[{\"@type\":\"SearchAction\",\"target\":{\"@type\":\"EntryPoint\",\"urlTemplate\":\"https:\/\/www.itape.com\/?s={search_term_string}\"},\"query-input\":{\"@type\":\"PropertyValueSpecification\",\"valueRequired\":true,\"valueName\":\"search_term_string\"}}],\"inLanguage\":\"de-DE\"},{\"@type\":\"Organization\",\"@id\":\"https:\/\/www.itape.com\/#organization\",\"name\":\"IPG\",\"url\":\"https:\/\/www.itape.com\/\",\"logo\":{\"@type\":\"ImageObject\",\"inLanguage\":\"de-DE\",\"@id\":\"https:\/\/www.itape.com\/#\/schema\/logo\/image\/\",\"url\":\"https:\/\/www.itape.com\/wp-content\/uploads\/2024\/06\/IPG-logo-2.png\",\"contentUrl\":\"https:\/\/www.itape.com\/wp-content\/uploads\/2024\/06\/IPG-logo-2.png\",\"width\":60,\"height\":60,\"caption\":\"IPG\"},\"image\":{\"@id\":\"https:\/\/www.itape.com\/#\/schema\/logo\/image\/\"},\"sameAs\":[\"https:\/\/www.facebook.com\/intertape\",\"https:\/\/x.com\/IPGtape\",\"https:\/\/www.linkedin.com\/company\/intertape-polymer-group\",\"https:\/\/www.instagram.com\/ipgtape\",\"https:\/\/www.youtube.com\/user\/IPGtape\"]}]}<\/script>\n<meta property=\"product:price:currency\" content=\"USD\" \/>\n<meta property=\"og:availability\" content=\"instock\" \/>\n<meta property=\"product:availability\" content=\"instock\" \/>\n<meta property=\"product:retailer_item_id\" content=\"221fc0c982b1\" \/>\n<meta property=\"product:condition\" content=\"new\" \/>\n<!-- \/ Yoast SEO Premium plugin. -->","yoast_head_json":{"title":"UL181 Aluminum Foil Tape - IPG","robots":{"index":"index","follow":"follow","max-snippet":"max-snippet:-1","max-image-preview":"max-image-preview:large","max-video-preview":"max-video-preview:-1"},"canonical":"https:\/\/www.itape.com\/de\/product\/ul181-aluminum-foil-tape-de\/","og_locale":"de_DE","og_type":"article","og_title":"UL181 Aluminum Foil Tape","og_description":"Konzipiert und entwickelt zur Einhaltung der Normen UL 181A-P und UL 181B-FX (rot bedruckt f\u00fcr einfache Identifizierung\/Inspektion). Geeignet f\u00fcr allgemeine Einfassung, zum Verschwei\u00dfen und Abdichten von Glasfaserrohrkan\u00e4len und Rohrumh\u00fcllungen zur Verbesserung des Aussehens und zur Erhaltung der Dampfsperrintegrit\u00e4t. Der aggressive druckempfindliche Acrylklebstoff bietet dauerhafte Haftung auf sauberen\/trockenen Oberfl\u00e4chen. Flammhemmend, hohe Scherfestigkeit, UV-best\u00e4ndig und schimmelresistent. Hervorragende Reflektionseigenschaften (z.\u00a0B. Hitze, Licht). Hervorragende Verbindung auch bei Minus- oder erh\u00f6hten Temperaturen. Einseitig gestrichenes Abl\u00f6sekraftpapier. 50,8 \u03bcm mit Abdeckung.","og_url":"https:\/\/www.itape.com\/de\/product\/ul181-aluminum-foil-tape-de\/","og_site_name":"IPG","article_publisher":"https:\/\/www.facebook.com\/intertape","article_modified_time":"2023-04-27T16:51:12+00:00","og_image":[{"width":2400,"height":2400,"url":"https:\/\/www.itape.com\/wp-content\/uploads\/2023\/01\/UL181AluminimTape-5010-B_High.jpg","type":"image\/jpeg"}],"twitter_card":"summary_large_image","twitter_site":"@IPGtape","twitter_misc":{"Price":"","Availability":"In stock"},"schema":{"@context":"https:\/\/schema.org","@graph":[{"@type":"WebPage","@id":"https:\/\/www.itape.com\/de\/product\/ul181-aluminum-foil-tape-de\/","url":"https:\/\/www.itape.com\/de\/product\/ul181-aluminum-foil-tape-de\/","name":"UL181 Aluminum Foil Tape - IPG","isPartOf":{"@id":"https:\/\/www.itape.com\/#website"},"primaryImageOfPage":{"@id":"https:\/\/www.itape.com\/de\/product\/ul181-aluminum-foil-tape-de\/#primaryimage"},"image":{"@id":"https:\/\/www.itape.com\/de\/product\/ul181-aluminum-foil-tape-de\/#primaryimage"},"thumbnailUrl":"https:\/\/www.itape.com\/wp-content\/uploads\/2023\/01\/UL181AluminimTape-5010-B_High.jpg","datePublished":"2023-01-12T14:33:43+00:00","dateModified":"2023-04-27T16:51:12+00:00","breadcrumb":{"@id":"https:\/\/www.itape.com\/de\/product\/ul181-aluminum-foil-tape-de\/#breadcrumb"},"inLanguage":"de-DE","potentialAction":[{"@type":"ReadAction","target":["https:\/\/www.itape.com\/de\/product\/ul181-aluminum-foil-tape-de\/"]}]},{"@type":"ImageObject","inLanguage":"de-DE","@id":"https:\/\/www.itape.com\/de\/product\/ul181-aluminum-foil-tape-de\/#primaryimage","url":"https:\/\/www.itape.com\/wp-content\/uploads\/2023\/01\/UL181AluminimTape-5010-B_High.jpg","contentUrl":"https:\/\/www.itape.com\/wp-content\/uploads\/2023\/01\/UL181AluminimTape-5010-B_High.jpg","width":2400,"height":2400,"caption":"UL181 Aluminim Tape-5010-B_"},{"@type":"BreadcrumbList","@id":"https:\/\/www.itape.com\/de\/product\/ul181-aluminum-foil-tape-de\/#breadcrumb","itemListElement":[{"@type":"ListItem","position":1,"name":"Home","item":"https:\/\/www.itape.com\/de\/"},{"@type":"ListItem","position":2,"name":"Products","item":"https:\/\/www.itape.com\/products\/"},{"@type":"ListItem","position":3,"name":"UL181 Aluminum Foil Tape"}]},{"@type":"WebSite","@id":"https:\/\/www.itape.com\/#website","url":"https:\/\/www.itape.com\/","name":"IPG","description":"Global Leader in Packaging and Protective Solutions","publisher":{"@id":"https:\/\/www.itape.com\/#organization"},"potentialAction":[{"@type":"SearchAction","target":{"@type":"EntryPoint","urlTemplate":"https:\/\/www.itape.com\/?s={search_term_string}"},"query-input":{"@type":"PropertyValueSpecification","valueRequired":true,"valueName":"search_term_string"}}],"inLanguage":"de-DE"},{"@type":"Organization","@id":"https:\/\/www.itape.com\/#organization","name":"IPG","url":"https:\/\/www.itape.com\/","logo":{"@type":"ImageObject","inLanguage":"de-DE","@id":"https:\/\/www.itape.com\/#\/schema\/logo\/image\/","url":"https:\/\/www.itape.com\/wp-content\/uploads\/2024\/06\/IPG-logo-2.png","contentUrl":"https:\/\/www.itape.com\/wp-content\/uploads\/2024\/06\/IPG-logo-2.png","width":60,"height":60,"caption":"IPG"},"image":{"@id":"https:\/\/www.itape.com\/#\/schema\/logo\/image\/"},"sameAs":["https:\/\/www.facebook.com\/intertape","https:\/\/x.com\/IPGtape","https:\/\/www.linkedin.com\/company\/intertape-polymer-group","https:\/\/www.instagram.com\/ipgtape","https:\/\/www.youtube.com\/user\/IPGtape"]}]},"product_price_currency":"USD","og_availability":"instock","product_availability":"instock","product_retailer_item_id":"221fc0c982b1","product_condition":"new"},"parsely":{"version":"1.1.0","canonical_url":"https:\/\/itape.com\/de\/product\/ul181-aluminum-foil-tape-de\/","smart_links":{"inbound":0,"outbound":0},"traffic_boost_suggestions_count":0,"meta":{"@context":"https:\/\/schema.org","@type":"WebPage","headline":"UL181 Aluminum Foil Tape","url":"https:\/\/www.itape.com\/de\/product\/ul181-aluminum-foil-tape-de\/","mainEntityOfPage":{"@type":"WebPage","@id":"https:\/\/www.itape.com\/de\/product\/ul181-aluminum-foil-tape-de\/"},"thumbnailUrl":"https:\/\/www.itape.com\/wp-content\/uploads\/2023\/01\/UL181AluminimTape-5010-B_High.jpg?w=150&h=150&crop=1","image":{"@type":"ImageObject","url":"https:\/\/www.itape.com\/wp-content\/uploads\/2023\/01\/UL181AluminimTape-5010-B_High.jpg"},"articleSection":"Unkategorisiert","author":[{"@type":"Person","name":"IPG"}],"creator":["IPG"],"publisher":{"@type":"Organization","name":"IPG","logo":"https:\/\/www.itape.com\/wp-content\/uploads\/2023\/03\/IPG-logo-2.png"},"keywords":[],"dateCreated":"2023-01-12T14:33:43Z","datePublished":"2023-01-12T14:33:43Z","dateModified":"2023-04-27T16:51:12Z"},"rendered":"<meta name=\"parsely-title\" content=\"UL181 Aluminum Foil Tape\" \/>\n<meta name=\"parsely-link\" content=\"https:\/\/www.itape.com\/de\/product\/ul181-aluminum-foil-tape-de\/\" \/>\n<meta name=\"parsely-type\" content=\"index\" \/>\n<meta name=\"parsely-image-url\" content=\"https:\/\/www.itape.com\/wp-content\/uploads\/2023\/01\/UL181AluminimTape-5010-B_High.jpg?w=150&amp;h=150&amp;crop=1\" \/>\n<meta name=\"parsely-pub-date\" content=\"2023-01-12T14:33:43Z\" \/>\n<meta name=\"parsely-section\" content=\"Unkategorisiert\" \/>\n<meta name=\"parsely-author\" content=\"IPG\" \/>","tracker_url":"https:\/\/cdn.parsely.com\/keys\/itape.com\/p.js"},"jetpack_sharing_enabled":true,"_links":{"self":[{"href":"https:\/\/www.itape.com\/de\/wp-json\/wp\/v2\/product\/48959","targetHints":{"allow":["GET"]}}],"collection":[{"href":"https:\/\/www.itape.com\/de\/wp-json\/wp\/v2\/product"}],"about":[{"href":"https:\/\/www.itape.com\/de\/wp-json\/wp\/v2\/types\/product"}],"replies":[{"embeddable":true,"href":"https:\/\/www.itape.com\/de\/wp-json\/wp\/v2\/comments?post=48959"}],"wp:featuredmedia":[{"embeddable":true,"href":"https:\/\/www.itape.com\/de\/wp-json\/wp\/v2\/media\/62157"}],"wp:attachment":[{"href":"https:\/\/www.itape.com\/de\/wp-json\/wp\/v2\/media?parent=48959"}],"wp:term":[{"taxonomy":"product_brand","embeddable":true,"href":"https:\/\/www.itape.com\/de\/wp-json\/wp\/v2\/product_brand?post=48959"},{"taxonomy":"product_cat","embeddable":true,"href":"https:\/\/www.itape.com\/de\/wp-json\/wp\/v2\/product_cat?post=48959"},{"taxonomy":"product_tag","embeddable":true,"href":"https:\/\/www.itape.com\/de\/wp-json\/wp\/v2\/product_tag?post=48959"},{"taxonomy":"associated_application","embeddable":true,"href":"https:\/\/www.itape.com\/de\/wp-json\/wp\/v2\/associated_application?post=48959"}],"curies":[{"name":"wp","href":"https:\/\/api.w.org\/{rel}","templated":true}]}}