{"id":48972,"date":"2023-01-12T14:33:55","date_gmt":"2023-01-12T14:33:55","guid":{"rendered":"https:\/\/www.itape.com\/product\/rubber-tape-de-2\/"},"modified":"2023-04-27T17:01:27","modified_gmt":"2023-04-27T17:01:27","slug":"rubber-tape-de-2","status":"publish","type":"product","link":"https:\/\/www.itape.com\/de\/product\/rubber-tape-de-2\/","title":{"rendered":"Rubber Tape"},"content":{"rendered":"","protected":false},"excerpt":{"rendered":"<p>762 \u03bcm selbstverschwei\u00dfendes Gummi, Niederspannungselektroisolierband. Genehmigt durch UL zur Verwendung als Prim\u00e4risolierung bei Spannung von h\u00f6chstens 600 Volt. Eignet sich perfekt zu unregelm\u00e4\u00dfigen Formen und Oberfl\u00e4chen f\u00fcr einen hohlraumfreien elektrisch stabilen Aufbau. Kompatibel mit allen extrudierten Kabelisolationen. Best\u00e4ndig gegen Wasser, \u00d6le, Alkalien und andere korrosive Chemikalien.<\/p>\n","protected":false},"featured_media":57904,"comment_status":"closed","ping_status":"closed","template":"","meta":{"_acf_changed":false},"product_brand":[],"product_cat":[8029,7768,7200,7803,7047,7784,7803,7771],"product_tag":[8053,7160,7161,7829,7161],"associated_application":[7022,6929,6880,7022,6931,6922,6889,7008,6925,6891,6881],"class_list":{"0":"post-48972","1":"product","2":"type-product","3":"status-publish","4":"has-post-thumbnail","6":"product_cat-retail-specialty-construction-hvac-de","7":"product_cat-building-and-construction-products-de","8":"product_cat-electrical-insulation-de","9":"product_cat-industrial-tapes-elektroklebeband-de","10":"product_cat-electrical-tape-de","11":"product_cat-building-and-construction-products-elektroklebeband-de","13":"product_cat-industrial-tapes-de","14":"product_tag-applications-electriques-de","15":"product_tag-building-construction-de","16":"product_tag-electrical-de","17":"product_tag-electrical-insulation-de","19":"associated_application-baugewerbe-de-2","20":"associated_application-baugewerbe-de","21":"associated_application-bauwesen-de","23":"associated_application-elektrik-de","24":"associated_application-elektroisolierung-de","25":"associated_application-hlk-de","26":"associated_application-kuehlung-elektrik-de","27":"associated_application-loesungen-fuer-allgemeine-baustellen-de","28":"associated_application-sanierung-instandsetzung-de","29":"associated_application-verbraucher-de","31":"first","32":"instock","33":"product-type-simple"},"acf":[],"yoast_head":"<!-- This site is optimized with the Yoast SEO Premium plugin v24.1 (Yoast SEO v27.0) - https:\/\/yoast.com\/product\/yoast-seo-premium-wordpress\/ -->\n<title>Rubber Tape - IPG<\/title>\n<meta name=\"robots\" content=\"index, follow, max-snippet:-1, max-image-preview:large, max-video-preview:-1\" \/>\n<link rel=\"canonical\" href=\"https:\/\/www.itape.com\/product\/rubber-tape-2\/\" \/>\n<meta property=\"og:locale\" content=\"de_DE\" \/>\n<meta property=\"og:type\" content=\"article\" \/>\n<meta property=\"og:title\" content=\"Rubber Tape\" \/>\n<meta property=\"og:description\" content=\"762 \u03bcm selbstverschwei\u00dfendes Gummi, Niederspannungselektroisolierband. Genehmigt durch UL zur Verwendung als Prim\u00e4risolierung bei Spannung von h\u00f6chstens 600 Volt. Eignet sich perfekt zu unregelm\u00e4\u00dfigen Formen und Oberfl\u00e4chen f\u00fcr einen hohlraumfreien elektrisch stabilen Aufbau. Kompatibel mit allen extrudierten Kabelisolationen. Best\u00e4ndig gegen Wasser, \u00d6le, Alkalien und andere korrosive Chemikalien.\" \/>\n<meta property=\"og:url\" content=\"https:\/\/www.itape.com\/product\/rubber-tape-2\/\" \/>\n<meta property=\"og:site_name\" content=\"IPG\" \/>\n<meta property=\"article:publisher\" content=\"https:\/\/www.facebook.com\/intertape\" \/>\n<meta property=\"article:modified_time\" content=\"2023-04-27T17:01:27+00:00\" \/>\n<meta name=\"twitter:card\" content=\"summary_large_image\" \/>\n<meta name=\"twitter:image\" content=\"https:\/\/www.itape.com\/wp-content\/uploads\/2023\/10\/rubber-tape_5517-2025.jpg\" \/>\n<meta name=\"twitter:site\" content=\"@IPGtape\" \/>\n<meta name=\"twitter:label1\" content=\"Price\" \/>\n\t<meta name=\"twitter:data1\" content=\"\" \/>\n\t<meta name=\"twitter:label2\" content=\"Availability\" \/>\n\t<meta name=\"twitter:data2\" content=\"In stock\" \/>\n<script type=\"application\/ld+json\" class=\"yoast-schema-graph\">{\"@context\":\"https:\/\/schema.org\",\"@graph\":[{\"@type\":\"WebPage\",\"@id\":\"https:\/\/www.itape.com\/product\/rubber-tape-2\/\",\"url\":\"https:\/\/www.itape.com\/product\/rubber-tape-2\/\",\"name\":\"Rubber Tape - IPG\",\"isPartOf\":{\"@id\":\"https:\/\/www.itape.com\/#website\"},\"primaryImageOfPage\":{\"@id\":\"https:\/\/www.itape.com\/product\/rubber-tape-2\/#primaryimage\"},\"image\":{\"@id\":\"https:\/\/www.itape.com\/product\/rubber-tape-2\/#primaryimage\"},\"thumbnailUrl\":\"https:\/\/www.itape.com\/wp-content\/uploads\/2023\/10\/rubber-tape_5517-2025.jpg\",\"datePublished\":\"2023-01-12T14:33:55+00:00\",\"dateModified\":\"2023-04-27T17:01:27+00:00\",\"breadcrumb\":{\"@id\":\"https:\/\/www.itape.com\/product\/rubber-tape-2\/#breadcrumb\"},\"inLanguage\":\"de-DE\",\"potentialAction\":[{\"@type\":\"ReadAction\",\"target\":[\"https:\/\/www.itape.com\/product\/rubber-tape-2\/\"]}]},{\"@type\":\"ImageObject\",\"inLanguage\":\"de-DE\",\"@id\":\"https:\/\/www.itape.com\/product\/rubber-tape-2\/#primaryimage\",\"url\":\"https:\/\/www.itape.com\/wp-content\/uploads\/2023\/10\/rubber-tape_5517-2025.jpg\",\"contentUrl\":\"https:\/\/www.itape.com\/wp-content\/uploads\/2023\/10\/rubber-tape_5517-2025.jpg\",\"width\":2400,\"height\":2400,\"caption\":\"5517_RubberTape\"},{\"@type\":\"BreadcrumbList\",\"@id\":\"https:\/\/www.itape.com\/product\/rubber-tape-2\/#breadcrumb\",\"itemListElement\":[{\"@type\":\"ListItem\",\"position\":1,\"name\":\"Home\",\"item\":\"https:\/\/www.itape.com\/de\/\"},{\"@type\":\"ListItem\",\"position\":2,\"name\":\"Products\",\"item\":\"https:\/\/www.itape.com\/products\/\"},{\"@type\":\"ListItem\",\"position\":3,\"name\":\"Rubber Tape\"}]},{\"@type\":\"WebSite\",\"@id\":\"https:\/\/www.itape.com\/#website\",\"url\":\"https:\/\/www.itape.com\/\",\"name\":\"IPG\",\"description\":\"Global Leader in Packaging and Protective Solutions\",\"publisher\":{\"@id\":\"https:\/\/www.itape.com\/#organization\"},\"potentialAction\":[{\"@type\":\"SearchAction\",\"target\":{\"@type\":\"EntryPoint\",\"urlTemplate\":\"https:\/\/www.itape.com\/?s={search_term_string}\"},\"query-input\":{\"@type\":\"PropertyValueSpecification\",\"valueRequired\":true,\"valueName\":\"search_term_string\"}}],\"inLanguage\":\"de-DE\"},{\"@type\":\"Organization\",\"@id\":\"https:\/\/www.itape.com\/#organization\",\"name\":\"IPG\",\"url\":\"https:\/\/www.itape.com\/\",\"logo\":{\"@type\":\"ImageObject\",\"inLanguage\":\"de-DE\",\"@id\":\"https:\/\/www.itape.com\/#\/schema\/logo\/image\/\",\"url\":\"https:\/\/www.itape.com\/wp-content\/uploads\/2024\/06\/IPG-logo-2.png\",\"contentUrl\":\"https:\/\/www.itape.com\/wp-content\/uploads\/2024\/06\/IPG-logo-2.png\",\"width\":60,\"height\":60,\"caption\":\"IPG\"},\"image\":{\"@id\":\"https:\/\/www.itape.com\/#\/schema\/logo\/image\/\"},\"sameAs\":[\"https:\/\/www.facebook.com\/intertape\",\"https:\/\/x.com\/IPGtape\",\"https:\/\/www.linkedin.com\/company\/intertape-polymer-group\",\"https:\/\/www.instagram.com\/ipgtape\",\"https:\/\/www.youtube.com\/user\/IPGtape\"]}]}<\/script>\n<meta property=\"product:price:currency\" content=\"USD\" \/>\n<meta property=\"og:availability\" content=\"instock\" \/>\n<meta property=\"product:availability\" content=\"instock\" \/>\n<meta property=\"product:retailer_item_id\" content=\"98da44e2c05f\" \/>\n<meta property=\"product:condition\" content=\"new\" \/>\n<!-- \/ Yoast SEO Premium plugin. -->","yoast_head_json":{"title":"Rubber Tape - IPG","robots":{"index":"index","follow":"follow","max-snippet":"max-snippet:-1","max-image-preview":"max-image-preview:large","max-video-preview":"max-video-preview:-1"},"canonical":"https:\/\/www.itape.com\/product\/rubber-tape-2\/","og_locale":"de_DE","og_type":"article","og_title":"Rubber Tape","og_description":"762 \u03bcm selbstverschwei\u00dfendes Gummi, Niederspannungselektroisolierband. Genehmigt durch UL zur Verwendung als Prim\u00e4risolierung bei Spannung von h\u00f6chstens 600 Volt. Eignet sich perfekt zu unregelm\u00e4\u00dfigen Formen und Oberfl\u00e4chen f\u00fcr einen hohlraumfreien elektrisch stabilen Aufbau. Kompatibel mit allen extrudierten Kabelisolationen. Best\u00e4ndig gegen Wasser, \u00d6le, Alkalien und andere korrosive Chemikalien.","og_url":"https:\/\/www.itape.com\/product\/rubber-tape-2\/","og_site_name":"IPG","article_publisher":"https:\/\/www.facebook.com\/intertape","article_modified_time":"2023-04-27T17:01:27+00:00","twitter_card":"summary_large_image","twitter_image":"https:\/\/www.itape.com\/wp-content\/uploads\/2023\/10\/rubber-tape_5517-2025.jpg","twitter_site":"@IPGtape","twitter_misc":{"Price":"","Availability":"In stock"},"schema":{"@context":"https:\/\/schema.org","@graph":[{"@type":"WebPage","@id":"https:\/\/www.itape.com\/product\/rubber-tape-2\/","url":"https:\/\/www.itape.com\/product\/rubber-tape-2\/","name":"Rubber Tape - IPG","isPartOf":{"@id":"https:\/\/www.itape.com\/#website"},"primaryImageOfPage":{"@id":"https:\/\/www.itape.com\/product\/rubber-tape-2\/#primaryimage"},"image":{"@id":"https:\/\/www.itape.com\/product\/rubber-tape-2\/#primaryimage"},"thumbnailUrl":"https:\/\/www.itape.com\/wp-content\/uploads\/2023\/10\/rubber-tape_5517-2025.jpg","datePublished":"2023-01-12T14:33:55+00:00","dateModified":"2023-04-27T17:01:27+00:00","breadcrumb":{"@id":"https:\/\/www.itape.com\/product\/rubber-tape-2\/#breadcrumb"},"inLanguage":"de-DE","potentialAction":[{"@type":"ReadAction","target":["https:\/\/www.itape.com\/product\/rubber-tape-2\/"]}]},{"@type":"ImageObject","inLanguage":"de-DE","@id":"https:\/\/www.itape.com\/product\/rubber-tape-2\/#primaryimage","url":"https:\/\/www.itape.com\/wp-content\/uploads\/2023\/10\/rubber-tape_5517-2025.jpg","contentUrl":"https:\/\/www.itape.com\/wp-content\/uploads\/2023\/10\/rubber-tape_5517-2025.jpg","width":2400,"height":2400,"caption":"5517_RubberTape"},{"@type":"BreadcrumbList","@id":"https:\/\/www.itape.com\/product\/rubber-tape-2\/#breadcrumb","itemListElement":[{"@type":"ListItem","position":1,"name":"Home","item":"https:\/\/www.itape.com\/de\/"},{"@type":"ListItem","position":2,"name":"Products","item":"https:\/\/www.itape.com\/products\/"},{"@type":"ListItem","position":3,"name":"Rubber Tape"}]},{"@type":"WebSite","@id":"https:\/\/www.itape.com\/#website","url":"https:\/\/www.itape.com\/","name":"IPG","description":"Global Leader in Packaging and Protective Solutions","publisher":{"@id":"https:\/\/www.itape.com\/#organization"},"potentialAction":[{"@type":"SearchAction","target":{"@type":"EntryPoint","urlTemplate":"https:\/\/www.itape.com\/?s={search_term_string}"},"query-input":{"@type":"PropertyValueSpecification","valueRequired":true,"valueName":"search_term_string"}}],"inLanguage":"de-DE"},{"@type":"Organization","@id":"https:\/\/www.itape.com\/#organization","name":"IPG","url":"https:\/\/www.itape.com\/","logo":{"@type":"ImageObject","inLanguage":"de-DE","@id":"https:\/\/www.itape.com\/#\/schema\/logo\/image\/","url":"https:\/\/www.itape.com\/wp-content\/uploads\/2024\/06\/IPG-logo-2.png","contentUrl":"https:\/\/www.itape.com\/wp-content\/uploads\/2024\/06\/IPG-logo-2.png","width":60,"height":60,"caption":"IPG"},"image":{"@id":"https:\/\/www.itape.com\/#\/schema\/logo\/image\/"},"sameAs":["https:\/\/www.facebook.com\/intertape","https:\/\/x.com\/IPGtape","https:\/\/www.linkedin.com\/company\/intertape-polymer-group","https:\/\/www.instagram.com\/ipgtape","https:\/\/www.youtube.com\/user\/IPGtape"]}]},"product_price_currency":"USD","og_availability":"instock","product_availability":"instock","product_retailer_item_id":"98da44e2c05f","product_condition":"new"},"parsely":{"version":"1.1.0","canonical_url":"https:\/\/itape.com\/de\/product\/rubber-tape-de-2\/","smart_links":{"inbound":0,"outbound":0},"traffic_boost_suggestions_count":0,"meta":{"@context":"https:\/\/schema.org","@type":"WebPage","headline":"Rubber Tape","url":"https:\/\/www.itape.com\/de\/product\/rubber-tape-de-2\/","mainEntityOfPage":{"@type":"WebPage","@id":"https:\/\/www.itape.com\/de\/product\/rubber-tape-de-2\/"},"thumbnailUrl":"https:\/\/www.itape.com\/wp-content\/uploads\/2023\/10\/rubber-tape_5517-2025.jpg?w=150&h=150&crop=1","image":{"@type":"ImageObject","url":"https:\/\/www.itape.com\/wp-content\/uploads\/2023\/10\/rubber-tape_5517-2025.jpg"},"articleSection":"Unkategorisiert","author":[{"@type":"Person","name":"IPG"}],"creator":["IPG"],"publisher":{"@type":"Organization","name":"IPG","logo":"https:\/\/www.itape.com\/wp-content\/uploads\/2023\/03\/IPG-logo-2.png"},"keywords":[],"dateCreated":"2023-01-12T14:33:55Z","datePublished":"2023-01-12T14:33:55Z","dateModified":"2023-04-27T17:01:27Z"},"rendered":"<meta name=\"parsely-title\" content=\"Rubber Tape\" \/>\n<meta name=\"parsely-link\" content=\"https:\/\/www.itape.com\/de\/product\/rubber-tape-de-2\/\" \/>\n<meta name=\"parsely-type\" content=\"index\" \/>\n<meta name=\"parsely-image-url\" content=\"https:\/\/www.itape.com\/wp-content\/uploads\/2023\/10\/rubber-tape_5517-2025.jpg?w=150&amp;h=150&amp;crop=1\" \/>\n<meta name=\"parsely-pub-date\" content=\"2023-01-12T14:33:55Z\" \/>\n<meta name=\"parsely-section\" content=\"Unkategorisiert\" \/>\n<meta name=\"parsely-author\" content=\"IPG\" \/>","tracker_url":"https:\/\/cdn.parsely.com\/keys\/itape.com\/p.js"},"jetpack_sharing_enabled":true,"_links":{"self":[{"href":"https:\/\/www.itape.com\/de\/wp-json\/wp\/v2\/product\/48972","targetHints":{"allow":["GET"]}}],"collection":[{"href":"https:\/\/www.itape.com\/de\/wp-json\/wp\/v2\/product"}],"about":[{"href":"https:\/\/www.itape.com\/de\/wp-json\/wp\/v2\/types\/product"}],"replies":[{"embeddable":true,"href":"https:\/\/www.itape.com\/de\/wp-json\/wp\/v2\/comments?post=48972"}],"wp:featuredmedia":[{"embeddable":true,"href":"https:\/\/www.itape.com\/de\/wp-json\/wp\/v2\/media\/57904"}],"wp:attachment":[{"href":"https:\/\/www.itape.com\/de\/wp-json\/wp\/v2\/media?parent=48972"}],"wp:term":[{"taxonomy":"product_brand","embeddable":true,"href":"https:\/\/www.itape.com\/de\/wp-json\/wp\/v2\/product_brand?post=48972"},{"taxonomy":"product_cat","embeddable":true,"href":"https:\/\/www.itape.com\/de\/wp-json\/wp\/v2\/product_cat?post=48972"},{"taxonomy":"product_tag","embeddable":true,"href":"https:\/\/www.itape.com\/de\/wp-json\/wp\/v2\/product_tag?post=48972"},{"taxonomy":"associated_application","embeddable":true,"href":"https:\/\/www.itape.com\/de\/wp-json\/wp\/v2\/associated_application?post=48972"}],"curies":[{"name":"wp","href":"https:\/\/api.w.org\/{rel}","templated":true}]}}