{"id":48974,"date":"2023-01-12T14:33:55","date_gmt":"2023-01-12T14:33:55","guid":{"rendered":"https:\/\/www.itape.com\/product\/seams-real-easy-paper-de\/"},"modified":"2023-04-27T17:03:44","modified_gmt":"2023-04-27T17:03:44","slug":"seams-real-easy-paper-de","status":"publish","type":"product","link":"https:\/\/www.itape.com\/de\/product\/seams-real-easy-paper-de\/","title":{"rendered":"Seams Real Easy Paper"},"content":{"rendered":"<div class=\"prose\">Papier-Schleifschnellbaufugenband \u2013 Schnell und einfach anwendbar. Entwickelt zur Verwendung mit Fugenspachtel f\u00fcr Verst\u00e4rkungsfugen und Ecken in Gipsschleifinterieurs. Spezielle Querfaserpapiere bieten Rei\u00dffestigkeit sowohl mit als auch gegen die Faserrichtung des Papiers. Au\u00dferordentliche Nassfestigkeit. Widersteht der Dehnung, Faltenbildung und anderen Verzerrungen. Aufgeraute Oberfl\u00e4che bietet hervorragende Verbindung f\u00fcr Fugenspachtel.<\/div>\n","protected":false},"excerpt":{"rendered":"<p>Papier-Schleifschnellbaufugenband \u2013 Schnell und einfach anwendbar. Entwickelt zur Verwendung mit Fugenspachtel f\u00fcr Verst\u00e4rkungsfugen und Ecken in Gipsschleifinterieurs. Spezielle Querfaserpapiere bieten Rei\u00dffestigkeit sowohl mit als auch gegen die Faserrichtung des Papiers. Au\u00dferordentliche Nassfestigkeit. Widersteht der Dehnung, Faltenbildung und anderen Verzerrungen. Aufgeraute Oberfl\u00e4che bietet hervorragende Verbindung f\u00fcr Fugenspachtel.<\/p>\n","protected":false},"featured_media":57461,"comment_status":"closed","ping_status":"closed","template":"","meta":{"_acf_changed":false},"product_brand":[],"product_cat":[8029],"product_tag":[7160],"associated_application":[7022,6929,6925,6920],"class_list":{"0":"post-48974","1":"product","2":"type-product","3":"status-publish","4":"has-post-thumbnail","6":"product_cat-retail-specialty-construction-hvac-de","7":"product_tag-building-construction-de","8":"associated_application-baugewerbe-de-2","9":"associated_application-baugewerbe-de","10":"associated_application-loesungen-fuer-allgemeine-baustellen-de","11":"associated_application-management-von-luft-feuchtigkeit-dampf-de","13":"first","14":"instock","15":"product-type-simple"},"acf":[],"yoast_head":"<!-- This site is optimized with the Yoast SEO Premium plugin v24.1 (Yoast SEO v27.0) - https:\/\/yoast.com\/product\/yoast-seo-premium-wordpress\/ -->\n<title>Seams Real Easy Paper - IPG<\/title>\n<meta name=\"robots\" content=\"index, follow, max-snippet:-1, max-image-preview:large, max-video-preview:-1\" \/>\n<link rel=\"canonical\" href=\"https:\/\/www.itape.com\/de\/product\/seams-real-easy-paper-de\/\" \/>\n<meta property=\"og:locale\" content=\"de_DE\" \/>\n<meta property=\"og:type\" content=\"article\" \/>\n<meta property=\"og:title\" content=\"Seams Real Easy Paper\" \/>\n<meta property=\"og:description\" content=\"Papier-Schleifschnellbaufugenband \u2013 Schnell und einfach anwendbar. Entwickelt zur Verwendung mit Fugenspachtel f\u00fcr Verst\u00e4rkungsfugen und Ecken in Gipsschleifinterieurs. Spezielle Querfaserpapiere bieten Rei\u00dffestigkeit sowohl mit als auch gegen die Faserrichtung des Papiers. Au\u00dferordentliche Nassfestigkeit. Widersteht der Dehnung, Faltenbildung und anderen Verzerrungen. Aufgeraute Oberfl\u00e4che bietet hervorragende Verbindung f\u00fcr Fugenspachtel.\" \/>\n<meta property=\"og:url\" content=\"https:\/\/www.itape.com\/de\/product\/seams-real-easy-paper-de\/\" \/>\n<meta property=\"og:site_name\" content=\"IPG\" \/>\n<meta property=\"article:publisher\" content=\"https:\/\/www.facebook.com\/intertape\" \/>\n<meta property=\"article:modified_time\" content=\"2023-04-27T17:03:44+00:00\" \/>\n<meta property=\"og:image\" content=\"https:\/\/www.itape.com\/wp-content\/uploads\/2023\/01\/Seams-Real-Easy-Fiberglass_high.jpg\" \/>\n\t<meta property=\"og:image:width\" content=\"2400\" \/>\n\t<meta property=\"og:image:height\" content=\"2400\" \/>\n\t<meta property=\"og:image:type\" content=\"image\/jpeg\" \/>\n<meta name=\"twitter:card\" content=\"summary_large_image\" \/>\n<meta name=\"twitter:site\" content=\"@IPGtape\" \/>\n<meta name=\"twitter:label1\" content=\"Price\" \/>\n\t<meta name=\"twitter:data1\" content=\"\" \/>\n\t<meta name=\"twitter:label2\" content=\"Availability\" \/>\n\t<meta name=\"twitter:data2\" content=\"In stock\" \/>\n<script type=\"application\/ld+json\" class=\"yoast-schema-graph\">{\"@context\":\"https:\/\/schema.org\",\"@graph\":[{\"@type\":\"WebPage\",\"@id\":\"https:\/\/www.itape.com\/de\/product\/seams-real-easy-paper-de\/\",\"url\":\"https:\/\/www.itape.com\/de\/product\/seams-real-easy-paper-de\/\",\"name\":\"Seams Real Easy Paper - IPG\",\"isPartOf\":{\"@id\":\"https:\/\/www.itape.com\/#website\"},\"primaryImageOfPage\":{\"@id\":\"https:\/\/www.itape.com\/de\/product\/seams-real-easy-paper-de\/#primaryimage\"},\"image\":{\"@id\":\"https:\/\/www.itape.com\/de\/product\/seams-real-easy-paper-de\/#primaryimage\"},\"thumbnailUrl\":\"https:\/\/www.itape.com\/wp-content\/uploads\/2023\/01\/Seams-Real-Easy-Fiberglass_high.jpg\",\"datePublished\":\"2023-01-12T14:33:55+00:00\",\"dateModified\":\"2023-04-27T17:03:44+00:00\",\"breadcrumb\":{\"@id\":\"https:\/\/www.itape.com\/de\/product\/seams-real-easy-paper-de\/#breadcrumb\"},\"inLanguage\":\"de-DE\",\"potentialAction\":[{\"@type\":\"ReadAction\",\"target\":[\"https:\/\/www.itape.com\/de\/product\/seams-real-easy-paper-de\/\"]}]},{\"@type\":\"ImageObject\",\"inLanguage\":\"de-DE\",\"@id\":\"https:\/\/www.itape.com\/de\/product\/seams-real-easy-paper-de\/#primaryimage\",\"url\":\"https:\/\/www.itape.com\/wp-content\/uploads\/2023\/01\/Seams-Real-Easy-Fiberglass_high.jpg\",\"contentUrl\":\"https:\/\/www.itape.com\/wp-content\/uploads\/2023\/01\/Seams-Real-Easy-Fiberglass_high.jpg\",\"width\":2400,\"height\":2400,\"caption\":\"Seams Real Easy Fiberglass\"},{\"@type\":\"BreadcrumbList\",\"@id\":\"https:\/\/www.itape.com\/de\/product\/seams-real-easy-paper-de\/#breadcrumb\",\"itemListElement\":[{\"@type\":\"ListItem\",\"position\":1,\"name\":\"Home\",\"item\":\"https:\/\/www.itape.com\/de\/\"},{\"@type\":\"ListItem\",\"position\":2,\"name\":\"Products\",\"item\":\"https:\/\/www.itape.com\/products\/\"},{\"@type\":\"ListItem\",\"position\":3,\"name\":\"Seams Real Easy Paper\"}]},{\"@type\":\"WebSite\",\"@id\":\"https:\/\/www.itape.com\/#website\",\"url\":\"https:\/\/www.itape.com\/\",\"name\":\"IPG\",\"description\":\"Global Leader in Packaging and Protective Solutions\",\"publisher\":{\"@id\":\"https:\/\/www.itape.com\/#organization\"},\"potentialAction\":[{\"@type\":\"SearchAction\",\"target\":{\"@type\":\"EntryPoint\",\"urlTemplate\":\"https:\/\/www.itape.com\/?s={search_term_string}\"},\"query-input\":{\"@type\":\"PropertyValueSpecification\",\"valueRequired\":true,\"valueName\":\"search_term_string\"}}],\"inLanguage\":\"de-DE\"},{\"@type\":\"Organization\",\"@id\":\"https:\/\/www.itape.com\/#organization\",\"name\":\"IPG\",\"url\":\"https:\/\/www.itape.com\/\",\"logo\":{\"@type\":\"ImageObject\",\"inLanguage\":\"de-DE\",\"@id\":\"https:\/\/www.itape.com\/#\/schema\/logo\/image\/\",\"url\":\"https:\/\/www.itape.com\/wp-content\/uploads\/2024\/06\/IPG-logo-2.png\",\"contentUrl\":\"https:\/\/www.itape.com\/wp-content\/uploads\/2024\/06\/IPG-logo-2.png\",\"width\":60,\"height\":60,\"caption\":\"IPG\"},\"image\":{\"@id\":\"https:\/\/www.itape.com\/#\/schema\/logo\/image\/\"},\"sameAs\":[\"https:\/\/www.facebook.com\/intertape\",\"https:\/\/x.com\/IPGtape\",\"https:\/\/www.linkedin.com\/company\/intertape-polymer-group\",\"https:\/\/www.instagram.com\/ipgtape\",\"https:\/\/www.youtube.com\/user\/IPGtape\"]}]}<\/script>\n<meta property=\"product:price:currency\" content=\"USD\" \/>\n<meta property=\"og:availability\" content=\"instock\" \/>\n<meta property=\"product:availability\" content=\"instock\" \/>\n<meta property=\"product:retailer_item_id\" content=\"1204e8cbf0c3\" \/>\n<meta property=\"product:condition\" content=\"new\" \/>\n<!-- \/ Yoast SEO Premium plugin. -->","yoast_head_json":{"title":"Seams Real Easy Paper - IPG","robots":{"index":"index","follow":"follow","max-snippet":"max-snippet:-1","max-image-preview":"max-image-preview:large","max-video-preview":"max-video-preview:-1"},"canonical":"https:\/\/www.itape.com\/de\/product\/seams-real-easy-paper-de\/","og_locale":"de_DE","og_type":"article","og_title":"Seams Real Easy Paper","og_description":"Papier-Schleifschnellbaufugenband \u2013 Schnell und einfach anwendbar. Entwickelt zur Verwendung mit Fugenspachtel f\u00fcr Verst\u00e4rkungsfugen und Ecken in Gipsschleifinterieurs. Spezielle Querfaserpapiere bieten Rei\u00dffestigkeit sowohl mit als auch gegen die Faserrichtung des Papiers. Au\u00dferordentliche Nassfestigkeit. Widersteht der Dehnung, Faltenbildung und anderen Verzerrungen. Aufgeraute Oberfl\u00e4che bietet hervorragende Verbindung f\u00fcr Fugenspachtel.","og_url":"https:\/\/www.itape.com\/de\/product\/seams-real-easy-paper-de\/","og_site_name":"IPG","article_publisher":"https:\/\/www.facebook.com\/intertape","article_modified_time":"2023-04-27T17:03:44+00:00","og_image":[{"width":2400,"height":2400,"url":"https:\/\/www.itape.com\/wp-content\/uploads\/2023\/01\/Seams-Real-Easy-Fiberglass_high.jpg","type":"image\/jpeg"}],"twitter_card":"summary_large_image","twitter_site":"@IPGtape","twitter_misc":{"Price":"","Availability":"In stock"},"schema":{"@context":"https:\/\/schema.org","@graph":[{"@type":"WebPage","@id":"https:\/\/www.itape.com\/de\/product\/seams-real-easy-paper-de\/","url":"https:\/\/www.itape.com\/de\/product\/seams-real-easy-paper-de\/","name":"Seams Real Easy Paper - IPG","isPartOf":{"@id":"https:\/\/www.itape.com\/#website"},"primaryImageOfPage":{"@id":"https:\/\/www.itape.com\/de\/product\/seams-real-easy-paper-de\/#primaryimage"},"image":{"@id":"https:\/\/www.itape.com\/de\/product\/seams-real-easy-paper-de\/#primaryimage"},"thumbnailUrl":"https:\/\/www.itape.com\/wp-content\/uploads\/2023\/01\/Seams-Real-Easy-Fiberglass_high.jpg","datePublished":"2023-01-12T14:33:55+00:00","dateModified":"2023-04-27T17:03:44+00:00","breadcrumb":{"@id":"https:\/\/www.itape.com\/de\/product\/seams-real-easy-paper-de\/#breadcrumb"},"inLanguage":"de-DE","potentialAction":[{"@type":"ReadAction","target":["https:\/\/www.itape.com\/de\/product\/seams-real-easy-paper-de\/"]}]},{"@type":"ImageObject","inLanguage":"de-DE","@id":"https:\/\/www.itape.com\/de\/product\/seams-real-easy-paper-de\/#primaryimage","url":"https:\/\/www.itape.com\/wp-content\/uploads\/2023\/01\/Seams-Real-Easy-Fiberglass_high.jpg","contentUrl":"https:\/\/www.itape.com\/wp-content\/uploads\/2023\/01\/Seams-Real-Easy-Fiberglass_high.jpg","width":2400,"height":2400,"caption":"Seams Real Easy Fiberglass"},{"@type":"BreadcrumbList","@id":"https:\/\/www.itape.com\/de\/product\/seams-real-easy-paper-de\/#breadcrumb","itemListElement":[{"@type":"ListItem","position":1,"name":"Home","item":"https:\/\/www.itape.com\/de\/"},{"@type":"ListItem","position":2,"name":"Products","item":"https:\/\/www.itape.com\/products\/"},{"@type":"ListItem","position":3,"name":"Seams Real Easy Paper"}]},{"@type":"WebSite","@id":"https:\/\/www.itape.com\/#website","url":"https:\/\/www.itape.com\/","name":"IPG","description":"Global Leader in Packaging and Protective Solutions","publisher":{"@id":"https:\/\/www.itape.com\/#organization"},"potentialAction":[{"@type":"SearchAction","target":{"@type":"EntryPoint","urlTemplate":"https:\/\/www.itape.com\/?s={search_term_string}"},"query-input":{"@type":"PropertyValueSpecification","valueRequired":true,"valueName":"search_term_string"}}],"inLanguage":"de-DE"},{"@type":"Organization","@id":"https:\/\/www.itape.com\/#organization","name":"IPG","url":"https:\/\/www.itape.com\/","logo":{"@type":"ImageObject","inLanguage":"de-DE","@id":"https:\/\/www.itape.com\/#\/schema\/logo\/image\/","url":"https:\/\/www.itape.com\/wp-content\/uploads\/2024\/06\/IPG-logo-2.png","contentUrl":"https:\/\/www.itape.com\/wp-content\/uploads\/2024\/06\/IPG-logo-2.png","width":60,"height":60,"caption":"IPG"},"image":{"@id":"https:\/\/www.itape.com\/#\/schema\/logo\/image\/"},"sameAs":["https:\/\/www.facebook.com\/intertape","https:\/\/x.com\/IPGtape","https:\/\/www.linkedin.com\/company\/intertape-polymer-group","https:\/\/www.instagram.com\/ipgtape","https:\/\/www.youtube.com\/user\/IPGtape"]}]},"product_price_currency":"USD","og_availability":"instock","product_availability":"instock","product_retailer_item_id":"1204e8cbf0c3","product_condition":"new"},"parsely":{"version":"1.1.0","canonical_url":"https:\/\/itape.com\/de\/product\/seams-real-easy-paper-de\/","smart_links":{"inbound":0,"outbound":0},"traffic_boost_suggestions_count":0,"meta":{"@context":"https:\/\/schema.org","@type":"WebPage","headline":"Seams Real Easy Paper","url":"https:\/\/www.itape.com\/de\/product\/seams-real-easy-paper-de\/","mainEntityOfPage":{"@type":"WebPage","@id":"https:\/\/www.itape.com\/de\/product\/seams-real-easy-paper-de\/"},"thumbnailUrl":"https:\/\/www.itape.com\/wp-content\/uploads\/2023\/01\/Seams-Real-Easy-Fiberglass_high.jpg?w=150&h=150&crop=1","image":{"@type":"ImageObject","url":"https:\/\/www.itape.com\/wp-content\/uploads\/2023\/01\/Seams-Real-Easy-Fiberglass_high.jpg"},"articleSection":"Unkategorisiert","author":[{"@type":"Person","name":"IPG"}],"creator":["IPG"],"publisher":{"@type":"Organization","name":"IPG","logo":"https:\/\/www.itape.com\/wp-content\/uploads\/2023\/03\/IPG-logo-2.png"},"keywords":[],"dateCreated":"2023-01-12T14:33:55Z","datePublished":"2023-01-12T14:33:55Z","dateModified":"2023-04-27T17:03:44Z"},"rendered":"<meta name=\"parsely-title\" content=\"Seams Real Easy Paper\" \/>\n<meta name=\"parsely-link\" content=\"https:\/\/www.itape.com\/de\/product\/seams-real-easy-paper-de\/\" \/>\n<meta name=\"parsely-type\" content=\"index\" \/>\n<meta name=\"parsely-image-url\" content=\"https:\/\/www.itape.com\/wp-content\/uploads\/2023\/01\/Seams-Real-Easy-Fiberglass_high.jpg?w=150&amp;h=150&amp;crop=1\" \/>\n<meta name=\"parsely-pub-date\" content=\"2023-01-12T14:33:55Z\" \/>\n<meta name=\"parsely-section\" content=\"Unkategorisiert\" \/>\n<meta name=\"parsely-author\" content=\"IPG\" \/>","tracker_url":"https:\/\/cdn.parsely.com\/keys\/itape.com\/p.js"},"jetpack_sharing_enabled":true,"_links":{"self":[{"href":"https:\/\/www.itape.com\/de\/wp-json\/wp\/v2\/product\/48974","targetHints":{"allow":["GET"]}}],"collection":[{"href":"https:\/\/www.itape.com\/de\/wp-json\/wp\/v2\/product"}],"about":[{"href":"https:\/\/www.itape.com\/de\/wp-json\/wp\/v2\/types\/product"}],"replies":[{"embeddable":true,"href":"https:\/\/www.itape.com\/de\/wp-json\/wp\/v2\/comments?post=48974"}],"wp:featuredmedia":[{"embeddable":true,"href":"https:\/\/www.itape.com\/de\/wp-json\/wp\/v2\/media\/57461"}],"wp:attachment":[{"href":"https:\/\/www.itape.com\/de\/wp-json\/wp\/v2\/media?parent=48974"}],"wp:term":[{"taxonomy":"product_brand","embeddable":true,"href":"https:\/\/www.itape.com\/de\/wp-json\/wp\/v2\/product_brand?post=48974"},{"taxonomy":"product_cat","embeddable":true,"href":"https:\/\/www.itape.com\/de\/wp-json\/wp\/v2\/product_cat?post=48974"},{"taxonomy":"product_tag","embeddable":true,"href":"https:\/\/www.itape.com\/de\/wp-json\/wp\/v2\/product_tag?post=48974"},{"taxonomy":"associated_application","embeddable":true,"href":"https:\/\/www.itape.com\/de\/wp-json\/wp\/v2\/associated_application?post=48974"}],"curies":[{"name":"wp","href":"https:\/\/api.w.org\/{rel}","templated":true}]}}