{"id":48981,"date":"2023-01-12T14:34:01","date_gmt":"2023-01-12T14:34:01","guid":{"rendered":"https:\/\/www.itape.com\/product\/iron-grip-duct-tape-de\/"},"modified":"2023-04-27T17:23:41","modified_gmt":"2023-04-27T17:23:41","slug":"iron-grip-duct-tape-de","status":"publish","type":"product","link":"https:\/\/www.itape.com\/de\/product\/iron-grip-duct-tape-de\/","title":{"rendered":"Iron Grip Duct Tape"},"content":{"rendered":"<div class=\"prose\">Iron Grip\u2122-Klebeband<\/p>\n<p>Iron Grip\u2122 431,8 \u03bcm Premium-Klebeband ist ein mit Poly\u00e4thylen (PE) beschichtetes Gewebeband mit einem aggressiven druckempfindlichen Kleber aus Naturkautschuk, der bei unterschiedlichen Temperaturbedingungen gut auf verschiedene Oberfl\u00e4chen klebbar ist. Erm\u00f6glicht leichtes Abrollen von der Rolle f\u00fcr provisorischen Verschluss von Zugangsklappen, Bandagieren von Luftkan\u00e4len und eine Vielzahl anspruchsvoller Schwerlast-Anwendungen, die hohe Festigkeit und Haftung erfordern.<\/p><\/div>\n","protected":false},"excerpt":{"rendered":"<p>Iron Grip\u2122 431,8 \u03bcm Premium-Klebeband ist ein mit Poly\u00e4thylen (PE) beschichtetes Gewebeband mit einem aggressiven druckempfindlichen Kleber aus Naturkautschuk, der bei unterschiedlichen Temperaturbedingungen gut auf verschiedene Oberfl\u00e4chen klebbar ist. Erm\u00f6glicht leichtes Abrollen von der Rolle f\u00fcr provisorischen Verschluss von Zugangsklappen, Bandagieren von Luftkan\u00e4len und eine Vielzahl anspruchsvoller Schwerlast-Anwendungen, die hohe Festigkeit und Haftung erfordern.<\/p>\n","protected":false},"featured_media":56761,"comment_status":"closed","ping_status":"closed","template":"","meta":{"_acf_changed":false},"product_brand":[],"product_cat":[7646,7046,7774,7771,8035,7802],"product_tag":[8098,8098],"associated_application":[7019,7021,6929,6880,7020,6886,6915,6889,6926,6879,6877,6891,6890,6893,6888,6881,6930,6933],"class_list":{"0":"post-48981","1":"product","2":"type-product","3":"status-publish","4":"has-post-thumbnail","6":"product_cat-other-de","7":"product_cat-duct-tape-de","8":"product_cat-handelsund-spezialprodukte-de","9":"product_cat-industrial-tapes-de","10":"product_cat-retail-specialty-duct-de","11":"product_cat-industrial-tapes-retail-duct-tape-de","12":"product_tag-duct-tape-de","14":"associated_application-abtragung-de","15":"associated_application-aufarbeitung-de","16":"associated_application-baugewerbe-de","17":"associated_application-bauwesen-de","18":"associated_application-behaelterloesungen-de","19":"associated_application-fertigung-de","20":"associated_application-garagenloesungen-de","21":"associated_application-hlk-de","22":"associated_application-hlk-klebebandverschluss-de","23":"associated_application-kfz-gewerbe-de","24":"associated_application-luft-und-raumfahrt-de","25":"associated_application-sanierung-instandsetzung-de","26":"associated_application-schifffahrt-und-verbundwerkstoffe-de","27":"associated_application-transportwesen-de","28":"associated_application-umzug-und-lagerung-de","29":"associated_application-verbraucher-de","30":"associated_application-verbrauchsartikel-werkstoffe-in-schulen-de","31":"associated_application-wartung-reparaturen-de","33":"first","34":"instock","35":"product-type-simple"},"acf":[],"yoast_head":"<!-- This site is optimized with the Yoast SEO Premium plugin v24.1 (Yoast SEO v27.0) - https:\/\/yoast.com\/product\/yoast-seo-premium-wordpress\/ -->\n<title>Iron Grip Duct Tape - IPG<\/title>\n<meta name=\"robots\" content=\"index, follow, max-snippet:-1, max-image-preview:large, max-video-preview:-1\" \/>\n<link rel=\"canonical\" href=\"https:\/\/www.itape.com\/de\/product\/iron-grip-duct-tape-de\/\" \/>\n<meta property=\"og:locale\" content=\"de_DE\" \/>\n<meta property=\"og:type\" content=\"article\" \/>\n<meta property=\"og:title\" content=\"Iron Grip Duct Tape\" \/>\n<meta property=\"og:description\" content=\"Iron Grip\u2122 431,8 \u03bcm Premium-Klebeband ist ein mit Poly\u00e4thylen (PE) beschichtetes Gewebeband mit einem aggressiven druckempfindlichen Kleber aus Naturkautschuk, der bei unterschiedlichen Temperaturbedingungen gut auf verschiedene Oberfl\u00e4chen klebbar ist. Erm\u00f6glicht leichtes Abrollen von der Rolle f\u00fcr provisorischen Verschluss von Zugangsklappen, Bandagieren von Luftkan\u00e4len und eine Vielzahl anspruchsvoller Schwerlast-Anwendungen, die hohe Festigkeit und Haftung erfordern.\" \/>\n<meta property=\"og:url\" content=\"https:\/\/www.itape.com\/de\/product\/iron-grip-duct-tape-de\/\" \/>\n<meta property=\"og:site_name\" content=\"IPG\" \/>\n<meta property=\"article:publisher\" content=\"https:\/\/www.facebook.com\/intertape\" \/>\n<meta property=\"article:modified_time\" content=\"2023-04-27T17:23:41+00:00\" \/>\n<meta name=\"twitter:card\" content=\"summary_large_image\" \/>\n<meta name=\"twitter:image\" content=\"https:\/\/www.itape.com\/wp-content\/uploads\/2023\/01\/IPG-Iron-Grip-35yds.jpg\" \/>\n<meta name=\"twitter:site\" content=\"@IPGtape\" \/>\n<meta name=\"twitter:label1\" content=\"Price\" \/>\n\t<meta name=\"twitter:data1\" content=\"\" \/>\n\t<meta name=\"twitter:label2\" content=\"Availability\" \/>\n\t<meta name=\"twitter:data2\" content=\"In stock\" \/>\n<script type=\"application\/ld+json\" class=\"yoast-schema-graph\">{\"@context\":\"https:\/\/schema.org\",\"@graph\":[{\"@type\":\"WebPage\",\"@id\":\"https:\/\/www.itape.com\/de\/product\/iron-grip-duct-tape-de\/\",\"url\":\"https:\/\/www.itape.com\/de\/product\/iron-grip-duct-tape-de\/\",\"name\":\"Iron Grip Duct Tape - IPG\",\"isPartOf\":{\"@id\":\"https:\/\/www.itape.com\/#website\"},\"primaryImageOfPage\":{\"@id\":\"https:\/\/www.itape.com\/de\/product\/iron-grip-duct-tape-de\/#primaryimage\"},\"image\":{\"@id\":\"https:\/\/www.itape.com\/de\/product\/iron-grip-duct-tape-de\/#primaryimage\"},\"thumbnailUrl\":\"https:\/\/www.itape.com\/wp-content\/uploads\/2023\/01\/IPG-Iron-Grip-35yds.jpg\",\"datePublished\":\"2023-01-12T14:34:01+00:00\",\"dateModified\":\"2023-04-27T17:23:41+00:00\",\"breadcrumb\":{\"@id\":\"https:\/\/www.itape.com\/de\/product\/iron-grip-duct-tape-de\/#breadcrumb\"},\"inLanguage\":\"de-DE\",\"potentialAction\":[{\"@type\":\"ReadAction\",\"target\":[\"https:\/\/www.itape.com\/de\/product\/iron-grip-duct-tape-de\/\"]}]},{\"@type\":\"ImageObject\",\"inLanguage\":\"de-DE\",\"@id\":\"https:\/\/www.itape.com\/de\/product\/iron-grip-duct-tape-de\/#primaryimage\",\"url\":\"https:\/\/www.itape.com\/wp-content\/uploads\/2023\/01\/IPG-Iron-Grip-35yds.jpg\",\"contentUrl\":\"https:\/\/www.itape.com\/wp-content\/uploads\/2023\/01\/IPG-Iron-Grip-35yds.jpg\",\"width\":2400,\"height\":2400,\"caption\":\"IPG Iron Grip Duct Tape\"},{\"@type\":\"BreadcrumbList\",\"@id\":\"https:\/\/www.itape.com\/de\/product\/iron-grip-duct-tape-de\/#breadcrumb\",\"itemListElement\":[{\"@type\":\"ListItem\",\"position\":1,\"name\":\"Home\",\"item\":\"https:\/\/www.itape.com\/de\/\"},{\"@type\":\"ListItem\",\"position\":2,\"name\":\"Products\",\"item\":\"https:\/\/www.itape.com\/products\/\"},{\"@type\":\"ListItem\",\"position\":3,\"name\":\"Iron Grip Duct Tape\"}]},{\"@type\":\"WebSite\",\"@id\":\"https:\/\/www.itape.com\/#website\",\"url\":\"https:\/\/www.itape.com\/\",\"name\":\"IPG\",\"description\":\"Global Leader in Packaging and Protective Solutions\",\"publisher\":{\"@id\":\"https:\/\/www.itape.com\/#organization\"},\"potentialAction\":[{\"@type\":\"SearchAction\",\"target\":{\"@type\":\"EntryPoint\",\"urlTemplate\":\"https:\/\/www.itape.com\/?s={search_term_string}\"},\"query-input\":{\"@type\":\"PropertyValueSpecification\",\"valueRequired\":true,\"valueName\":\"search_term_string\"}}],\"inLanguage\":\"de-DE\"},{\"@type\":\"Organization\",\"@id\":\"https:\/\/www.itape.com\/#organization\",\"name\":\"IPG\",\"url\":\"https:\/\/www.itape.com\/\",\"logo\":{\"@type\":\"ImageObject\",\"inLanguage\":\"de-DE\",\"@id\":\"https:\/\/www.itape.com\/#\/schema\/logo\/image\/\",\"url\":\"https:\/\/www.itape.com\/wp-content\/uploads\/2024\/06\/IPG-logo-2.png\",\"contentUrl\":\"https:\/\/www.itape.com\/wp-content\/uploads\/2024\/06\/IPG-logo-2.png\",\"width\":60,\"height\":60,\"caption\":\"IPG\"},\"image\":{\"@id\":\"https:\/\/www.itape.com\/#\/schema\/logo\/image\/\"},\"sameAs\":[\"https:\/\/www.facebook.com\/intertape\",\"https:\/\/x.com\/IPGtape\",\"https:\/\/www.linkedin.com\/company\/intertape-polymer-group\",\"https:\/\/www.instagram.com\/ipgtape\",\"https:\/\/www.youtube.com\/user\/IPGtape\"]}]}<\/script>\n<meta property=\"product:price:currency\" content=\"USD\" \/>\n<meta property=\"og:availability\" content=\"instock\" \/>\n<meta property=\"product:availability\" content=\"instock\" \/>\n<meta property=\"product:retailer_item_id\" content=\"60ccce90f7ee\" \/>\n<meta property=\"product:condition\" content=\"new\" \/>\n<!-- \/ Yoast SEO Premium plugin. -->","yoast_head_json":{"title":"Iron Grip Duct Tape - IPG","robots":{"index":"index","follow":"follow","max-snippet":"max-snippet:-1","max-image-preview":"max-image-preview:large","max-video-preview":"max-video-preview:-1"},"canonical":"https:\/\/www.itape.com\/de\/product\/iron-grip-duct-tape-de\/","og_locale":"de_DE","og_type":"article","og_title":"Iron Grip Duct Tape","og_description":"Iron Grip\u2122 431,8 \u03bcm Premium-Klebeband ist ein mit Poly\u00e4thylen (PE) beschichtetes Gewebeband mit einem aggressiven druckempfindlichen Kleber aus Naturkautschuk, der bei unterschiedlichen Temperaturbedingungen gut auf verschiedene Oberfl\u00e4chen klebbar ist. Erm\u00f6glicht leichtes Abrollen von der Rolle f\u00fcr provisorischen Verschluss von Zugangsklappen, Bandagieren von Luftkan\u00e4len und eine Vielzahl anspruchsvoller Schwerlast-Anwendungen, die hohe Festigkeit und Haftung erfordern.","og_url":"https:\/\/www.itape.com\/de\/product\/iron-grip-duct-tape-de\/","og_site_name":"IPG","article_publisher":"https:\/\/www.facebook.com\/intertape","article_modified_time":"2023-04-27T17:23:41+00:00","twitter_card":"summary_large_image","twitter_image":"https:\/\/www.itape.com\/wp-content\/uploads\/2023\/01\/IPG-Iron-Grip-35yds.jpg","twitter_site":"@IPGtape","twitter_misc":{"Price":"","Availability":"In stock"},"schema":{"@context":"https:\/\/schema.org","@graph":[{"@type":"WebPage","@id":"https:\/\/www.itape.com\/de\/product\/iron-grip-duct-tape-de\/","url":"https:\/\/www.itape.com\/de\/product\/iron-grip-duct-tape-de\/","name":"Iron Grip Duct Tape - IPG","isPartOf":{"@id":"https:\/\/www.itape.com\/#website"},"primaryImageOfPage":{"@id":"https:\/\/www.itape.com\/de\/product\/iron-grip-duct-tape-de\/#primaryimage"},"image":{"@id":"https:\/\/www.itape.com\/de\/product\/iron-grip-duct-tape-de\/#primaryimage"},"thumbnailUrl":"https:\/\/www.itape.com\/wp-content\/uploads\/2023\/01\/IPG-Iron-Grip-35yds.jpg","datePublished":"2023-01-12T14:34:01+00:00","dateModified":"2023-04-27T17:23:41+00:00","breadcrumb":{"@id":"https:\/\/www.itape.com\/de\/product\/iron-grip-duct-tape-de\/#breadcrumb"},"inLanguage":"de-DE","potentialAction":[{"@type":"ReadAction","target":["https:\/\/www.itape.com\/de\/product\/iron-grip-duct-tape-de\/"]}]},{"@type":"ImageObject","inLanguage":"de-DE","@id":"https:\/\/www.itape.com\/de\/product\/iron-grip-duct-tape-de\/#primaryimage","url":"https:\/\/www.itape.com\/wp-content\/uploads\/2023\/01\/IPG-Iron-Grip-35yds.jpg","contentUrl":"https:\/\/www.itape.com\/wp-content\/uploads\/2023\/01\/IPG-Iron-Grip-35yds.jpg","width":2400,"height":2400,"caption":"IPG Iron Grip Duct Tape"},{"@type":"BreadcrumbList","@id":"https:\/\/www.itape.com\/de\/product\/iron-grip-duct-tape-de\/#breadcrumb","itemListElement":[{"@type":"ListItem","position":1,"name":"Home","item":"https:\/\/www.itape.com\/de\/"},{"@type":"ListItem","position":2,"name":"Products","item":"https:\/\/www.itape.com\/products\/"},{"@type":"ListItem","position":3,"name":"Iron Grip Duct Tape"}]},{"@type":"WebSite","@id":"https:\/\/www.itape.com\/#website","url":"https:\/\/www.itape.com\/","name":"IPG","description":"Global Leader in Packaging and Protective Solutions","publisher":{"@id":"https:\/\/www.itape.com\/#organization"},"potentialAction":[{"@type":"SearchAction","target":{"@type":"EntryPoint","urlTemplate":"https:\/\/www.itape.com\/?s={search_term_string}"},"query-input":{"@type":"PropertyValueSpecification","valueRequired":true,"valueName":"search_term_string"}}],"inLanguage":"de-DE"},{"@type":"Organization","@id":"https:\/\/www.itape.com\/#organization","name":"IPG","url":"https:\/\/www.itape.com\/","logo":{"@type":"ImageObject","inLanguage":"de-DE","@id":"https:\/\/www.itape.com\/#\/schema\/logo\/image\/","url":"https:\/\/www.itape.com\/wp-content\/uploads\/2024\/06\/IPG-logo-2.png","contentUrl":"https:\/\/www.itape.com\/wp-content\/uploads\/2024\/06\/IPG-logo-2.png","width":60,"height":60,"caption":"IPG"},"image":{"@id":"https:\/\/www.itape.com\/#\/schema\/logo\/image\/"},"sameAs":["https:\/\/www.facebook.com\/intertape","https:\/\/x.com\/IPGtape","https:\/\/www.linkedin.com\/company\/intertape-polymer-group","https:\/\/www.instagram.com\/ipgtape","https:\/\/www.youtube.com\/user\/IPGtape"]}]},"product_price_currency":"USD","og_availability":"instock","product_availability":"instock","product_retailer_item_id":"60ccce90f7ee","product_condition":"new"},"parsely":{"version":"1.1.0","canonical_url":"https:\/\/itape.com\/de\/product\/iron-grip-duct-tape-de\/","smart_links":{"inbound":0,"outbound":0},"traffic_boost_suggestions_count":0,"meta":{"@context":"https:\/\/schema.org","@type":"WebPage","headline":"Iron Grip Duct Tape","url":"https:\/\/www.itape.com\/de\/product\/iron-grip-duct-tape-de\/","mainEntityOfPage":{"@type":"WebPage","@id":"https:\/\/www.itape.com\/de\/product\/iron-grip-duct-tape-de\/"},"thumbnailUrl":"https:\/\/www.itape.com\/wp-content\/uploads\/2023\/01\/IPG-Iron-Grip-35yds.jpg?w=150&h=150&crop=1","image":{"@type":"ImageObject","url":"https:\/\/www.itape.com\/wp-content\/uploads\/2023\/01\/IPG-Iron-Grip-35yds.jpg"},"articleSection":"Unkategorisiert","author":[{"@type":"Person","name":"IPG"}],"creator":["IPG"],"publisher":{"@type":"Organization","name":"IPG","logo":"https:\/\/www.itape.com\/wp-content\/uploads\/2023\/03\/IPG-logo-2.png"},"keywords":[],"dateCreated":"2023-01-12T14:34:01Z","datePublished":"2023-01-12T14:34:01Z","dateModified":"2023-04-27T17:23:41Z"},"rendered":"<meta name=\"parsely-title\" content=\"Iron Grip Duct Tape\" \/>\n<meta name=\"parsely-link\" content=\"https:\/\/www.itape.com\/de\/product\/iron-grip-duct-tape-de\/\" \/>\n<meta name=\"parsely-type\" content=\"index\" \/>\n<meta name=\"parsely-image-url\" content=\"https:\/\/www.itape.com\/wp-content\/uploads\/2023\/01\/IPG-Iron-Grip-35yds.jpg?w=150&amp;h=150&amp;crop=1\" \/>\n<meta name=\"parsely-pub-date\" content=\"2023-01-12T14:34:01Z\" \/>\n<meta name=\"parsely-section\" content=\"Unkategorisiert\" \/>\n<meta name=\"parsely-author\" content=\"IPG\" \/>","tracker_url":"https:\/\/cdn.parsely.com\/keys\/itape.com\/p.js"},"jetpack_sharing_enabled":true,"_links":{"self":[{"href":"https:\/\/www.itape.com\/de\/wp-json\/wp\/v2\/product\/48981","targetHints":{"allow":["GET"]}}],"collection":[{"href":"https:\/\/www.itape.com\/de\/wp-json\/wp\/v2\/product"}],"about":[{"href":"https:\/\/www.itape.com\/de\/wp-json\/wp\/v2\/types\/product"}],"replies":[{"embeddable":true,"href":"https:\/\/www.itape.com\/de\/wp-json\/wp\/v2\/comments?post=48981"}],"wp:featuredmedia":[{"embeddable":true,"href":"https:\/\/www.itape.com\/de\/wp-json\/wp\/v2\/media\/56761"}],"wp:attachment":[{"href":"https:\/\/www.itape.com\/de\/wp-json\/wp\/v2\/media?parent=48981"}],"wp:term":[{"taxonomy":"product_brand","embeddable":true,"href":"https:\/\/www.itape.com\/de\/wp-json\/wp\/v2\/product_brand?post=48981"},{"taxonomy":"product_cat","embeddable":true,"href":"https:\/\/www.itape.com\/de\/wp-json\/wp\/v2\/product_cat?post=48981"},{"taxonomy":"product_tag","embeddable":true,"href":"https:\/\/www.itape.com\/de\/wp-json\/wp\/v2\/product_tag?post=48981"},{"taxonomy":"associated_application","embeddable":true,"href":"https:\/\/www.itape.com\/de\/wp-json\/wp\/v2\/associated_application?post=48981"}],"curies":[{"name":"wp","href":"https:\/\/api.w.org\/{rel}","templated":true}]}}