{"id":48983,"date":"2023-01-12T14:34:01","date_gmt":"2023-01-12T14:34:01","guid":{"rendered":"https:\/\/www.itape.com\/product\/jobsite-ductape-de\/"},"modified":"2023-04-27T17:30:26","modified_gmt":"2023-04-27T17:30:26","slug":"jobsite-ductape-de","status":"publish","type":"product","link":"https:\/\/www.itape.com\/de\/product\/jobsite-ductape-de\/","title":{"rendered":"Jobsite DUCTape"},"content":{"rendered":"<div class=\"prose\">Jobsite DUCTape\u2122<\/p>\n<p>228,6 \u03bcm Mehrzweck-Klebeband eignet sich perfekt f\u00fcr allgemein Wartungsaufgaben wie Wicklung und Verpackung, Wetterschutz, Verbindung und B\u00fcndelung. Der aggressive Kleber aus Naturkautschuk haftet gut auf vielen verschiedenen Oberfl\u00e4chen und l\u00e4sst sich in einem breiten Temperaturbereich einsetzen. Erh\u00e4ltlich in rot, orange, gelb, gr\u00fcn, blau, braunoliv, silber und wei\u00df.<\/p><\/div>\n","protected":false},"excerpt":{"rendered":"<p>228,6 \u03bcm Mehrzweck-Klebeband eignet sich perfekt f\u00fcr allgemein Wartungsaufgaben wie Wicklung und Verpackung, Wetterschutz, Verbindung und B\u00fcndelung. Der aggressive Kleber aus Naturkautschuk haftet gut auf vielen verschiedenen Oberfl\u00e4chen und l\u00e4sst sich in einem breiten Temperaturbereich einsetzen. Erh\u00e4ltlich in rot, orange, gelb, gr\u00fcn, blau, braunoliv, silber und wei\u00df.<\/p>\n","protected":false},"featured_media":56773,"comment_status":"closed","ping_status":"closed","template":"","meta":{"_acf_changed":false},"product_brand":[],"product_cat":[7771,8035,7802],"product_tag":[8098,8098],"associated_application":[6880,6886,6889,6926,6879,6877,6933,6891,6890,6893,6888,6881,6933],"class_list":{"0":"post-48983","1":"product","2":"type-product","3":"status-publish","4":"has-post-thumbnail","6":"product_cat-industrial-tapes-de","7":"product_cat-retail-specialty-duct-de","8":"product_cat-industrial-tapes-retail-duct-tape-de","9":"product_tag-duct-tape-de","11":"associated_application-bauwesen-de","12":"associated_application-fertigung-de","13":"associated_application-hlk-de","14":"associated_application-hlk-klebebandverschluss-de","15":"associated_application-kfz-gewerbe-de","16":"associated_application-luft-und-raumfahrt-de","17":"associated_application-wartung-reparaturen-de","18":"associated_application-sanierung-instandsetzung-de","19":"associated_application-schifffahrt-und-verbundwerkstoffe-de","20":"associated_application-transportwesen-de","21":"associated_application-umzug-und-lagerung-de","22":"associated_application-verbraucher-de","25":"first","26":"instock","27":"product-type-simple"},"acf":[],"yoast_head":"<!-- This site is optimized with the Yoast SEO Premium plugin v24.1 (Yoast SEO v27.0) - https:\/\/yoast.com\/product\/yoast-seo-premium-wordpress\/ -->\n<title>Jobsite DUCTape - IPG<\/title>\n<meta name=\"robots\" content=\"index, follow, max-snippet:-1, max-image-preview:large, max-video-preview:-1\" \/>\n<link rel=\"canonical\" href=\"https:\/\/www.itape.com\/de\/product\/jobsite-ductape-de\/\" \/>\n<meta property=\"og:locale\" content=\"de_DE\" \/>\n<meta property=\"og:type\" content=\"article\" \/>\n<meta property=\"og:title\" content=\"Jobsite DUCTape\" \/>\n<meta property=\"og:description\" content=\"228,6 \u03bcm Mehrzweck-Klebeband eignet sich perfekt f\u00fcr allgemein Wartungsaufgaben wie Wicklung und Verpackung, Wetterschutz, Verbindung und B\u00fcndelung. Der aggressive Kleber aus Naturkautschuk haftet gut auf vielen verschiedenen Oberfl\u00e4chen und l\u00e4sst sich in einem breiten Temperaturbereich einsetzen. Erh\u00e4ltlich in rot, orange, gelb, gr\u00fcn, blau, braunoliv, silber und wei\u00df.\" \/>\n<meta property=\"og:url\" content=\"https:\/\/www.itape.com\/de\/product\/jobsite-ductape-de\/\" \/>\n<meta property=\"og:site_name\" content=\"IPG\" \/>\n<meta property=\"article:publisher\" content=\"https:\/\/www.facebook.com\/intertape\" \/>\n<meta property=\"article:modified_time\" content=\"2023-04-27T17:30:26+00:00\" \/>\n<meta property=\"og:image\" content=\"https:\/\/www.itape.com\/wp-content\/uploads\/2023\/01\/IPG_JOBSITE_DUCTape_60yds_horiz.jpg\" \/>\n\t<meta property=\"og:image:width\" content=\"2400\" \/>\n\t<meta property=\"og:image:height\" content=\"2400\" \/>\n\t<meta property=\"og:image:type\" content=\"image\/jpeg\" \/>\n<meta name=\"twitter:card\" content=\"summary_large_image\" \/>\n<meta name=\"twitter:site\" content=\"@IPGtape\" \/>\n<meta name=\"twitter:label1\" content=\"Price\" \/>\n\t<meta name=\"twitter:data1\" content=\"\" \/>\n\t<meta name=\"twitter:label2\" content=\"Availability\" \/>\n\t<meta name=\"twitter:data2\" content=\"In stock\" \/>\n<script type=\"application\/ld+json\" class=\"yoast-schema-graph\">{\"@context\":\"https:\/\/schema.org\",\"@graph\":[{\"@type\":\"WebPage\",\"@id\":\"https:\/\/www.itape.com\/de\/product\/jobsite-ductape-de\/\",\"url\":\"https:\/\/www.itape.com\/de\/product\/jobsite-ductape-de\/\",\"name\":\"Jobsite DUCTape - IPG\",\"isPartOf\":{\"@id\":\"https:\/\/www.itape.com\/#website\"},\"primaryImageOfPage\":{\"@id\":\"https:\/\/www.itape.com\/de\/product\/jobsite-ductape-de\/#primaryimage\"},\"image\":{\"@id\":\"https:\/\/www.itape.com\/de\/product\/jobsite-ductape-de\/#primaryimage\"},\"thumbnailUrl\":\"https:\/\/www.itape.com\/wp-content\/uploads\/2023\/01\/IPG_JOBSITE_DUCTape_60yds_horiz.jpg\",\"datePublished\":\"2023-01-12T14:34:01+00:00\",\"dateModified\":\"2023-04-27T17:30:26+00:00\",\"breadcrumb\":{\"@id\":\"https:\/\/www.itape.com\/de\/product\/jobsite-ductape-de\/#breadcrumb\"},\"inLanguage\":\"de-DE\",\"potentialAction\":[{\"@type\":\"ReadAction\",\"target\":[\"https:\/\/www.itape.com\/de\/product\/jobsite-ductape-de\/\"]}]},{\"@type\":\"ImageObject\",\"inLanguage\":\"de-DE\",\"@id\":\"https:\/\/www.itape.com\/de\/product\/jobsite-ductape-de\/#primaryimage\",\"url\":\"https:\/\/www.itape.com\/wp-content\/uploads\/2023\/01\/IPG_JOBSITE_DUCTape_60yds_horiz.jpg\",\"contentUrl\":\"https:\/\/www.itape.com\/wp-content\/uploads\/2023\/01\/IPG_JOBSITE_DUCTape_60yds_horiz.jpg\",\"width\":2400,\"height\":2400,\"caption\":\"IPG JOBSITE Duct Tape\"},{\"@type\":\"BreadcrumbList\",\"@id\":\"https:\/\/www.itape.com\/de\/product\/jobsite-ductape-de\/#breadcrumb\",\"itemListElement\":[{\"@type\":\"ListItem\",\"position\":1,\"name\":\"Home\",\"item\":\"https:\/\/www.itape.com\/de\/\"},{\"@type\":\"ListItem\",\"position\":2,\"name\":\"Products\",\"item\":\"https:\/\/www.itape.com\/products\/\"},{\"@type\":\"ListItem\",\"position\":3,\"name\":\"Jobsite DUCTape\"}]},{\"@type\":\"WebSite\",\"@id\":\"https:\/\/www.itape.com\/#website\",\"url\":\"https:\/\/www.itape.com\/\",\"name\":\"IPG\",\"description\":\"Global Leader in Packaging and Protective Solutions\",\"publisher\":{\"@id\":\"https:\/\/www.itape.com\/#organization\"},\"potentialAction\":[{\"@type\":\"SearchAction\",\"target\":{\"@type\":\"EntryPoint\",\"urlTemplate\":\"https:\/\/www.itape.com\/?s={search_term_string}\"},\"query-input\":{\"@type\":\"PropertyValueSpecification\",\"valueRequired\":true,\"valueName\":\"search_term_string\"}}],\"inLanguage\":\"de-DE\"},{\"@type\":\"Organization\",\"@id\":\"https:\/\/www.itape.com\/#organization\",\"name\":\"IPG\",\"url\":\"https:\/\/www.itape.com\/\",\"logo\":{\"@type\":\"ImageObject\",\"inLanguage\":\"de-DE\",\"@id\":\"https:\/\/www.itape.com\/#\/schema\/logo\/image\/\",\"url\":\"https:\/\/www.itape.com\/wp-content\/uploads\/2024\/06\/IPG-logo-2.png\",\"contentUrl\":\"https:\/\/www.itape.com\/wp-content\/uploads\/2024\/06\/IPG-logo-2.png\",\"width\":60,\"height\":60,\"caption\":\"IPG\"},\"image\":{\"@id\":\"https:\/\/www.itape.com\/#\/schema\/logo\/image\/\"},\"sameAs\":[\"https:\/\/www.facebook.com\/intertape\",\"https:\/\/x.com\/IPGtape\",\"https:\/\/www.linkedin.com\/company\/intertape-polymer-group\",\"https:\/\/www.instagram.com\/ipgtape\",\"https:\/\/www.youtube.com\/user\/IPGtape\"]}]}<\/script>\n<meta property=\"product:price:currency\" content=\"USD\" \/>\n<meta property=\"og:availability\" content=\"instock\" \/>\n<meta property=\"product:availability\" content=\"instock\" \/>\n<meta property=\"product:retailer_item_id\" content=\"0037c0ae2fc2\" \/>\n<meta property=\"product:condition\" content=\"new\" \/>\n<!-- \/ Yoast SEO Premium plugin. -->","yoast_head_json":{"title":"Jobsite DUCTape - IPG","robots":{"index":"index","follow":"follow","max-snippet":"max-snippet:-1","max-image-preview":"max-image-preview:large","max-video-preview":"max-video-preview:-1"},"canonical":"https:\/\/www.itape.com\/de\/product\/jobsite-ductape-de\/","og_locale":"de_DE","og_type":"article","og_title":"Jobsite DUCTape","og_description":"228,6 \u03bcm Mehrzweck-Klebeband eignet sich perfekt f\u00fcr allgemein Wartungsaufgaben wie Wicklung und Verpackung, Wetterschutz, Verbindung und B\u00fcndelung. Der aggressive Kleber aus Naturkautschuk haftet gut auf vielen verschiedenen Oberfl\u00e4chen und l\u00e4sst sich in einem breiten Temperaturbereich einsetzen. Erh\u00e4ltlich in rot, orange, gelb, gr\u00fcn, blau, braunoliv, silber und wei\u00df.","og_url":"https:\/\/www.itape.com\/de\/product\/jobsite-ductape-de\/","og_site_name":"IPG","article_publisher":"https:\/\/www.facebook.com\/intertape","article_modified_time":"2023-04-27T17:30:26+00:00","og_image":[{"width":2400,"height":2400,"url":"https:\/\/www.itape.com\/wp-content\/uploads\/2023\/01\/IPG_JOBSITE_DUCTape_60yds_horiz.jpg","type":"image\/jpeg"}],"twitter_card":"summary_large_image","twitter_site":"@IPGtape","twitter_misc":{"Price":"","Availability":"In stock"},"schema":{"@context":"https:\/\/schema.org","@graph":[{"@type":"WebPage","@id":"https:\/\/www.itape.com\/de\/product\/jobsite-ductape-de\/","url":"https:\/\/www.itape.com\/de\/product\/jobsite-ductape-de\/","name":"Jobsite DUCTape - IPG","isPartOf":{"@id":"https:\/\/www.itape.com\/#website"},"primaryImageOfPage":{"@id":"https:\/\/www.itape.com\/de\/product\/jobsite-ductape-de\/#primaryimage"},"image":{"@id":"https:\/\/www.itape.com\/de\/product\/jobsite-ductape-de\/#primaryimage"},"thumbnailUrl":"https:\/\/www.itape.com\/wp-content\/uploads\/2023\/01\/IPG_JOBSITE_DUCTape_60yds_horiz.jpg","datePublished":"2023-01-12T14:34:01+00:00","dateModified":"2023-04-27T17:30:26+00:00","breadcrumb":{"@id":"https:\/\/www.itape.com\/de\/product\/jobsite-ductape-de\/#breadcrumb"},"inLanguage":"de-DE","potentialAction":[{"@type":"ReadAction","target":["https:\/\/www.itape.com\/de\/product\/jobsite-ductape-de\/"]}]},{"@type":"ImageObject","inLanguage":"de-DE","@id":"https:\/\/www.itape.com\/de\/product\/jobsite-ductape-de\/#primaryimage","url":"https:\/\/www.itape.com\/wp-content\/uploads\/2023\/01\/IPG_JOBSITE_DUCTape_60yds_horiz.jpg","contentUrl":"https:\/\/www.itape.com\/wp-content\/uploads\/2023\/01\/IPG_JOBSITE_DUCTape_60yds_horiz.jpg","width":2400,"height":2400,"caption":"IPG JOBSITE Duct Tape"},{"@type":"BreadcrumbList","@id":"https:\/\/www.itape.com\/de\/product\/jobsite-ductape-de\/#breadcrumb","itemListElement":[{"@type":"ListItem","position":1,"name":"Home","item":"https:\/\/www.itape.com\/de\/"},{"@type":"ListItem","position":2,"name":"Products","item":"https:\/\/www.itape.com\/products\/"},{"@type":"ListItem","position":3,"name":"Jobsite DUCTape"}]},{"@type":"WebSite","@id":"https:\/\/www.itape.com\/#website","url":"https:\/\/www.itape.com\/","name":"IPG","description":"Global Leader in Packaging and Protective Solutions","publisher":{"@id":"https:\/\/www.itape.com\/#organization"},"potentialAction":[{"@type":"SearchAction","target":{"@type":"EntryPoint","urlTemplate":"https:\/\/www.itape.com\/?s={search_term_string}"},"query-input":{"@type":"PropertyValueSpecification","valueRequired":true,"valueName":"search_term_string"}}],"inLanguage":"de-DE"},{"@type":"Organization","@id":"https:\/\/www.itape.com\/#organization","name":"IPG","url":"https:\/\/www.itape.com\/","logo":{"@type":"ImageObject","inLanguage":"de-DE","@id":"https:\/\/www.itape.com\/#\/schema\/logo\/image\/","url":"https:\/\/www.itape.com\/wp-content\/uploads\/2024\/06\/IPG-logo-2.png","contentUrl":"https:\/\/www.itape.com\/wp-content\/uploads\/2024\/06\/IPG-logo-2.png","width":60,"height":60,"caption":"IPG"},"image":{"@id":"https:\/\/www.itape.com\/#\/schema\/logo\/image\/"},"sameAs":["https:\/\/www.facebook.com\/intertape","https:\/\/x.com\/IPGtape","https:\/\/www.linkedin.com\/company\/intertape-polymer-group","https:\/\/www.instagram.com\/ipgtape","https:\/\/www.youtube.com\/user\/IPGtape"]}]},"product_price_currency":"USD","og_availability":"instock","product_availability":"instock","product_retailer_item_id":"0037c0ae2fc2","product_condition":"new"},"parsely":{"version":"1.1.0","canonical_url":"https:\/\/itape.com\/de\/product\/jobsite-ductape-de\/","smart_links":{"inbound":0,"outbound":0},"traffic_boost_suggestions_count":0,"meta":{"@context":"https:\/\/schema.org","@type":"WebPage","headline":"Jobsite DUCTape","url":"https:\/\/www.itape.com\/de\/product\/jobsite-ductape-de\/","mainEntityOfPage":{"@type":"WebPage","@id":"https:\/\/www.itape.com\/de\/product\/jobsite-ductape-de\/"},"thumbnailUrl":"https:\/\/www.itape.com\/wp-content\/uploads\/2023\/01\/IPG_JOBSITE_DUCTape_60yds_horiz.jpg?w=150&h=150&crop=1","image":{"@type":"ImageObject","url":"https:\/\/www.itape.com\/wp-content\/uploads\/2023\/01\/IPG_JOBSITE_DUCTape_60yds_horiz.jpg"},"articleSection":"Unkategorisiert","author":[{"@type":"Person","name":"IPG"}],"creator":["IPG"],"publisher":{"@type":"Organization","name":"IPG","logo":"https:\/\/www.itape.com\/wp-content\/uploads\/2023\/03\/IPG-logo-2.png"},"keywords":[],"dateCreated":"2023-01-12T14:34:01Z","datePublished":"2023-01-12T14:34:01Z","dateModified":"2023-04-27T17:30:26Z"},"rendered":"<meta name=\"parsely-title\" content=\"Jobsite DUCTape\" \/>\n<meta name=\"parsely-link\" content=\"https:\/\/www.itape.com\/de\/product\/jobsite-ductape-de\/\" \/>\n<meta name=\"parsely-type\" content=\"index\" \/>\n<meta name=\"parsely-image-url\" content=\"https:\/\/www.itape.com\/wp-content\/uploads\/2023\/01\/IPG_JOBSITE_DUCTape_60yds_horiz.jpg?w=150&amp;h=150&amp;crop=1\" \/>\n<meta name=\"parsely-pub-date\" content=\"2023-01-12T14:34:01Z\" \/>\n<meta name=\"parsely-section\" content=\"Unkategorisiert\" \/>\n<meta name=\"parsely-author\" content=\"IPG\" \/>","tracker_url":"https:\/\/cdn.parsely.com\/keys\/itape.com\/p.js"},"jetpack_sharing_enabled":true,"_links":{"self":[{"href":"https:\/\/www.itape.com\/de\/wp-json\/wp\/v2\/product\/48983","targetHints":{"allow":["GET"]}}],"collection":[{"href":"https:\/\/www.itape.com\/de\/wp-json\/wp\/v2\/product"}],"about":[{"href":"https:\/\/www.itape.com\/de\/wp-json\/wp\/v2\/types\/product"}],"replies":[{"embeddable":true,"href":"https:\/\/www.itape.com\/de\/wp-json\/wp\/v2\/comments?post=48983"}],"wp:featuredmedia":[{"embeddable":true,"href":"https:\/\/www.itape.com\/de\/wp-json\/wp\/v2\/media\/56773"}],"wp:attachment":[{"href":"https:\/\/www.itape.com\/de\/wp-json\/wp\/v2\/media?parent=48983"}],"wp:term":[{"taxonomy":"product_brand","embeddable":true,"href":"https:\/\/www.itape.com\/de\/wp-json\/wp\/v2\/product_brand?post=48983"},{"taxonomy":"product_cat","embeddable":true,"href":"https:\/\/www.itape.com\/de\/wp-json\/wp\/v2\/product_cat?post=48983"},{"taxonomy":"product_tag","embeddable":true,"href":"https:\/\/www.itape.com\/de\/wp-json\/wp\/v2\/product_tag?post=48983"},{"taxonomy":"associated_application","embeddable":true,"href":"https:\/\/www.itape.com\/de\/wp-json\/wp\/v2\/associated_application?post=48983"}],"curies":[{"name":"wp","href":"https:\/\/api.w.org\/{rel}","templated":true}]}}