{"id":49104,"date":"2023-01-12T14:35:16","date_gmt":"2023-01-12T14:35:16","guid":{"rendered":"https:\/\/www.itape.com\/product\/vci-heat-seal-bags-de\/"},"modified":"2023-05-06T00:21:17","modified_gmt":"2023-05-06T00:21:17","slug":"vci-heat-seal-bags-de","status":"publish","type":"product","link":"https:\/\/www.itape.com\/de\/product\/vci-heat-seal-bags-de\/","title":{"rendered":"VCI Heat Seal Bags"},"content":{"rendered":"<div class=\"prose\">Gesch\u00fctzte Metalle: Carbonstahl, Edelstahl, Kupfer, Messing, Aluminium, Silber, Zink, verzinkter Stahl, L\u00f6tmetall, Siliziumstahl<\/div>\n","protected":false},"excerpt":{"rendered":"<p>VCI2000-Hei\u00dfsiegelbeutel sch\u00fctzen Metallteile w\u00e4hrend der Lagerung oder des Transports gegen Korrosion durch Feuchtigkeit, Salz und andere Verunreinigungen. VCI-Beutel werden unter Verwendung der neusten Polymertechnologie hergestellt und unter niedrigen Temperaturen mit Dampfkorrosionsinhibitoren (Vapor Corrosion Inhibitors, VCI) impr\u00e4gniert und sch\u00fctzen so die meisten eisenhaltigen und nichteisenhaltigen Metalle vor Korrosion. Merkmale: einfach zu bef\u00fcllende \u00d6ffnungen zur Senkung von Arbeitskosten und Steigerung der Produktivit\u00e4t, \u00fcberragende Durchsto\u00dffestigkeit zum Schutz vor Transportsch\u00e4den, ausgezeichnete Rei\u00dffestigkeit, Wasser- und Schmutzresistenz.<\/p>\n","protected":false},"featured_media":61456,"comment_status":"closed","ping_status":"closed","template":"","meta":{"_acf_changed":false},"product_brand":[],"product_cat":[7773,7812,7067,7820],"product_tag":[7189],"associated_application":[6883,6886,6878,6879,7940,7033,6914,7017,7001,7924,7921,6877,6890,6893,6888],"class_list":{"0":"post-49104","1":"product","2":"type-product","3":"status-publish","4":"has-post-thumbnail","6":"product_cat-schutzverpackungen-de","7":"product_cat-packaging-films-vci-folien-de","8":"product_cat-vci-anti-corrosion-packaging-de","9":"product_cat-schutzverpackungen-vci-korrosionsschutzverpackungen-de","10":"product_tag-vci-bags-de","11":"associated_application-elektroelektronik-de","12":"associated_application-fertigung-de","13":"associated_application-haushaltsgeraete-de","14":"associated_application-kfz-gewerbe-de","15":"associated_application-korrosionsschutzlagerung-elektro","16":"associated_application-lagerung-empfindlicher-teile-transportwesen","17":"associated_application-lagerung-empfindlicher-teile-kfz-gewerbe","18":"associated_application-lagerung-empfindlicher-teile-schifffeahrt-und-verbundwerkstoffe","19":"associated_application-lagerung-empfindlicher-teile-umzug-und-lagerung","20":"associated_application-lagerung-empfindlicher-teile-haushaltsgeraete-de","21":"associated_application-lagerung-empfindlicher-teile-luft-raumfahrt","22":"associated_application-luft-und-raumfahrt-de","23":"associated_application-schifffahrt-und-verbundwerkstoffe-de","24":"associated_application-transportwesen-de","25":"associated_application-umzug-und-lagerung-de","27":"first","28":"instock","29":"product-type-simple"},"acf":[],"yoast_head":"<!-- This site is optimized with the Yoast SEO Premium plugin v24.1 (Yoast SEO v27.0) - https:\/\/yoast.com\/product\/yoast-seo-premium-wordpress\/ -->\n<title>VCI Heat Seal Bags - IPG<\/title>\n<meta name=\"robots\" content=\"index, follow, max-snippet:-1, max-image-preview:large, max-video-preview:-1\" \/>\n<link rel=\"canonical\" href=\"https:\/\/www.itape.com\/de\/product\/vci-heat-seal-bags-de\/\" \/>\n<meta property=\"og:locale\" content=\"de_DE\" \/>\n<meta property=\"og:type\" content=\"article\" \/>\n<meta property=\"og:title\" content=\"VCI Heat Seal Bags\" \/>\n<meta property=\"og:description\" content=\"VCI2000-Hei\u00dfsiegelbeutel sch\u00fctzen Metallteile w\u00e4hrend der Lagerung oder des Transports gegen Korrosion durch Feuchtigkeit, Salz und andere Verunreinigungen. VCI-Beutel werden unter Verwendung der neusten Polymertechnologie hergestellt und unter niedrigen Temperaturen mit Dampfkorrosionsinhibitoren (Vapor Corrosion Inhibitors, VCI) impr\u00e4gniert und sch\u00fctzen so die meisten eisenhaltigen und nichteisenhaltigen Metalle vor Korrosion. Merkmale: einfach zu bef\u00fcllende \u00d6ffnungen zur Senkung von Arbeitskosten und Steigerung der Produktivit\u00e4t, \u00fcberragende Durchsto\u00dffestigkeit zum Schutz vor Transportsch\u00e4den, ausgezeichnete Rei\u00dffestigkeit, Wasser- und Schmutzresistenz.\" \/>\n<meta property=\"og:url\" content=\"https:\/\/www.itape.com\/de\/product\/vci-heat-seal-bags-de\/\" \/>\n<meta property=\"og:site_name\" content=\"IPG\" \/>\n<meta property=\"article:publisher\" content=\"https:\/\/www.facebook.com\/intertape\" \/>\n<meta property=\"article:modified_time\" content=\"2023-05-06T00:21:17+00:00\" \/>\n<meta property=\"og:image\" content=\"https:\/\/www.itape.com\/wp-content\/uploads\/2023\/01\/VCI-Heat-Seal-Bags_High.jpg\" \/>\n\t<meta property=\"og:image:width\" content=\"2400\" \/>\n\t<meta property=\"og:image:height\" content=\"2400\" \/>\n\t<meta property=\"og:image:type\" content=\"image\/jpeg\" \/>\n<meta name=\"twitter:card\" content=\"summary_large_image\" \/>\n<meta name=\"twitter:site\" content=\"@IPGtape\" \/>\n<meta name=\"twitter:label1\" content=\"Price\" \/>\n\t<meta name=\"twitter:data1\" content=\"\" \/>\n\t<meta name=\"twitter:label2\" content=\"Availability\" \/>\n\t<meta name=\"twitter:data2\" content=\"In stock\" \/>\n<script type=\"application\/ld+json\" class=\"yoast-schema-graph\">{\"@context\":\"https:\/\/schema.org\",\"@graph\":[{\"@type\":\"WebPage\",\"@id\":\"https:\/\/www.itape.com\/de\/product\/vci-heat-seal-bags-de\/\",\"url\":\"https:\/\/www.itape.com\/de\/product\/vci-heat-seal-bags-de\/\",\"name\":\"VCI Heat Seal Bags - IPG\",\"isPartOf\":{\"@id\":\"https:\/\/www.itape.com\/#website\"},\"primaryImageOfPage\":{\"@id\":\"https:\/\/www.itape.com\/de\/product\/vci-heat-seal-bags-de\/#primaryimage\"},\"image\":{\"@id\":\"https:\/\/www.itape.com\/de\/product\/vci-heat-seal-bags-de\/#primaryimage\"},\"thumbnailUrl\":\"https:\/\/www.itape.com\/wp-content\/uploads\/2023\/01\/VCI-Heat-Seal-Bags_High.jpg\",\"datePublished\":\"2023-01-12T14:35:16+00:00\",\"dateModified\":\"2023-05-06T00:21:17+00:00\",\"breadcrumb\":{\"@id\":\"https:\/\/www.itape.com\/de\/product\/vci-heat-seal-bags-de\/#breadcrumb\"},\"inLanguage\":\"de-DE\",\"potentialAction\":[{\"@type\":\"ReadAction\",\"target\":[\"https:\/\/www.itape.com\/de\/product\/vci-heat-seal-bags-de\/\"]}]},{\"@type\":\"ImageObject\",\"inLanguage\":\"de-DE\",\"@id\":\"https:\/\/www.itape.com\/de\/product\/vci-heat-seal-bags-de\/#primaryimage\",\"url\":\"https:\/\/www.itape.com\/wp-content\/uploads\/2023\/01\/VCI-Heat-Seal-Bags_High.jpg\",\"contentUrl\":\"https:\/\/www.itape.com\/wp-content\/uploads\/2023\/01\/VCI-Heat-Seal-Bags_High.jpg\",\"width\":2400,\"height\":2400,\"caption\":\"VCI-Heat-Seal-Bags_High\"},{\"@type\":\"BreadcrumbList\",\"@id\":\"https:\/\/www.itape.com\/de\/product\/vci-heat-seal-bags-de\/#breadcrumb\",\"itemListElement\":[{\"@type\":\"ListItem\",\"position\":1,\"name\":\"Home\",\"item\":\"https:\/\/www.itape.com\/de\/\"},{\"@type\":\"ListItem\",\"position\":2,\"name\":\"Products\",\"item\":\"https:\/\/www.itape.com\/products\/\"},{\"@type\":\"ListItem\",\"position\":3,\"name\":\"VCI Heat Seal Bags\"}]},{\"@type\":\"WebSite\",\"@id\":\"https:\/\/www.itape.com\/#website\",\"url\":\"https:\/\/www.itape.com\/\",\"name\":\"IPG\",\"description\":\"Global Leader in Packaging and Protective Solutions\",\"publisher\":{\"@id\":\"https:\/\/www.itape.com\/#organization\"},\"potentialAction\":[{\"@type\":\"SearchAction\",\"target\":{\"@type\":\"EntryPoint\",\"urlTemplate\":\"https:\/\/www.itape.com\/?s={search_term_string}\"},\"query-input\":{\"@type\":\"PropertyValueSpecification\",\"valueRequired\":true,\"valueName\":\"search_term_string\"}}],\"inLanguage\":\"de-DE\"},{\"@type\":\"Organization\",\"@id\":\"https:\/\/www.itape.com\/#organization\",\"name\":\"IPG\",\"url\":\"https:\/\/www.itape.com\/\",\"logo\":{\"@type\":\"ImageObject\",\"inLanguage\":\"de-DE\",\"@id\":\"https:\/\/www.itape.com\/#\/schema\/logo\/image\/\",\"url\":\"https:\/\/www.itape.com\/wp-content\/uploads\/2024\/06\/IPG-logo-2.png\",\"contentUrl\":\"https:\/\/www.itape.com\/wp-content\/uploads\/2024\/06\/IPG-logo-2.png\",\"width\":60,\"height\":60,\"caption\":\"IPG\"},\"image\":{\"@id\":\"https:\/\/www.itape.com\/#\/schema\/logo\/image\/\"},\"sameAs\":[\"https:\/\/www.facebook.com\/intertape\",\"https:\/\/x.com\/IPGtape\",\"https:\/\/www.linkedin.com\/company\/intertape-polymer-group\",\"https:\/\/www.instagram.com\/ipgtape\",\"https:\/\/www.youtube.com\/user\/IPGtape\"]}]}<\/script>\n<meta property=\"product:price:currency\" content=\"USD\" \/>\n<meta property=\"og:availability\" content=\"instock\" \/>\n<meta property=\"product:availability\" content=\"instock\" \/>\n<meta property=\"product:retailer_item_id\" content=\"7a0600560590\" \/>\n<meta property=\"product:condition\" content=\"new\" \/>\n<!-- \/ Yoast SEO Premium plugin. -->","yoast_head_json":{"title":"VCI Heat Seal Bags - IPG","robots":{"index":"index","follow":"follow","max-snippet":"max-snippet:-1","max-image-preview":"max-image-preview:large","max-video-preview":"max-video-preview:-1"},"canonical":"https:\/\/www.itape.com\/de\/product\/vci-heat-seal-bags-de\/","og_locale":"de_DE","og_type":"article","og_title":"VCI Heat Seal Bags","og_description":"VCI2000-Hei\u00dfsiegelbeutel sch\u00fctzen Metallteile w\u00e4hrend der Lagerung oder des Transports gegen Korrosion durch Feuchtigkeit, Salz und andere Verunreinigungen. VCI-Beutel werden unter Verwendung der neusten Polymertechnologie hergestellt und unter niedrigen Temperaturen mit Dampfkorrosionsinhibitoren (Vapor Corrosion Inhibitors, VCI) impr\u00e4gniert und sch\u00fctzen so die meisten eisenhaltigen und nichteisenhaltigen Metalle vor Korrosion. Merkmale: einfach zu bef\u00fcllende \u00d6ffnungen zur Senkung von Arbeitskosten und Steigerung der Produktivit\u00e4t, \u00fcberragende Durchsto\u00dffestigkeit zum Schutz vor Transportsch\u00e4den, ausgezeichnete Rei\u00dffestigkeit, Wasser- und Schmutzresistenz.","og_url":"https:\/\/www.itape.com\/de\/product\/vci-heat-seal-bags-de\/","og_site_name":"IPG","article_publisher":"https:\/\/www.facebook.com\/intertape","article_modified_time":"2023-05-06T00:21:17+00:00","og_image":[{"width":2400,"height":2400,"url":"https:\/\/www.itape.com\/wp-content\/uploads\/2023\/01\/VCI-Heat-Seal-Bags_High.jpg","type":"image\/jpeg"}],"twitter_card":"summary_large_image","twitter_site":"@IPGtape","twitter_misc":{"Price":"","Availability":"In stock"},"schema":{"@context":"https:\/\/schema.org","@graph":[{"@type":"WebPage","@id":"https:\/\/www.itape.com\/de\/product\/vci-heat-seal-bags-de\/","url":"https:\/\/www.itape.com\/de\/product\/vci-heat-seal-bags-de\/","name":"VCI Heat Seal Bags - IPG","isPartOf":{"@id":"https:\/\/www.itape.com\/#website"},"primaryImageOfPage":{"@id":"https:\/\/www.itape.com\/de\/product\/vci-heat-seal-bags-de\/#primaryimage"},"image":{"@id":"https:\/\/www.itape.com\/de\/product\/vci-heat-seal-bags-de\/#primaryimage"},"thumbnailUrl":"https:\/\/www.itape.com\/wp-content\/uploads\/2023\/01\/VCI-Heat-Seal-Bags_High.jpg","datePublished":"2023-01-12T14:35:16+00:00","dateModified":"2023-05-06T00:21:17+00:00","breadcrumb":{"@id":"https:\/\/www.itape.com\/de\/product\/vci-heat-seal-bags-de\/#breadcrumb"},"inLanguage":"de-DE","potentialAction":[{"@type":"ReadAction","target":["https:\/\/www.itape.com\/de\/product\/vci-heat-seal-bags-de\/"]}]},{"@type":"ImageObject","inLanguage":"de-DE","@id":"https:\/\/www.itape.com\/de\/product\/vci-heat-seal-bags-de\/#primaryimage","url":"https:\/\/www.itape.com\/wp-content\/uploads\/2023\/01\/VCI-Heat-Seal-Bags_High.jpg","contentUrl":"https:\/\/www.itape.com\/wp-content\/uploads\/2023\/01\/VCI-Heat-Seal-Bags_High.jpg","width":2400,"height":2400,"caption":"VCI-Heat-Seal-Bags_High"},{"@type":"BreadcrumbList","@id":"https:\/\/www.itape.com\/de\/product\/vci-heat-seal-bags-de\/#breadcrumb","itemListElement":[{"@type":"ListItem","position":1,"name":"Home","item":"https:\/\/www.itape.com\/de\/"},{"@type":"ListItem","position":2,"name":"Products","item":"https:\/\/www.itape.com\/products\/"},{"@type":"ListItem","position":3,"name":"VCI Heat Seal Bags"}]},{"@type":"WebSite","@id":"https:\/\/www.itape.com\/#website","url":"https:\/\/www.itape.com\/","name":"IPG","description":"Global Leader in Packaging and Protective Solutions","publisher":{"@id":"https:\/\/www.itape.com\/#organization"},"potentialAction":[{"@type":"SearchAction","target":{"@type":"EntryPoint","urlTemplate":"https:\/\/www.itape.com\/?s={search_term_string}"},"query-input":{"@type":"PropertyValueSpecification","valueRequired":true,"valueName":"search_term_string"}}],"inLanguage":"de-DE"},{"@type":"Organization","@id":"https:\/\/www.itape.com\/#organization","name":"IPG","url":"https:\/\/www.itape.com\/","logo":{"@type":"ImageObject","inLanguage":"de-DE","@id":"https:\/\/www.itape.com\/#\/schema\/logo\/image\/","url":"https:\/\/www.itape.com\/wp-content\/uploads\/2024\/06\/IPG-logo-2.png","contentUrl":"https:\/\/www.itape.com\/wp-content\/uploads\/2024\/06\/IPG-logo-2.png","width":60,"height":60,"caption":"IPG"},"image":{"@id":"https:\/\/www.itape.com\/#\/schema\/logo\/image\/"},"sameAs":["https:\/\/www.facebook.com\/intertape","https:\/\/x.com\/IPGtape","https:\/\/www.linkedin.com\/company\/intertape-polymer-group","https:\/\/www.instagram.com\/ipgtape","https:\/\/www.youtube.com\/user\/IPGtape"]}]},"product_price_currency":"USD","og_availability":"instock","product_availability":"instock","product_retailer_item_id":"7a0600560590","product_condition":"new"},"parsely":{"version":"1.1.0","canonical_url":"https:\/\/itape.com\/de\/product\/vci-heat-seal-bags-de\/","smart_links":{"inbound":0,"outbound":0},"traffic_boost_suggestions_count":0,"meta":{"@context":"https:\/\/schema.org","@type":"WebPage","headline":"VCI Heat Seal Bags","url":"https:\/\/www.itape.com\/de\/product\/vci-heat-seal-bags-de\/","mainEntityOfPage":{"@type":"WebPage","@id":"https:\/\/www.itape.com\/de\/product\/vci-heat-seal-bags-de\/"},"thumbnailUrl":"https:\/\/www.itape.com\/wp-content\/uploads\/2023\/01\/VCI-Heat-Seal-Bags_High.jpg?w=150&h=150&crop=1","image":{"@type":"ImageObject","url":"https:\/\/www.itape.com\/wp-content\/uploads\/2023\/01\/VCI-Heat-Seal-Bags_High.jpg"},"articleSection":"Unkategorisiert","author":[{"@type":"Person","name":"IPG"}],"creator":["IPG"],"publisher":{"@type":"Organization","name":"IPG","logo":"https:\/\/www.itape.com\/wp-content\/uploads\/2023\/03\/IPG-logo-2.png"},"keywords":[],"dateCreated":"2023-01-12T14:35:16Z","datePublished":"2023-01-12T14:35:16Z","dateModified":"2023-05-06T00:21:17Z"},"rendered":"<meta name=\"parsely-title\" content=\"VCI Heat Seal Bags\" \/>\n<meta name=\"parsely-link\" content=\"https:\/\/www.itape.com\/de\/product\/vci-heat-seal-bags-de\/\" \/>\n<meta name=\"parsely-type\" content=\"index\" \/>\n<meta name=\"parsely-image-url\" content=\"https:\/\/www.itape.com\/wp-content\/uploads\/2023\/01\/VCI-Heat-Seal-Bags_High.jpg?w=150&amp;h=150&amp;crop=1\" \/>\n<meta name=\"parsely-pub-date\" content=\"2023-01-12T14:35:16Z\" \/>\n<meta name=\"parsely-section\" content=\"Unkategorisiert\" \/>\n<meta name=\"parsely-author\" content=\"IPG\" \/>","tracker_url":"https:\/\/cdn.parsely.com\/keys\/itape.com\/p.js"},"jetpack_sharing_enabled":true,"_links":{"self":[{"href":"https:\/\/www.itape.com\/de\/wp-json\/wp\/v2\/product\/49104","targetHints":{"allow":["GET"]}}],"collection":[{"href":"https:\/\/www.itape.com\/de\/wp-json\/wp\/v2\/product"}],"about":[{"href":"https:\/\/www.itape.com\/de\/wp-json\/wp\/v2\/types\/product"}],"replies":[{"embeddable":true,"href":"https:\/\/www.itape.com\/de\/wp-json\/wp\/v2\/comments?post=49104"}],"wp:featuredmedia":[{"embeddable":true,"href":"https:\/\/www.itape.com\/de\/wp-json\/wp\/v2\/media\/61456"}],"wp:attachment":[{"href":"https:\/\/www.itape.com\/de\/wp-json\/wp\/v2\/media?parent=49104"}],"wp:term":[{"taxonomy":"product_brand","embeddable":true,"href":"https:\/\/www.itape.com\/de\/wp-json\/wp\/v2\/product_brand?post=49104"},{"taxonomy":"product_cat","embeddable":true,"href":"https:\/\/www.itape.com\/de\/wp-json\/wp\/v2\/product_cat?post=49104"},{"taxonomy":"product_tag","embeddable":true,"href":"https:\/\/www.itape.com\/de\/wp-json\/wp\/v2\/product_tag?post=49104"},{"taxonomy":"associated_application","embeddable":true,"href":"https:\/\/www.itape.com\/de\/wp-json\/wp\/v2\/associated_application?post=49104"}],"curies":[{"name":"wp","href":"https:\/\/api.w.org\/{rel}","templated":true}]}}