{"id":49142,"date":"2023-01-12T14:35:40","date_gmt":"2023-01-12T14:35:40","guid":{"rendered":"https:\/\/www.itape.com\/product\/281-de\/"},"modified":"2023-09-05T19:58:18","modified_gmt":"2023-09-05T19:58:18","slug":"281","status":"publish","type":"product","link":"https:\/\/www.itape.com\/de\/product\/281\/","title":{"rendered":"281"},"content":{"rendered":"<div class=\"prose\">Used for sealing the \u201cmanufacturers joint\u201d on cartons in a box-making factory. Works well on recycled cartons. Recommend using on small, average, and some medium size boxes.<\/div>\n","protected":false},"excerpt":{"rendered":"<p>Mit Glasfaser verst\u00e4rktes Mehrzweckband f\u00fcr Kraftkartonhersteller, hergestellt mit wasseraktiviertem Klebstoff. Dient in Kartonagenfabriken die \u201eFabrikkante\u201c zu verschlie\u00dfen. L\u00e4sst sich gut auf Recyclingkartons verarbeiten. Empfohlen zur Anwendung auf kleinen, durchschnittlichen und einigen mittelgro\u00dfen Kartons. Erh\u00e4ltlich in beige, schneewei\u00df und wei\u00df.<\/p>\n","protected":false},"featured_media":53978,"comment_status":"closed","ping_status":"closed","template":"","meta":{"_acf_changed":false},"product_brand":[],"product_cat":[8266,7775,7068,7794,7827,7769],"product_tag":[7196,8263,7196],"associated_application":[6946,6981,6972,6882,6979,6988,6886,6878,6938,6879,6977,6885,6877,6893,7937],"class_list":{"0":"post-49142","1":"product","2":"type-product","3":"status-publish","4":"has-post-thumbnail","6":"product_cat-cradle-to-cradle-products-de","7":"product_cat-sustainable-packaging-de","8":"product_cat-water-activated-tape-de","9":"product_cat-carton-sealing-products-nassklebeband-de","10":"product_cat-sustainable-packaging-nassklebeband-de","11":"product_cat-carton-sealing-products-de","12":"product_tag-central-reinforced-wat-de","13":"product_tag-cradle-to-cradle-certified-de","15":"associated_application-bedruckbares-klebeband-de","16":"associated_application-branding-de-2","17":"associated_application-branding-de","18":"associated_application-e-commerce-de","19":"associated_application-erstoeffnungsgarantie-de-lebensmittelverarbeitung-de","20":"associated_application-erstoeffnungsgarantie-de-2","21":"associated_application-fertigung-de","22":"associated_application-haushaltsgeraete-de","23":"associated_application-kartonverschluss-automatisierung-de","24":"associated_application-kfz-gewerbe-de","25":"associated_application-refrigerated-transportstorage-de","26":"associated_application-lebensmittelverarbeitung-de","27":"associated_application-luft-und-raumfahrt-de","28":"associated_application-transportwesen-de","29":"associated_application-verpackungsklebebander-de","31":"first","32":"instock","33":"product-type-simple"},"acf":[],"yoast_head":"<!-- This site is optimized with the Yoast SEO Premium plugin v24.1 (Yoast SEO v27.0) - https:\/\/yoast.com\/product\/yoast-seo-premium-wordpress\/ -->\n<title>281 - IPG<\/title>\n<meta name=\"robots\" content=\"index, follow, max-snippet:-1, max-image-preview:large, max-video-preview:-1\" \/>\n<link rel=\"canonical\" href=\"https:\/\/www.itape.com\/product\/281\/\" \/>\n<meta property=\"og:locale\" content=\"de_DE\" \/>\n<meta property=\"og:type\" content=\"article\" \/>\n<meta property=\"og:title\" content=\"281\" \/>\n<meta property=\"og:description\" content=\"Mit Glasfaser verst\u00e4rktes Mehrzweckband f\u00fcr Kraftkartonhersteller, hergestellt mit wasseraktiviertem Klebstoff. Dient in Kartonagenfabriken die \u201eFabrikkante\u201c zu verschlie\u00dfen. L\u00e4sst sich gut auf Recyclingkartons verarbeiten. Empfohlen zur Anwendung auf kleinen, durchschnittlichen und einigen mittelgro\u00dfen Kartons. Erh\u00e4ltlich in beige, schneewei\u00df und wei\u00df.\" \/>\n<meta property=\"og:url\" content=\"https:\/\/www.itape.com\/product\/281\/\" \/>\n<meta property=\"og:site_name\" content=\"IPG\" \/>\n<meta property=\"article:publisher\" content=\"https:\/\/www.facebook.com\/intertape\" \/>\n<meta property=\"article:modified_time\" content=\"2023-09-05T19:58:18+00:00\" \/>\n<meta property=\"og:image\" content=\"https:\/\/www.itape.com\/wp-content\/uploads\/2023\/10\/281-natural-shadow-2.5x3400.jpg\" \/>\n\t<meta property=\"og:image:width\" content=\"2400\" \/>\n\t<meta property=\"og:image:height\" content=\"2400\" \/>\n\t<meta property=\"og:image:type\" content=\"image\/jpeg\" \/>\n<meta name=\"twitter:card\" content=\"summary_large_image\" \/>\n<meta name=\"twitter:site\" content=\"@IPGtape\" \/>\n<meta name=\"twitter:label1\" content=\"Price\" \/>\n\t<meta name=\"twitter:data1\" content=\"\" \/>\n\t<meta name=\"twitter:label2\" content=\"Availability\" \/>\n\t<meta name=\"twitter:data2\" content=\"In stock\" \/>\n<script type=\"application\/ld+json\" class=\"yoast-schema-graph\">{\"@context\":\"https:\/\/schema.org\",\"@graph\":[{\"@type\":\"WebPage\",\"@id\":\"https:\/\/www.itape.com\/product\/281\/\",\"url\":\"https:\/\/www.itape.com\/product\/281\/\",\"name\":\"281 - IPG\",\"isPartOf\":{\"@id\":\"https:\/\/www.itape.com\/#website\"},\"primaryImageOfPage\":{\"@id\":\"https:\/\/www.itape.com\/product\/281\/#primaryimage\"},\"image\":{\"@id\":\"https:\/\/www.itape.com\/product\/281\/#primaryimage\"},\"thumbnailUrl\":\"https:\/\/www.itape.com\/wp-content\/uploads\/2023\/10\/281-natural-shadow-2.5x3400.jpg\",\"datePublished\":\"2023-01-12T14:35:40+00:00\",\"dateModified\":\"2023-09-05T19:58:18+00:00\",\"breadcrumb\":{\"@id\":\"https:\/\/www.itape.com\/product\/281\/#breadcrumb\"},\"inLanguage\":\"de-DE\",\"potentialAction\":[{\"@type\":\"ReadAction\",\"target\":[\"https:\/\/www.itape.com\/product\/281\/\"]}]},{\"@type\":\"ImageObject\",\"inLanguage\":\"de-DE\",\"@id\":\"https:\/\/www.itape.com\/product\/281\/#primaryimage\",\"url\":\"https:\/\/www.itape.com\/wp-content\/uploads\/2023\/10\/281-natural-shadow-2.5x3400.jpg\",\"contentUrl\":\"https:\/\/www.itape.com\/wp-content\/uploads\/2023\/10\/281-natural-shadow-2.5x3400.jpg\",\"width\":2400,\"height\":2400,\"caption\":\"281_WAT\"},{\"@type\":\"BreadcrumbList\",\"@id\":\"https:\/\/www.itape.com\/product\/281\/#breadcrumb\",\"itemListElement\":[{\"@type\":\"ListItem\",\"position\":1,\"name\":\"Home\",\"item\":\"https:\/\/www.itape.com\/de\/\"},{\"@type\":\"ListItem\",\"position\":2,\"name\":\"Products\",\"item\":\"https:\/\/www.itape.com\/products\/\"},{\"@type\":\"ListItem\",\"position\":3,\"name\":\"281\"}]},{\"@type\":\"WebSite\",\"@id\":\"https:\/\/www.itape.com\/#website\",\"url\":\"https:\/\/www.itape.com\/\",\"name\":\"IPG\",\"description\":\"Global Leader in Packaging and Protective Solutions\",\"publisher\":{\"@id\":\"https:\/\/www.itape.com\/#organization\"},\"potentialAction\":[{\"@type\":\"SearchAction\",\"target\":{\"@type\":\"EntryPoint\",\"urlTemplate\":\"https:\/\/www.itape.com\/?s={search_term_string}\"},\"query-input\":{\"@type\":\"PropertyValueSpecification\",\"valueRequired\":true,\"valueName\":\"search_term_string\"}}],\"inLanguage\":\"de-DE\"},{\"@type\":\"Organization\",\"@id\":\"https:\/\/www.itape.com\/#organization\",\"name\":\"IPG\",\"url\":\"https:\/\/www.itape.com\/\",\"logo\":{\"@type\":\"ImageObject\",\"inLanguage\":\"de-DE\",\"@id\":\"https:\/\/www.itape.com\/#\/schema\/logo\/image\/\",\"url\":\"https:\/\/www.itape.com\/wp-content\/uploads\/2024\/06\/IPG-logo-2.png\",\"contentUrl\":\"https:\/\/www.itape.com\/wp-content\/uploads\/2024\/06\/IPG-logo-2.png\",\"width\":60,\"height\":60,\"caption\":\"IPG\"},\"image\":{\"@id\":\"https:\/\/www.itape.com\/#\/schema\/logo\/image\/\"},\"sameAs\":[\"https:\/\/www.facebook.com\/intertape\",\"https:\/\/x.com\/IPGtape\",\"https:\/\/www.linkedin.com\/company\/intertape-polymer-group\",\"https:\/\/www.instagram.com\/ipgtape\",\"https:\/\/www.youtube.com\/user\/IPGtape\"]}]}<\/script>\n<meta property=\"product:price:currency\" content=\"USD\" \/>\n<meta property=\"og:availability\" content=\"instock\" \/>\n<meta property=\"product:availability\" content=\"instock\" \/>\n<meta property=\"product:retailer_item_id\" content=\"7cd86f2244e7\" \/>\n<meta property=\"product:condition\" content=\"new\" \/>\n<!-- \/ Yoast SEO Premium plugin. -->","yoast_head_json":{"title":"281 - IPG","robots":{"index":"index","follow":"follow","max-snippet":"max-snippet:-1","max-image-preview":"max-image-preview:large","max-video-preview":"max-video-preview:-1"},"canonical":"https:\/\/www.itape.com\/product\/281\/","og_locale":"de_DE","og_type":"article","og_title":"281","og_description":"Mit Glasfaser verst\u00e4rktes Mehrzweckband f\u00fcr Kraftkartonhersteller, hergestellt mit wasseraktiviertem Klebstoff. Dient in Kartonagenfabriken die \u201eFabrikkante\u201c zu verschlie\u00dfen. L\u00e4sst sich gut auf Recyclingkartons verarbeiten. Empfohlen zur Anwendung auf kleinen, durchschnittlichen und einigen mittelgro\u00dfen Kartons. Erh\u00e4ltlich in beige, schneewei\u00df und wei\u00df.","og_url":"https:\/\/www.itape.com\/product\/281\/","og_site_name":"IPG","article_publisher":"https:\/\/www.facebook.com\/intertape","article_modified_time":"2023-09-05T19:58:18+00:00","og_image":[{"width":2400,"height":2400,"url":"https:\/\/www.itape.com\/wp-content\/uploads\/2023\/10\/281-natural-shadow-2.5x3400.jpg","type":"image\/jpeg"}],"twitter_card":"summary_large_image","twitter_site":"@IPGtape","twitter_misc":{"Price":"","Availability":"In stock"},"schema":{"@context":"https:\/\/schema.org","@graph":[{"@type":"WebPage","@id":"https:\/\/www.itape.com\/product\/281\/","url":"https:\/\/www.itape.com\/product\/281\/","name":"281 - IPG","isPartOf":{"@id":"https:\/\/www.itape.com\/#website"},"primaryImageOfPage":{"@id":"https:\/\/www.itape.com\/product\/281\/#primaryimage"},"image":{"@id":"https:\/\/www.itape.com\/product\/281\/#primaryimage"},"thumbnailUrl":"https:\/\/www.itape.com\/wp-content\/uploads\/2023\/10\/281-natural-shadow-2.5x3400.jpg","datePublished":"2023-01-12T14:35:40+00:00","dateModified":"2023-09-05T19:58:18+00:00","breadcrumb":{"@id":"https:\/\/www.itape.com\/product\/281\/#breadcrumb"},"inLanguage":"de-DE","potentialAction":[{"@type":"ReadAction","target":["https:\/\/www.itape.com\/product\/281\/"]}]},{"@type":"ImageObject","inLanguage":"de-DE","@id":"https:\/\/www.itape.com\/product\/281\/#primaryimage","url":"https:\/\/www.itape.com\/wp-content\/uploads\/2023\/10\/281-natural-shadow-2.5x3400.jpg","contentUrl":"https:\/\/www.itape.com\/wp-content\/uploads\/2023\/10\/281-natural-shadow-2.5x3400.jpg","width":2400,"height":2400,"caption":"281_WAT"},{"@type":"BreadcrumbList","@id":"https:\/\/www.itape.com\/product\/281\/#breadcrumb","itemListElement":[{"@type":"ListItem","position":1,"name":"Home","item":"https:\/\/www.itape.com\/de\/"},{"@type":"ListItem","position":2,"name":"Products","item":"https:\/\/www.itape.com\/products\/"},{"@type":"ListItem","position":3,"name":"281"}]},{"@type":"WebSite","@id":"https:\/\/www.itape.com\/#website","url":"https:\/\/www.itape.com\/","name":"IPG","description":"Global Leader in Packaging and Protective Solutions","publisher":{"@id":"https:\/\/www.itape.com\/#organization"},"potentialAction":[{"@type":"SearchAction","target":{"@type":"EntryPoint","urlTemplate":"https:\/\/www.itape.com\/?s={search_term_string}"},"query-input":{"@type":"PropertyValueSpecification","valueRequired":true,"valueName":"search_term_string"}}],"inLanguage":"de-DE"},{"@type":"Organization","@id":"https:\/\/www.itape.com\/#organization","name":"IPG","url":"https:\/\/www.itape.com\/","logo":{"@type":"ImageObject","inLanguage":"de-DE","@id":"https:\/\/www.itape.com\/#\/schema\/logo\/image\/","url":"https:\/\/www.itape.com\/wp-content\/uploads\/2024\/06\/IPG-logo-2.png","contentUrl":"https:\/\/www.itape.com\/wp-content\/uploads\/2024\/06\/IPG-logo-2.png","width":60,"height":60,"caption":"IPG"},"image":{"@id":"https:\/\/www.itape.com\/#\/schema\/logo\/image\/"},"sameAs":["https:\/\/www.facebook.com\/intertape","https:\/\/x.com\/IPGtape","https:\/\/www.linkedin.com\/company\/intertape-polymer-group","https:\/\/www.instagram.com\/ipgtape","https:\/\/www.youtube.com\/user\/IPGtape"]}]},"product_price_currency":"USD","og_availability":"instock","product_availability":"instock","product_retailer_item_id":"7cd86f2244e7","product_condition":"new"},"parsely":{"version":"1.1.0","canonical_url":"https:\/\/itape.com\/de\/product\/281\/","smart_links":{"inbound":0,"outbound":0},"traffic_boost_suggestions_count":0,"meta":{"@context":"https:\/\/schema.org","@type":"WebPage","headline":"281","url":"https:\/\/www.itape.com\/de\/product\/281\/","mainEntityOfPage":{"@type":"WebPage","@id":"https:\/\/www.itape.com\/de\/product\/281\/"},"thumbnailUrl":"https:\/\/www.itape.com\/wp-content\/uploads\/2023\/10\/281-natural-shadow-2.5x3400.jpg?w=150&h=150&crop=1","image":{"@type":"ImageObject","url":"https:\/\/www.itape.com\/wp-content\/uploads\/2023\/10\/281-natural-shadow-2.5x3400.jpg"},"articleSection":"Unkategorisiert","author":[{"@type":"Person","name":"IPG"}],"creator":["IPG"],"publisher":{"@type":"Organization","name":"IPG","logo":"https:\/\/www.itape.com\/wp-content\/uploads\/2023\/03\/IPG-logo-2.png"},"keywords":[],"dateCreated":"2023-01-12T14:35:40Z","datePublished":"2023-01-12T14:35:40Z","dateModified":"2023-09-05T19:58:18Z"},"rendered":"<meta name=\"parsely-title\" content=\"281\" \/>\n<meta name=\"parsely-link\" content=\"https:\/\/www.itape.com\/de\/product\/281\/\" \/>\n<meta name=\"parsely-type\" content=\"index\" \/>\n<meta name=\"parsely-image-url\" content=\"https:\/\/www.itape.com\/wp-content\/uploads\/2023\/10\/281-natural-shadow-2.5x3400.jpg?w=150&amp;h=150&amp;crop=1\" \/>\n<meta name=\"parsely-pub-date\" content=\"2023-01-12T14:35:40Z\" \/>\n<meta name=\"parsely-section\" content=\"Unkategorisiert\" \/>\n<meta name=\"parsely-author\" content=\"IPG\" \/>","tracker_url":"https:\/\/cdn.parsely.com\/keys\/itape.com\/p.js"},"jetpack_sharing_enabled":true,"_links":{"self":[{"href":"https:\/\/www.itape.com\/de\/wp-json\/wp\/v2\/product\/49142","targetHints":{"allow":["GET"]}}],"collection":[{"href":"https:\/\/www.itape.com\/de\/wp-json\/wp\/v2\/product"}],"about":[{"href":"https:\/\/www.itape.com\/de\/wp-json\/wp\/v2\/types\/product"}],"replies":[{"embeddable":true,"href":"https:\/\/www.itape.com\/de\/wp-json\/wp\/v2\/comments?post=49142"}],"wp:featuredmedia":[{"embeddable":true,"href":"https:\/\/www.itape.com\/de\/wp-json\/wp\/v2\/media\/53978"}],"wp:attachment":[{"href":"https:\/\/www.itape.com\/de\/wp-json\/wp\/v2\/media?parent=49142"}],"wp:term":[{"taxonomy":"product_brand","embeddable":true,"href":"https:\/\/www.itape.com\/de\/wp-json\/wp\/v2\/product_brand?post=49142"},{"taxonomy":"product_cat","embeddable":true,"href":"https:\/\/www.itape.com\/de\/wp-json\/wp\/v2\/product_cat?post=49142"},{"taxonomy":"product_tag","embeddable":true,"href":"https:\/\/www.itape.com\/de\/wp-json\/wp\/v2\/product_tag?post=49142"},{"taxonomy":"associated_application","embeddable":true,"href":"https:\/\/www.itape.com\/de\/wp-json\/wp\/v2\/associated_application?post=49142"}],"curies":[{"name":"wp","href":"https:\/\/api.w.org\/{rel}","templated":true}]}}