{"id":49145,"date":"2023-01-12T14:35:40","date_gmt":"2023-01-12T14:35:40","guid":{"rendered":"https:\/\/www.itape.com\/product\/bp333-plus-wat-dispenser-de-3\/"},"modified":"2023-10-30T15:44:46","modified_gmt":"2023-10-30T15:44:46","slug":"bp333-plus-wat-dispenser","status":"publish","type":"product","link":"https:\/\/www.itape.com\/de\/product\/bp333-plus-wat-dispenser\/","title":{"rendered":"BP333 Plus WAT Dispenser"},"content":{"rendered":"<div class=\"prose\">Ideal for facilities that are sealing between 1 and 75 cartons per day\/per 8hr shift. Can work in packing stations without access to electricity and moving the tape dispenser(s) between various locations.<\/div>\n","protected":false},"excerpt":{"rendered":"<p>Das Better Pack 333 Plus ist ein manueller Klebebandabroller f\u00fcr wasseraktiviertes Klebeband, der robust, zuverl\u00e4ssig und einfach in der Handhabung ist. Dieser Spender eignet sich perfekt f\u00fcr leichte bis mittelschwere Verpackungen und ist sowohl f\u00fcr verst\u00e4rktes als auch f\u00fcr unverst\u00e4rktes wasseraktiviertes Klebeband angepasst. Er ist als nichtelektrische Einheit erh\u00e4ltlich und zus\u00e4tzlich auch mit einem optionalen Oberheizungszubeh\u00f6r (Stromanschluss erforderlich), wenn eine h\u00f6here Klebebandhaftung ben\u00f6tigt wird.<\/p>\n","protected":false},"featured_media":52076,"comment_status":"closed","ping_status":"closed","template":"","meta":{"_acf_changed":false},"product_brand":[],"product_cat":[7767,7667,7040,7775,7782,7795,7828,7769],"product_tag":[7076],"associated_application":[6882,6886,6878,6939,6879,6885,6877,6893],"class_list":{"0":"post-49145","1":"product","2":"type-product","3":"status-publish","4":"has-post-thumbnail","6":"product_cat-automated-equipment-de-2","7":"product_cat-automated-packaging-de","8":"product_cat-carton-sealing-machines-de","9":"product_cat-sustainable-packaging-de","10":"product_cat-automated-equipment-water-activated-tape-dispensers-de","11":"product_cat-carton-sealing-products-spender-fuer-wasseraktiviertes-klebeband-de","12":"product_cat-sustainable-packaging-spender-fuer-wasseraktiviertes-klebeband-de","13":"product_cat-carton-sealing-products-de","14":"product_tag-wat-dispensers-de","15":"associated_application-e-commerce-de","16":"associated_application-fertigung-de","17":"associated_application-haushaltsgeraete-de","18":"associated_application-kartonverschluss-nassklebeband-spender-de","19":"associated_application-kfz-gewerbe-de","20":"associated_application-lebensmittelverarbeitung-de","21":"associated_application-luft-und-raumfahrt-de","22":"associated_application-transportwesen-de","24":"first","25":"instock","26":"product-type-simple"},"acf":[],"yoast_head":"<!-- This site is optimized with the Yoast SEO Premium plugin v24.1 (Yoast SEO v27.0) - https:\/\/yoast.com\/product\/yoast-seo-premium-wordpress\/ -->\n<title>BP333 Plus WAT Dispenser - IPG<\/title>\n<meta name=\"robots\" content=\"index, follow, max-snippet:-1, max-image-preview:large, max-video-preview:-1\" \/>\n<link rel=\"canonical\" href=\"https:\/\/www.itape.com\/de\/product\/bp333-plus-wat-dispenser\/\" \/>\n<meta property=\"og:locale\" content=\"de_DE\" \/>\n<meta property=\"og:type\" content=\"article\" \/>\n<meta property=\"og:title\" content=\"BP333 Plus WAT Dispenser\" \/>\n<meta property=\"og:description\" content=\"Das Better Pack 333 Plus ist ein manueller Klebebandabroller f\u00fcr wasseraktiviertes Klebeband, der robust, zuverl\u00e4ssig und einfach in der Handhabung ist. Dieser Spender eignet sich perfekt f\u00fcr leichte bis mittelschwere Verpackungen und ist sowohl f\u00fcr verst\u00e4rktes als auch f\u00fcr unverst\u00e4rktes wasseraktiviertes Klebeband angepasst. Er ist als nichtelektrische Einheit erh\u00e4ltlich und zus\u00e4tzlich auch mit einem optionalen Oberheizungszubeh\u00f6r (Stromanschluss erforderlich), wenn eine h\u00f6here Klebebandhaftung ben\u00f6tigt wird.\" \/>\n<meta property=\"og:url\" content=\"https:\/\/www.itape.com\/de\/product\/bp333-plus-wat-dispenser\/\" \/>\n<meta property=\"og:site_name\" content=\"IPG\" \/>\n<meta property=\"article:publisher\" content=\"https:\/\/www.facebook.com\/intertape\" \/>\n<meta property=\"article:modified_time\" content=\"2023-10-30T15:44:46+00:00\" \/>\n<meta property=\"og:image\" content=\"https:\/\/www.itape.com\/wp-content\/uploads\/2023\/01\/BP333_high.jpg\" \/>\n\t<meta property=\"og:image:width\" content=\"2400\" \/>\n\t<meta property=\"og:image:height\" content=\"2400\" \/>\n\t<meta property=\"og:image:type\" content=\"image\/jpeg\" \/>\n<meta name=\"twitter:card\" content=\"summary_large_image\" \/>\n<meta name=\"twitter:site\" content=\"@IPGtape\" \/>\n<meta name=\"twitter:label1\" content=\"Price\" \/>\n\t<meta name=\"twitter:data1\" content=\"\" \/>\n\t<meta name=\"twitter:label2\" content=\"Availability\" \/>\n\t<meta name=\"twitter:data2\" content=\"In stock\" \/>\n<script type=\"application\/ld+json\" class=\"yoast-schema-graph\">{\"@context\":\"https:\/\/schema.org\",\"@graph\":[{\"@type\":\"WebPage\",\"@id\":\"https:\/\/www.itape.com\/de\/product\/bp333-plus-wat-dispenser\/\",\"url\":\"https:\/\/www.itape.com\/de\/product\/bp333-plus-wat-dispenser\/\",\"name\":\"BP333 Plus WAT Dispenser - IPG\",\"isPartOf\":{\"@id\":\"https:\/\/www.itape.com\/#website\"},\"primaryImageOfPage\":{\"@id\":\"https:\/\/www.itape.com\/de\/product\/bp333-plus-wat-dispenser\/#primaryimage\"},\"image\":{\"@id\":\"https:\/\/www.itape.com\/de\/product\/bp333-plus-wat-dispenser\/#primaryimage\"},\"thumbnailUrl\":\"https:\/\/www.itape.com\/wp-content\/uploads\/2023\/01\/BP333_high.jpg\",\"datePublished\":\"2023-01-12T14:35:40+00:00\",\"dateModified\":\"2023-10-30T15:44:46+00:00\",\"breadcrumb\":{\"@id\":\"https:\/\/www.itape.com\/de\/product\/bp333-plus-wat-dispenser\/#breadcrumb\"},\"inLanguage\":\"de-DE\",\"potentialAction\":[{\"@type\":\"ReadAction\",\"target\":[\"https:\/\/www.itape.com\/de\/product\/bp333-plus-wat-dispenser\/\"]}]},{\"@type\":\"ImageObject\",\"inLanguage\":\"de-DE\",\"@id\":\"https:\/\/www.itape.com\/de\/product\/bp333-plus-wat-dispenser\/#primaryimage\",\"url\":\"https:\/\/www.itape.com\/wp-content\/uploads\/2023\/01\/BP333_high.jpg\",\"contentUrl\":\"https:\/\/www.itape.com\/wp-content\/uploads\/2023\/01\/BP333_high.jpg\",\"width\":2400,\"height\":2400,\"caption\":\"BP333_Machine\"},{\"@type\":\"BreadcrumbList\",\"@id\":\"https:\/\/www.itape.com\/de\/product\/bp333-plus-wat-dispenser\/#breadcrumb\",\"itemListElement\":[{\"@type\":\"ListItem\",\"position\":1,\"name\":\"Home\",\"item\":\"https:\/\/www.itape.com\/de\/\"},{\"@type\":\"ListItem\",\"position\":2,\"name\":\"Products\",\"item\":\"https:\/\/www.itape.com\/products\/\"},{\"@type\":\"ListItem\",\"position\":3,\"name\":\"BP333 Plus WAT Dispenser\"}]},{\"@type\":\"WebSite\",\"@id\":\"https:\/\/www.itape.com\/#website\",\"url\":\"https:\/\/www.itape.com\/\",\"name\":\"IPG\",\"description\":\"Global Leader in Packaging and Protective Solutions\",\"publisher\":{\"@id\":\"https:\/\/www.itape.com\/#organization\"},\"potentialAction\":[{\"@type\":\"SearchAction\",\"target\":{\"@type\":\"EntryPoint\",\"urlTemplate\":\"https:\/\/www.itape.com\/?s={search_term_string}\"},\"query-input\":{\"@type\":\"PropertyValueSpecification\",\"valueRequired\":true,\"valueName\":\"search_term_string\"}}],\"inLanguage\":\"de-DE\"},{\"@type\":\"Organization\",\"@id\":\"https:\/\/www.itape.com\/#organization\",\"name\":\"IPG\",\"url\":\"https:\/\/www.itape.com\/\",\"logo\":{\"@type\":\"ImageObject\",\"inLanguage\":\"de-DE\",\"@id\":\"https:\/\/www.itape.com\/#\/schema\/logo\/image\/\",\"url\":\"https:\/\/www.itape.com\/wp-content\/uploads\/2024\/06\/IPG-logo-2.png\",\"contentUrl\":\"https:\/\/www.itape.com\/wp-content\/uploads\/2024\/06\/IPG-logo-2.png\",\"width\":60,\"height\":60,\"caption\":\"IPG\"},\"image\":{\"@id\":\"https:\/\/www.itape.com\/#\/schema\/logo\/image\/\"},\"sameAs\":[\"https:\/\/www.facebook.com\/intertape\",\"https:\/\/x.com\/IPGtape\",\"https:\/\/www.linkedin.com\/company\/intertape-polymer-group\",\"https:\/\/www.instagram.com\/ipgtape\",\"https:\/\/www.youtube.com\/user\/IPGtape\"]}]}<\/script>\n<meta property=\"product:price:currency\" content=\"USD\" \/>\n<meta property=\"og:availability\" content=\"instock\" \/>\n<meta property=\"product:availability\" content=\"instock\" \/>\n<meta property=\"product:retailer_item_id\" content=\"a93145e170f7\" \/>\n<meta property=\"product:condition\" content=\"new\" \/>\n<!-- \/ Yoast SEO Premium plugin. -->","yoast_head_json":{"title":"BP333 Plus WAT Dispenser - IPG","robots":{"index":"index","follow":"follow","max-snippet":"max-snippet:-1","max-image-preview":"max-image-preview:large","max-video-preview":"max-video-preview:-1"},"canonical":"https:\/\/www.itape.com\/de\/product\/bp333-plus-wat-dispenser\/","og_locale":"de_DE","og_type":"article","og_title":"BP333 Plus WAT Dispenser","og_description":"Das Better Pack 333 Plus ist ein manueller Klebebandabroller f\u00fcr wasseraktiviertes Klebeband, der robust, zuverl\u00e4ssig und einfach in der Handhabung ist. Dieser Spender eignet sich perfekt f\u00fcr leichte bis mittelschwere Verpackungen und ist sowohl f\u00fcr verst\u00e4rktes als auch f\u00fcr unverst\u00e4rktes wasseraktiviertes Klebeband angepasst. Er ist als nichtelektrische Einheit erh\u00e4ltlich und zus\u00e4tzlich auch mit einem optionalen Oberheizungszubeh\u00f6r (Stromanschluss erforderlich), wenn eine h\u00f6here Klebebandhaftung ben\u00f6tigt wird.","og_url":"https:\/\/www.itape.com\/de\/product\/bp333-plus-wat-dispenser\/","og_site_name":"IPG","article_publisher":"https:\/\/www.facebook.com\/intertape","article_modified_time":"2023-10-30T15:44:46+00:00","og_image":[{"width":2400,"height":2400,"url":"https:\/\/www.itape.com\/wp-content\/uploads\/2023\/01\/BP333_high.jpg","type":"image\/jpeg"}],"twitter_card":"summary_large_image","twitter_site":"@IPGtape","twitter_misc":{"Price":"","Availability":"In stock"},"schema":{"@context":"https:\/\/schema.org","@graph":[{"@type":"WebPage","@id":"https:\/\/www.itape.com\/de\/product\/bp333-plus-wat-dispenser\/","url":"https:\/\/www.itape.com\/de\/product\/bp333-plus-wat-dispenser\/","name":"BP333 Plus WAT Dispenser - IPG","isPartOf":{"@id":"https:\/\/www.itape.com\/#website"},"primaryImageOfPage":{"@id":"https:\/\/www.itape.com\/de\/product\/bp333-plus-wat-dispenser\/#primaryimage"},"image":{"@id":"https:\/\/www.itape.com\/de\/product\/bp333-plus-wat-dispenser\/#primaryimage"},"thumbnailUrl":"https:\/\/www.itape.com\/wp-content\/uploads\/2023\/01\/BP333_high.jpg","datePublished":"2023-01-12T14:35:40+00:00","dateModified":"2023-10-30T15:44:46+00:00","breadcrumb":{"@id":"https:\/\/www.itape.com\/de\/product\/bp333-plus-wat-dispenser\/#breadcrumb"},"inLanguage":"de-DE","potentialAction":[{"@type":"ReadAction","target":["https:\/\/www.itape.com\/de\/product\/bp333-plus-wat-dispenser\/"]}]},{"@type":"ImageObject","inLanguage":"de-DE","@id":"https:\/\/www.itape.com\/de\/product\/bp333-plus-wat-dispenser\/#primaryimage","url":"https:\/\/www.itape.com\/wp-content\/uploads\/2023\/01\/BP333_high.jpg","contentUrl":"https:\/\/www.itape.com\/wp-content\/uploads\/2023\/01\/BP333_high.jpg","width":2400,"height":2400,"caption":"BP333_Machine"},{"@type":"BreadcrumbList","@id":"https:\/\/www.itape.com\/de\/product\/bp333-plus-wat-dispenser\/#breadcrumb","itemListElement":[{"@type":"ListItem","position":1,"name":"Home","item":"https:\/\/www.itape.com\/de\/"},{"@type":"ListItem","position":2,"name":"Products","item":"https:\/\/www.itape.com\/products\/"},{"@type":"ListItem","position":3,"name":"BP333 Plus WAT Dispenser"}]},{"@type":"WebSite","@id":"https:\/\/www.itape.com\/#website","url":"https:\/\/www.itape.com\/","name":"IPG","description":"Global Leader in Packaging and Protective Solutions","publisher":{"@id":"https:\/\/www.itape.com\/#organization"},"potentialAction":[{"@type":"SearchAction","target":{"@type":"EntryPoint","urlTemplate":"https:\/\/www.itape.com\/?s={search_term_string}"},"query-input":{"@type":"PropertyValueSpecification","valueRequired":true,"valueName":"search_term_string"}}],"inLanguage":"de-DE"},{"@type":"Organization","@id":"https:\/\/www.itape.com\/#organization","name":"IPG","url":"https:\/\/www.itape.com\/","logo":{"@type":"ImageObject","inLanguage":"de-DE","@id":"https:\/\/www.itape.com\/#\/schema\/logo\/image\/","url":"https:\/\/www.itape.com\/wp-content\/uploads\/2024\/06\/IPG-logo-2.png","contentUrl":"https:\/\/www.itape.com\/wp-content\/uploads\/2024\/06\/IPG-logo-2.png","width":60,"height":60,"caption":"IPG"},"image":{"@id":"https:\/\/www.itape.com\/#\/schema\/logo\/image\/"},"sameAs":["https:\/\/www.facebook.com\/intertape","https:\/\/x.com\/IPGtape","https:\/\/www.linkedin.com\/company\/intertape-polymer-group","https:\/\/www.instagram.com\/ipgtape","https:\/\/www.youtube.com\/user\/IPGtape"]}]},"product_price_currency":"USD","og_availability":"instock","product_availability":"instock","product_retailer_item_id":"a93145e170f7","product_condition":"new"},"parsely":{"version":"1.1.0","canonical_url":"https:\/\/itape.com\/de\/product\/bp333-plus-wat-dispenser\/","smart_links":{"inbound":0,"outbound":0},"traffic_boost_suggestions_count":0,"meta":{"@context":"https:\/\/schema.org","@type":"WebPage","headline":"BP333 Plus WAT Dispenser","url":"https:\/\/www.itape.com\/de\/product\/bp333-plus-wat-dispenser\/","mainEntityOfPage":{"@type":"WebPage","@id":"https:\/\/www.itape.com\/de\/product\/bp333-plus-wat-dispenser\/"},"thumbnailUrl":"https:\/\/www.itape.com\/wp-content\/uploads\/2023\/01\/BP333_high.jpg?w=150&h=150&crop=1","image":{"@type":"ImageObject","url":"https:\/\/www.itape.com\/wp-content\/uploads\/2023\/01\/BP333_high.jpg"},"articleSection":"Unkategorisiert","author":[{"@type":"Person","name":"IPG"}],"creator":["IPG"],"publisher":{"@type":"Organization","name":"IPG","logo":"https:\/\/www.itape.com\/wp-content\/uploads\/2023\/03\/IPG-logo-2.png"},"keywords":[],"dateCreated":"2023-01-12T14:35:40Z","datePublished":"2023-01-12T14:35:40Z","dateModified":"2023-10-30T15:44:46Z"},"rendered":"<meta name=\"parsely-title\" content=\"BP333 Plus WAT Dispenser\" \/>\n<meta name=\"parsely-link\" content=\"https:\/\/www.itape.com\/de\/product\/bp333-plus-wat-dispenser\/\" \/>\n<meta name=\"parsely-type\" content=\"index\" \/>\n<meta name=\"parsely-image-url\" content=\"https:\/\/www.itape.com\/wp-content\/uploads\/2023\/01\/BP333_high.jpg?w=150&amp;h=150&amp;crop=1\" \/>\n<meta name=\"parsely-pub-date\" content=\"2023-01-12T14:35:40Z\" \/>\n<meta name=\"parsely-section\" content=\"Unkategorisiert\" \/>\n<meta name=\"parsely-author\" content=\"IPG\" \/>","tracker_url":"https:\/\/cdn.parsely.com\/keys\/itape.com\/p.js"},"jetpack_sharing_enabled":true,"_links":{"self":[{"href":"https:\/\/www.itape.com\/de\/wp-json\/wp\/v2\/product\/49145","targetHints":{"allow":["GET"]}}],"collection":[{"href":"https:\/\/www.itape.com\/de\/wp-json\/wp\/v2\/product"}],"about":[{"href":"https:\/\/www.itape.com\/de\/wp-json\/wp\/v2\/types\/product"}],"replies":[{"embeddable":true,"href":"https:\/\/www.itape.com\/de\/wp-json\/wp\/v2\/comments?post=49145"}],"wp:featuredmedia":[{"embeddable":true,"href":"https:\/\/www.itape.com\/de\/wp-json\/wp\/v2\/media\/52076"}],"wp:attachment":[{"href":"https:\/\/www.itape.com\/de\/wp-json\/wp\/v2\/media?parent=49145"}],"wp:term":[{"taxonomy":"product_brand","embeddable":true,"href":"https:\/\/www.itape.com\/de\/wp-json\/wp\/v2\/product_brand?post=49145"},{"taxonomy":"product_cat","embeddable":true,"href":"https:\/\/www.itape.com\/de\/wp-json\/wp\/v2\/product_cat?post=49145"},{"taxonomy":"product_tag","embeddable":true,"href":"https:\/\/www.itape.com\/de\/wp-json\/wp\/v2\/product_tag?post=49145"},{"taxonomy":"associated_application","embeddable":true,"href":"https:\/\/www.itape.com\/de\/wp-json\/wp\/v2\/associated_application?post=49145"}],"curies":[{"name":"wp","href":"https:\/\/api.w.org\/{rel}","templated":true}]}}