{"id":57470,"date":"2023-01-12T14:34:24","date_gmt":"2023-01-12T14:34:24","guid":{"rendered":"https:\/\/www.itape.com\/product\/palisade-synthetic-underlayment\/"},"modified":"2023-07-25T14:33:32","modified_gmt":"2023-07-25T14:33:32","slug":"palisade-synthetic-underlayment","status":"publish","type":"product","link":"https:\/\/www.itape.com\/de\/product\/palisade-synthetic-underlayment\/","title":{"rendered":"Palisade Synthetic Underlayment"},"content":{"rendered":"","protected":false},"excerpt":{"rendered":"<p>PALISADE ist eine hochwertige vierschichtige synthetische Unterspannbahn f\u00fcr Steild\u00e4cher. Die STRONGHOLD Skid Resistant Technology\u00ae, eine patentierte Oberfl\u00e4che mit einem einzigartigen Muster aus Polymerpunkten und einer griffigen Beschichtung auf der R\u00fcckseite, ist die fortschrittlichste Allwetterlauffl\u00e4che mit hoher Traktion auf dem Markt.<\/p>\n","protected":false},"featured_media":53188,"comment_status":"closed","ping_status":"closed","template":"","meta":{"_acf_changed":false},"product_brand":[],"product_cat":[7768,7789,7770],"product_tag":[7927],"associated_application":[6880,6920],"class_list":{"0":"post-57470","1":"product","2":"type-product","3":"status-publish","4":"has-post-thumbnail","6":"product_cat-building-and-construction-products-de","7":"product_cat-building-and-construction-products-dachuntergrund-de","8":"product_cat-engineered-coated-products-de","9":"product_tag-new-stylegroup-de","10":"associated_application-bauwesen-de","11":"associated_application-management-von-luft-feuchtigkeit-dampf-de","13":"first","14":"instock","15":"product-type-simple"},"acf":[],"yoast_head":"<!-- This site is optimized with the Yoast SEO Premium plugin v24.1 (Yoast SEO v27.0) - https:\/\/yoast.com\/product\/yoast-seo-premium-wordpress\/ -->\n<title>Palisade Synthetic Underlayment - IPG<\/title>\n<meta name=\"description\" content=\"Protect your roofing with Palisade Synthetic Underlayment by Itape. Inquire today and experience a high-performance and durable solution for safeguarding your property from moisture and harsh weather conditions.\" \/>\n<meta name=\"robots\" content=\"index, follow, max-snippet:-1, max-image-preview:large, max-video-preview:-1\" \/>\n<link rel=\"canonical\" href=\"https:\/\/www.itape.com\/product\/palisade-synthetic-underlayment\/\" \/>\n<meta property=\"og:locale\" content=\"de_DE\" \/>\n<meta property=\"og:type\" content=\"article\" \/>\n<meta property=\"og:title\" content=\"Palisade Synthetic Underlayment\" \/>\n<meta property=\"og:description\" content=\"Protect your roofing with Palisade Synthetic Underlayment by Itape. Inquire today and experience a high-performance and durable solution for safeguarding your property from moisture and harsh weather conditions.\" \/>\n<meta property=\"og:url\" content=\"https:\/\/www.itape.com\/product\/palisade-synthetic-underlayment\/\" \/>\n<meta property=\"og:site_name\" content=\"IPG\" \/>\n<meta property=\"article:publisher\" content=\"https:\/\/www.facebook.com\/intertape\" \/>\n<meta property=\"article:modified_time\" content=\"2023-07-25T14:33:32+00:00\" \/>\n<meta name=\"twitter:card\" content=\"summary_large_image\" \/>\n<meta name=\"twitter:image\" content=\"https:\/\/www.itape.com\/wp-content\/uploads\/2023\/10\/palisade-blue_high.jpg\" \/>\n<meta name=\"twitter:site\" content=\"@IPGtape\" \/>\n<meta name=\"twitter:label1\" content=\"Price\" \/>\n\t<meta name=\"twitter:data1\" content=\"\" \/>\n\t<meta name=\"twitter:label2\" content=\"Availability\" \/>\n\t<meta name=\"twitter:data2\" content=\"In stock\" \/>\n<script type=\"application\/ld+json\" class=\"yoast-schema-graph\">{\"@context\":\"https:\/\/schema.org\",\"@graph\":[{\"@type\":\"WebPage\",\"@id\":\"https:\/\/www.itape.com\/product\/palisade-synthetic-underlayment\/\",\"url\":\"https:\/\/www.itape.com\/product\/palisade-synthetic-underlayment\/\",\"name\":\"Palisade Synthetic Underlayment - IPG\",\"isPartOf\":{\"@id\":\"https:\/\/www.itape.com\/#website\"},\"primaryImageOfPage\":{\"@id\":\"https:\/\/www.itape.com\/product\/palisade-synthetic-underlayment\/#primaryimage\"},\"image\":{\"@id\":\"https:\/\/www.itape.com\/product\/palisade-synthetic-underlayment\/#primaryimage\"},\"thumbnailUrl\":\"https:\/\/www.itape.com\/wp-content\/uploads\/2023\/10\/palisade-blue_high.jpg\",\"datePublished\":\"2023-01-12T14:34:24+00:00\",\"dateModified\":\"2023-07-25T14:33:32+00:00\",\"description\":\"Protect your roofing with Palisade Synthetic Underlayment by Itape. Inquire today and experience a high-performance and durable solution for safeguarding your property from moisture and harsh weather conditions.\",\"breadcrumb\":{\"@id\":\"https:\/\/www.itape.com\/product\/palisade-synthetic-underlayment\/#breadcrumb\"},\"inLanguage\":\"de-DE\",\"potentialAction\":[{\"@type\":\"ReadAction\",\"target\":[\"https:\/\/www.itape.com\/product\/palisade-synthetic-underlayment\/\"]}]},{\"@type\":\"ImageObject\",\"inLanguage\":\"de-DE\",\"@id\":\"https:\/\/www.itape.com\/product\/palisade-synthetic-underlayment\/#primaryimage\",\"url\":\"https:\/\/www.itape.com\/wp-content\/uploads\/2023\/10\/palisade-blue_high.jpg\",\"contentUrl\":\"https:\/\/www.itape.com\/wp-content\/uploads\/2023\/10\/palisade-blue_high.jpg\",\"width\":2400,\"height\":2400,\"caption\":\"PALISADE_UNDERLAYMENT\"},{\"@type\":\"BreadcrumbList\",\"@id\":\"https:\/\/www.itape.com\/product\/palisade-synthetic-underlayment\/#breadcrumb\",\"itemListElement\":[{\"@type\":\"ListItem\",\"position\":1,\"name\":\"Home\",\"item\":\"https:\/\/www.itape.com\/de\/\"},{\"@type\":\"ListItem\",\"position\":2,\"name\":\"Products\",\"item\":\"https:\/\/www.itape.com\/products\/\"},{\"@type\":\"ListItem\",\"position\":3,\"name\":\"Palisade Synthetic Underlayment\"}]},{\"@type\":\"WebSite\",\"@id\":\"https:\/\/www.itape.com\/#website\",\"url\":\"https:\/\/www.itape.com\/\",\"name\":\"IPG\",\"description\":\"Global Leader in Packaging and Protective Solutions\",\"publisher\":{\"@id\":\"https:\/\/www.itape.com\/#organization\"},\"potentialAction\":[{\"@type\":\"SearchAction\",\"target\":{\"@type\":\"EntryPoint\",\"urlTemplate\":\"https:\/\/www.itape.com\/?s={search_term_string}\"},\"query-input\":{\"@type\":\"PropertyValueSpecification\",\"valueRequired\":true,\"valueName\":\"search_term_string\"}}],\"inLanguage\":\"de-DE\"},{\"@type\":\"Organization\",\"@id\":\"https:\/\/www.itape.com\/#organization\",\"name\":\"IPG\",\"url\":\"https:\/\/www.itape.com\/\",\"logo\":{\"@type\":\"ImageObject\",\"inLanguage\":\"de-DE\",\"@id\":\"https:\/\/www.itape.com\/#\/schema\/logo\/image\/\",\"url\":\"https:\/\/www.itape.com\/wp-content\/uploads\/2024\/06\/IPG-logo-2.png\",\"contentUrl\":\"https:\/\/www.itape.com\/wp-content\/uploads\/2024\/06\/IPG-logo-2.png\",\"width\":60,\"height\":60,\"caption\":\"IPG\"},\"image\":{\"@id\":\"https:\/\/www.itape.com\/#\/schema\/logo\/image\/\"},\"sameAs\":[\"https:\/\/www.facebook.com\/intertape\",\"https:\/\/x.com\/IPGtape\",\"https:\/\/www.linkedin.com\/company\/intertape-polymer-group\",\"https:\/\/www.instagram.com\/ipgtape\",\"https:\/\/www.youtube.com\/user\/IPGtape\"]}]}<\/script>\n<meta property=\"product:price:currency\" content=\"USD\" \/>\n<meta property=\"og:availability\" content=\"instock\" \/>\n<meta property=\"product:availability\" content=\"instock\" \/>\n<meta property=\"product:retailer_item_id\" content=\"f7b1d44bcf9d\" \/>\n<meta property=\"product:condition\" content=\"new\" \/>\n<!-- \/ Yoast SEO Premium plugin. -->","yoast_head_json":{"title":"Palisade Synthetic Underlayment - IPG","description":"Protect your roofing with Palisade Synthetic Underlayment by Itape. Inquire today and experience a high-performance and durable solution for safeguarding your property from moisture and harsh weather conditions.","robots":{"index":"index","follow":"follow","max-snippet":"max-snippet:-1","max-image-preview":"max-image-preview:large","max-video-preview":"max-video-preview:-1"},"canonical":"https:\/\/www.itape.com\/product\/palisade-synthetic-underlayment\/","og_locale":"de_DE","og_type":"article","og_title":"Palisade Synthetic Underlayment","og_description":"Protect your roofing with Palisade Synthetic Underlayment by Itape. Inquire today and experience a high-performance and durable solution for safeguarding your property from moisture and harsh weather conditions.","og_url":"https:\/\/www.itape.com\/product\/palisade-synthetic-underlayment\/","og_site_name":"IPG","article_publisher":"https:\/\/www.facebook.com\/intertape","article_modified_time":"2023-07-25T14:33:32+00:00","twitter_card":"summary_large_image","twitter_image":"https:\/\/www.itape.com\/wp-content\/uploads\/2023\/10\/palisade-blue_high.jpg","twitter_site":"@IPGtape","twitter_misc":{"Price":"","Availability":"In stock"},"schema":{"@context":"https:\/\/schema.org","@graph":[{"@type":"WebPage","@id":"https:\/\/www.itape.com\/product\/palisade-synthetic-underlayment\/","url":"https:\/\/www.itape.com\/product\/palisade-synthetic-underlayment\/","name":"Palisade Synthetic Underlayment - IPG","isPartOf":{"@id":"https:\/\/www.itape.com\/#website"},"primaryImageOfPage":{"@id":"https:\/\/www.itape.com\/product\/palisade-synthetic-underlayment\/#primaryimage"},"image":{"@id":"https:\/\/www.itape.com\/product\/palisade-synthetic-underlayment\/#primaryimage"},"thumbnailUrl":"https:\/\/www.itape.com\/wp-content\/uploads\/2023\/10\/palisade-blue_high.jpg","datePublished":"2023-01-12T14:34:24+00:00","dateModified":"2023-07-25T14:33:32+00:00","description":"Protect your roofing with Palisade Synthetic Underlayment by Itape. Inquire today and experience a high-performance and durable solution for safeguarding your property from moisture and harsh weather conditions.","breadcrumb":{"@id":"https:\/\/www.itape.com\/product\/palisade-synthetic-underlayment\/#breadcrumb"},"inLanguage":"de-DE","potentialAction":[{"@type":"ReadAction","target":["https:\/\/www.itape.com\/product\/palisade-synthetic-underlayment\/"]}]},{"@type":"ImageObject","inLanguage":"de-DE","@id":"https:\/\/www.itape.com\/product\/palisade-synthetic-underlayment\/#primaryimage","url":"https:\/\/www.itape.com\/wp-content\/uploads\/2023\/10\/palisade-blue_high.jpg","contentUrl":"https:\/\/www.itape.com\/wp-content\/uploads\/2023\/10\/palisade-blue_high.jpg","width":2400,"height":2400,"caption":"PALISADE_UNDERLAYMENT"},{"@type":"BreadcrumbList","@id":"https:\/\/www.itape.com\/product\/palisade-synthetic-underlayment\/#breadcrumb","itemListElement":[{"@type":"ListItem","position":1,"name":"Home","item":"https:\/\/www.itape.com\/de\/"},{"@type":"ListItem","position":2,"name":"Products","item":"https:\/\/www.itape.com\/products\/"},{"@type":"ListItem","position":3,"name":"Palisade Synthetic Underlayment"}]},{"@type":"WebSite","@id":"https:\/\/www.itape.com\/#website","url":"https:\/\/www.itape.com\/","name":"IPG","description":"Global Leader in Packaging and Protective Solutions","publisher":{"@id":"https:\/\/www.itape.com\/#organization"},"potentialAction":[{"@type":"SearchAction","target":{"@type":"EntryPoint","urlTemplate":"https:\/\/www.itape.com\/?s={search_term_string}"},"query-input":{"@type":"PropertyValueSpecification","valueRequired":true,"valueName":"search_term_string"}}],"inLanguage":"de-DE"},{"@type":"Organization","@id":"https:\/\/www.itape.com\/#organization","name":"IPG","url":"https:\/\/www.itape.com\/","logo":{"@type":"ImageObject","inLanguage":"de-DE","@id":"https:\/\/www.itape.com\/#\/schema\/logo\/image\/","url":"https:\/\/www.itape.com\/wp-content\/uploads\/2024\/06\/IPG-logo-2.png","contentUrl":"https:\/\/www.itape.com\/wp-content\/uploads\/2024\/06\/IPG-logo-2.png","width":60,"height":60,"caption":"IPG"},"image":{"@id":"https:\/\/www.itape.com\/#\/schema\/logo\/image\/"},"sameAs":["https:\/\/www.facebook.com\/intertape","https:\/\/x.com\/IPGtape","https:\/\/www.linkedin.com\/company\/intertape-polymer-group","https:\/\/www.instagram.com\/ipgtape","https:\/\/www.youtube.com\/user\/IPGtape"]}]},"product_price_currency":"USD","og_availability":"instock","product_availability":"instock","product_retailer_item_id":"f7b1d44bcf9d","product_condition":"new"},"parsely":{"version":"1.1.0","canonical_url":"https:\/\/itape.com\/de\/product\/palisade-synthetic-underlayment\/","smart_links":{"inbound":0,"outbound":0},"traffic_boost_suggestions_count":0,"meta":{"@context":"https:\/\/schema.org","@type":"WebPage","headline":"Palisade Synthetic Underlayment","url":"https:\/\/www.itape.com\/de\/product\/palisade-synthetic-underlayment\/","mainEntityOfPage":{"@type":"WebPage","@id":"https:\/\/www.itape.com\/de\/product\/palisade-synthetic-underlayment\/"},"thumbnailUrl":"https:\/\/www.itape.com\/wp-content\/uploads\/2023\/10\/palisade-blue_high.jpg?w=150&h=150&crop=1","image":{"@type":"ImageObject","url":"https:\/\/www.itape.com\/wp-content\/uploads\/2023\/10\/palisade-blue_high.jpg"},"articleSection":"Unkategorisiert","author":[{"@type":"Person","name":"IPG"}],"creator":["IPG"],"publisher":{"@type":"Organization","name":"IPG","logo":"https:\/\/www.itape.com\/wp-content\/uploads\/2023\/03\/IPG-logo-2.png"},"keywords":[],"dateCreated":"2023-01-12T14:34:24Z","datePublished":"2023-01-12T14:34:24Z","dateModified":"2023-07-25T14:33:32Z"},"rendered":"<meta name=\"parsely-title\" content=\"Palisade Synthetic Underlayment\" \/>\n<meta name=\"parsely-link\" content=\"https:\/\/www.itape.com\/de\/product\/palisade-synthetic-underlayment\/\" \/>\n<meta name=\"parsely-type\" content=\"index\" \/>\n<meta name=\"parsely-image-url\" content=\"https:\/\/www.itape.com\/wp-content\/uploads\/2023\/10\/palisade-blue_high.jpg?w=150&amp;h=150&amp;crop=1\" \/>\n<meta name=\"parsely-pub-date\" content=\"2023-01-12T14:34:24Z\" \/>\n<meta name=\"parsely-section\" content=\"Unkategorisiert\" \/>\n<meta name=\"parsely-author\" content=\"IPG\" \/>","tracker_url":"https:\/\/cdn.parsely.com\/keys\/itape.com\/p.js"},"jetpack_sharing_enabled":true,"_links":{"self":[{"href":"https:\/\/www.itape.com\/de\/wp-json\/wp\/v2\/product\/57470","targetHints":{"allow":["GET"]}}],"collection":[{"href":"https:\/\/www.itape.com\/de\/wp-json\/wp\/v2\/product"}],"about":[{"href":"https:\/\/www.itape.com\/de\/wp-json\/wp\/v2\/types\/product"}],"replies":[{"embeddable":true,"href":"https:\/\/www.itape.com\/de\/wp-json\/wp\/v2\/comments?post=57470"}],"wp:featuredmedia":[{"embeddable":true,"href":"https:\/\/www.itape.com\/de\/wp-json\/wp\/v2\/media\/53188"}],"wp:attachment":[{"href":"https:\/\/www.itape.com\/de\/wp-json\/wp\/v2\/media?parent=57470"}],"wp:term":[{"taxonomy":"product_brand","embeddable":true,"href":"https:\/\/www.itape.com\/de\/wp-json\/wp\/v2\/product_brand?post=57470"},{"taxonomy":"product_cat","embeddable":true,"href":"https:\/\/www.itape.com\/de\/wp-json\/wp\/v2\/product_cat?post=57470"},{"taxonomy":"product_tag","embeddable":true,"href":"https:\/\/www.itape.com\/de\/wp-json\/wp\/v2\/product_tag?post=57470"},{"taxonomy":"associated_application","embeddable":true,"href":"https:\/\/www.itape.com\/de\/wp-json\/wp\/v2\/associated_application?post=57470"}],"curies":[{"name":"wp","href":"https:\/\/api.w.org\/{rel}","templated":true}]}}