{"id":60940,"date":"2023-01-12T14:33:31","date_gmt":"2023-01-12T14:33:31","guid":{"rendered":"https:\/\/www.itape.com\/product\/metalized-bubble\/"},"modified":"2023-05-02T21:13:54","modified_gmt":"2023-05-02T21:13:54","slug":"metalized-bubble","status":"publish","type":"product","link":"https:\/\/www.itape.com\/de\/product\/metalized-bubble\/","title":{"rendered":"Metalized Bubble"},"content":{"rendered":"<div class=\"prose\">Ideal f\u00fcr Schokolade und S\u00fc\u00dfwaren, Backwaren, Laborproben, medizinische Versorgungsmaterialien, Kosmetika und Blumen.<\/div>\n","protected":false},"excerpt":{"rendered":"<p>Le mat\u00e9riau m\u00e9tallis\u00e9 est id\u00e9al pour les exp\u00e9ditions de la cha\u00eene du froid\u00a0: il forme une barri\u00e8re qui aide \u00e0 maintenir des temp\u00e9ratures constantes et \u00e9viter les \u00e9carts. La finition argent\u00e9e peut \u00e9galement distinguer votre envoi ou votre entreprise par un look plus remarquable que les emballages \u00e0 bulles standard. Ces produits sont utilis\u00e9s pour aider \u00e0 maintenir des temp\u00e9ratures constantes et \u00e0 contr\u00f4ler le mouvement de l&#8217;humidit\u00e9 et des odeurs.<\/p>\n","protected":false},"featured_media":62474,"comment_status":"closed","ping_status":"closed","template":"","meta":{"_acf_changed":false},"product_brand":[],"product_cat":[7044,7823],"product_tag":[8070],"associated_application":[6882,6886,6878,6879,6885,6877,6893,6888,6881],"class_list":{"0":"post-60940","1":"product","2":"type-product","3":"status-publish","4":"has-post-thumbnail","6":"product_cat-curby-curbside-recyclable-de","7":"product_cat-sustainable-packaging-kuehlkettenloesungen-de","8":"product_tag-cold-chain-solutions-de","9":"associated_application-e-commerce-de","10":"associated_application-fertigung-de","11":"associated_application-haushaltsgeraete-de","12":"associated_application-kfz-gewerbe-de","13":"associated_application-lebensmittelverarbeitung-de","14":"associated_application-luft-und-raumfahrt-de","15":"associated_application-transportwesen-de","16":"associated_application-umzug-und-lagerung-de","17":"associated_application-verbraucher-de","19":"first","20":"instock","21":"product-type-simple"},"acf":[],"yoast_head":"<!-- This site is optimized with the Yoast SEO Premium plugin v24.1 (Yoast SEO v27.0) - https:\/\/yoast.com\/product\/yoast-seo-premium-wordpress\/ -->\n<title>Metalized Bubble - IPG<\/title>\n<meta name=\"description\" content=\"The metalized material acts as a barrier for Cold Chain shipments to help maintain consistent temperatures and avoid excursions.\" \/>\n<meta name=\"robots\" content=\"index, follow, max-snippet:-1, max-image-preview:large, max-video-preview:-1\" \/>\n<link rel=\"canonical\" href=\"https:\/\/www.itape.com\/de\/product\/metalized-bubble\/\" \/>\n<meta property=\"og:locale\" content=\"de_DE\" \/>\n<meta property=\"og:type\" content=\"article\" \/>\n<meta property=\"og:title\" content=\"Metalized Bubble\" \/>\n<meta property=\"og:description\" content=\"The metalized material acts as a barrier for Cold Chain shipments to help maintain consistent temperatures and avoid excursions.\" \/>\n<meta property=\"og:url\" content=\"https:\/\/www.itape.com\/de\/product\/metalized-bubble\/\" \/>\n<meta property=\"og:site_name\" content=\"IPG\" \/>\n<meta property=\"article:publisher\" content=\"https:\/\/www.facebook.com\/intertape\" \/>\n<meta property=\"article:modified_time\" content=\"2023-05-02T21:13:54+00:00\" \/>\n<meta name=\"twitter:card\" content=\"summary_large_image\" \/>\n<meta name=\"twitter:image\" content=\"https:\/\/www.itape.com\/wp-content\/uploads\/2023\/01\/MetalizedBubble_high.jpg\" \/>\n<meta name=\"twitter:site\" content=\"@IPGtape\" \/>\n<meta name=\"twitter:label1\" content=\"Price\" \/>\n\t<meta name=\"twitter:data1\" content=\"\" \/>\n\t<meta name=\"twitter:label2\" content=\"Availability\" \/>\n\t<meta name=\"twitter:data2\" content=\"In stock\" \/>\n<script type=\"application\/ld+json\" class=\"yoast-schema-graph\">{\"@context\":\"https:\/\/schema.org\",\"@graph\":[{\"@type\":\"WebPage\",\"@id\":\"https:\/\/www.itape.com\/de\/product\/metalized-bubble\/\",\"url\":\"https:\/\/www.itape.com\/de\/product\/metalized-bubble\/\",\"name\":\"Metalized Bubble - IPG\",\"isPartOf\":{\"@id\":\"https:\/\/www.itape.com\/#website\"},\"primaryImageOfPage\":{\"@id\":\"https:\/\/www.itape.com\/de\/product\/metalized-bubble\/#primaryimage\"},\"image\":{\"@id\":\"https:\/\/www.itape.com\/de\/product\/metalized-bubble\/#primaryimage\"},\"thumbnailUrl\":\"https:\/\/www.itape.com\/wp-content\/uploads\/2023\/01\/Metalized-Bubble_High.jpg\",\"datePublished\":\"2023-01-12T14:33:31+00:00\",\"dateModified\":\"2023-05-02T21:13:54+00:00\",\"description\":\"The metalized material acts as a barrier for Cold Chain shipments to help maintain consistent temperatures and avoid excursions.\",\"breadcrumb\":{\"@id\":\"https:\/\/www.itape.com\/de\/product\/metalized-bubble\/#breadcrumb\"},\"inLanguage\":\"de-DE\",\"potentialAction\":[{\"@type\":\"ReadAction\",\"target\":[\"https:\/\/www.itape.com\/de\/product\/metalized-bubble\/\"]}]},{\"@type\":\"ImageObject\",\"inLanguage\":\"de-DE\",\"@id\":\"https:\/\/www.itape.com\/de\/product\/metalized-bubble\/#primaryimage\",\"url\":\"https:\/\/www.itape.com\/wp-content\/uploads\/2023\/01\/Metalized-Bubble_High.jpg\",\"contentUrl\":\"https:\/\/www.itape.com\/wp-content\/uploads\/2023\/01\/Metalized-Bubble_High.jpg\",\"width\":2400,\"height\":2400,\"caption\":\"Polyair Metalized Bubble\"},{\"@type\":\"BreadcrumbList\",\"@id\":\"https:\/\/www.itape.com\/de\/product\/metalized-bubble\/#breadcrumb\",\"itemListElement\":[{\"@type\":\"ListItem\",\"position\":1,\"name\":\"Home\",\"item\":\"https:\/\/www.itape.com\/de\/\"},{\"@type\":\"ListItem\",\"position\":2,\"name\":\"Products\",\"item\":\"https:\/\/www.itape.com\/products\/\"},{\"@type\":\"ListItem\",\"position\":3,\"name\":\"Metalized Bubble\"}]},{\"@type\":\"WebSite\",\"@id\":\"https:\/\/www.itape.com\/#website\",\"url\":\"https:\/\/www.itape.com\/\",\"name\":\"IPG\",\"description\":\"Global Leader in Packaging and Protective Solutions\",\"publisher\":{\"@id\":\"https:\/\/www.itape.com\/#organization\"},\"potentialAction\":[{\"@type\":\"SearchAction\",\"target\":{\"@type\":\"EntryPoint\",\"urlTemplate\":\"https:\/\/www.itape.com\/?s={search_term_string}\"},\"query-input\":{\"@type\":\"PropertyValueSpecification\",\"valueRequired\":true,\"valueName\":\"search_term_string\"}}],\"inLanguage\":\"de-DE\"},{\"@type\":\"Organization\",\"@id\":\"https:\/\/www.itape.com\/#organization\",\"name\":\"IPG\",\"url\":\"https:\/\/www.itape.com\/\",\"logo\":{\"@type\":\"ImageObject\",\"inLanguage\":\"de-DE\",\"@id\":\"https:\/\/www.itape.com\/#\/schema\/logo\/image\/\",\"url\":\"https:\/\/www.itape.com\/wp-content\/uploads\/2024\/06\/IPG-logo-2.png\",\"contentUrl\":\"https:\/\/www.itape.com\/wp-content\/uploads\/2024\/06\/IPG-logo-2.png\",\"width\":60,\"height\":60,\"caption\":\"IPG\"},\"image\":{\"@id\":\"https:\/\/www.itape.com\/#\/schema\/logo\/image\/\"},\"sameAs\":[\"https:\/\/www.facebook.com\/intertape\",\"https:\/\/x.com\/IPGtape\",\"https:\/\/www.linkedin.com\/company\/intertape-polymer-group\",\"https:\/\/www.instagram.com\/ipgtape\",\"https:\/\/www.youtube.com\/user\/IPGtape\"]}]}<\/script>\n<meta property=\"product:price:currency\" content=\"USD\" \/>\n<meta property=\"og:availability\" content=\"instock\" \/>\n<meta property=\"product:availability\" content=\"instock\" \/>\n<meta property=\"product:retailer_item_id\" content=\"cb200efd1930\" \/>\n<meta property=\"product:condition\" content=\"new\" \/>\n<!-- \/ Yoast SEO Premium plugin. -->","yoast_head_json":{"title":"Metalized Bubble - IPG","description":"The metalized material acts as a barrier for Cold Chain shipments to help maintain consistent temperatures and avoid excursions.","robots":{"index":"index","follow":"follow","max-snippet":"max-snippet:-1","max-image-preview":"max-image-preview:large","max-video-preview":"max-video-preview:-1"},"canonical":"https:\/\/www.itape.com\/de\/product\/metalized-bubble\/","og_locale":"de_DE","og_type":"article","og_title":"Metalized Bubble","og_description":"The metalized material acts as a barrier for Cold Chain shipments to help maintain consistent temperatures and avoid excursions.","og_url":"https:\/\/www.itape.com\/de\/product\/metalized-bubble\/","og_site_name":"IPG","article_publisher":"https:\/\/www.facebook.com\/intertape","article_modified_time":"2023-05-02T21:13:54+00:00","twitter_card":"summary_large_image","twitter_image":"https:\/\/www.itape.com\/wp-content\/uploads\/2023\/01\/MetalizedBubble_high.jpg","twitter_site":"@IPGtape","twitter_misc":{"Price":"","Availability":"In stock"},"schema":{"@context":"https:\/\/schema.org","@graph":[{"@type":"WebPage","@id":"https:\/\/www.itape.com\/de\/product\/metalized-bubble\/","url":"https:\/\/www.itape.com\/de\/product\/metalized-bubble\/","name":"Metalized Bubble - IPG","isPartOf":{"@id":"https:\/\/www.itape.com\/#website"},"primaryImageOfPage":{"@id":"https:\/\/www.itape.com\/de\/product\/metalized-bubble\/#primaryimage"},"image":{"@id":"https:\/\/www.itape.com\/de\/product\/metalized-bubble\/#primaryimage"},"thumbnailUrl":"https:\/\/www.itape.com\/wp-content\/uploads\/2023\/01\/Metalized-Bubble_High.jpg","datePublished":"2023-01-12T14:33:31+00:00","dateModified":"2023-05-02T21:13:54+00:00","description":"The metalized material acts as a barrier for Cold Chain shipments to help maintain consistent temperatures and avoid excursions.","breadcrumb":{"@id":"https:\/\/www.itape.com\/de\/product\/metalized-bubble\/#breadcrumb"},"inLanguage":"de-DE","potentialAction":[{"@type":"ReadAction","target":["https:\/\/www.itape.com\/de\/product\/metalized-bubble\/"]}]},{"@type":"ImageObject","inLanguage":"de-DE","@id":"https:\/\/www.itape.com\/de\/product\/metalized-bubble\/#primaryimage","url":"https:\/\/www.itape.com\/wp-content\/uploads\/2023\/01\/Metalized-Bubble_High.jpg","contentUrl":"https:\/\/www.itape.com\/wp-content\/uploads\/2023\/01\/Metalized-Bubble_High.jpg","width":2400,"height":2400,"caption":"Polyair Metalized Bubble"},{"@type":"BreadcrumbList","@id":"https:\/\/www.itape.com\/de\/product\/metalized-bubble\/#breadcrumb","itemListElement":[{"@type":"ListItem","position":1,"name":"Home","item":"https:\/\/www.itape.com\/de\/"},{"@type":"ListItem","position":2,"name":"Products","item":"https:\/\/www.itape.com\/products\/"},{"@type":"ListItem","position":3,"name":"Metalized Bubble"}]},{"@type":"WebSite","@id":"https:\/\/www.itape.com\/#website","url":"https:\/\/www.itape.com\/","name":"IPG","description":"Global Leader in Packaging and Protective Solutions","publisher":{"@id":"https:\/\/www.itape.com\/#organization"},"potentialAction":[{"@type":"SearchAction","target":{"@type":"EntryPoint","urlTemplate":"https:\/\/www.itape.com\/?s={search_term_string}"},"query-input":{"@type":"PropertyValueSpecification","valueRequired":true,"valueName":"search_term_string"}}],"inLanguage":"de-DE"},{"@type":"Organization","@id":"https:\/\/www.itape.com\/#organization","name":"IPG","url":"https:\/\/www.itape.com\/","logo":{"@type":"ImageObject","inLanguage":"de-DE","@id":"https:\/\/www.itape.com\/#\/schema\/logo\/image\/","url":"https:\/\/www.itape.com\/wp-content\/uploads\/2024\/06\/IPG-logo-2.png","contentUrl":"https:\/\/www.itape.com\/wp-content\/uploads\/2024\/06\/IPG-logo-2.png","width":60,"height":60,"caption":"IPG"},"image":{"@id":"https:\/\/www.itape.com\/#\/schema\/logo\/image\/"},"sameAs":["https:\/\/www.facebook.com\/intertape","https:\/\/x.com\/IPGtape","https:\/\/www.linkedin.com\/company\/intertape-polymer-group","https:\/\/www.instagram.com\/ipgtape","https:\/\/www.youtube.com\/user\/IPGtape"]}]},"product_price_currency":"USD","og_availability":"instock","product_availability":"instock","product_retailer_item_id":"cb200efd1930","product_condition":"new"},"parsely":{"version":"1.1.0","canonical_url":"https:\/\/itape.com\/de\/product\/metalized-bubble\/","smart_links":{"inbound":0,"outbound":0},"traffic_boost_suggestions_count":0,"meta":{"@context":"https:\/\/schema.org","@type":"WebPage","headline":"Metalized Bubble","url":"https:\/\/www.itape.com\/de\/product\/metalized-bubble\/","mainEntityOfPage":{"@type":"WebPage","@id":"https:\/\/www.itape.com\/de\/product\/metalized-bubble\/"},"thumbnailUrl":"https:\/\/www.itape.com\/wp-content\/uploads\/2023\/01\/Metalized-Bubble_High.jpg?w=150&h=150&crop=1","image":{"@type":"ImageObject","url":"https:\/\/www.itape.com\/wp-content\/uploads\/2023\/01\/Metalized-Bubble_High.jpg"},"articleSection":"Unkategorisiert","author":[{"@type":"Person","name":"IPG"}],"creator":["IPG"],"publisher":{"@type":"Organization","name":"IPG","logo":"https:\/\/www.itape.com\/wp-content\/uploads\/2023\/03\/IPG-logo-2.png"},"keywords":[],"dateCreated":"2023-01-12T14:33:31Z","datePublished":"2023-01-12T14:33:31Z","dateModified":"2023-05-02T21:13:54Z"},"rendered":"<meta name=\"parsely-title\" content=\"Metalized Bubble\" \/>\n<meta name=\"parsely-link\" content=\"https:\/\/www.itape.com\/de\/product\/metalized-bubble\/\" \/>\n<meta name=\"parsely-type\" content=\"index\" \/>\n<meta name=\"parsely-image-url\" content=\"https:\/\/www.itape.com\/wp-content\/uploads\/2023\/01\/Metalized-Bubble_High.jpg?w=150&amp;h=150&amp;crop=1\" \/>\n<meta name=\"parsely-pub-date\" content=\"2023-01-12T14:33:31Z\" \/>\n<meta name=\"parsely-section\" content=\"Unkategorisiert\" \/>\n<meta name=\"parsely-author\" content=\"IPG\" \/>","tracker_url":"https:\/\/cdn.parsely.com\/keys\/itape.com\/p.js"},"jetpack_sharing_enabled":true,"_links":{"self":[{"href":"https:\/\/www.itape.com\/de\/wp-json\/wp\/v2\/product\/60940","targetHints":{"allow":["GET"]}}],"collection":[{"href":"https:\/\/www.itape.com\/de\/wp-json\/wp\/v2\/product"}],"about":[{"href":"https:\/\/www.itape.com\/de\/wp-json\/wp\/v2\/types\/product"}],"replies":[{"embeddable":true,"href":"https:\/\/www.itape.com\/de\/wp-json\/wp\/v2\/comments?post=60940"}],"wp:featuredmedia":[{"embeddable":true,"href":"https:\/\/www.itape.com\/de\/wp-json\/wp\/v2\/media\/62474"}],"wp:attachment":[{"href":"https:\/\/www.itape.com\/de\/wp-json\/wp\/v2\/media?parent=60940"}],"wp:term":[{"taxonomy":"product_brand","embeddable":true,"href":"https:\/\/www.itape.com\/de\/wp-json\/wp\/v2\/product_brand?post=60940"},{"taxonomy":"product_cat","embeddable":true,"href":"https:\/\/www.itape.com\/de\/wp-json\/wp\/v2\/product_cat?post=60940"},{"taxonomy":"product_tag","embeddable":true,"href":"https:\/\/www.itape.com\/de\/wp-json\/wp\/v2\/product_tag?post=60940"},{"taxonomy":"associated_application","embeddable":true,"href":"https:\/\/www.itape.com\/de\/wp-json\/wp\/v2\/associated_application?post=60940"}],"curies":[{"name":"wp","href":"https:\/\/api.w.org\/{rel}","templated":true}]}}