{"id":60951,"date":"2023-01-12T14:33:08","date_gmt":"2023-01-12T14:33:08","guid":{"rendered":"https:\/\/www.itape.com\/product\/metalized-bubble-mailers\/"},"modified":"2023-05-02T21:40:34","modified_gmt":"2023-05-02T21:40:34","slug":"metalized-bubble-mailers","status":"publish","type":"product","link":"https:\/\/www.itape.com\/de\/product\/metalized-bubble-mailers\/","title":{"rendered":"Metalized Bubble Mailers"},"content":{"rendered":"<div class=\"prose\">Ideal f\u00fcr Schokolade und S\u00fc\u00dfwaren, Backwaren, Laborproben, medizinische Versorgungsmaterialien, Kosmetika und Blumen.<\/div>\n","protected":false},"excerpt":{"rendered":"<p>Diese Produkte sind sowohl auff\u00e4llig als auch praktisch und dienen sowohl als K\u00fchlkettenl\u00f6sung f\u00fcr Sendungen mit kurzen Laufzeiten als auch zur Steigerung der Aufmerksamkeit der Endverbraucher. Das metallisierte Material dient als Barriere f\u00fcr K\u00fchlketten-Sendungen und hilft, die Temperaturen konstant zu halten und Abweichungen zu vermeiden. Die silberne Oberfl\u00e4che kann auch Ihre Sendung oder Ihr Unternehmen mit einem einzigartigeren Aussehen als bei Standard-Poly-Versandtaschen kennzeichnen. Unsere metallisierten Versandtaschen werden verwendet, um die Temperatur konstant zu halten und die Bewegung von Feuchtigkeit und Ger\u00fcchen zu kontrollieren.<\/p>\n","protected":false},"featured_media":60948,"comment_status":"closed","ping_status":"closed","template":"","meta":{"_acf_changed":false},"product_brand":[],"product_cat":[7056,7818,7823,7813,7059],"product_tag":[7835,8073],"associated_application":[7691,7696,6882,6885],"class_list":{"0":"post-60951","1":"product","2":"type-product","3":"status-publish","4":"has-post-thumbnail","6":"product_cat-mailers-de","7":"product_cat-schutzverpackungen-beschriftungsautomaten-de","8":"product_cat-sustainable-packaging-kuehlkettenloesungen-de","9":"product_cat-schutzverpackungen-luftpolster-de","10":"product_cat-protective-packaging-de","11":"product_tag-metalized-mailers-de","12":"product_tag-metalized-mailers-de-2","13":"associated_application-chill-r-kuehlkettenloesungen-lebensmittelverarbeitung","14":"associated_application-chill-r-kuhlkettenlosungen-ecommerce","15":"associated_application-e-commerce-de","16":"associated_application-lebensmittelverarbeitung-de","18":"first","19":"instock","20":"product-type-simple"},"acf":[],"yoast_head":"<!-- This site is optimized with the Yoast SEO Premium plugin v24.1 (Yoast SEO v27.0) - https:\/\/yoast.com\/product\/yoast-seo-premium-wordpress\/ -->\n<title>Metalized Bubble Mailers - IPG<\/title>\n<meta name=\"description\" content=\"Metalized Bubble Mailers are both eye catching and practical, these products double as both a Cold Chain solution and to create high impact consumer awareness.\" \/>\n<meta name=\"robots\" content=\"index, follow, max-snippet:-1, max-image-preview:large, max-video-preview:-1\" \/>\n<link rel=\"canonical\" href=\"https:\/\/www.itape.com\/de\/product\/metalized-bubble-mailers\/\" \/>\n<meta property=\"og:locale\" content=\"de_DE\" \/>\n<meta property=\"og:type\" content=\"article\" \/>\n<meta property=\"og:title\" content=\"Metalized Bubble Mailers\" \/>\n<meta property=\"og:description\" content=\"Metalized Bubble Mailers are both eye catching and practical, these products double as both a Cold Chain solution and to create high impact consumer awareness.\" \/>\n<meta property=\"og:url\" content=\"https:\/\/www.itape.com\/de\/product\/metalized-bubble-mailers\/\" \/>\n<meta property=\"og:site_name\" content=\"IPG\" \/>\n<meta property=\"article:publisher\" content=\"https:\/\/www.facebook.com\/intertape\" \/>\n<meta property=\"article:modified_time\" content=\"2023-05-02T21:40:34+00:00\" \/>\n<meta property=\"og:image\" content=\"https:\/\/www.itape.com\/wp-content\/uploads\/2023\/01\/Metalized-Pouch_high.jpg\" \/>\n\t<meta property=\"og:image:width\" content=\"2400\" \/>\n\t<meta property=\"og:image:height\" content=\"2400\" \/>\n\t<meta property=\"og:image:type\" content=\"image\/jpeg\" \/>\n<meta name=\"twitter:card\" content=\"summary_large_image\" \/>\n<meta name=\"twitter:site\" content=\"@IPGtape\" \/>\n<meta name=\"twitter:label1\" content=\"Price\" \/>\n\t<meta name=\"twitter:data1\" content=\"\" \/>\n\t<meta name=\"twitter:label2\" content=\"Availability\" \/>\n\t<meta name=\"twitter:data2\" content=\"In stock\" \/>\n<script type=\"application\/ld+json\" class=\"yoast-schema-graph\">{\"@context\":\"https:\/\/schema.org\",\"@graph\":[{\"@type\":\"WebPage\",\"@id\":\"https:\/\/www.itape.com\/de\/product\/metalized-bubble-mailers\/\",\"url\":\"https:\/\/www.itape.com\/de\/product\/metalized-bubble-mailers\/\",\"name\":\"Metalized Bubble Mailers - IPG\",\"isPartOf\":{\"@id\":\"https:\/\/www.itape.com\/#website\"},\"primaryImageOfPage\":{\"@id\":\"https:\/\/www.itape.com\/de\/product\/metalized-bubble-mailers\/#primaryimage\"},\"image\":{\"@id\":\"https:\/\/www.itape.com\/de\/product\/metalized-bubble-mailers\/#primaryimage\"},\"thumbnailUrl\":\"https:\/\/www.itape.com\/wp-content\/uploads\/2023\/01\/Metalized-Pouch_high.jpg\",\"datePublished\":\"2023-01-12T14:33:08+00:00\",\"dateModified\":\"2023-05-02T21:40:34+00:00\",\"description\":\"Metalized Bubble Mailers are both eye catching and practical, these products double as both a Cold Chain solution and to create high impact consumer awareness.\",\"breadcrumb\":{\"@id\":\"https:\/\/www.itape.com\/de\/product\/metalized-bubble-mailers\/#breadcrumb\"},\"inLanguage\":\"de-DE\",\"potentialAction\":[{\"@type\":\"ReadAction\",\"target\":[\"https:\/\/www.itape.com\/de\/product\/metalized-bubble-mailers\/\"]}]},{\"@type\":\"ImageObject\",\"inLanguage\":\"de-DE\",\"@id\":\"https:\/\/www.itape.com\/de\/product\/metalized-bubble-mailers\/#primaryimage\",\"url\":\"https:\/\/www.itape.com\/wp-content\/uploads\/2023\/01\/Metalized-Pouch_high.jpg\",\"contentUrl\":\"https:\/\/www.itape.com\/wp-content\/uploads\/2023\/01\/Metalized-Pouch_high.jpg\",\"width\":2400,\"height\":2400,\"caption\":\"Metalized Pouch Mailer\"},{\"@type\":\"BreadcrumbList\",\"@id\":\"https:\/\/www.itape.com\/de\/product\/metalized-bubble-mailers\/#breadcrumb\",\"itemListElement\":[{\"@type\":\"ListItem\",\"position\":1,\"name\":\"Home\",\"item\":\"https:\/\/www.itape.com\/de\/\"},{\"@type\":\"ListItem\",\"position\":2,\"name\":\"Products\",\"item\":\"https:\/\/www.itape.com\/products\/\"},{\"@type\":\"ListItem\",\"position\":3,\"name\":\"Metalized Bubble Mailers\"}]},{\"@type\":\"WebSite\",\"@id\":\"https:\/\/www.itape.com\/#website\",\"url\":\"https:\/\/www.itape.com\/\",\"name\":\"IPG\",\"description\":\"Global Leader in Packaging and Protective Solutions\",\"publisher\":{\"@id\":\"https:\/\/www.itape.com\/#organization\"},\"potentialAction\":[{\"@type\":\"SearchAction\",\"target\":{\"@type\":\"EntryPoint\",\"urlTemplate\":\"https:\/\/www.itape.com\/?s={search_term_string}\"},\"query-input\":{\"@type\":\"PropertyValueSpecification\",\"valueRequired\":true,\"valueName\":\"search_term_string\"}}],\"inLanguage\":\"de-DE\"},{\"@type\":\"Organization\",\"@id\":\"https:\/\/www.itape.com\/#organization\",\"name\":\"IPG\",\"url\":\"https:\/\/www.itape.com\/\",\"logo\":{\"@type\":\"ImageObject\",\"inLanguage\":\"de-DE\",\"@id\":\"https:\/\/www.itape.com\/#\/schema\/logo\/image\/\",\"url\":\"https:\/\/www.itape.com\/wp-content\/uploads\/2024\/06\/IPG-logo-2.png\",\"contentUrl\":\"https:\/\/www.itape.com\/wp-content\/uploads\/2024\/06\/IPG-logo-2.png\",\"width\":60,\"height\":60,\"caption\":\"IPG\"},\"image\":{\"@id\":\"https:\/\/www.itape.com\/#\/schema\/logo\/image\/\"},\"sameAs\":[\"https:\/\/www.facebook.com\/intertape\",\"https:\/\/x.com\/IPGtape\",\"https:\/\/www.linkedin.com\/company\/intertape-polymer-group\",\"https:\/\/www.instagram.com\/ipgtape\",\"https:\/\/www.youtube.com\/user\/IPGtape\"]}]}<\/script>\n<meta property=\"product:price:currency\" content=\"USD\" \/>\n<meta property=\"og:availability\" content=\"instock\" \/>\n<meta property=\"product:availability\" content=\"instock\" \/>\n<meta property=\"product:retailer_item_id\" content=\"7effadd79b31\" \/>\n<meta property=\"product:condition\" content=\"new\" \/>\n<!-- \/ Yoast SEO Premium plugin. -->","yoast_head_json":{"title":"Metalized Bubble Mailers - IPG","description":"Metalized Bubble Mailers are both eye catching and practical, these products double as both a Cold Chain solution and to create high impact consumer awareness.","robots":{"index":"index","follow":"follow","max-snippet":"max-snippet:-1","max-image-preview":"max-image-preview:large","max-video-preview":"max-video-preview:-1"},"canonical":"https:\/\/www.itape.com\/de\/product\/metalized-bubble-mailers\/","og_locale":"de_DE","og_type":"article","og_title":"Metalized Bubble Mailers","og_description":"Metalized Bubble Mailers are both eye catching and practical, these products double as both a Cold Chain solution and to create high impact consumer awareness.","og_url":"https:\/\/www.itape.com\/de\/product\/metalized-bubble-mailers\/","og_site_name":"IPG","article_publisher":"https:\/\/www.facebook.com\/intertape","article_modified_time":"2023-05-02T21:40:34+00:00","og_image":[{"width":2400,"height":2400,"url":"https:\/\/www.itape.com\/wp-content\/uploads\/2023\/01\/Metalized-Pouch_high.jpg","type":"image\/jpeg"}],"twitter_card":"summary_large_image","twitter_site":"@IPGtape","twitter_misc":{"Price":"","Availability":"In stock"},"schema":{"@context":"https:\/\/schema.org","@graph":[{"@type":"WebPage","@id":"https:\/\/www.itape.com\/de\/product\/metalized-bubble-mailers\/","url":"https:\/\/www.itape.com\/de\/product\/metalized-bubble-mailers\/","name":"Metalized Bubble Mailers - IPG","isPartOf":{"@id":"https:\/\/www.itape.com\/#website"},"primaryImageOfPage":{"@id":"https:\/\/www.itape.com\/de\/product\/metalized-bubble-mailers\/#primaryimage"},"image":{"@id":"https:\/\/www.itape.com\/de\/product\/metalized-bubble-mailers\/#primaryimage"},"thumbnailUrl":"https:\/\/www.itape.com\/wp-content\/uploads\/2023\/01\/Metalized-Pouch_high.jpg","datePublished":"2023-01-12T14:33:08+00:00","dateModified":"2023-05-02T21:40:34+00:00","description":"Metalized Bubble Mailers are both eye catching and practical, these products double as both a Cold Chain solution and to create high impact consumer awareness.","breadcrumb":{"@id":"https:\/\/www.itape.com\/de\/product\/metalized-bubble-mailers\/#breadcrumb"},"inLanguage":"de-DE","potentialAction":[{"@type":"ReadAction","target":["https:\/\/www.itape.com\/de\/product\/metalized-bubble-mailers\/"]}]},{"@type":"ImageObject","inLanguage":"de-DE","@id":"https:\/\/www.itape.com\/de\/product\/metalized-bubble-mailers\/#primaryimage","url":"https:\/\/www.itape.com\/wp-content\/uploads\/2023\/01\/Metalized-Pouch_high.jpg","contentUrl":"https:\/\/www.itape.com\/wp-content\/uploads\/2023\/01\/Metalized-Pouch_high.jpg","width":2400,"height":2400,"caption":"Metalized Pouch Mailer"},{"@type":"BreadcrumbList","@id":"https:\/\/www.itape.com\/de\/product\/metalized-bubble-mailers\/#breadcrumb","itemListElement":[{"@type":"ListItem","position":1,"name":"Home","item":"https:\/\/www.itape.com\/de\/"},{"@type":"ListItem","position":2,"name":"Products","item":"https:\/\/www.itape.com\/products\/"},{"@type":"ListItem","position":3,"name":"Metalized Bubble Mailers"}]},{"@type":"WebSite","@id":"https:\/\/www.itape.com\/#website","url":"https:\/\/www.itape.com\/","name":"IPG","description":"Global Leader in Packaging and Protective Solutions","publisher":{"@id":"https:\/\/www.itape.com\/#organization"},"potentialAction":[{"@type":"SearchAction","target":{"@type":"EntryPoint","urlTemplate":"https:\/\/www.itape.com\/?s={search_term_string}"},"query-input":{"@type":"PropertyValueSpecification","valueRequired":true,"valueName":"search_term_string"}}],"inLanguage":"de-DE"},{"@type":"Organization","@id":"https:\/\/www.itape.com\/#organization","name":"IPG","url":"https:\/\/www.itape.com\/","logo":{"@type":"ImageObject","inLanguage":"de-DE","@id":"https:\/\/www.itape.com\/#\/schema\/logo\/image\/","url":"https:\/\/www.itape.com\/wp-content\/uploads\/2024\/06\/IPG-logo-2.png","contentUrl":"https:\/\/www.itape.com\/wp-content\/uploads\/2024\/06\/IPG-logo-2.png","width":60,"height":60,"caption":"IPG"},"image":{"@id":"https:\/\/www.itape.com\/#\/schema\/logo\/image\/"},"sameAs":["https:\/\/www.facebook.com\/intertape","https:\/\/x.com\/IPGtape","https:\/\/www.linkedin.com\/company\/intertape-polymer-group","https:\/\/www.instagram.com\/ipgtape","https:\/\/www.youtube.com\/user\/IPGtape"]}]},"product_price_currency":"USD","og_availability":"instock","product_availability":"instock","product_retailer_item_id":"7effadd79b31","product_condition":"new"},"parsely":{"version":"1.1.0","canonical_url":"https:\/\/itape.com\/de\/product\/metalized-bubble-mailers\/","smart_links":{"inbound":0,"outbound":0},"traffic_boost_suggestions_count":0,"meta":{"@context":"https:\/\/schema.org","@type":"WebPage","headline":"Metalized Bubble Mailers","url":"https:\/\/www.itape.com\/de\/product\/metalized-bubble-mailers\/","mainEntityOfPage":{"@type":"WebPage","@id":"https:\/\/www.itape.com\/de\/product\/metalized-bubble-mailers\/"},"thumbnailUrl":"https:\/\/www.itape.com\/wp-content\/uploads\/2023\/01\/Metalized-Pouch_high.jpg?w=150&h=150&crop=1","image":{"@type":"ImageObject","url":"https:\/\/www.itape.com\/wp-content\/uploads\/2023\/01\/Metalized-Pouch_high.jpg"},"articleSection":"Unkategorisiert","author":[{"@type":"Person","name":"IPG"}],"creator":["IPG"],"publisher":{"@type":"Organization","name":"IPG","logo":"https:\/\/www.itape.com\/wp-content\/uploads\/2023\/03\/IPG-logo-2.png"},"keywords":[],"dateCreated":"2023-01-12T14:33:08Z","datePublished":"2023-01-12T14:33:08Z","dateModified":"2023-05-02T21:40:34Z"},"rendered":"<meta name=\"parsely-title\" content=\"Metalized Bubble Mailers\" \/>\n<meta name=\"parsely-link\" content=\"https:\/\/www.itape.com\/de\/product\/metalized-bubble-mailers\/\" \/>\n<meta name=\"parsely-type\" content=\"index\" \/>\n<meta name=\"parsely-image-url\" content=\"https:\/\/www.itape.com\/wp-content\/uploads\/2023\/01\/Metalized-Pouch_high.jpg?w=150&amp;h=150&amp;crop=1\" \/>\n<meta name=\"parsely-pub-date\" content=\"2023-01-12T14:33:08Z\" \/>\n<meta name=\"parsely-section\" content=\"Unkategorisiert\" \/>\n<meta name=\"parsely-author\" content=\"IPG\" \/>","tracker_url":"https:\/\/cdn.parsely.com\/keys\/itape.com\/p.js"},"jetpack_sharing_enabled":true,"_links":{"self":[{"href":"https:\/\/www.itape.com\/de\/wp-json\/wp\/v2\/product\/60951","targetHints":{"allow":["GET"]}}],"collection":[{"href":"https:\/\/www.itape.com\/de\/wp-json\/wp\/v2\/product"}],"about":[{"href":"https:\/\/www.itape.com\/de\/wp-json\/wp\/v2\/types\/product"}],"replies":[{"embeddable":true,"href":"https:\/\/www.itape.com\/de\/wp-json\/wp\/v2\/comments?post=60951"}],"wp:featuredmedia":[{"embeddable":true,"href":"https:\/\/www.itape.com\/de\/wp-json\/wp\/v2\/media\/60948"}],"wp:attachment":[{"href":"https:\/\/www.itape.com\/de\/wp-json\/wp\/v2\/media?parent=60951"}],"wp:term":[{"taxonomy":"product_brand","embeddable":true,"href":"https:\/\/www.itape.com\/de\/wp-json\/wp\/v2\/product_brand?post=60951"},{"taxonomy":"product_cat","embeddable":true,"href":"https:\/\/www.itape.com\/de\/wp-json\/wp\/v2\/product_cat?post=60951"},{"taxonomy":"product_tag","embeddable":true,"href":"https:\/\/www.itape.com\/de\/wp-json\/wp\/v2\/product_tag?post=60951"},{"taxonomy":"associated_application","embeddable":true,"href":"https:\/\/www.itape.com\/de\/wp-json\/wp\/v2\/associated_application?post=60951"}],"curies":[{"name":"wp","href":"https:\/\/api.w.org\/{rel}","templated":true}]}}