{"id":61841,"date":"2023-01-12T14:30:24","date_gmt":"2023-01-12T14:30:24","guid":{"rendered":"https:\/\/www.itape.com\/product\/curby-mini-taper\/"},"modified":"2023-10-30T17:23:54","modified_gmt":"2023-10-30T17:23:54","slug":"curby-mini-taper","status":"publish","type":"product","link":"https:\/\/www.itape.com\/de\/product\/curby-mini-taper\/","title":{"rendered":"Curby Mini-Taper"},"content":{"rendered":"<div class=\"prose\">Mit dem Curby Mini-Taper k\u00f6nnen Unternehmen jeder Gr\u00f6\u00dfe die Vorteile von Nassklebeb\u00e4ndern f\u00fcr die Kartonverpackung nutzen. Sicherheit, St\u00e4rke und professionelle Verpackung.<\/div>\n","protected":false},"excerpt":{"rendered":"<p>Ein eleganter, leichter, manueller, Nassklebeband-Abroller mit geringer Gr\u00f6\u00dfe. Mit einem Gewicht von nur 2,7 kg (6 Pfund) ist er perfekt f\u00fcr kleine B\u00fcros oder im Home Office, Einzelhandelsgesch\u00e4fte und Versandh\u00e4ndler mit geringem Volumen und begrenztem Arbeitsbereich. Dieser Abroller ist preisg\u00fcnstig, leicht zu bedienen und das Band l\u00e4sst sich einfach einlegen. Der Mini-Taper ist Teil der Produktlinie der \u201eCurby\u201c-Verpackungsl\u00f6sungen von IPG und wird zusammen mit dem recycelbaren Nassklebeband verwendet. <\/p>\n","protected":false},"featured_media":51202,"comment_status":"closed","ping_status":"closed","template":"","meta":{"_acf_changed":false},"product_brand":[],"product_cat":[7767,7667,7044,7040,8111,7775,7782,7795,7828,7769],"product_tag":[7934,7076],"associated_application":[6882,6939,6934,6934,6932,6881],"class_list":{"0":"post-61841","1":"product","2":"type-product","3":"status-publish","4":"has-post-thumbnail","6":"product_cat-automated-equipment-de-2","7":"product_cat-automated-packaging-de","8":"product_cat-curby-curbside-recyclable-de","9":"product_cat-carton-sealing-machines-de","10":"product_cat-consumer-sustainable-packaging-de","11":"product_cat-sustainable-packaging-de","12":"product_cat-automated-equipment-water-activated-tape-dispensers-de","13":"product_cat-carton-sealing-products-spender-fuer-wasseraktiviertes-klebeband-de","14":"product_cat-sustainable-packaging-spender-fuer-wasseraktiviertes-klebeband-de","15":"product_cat-carton-sealing-products-de","16":"product_tag-curby-product-de","17":"product_tag-wat-dispensers-de","18":"associated_application-e-commerce-de","19":"associated_application-kartonverschluss-nassklebeband-spender-de","20":"associated_application-paketverschluss-de","22":"associated_application-poststelle-versand-de","23":"associated_application-verbraucher-de","25":"first","26":"instock","27":"product-type-simple"},"acf":[],"yoast_head":"<!-- This site is optimized with the Yoast SEO Premium plugin v24.1 (Yoast SEO v27.0) - https:\/\/yoast.com\/product\/yoast-seo-premium-wordpress\/ -->\n<title>Curby Mini-Taper - IPG<\/title>\n<meta name=\"robots\" content=\"index, follow, max-snippet:-1, max-image-preview:large, max-video-preview:-1\" \/>\n<link rel=\"canonical\" href=\"https:\/\/www.itape.com\/de\/product\/curby-mini-taper\/\" \/>\n<meta property=\"og:locale\" content=\"de_DE\" \/>\n<meta property=\"og:type\" content=\"article\" \/>\n<meta property=\"og:title\" content=\"Curby Mini-Taper\" \/>\n<meta property=\"og:description\" content=\"Ein eleganter, leichter, manueller, Nassklebeband-Abroller mit geringer Gr\u00f6\u00dfe. Mit einem Gewicht von nur 2,7 kg (6 Pfund) ist er perfekt f\u00fcr kleine B\u00fcros oder im Home Office, Einzelhandelsgesch\u00e4fte und Versandh\u00e4ndler mit geringem Volumen und begrenztem Arbeitsbereich. Dieser Abroller ist preisg\u00fcnstig, leicht zu bedienen und das Band l\u00e4sst sich einfach einlegen. Der Mini-Taper ist Teil der Produktlinie der \u201eCurby\u201c-Verpackungsl\u00f6sungen von IPG und wird zusammen mit dem recycelbaren Nassklebeband verwendet.\" \/>\n<meta property=\"og:url\" content=\"https:\/\/www.itape.com\/de\/product\/curby-mini-taper\/\" \/>\n<meta property=\"og:site_name\" content=\"IPG\" \/>\n<meta property=\"article:publisher\" content=\"https:\/\/www.facebook.com\/intertape\" \/>\n<meta property=\"article:modified_time\" content=\"2023-10-30T17:23:54+00:00\" \/>\n<meta property=\"og:image\" content=\"https:\/\/www.itape.com\/wp-content\/uploads\/2023\/01\/CurbyMiniTaper_high.jpg\" \/>\n\t<meta property=\"og:image:width\" content=\"2400\" \/>\n\t<meta property=\"og:image:height\" content=\"2400\" \/>\n\t<meta property=\"og:image:type\" content=\"image\/jpeg\" \/>\n<meta name=\"twitter:card\" content=\"summary_large_image\" \/>\n<meta name=\"twitter:site\" content=\"@IPGtape\" \/>\n<meta name=\"twitter:label1\" content=\"Price\" \/>\n\t<meta name=\"twitter:data1\" content=\"\" \/>\n\t<meta name=\"twitter:label2\" content=\"Availability\" \/>\n\t<meta name=\"twitter:data2\" content=\"In stock\" \/>\n<script type=\"application\/ld+json\" class=\"yoast-schema-graph\">{\"@context\":\"https:\/\/schema.org\",\"@graph\":[{\"@type\":\"WebPage\",\"@id\":\"https:\/\/www.itape.com\/de\/product\/curby-mini-taper\/\",\"url\":\"https:\/\/www.itape.com\/de\/product\/curby-mini-taper\/\",\"name\":\"Curby Mini-Taper - IPG\",\"isPartOf\":{\"@id\":\"https:\/\/www.itape.com\/#website\"},\"primaryImageOfPage\":{\"@id\":\"https:\/\/www.itape.com\/de\/product\/curby-mini-taper\/#primaryimage\"},\"image\":{\"@id\":\"https:\/\/www.itape.com\/de\/product\/curby-mini-taper\/#primaryimage\"},\"thumbnailUrl\":\"https:\/\/www.itape.com\/wp-content\/uploads\/2023\/01\/CurbyMiniTaper_high.jpg\",\"datePublished\":\"2023-01-12T14:30:24+00:00\",\"dateModified\":\"2023-10-30T17:23:54+00:00\",\"breadcrumb\":{\"@id\":\"https:\/\/www.itape.com\/de\/product\/curby-mini-taper\/#breadcrumb\"},\"inLanguage\":\"de-DE\",\"potentialAction\":[{\"@type\":\"ReadAction\",\"target\":[\"https:\/\/www.itape.com\/de\/product\/curby-mini-taper\/\"]}]},{\"@type\":\"ImageObject\",\"inLanguage\":\"de-DE\",\"@id\":\"https:\/\/www.itape.com\/de\/product\/curby-mini-taper\/#primaryimage\",\"url\":\"https:\/\/www.itape.com\/wp-content\/uploads\/2023\/01\/CurbyMiniTaper_high.jpg\",\"contentUrl\":\"https:\/\/www.itape.com\/wp-content\/uploads\/2023\/01\/CurbyMiniTaper_high.jpg\",\"width\":2400,\"height\":2400,\"caption\":\"BP222_Machine\"},{\"@type\":\"BreadcrumbList\",\"@id\":\"https:\/\/www.itape.com\/de\/product\/curby-mini-taper\/#breadcrumb\",\"itemListElement\":[{\"@type\":\"ListItem\",\"position\":1,\"name\":\"Home\",\"item\":\"https:\/\/www.itape.com\/de\/\"},{\"@type\":\"ListItem\",\"position\":2,\"name\":\"Products\",\"item\":\"https:\/\/www.itape.com\/products\/\"},{\"@type\":\"ListItem\",\"position\":3,\"name\":\"Curby Mini-Taper\"}]},{\"@type\":\"WebSite\",\"@id\":\"https:\/\/www.itape.com\/#website\",\"url\":\"https:\/\/www.itape.com\/\",\"name\":\"IPG\",\"description\":\"Global Leader in Packaging and Protective Solutions\",\"publisher\":{\"@id\":\"https:\/\/www.itape.com\/#organization\"},\"potentialAction\":[{\"@type\":\"SearchAction\",\"target\":{\"@type\":\"EntryPoint\",\"urlTemplate\":\"https:\/\/www.itape.com\/?s={search_term_string}\"},\"query-input\":{\"@type\":\"PropertyValueSpecification\",\"valueRequired\":true,\"valueName\":\"search_term_string\"}}],\"inLanguage\":\"de-DE\"},{\"@type\":\"Organization\",\"@id\":\"https:\/\/www.itape.com\/#organization\",\"name\":\"IPG\",\"url\":\"https:\/\/www.itape.com\/\",\"logo\":{\"@type\":\"ImageObject\",\"inLanguage\":\"de-DE\",\"@id\":\"https:\/\/www.itape.com\/#\/schema\/logo\/image\/\",\"url\":\"https:\/\/www.itape.com\/wp-content\/uploads\/2024\/06\/IPG-logo-2.png\",\"contentUrl\":\"https:\/\/www.itape.com\/wp-content\/uploads\/2024\/06\/IPG-logo-2.png\",\"width\":60,\"height\":60,\"caption\":\"IPG\"},\"image\":{\"@id\":\"https:\/\/www.itape.com\/#\/schema\/logo\/image\/\"},\"sameAs\":[\"https:\/\/www.facebook.com\/intertape\",\"https:\/\/x.com\/IPGtape\",\"https:\/\/www.linkedin.com\/company\/intertape-polymer-group\",\"https:\/\/www.instagram.com\/ipgtape\",\"https:\/\/www.youtube.com\/user\/IPGtape\"]}]}<\/script>\n<meta property=\"product:price:currency\" content=\"USD\" \/>\n<meta property=\"og:availability\" content=\"instock\" \/>\n<meta property=\"product:availability\" content=\"instock\" \/>\n<meta property=\"product:retailer_item_id\" content=\"adf956e06808\" \/>\n<meta property=\"product:condition\" content=\"new\" \/>\n<!-- \/ Yoast SEO Premium plugin. -->","yoast_head_json":{"title":"Curby Mini-Taper - IPG","robots":{"index":"index","follow":"follow","max-snippet":"max-snippet:-1","max-image-preview":"max-image-preview:large","max-video-preview":"max-video-preview:-1"},"canonical":"https:\/\/www.itape.com\/de\/product\/curby-mini-taper\/","og_locale":"de_DE","og_type":"article","og_title":"Curby Mini-Taper","og_description":"Ein eleganter, leichter, manueller, Nassklebeband-Abroller mit geringer Gr\u00f6\u00dfe. Mit einem Gewicht von nur 2,7 kg (6 Pfund) ist er perfekt f\u00fcr kleine B\u00fcros oder im Home Office, Einzelhandelsgesch\u00e4fte und Versandh\u00e4ndler mit geringem Volumen und begrenztem Arbeitsbereich. Dieser Abroller ist preisg\u00fcnstig, leicht zu bedienen und das Band l\u00e4sst sich einfach einlegen. Der Mini-Taper ist Teil der Produktlinie der \u201eCurby\u201c-Verpackungsl\u00f6sungen von IPG und wird zusammen mit dem recycelbaren Nassklebeband verwendet.","og_url":"https:\/\/www.itape.com\/de\/product\/curby-mini-taper\/","og_site_name":"IPG","article_publisher":"https:\/\/www.facebook.com\/intertape","article_modified_time":"2023-10-30T17:23:54+00:00","og_image":[{"width":2400,"height":2400,"url":"https:\/\/www.itape.com\/wp-content\/uploads\/2023\/01\/CurbyMiniTaper_high.jpg","type":"image\/jpeg"}],"twitter_card":"summary_large_image","twitter_site":"@IPGtape","twitter_misc":{"Price":"","Availability":"In stock"},"schema":{"@context":"https:\/\/schema.org","@graph":[{"@type":"WebPage","@id":"https:\/\/www.itape.com\/de\/product\/curby-mini-taper\/","url":"https:\/\/www.itape.com\/de\/product\/curby-mini-taper\/","name":"Curby Mini-Taper - IPG","isPartOf":{"@id":"https:\/\/www.itape.com\/#website"},"primaryImageOfPage":{"@id":"https:\/\/www.itape.com\/de\/product\/curby-mini-taper\/#primaryimage"},"image":{"@id":"https:\/\/www.itape.com\/de\/product\/curby-mini-taper\/#primaryimage"},"thumbnailUrl":"https:\/\/www.itape.com\/wp-content\/uploads\/2023\/01\/CurbyMiniTaper_high.jpg","datePublished":"2023-01-12T14:30:24+00:00","dateModified":"2023-10-30T17:23:54+00:00","breadcrumb":{"@id":"https:\/\/www.itape.com\/de\/product\/curby-mini-taper\/#breadcrumb"},"inLanguage":"de-DE","potentialAction":[{"@type":"ReadAction","target":["https:\/\/www.itape.com\/de\/product\/curby-mini-taper\/"]}]},{"@type":"ImageObject","inLanguage":"de-DE","@id":"https:\/\/www.itape.com\/de\/product\/curby-mini-taper\/#primaryimage","url":"https:\/\/www.itape.com\/wp-content\/uploads\/2023\/01\/CurbyMiniTaper_high.jpg","contentUrl":"https:\/\/www.itape.com\/wp-content\/uploads\/2023\/01\/CurbyMiniTaper_high.jpg","width":2400,"height":2400,"caption":"BP222_Machine"},{"@type":"BreadcrumbList","@id":"https:\/\/www.itape.com\/de\/product\/curby-mini-taper\/#breadcrumb","itemListElement":[{"@type":"ListItem","position":1,"name":"Home","item":"https:\/\/www.itape.com\/de\/"},{"@type":"ListItem","position":2,"name":"Products","item":"https:\/\/www.itape.com\/products\/"},{"@type":"ListItem","position":3,"name":"Curby Mini-Taper"}]},{"@type":"WebSite","@id":"https:\/\/www.itape.com\/#website","url":"https:\/\/www.itape.com\/","name":"IPG","description":"Global Leader in Packaging and Protective Solutions","publisher":{"@id":"https:\/\/www.itape.com\/#organization"},"potentialAction":[{"@type":"SearchAction","target":{"@type":"EntryPoint","urlTemplate":"https:\/\/www.itape.com\/?s={search_term_string}"},"query-input":{"@type":"PropertyValueSpecification","valueRequired":true,"valueName":"search_term_string"}}],"inLanguage":"de-DE"},{"@type":"Organization","@id":"https:\/\/www.itape.com\/#organization","name":"IPG","url":"https:\/\/www.itape.com\/","logo":{"@type":"ImageObject","inLanguage":"de-DE","@id":"https:\/\/www.itape.com\/#\/schema\/logo\/image\/","url":"https:\/\/www.itape.com\/wp-content\/uploads\/2024\/06\/IPG-logo-2.png","contentUrl":"https:\/\/www.itape.com\/wp-content\/uploads\/2024\/06\/IPG-logo-2.png","width":60,"height":60,"caption":"IPG"},"image":{"@id":"https:\/\/www.itape.com\/#\/schema\/logo\/image\/"},"sameAs":["https:\/\/www.facebook.com\/intertape","https:\/\/x.com\/IPGtape","https:\/\/www.linkedin.com\/company\/intertape-polymer-group","https:\/\/www.instagram.com\/ipgtape","https:\/\/www.youtube.com\/user\/IPGtape"]}]},"product_price_currency":"USD","og_availability":"instock","product_availability":"instock","product_retailer_item_id":"adf956e06808","product_condition":"new"},"parsely":{"version":"1.1.0","canonical_url":"https:\/\/itape.com\/de\/product\/curby-mini-taper\/","smart_links":{"inbound":0,"outbound":0},"traffic_boost_suggestions_count":0,"meta":{"@context":"https:\/\/schema.org","@type":"WebPage","headline":"Curby Mini-Taper","url":"https:\/\/www.itape.com\/de\/product\/curby-mini-taper\/","mainEntityOfPage":{"@type":"WebPage","@id":"https:\/\/www.itape.com\/de\/product\/curby-mini-taper\/"},"thumbnailUrl":"https:\/\/www.itape.com\/wp-content\/uploads\/2023\/01\/CurbyMiniTaper_high.jpg?w=150&h=150&crop=1","image":{"@type":"ImageObject","url":"https:\/\/www.itape.com\/wp-content\/uploads\/2023\/01\/CurbyMiniTaper_high.jpg"},"articleSection":"Unkategorisiert","author":[{"@type":"Person","name":"IPG"}],"creator":["IPG"],"publisher":{"@type":"Organization","name":"IPG","logo":"https:\/\/www.itape.com\/wp-content\/uploads\/2023\/03\/IPG-logo-2.png"},"keywords":[],"dateCreated":"2023-01-12T14:30:24Z","datePublished":"2023-01-12T14:30:24Z","dateModified":"2023-10-30T17:23:54Z"},"rendered":"<meta name=\"parsely-title\" content=\"Curby Mini-Taper\" \/>\n<meta name=\"parsely-link\" content=\"https:\/\/www.itape.com\/de\/product\/curby-mini-taper\/\" \/>\n<meta name=\"parsely-type\" content=\"index\" \/>\n<meta name=\"parsely-image-url\" content=\"https:\/\/www.itape.com\/wp-content\/uploads\/2023\/01\/CurbyMiniTaper_high.jpg?w=150&amp;h=150&amp;crop=1\" \/>\n<meta name=\"parsely-pub-date\" content=\"2023-01-12T14:30:24Z\" \/>\n<meta name=\"parsely-section\" content=\"Unkategorisiert\" \/>\n<meta name=\"parsely-author\" content=\"IPG\" \/>","tracker_url":"https:\/\/cdn.parsely.com\/keys\/itape.com\/p.js"},"jetpack_sharing_enabled":true,"_links":{"self":[{"href":"https:\/\/www.itape.com\/de\/wp-json\/wp\/v2\/product\/61841","targetHints":{"allow":["GET"]}}],"collection":[{"href":"https:\/\/www.itape.com\/de\/wp-json\/wp\/v2\/product"}],"about":[{"href":"https:\/\/www.itape.com\/de\/wp-json\/wp\/v2\/types\/product"}],"replies":[{"embeddable":true,"href":"https:\/\/www.itape.com\/de\/wp-json\/wp\/v2\/comments?post=61841"}],"wp:featuredmedia":[{"embeddable":true,"href":"https:\/\/www.itape.com\/de\/wp-json\/wp\/v2\/media\/51202"}],"wp:attachment":[{"href":"https:\/\/www.itape.com\/de\/wp-json\/wp\/v2\/media?parent=61841"}],"wp:term":[{"taxonomy":"product_brand","embeddable":true,"href":"https:\/\/www.itape.com\/de\/wp-json\/wp\/v2\/product_brand?post=61841"},{"taxonomy":"product_cat","embeddable":true,"href":"https:\/\/www.itape.com\/de\/wp-json\/wp\/v2\/product_cat?post=61841"},{"taxonomy":"product_tag","embeddable":true,"href":"https:\/\/www.itape.com\/de\/wp-json\/wp\/v2\/product_tag?post=61841"},{"taxonomy":"associated_application","embeddable":true,"href":"https:\/\/www.itape.com\/de\/wp-json\/wp\/v2\/associated_application?post=61841"}],"curies":[{"name":"wp","href":"https:\/\/api.w.org\/{rel}","templated":true}]}}