{"id":49736,"date":"2023-02-03T20:50:34","date_gmt":"2023-02-03T20:50:34","guid":{"rendered":"https:\/\/www.itape.com\/traduccion-de-prueba-para-el-servicio-de-lionbridge\/"},"modified":"2023-02-06T18:58:31","modified_gmt":"2023-02-06T18:58:31","slug":"traduccion-de-prueba-para-el-servicio-de-lionbridge","status":"publish","type":"page","link":"https:\/\/www.itape.com\/es\/traduccion-de-prueba-para-el-servicio-de-lionbridge\/","title":{"rendered":"Traducci\u00f3n de prueba para el servicio de Lionbridge"},"content":{"rendered":"<span class=\"prose block px-4 mb-4 wp-core-block-paragraph\">\n<p><strong>Intertape Pol\u00edmero Group Inc.<\/strong>\u00a0es una empresa de productos y sistemas de envasado con sede en Montreal y Sarasota, Florida, con 34 ubicaciones, 22 ubicaciones de fabricaci\u00f3n en Am\u00e9rica del Norte y una en <a href=\"https:\/\/en.wikipedia.org\/wiki\/Montreal\">Europa, y <\/a><a href=\"https:\/\/en.wikipedia.org\/wiki\/Sarasota,_Florida\">4.200 empleados.\u00a0Los productos incluyen cinta<\/a> sensible a la presi\u00f3n y activada por <a href=\"https:\/\/en.wikipedia.org\/wiki\/Adhesive_tape\">agua a base de papel y pel\u00edcula para sellar cajas y reparar tuber\u00edas. Intertape es el segundo mayor productor de cintas en Am\u00e9rica del Norte detr\u00e1s <\/a><a href=\"https:\/\/en.wikipedia.org\/wiki\/3M\">de 3M<\/a>, y su participaci\u00f3n de mercado para la mayor\u00eda de los productos es del 20 al 30 por ciento. Alrededor del 80 por ciento de las ventas se realizaron en los Estados Unidos a partir de 2015, con el 10 por ciento en <a href=\"https:\/\/en.wikipedia.org\/wiki\/Canada\">Canad\u00e1<\/a> y <a href=\"https:\/\/en.wikipedia.org\/wiki\/Mexico\">M\u00e9xico<\/a>.<\/p>\n<\/span>","protected":false},"excerpt":{"rendered":"<p>Intertape Pol\u00edmero Group Inc.\u00a0es una empresa de productos y sistemas de envasado con sede en Montreal y Sarasota, Florida, con 34 ubicaciones, 22 ubicaciones de fabricaci\u00f3n en Am\u00e9rica del Norte y una en Europa, y 4.200 empleados.\u00a0Los productos incluyen cinta sensible a la presi\u00f3n y activada por agua a base de papel y pel\u00edcula para<a class=\"excerpt-more-tag\" href=\"https:\/\/www.itape.com\/es\/traduccion-de-prueba-para-el-servicio-de-lionbridge\/\">Read more&#8230;<\/a><\/p>\n","protected":false},"author":11,"featured_media":0,"parent":0,"menu_order":0,"comment_status":"closed","ping_status":"closed","template":"","meta":{"_acf_changed":false,"footnotes":""},"class_list":["post-49736","page","type-page","status-publish","hentry"],"acf":[],"yoast_head":"<!-- This site is optimized with the Yoast SEO Premium plugin v24.1 (Yoast SEO v27.3) - https:\/\/yoast.com\/product\/yoast-seo-premium-wordpress\/ -->\n<title>Traducci\u00f3n de prueba para el servicio de Lionbridge - IPG<\/title>\n<meta name=\"robots\" content=\"index, follow, max-snippet:-1, max-image-preview:large, max-video-preview:-1\" \/>\n<link rel=\"canonical\" href=\"https:\/\/www.itape.com\/es\/traduccion-de-prueba-para-el-servicio-de-lionbridge\/\" \/>\n<meta property=\"og:locale\" content=\"es_ES\" \/>\n<meta property=\"og:type\" content=\"article\" \/>\n<meta property=\"og:title\" content=\"Traducci\u00f3n de prueba para el servicio de Lionbridge\" \/>\n<meta property=\"og:description\" content=\"Intertape Pol\u00edmero Group Inc.\u00a0es una empresa de productos y sistemas de envasado con sede en Montreal y Sarasota, Florida, con 34 ubicaciones, 22 ubicaciones de fabricaci\u00f3n en Am\u00e9rica del Norte y una en Europa, y 4.200 empleados.\u00a0Los productos incluyen cinta sensible a la presi\u00f3n y activada por agua a base de papel y pel\u00edcula paraRead more...\" \/>\n<meta property=\"og:url\" content=\"https:\/\/www.itape.com\/es\/traduccion-de-prueba-para-el-servicio-de-lionbridge\/\" \/>\n<meta property=\"og:site_name\" content=\"IPG\" \/>\n<meta property=\"article:publisher\" content=\"https:\/\/www.facebook.com\/intertape\" \/>\n<meta property=\"article:modified_time\" content=\"2023-02-06T18:58:31+00:00\" \/>\n<meta name=\"twitter:card\" content=\"summary_large_image\" \/>\n<meta name=\"twitter:site\" content=\"@IPGtape\" \/>\n<meta name=\"twitter:label1\" content=\"Est. reading time\" \/>\n\t<meta name=\"twitter:data1\" content=\"1 minuto\" \/>\n<script type=\"application\/ld+json\" class=\"yoast-schema-graph\">{\"@context\":\"https:\\\/\\\/schema.org\",\"@graph\":[{\"@type\":\"WebPage\",\"@id\":\"https:\\\/\\\/www.itape.com\\\/es\\\/traduccion-de-prueba-para-el-servicio-de-lionbridge\\\/\",\"url\":\"https:\\\/\\\/www.itape.com\\\/es\\\/traduccion-de-prueba-para-el-servicio-de-lionbridge\\\/\",\"name\":\"Traducci\u00f3n de prueba para el servicio de Lionbridge - IPG\",\"isPartOf\":{\"@id\":\"https:\\\/\\\/www.itape.com\\\/#website\"},\"datePublished\":\"2023-02-03T20:50:34+00:00\",\"dateModified\":\"2023-02-06T18:58:31+00:00\",\"breadcrumb\":{\"@id\":\"https:\\\/\\\/www.itape.com\\\/es\\\/traduccion-de-prueba-para-el-servicio-de-lionbridge\\\/#breadcrumb\"},\"inLanguage\":\"es\",\"potentialAction\":[{\"@type\":\"ReadAction\",\"target\":[\"https:\\\/\\\/www.itape.com\\\/es\\\/traduccion-de-prueba-para-el-servicio-de-lionbridge\\\/\"]}]},{\"@type\":\"BreadcrumbList\",\"@id\":\"https:\\\/\\\/www.itape.com\\\/es\\\/traduccion-de-prueba-para-el-servicio-de-lionbridge\\\/#breadcrumb\",\"itemListElement\":[{\"@type\":\"ListItem\",\"position\":1,\"name\":\"Home\",\"item\":\"https:\\\/\\\/www.itape.com\\\/es\\\/\"},{\"@type\":\"ListItem\",\"position\":2,\"name\":\"Traducci\u00f3n de prueba para el servicio de Lionbridge\"}]},{\"@type\":\"WebSite\",\"@id\":\"https:\\\/\\\/www.itape.com\\\/#website\",\"url\":\"https:\\\/\\\/www.itape.com\\\/\",\"name\":\"IPG\",\"description\":\"Global Leader in Packaging and Protective Solutions\",\"publisher\":{\"@id\":\"https:\\\/\\\/www.itape.com\\\/#organization\"},\"potentialAction\":[{\"@type\":\"SearchAction\",\"target\":{\"@type\":\"EntryPoint\",\"urlTemplate\":\"https:\\\/\\\/www.itape.com\\\/?s={search_term_string}\"},\"query-input\":{\"@type\":\"PropertyValueSpecification\",\"valueRequired\":true,\"valueName\":\"search_term_string\"}}],\"inLanguage\":\"es\"},{\"@type\":\"Organization\",\"@id\":\"https:\\\/\\\/www.itape.com\\\/#organization\",\"name\":\"IPG\",\"url\":\"https:\\\/\\\/www.itape.com\\\/\",\"logo\":{\"@type\":\"ImageObject\",\"inLanguage\":\"es\",\"@id\":\"https:\\\/\\\/www.itape.com\\\/#\\\/schema\\\/logo\\\/image\\\/\",\"url\":\"https:\\\/\\\/www.itape.com\\\/wp-content\\\/uploads\\\/2024\\\/06\\\/IPG-logo-2.png\",\"contentUrl\":\"https:\\\/\\\/www.itape.com\\\/wp-content\\\/uploads\\\/2024\\\/06\\\/IPG-logo-2.png\",\"width\":60,\"height\":60,\"caption\":\"IPG\"},\"image\":{\"@id\":\"https:\\\/\\\/www.itape.com\\\/#\\\/schema\\\/logo\\\/image\\\/\"},\"sameAs\":[\"https:\\\/\\\/www.facebook.com\\\/intertape\",\"https:\\\/\\\/x.com\\\/IPGtape\",\"https:\\\/\\\/www.linkedin.com\\\/company\\\/intertape-polymer-group\",\"https:\\\/\\\/www.instagram.com\\\/ipgtape\",\"https:\\\/\\\/www.youtube.com\\\/user\\\/IPGtape\"]}]}<\/script>\n<!-- \/ Yoast SEO Premium plugin. -->","yoast_head_json":{"title":"Traducci\u00f3n de prueba para el servicio de Lionbridge - IPG","robots":{"index":"index","follow":"follow","max-snippet":"max-snippet:-1","max-image-preview":"max-image-preview:large","max-video-preview":"max-video-preview:-1"},"canonical":"https:\/\/www.itape.com\/es\/traduccion-de-prueba-para-el-servicio-de-lionbridge\/","og_locale":"es_ES","og_type":"article","og_title":"Traducci\u00f3n de prueba para el servicio de Lionbridge","og_description":"Intertape Pol\u00edmero Group Inc.\u00a0es una empresa de productos y sistemas de envasado con sede en Montreal y Sarasota, Florida, con 34 ubicaciones, 22 ubicaciones de fabricaci\u00f3n en Am\u00e9rica del Norte y una en Europa, y 4.200 empleados.\u00a0Los productos incluyen cinta sensible a la presi\u00f3n y activada por agua a base de papel y pel\u00edcula paraRead more...","og_url":"https:\/\/www.itape.com\/es\/traduccion-de-prueba-para-el-servicio-de-lionbridge\/","og_site_name":"IPG","article_publisher":"https:\/\/www.facebook.com\/intertape","article_modified_time":"2023-02-06T18:58:31+00:00","twitter_card":"summary_large_image","twitter_site":"@IPGtape","twitter_misc":{"Est. reading time":"1 minuto"},"schema":{"@context":"https:\/\/schema.org","@graph":[{"@type":"WebPage","@id":"https:\/\/www.itape.com\/es\/traduccion-de-prueba-para-el-servicio-de-lionbridge\/","url":"https:\/\/www.itape.com\/es\/traduccion-de-prueba-para-el-servicio-de-lionbridge\/","name":"Traducci\u00f3n de prueba para el servicio de Lionbridge - IPG","isPartOf":{"@id":"https:\/\/www.itape.com\/#website"},"datePublished":"2023-02-03T20:50:34+00:00","dateModified":"2023-02-06T18:58:31+00:00","breadcrumb":{"@id":"https:\/\/www.itape.com\/es\/traduccion-de-prueba-para-el-servicio-de-lionbridge\/#breadcrumb"},"inLanguage":"es","potentialAction":[{"@type":"ReadAction","target":["https:\/\/www.itape.com\/es\/traduccion-de-prueba-para-el-servicio-de-lionbridge\/"]}]},{"@type":"BreadcrumbList","@id":"https:\/\/www.itape.com\/es\/traduccion-de-prueba-para-el-servicio-de-lionbridge\/#breadcrumb","itemListElement":[{"@type":"ListItem","position":1,"name":"Home","item":"https:\/\/www.itape.com\/es\/"},{"@type":"ListItem","position":2,"name":"Traducci\u00f3n de prueba para el servicio de Lionbridge"}]},{"@type":"WebSite","@id":"https:\/\/www.itape.com\/#website","url":"https:\/\/www.itape.com\/","name":"IPG","description":"Global Leader in Packaging and Protective Solutions","publisher":{"@id":"https:\/\/www.itape.com\/#organization"},"potentialAction":[{"@type":"SearchAction","target":{"@type":"EntryPoint","urlTemplate":"https:\/\/www.itape.com\/?s={search_term_string}"},"query-input":{"@type":"PropertyValueSpecification","valueRequired":true,"valueName":"search_term_string"}}],"inLanguage":"es"},{"@type":"Organization","@id":"https:\/\/www.itape.com\/#organization","name":"IPG","url":"https:\/\/www.itape.com\/","logo":{"@type":"ImageObject","inLanguage":"es","@id":"https:\/\/www.itape.com\/#\/schema\/logo\/image\/","url":"https:\/\/www.itape.com\/wp-content\/uploads\/2024\/06\/IPG-logo-2.png","contentUrl":"https:\/\/www.itape.com\/wp-content\/uploads\/2024\/06\/IPG-logo-2.png","width":60,"height":60,"caption":"IPG"},"image":{"@id":"https:\/\/www.itape.com\/#\/schema\/logo\/image\/"},"sameAs":["https:\/\/www.facebook.com\/intertape","https:\/\/x.com\/IPGtape","https:\/\/www.linkedin.com\/company\/intertape-polymer-group","https:\/\/www.instagram.com\/ipgtape","https:\/\/www.youtube.com\/user\/IPGtape"]}]}},"parsely":{"version":"1.1.0","canonical_url":"https:\/\/itape.com\/es\/traduccion-de-prueba-para-el-servicio-de-lionbridge\/","smart_links":{"inbound":0,"outbound":0},"traffic_boost_suggestions_count":0,"meta":{"@context":"https:\/\/schema.org","@type":"WebPage","headline":"Traducci\u00f3n de prueba para el servicio de Lionbridge","url":"https:\/\/www.itape.com\/es\/traduccion-de-prueba-para-el-servicio-de-lionbridge\/","mainEntityOfPage":{"@type":"WebPage","@id":"https:\/\/www.itape.com\/es\/traduccion-de-prueba-para-el-servicio-de-lionbridge\/"},"thumbnailUrl":"","image":{"@type":"ImageObject","url":""},"articleSection":"Sin categorizar","author":[{"@type":"Person","name":"jackie"}],"creator":["jackie"],"publisher":{"@type":"Organization","name":"IPG","logo":"https:\/\/www.itape.com\/wp-content\/uploads\/2023\/03\/IPG-logo-2.png"},"keywords":[],"dateCreated":"2023-02-03T20:50:34Z","datePublished":"2023-02-03T20:50:34Z","dateModified":"2023-02-06T18:58:31Z"},"rendered":"<meta name=\"parsely-title\" content=\"Traducci\u00f3n de prueba para el servicio de Lionbridge\" \/>\n<meta name=\"parsely-link\" content=\"https:\/\/www.itape.com\/es\/traduccion-de-prueba-para-el-servicio-de-lionbridge\/\" \/>\n<meta name=\"parsely-type\" content=\"index\" \/>\n<meta name=\"parsely-pub-date\" content=\"2023-02-03T20:50:34Z\" \/>\n<meta name=\"parsely-section\" content=\"Sin categorizar\" \/>\n<meta name=\"parsely-author\" content=\"jackie\" \/>","tracker_url":"https:\/\/cdn.parsely.com\/keys\/itape.com\/p.js"},"jetpack_sharing_enabled":true,"_links":{"self":[{"href":"https:\/\/www.itape.com\/es\/wp-json\/wp\/v2\/pages\/49736","targetHints":{"allow":["GET"]}}],"collection":[{"href":"https:\/\/www.itape.com\/es\/wp-json\/wp\/v2\/pages"}],"about":[{"href":"https:\/\/www.itape.com\/es\/wp-json\/wp\/v2\/types\/page"}],"author":[{"embeddable":true,"href":"https:\/\/www.itape.com\/es\/wp-json\/wp\/v2\/users\/11"}],"replies":[{"embeddable":true,"href":"https:\/\/www.itape.com\/es\/wp-json\/wp\/v2\/comments?post=49736"}],"version-history":[{"count":1,"href":"https:\/\/www.itape.com\/es\/wp-json\/wp\/v2\/pages\/49736\/revisions"}],"predecessor-version":[{"id":49737,"href":"https:\/\/www.itape.com\/es\/wp-json\/wp\/v2\/pages\/49736\/revisions\/49737"}],"wp:attachment":[{"href":"https:\/\/www.itape.com\/es\/wp-json\/wp\/v2\/media?parent=49736"}],"curies":[{"name":"wp","href":"https:\/\/api.w.org\/{rel}","templated":true}]}}