{"id":55114,"date":"2023-01-06T22:21:12","date_gmt":"2023-01-06T22:21:12","guid":{"rendered":"https:\/\/www.itape.com\/packaging-lab-ipg\/"},"modified":"2023-12-19T13:50:17","modified_gmt":"2023-12-19T13:50:17","slug":"packaging-lab","status":"publish","type":"page","link":"https:\/\/www.itape.com\/es\/packaging-lab\/","title":{"rendered":"Packaging Lab"},"content":{"rendered":"<span class=\"prose block px-4 mb-4 wp-core-block-paragraph\">\n<p><style>\n    .respimages {<br \/>\n    width: 100%;<br \/>\n    height: auto;<br \/>\n    }<br \/>\n<\/style><\/p>\n<\/span>\n\n\n<figure class=\"wp-block-image size-large\"><img loading=\"lazy\" decoding=\"async\" width=\"1024\" height=\"431\" src=\"https:\/\/www.itape.com\/wp-content\/uploads\/2022\/12\/IPG-Packaging-Lab3.jpg?w=1024\" alt=\"\" class=\"wp-image-24509\" srcset=\"https:\/\/www.itape.com\/wp-content\/uploads\/2022\/12\/IPG-Packaging-Lab3.jpg 1024w, https:\/\/www.itape.com\/wp-content\/uploads\/2022\/12\/IPG-Packaging-Lab3.jpg?resize=300,126 300w, https:\/\/www.itape.com\/wp-content\/uploads\/2022\/12\/IPG-Packaging-Lab3.jpg?resize=768,323 768w, https:\/\/www.itape.com\/wp-content\/uploads\/2022\/12\/IPG-Packaging-Lab3.jpg?resize=600,253 600w\" sizes=\"auto, (max-width: 1024px) 100vw, 1024px\" \/><\/figure>\n\n\n\n<div style=\"height:16px\" aria-hidden=\"true\" class=\"wp-block-spacer\"><\/div>\n\n\n<span class=\"prose block px-4 mb-4 wp-core-block-paragraph\">\n<p>El vanguardista laboratorio de embalajes de IPG admite todas las pruebas de tr\u00e1nsito desarrolladas por la International Safe Transit Association, ASTM e ISO. Tambi\u00e9n presta apoyo a los servicios de paqueter\u00eda, Fedex y UPS, y al desarrollo de nuevos productos de embalaje de IPG. El equipo de pruebas utilizado por el laboratorio de embalajes incluye: probador de impacto inclinado, probador de materiales, probador de compresi\u00f3n vertical, etc. Descubra c\u00f3mo puede beneficiarse del laboratorio y probar sus productos.<\/p>\n<\/span>\n\n\n<style>\n\n.X-accordion__tab {\n    color: WHITE;\nmargin-bottom: 10px;\n}\n.triangle-down {\n\twidth: 0;\n\theight: 0;\n\tborder-left: 50px solid transparent;\n\tborder-right:50px solid transparent;\n\tborder-top: 20px solid black;\n    margin-bottom: 10px;\n    margin-top: -10px;\n\n}\n.X-accordion,\n.X-accordion__tab {\n    overflow: hidden;\n}\n\n.X-accordion__checkbox {\n    position: absolute;\n    z-index: -1;\n    opacity: 0;\n}\n\n.X-accordion__tab-label {\n    display: flex;\n    justify-content: space-between;\n    align-items: center;\n    padding: 16px;\n    background-color: #0aac95;\n    cursor: pointer;\n        font-weight: 800;\nborder-bottom: 10px solid white;\n}\n\n.X-accordion__tab-heading {\n    margin: 0;\n}\n\n.X-accordion__tab-content {\n    max-height: 0px;\n    transition: all 0.3s ease-out;\n    padding: 0px 15px;\n    color: black;\n}\n\n.X-accordion__tab-label:hover,\n.X-accordion__checkbox:checked + .X -accordion__tab-label {\n    background-color: black;\n}\n\n.X-accordion__checkbox:checked ~ .X-accordion__tab-content {\n    max-height: 10000px;\n     padding: 0px 15px 15px 15px;\n}\n\n\/* Accordion icon *\/\n.X-accordion__icon-container {\n    width: 10px;\n    height: 10px;\n    position: relative;\n}\n\n.X-accordion__icon-plus,\n.X-accordion__icon-minus {\n    position: absolute;\n    transition: 0.3s;\n    background: #ffffff;\n}\n\n.X-accordion__icon-plus {\n    top: 0%;\n    bottom: 0%;\n    width: 20%;\n    left: 40%;\n}\n\n.X-accordion__icon-minus {\n    left: 0%;\n    right: 0%;\n    height: 22%;\n    top: 40%;\n}\n\n.X-accordion__checkbox:checked\n    + .X-accordion__tab-label\n    .X-accordion__icon-plus,\n.X-accordion__checkbox:checked\n    + .X-accordion__tab-label\n    .X-accordion__icon-minus {\n    transform: rotate(90deg);\n}\n\n.X-accordion__checkbox:checked\n    + .X-accordion__tab-label\n    .X-accordion__icon-minus {\n    left: 50%;\n    right: 50%;\n}\n  .sidebyside {\n  display: inline;\n  }\n\n<\/style>\n\n<div class=\"X-accordion\">\n\n    <div class=\"X-accordion__tab\">\n        <input class=\"X-accordion__checkbox\" type=\"checkbox\" id=\"tab-1\">\n        <label class=\"X-accordion__tab-label\" for=\"tab-1\">\n            <h2 class=\"X-accordion__tab-heading\">TESTING STANDARDS<\/h2>\n            <div class=\"X-accordion__icon-container\">\n                <span class=\"X-accordion__icon-plus\"><\/span>\n                <span class=\"X-accordion__icon-minus\"><\/span>\n            <\/div>\n        <\/label>\n\n        <div class=\"X-accordion__tab-content\">\n            <div class=\"triangle-down\n\"><\/div>\n           <p>The IPG Packaging Lab offers advanced package testing for our valued customers and product development.   The lab supports all transit testing developed by the International Safe Transit Association, ASTM International, and the International Organization for Standardization (ISO).  Including these testing standards:<\/p>\n<!-- BULLETS -->\n<ul style=\"margin: 2px 0px 0px 25px; padding: 0px 5px; text-align: left; list-style-type: disc;\">\n    <li style=\"color: #0aac95; font-size:20px; line-height:15px;\">\n    <span style=\"line-height: 20px; font-size: 18px; color: black;\">\n    ISTA 1 SERIES &#8211; Non-Simulation Performance Tests<\/span><\/li>\n<\/ul>\n<ul style=\"margin: 2px 0px 0px 25px; padding: 0px 5px; text-align: left; list-style-type: disc;\">\n    <li style=\"color: #0aac95; font-size:20px; line-height:15px;\">\n    <span style=\"line-height: 20px; font-size: 18px; color: black;\">\n    ISTA 2 SERIES &#8211; Partial Simulation Performance Tests<\/span><\/li>\n<\/ul>\n<ul style=\"margin: 2px 0px 0px 25px; padding: 0px 5px; text-align: left; list-style-type: disc;\">\n    <li style=\"color: #0aac95; font-size:20px; line-height:15px;\">\n    <span style=\"line-height: 20px; font-size: 18px; color: black;\">\n    ISTA 3 SERIES &#8211; General Simulation Performance Tests<\/span><\/li>\n<\/ul>\n<ul style=\"margin: 2px 0px 0px 25px; padding: 0px 5px; text-align: left; list-style-type: disc;\">\n    <li style=\"color: #0aac95; font-size:20px; line-height:15px;\">\n    <span style=\"line-height: 20px; font-size: 18px; color: black;\">\n    ISTA 4 SERIES &#8211; Enhanced Simulation Performance Tests<\/span><\/li>\n<\/ul>\n<ul style=\"margin: 2px 0px 0px 25px; padding: 0px 5px; text-align: left; list-style-type: disc;\">\n    <li style=\"color: #0aac95; font-size:20px; line-height:15px;\">\n    <span style=\"line-height: 20px; font-size: 18px; color: black;\">\n    ISTA 6 SERIES &#8211; Custom ISTA Member Performance Tests<\/span><\/li>\n<\/ul>\n<ul style=\"margin: 2px 0px 0px 25px; padding: 0px 5px; text-align: left; list-style-type: disc;\">\n    <li style=\"color: #0aac95; font-size:20px; line-height:15px;\">\n    <span style=\"line-height: 20px; font-size: 18px; color: black;\">\n    ASTM D999- Standard Test Methods for Vibration Testing of Shipping Containers<\/span><\/li>\n<\/ul>\n<ul style=\"margin: 2px 0px 0px 25px; padding: 0px 5px; text-align: left; list-style-type: disc;\">\n    <li style=\"color: #0aac95; font-size:20px; line-height:15px;\">\n    <span style=\"line-height: 20px; font-size: 18px; color: black;\">\n    ASTM D4169 &#8211; Standard Practice for Performance Testing of Shipping Containers<\/span><\/li>\n<\/ul>\n<ul style=\"margin: 2px 0px 0px 25px; padding: 0px 5px; text-align: left; list-style-type: disc;\">\n    <li style=\"color: #0aac95; font-size:20px; line-height:15px;\">\n    <span style=\"line-height: 20px; font-size: 18px; color: black;\">\n    MIL-STD-810 &#8211; Transportation Profiles<\/span><\/li>\n<\/ul>\n<ul style=\"margin: 2px 0px 0px 25px; padding: 0px 5px; text-align: left; list-style-type: disc;\">\n    <li style=\"color: #0aac95; font-size:20px; line-height:15px;\">\n    <span style=\"line-height: 20px; font-size: 18px; color: black;\">\n    Client Specifications<\/span><\/li>\n<\/ul>\n<\/div>\n<\/div>\n\n    <div class=\"X-accordion__tab\">\n        <input class=\"X-accordion__checkbox\" type=\"checkbox\" id=\"tab-2\">\n        <label class=\"X-accordion__tab-label\" for=\"tab-2\">\n            <h2 class=\"X-accordion__tab-heading\">EQUIPMENT USED<\/h2>\n            <div class=\"X-accordion__icon-container\">\n                <span class=\"X-accordion__icon-plus\"><\/span>\n                <span class=\"X-accordion__icon-minus\"><\/span>\n            <\/div>\n        <\/label>\n       <div class=\"X-accordion__tab-content\">\n            <div class=\"triangle-down\n\"><\/div>\n          <p>These real world test standards allows customers to understand the packaging needs to support shipping contents in multiple transit situations, including parcel services such as FedEx and UPS.   The state of the art testing allows IPG to develop innovative new packaging products to meet the needs of the ever changing e-fulfillment industry.   Some of the equipment in the lab include:<\/p>\n<ul style=\"margin: 2px 0px 0px 25px; padding: 0px 5px; text-align: left; list-style-type: disc;\">\n    <li style=\"color: #0aac95; font-size:20px; line-height:15px;\">\n    <span style=\"line-height: 20px; font-size: 18px; color: black;\">\n    Incline Impact Tester<\/span><\/li>\n<\/ul>\n<ul style=\"margin: 2px 0px 0px 25px; padding: 0px 5px; text-align: left; list-style-type: disc;\">\n    <li style=\"color: #0aac95; font-size:20px; line-height:15px;\">\n    <span style=\"line-height: 20px; font-size: 18px; color: black;\">Material Tester<\/span><\/li>\n<\/ul>\n<ul style=\"margin: 2px 0px 0px 25px; padding: 0px 5px; text-align: left; list-style-type: disc;\">\n    <li style=\"color: #0aac95; font-size:20px; line-height:15px;\">\n    <span style=\"line-height: 20px; font-size: 18px; color: black;\">Vertical Compression Tester<\/span><\/li>\n<\/ul>\n<ul style=\"margin: 2px 0px 0px 25px; padding: 0px 5px; text-align: left; list-style-type: disc;\">\n    <li style=\"color: #0aac95; font-size:20px; line-height:15px;\">\n    <span style=\"line-height: 20px; font-size: 18px; color: black;\">Drop Testing<\/span><\/li>\n<\/ul>\n<ul style=\"margin: 2px 0px 0px 25px; padding: 0px 5px; text-align: left; list-style-type: disc;\">\n    <li style=\"color: #0aac95; font-size:20px; line-height:15px;\">\n    <span style=\"line-height: 20px; font-size: 18px; color: black;\">Vibration Table\n    <\/span><\/li>\n<\/ul>\n<\/div>\n<\/div>\n\n    <div class=\"X-accordion__tab\">\n        <input class=\"X-accordion__checkbox\" type=\"checkbox\" id=\"tab-3\">\n        <label class=\"X-accordion__tab-label\" for=\"tab-3\">\n            <h2 class=\"X-accordion__tab-heading\">TESTING DEMO VIDEOS<\/h2>\n            <div class=\"X-accordion__icon-container\">\n                <span class=\"X-accordion__icon-plus\"><\/span>\n                <span class=\"X-accordion__icon-minus\"><\/span>\n            <\/div>\n        <\/label>\n            <div class=\"X-accordion__tab-content\">\n            <div class=\"triangle-down\"><\/div>\n         \n<iframe loading=\"lazy\" class=\"sidebyside\" width=\"500\" height=\"281\" style=\"padding: 10px;\" src=\"https:\/\/www.youtube.com\/embed\/kpcba9x0w0M\" title=\"YouTube video player\" frameborder=\"0\" allow=\"accelerometer; autoplay; clipboard-write; encrypted-media; gyroscope; picture-in-picture; web-share\" allowfullscreen><\/iframe>\n<iframe loading=\"lazy\" class=\"sidebyside\" style=\"padding: 10px;\" width=\"500\" height=\"281\" src=\"https:\/\/www.youtube.com\/embed\/F_u4zfWbwcc\" title=\"YouTube video player\" frameborder=\"0\" allow=\"accelerometer; autoplay; clipboard-write; encrypted-media; gyroscope; picture-in-picture; web-share\" allowfullscreen><\/iframe>\n<iframe loading=\"lazy\" class=\"sidebyside\" style=\"padding: 10px;\" width=\"500\" height=\"281\" src=\"https:\/\/www.youtube.com\/embed\/_OLQIhXXwU4\" title=\"YouTube video player\" frameborder=\"0\" allow=\"accelerometer; autoplay; clipboard-write; encrypted-media; gyroscope; picture-in-picture; web-share\" allowfullscreen><\/iframe>\n<iframe loading=\"lazy\" class=\"sidebyside\" style=\"padding: 10px;\" width=\"500\" height=\"281\" src=\"https:\/\/www.youtube.com\/embed\/58rv6Cntj4Y\" title=\"YouTube video player\" frameborder=\"0\" allow=\"accelerometer; autoplay; clipboard-write; encrypted-media; gyroscope; picture-in-picture; web-share\" allowfullscreen><\/iframe>\n<iframe loading=\"lazy\" class=\"sidebyside\" style=\"padding: 10px;\" width=\"500\" height=\"281\" src=\"https:\/\/www.youtube.com\/embed\/zZAEJYexehI\" title=\"YouTube video player\" frameborder=\"0\" allow=\"accelerometer; autoplay; clipboard-write; encrypted-media; gyroscope; picture-in-picture; web-share\" allowfullscreen><\/iframe>\n<iframe loading=\"lazy\" class=\"sidebyside\" style=\"padding: 10px;\" width=\"500\" height=\"281\" src=\"https:\/\/www.youtube.com\/embed\/i1-lCeoOVtw\" title=\"YouTube video player\" frameborder=\"0\" allow=\"accelerometer; autoplay; clipboard-write; encrypted-media; gyroscope; picture-in-picture; web-share\" allowfullscreen><\/iframe>\n<\/div>\n<\/div>\n    <div class=\"X-accordion__tab\">\n        <input class=\"X-accordion__checkbox\" type=\"checkbox\" id=\"tab-4\">\n        <label class=\"X-accordion__tab-label\" for=\"tab-4\">\n            <h2 class=\"X-accordion__tab-heading\">REQUEST MORE INFO<\/h2>\n            <div class=\"X-accordion__icon-container\">\n                <span class=\"X-accordion__icon-plus\"><\/span>\n                <span class=\"X-accordion__icon-minus\"><\/span>\n            <\/div>\n        <\/label>\n            <div class=\"X-accordion__tab-content\">\n            <div class=\"triangle-down\n\"><\/div>\n            <p>For more information please complete the form below or <a href=\"https:\/\/www.itape.com\/wp-content\/uploads\/2023\/07\/Packaging-Lab.pdf\">View the flyer (PDF)<\/a>.<\/p>\n        <\/div>\n<\/div>\n\n<\/div>\n\n\n<span class=\"prose block px-4 mb-4 wp-core-block-heading\">\n<h2 class=\"wp-block-heading\" id=\"h-packaging-lab-form\">Packaging Lab Form<\/h2>\n<\/span>\n\n\n<div class=\"wp-block-columns has-background is-layout-flex wp-container-core-columns-is-layout-9d6595d7 wp-block-columns-is-layout-flex\" style=\"background-color:#e5e7e9\">\n<div class=\"wp-block-column is-layout-flow wp-block-column-is-layout-flow\">\n<div class=\"wp-block-columns is-layout-flex wp-container-core-columns-is-layout-9d6595d7 wp-block-columns-is-layout-flex\">\n<div class=\"wp-block-column is-layout-flow wp-block-column-is-layout-flow\">\n<script charset=\"utf-8\" type=\"text\/javascript\" src=\"\/\/js.hsforms.net\/forms\/embed\/v2.js\"><\/script>\n<script>\n  hbspt.forms.create({\n    region: \"na1\",\n    portalId: \"39499362\",\n    formId: \"192783bf-98d8-4077-a2c3-4bc6eba96259\"\n  });\n<\/script>\n<\/div>\n<\/div>\n<\/div>\n<\/div>\n\n\n\n<div style=\"height:18px\" aria-hidden=\"true\" class=\"wp-block-spacer\"><\/div>\n","protected":false},"excerpt":{"rendered":"<p>El vanguardista laboratorio de embalajes de IPG admite todas las pruebas de tr\u00e1nsito desarrolladas por la International Safe Transit Association, ASTM e ISO. Tambi\u00e9n presta apoyo a los servicios de paqueter\u00eda, Fedex y UPS, y al desarrollo de nuevos productos de embalaje de IPG. El equipo de pruebas utilizado por el laboratorio de embalajes incluye:<a class=\"excerpt-more-tag\" href=\"https:\/\/www.itape.com\/es\/packaging-lab\/\">Read more&#8230;<\/a><\/p>\n","protected":false},"author":1,"featured_media":0,"parent":0,"menu_order":0,"comment_status":"open","ping_status":"closed","template":"","meta":{"_acf_changed":false,"footnotes":""},"class_list":["post-55114","page","type-page","status-publish","hentry"],"acf":[],"yoast_head":"<!-- This site is optimized with the Yoast SEO Premium plugin v24.1 (Yoast SEO v27.0) - https:\/\/yoast.com\/product\/yoast-seo-premium-wordpress\/ -->\n<title>Packaging Lab - IPG<\/title>\n<meta name=\"description\" content=\"IPG Packaging Lab supports all transit testing developed by International Safe Transit Association, ASTM, and ISO. Find out how you can benefit from the lab and test your products!\" \/>\n<meta name=\"robots\" content=\"index, follow, max-snippet:-1, max-image-preview:large, max-video-preview:-1\" \/>\n<link rel=\"canonical\" href=\"https:\/\/www.itape.com\/es\/packaging-lab\/\" \/>\n<meta property=\"og:locale\" content=\"es_ES\" \/>\n<meta property=\"og:type\" content=\"article\" \/>\n<meta property=\"og:title\" content=\"Packaging Lab\" \/>\n<meta property=\"og:description\" content=\"IPG Packaging Lab supports all transit testing developed by International Safe Transit Association, ASTM, and ISO. Find out how you can benefit from the lab and test your products!\" \/>\n<meta property=\"og:url\" content=\"https:\/\/www.itape.com\/es\/packaging-lab\/\" \/>\n<meta property=\"og:site_name\" content=\"IPG\" \/>\n<meta property=\"article:publisher\" content=\"https:\/\/www.facebook.com\/intertape\" \/>\n<meta property=\"article:modified_time\" content=\"2023-12-19T13:50:17+00:00\" \/>\n<meta property=\"og:image\" content=\"https:\/\/www.itape.com\/wp-content\/uploads\/2022\/12\/IPG-Packaging-Lab3.jpg?w=1024\" \/>\n<meta name=\"twitter:card\" content=\"summary_large_image\" \/>\n<meta name=\"twitter:site\" content=\"@IPGtape\" \/>\n<meta name=\"twitter:label1\" content=\"Est. reading time\" \/>\n\t<meta name=\"twitter:data1\" content=\"2 minutos\" \/>\n<script type=\"application\/ld+json\" class=\"yoast-schema-graph\">{\"@context\":\"https:\/\/schema.org\",\"@graph\":[{\"@type\":\"WebPage\",\"@id\":\"https:\/\/www.itape.com\/es\/packaging-lab\/\",\"url\":\"https:\/\/www.itape.com\/es\/packaging-lab\/\",\"name\":\"Packaging Lab - IPG\",\"isPartOf\":{\"@id\":\"https:\/\/www.itape.com\/#website\"},\"primaryImageOfPage\":{\"@id\":\"https:\/\/www.itape.com\/es\/packaging-lab\/#primaryimage\"},\"image\":{\"@id\":\"https:\/\/www.itape.com\/es\/packaging-lab\/#primaryimage\"},\"thumbnailUrl\":\"https:\/\/www.itape.com\/wp-content\/uploads\/2022\/12\/IPG-Packaging-Lab3.jpg?w=1024\",\"datePublished\":\"2023-01-06T22:21:12+00:00\",\"dateModified\":\"2023-12-19T13:50:17+00:00\",\"description\":\"IPG Packaging Lab supports all transit testing developed by International Safe Transit Association, ASTM, and ISO. Find out how you can benefit from the lab and test your products!\",\"breadcrumb\":{\"@id\":\"https:\/\/www.itape.com\/es\/packaging-lab\/#breadcrumb\"},\"inLanguage\":\"es\",\"potentialAction\":[{\"@type\":\"ReadAction\",\"target\":[\"https:\/\/www.itape.com\/es\/packaging-lab\/\"]}]},{\"@type\":\"ImageObject\",\"inLanguage\":\"es\",\"@id\":\"https:\/\/www.itape.com\/es\/packaging-lab\/#primaryimage\",\"url\":\"https:\/\/www.itape.com\/wp-content\/uploads\/2022\/12\/IPG-Packaging-Lab3.jpg?w=1024\",\"contentUrl\":\"https:\/\/www.itape.com\/wp-content\/uploads\/2022\/12\/IPG-Packaging-Lab3.jpg?w=1024\"},{\"@type\":\"BreadcrumbList\",\"@id\":\"https:\/\/www.itape.com\/es\/packaging-lab\/#breadcrumb\",\"itemListElement\":[{\"@type\":\"ListItem\",\"position\":1,\"name\":\"Home\",\"item\":\"https:\/\/www.itape.com\/es\/\"},{\"@type\":\"ListItem\",\"position\":2,\"name\":\"Packaging Lab\"}]},{\"@type\":\"WebSite\",\"@id\":\"https:\/\/www.itape.com\/#website\",\"url\":\"https:\/\/www.itape.com\/\",\"name\":\"IPG\",\"description\":\"Global Leader in Packaging and Protective Solutions\",\"publisher\":{\"@id\":\"https:\/\/www.itape.com\/#organization\"},\"potentialAction\":[{\"@type\":\"SearchAction\",\"target\":{\"@type\":\"EntryPoint\",\"urlTemplate\":\"https:\/\/www.itape.com\/?s={search_term_string}\"},\"query-input\":{\"@type\":\"PropertyValueSpecification\",\"valueRequired\":true,\"valueName\":\"search_term_string\"}}],\"inLanguage\":\"es\"},{\"@type\":\"Organization\",\"@id\":\"https:\/\/www.itape.com\/#organization\",\"name\":\"IPG\",\"url\":\"https:\/\/www.itape.com\/\",\"logo\":{\"@type\":\"ImageObject\",\"inLanguage\":\"es\",\"@id\":\"https:\/\/www.itape.com\/#\/schema\/logo\/image\/\",\"url\":\"https:\/\/www.itape.com\/wp-content\/uploads\/2024\/06\/IPG-logo-2.png\",\"contentUrl\":\"https:\/\/www.itape.com\/wp-content\/uploads\/2024\/06\/IPG-logo-2.png\",\"width\":60,\"height\":60,\"caption\":\"IPG\"},\"image\":{\"@id\":\"https:\/\/www.itape.com\/#\/schema\/logo\/image\/\"},\"sameAs\":[\"https:\/\/www.facebook.com\/intertape\",\"https:\/\/x.com\/IPGtape\",\"https:\/\/www.linkedin.com\/company\/intertape-polymer-group\",\"https:\/\/www.instagram.com\/ipgtape\",\"https:\/\/www.youtube.com\/user\/IPGtape\"]}]}<\/script>\n<!-- \/ Yoast SEO Premium plugin. -->","yoast_head_json":{"title":"Packaging Lab - IPG","description":"IPG Packaging Lab supports all transit testing developed by International Safe Transit Association, ASTM, and ISO. Find out how you can benefit from the lab and test your products!","robots":{"index":"index","follow":"follow","max-snippet":"max-snippet:-1","max-image-preview":"max-image-preview:large","max-video-preview":"max-video-preview:-1"},"canonical":"https:\/\/www.itape.com\/es\/packaging-lab\/","og_locale":"es_ES","og_type":"article","og_title":"Packaging Lab","og_description":"IPG Packaging Lab supports all transit testing developed by International Safe Transit Association, ASTM, and ISO. Find out how you can benefit from the lab and test your products!","og_url":"https:\/\/www.itape.com\/es\/packaging-lab\/","og_site_name":"IPG","article_publisher":"https:\/\/www.facebook.com\/intertape","article_modified_time":"2023-12-19T13:50:17+00:00","og_image":[{"url":"https:\/\/www.itape.com\/wp-content\/uploads\/2022\/12\/IPG-Packaging-Lab3.jpg?w=1024","type":"","width":"","height":""}],"twitter_card":"summary_large_image","twitter_site":"@IPGtape","twitter_misc":{"Est. reading time":"2 minutos"},"schema":{"@context":"https:\/\/schema.org","@graph":[{"@type":"WebPage","@id":"https:\/\/www.itape.com\/es\/packaging-lab\/","url":"https:\/\/www.itape.com\/es\/packaging-lab\/","name":"Packaging Lab - IPG","isPartOf":{"@id":"https:\/\/www.itape.com\/#website"},"primaryImageOfPage":{"@id":"https:\/\/www.itape.com\/es\/packaging-lab\/#primaryimage"},"image":{"@id":"https:\/\/www.itape.com\/es\/packaging-lab\/#primaryimage"},"thumbnailUrl":"https:\/\/www.itape.com\/wp-content\/uploads\/2022\/12\/IPG-Packaging-Lab3.jpg?w=1024","datePublished":"2023-01-06T22:21:12+00:00","dateModified":"2023-12-19T13:50:17+00:00","description":"IPG Packaging Lab supports all transit testing developed by International Safe Transit Association, ASTM, and ISO. Find out how you can benefit from the lab and test your products!","breadcrumb":{"@id":"https:\/\/www.itape.com\/es\/packaging-lab\/#breadcrumb"},"inLanguage":"es","potentialAction":[{"@type":"ReadAction","target":["https:\/\/www.itape.com\/es\/packaging-lab\/"]}]},{"@type":"ImageObject","inLanguage":"es","@id":"https:\/\/www.itape.com\/es\/packaging-lab\/#primaryimage","url":"https:\/\/www.itape.com\/wp-content\/uploads\/2022\/12\/IPG-Packaging-Lab3.jpg?w=1024","contentUrl":"https:\/\/www.itape.com\/wp-content\/uploads\/2022\/12\/IPG-Packaging-Lab3.jpg?w=1024"},{"@type":"BreadcrumbList","@id":"https:\/\/www.itape.com\/es\/packaging-lab\/#breadcrumb","itemListElement":[{"@type":"ListItem","position":1,"name":"Home","item":"https:\/\/www.itape.com\/es\/"},{"@type":"ListItem","position":2,"name":"Packaging Lab"}]},{"@type":"WebSite","@id":"https:\/\/www.itape.com\/#website","url":"https:\/\/www.itape.com\/","name":"IPG","description":"Global Leader in Packaging and Protective Solutions","publisher":{"@id":"https:\/\/www.itape.com\/#organization"},"potentialAction":[{"@type":"SearchAction","target":{"@type":"EntryPoint","urlTemplate":"https:\/\/www.itape.com\/?s={search_term_string}"},"query-input":{"@type":"PropertyValueSpecification","valueRequired":true,"valueName":"search_term_string"}}],"inLanguage":"es"},{"@type":"Organization","@id":"https:\/\/www.itape.com\/#organization","name":"IPG","url":"https:\/\/www.itape.com\/","logo":{"@type":"ImageObject","inLanguage":"es","@id":"https:\/\/www.itape.com\/#\/schema\/logo\/image\/","url":"https:\/\/www.itape.com\/wp-content\/uploads\/2024\/06\/IPG-logo-2.png","contentUrl":"https:\/\/www.itape.com\/wp-content\/uploads\/2024\/06\/IPG-logo-2.png","width":60,"height":60,"caption":"IPG"},"image":{"@id":"https:\/\/www.itape.com\/#\/schema\/logo\/image\/"},"sameAs":["https:\/\/www.facebook.com\/intertape","https:\/\/x.com\/IPGtape","https:\/\/www.linkedin.com\/company\/intertape-polymer-group","https:\/\/www.instagram.com\/ipgtape","https:\/\/www.youtube.com\/user\/IPGtape"]}]}},"parsely":{"version":"1.1.0","canonical_url":"https:\/\/itape.com\/es\/packaging-lab\/","smart_links":{"inbound":0,"outbound":0},"traffic_boost_suggestions_count":0,"meta":{"@context":"https:\/\/schema.org","@type":"WebPage","headline":"Packaging Lab","url":"https:\/\/www.itape.com\/es\/packaging-lab\/","mainEntityOfPage":{"@type":"WebPage","@id":"https:\/\/www.itape.com\/es\/packaging-lab\/"},"thumbnailUrl":"","image":{"@type":"ImageObject","url":""},"articleSection":"Sin categorizar","author":[{"@type":"Person","name":"IPG"}],"creator":["IPG"],"publisher":{"@type":"Organization","name":"IPG","logo":"https:\/\/www.itape.com\/wp-content\/uploads\/2023\/03\/IPG-logo-2.png"},"keywords":[],"dateCreated":"2023-01-06T22:21:12Z","datePublished":"2023-01-06T22:21:12Z","dateModified":"2023-12-19T13:50:17Z"},"rendered":"<meta name=\"parsely-title\" content=\"Packaging Lab\" \/>\n<meta name=\"parsely-link\" content=\"https:\/\/www.itape.com\/es\/packaging-lab\/\" \/>\n<meta name=\"parsely-type\" content=\"index\" \/>\n<meta name=\"parsely-pub-date\" content=\"2023-01-06T22:21:12Z\" \/>\n<meta name=\"parsely-section\" content=\"Sin categorizar\" \/>\n<meta name=\"parsely-author\" content=\"IPG\" \/>","tracker_url":"https:\/\/cdn.parsely.com\/keys\/itape.com\/p.js"},"jetpack_sharing_enabled":true,"_links":{"self":[{"href":"https:\/\/www.itape.com\/es\/wp-json\/wp\/v2\/pages\/55114","targetHints":{"allow":["GET"]}}],"collection":[{"href":"https:\/\/www.itape.com\/es\/wp-json\/wp\/v2\/pages"}],"about":[{"href":"https:\/\/www.itape.com\/es\/wp-json\/wp\/v2\/types\/page"}],"author":[{"embeddable":true,"href":"https:\/\/www.itape.com\/es\/wp-json\/wp\/v2\/users\/1"}],"replies":[{"embeddable":true,"href":"https:\/\/www.itape.com\/es\/wp-json\/wp\/v2\/comments?post=55114"}],"version-history":[{"count":9,"href":"https:\/\/www.itape.com\/es\/wp-json\/wp\/v2\/pages\/55114\/revisions"}],"predecessor-version":[{"id":68553,"href":"https:\/\/www.itape.com\/es\/wp-json\/wp\/v2\/pages\/55114\/revisions\/68553"}],"wp:attachment":[{"href":"https:\/\/www.itape.com\/es\/wp-json\/wp\/v2\/media?parent=55114"}],"curies":[{"name":"wp","href":"https:\/\/api.w.org\/{rel}","templated":true}]}}