{"id":59752,"date":"2023-01-06T22:21:41","date_gmt":"2023-01-06T22:21:41","guid":{"rendered":"https:\/\/www.itape.com\/energy-star-sostenibilidad-ipg\/"},"modified":"2024-05-07T12:28:28","modified_gmt":"2024-05-07T12:28:28","slug":"energy-star-sostenibilidad-ipg","status":"publish","type":"page","link":"https:\/\/www.itape.com\/es\/energy-star-sostenibilidad-ipg\/","title":{"rendered":"Energy Star"},"content":{"rendered":"\n<figure class=\"wp-block-image size-full\"><img decoding=\"async\" src=\"https:\/\/www.itape.com\/wp-content\/uploads\/2023\/10\/header-poy2024.webp\" alt=\"EnergyStar_Hero\" class=\"wp-image-60384\"\/><\/figure>\n\n\n<span class=\"prose block px-4 mb-4 wp-core-block-heading\">\n<h1 class=\"wp-block-heading\" id=\"h-socio-de-energy-star\">Socio de ENERGY STAR<\/h1>\n<\/span>\n\n<span class=\"prose block px-4 mb-4 wp-core-block-paragraph\">\n<p>IPG es socio de ENERGY STAR desde 2009. En 2022, IPG logr\u00f3 una reducci\u00f3n de la intensidad energ\u00e9tica del 2,3 % aprovechando las herramientas y los recursos de ENERGY STAR\u00ae. Entre los principales logros de 2022 figuran:<\/p>\n<\/span>\n\n<span class=\"prose block px-4 mb-4 wp-core-block-list\">\n<ul class=\"wp-block-list\">\n<li>Logro del Desaf\u00edo ENERGY STAR para la Industria en tres plantas, incluyendo la planta de Carbondale por sexta vez, la planta de Brighton por tercera vez y la planta de Polyair Packaging Atlanta por primera vez.<\/li>\n\n\n\n<li>Apoyo a la campa\u00f1a ENERGY STAR Find the Treasure compartiendo los resultados de siete b\u00fasquedas de tesoros energ\u00e9ticos que identificaron m\u00e1s de 67.000 MMBtu en ahorros potenciales de energ\u00eda.<\/li>\n\n\n\n<li>Obtenci\u00f3n del ENERGY STAR para el centro de distribuci\u00f3n regional m\u00e1s grande de IPG en Danville, Virginia, por tercer a\u00f1o consecutivo.<\/li>\n\n\n\n<li>Instalaci\u00f3n de sistemas de medici\u00f3n de energ\u00eda y optimizaci\u00f3n de nuevos equipos de proceso en varias instalaciones que ofrecer\u00e1n ahorros de energ\u00eda y carbono en el futuro.<\/li>\n\n\n\n<li>Apoyo a la asociaci\u00f3n industrial ENERGY STAR a trav\u00e9s de presentaciones en reuniones de la industria y compartiendo las mejores pr\u00e1cticas con otros socios de ENERGY STAR.<\/li>\n<\/ul>\n<\/span>\n\n\n<div class=\"wp-block-columns is-layout-flex wp-container-core-columns-is-layout-9d6595d7 wp-block-columns-is-layout-flex\">\n<div class=\"wp-block-column is-layout-flow wp-block-column-is-layout-flow\" style=\"flex-basis:66.66%\"><span class=\"prose block px-4 mb-4 wp-core-block-paragraph\">\n<p>Cada a\u00f1o, la EPA premia a un grupo de empresas y organizaciones que han contribuido de forma destacada a proteger el medio ambiente mediante logros superiores en eficiencia energ\u00e9tica. Ya sean ganadores del premio Socio del A\u00f1o por primera vez o ganadores del premio a la Excelencia Sostenida, estas peque\u00f1as y grandes organizaciones de todo el pa\u00eds ahorran dinero, ahorran energ\u00eda y protegen el medio ambiente. Descubra c\u00f3mo los ganadores de los premios ENERGY STAR 2023 est\u00e1n ayudando a millones de particulares, familias y empresas a ahorrar energ\u00eda y proteger el medio ambiente. M\u00e1s informaci\u00f3n en\u00a0<a href=\"https:\/\/www.energystar.gov\/about\/content\/intertape_polymer_group_inc_7\" target=\"_blank\" rel=\"noreferrer noopener nofollow\">energystar.gov.<\/a><\/p>\n<\/span><\/div>\n\n\n\n<div class=\"wp-block-column is-layout-flow wp-block-column-is-layout-flow\" style=\"flex-basis:33.33%\">\n<figure class=\"wp-block-image size-large\"><img loading=\"lazy\" decoding=\"async\" width=\"230\" height=\"116\" src=\"https:\/\/www.itape.com\/wp-content\/uploads\/2023\/04\/ES-Sustained-Excellence-23.png?w=230\" alt=\"Energy Star 2023\" class=\"wp-image-60392\"\/><\/figure>\n<\/div>\n<\/div>\n\n\n\n<div style=\"height:16px\" aria-hidden=\"true\" class=\"wp-block-spacer\"><\/div>\n\n\n\n<div class=\"wp-block-buttons is-layout-flex wp-block-buttons-is-layout-flex\">\n<div class=\"wp-block-button has-custom-font-size has-small-font-size\"><a class=\"wp-block-button__link wp-element-button\" href=\"https:\/\/www.itape.com\/es\/sustainability\/\">&lt; volver a sostenibilidad<\/a><\/div>\n<\/div>\n\n\n\n<div style=\"height:30px\" aria-hidden=\"true\" class=\"wp-block-spacer\"><\/div>\n","protected":false},"excerpt":{"rendered":"<p>Socio de ENERGY STAR IPG es socio de ENERGY STAR desde 2009. En 2022, IPG logr\u00f3 una reducci\u00f3n de la intensidad energ\u00e9tica del 2,3 % aprovechando las herramientas y los recursos de ENERGY STAR\u00ae. Entre los principales logros de 2022 figuran: Cada a\u00f1o, la EPA premia a un grupo de empresas y organizaciones que han<a class=\"excerpt-more-tag\" href=\"https:\/\/www.itape.com\/es\/energy-star-sostenibilidad-ipg\/\">Read more&#8230;<\/a><\/p>\n","protected":false},"author":1,"featured_media":0,"parent":0,"menu_order":0,"comment_status":"open","ping_status":"closed","template":"","meta":{"_acf_changed":false,"footnotes":""},"class_list":["post-59752","page","type-page","status-publish","hentry"],"acf":[],"yoast_head":"<!-- This site is optimized with the Yoast SEO Premium plugin v24.1 (Yoast SEO v27.0) - https:\/\/yoast.com\/product\/yoast-seo-premium-wordpress\/ -->\n<title>Energy Star - IPG<\/title>\n<meta name=\"description\" content=\"IPG es socio de ENERGY STAR desde 2009. En 2021, IPG logr\u00f3 una reducci\u00f3n de la intensidad energ\u00e9tica del 7,8 % aprovechando las herramientas y los recursos de ENERGY STAR\u00ae.\" \/>\n<meta name=\"robots\" content=\"index, follow, max-snippet:-1, max-image-preview:large, max-video-preview:-1\" \/>\n<link rel=\"canonical\" href=\"https:\/\/www.itape.com\/energy-star-sustainability-ipg\/\" \/>\n<meta property=\"og:locale\" content=\"es_ES\" \/>\n<meta property=\"og:type\" content=\"article\" \/>\n<meta property=\"og:title\" content=\"Energy Star\" \/>\n<meta property=\"og:description\" content=\"IPG es socio de ENERGY STAR desde 2009. En 2021, IPG logr\u00f3 una reducci\u00f3n de la intensidad energ\u00e9tica del 7,8 % aprovechando las herramientas y los recursos de ENERGY STAR\u00ae.\" \/>\n<meta property=\"og:url\" content=\"https:\/\/www.itape.com\/energy-star-sustainability-ipg\/\" \/>\n<meta property=\"og:site_name\" content=\"IPG\" \/>\n<meta property=\"article:publisher\" content=\"https:\/\/www.facebook.com\/intertape\" \/>\n<meta property=\"article:modified_time\" content=\"2024-05-07T12:28:28+00:00\" \/>\n<meta property=\"og:image\" content=\"https:\/\/www.itape.com\/wp-content\/uploads\/2023\/04\/Social-Header-POY2023.jpg\" \/>\n<meta name=\"twitter:card\" content=\"summary_large_image\" \/>\n<meta name=\"twitter:site\" content=\"@IPGtape\" \/>\n<meta name=\"twitter:label1\" content=\"Est. reading time\" \/>\n\t<meta name=\"twitter:data1\" content=\"2 minutos\" \/>\n<script type=\"application\/ld+json\" class=\"yoast-schema-graph\">{\"@context\":\"https:\/\/schema.org\",\"@graph\":[{\"@type\":\"WebPage\",\"@id\":\"https:\/\/www.itape.com\/energy-star-sustainability-ipg\/\",\"url\":\"https:\/\/www.itape.com\/energy-star-sustainability-ipg\/\",\"name\":\"Energy Star - IPG\",\"isPartOf\":{\"@id\":\"https:\/\/www.itape.com\/#website\"},\"primaryImageOfPage\":{\"@id\":\"https:\/\/www.itape.com\/energy-star-sustainability-ipg\/#primaryimage\"},\"image\":{\"@id\":\"https:\/\/www.itape.com\/energy-star-sustainability-ipg\/#primaryimage\"},\"thumbnailUrl\":\"https:\/\/www.itape.com\/wp-content\/uploads\/2023\/10\/header-poy2024.webp\",\"datePublished\":\"2023-01-06T22:21:41+00:00\",\"dateModified\":\"2024-05-07T12:28:28+00:00\",\"description\":\"IPG es socio de ENERGY STAR desde 2009. En 2021, IPG logr\u00f3 una reducci\u00f3n de la intensidad energ\u00e9tica del 7,8 % aprovechando las herramientas y los recursos de ENERGY STAR\u00ae.\",\"breadcrumb\":{\"@id\":\"https:\/\/www.itape.com\/energy-star-sustainability-ipg\/#breadcrumb\"},\"inLanguage\":\"es\",\"potentialAction\":[{\"@type\":\"ReadAction\",\"target\":[\"https:\/\/www.itape.com\/energy-star-sustainability-ipg\/\"]}]},{\"@type\":\"ImageObject\",\"inLanguage\":\"es\",\"@id\":\"https:\/\/www.itape.com\/energy-star-sustainability-ipg\/#primaryimage\",\"url\":\"https:\/\/www.itape.com\/wp-content\/uploads\/2023\/10\/header-poy2024.webp\",\"contentUrl\":\"https:\/\/www.itape.com\/wp-content\/uploads\/2023\/10\/header-poy2024.webp\"},{\"@type\":\"BreadcrumbList\",\"@id\":\"https:\/\/www.itape.com\/energy-star-sustainability-ipg\/#breadcrumb\",\"itemListElement\":[{\"@type\":\"ListItem\",\"position\":1,\"name\":\"Home\",\"item\":\"https:\/\/www.itape.com\/es\/\"},{\"@type\":\"ListItem\",\"position\":2,\"name\":\"Energy Star\"}]},{\"@type\":\"WebSite\",\"@id\":\"https:\/\/www.itape.com\/#website\",\"url\":\"https:\/\/www.itape.com\/\",\"name\":\"IPG\",\"description\":\"Global Leader in Packaging and Protective Solutions\",\"publisher\":{\"@id\":\"https:\/\/www.itape.com\/#organization\"},\"potentialAction\":[{\"@type\":\"SearchAction\",\"target\":{\"@type\":\"EntryPoint\",\"urlTemplate\":\"https:\/\/www.itape.com\/?s={search_term_string}\"},\"query-input\":{\"@type\":\"PropertyValueSpecification\",\"valueRequired\":true,\"valueName\":\"search_term_string\"}}],\"inLanguage\":\"es\"},{\"@type\":\"Organization\",\"@id\":\"https:\/\/www.itape.com\/#organization\",\"name\":\"IPG\",\"url\":\"https:\/\/www.itape.com\/\",\"logo\":{\"@type\":\"ImageObject\",\"inLanguage\":\"es\",\"@id\":\"https:\/\/www.itape.com\/#\/schema\/logo\/image\/\",\"url\":\"https:\/\/www.itape.com\/wp-content\/uploads\/2024\/06\/IPG-logo-2.png\",\"contentUrl\":\"https:\/\/www.itape.com\/wp-content\/uploads\/2024\/06\/IPG-logo-2.png\",\"width\":60,\"height\":60,\"caption\":\"IPG\"},\"image\":{\"@id\":\"https:\/\/www.itape.com\/#\/schema\/logo\/image\/\"},\"sameAs\":[\"https:\/\/www.facebook.com\/intertape\",\"https:\/\/x.com\/IPGtape\",\"https:\/\/www.linkedin.com\/company\/intertape-polymer-group\",\"https:\/\/www.instagram.com\/ipgtape\",\"https:\/\/www.youtube.com\/user\/IPGtape\"]}]}<\/script>\n<!-- \/ Yoast SEO Premium plugin. -->","yoast_head_json":{"title":"Energy Star - IPG","description":"IPG es socio de ENERGY STAR desde 2009. En 2021, IPG logr\u00f3 una reducci\u00f3n de la intensidad energ\u00e9tica del 7,8 % aprovechando las herramientas y los recursos de ENERGY STAR\u00ae.","robots":{"index":"index","follow":"follow","max-snippet":"max-snippet:-1","max-image-preview":"max-image-preview:large","max-video-preview":"max-video-preview:-1"},"canonical":"https:\/\/www.itape.com\/energy-star-sustainability-ipg\/","og_locale":"es_ES","og_type":"article","og_title":"Energy Star","og_description":"IPG es socio de ENERGY STAR desde 2009. En 2021, IPG logr\u00f3 una reducci\u00f3n de la intensidad energ\u00e9tica del 7,8 % aprovechando las herramientas y los recursos de ENERGY STAR\u00ae.","og_url":"https:\/\/www.itape.com\/energy-star-sustainability-ipg\/","og_site_name":"IPG","article_publisher":"https:\/\/www.facebook.com\/intertape","article_modified_time":"2024-05-07T12:28:28+00:00","og_image":[{"url":"https:\/\/www.itape.com\/wp-content\/uploads\/2023\/04\/Social-Header-POY2023.jpg","type":"","width":"","height":""}],"twitter_card":"summary_large_image","twitter_site":"@IPGtape","twitter_misc":{"Est. reading time":"2 minutos"},"schema":{"@context":"https:\/\/schema.org","@graph":[{"@type":"WebPage","@id":"https:\/\/www.itape.com\/energy-star-sustainability-ipg\/","url":"https:\/\/www.itape.com\/energy-star-sustainability-ipg\/","name":"Energy Star - IPG","isPartOf":{"@id":"https:\/\/www.itape.com\/#website"},"primaryImageOfPage":{"@id":"https:\/\/www.itape.com\/energy-star-sustainability-ipg\/#primaryimage"},"image":{"@id":"https:\/\/www.itape.com\/energy-star-sustainability-ipg\/#primaryimage"},"thumbnailUrl":"https:\/\/www.itape.com\/wp-content\/uploads\/2023\/10\/header-poy2024.webp","datePublished":"2023-01-06T22:21:41+00:00","dateModified":"2024-05-07T12:28:28+00:00","description":"IPG es socio de ENERGY STAR desde 2009. En 2021, IPG logr\u00f3 una reducci\u00f3n de la intensidad energ\u00e9tica del 7,8 % aprovechando las herramientas y los recursos de ENERGY STAR\u00ae.","breadcrumb":{"@id":"https:\/\/www.itape.com\/energy-star-sustainability-ipg\/#breadcrumb"},"inLanguage":"es","potentialAction":[{"@type":"ReadAction","target":["https:\/\/www.itape.com\/energy-star-sustainability-ipg\/"]}]},{"@type":"ImageObject","inLanguage":"es","@id":"https:\/\/www.itape.com\/energy-star-sustainability-ipg\/#primaryimage","url":"https:\/\/www.itape.com\/wp-content\/uploads\/2023\/10\/header-poy2024.webp","contentUrl":"https:\/\/www.itape.com\/wp-content\/uploads\/2023\/10\/header-poy2024.webp"},{"@type":"BreadcrumbList","@id":"https:\/\/www.itape.com\/energy-star-sustainability-ipg\/#breadcrumb","itemListElement":[{"@type":"ListItem","position":1,"name":"Home","item":"https:\/\/www.itape.com\/es\/"},{"@type":"ListItem","position":2,"name":"Energy Star"}]},{"@type":"WebSite","@id":"https:\/\/www.itape.com\/#website","url":"https:\/\/www.itape.com\/","name":"IPG","description":"Global Leader in Packaging and Protective Solutions","publisher":{"@id":"https:\/\/www.itape.com\/#organization"},"potentialAction":[{"@type":"SearchAction","target":{"@type":"EntryPoint","urlTemplate":"https:\/\/www.itape.com\/?s={search_term_string}"},"query-input":{"@type":"PropertyValueSpecification","valueRequired":true,"valueName":"search_term_string"}}],"inLanguage":"es"},{"@type":"Organization","@id":"https:\/\/www.itape.com\/#organization","name":"IPG","url":"https:\/\/www.itape.com\/","logo":{"@type":"ImageObject","inLanguage":"es","@id":"https:\/\/www.itape.com\/#\/schema\/logo\/image\/","url":"https:\/\/www.itape.com\/wp-content\/uploads\/2024\/06\/IPG-logo-2.png","contentUrl":"https:\/\/www.itape.com\/wp-content\/uploads\/2024\/06\/IPG-logo-2.png","width":60,"height":60,"caption":"IPG"},"image":{"@id":"https:\/\/www.itape.com\/#\/schema\/logo\/image\/"},"sameAs":["https:\/\/www.facebook.com\/intertape","https:\/\/x.com\/IPGtape","https:\/\/www.linkedin.com\/company\/intertape-polymer-group","https:\/\/www.instagram.com\/ipgtape","https:\/\/www.youtube.com\/user\/IPGtape"]}]}},"parsely":{"version":"1.1.0","canonical_url":"https:\/\/itape.com\/es\/energy-star-sostenibilidad-ipg\/","smart_links":{"inbound":0,"outbound":0},"traffic_boost_suggestions_count":0,"meta":{"@context":"https:\/\/schema.org","@type":"WebPage","headline":"Energy Star","url":"https:\/\/www.itape.com\/es\/energy-star-sostenibilidad-ipg\/","mainEntityOfPage":{"@type":"WebPage","@id":"https:\/\/www.itape.com\/es\/energy-star-sostenibilidad-ipg\/"},"thumbnailUrl":"","image":{"@type":"ImageObject","url":""},"articleSection":"Sin categorizar","author":[{"@type":"Person","name":"IPG"}],"creator":["IPG"],"publisher":{"@type":"Organization","name":"IPG","logo":"https:\/\/www.itape.com\/wp-content\/uploads\/2023\/03\/IPG-logo-2.png"},"keywords":[],"dateCreated":"2023-01-06T22:21:41Z","datePublished":"2023-01-06T22:21:41Z","dateModified":"2024-05-07T12:28:28Z"},"rendered":"<meta name=\"parsely-title\" content=\"Energy Star\" \/>\n<meta name=\"parsely-link\" content=\"https:\/\/www.itape.com\/es\/energy-star-sostenibilidad-ipg\/\" \/>\n<meta name=\"parsely-type\" content=\"index\" \/>\n<meta name=\"parsely-pub-date\" content=\"2023-01-06T22:21:41Z\" \/>\n<meta name=\"parsely-section\" content=\"Sin categorizar\" \/>\n<meta name=\"parsely-author\" content=\"IPG\" \/>","tracker_url":"https:\/\/cdn.parsely.com\/keys\/itape.com\/p.js"},"jetpack_sharing_enabled":true,"_links":{"self":[{"href":"https:\/\/www.itape.com\/es\/wp-json\/wp\/v2\/pages\/59752","targetHints":{"allow":["GET"]}}],"collection":[{"href":"https:\/\/www.itape.com\/es\/wp-json\/wp\/v2\/pages"}],"about":[{"href":"https:\/\/www.itape.com\/es\/wp-json\/wp\/v2\/types\/page"}],"author":[{"embeddable":true,"href":"https:\/\/www.itape.com\/es\/wp-json\/wp\/v2\/users\/1"}],"replies":[{"embeddable":true,"href":"https:\/\/www.itape.com\/es\/wp-json\/wp\/v2\/comments?post=59752"}],"version-history":[{"count":9,"href":"https:\/\/www.itape.com\/es\/wp-json\/wp\/v2\/pages\/59752\/revisions"}],"predecessor-version":[{"id":69204,"href":"https:\/\/www.itape.com\/es\/wp-json\/wp\/v2\/pages\/59752\/revisions\/69204"}],"wp:attachment":[{"href":"https:\/\/www.itape.com\/es\/wp-json\/wp\/v2\/media?parent=59752"}],"curies":[{"name":"wp","href":"https:\/\/api.w.org\/{rel}","templated":true}]}}