{"id":48013,"date":"2023-01-12T14:30:00","date_gmt":"2023-01-12T14:30:00","guid":{"rendered":"https:\/\/www.itape.com\/product\/usa-2324-opf-es\/"},"modified":"2023-10-31T17:40:03","modified_gmt":"2023-10-31T17:40:03","slug":"usa-2324-opf","status":"publish","type":"product","link":"https:\/\/www.itape.com\/es\/product\/usa-2324-opf\/","title":{"rendered":"USA 2324-OPF"},"content":{"rendered":"<div class=\"prose\">Las precintadoras de cajas de la serie USA (Uniform Semi-Automatic, semiautom\u00e1ticas para cajas de tama\u00f1o uniforme) de Interpack que son ajustables y de alimentaci\u00f3n manual, pueden procesar cajas tipo RSC (Regular Slotted Carton, cart\u00f3n est\u00e1ndar ranurado) del mismo tama\u00f1o.<\/div>\n","protected":false},"excerpt":{"rendered":"<p>Precintadora semiautom\u00e1tica para plegado en una sola pieza de cajas de tama\u00f1o uniforme \u2022 Correas superiores e inferiores para una fiabilidad m\u00e1xima de procesamiento \u2022 Dise\u00f1ada para plegar cajas de una pieza de hasta \u00bd\u00bb como m\u00ednimo \u2022 Unidad de cierre neum\u00e1tico que pliega el reborde de la cinta bajo la caja para un precintado seguro.<\/p>\n","protected":false},"featured_media":56834,"comment_status":"closed","ping_status":"closed","template":"","meta":{"_acf_changed":false},"product_brand":[],"product_cat":[7836,7668,7348,7848],"product_tag":[7377],"associated_application":[7261,7206,7210,7209,7287],"class_list":{"0":"post-48013","1":"product","2":"type-product","3":"status-publish","4":"has-post-thumbnail","6":"product_cat-automated-equipment-es-2","7":"product_cat-automated-packaging-es","8":"product_cat-carton-sealing-machines-es","9":"product_cat-automated-equipment-precintado-uniforme-semiautomatica-es","10":"product_tag-uniform-semi-automatic-es","11":"associated_application-automatizacion-del-precintado-es","12":"associated_application-comercio-electronico-es","13":"associated_application-fabricacion-general-es","14":"associated_application-procesamiento-de-alimentos-es","15":"associated_application-transportealmacenamiento-refrigerado-es","17":"first","18":"instock","19":"product-type-simple"},"acf":[],"yoast_head":"<!-- This site is optimized with the Yoast SEO Premium plugin v24.1 (Yoast SEO v27.3) - https:\/\/yoast.com\/product\/yoast-seo-premium-wordpress\/ -->\n<title>USA 2324-OPF - IPG<\/title>\n<meta name=\"description\" content=\"The USA 2324-OPF is specifically designed for processing One Piece Folders (OPF) as low as \u00bd\u201d and features premium top and bottom drive belts.\" \/>\n<meta name=\"robots\" content=\"index, follow, max-snippet:-1, max-image-preview:large, max-video-preview:-1\" \/>\n<link rel=\"canonical\" href=\"https:\/\/www.itape.com\/es\/product\/usa-2324-opf\/\" \/>\n<meta property=\"og:locale\" content=\"es_ES\" \/>\n<meta property=\"og:type\" content=\"article\" \/>\n<meta property=\"og:title\" content=\"USA 2324-OPF\" \/>\n<meta property=\"og:description\" content=\"The USA 2324-OPF is specifically designed for processing One Piece Folders (OPF) as low as \u00bd\u201d and features premium top and bottom drive belts.\" \/>\n<meta property=\"og:url\" content=\"https:\/\/www.itape.com\/es\/product\/usa-2324-opf\/\" \/>\n<meta property=\"og:site_name\" content=\"IPG\" \/>\n<meta property=\"article:publisher\" content=\"https:\/\/www.facebook.com\/intertape\" \/>\n<meta property=\"article:modified_time\" content=\"2023-10-31T17:40:03+00:00\" \/>\n<meta property=\"og:image\" content=\"https:\/\/www.itape.com\/wp-content\/uploads\/2023\/01\/USA2324-OPF_High.jpg\" \/>\n\t<meta property=\"og:image:width\" content=\"2400\" \/>\n\t<meta property=\"og:image:height\" content=\"2400\" \/>\n\t<meta property=\"og:image:type\" content=\"image\/jpeg\" \/>\n<meta name=\"twitter:card\" content=\"summary_large_image\" \/>\n<meta name=\"twitter:site\" content=\"@IPGtape\" \/>\n<meta name=\"twitter:label1\" content=\"Price\" \/>\n\t<meta name=\"twitter:data1\" content=\"\" \/>\n\t<meta name=\"twitter:label2\" content=\"Availability\" \/>\n\t<meta name=\"twitter:data2\" content=\"In stock\" \/>\n<script type=\"application\/ld+json\" class=\"yoast-schema-graph\">{\"@context\":\"https:\\\/\\\/schema.org\",\"@graph\":[{\"@type\":\"WebPage\",\"@id\":\"https:\\\/\\\/www.itape.com\\\/es\\\/product\\\/usa-2324-opf\\\/\",\"url\":\"https:\\\/\\\/www.itape.com\\\/es\\\/product\\\/usa-2324-opf\\\/\",\"name\":\"USA 2324-OPF - IPG\",\"isPartOf\":{\"@id\":\"https:\\\/\\\/www.itape.com\\\/#website\"},\"primaryImageOfPage\":{\"@id\":\"https:\\\/\\\/www.itape.com\\\/es\\\/product\\\/usa-2324-opf\\\/#primaryimage\"},\"image\":{\"@id\":\"https:\\\/\\\/www.itape.com\\\/es\\\/product\\\/usa-2324-opf\\\/#primaryimage\"},\"thumbnailUrl\":\"https:\\\/\\\/www.itape.com\\\/wp-content\\\/uploads\\\/2023\\\/01\\\/USA2324-OPF_High.jpg\",\"datePublished\":\"2023-01-12T14:30:00+00:00\",\"dateModified\":\"2023-10-31T17:40:03+00:00\",\"description\":\"The USA 2324-OPF is specifically designed for processing One Piece Folders (OPF) as low as \u00bd\u201d and features premium top and bottom drive belts.\",\"breadcrumb\":{\"@id\":\"https:\\\/\\\/www.itape.com\\\/es\\\/product\\\/usa-2324-opf\\\/#breadcrumb\"},\"inLanguage\":\"es\",\"potentialAction\":[{\"@type\":\"ReadAction\",\"target\":[\"https:\\\/\\\/www.itape.com\\\/es\\\/product\\\/usa-2324-opf\\\/\"]}]},{\"@type\":\"ImageObject\",\"inLanguage\":\"es\",\"@id\":\"https:\\\/\\\/www.itape.com\\\/es\\\/product\\\/usa-2324-opf\\\/#primaryimage\",\"url\":\"https:\\\/\\\/www.itape.com\\\/wp-content\\\/uploads\\\/2023\\\/01\\\/USA2324-OPF_High.jpg\",\"contentUrl\":\"https:\\\/\\\/www.itape.com\\\/wp-content\\\/uploads\\\/2023\\\/01\\\/USA2324-OPF_High.jpg\",\"width\":2400,\"height\":2400,\"caption\":\"USA2324-OPF_PressSensCartonSealingMachine\"},{\"@type\":\"BreadcrumbList\",\"@id\":\"https:\\\/\\\/www.itape.com\\\/es\\\/product\\\/usa-2324-opf\\\/#breadcrumb\",\"itemListElement\":[{\"@type\":\"ListItem\",\"position\":1,\"name\":\"Home\",\"item\":\"https:\\\/\\\/www.itape.com\\\/es\\\/\"},{\"@type\":\"ListItem\",\"position\":2,\"name\":\"Products\",\"item\":\"https:\\\/\\\/www.itape.com\\\/products\\\/\"},{\"@type\":\"ListItem\",\"position\":3,\"name\":\"USA 2324-OPF\"}]},{\"@type\":\"WebSite\",\"@id\":\"https:\\\/\\\/www.itape.com\\\/#website\",\"url\":\"https:\\\/\\\/www.itape.com\\\/\",\"name\":\"IPG\",\"description\":\"Global Leader in Packaging and Protective Solutions\",\"publisher\":{\"@id\":\"https:\\\/\\\/www.itape.com\\\/#organization\"},\"potentialAction\":[{\"@type\":\"SearchAction\",\"target\":{\"@type\":\"EntryPoint\",\"urlTemplate\":\"https:\\\/\\\/www.itape.com\\\/?s={search_term_string}\"},\"query-input\":{\"@type\":\"PropertyValueSpecification\",\"valueRequired\":true,\"valueName\":\"search_term_string\"}}],\"inLanguage\":\"es\"},{\"@type\":\"Organization\",\"@id\":\"https:\\\/\\\/www.itape.com\\\/#organization\",\"name\":\"IPG\",\"url\":\"https:\\\/\\\/www.itape.com\\\/\",\"logo\":{\"@type\":\"ImageObject\",\"inLanguage\":\"es\",\"@id\":\"https:\\\/\\\/www.itape.com\\\/#\\\/schema\\\/logo\\\/image\\\/\",\"url\":\"https:\\\/\\\/www.itape.com\\\/wp-content\\\/uploads\\\/2024\\\/06\\\/IPG-logo-2.png\",\"contentUrl\":\"https:\\\/\\\/www.itape.com\\\/wp-content\\\/uploads\\\/2024\\\/06\\\/IPG-logo-2.png\",\"width\":60,\"height\":60,\"caption\":\"IPG\"},\"image\":{\"@id\":\"https:\\\/\\\/www.itape.com\\\/#\\\/schema\\\/logo\\\/image\\\/\"},\"sameAs\":[\"https:\\\/\\\/www.facebook.com\\\/intertape\",\"https:\\\/\\\/x.com\\\/IPGtape\",\"https:\\\/\\\/www.linkedin.com\\\/company\\\/intertape-polymer-group\",\"https:\\\/\\\/www.instagram.com\\\/ipgtape\",\"https:\\\/\\\/www.youtube.com\\\/user\\\/IPGtape\"]}]}<\/script>\n<meta property=\"product:price:currency\" content=\"USD\" \/>\n<meta property=\"og:availability\" content=\"instock\" \/>\n<meta property=\"product:availability\" content=\"instock\" \/>\n<meta property=\"product:retailer_item_id\" content=\"b5d2385e78a2\" \/>\n<meta property=\"product:condition\" content=\"new\" \/>\n<!-- \/ Yoast SEO Premium plugin. -->","yoast_head_json":{"title":"USA 2324-OPF - IPG","description":"The USA 2324-OPF is specifically designed for processing One Piece Folders (OPF) as low as \u00bd\u201d and features premium top and bottom drive belts.","robots":{"index":"index","follow":"follow","max-snippet":"max-snippet:-1","max-image-preview":"max-image-preview:large","max-video-preview":"max-video-preview:-1"},"canonical":"https:\/\/www.itape.com\/es\/product\/usa-2324-opf\/","og_locale":"es_ES","og_type":"article","og_title":"USA 2324-OPF","og_description":"The USA 2324-OPF is specifically designed for processing One Piece Folders (OPF) as low as \u00bd\u201d and features premium top and bottom drive belts.","og_url":"https:\/\/www.itape.com\/es\/product\/usa-2324-opf\/","og_site_name":"IPG","article_publisher":"https:\/\/www.facebook.com\/intertape","article_modified_time":"2023-10-31T17:40:03+00:00","og_image":[{"width":2400,"height":2400,"url":"https:\/\/www.itape.com\/wp-content\/uploads\/2023\/01\/USA2324-OPF_High.jpg","type":"image\/jpeg"}],"twitter_card":"summary_large_image","twitter_site":"@IPGtape","twitter_misc":{"Price":"","Availability":"In stock"},"schema":{"@context":"https:\/\/schema.org","@graph":[{"@type":"WebPage","@id":"https:\/\/www.itape.com\/es\/product\/usa-2324-opf\/","url":"https:\/\/www.itape.com\/es\/product\/usa-2324-opf\/","name":"USA 2324-OPF - IPG","isPartOf":{"@id":"https:\/\/www.itape.com\/#website"},"primaryImageOfPage":{"@id":"https:\/\/www.itape.com\/es\/product\/usa-2324-opf\/#primaryimage"},"image":{"@id":"https:\/\/www.itape.com\/es\/product\/usa-2324-opf\/#primaryimage"},"thumbnailUrl":"https:\/\/www.itape.com\/wp-content\/uploads\/2023\/01\/USA2324-OPF_High.jpg","datePublished":"2023-01-12T14:30:00+00:00","dateModified":"2023-10-31T17:40:03+00:00","description":"The USA 2324-OPF is specifically designed for processing One Piece Folders (OPF) as low as \u00bd\u201d and features premium top and bottom drive belts.","breadcrumb":{"@id":"https:\/\/www.itape.com\/es\/product\/usa-2324-opf\/#breadcrumb"},"inLanguage":"es","potentialAction":[{"@type":"ReadAction","target":["https:\/\/www.itape.com\/es\/product\/usa-2324-opf\/"]}]},{"@type":"ImageObject","inLanguage":"es","@id":"https:\/\/www.itape.com\/es\/product\/usa-2324-opf\/#primaryimage","url":"https:\/\/www.itape.com\/wp-content\/uploads\/2023\/01\/USA2324-OPF_High.jpg","contentUrl":"https:\/\/www.itape.com\/wp-content\/uploads\/2023\/01\/USA2324-OPF_High.jpg","width":2400,"height":2400,"caption":"USA2324-OPF_PressSensCartonSealingMachine"},{"@type":"BreadcrumbList","@id":"https:\/\/www.itape.com\/es\/product\/usa-2324-opf\/#breadcrumb","itemListElement":[{"@type":"ListItem","position":1,"name":"Home","item":"https:\/\/www.itape.com\/es\/"},{"@type":"ListItem","position":2,"name":"Products","item":"https:\/\/www.itape.com\/products\/"},{"@type":"ListItem","position":3,"name":"USA 2324-OPF"}]},{"@type":"WebSite","@id":"https:\/\/www.itape.com\/#website","url":"https:\/\/www.itape.com\/","name":"IPG","description":"Global Leader in Packaging and Protective Solutions","publisher":{"@id":"https:\/\/www.itape.com\/#organization"},"potentialAction":[{"@type":"SearchAction","target":{"@type":"EntryPoint","urlTemplate":"https:\/\/www.itape.com\/?s={search_term_string}"},"query-input":{"@type":"PropertyValueSpecification","valueRequired":true,"valueName":"search_term_string"}}],"inLanguage":"es"},{"@type":"Organization","@id":"https:\/\/www.itape.com\/#organization","name":"IPG","url":"https:\/\/www.itape.com\/","logo":{"@type":"ImageObject","inLanguage":"es","@id":"https:\/\/www.itape.com\/#\/schema\/logo\/image\/","url":"https:\/\/www.itape.com\/wp-content\/uploads\/2024\/06\/IPG-logo-2.png","contentUrl":"https:\/\/www.itape.com\/wp-content\/uploads\/2024\/06\/IPG-logo-2.png","width":60,"height":60,"caption":"IPG"},"image":{"@id":"https:\/\/www.itape.com\/#\/schema\/logo\/image\/"},"sameAs":["https:\/\/www.facebook.com\/intertape","https:\/\/x.com\/IPGtape","https:\/\/www.linkedin.com\/company\/intertape-polymer-group","https:\/\/www.instagram.com\/ipgtape","https:\/\/www.youtube.com\/user\/IPGtape"]}]},"product_price_currency":"USD","og_availability":"instock","product_availability":"instock","product_retailer_item_id":"b5d2385e78a2","product_condition":"new"},"parsely":{"version":"1.1.0","canonical_url":"https:\/\/itape.com\/es\/product\/usa-2324-opf\/","smart_links":{"inbound":0,"outbound":0},"traffic_boost_suggestions_count":0,"meta":{"@context":"https:\/\/schema.org","@type":"WebPage","headline":"USA 2324-OPF","url":"https:\/\/www.itape.com\/es\/product\/usa-2324-opf\/","mainEntityOfPage":{"@type":"WebPage","@id":"https:\/\/www.itape.com\/es\/product\/usa-2324-opf\/"},"thumbnailUrl":"https:\/\/www.itape.com\/wp-content\/uploads\/2023\/01\/USA2324-OPF_High.jpg?w=150&h=150&crop=1","image":{"@type":"ImageObject","url":"https:\/\/www.itape.com\/wp-content\/uploads\/2023\/01\/USA2324-OPF_High.jpg"},"articleSection":"Sin categorizar","author":[{"@type":"Person","name":"IPG"}],"creator":["IPG"],"publisher":{"@type":"Organization","name":"IPG","logo":"https:\/\/www.itape.com\/wp-content\/uploads\/2023\/03\/IPG-logo-2.png"},"keywords":[],"dateCreated":"2023-01-12T14:30:00Z","datePublished":"2023-01-12T14:30:00Z","dateModified":"2023-10-31T17:40:03Z"},"rendered":"<meta name=\"parsely-title\" content=\"USA 2324-OPF\" \/>\n<meta name=\"parsely-link\" content=\"https:\/\/www.itape.com\/es\/product\/usa-2324-opf\/\" \/>\n<meta name=\"parsely-type\" content=\"index\" \/>\n<meta name=\"parsely-image-url\" content=\"https:\/\/www.itape.com\/wp-content\/uploads\/2023\/01\/USA2324-OPF_High.jpg?w=150&amp;h=150&amp;crop=1\" \/>\n<meta name=\"parsely-pub-date\" content=\"2023-01-12T14:30:00Z\" \/>\n<meta name=\"parsely-section\" content=\"Sin categorizar\" \/>\n<meta name=\"parsely-author\" content=\"IPG\" \/>","tracker_url":"https:\/\/cdn.parsely.com\/keys\/itape.com\/p.js"},"jetpack_sharing_enabled":true,"_links":{"self":[{"href":"https:\/\/www.itape.com\/es\/wp-json\/wp\/v2\/product\/48013","targetHints":{"allow":["GET"]}}],"collection":[{"href":"https:\/\/www.itape.com\/es\/wp-json\/wp\/v2\/product"}],"about":[{"href":"https:\/\/www.itape.com\/es\/wp-json\/wp\/v2\/types\/product"}],"replies":[{"embeddable":true,"href":"https:\/\/www.itape.com\/es\/wp-json\/wp\/v2\/comments?post=48013"}],"wp:featuredmedia":[{"embeddable":true,"href":"https:\/\/www.itape.com\/es\/wp-json\/wp\/v2\/media\/56834"}],"wp:attachment":[{"href":"https:\/\/www.itape.com\/es\/wp-json\/wp\/v2\/media?parent=48013"}],"wp:term":[{"taxonomy":"product_brand","embeddable":true,"href":"https:\/\/www.itape.com\/es\/wp-json\/wp\/v2\/product_brand?post=48013"},{"taxonomy":"product_cat","embeddable":true,"href":"https:\/\/www.itape.com\/es\/wp-json\/wp\/v2\/product_cat?post=48013"},{"taxonomy":"product_tag","embeddable":true,"href":"https:\/\/www.itape.com\/es\/wp-json\/wp\/v2\/product_tag?post=48013"},{"taxonomy":"associated_application","embeddable":true,"href":"https:\/\/www.itape.com\/es\/wp-json\/wp\/v2\/associated_application?post=48013"}],"curies":[{"name":"wp","href":"https:\/\/api.w.org\/{rel}","templated":true}]}}