{"id":48064,"date":"2023-01-12T14:30:36","date_gmt":"2023-01-12T14:30:36","guid":{"rendered":"https:\/\/www.itape.com\/product\/9100-es\/"},"modified":"2023-04-10T14:17:28","modified_gmt":"2023-04-10T14:17:28","slug":"9100-es","status":"publish","type":"product","link":"https:\/\/www.itape.com\/es\/product\/9100-es\/","title":{"rendered":"9100"},"content":{"rendered":"","protected":false},"excerpt":{"rendered":"<p>Cinta termoadhesiva de 2,5\u00a0mm para el precintado de cajas de calidad superior. Se ha fabricado espec\u00edficamente con adhesivo termoadhesivo y sensible a la presi\u00f3n de la marca Corru-Grip\u2122 para obtener un sellado \u00f3ptimo en cajas de cart\u00f3n corrugado recicladas y en ambientes de aplicaci\u00f3n de hasta 1,6\u00a0\u00b0C (35\u00a0\u00b0F). Ofrece un rendimiento de procesamiento extraordinario, bien se apliquen manual o autom\u00e1ticamente. Las propiedades superiores de adhesi\u00f3n, fuerza de retenci\u00f3n, resistencia a la tracci\u00f3n y f\u00e1cil bobinado garantizan sellados sistem\u00e1ticos y fiables para una amplia variedad de cajas de cart\u00f3n, incluso las de cart\u00f3n corrugado reciclado. Para paquetes de gran peso o voluminosos.<\/p>\n","protected":false},"featured_media":53764,"comment_status":"closed","ping_status":"closed","template":"","meta":{"_acf_changed":false},"product_brand":[],"product_cat":[7860,8267,7844,7838],"product_tag":[8264,8132],"associated_application":[7201,7525,7261,7267,7938,7206,7202,7204,7231,7239,7221,7285,7345,7210,7209,7292,7283,7203,7212,7269,7289,7299,7209,7525,7216,7287],"class_list":{"0":"post-48064","1":"product","2":"type-product","3":"status-publish","4":"has-post-thumbnail","6":"product_cat-carton-sealing-products-cinta-termoadhesiva-para-carton-es","7":"product_cat-cradle-to-cradle-products-es","8":"product_cat-sustainable-packaging-es","9":"product_cat-carton-sealing-products-es","10":"product_tag-cradle-to-cradle-certified-es","11":"product_tag-premium-es-2","12":"associated_application-aeroespacial-es","13":"associated_application-almacenamiento-es-3","14":"associated_application-automatizacion-del-precintado-es","15":"associated_application-cinta-imprimible-es","16":"associated_application-cintas-de-embalaje-es","17":"associated_application-comercio-electronico-es","18":"associated_application-dispositivos-es","19":"associated_application-edificios-construccion-es","20":"associated_application-embalajegeneral-es-dispositivos-es","21":"associated_application-embalajegeneral-es-mercado-de-recambios-de-automocion-es","22":"associated_application-embalajegeneral-es","23":"associated_application-embalajegeneral-es-procesamiento-de-alimentos-es","24":"associated_application-embalajegeneral-es-transporte-es","25":"associated_application-fabricacion-general-es","26":"associated_application-procesamiento-de-alimentos-es","27":"associated_application-marcado-es-fabricacion-general-es","28":"associated_application-marcado-es","29":"associated_application-mercado-de-recambios-de-automocion-es","30":"associated_application-mudanzas-y-almacenamiento-es","31":"associated_application-precinto-de-seguridad-es","32":"associated_application-precinto-de-seguridad-es-procesamiento-de-alimentos-es","33":"associated_application-precinto-de-seguridad-es-fabricacion-general-es","36":"associated_application-transporte-es","37":"associated_application-transportealmacenamiento-refrigerado-es","39":"first","40":"instock","41":"product-type-simple"},"acf":[],"yoast_head":"<!-- This site is optimized with the Yoast SEO Premium plugin v24.1 (Yoast SEO v27.0) - https:\/\/yoast.com\/product\/yoast-seo-premium-wordpress\/ -->\n<title>9100 - IPG<\/title>\n<meta name=\"robots\" content=\"index, follow, max-snippet:-1, max-image-preview:large, max-video-preview:-1\" \/>\n<link rel=\"canonical\" href=\"https:\/\/www.itape.com\/product\/9100\/\" \/>\n<meta property=\"og:locale\" content=\"es_ES\" \/>\n<meta property=\"og:type\" content=\"article\" \/>\n<meta property=\"og:title\" content=\"9100\" \/>\n<meta property=\"og:description\" content=\"Cinta termoadhesiva de 2,5\u00a0mm para el precintado de cajas de calidad superior. Se ha fabricado espec\u00edficamente con adhesivo termoadhesivo y sensible a la presi\u00f3n de la marca Corru-Grip\u2122 para obtener un sellado \u00f3ptimo en cajas de cart\u00f3n corrugado recicladas y en ambientes de aplicaci\u00f3n de hasta 1,6\u00a0\u00b0C (35\u00a0\u00b0F). Ofrece un rendimiento de procesamiento extraordinario, bien se apliquen manual o autom\u00e1ticamente. Las propiedades superiores de adhesi\u00f3n, fuerza de retenci\u00f3n, resistencia a la tracci\u00f3n y f\u00e1cil bobinado garantizan sellados sistem\u00e1ticos y fiables para una amplia variedad de cajas de cart\u00f3n, incluso las de cart\u00f3n corrugado reciclado. Para paquetes de gran peso o voluminosos.\" \/>\n<meta property=\"og:url\" content=\"https:\/\/www.itape.com\/product\/9100\/\" \/>\n<meta property=\"og:site_name\" content=\"IPG\" \/>\n<meta property=\"article:publisher\" content=\"https:\/\/www.facebook.com\/intertape\" \/>\n<meta property=\"article:modified_time\" content=\"2023-04-10T14:17:28+00:00\" \/>\n<meta property=\"og:image\" content=\"https:\/\/www.itape.com\/wp-content\/uploads\/2023\/10\/9100-Shadow-48x100-1500.jpg\" \/>\n\t<meta property=\"og:image:width\" content=\"2754\" \/>\n\t<meta property=\"og:image:height\" content=\"2754\" \/>\n\t<meta property=\"og:image:type\" content=\"image\/jpeg\" \/>\n<meta name=\"twitter:card\" content=\"summary_large_image\" \/>\n<meta name=\"twitter:site\" content=\"@IPGtape\" \/>\n<meta name=\"twitter:label1\" content=\"Price\" \/>\n\t<meta name=\"twitter:data1\" content=\"\" \/>\n\t<meta name=\"twitter:label2\" content=\"Availability\" \/>\n\t<meta name=\"twitter:data2\" content=\"In stock\" \/>\n<script type=\"application\/ld+json\" class=\"yoast-schema-graph\">{\"@context\":\"https:\/\/schema.org\",\"@graph\":[{\"@type\":\"WebPage\",\"@id\":\"https:\/\/www.itape.com\/product\/9100\/\",\"url\":\"https:\/\/www.itape.com\/product\/9100\/\",\"name\":\"9100 - IPG\",\"isPartOf\":{\"@id\":\"https:\/\/www.itape.com\/#website\"},\"primaryImageOfPage\":{\"@id\":\"https:\/\/www.itape.com\/product\/9100\/#primaryimage\"},\"image\":{\"@id\":\"https:\/\/www.itape.com\/product\/9100\/#primaryimage\"},\"thumbnailUrl\":\"https:\/\/www.itape.com\/wp-content\/uploads\/2023\/10\/9100-Shadow-48x100-1500.jpg\",\"datePublished\":\"2023-01-12T14:30:36+00:00\",\"dateModified\":\"2023-04-10T14:17:28+00:00\",\"breadcrumb\":{\"@id\":\"https:\/\/www.itape.com\/product\/9100\/#breadcrumb\"},\"inLanguage\":\"es\",\"potentialAction\":[{\"@type\":\"ReadAction\",\"target\":[\"https:\/\/www.itape.com\/product\/9100\/\"]}]},{\"@type\":\"ImageObject\",\"inLanguage\":\"es\",\"@id\":\"https:\/\/www.itape.com\/product\/9100\/#primaryimage\",\"url\":\"https:\/\/www.itape.com\/wp-content\/uploads\/2023\/10\/9100-Shadow-48x100-1500.jpg\",\"contentUrl\":\"https:\/\/www.itape.com\/wp-content\/uploads\/2023\/10\/9100-Shadow-48x100-1500.jpg\",\"width\":2754,\"height\":2754,\"caption\":\"9100_CartonSealingTape\"},{\"@type\":\"BreadcrumbList\",\"@id\":\"https:\/\/www.itape.com\/product\/9100\/#breadcrumb\",\"itemListElement\":[{\"@type\":\"ListItem\",\"position\":1,\"name\":\"Home\",\"item\":\"https:\/\/www.itape.com\/es\/\"},{\"@type\":\"ListItem\",\"position\":2,\"name\":\"Products\",\"item\":\"https:\/\/www.itape.com\/products\/\"},{\"@type\":\"ListItem\",\"position\":3,\"name\":\"9100\"}]},{\"@type\":\"WebSite\",\"@id\":\"https:\/\/www.itape.com\/#website\",\"url\":\"https:\/\/www.itape.com\/\",\"name\":\"IPG\",\"description\":\"Global Leader in Packaging and Protective Solutions\",\"publisher\":{\"@id\":\"https:\/\/www.itape.com\/#organization\"},\"potentialAction\":[{\"@type\":\"SearchAction\",\"target\":{\"@type\":\"EntryPoint\",\"urlTemplate\":\"https:\/\/www.itape.com\/?s={search_term_string}\"},\"query-input\":{\"@type\":\"PropertyValueSpecification\",\"valueRequired\":true,\"valueName\":\"search_term_string\"}}],\"inLanguage\":\"es\"},{\"@type\":\"Organization\",\"@id\":\"https:\/\/www.itape.com\/#organization\",\"name\":\"IPG\",\"url\":\"https:\/\/www.itape.com\/\",\"logo\":{\"@type\":\"ImageObject\",\"inLanguage\":\"es\",\"@id\":\"https:\/\/www.itape.com\/#\/schema\/logo\/image\/\",\"url\":\"https:\/\/www.itape.com\/wp-content\/uploads\/2024\/06\/IPG-logo-2.png\",\"contentUrl\":\"https:\/\/www.itape.com\/wp-content\/uploads\/2024\/06\/IPG-logo-2.png\",\"width\":60,\"height\":60,\"caption\":\"IPG\"},\"image\":{\"@id\":\"https:\/\/www.itape.com\/#\/schema\/logo\/image\/\"},\"sameAs\":[\"https:\/\/www.facebook.com\/intertape\",\"https:\/\/x.com\/IPGtape\",\"https:\/\/www.linkedin.com\/company\/intertape-polymer-group\",\"https:\/\/www.instagram.com\/ipgtape\",\"https:\/\/www.youtube.com\/user\/IPGtape\"]}]}<\/script>\n<meta property=\"product:price:currency\" content=\"USD\" \/>\n<meta property=\"og:availability\" content=\"instock\" \/>\n<meta property=\"product:availability\" content=\"instock\" \/>\n<meta property=\"product:retailer_item_id\" content=\"6b49eed7cb9a\" \/>\n<meta property=\"product:condition\" content=\"new\" \/>\n<!-- \/ Yoast SEO Premium plugin. -->","yoast_head_json":{"title":"9100 - IPG","robots":{"index":"index","follow":"follow","max-snippet":"max-snippet:-1","max-image-preview":"max-image-preview:large","max-video-preview":"max-video-preview:-1"},"canonical":"https:\/\/www.itape.com\/product\/9100\/","og_locale":"es_ES","og_type":"article","og_title":"9100","og_description":"Cinta termoadhesiva de 2,5\u00a0mm para el precintado de cajas de calidad superior. Se ha fabricado espec\u00edficamente con adhesivo termoadhesivo y sensible a la presi\u00f3n de la marca Corru-Grip\u2122 para obtener un sellado \u00f3ptimo en cajas de cart\u00f3n corrugado recicladas y en ambientes de aplicaci\u00f3n de hasta 1,6\u00a0\u00b0C (35\u00a0\u00b0F). Ofrece un rendimiento de procesamiento extraordinario, bien se apliquen manual o autom\u00e1ticamente. Las propiedades superiores de adhesi\u00f3n, fuerza de retenci\u00f3n, resistencia a la tracci\u00f3n y f\u00e1cil bobinado garantizan sellados sistem\u00e1ticos y fiables para una amplia variedad de cajas de cart\u00f3n, incluso las de cart\u00f3n corrugado reciclado. Para paquetes de gran peso o voluminosos.","og_url":"https:\/\/www.itape.com\/product\/9100\/","og_site_name":"IPG","article_publisher":"https:\/\/www.facebook.com\/intertape","article_modified_time":"2023-04-10T14:17:28+00:00","og_image":[{"width":2754,"height":2754,"url":"https:\/\/www.itape.com\/wp-content\/uploads\/2023\/10\/9100-Shadow-48x100-1500.jpg","type":"image\/jpeg"}],"twitter_card":"summary_large_image","twitter_site":"@IPGtape","twitter_misc":{"Price":"","Availability":"In stock"},"schema":{"@context":"https:\/\/schema.org","@graph":[{"@type":"WebPage","@id":"https:\/\/www.itape.com\/product\/9100\/","url":"https:\/\/www.itape.com\/product\/9100\/","name":"9100 - IPG","isPartOf":{"@id":"https:\/\/www.itape.com\/#website"},"primaryImageOfPage":{"@id":"https:\/\/www.itape.com\/product\/9100\/#primaryimage"},"image":{"@id":"https:\/\/www.itape.com\/product\/9100\/#primaryimage"},"thumbnailUrl":"https:\/\/www.itape.com\/wp-content\/uploads\/2023\/10\/9100-Shadow-48x100-1500.jpg","datePublished":"2023-01-12T14:30:36+00:00","dateModified":"2023-04-10T14:17:28+00:00","breadcrumb":{"@id":"https:\/\/www.itape.com\/product\/9100\/#breadcrumb"},"inLanguage":"es","potentialAction":[{"@type":"ReadAction","target":["https:\/\/www.itape.com\/product\/9100\/"]}]},{"@type":"ImageObject","inLanguage":"es","@id":"https:\/\/www.itape.com\/product\/9100\/#primaryimage","url":"https:\/\/www.itape.com\/wp-content\/uploads\/2023\/10\/9100-Shadow-48x100-1500.jpg","contentUrl":"https:\/\/www.itape.com\/wp-content\/uploads\/2023\/10\/9100-Shadow-48x100-1500.jpg","width":2754,"height":2754,"caption":"9100_CartonSealingTape"},{"@type":"BreadcrumbList","@id":"https:\/\/www.itape.com\/product\/9100\/#breadcrumb","itemListElement":[{"@type":"ListItem","position":1,"name":"Home","item":"https:\/\/www.itape.com\/es\/"},{"@type":"ListItem","position":2,"name":"Products","item":"https:\/\/www.itape.com\/products\/"},{"@type":"ListItem","position":3,"name":"9100"}]},{"@type":"WebSite","@id":"https:\/\/www.itape.com\/#website","url":"https:\/\/www.itape.com\/","name":"IPG","description":"Global Leader in Packaging and Protective Solutions","publisher":{"@id":"https:\/\/www.itape.com\/#organization"},"potentialAction":[{"@type":"SearchAction","target":{"@type":"EntryPoint","urlTemplate":"https:\/\/www.itape.com\/?s={search_term_string}"},"query-input":{"@type":"PropertyValueSpecification","valueRequired":true,"valueName":"search_term_string"}}],"inLanguage":"es"},{"@type":"Organization","@id":"https:\/\/www.itape.com\/#organization","name":"IPG","url":"https:\/\/www.itape.com\/","logo":{"@type":"ImageObject","inLanguage":"es","@id":"https:\/\/www.itape.com\/#\/schema\/logo\/image\/","url":"https:\/\/www.itape.com\/wp-content\/uploads\/2024\/06\/IPG-logo-2.png","contentUrl":"https:\/\/www.itape.com\/wp-content\/uploads\/2024\/06\/IPG-logo-2.png","width":60,"height":60,"caption":"IPG"},"image":{"@id":"https:\/\/www.itape.com\/#\/schema\/logo\/image\/"},"sameAs":["https:\/\/www.facebook.com\/intertape","https:\/\/x.com\/IPGtape","https:\/\/www.linkedin.com\/company\/intertape-polymer-group","https:\/\/www.instagram.com\/ipgtape","https:\/\/www.youtube.com\/user\/IPGtape"]}]},"product_price_currency":"USD","og_availability":"instock","product_availability":"instock","product_retailer_item_id":"6b49eed7cb9a","product_condition":"new"},"parsely":{"version":"1.1.0","canonical_url":"https:\/\/itape.com\/es\/product\/9100-es\/","smart_links":{"inbound":0,"outbound":0},"traffic_boost_suggestions_count":0,"meta":{"@context":"https:\/\/schema.org","@type":"WebPage","headline":"9100","url":"https:\/\/www.itape.com\/es\/product\/9100-es\/","mainEntityOfPage":{"@type":"WebPage","@id":"https:\/\/www.itape.com\/es\/product\/9100-es\/"},"thumbnailUrl":"https:\/\/www.itape.com\/wp-content\/uploads\/2023\/10\/9100-Shadow-48x100-1500.jpg?w=150&h=150&crop=1","image":{"@type":"ImageObject","url":"https:\/\/www.itape.com\/wp-content\/uploads\/2023\/10\/9100-Shadow-48x100-1500.jpg"},"articleSection":"Sin categorizar","author":[{"@type":"Person","name":"IPG"}],"creator":["IPG"],"publisher":{"@type":"Organization","name":"IPG","logo":"https:\/\/www.itape.com\/wp-content\/uploads\/2023\/03\/IPG-logo-2.png"},"keywords":[],"dateCreated":"2023-01-12T14:30:36Z","datePublished":"2023-01-12T14:30:36Z","dateModified":"2023-04-10T14:17:28Z"},"rendered":"<meta name=\"parsely-title\" content=\"9100\" \/>\n<meta name=\"parsely-link\" content=\"https:\/\/www.itape.com\/es\/product\/9100-es\/\" \/>\n<meta name=\"parsely-type\" content=\"index\" \/>\n<meta name=\"parsely-image-url\" content=\"https:\/\/www.itape.com\/wp-content\/uploads\/2023\/10\/9100-Shadow-48x100-1500.jpg?w=150&amp;h=150&amp;crop=1\" \/>\n<meta name=\"parsely-pub-date\" content=\"2023-01-12T14:30:36Z\" \/>\n<meta name=\"parsely-section\" content=\"Sin categorizar\" \/>\n<meta name=\"parsely-author\" content=\"IPG\" \/>","tracker_url":"https:\/\/cdn.parsely.com\/keys\/itape.com\/p.js"},"jetpack_sharing_enabled":true,"_links":{"self":[{"href":"https:\/\/www.itape.com\/es\/wp-json\/wp\/v2\/product\/48064","targetHints":{"allow":["GET"]}}],"collection":[{"href":"https:\/\/www.itape.com\/es\/wp-json\/wp\/v2\/product"}],"about":[{"href":"https:\/\/www.itape.com\/es\/wp-json\/wp\/v2\/types\/product"}],"replies":[{"embeddable":true,"href":"https:\/\/www.itape.com\/es\/wp-json\/wp\/v2\/comments?post=48064"}],"wp:featuredmedia":[{"embeddable":true,"href":"https:\/\/www.itape.com\/es\/wp-json\/wp\/v2\/media\/53764"}],"wp:attachment":[{"href":"https:\/\/www.itape.com\/es\/wp-json\/wp\/v2\/media?parent=48064"}],"wp:term":[{"taxonomy":"product_brand","embeddable":true,"href":"https:\/\/www.itape.com\/es\/wp-json\/wp\/v2\/product_brand?post=48064"},{"taxonomy":"product_cat","embeddable":true,"href":"https:\/\/www.itape.com\/es\/wp-json\/wp\/v2\/product_cat?post=48064"},{"taxonomy":"product_tag","embeddable":true,"href":"https:\/\/www.itape.com\/es\/wp-json\/wp\/v2\/product_tag?post=48064"},{"taxonomy":"associated_application","embeddable":true,"href":"https:\/\/www.itape.com\/es\/wp-json\/wp\/v2\/associated_application?post=48064"}],"curies":[{"name":"wp","href":"https:\/\/api.w.org\/{rel}","templated":true}]}}