{"id":48083,"date":"2023-01-12T14:30:47","date_gmt":"2023-01-12T14:30:47","guid":{"rendered":"https:\/\/www.itape.com\/product\/curby-fragile-wrap-natural-es\/"},"modified":"2023-05-02T14:18:59","modified_gmt":"2023-05-02T14:18:59","slug":"curby-fragile-wrap-natural","status":"publish","type":"product","link":"https:\/\/www.itape.com\/es\/product\/curby-fragile-wrap-natural\/","title":{"rendered":"Curby Fragile Wrap &#8211; Natural"},"content":{"rendered":"<div class=\"prose\">Curby Fragile Wrap es desechable en contenedores de reciclaje comunes y se puede emplear para envolver y proteger cristaler\u00eda, cosm\u00e9ticos, productos electr\u00f3nicos y cualquier objeto fr\u00e1gil.<\/div>\n","protected":false},"excerpt":{"rendered":"<p>Curby Fragile Wrap es un material de acolchado innovador y pendiente de patente que supera las tasas de protecci\u00f3n de los recubrimientos tradicionales para material fr\u00e1gil. Se trata de un sistema de dimensiones reducidas que aumenta la eficacia operativa global sin automatizaci\u00f3n.<\/p>\n","protected":false},"featured_media":60800,"comment_status":"closed","ping_status":"closed","template":"","meta":{"_acf_changed":false},"product_brand":[],"product_cat":[7352,7885,7894,7367,7844],"product_tag":[7463],"associated_application":[7206,7263,7212,7310,7266],"class_list":{"0":"post-48083","1":"product","2":"type-product","3":"status-publish","4":"has-post-thumbnail","6":"product_cat-curby-curbside-recyclable-es","7":"product_cat-embalaje-de-proteccion-curby-fragile-wrap-es","8":"product_cat-sustainable-packaging-curby-fragile-wrap-es","9":"product_cat-protective-packaging-es","10":"product_cat-sustainable-packaging-es","11":"product_tag-curby-fragile-wrap-es","12":"associated_application-comercio-electronico-es","13":"associated_application-elementos-acolchados-es","14":"associated_application-mudanzas-y-almacenamiento-es","15":"associated_application-proteccion-y-acolchado-es","16":"associated_application-relleno-de-papel-es","18":"first","19":"instock","20":"product-type-simple"},"acf":[],"yoast_head":"<!-- This site is optimized with the Yoast SEO Premium plugin v24.1 (Yoast SEO v27.0) - https:\/\/yoast.com\/product\/yoast-seo-premium-wordpress\/ -->\n<title>Curby Fragile Wrap - Natural - IPG<\/title>\n<meta name=\"description\" content=\"Curby Fragile Wrap is an innovative, patent-pending cushioning material that exceeds protection rates of traditional fragile wraps.\" \/>\n<meta name=\"robots\" content=\"index, follow, max-snippet:-1, max-image-preview:large, max-video-preview:-1\" \/>\n<link rel=\"canonical\" href=\"https:\/\/www.itape.com\/es\/product\/curby-fragile-wrap-natural\/\" \/>\n<meta property=\"og:locale\" content=\"es_ES\" \/>\n<meta property=\"og:type\" content=\"article\" \/>\n<meta property=\"og:title\" content=\"Curby Fragile Wrap - Natural\" \/>\n<meta property=\"og:description\" content=\"Curby Fragile Wrap is an innovative, patent-pending cushioning material that exceeds protection rates of traditional fragile wraps.\" \/>\n<meta property=\"og:url\" content=\"https:\/\/www.itape.com\/es\/product\/curby-fragile-wrap-natural\/\" \/>\n<meta property=\"og:site_name\" content=\"IPG\" \/>\n<meta property=\"article:publisher\" content=\"https:\/\/www.facebook.com\/intertape\" \/>\n<meta property=\"article:modified_time\" content=\"2023-05-02T14:18:59+00:00\" \/>\n<meta property=\"og:image\" content=\"https:\/\/www.itape.com\/wp-content\/uploads\/2023\/01\/CurbyFragileWrap_Natural_High.jpg\" \/>\n\t<meta property=\"og:image:width\" content=\"2400\" \/>\n\t<meta property=\"og:image:height\" content=\"2400\" \/>\n\t<meta property=\"og:image:type\" content=\"image\/jpeg\" \/>\n<meta name=\"twitter:card\" content=\"summary_large_image\" \/>\n<meta name=\"twitter:site\" content=\"@IPGtape\" \/>\n<meta name=\"twitter:label1\" content=\"Price\" \/>\n\t<meta name=\"twitter:data1\" content=\"\" \/>\n\t<meta name=\"twitter:label2\" content=\"Availability\" \/>\n\t<meta name=\"twitter:data2\" content=\"In stock\" \/>\n<script type=\"application\/ld+json\" class=\"yoast-schema-graph\">{\"@context\":\"https:\/\/schema.org\",\"@graph\":[{\"@type\":\"WebPage\",\"@id\":\"https:\/\/www.itape.com\/es\/product\/curby-fragile-wrap-natural\/\",\"url\":\"https:\/\/www.itape.com\/es\/product\/curby-fragile-wrap-natural\/\",\"name\":\"Curby Fragile Wrap - Natural - IPG\",\"isPartOf\":{\"@id\":\"https:\/\/www.itape.com\/#website\"},\"primaryImageOfPage\":{\"@id\":\"https:\/\/www.itape.com\/es\/product\/curby-fragile-wrap-natural\/#primaryimage\"},\"image\":{\"@id\":\"https:\/\/www.itape.com\/es\/product\/curby-fragile-wrap-natural\/#primaryimage\"},\"thumbnailUrl\":\"https:\/\/www.itape.com\/wp-content\/uploads\/2023\/01\/CurbyFragileWrap_Natural_High.jpg\",\"datePublished\":\"2023-01-12T14:30:47+00:00\",\"dateModified\":\"2023-05-02T14:18:59+00:00\",\"description\":\"Curby Fragile Wrap is an innovative, patent-pending cushioning material that exceeds protection rates of traditional fragile wraps.\",\"breadcrumb\":{\"@id\":\"https:\/\/www.itape.com\/es\/product\/curby-fragile-wrap-natural\/#breadcrumb\"},\"inLanguage\":\"es\",\"potentialAction\":[{\"@type\":\"ReadAction\",\"target\":[\"https:\/\/www.itape.com\/es\/product\/curby-fragile-wrap-natural\/\"]}]},{\"@type\":\"ImageObject\",\"inLanguage\":\"es\",\"@id\":\"https:\/\/www.itape.com\/es\/product\/curby-fragile-wrap-natural\/#primaryimage\",\"url\":\"https:\/\/www.itape.com\/wp-content\/uploads\/2023\/01\/CurbyFragileWrap_Natural_High.jpg\",\"contentUrl\":\"https:\/\/www.itape.com\/wp-content\/uploads\/2023\/01\/CurbyFragileWrap_Natural_High.jpg\",\"width\":2400,\"height\":2400,\"caption\":\"CurbyFragileWrap_Natural\"},{\"@type\":\"BreadcrumbList\",\"@id\":\"https:\/\/www.itape.com\/es\/product\/curby-fragile-wrap-natural\/#breadcrumb\",\"itemListElement\":[{\"@type\":\"ListItem\",\"position\":1,\"name\":\"Home\",\"item\":\"https:\/\/www.itape.com\/es\/\"},{\"@type\":\"ListItem\",\"position\":2,\"name\":\"Products\",\"item\":\"https:\/\/www.itape.com\/products\/\"},{\"@type\":\"ListItem\",\"position\":3,\"name\":\"Curby Fragile Wrap &#8211; Natural\"}]},{\"@type\":\"WebSite\",\"@id\":\"https:\/\/www.itape.com\/#website\",\"url\":\"https:\/\/www.itape.com\/\",\"name\":\"IPG\",\"description\":\"Global Leader in Packaging and Protective Solutions\",\"publisher\":{\"@id\":\"https:\/\/www.itape.com\/#organization\"},\"potentialAction\":[{\"@type\":\"SearchAction\",\"target\":{\"@type\":\"EntryPoint\",\"urlTemplate\":\"https:\/\/www.itape.com\/?s={search_term_string}\"},\"query-input\":{\"@type\":\"PropertyValueSpecification\",\"valueRequired\":true,\"valueName\":\"search_term_string\"}}],\"inLanguage\":\"es\"},{\"@type\":\"Organization\",\"@id\":\"https:\/\/www.itape.com\/#organization\",\"name\":\"IPG\",\"url\":\"https:\/\/www.itape.com\/\",\"logo\":{\"@type\":\"ImageObject\",\"inLanguage\":\"es\",\"@id\":\"https:\/\/www.itape.com\/#\/schema\/logo\/image\/\",\"url\":\"https:\/\/www.itape.com\/wp-content\/uploads\/2024\/06\/IPG-logo-2.png\",\"contentUrl\":\"https:\/\/www.itape.com\/wp-content\/uploads\/2024\/06\/IPG-logo-2.png\",\"width\":60,\"height\":60,\"caption\":\"IPG\"},\"image\":{\"@id\":\"https:\/\/www.itape.com\/#\/schema\/logo\/image\/\"},\"sameAs\":[\"https:\/\/www.facebook.com\/intertape\",\"https:\/\/x.com\/IPGtape\",\"https:\/\/www.linkedin.com\/company\/intertape-polymer-group\",\"https:\/\/www.instagram.com\/ipgtape\",\"https:\/\/www.youtube.com\/user\/IPGtape\"]}]}<\/script>\n<meta property=\"product:price:currency\" content=\"USD\" \/>\n<meta property=\"og:availability\" content=\"instock\" \/>\n<meta property=\"product:availability\" content=\"instock\" \/>\n<meta property=\"product:retailer_item_id\" content=\"822f9e49b614\" \/>\n<meta property=\"product:condition\" content=\"new\" \/>\n<!-- \/ Yoast SEO Premium plugin. -->","yoast_head_json":{"title":"Curby Fragile Wrap - Natural - IPG","description":"Curby Fragile Wrap is an innovative, patent-pending cushioning material that exceeds protection rates of traditional fragile wraps.","robots":{"index":"index","follow":"follow","max-snippet":"max-snippet:-1","max-image-preview":"max-image-preview:large","max-video-preview":"max-video-preview:-1"},"canonical":"https:\/\/www.itape.com\/es\/product\/curby-fragile-wrap-natural\/","og_locale":"es_ES","og_type":"article","og_title":"Curby Fragile Wrap - Natural","og_description":"Curby Fragile Wrap is an innovative, patent-pending cushioning material that exceeds protection rates of traditional fragile wraps.","og_url":"https:\/\/www.itape.com\/es\/product\/curby-fragile-wrap-natural\/","og_site_name":"IPG","article_publisher":"https:\/\/www.facebook.com\/intertape","article_modified_time":"2023-05-02T14:18:59+00:00","og_image":[{"width":2400,"height":2400,"url":"https:\/\/www.itape.com\/wp-content\/uploads\/2023\/01\/CurbyFragileWrap_Natural_High.jpg","type":"image\/jpeg"}],"twitter_card":"summary_large_image","twitter_site":"@IPGtape","twitter_misc":{"Price":"","Availability":"In stock"},"schema":{"@context":"https:\/\/schema.org","@graph":[{"@type":"WebPage","@id":"https:\/\/www.itape.com\/es\/product\/curby-fragile-wrap-natural\/","url":"https:\/\/www.itape.com\/es\/product\/curby-fragile-wrap-natural\/","name":"Curby Fragile Wrap - Natural - IPG","isPartOf":{"@id":"https:\/\/www.itape.com\/#website"},"primaryImageOfPage":{"@id":"https:\/\/www.itape.com\/es\/product\/curby-fragile-wrap-natural\/#primaryimage"},"image":{"@id":"https:\/\/www.itape.com\/es\/product\/curby-fragile-wrap-natural\/#primaryimage"},"thumbnailUrl":"https:\/\/www.itape.com\/wp-content\/uploads\/2023\/01\/CurbyFragileWrap_Natural_High.jpg","datePublished":"2023-01-12T14:30:47+00:00","dateModified":"2023-05-02T14:18:59+00:00","description":"Curby Fragile Wrap is an innovative, patent-pending cushioning material that exceeds protection rates of traditional fragile wraps.","breadcrumb":{"@id":"https:\/\/www.itape.com\/es\/product\/curby-fragile-wrap-natural\/#breadcrumb"},"inLanguage":"es","potentialAction":[{"@type":"ReadAction","target":["https:\/\/www.itape.com\/es\/product\/curby-fragile-wrap-natural\/"]}]},{"@type":"ImageObject","inLanguage":"es","@id":"https:\/\/www.itape.com\/es\/product\/curby-fragile-wrap-natural\/#primaryimage","url":"https:\/\/www.itape.com\/wp-content\/uploads\/2023\/01\/CurbyFragileWrap_Natural_High.jpg","contentUrl":"https:\/\/www.itape.com\/wp-content\/uploads\/2023\/01\/CurbyFragileWrap_Natural_High.jpg","width":2400,"height":2400,"caption":"CurbyFragileWrap_Natural"},{"@type":"BreadcrumbList","@id":"https:\/\/www.itape.com\/es\/product\/curby-fragile-wrap-natural\/#breadcrumb","itemListElement":[{"@type":"ListItem","position":1,"name":"Home","item":"https:\/\/www.itape.com\/es\/"},{"@type":"ListItem","position":2,"name":"Products","item":"https:\/\/www.itape.com\/products\/"},{"@type":"ListItem","position":3,"name":"Curby Fragile Wrap &#8211; Natural"}]},{"@type":"WebSite","@id":"https:\/\/www.itape.com\/#website","url":"https:\/\/www.itape.com\/","name":"IPG","description":"Global Leader in Packaging and Protective Solutions","publisher":{"@id":"https:\/\/www.itape.com\/#organization"},"potentialAction":[{"@type":"SearchAction","target":{"@type":"EntryPoint","urlTemplate":"https:\/\/www.itape.com\/?s={search_term_string}"},"query-input":{"@type":"PropertyValueSpecification","valueRequired":true,"valueName":"search_term_string"}}],"inLanguage":"es"},{"@type":"Organization","@id":"https:\/\/www.itape.com\/#organization","name":"IPG","url":"https:\/\/www.itape.com\/","logo":{"@type":"ImageObject","inLanguage":"es","@id":"https:\/\/www.itape.com\/#\/schema\/logo\/image\/","url":"https:\/\/www.itape.com\/wp-content\/uploads\/2024\/06\/IPG-logo-2.png","contentUrl":"https:\/\/www.itape.com\/wp-content\/uploads\/2024\/06\/IPG-logo-2.png","width":60,"height":60,"caption":"IPG"},"image":{"@id":"https:\/\/www.itape.com\/#\/schema\/logo\/image\/"},"sameAs":["https:\/\/www.facebook.com\/intertape","https:\/\/x.com\/IPGtape","https:\/\/www.linkedin.com\/company\/intertape-polymer-group","https:\/\/www.instagram.com\/ipgtape","https:\/\/www.youtube.com\/user\/IPGtape"]}]},"product_price_currency":"USD","og_availability":"instock","product_availability":"instock","product_retailer_item_id":"822f9e49b614","product_condition":"new"},"parsely":{"version":"1.1.0","canonical_url":"https:\/\/itape.com\/es\/product\/curby-fragile-wrap-natural\/","smart_links":{"inbound":0,"outbound":0},"traffic_boost_suggestions_count":0,"meta":{"@context":"https:\/\/schema.org","@type":"WebPage","headline":"Curby Fragile Wrap &#8211; Natural","url":"https:\/\/www.itape.com\/es\/product\/curby-fragile-wrap-natural\/","mainEntityOfPage":{"@type":"WebPage","@id":"https:\/\/www.itape.com\/es\/product\/curby-fragile-wrap-natural\/"},"thumbnailUrl":"https:\/\/www.itape.com\/wp-content\/uploads\/2023\/01\/CurbyFragileWrap_Natural_High.jpg?w=150&h=150&crop=1","image":{"@type":"ImageObject","url":"https:\/\/www.itape.com\/wp-content\/uploads\/2023\/01\/CurbyFragileWrap_Natural_High.jpg"},"articleSection":"Sin categorizar","author":[{"@type":"Person","name":"IPG"}],"creator":["IPG"],"publisher":{"@type":"Organization","name":"IPG","logo":"https:\/\/www.itape.com\/wp-content\/uploads\/2023\/03\/IPG-logo-2.png"},"keywords":[],"dateCreated":"2023-01-12T14:30:47Z","datePublished":"2023-01-12T14:30:47Z","dateModified":"2023-05-02T14:18:59Z"},"rendered":"<meta name=\"parsely-title\" content=\"Curby Fragile Wrap &#8211; Natural\" \/>\n<meta name=\"parsely-link\" content=\"https:\/\/www.itape.com\/es\/product\/curby-fragile-wrap-natural\/\" \/>\n<meta name=\"parsely-type\" content=\"index\" \/>\n<meta name=\"parsely-image-url\" content=\"https:\/\/www.itape.com\/wp-content\/uploads\/2023\/01\/CurbyFragileWrap_Natural_High.jpg?w=150&amp;h=150&amp;crop=1\" \/>\n<meta name=\"parsely-pub-date\" content=\"2023-01-12T14:30:47Z\" \/>\n<meta name=\"parsely-section\" content=\"Sin categorizar\" \/>\n<meta name=\"parsely-author\" content=\"IPG\" \/>","tracker_url":"https:\/\/cdn.parsely.com\/keys\/itape.com\/p.js"},"jetpack_sharing_enabled":true,"_links":{"self":[{"href":"https:\/\/www.itape.com\/es\/wp-json\/wp\/v2\/product\/48083","targetHints":{"allow":["GET"]}}],"collection":[{"href":"https:\/\/www.itape.com\/es\/wp-json\/wp\/v2\/product"}],"about":[{"href":"https:\/\/www.itape.com\/es\/wp-json\/wp\/v2\/types\/product"}],"replies":[{"embeddable":true,"href":"https:\/\/www.itape.com\/es\/wp-json\/wp\/v2\/comments?post=48083"}],"wp:featuredmedia":[{"embeddable":true,"href":"https:\/\/www.itape.com\/es\/wp-json\/wp\/v2\/media\/60800"}],"wp:attachment":[{"href":"https:\/\/www.itape.com\/es\/wp-json\/wp\/v2\/media?parent=48083"}],"wp:term":[{"taxonomy":"product_brand","embeddable":true,"href":"https:\/\/www.itape.com\/es\/wp-json\/wp\/v2\/product_brand?post=48083"},{"taxonomy":"product_cat","embeddable":true,"href":"https:\/\/www.itape.com\/es\/wp-json\/wp\/v2\/product_cat?post=48083"},{"taxonomy":"product_tag","embeddable":true,"href":"https:\/\/www.itape.com\/es\/wp-json\/wp\/v2\/product_tag?post=48083"},{"taxonomy":"associated_application","embeddable":true,"href":"https:\/\/www.itape.com\/es\/wp-json\/wp\/v2\/associated_application?post=48083"}],"curies":[{"name":"wp","href":"https:\/\/api.w.org\/{rel}","templated":true}]}}