{"id":48116,"date":"2023-01-12T14:31:05","date_gmt":"2023-01-12T14:31:05","guid":{"rendered":"https:\/\/www.itape.com\/product\/y291m-es\/"},"modified":"2023-05-06T19:27:41","modified_gmt":"2023-05-06T19:27:41","slug":"y291m-es","status":"publish","type":"product","link":"https:\/\/www.itape.com\/es\/product\/y291m-es\/","title":{"rendered":"Y291M"},"content":{"rendered":"<div class=\"prose\">Fijar p\u00f3steres, se\u00f1ales, carteles y otros elementos que requieren fijaci\u00f3n ligera y una extracci\u00f3n sin residuos. Uni\u00f3n provisional de espuma o pel\u00edcula de protecci\u00f3n.<\/div>\n","protected":false},"excerpt":{"rendered":"<p>Cinta de pel\u00edcula PET de doble revestimiento Cactus\u00ae Y291M con adhesi\u00f3n diferencial. Pel\u00edcula de poli\u00e9ster (PET) de 1,0\u00a0mm revestida en ambas caras con adhesivo acr\u00edlico sensible a la presi\u00f3n. En una de las caras (la expuesta) la adhesi\u00f3n es moderada y presenta una buena fijaci\u00f3n inicial que permite un sellado inmediato y permanente en diversas superficies (incluidas las superficies porosas e irregulares). La cara cerrada (tira) ofrece una adhesi\u00f3n menos fuerte con adhesivo acr\u00edlico para su extracci\u00f3n sin residuos de la mayor\u00eda de las superficies. Incorpora tira de PCK blanca de f\u00e1cil extracci\u00f3n (n\u00ba 76). <\/p>\n","protected":false},"featured_media":51743,"comment_status":"closed","ping_status":"closed","template":"","meta":{"_acf_changed":false},"product_brand":[],"product_cat":[7353,7870,7840],"product_tag":[7406],"associated_application":[7339,7201,7213,7202,7204,7923,7272,7293,7210,7203,7214,7319,7232,7216],"class_list":{"0":"post-48116","1":"product","2":"type-product","3":"status-publish","4":"has-post-thumbnail","6":"product_cat-double-coated-tape-es","7":"product_cat-industrial-tapes-cinta-de-doble-revestimiento-es","8":"product_cat-industrial-tapes-es","9":"product_tag-double-sided-film-tapes-es","10":"associated_application-adhesionmontaje-es-transporte-es","11":"associated_application-aeroespacial-es","12":"associated_application-climatizacion-es","13":"associated_application-dispositivos-es","14":"associated_application-edificios-construccion-es","15":"associated_application-ensamblaje-montaje-de-congeladores-es","16":"associated_application-ensamblaje-electronico-es","17":"associated_application-fabricacion-de-espuma-materiales-flexibles-es","18":"associated_application-fabricacion-general-es","19":"associated_application-mercado-de-recambios-de-automocion-es","20":"associated_application-naval-compuestos-es","21":"associated_application-refrigeracion-electrico-es","22":"associated_application-sujecion-es","23":"associated_application-transporte-es","25":"first","26":"instock","27":"product-type-simple"},"acf":[],"yoast_head":"<!-- This site is optimized with the Yoast SEO Premium plugin v24.1 (Yoast SEO v27.0) - https:\/\/yoast.com\/product\/yoast-seo-premium-wordpress\/ -->\n<title>Y291M - IPG<\/title>\n<meta name=\"robots\" content=\"index, follow, max-snippet:-1, max-image-preview:large, max-video-preview:-1\" \/>\n<link rel=\"canonical\" href=\"https:\/\/www.itape.com\/es\/product\/y291m-es\/\" \/>\n<meta property=\"og:locale\" content=\"es_ES\" \/>\n<meta property=\"og:type\" content=\"article\" \/>\n<meta property=\"og:title\" content=\"Y291M\" \/>\n<meta property=\"og:description\" content=\"Cinta de pel\u00edcula PET de doble revestimiento Cactus\u00ae Y291M con adhesi\u00f3n diferencial. Pel\u00edcula de poli\u00e9ster (PET) de 1,0\u00a0mm revestida en ambas caras con adhesivo acr\u00edlico sensible a la presi\u00f3n. En una de las caras (la expuesta) la adhesi\u00f3n es moderada y presenta una buena fijaci\u00f3n inicial que permite un sellado inmediato y permanente en diversas superficies (incluidas las superficies porosas e irregulares). La cara cerrada (tira) ofrece una adhesi\u00f3n menos fuerte con adhesivo acr\u00edlico para su extracci\u00f3n sin residuos de la mayor\u00eda de las superficies. Incorpora tira de PCK blanca de f\u00e1cil extracci\u00f3n (n\u00ba 76).\" \/>\n<meta property=\"og:url\" content=\"https:\/\/www.itape.com\/es\/product\/y291m-es\/\" \/>\n<meta property=\"og:site_name\" content=\"IPG\" \/>\n<meta property=\"article:publisher\" content=\"https:\/\/www.facebook.com\/intertape\" \/>\n<meta property=\"article:modified_time\" content=\"2023-05-06T19:27:41+00:00\" \/>\n<meta property=\"og:image\" content=\"https:\/\/www.itape.com\/wp-content\/uploads\/2023\/01\/Y291M_high-1.jpg\" \/>\n\t<meta property=\"og:image:width\" content=\"2400\" \/>\n\t<meta property=\"og:image:height\" content=\"2400\" \/>\n\t<meta property=\"og:image:type\" content=\"image\/jpeg\" \/>\n<meta name=\"twitter:card\" content=\"summary_large_image\" \/>\n<meta name=\"twitter:site\" content=\"@IPGtape\" \/>\n<meta name=\"twitter:label1\" content=\"Price\" \/>\n\t<meta name=\"twitter:data1\" content=\"\" \/>\n\t<meta name=\"twitter:label2\" content=\"Availability\" \/>\n\t<meta name=\"twitter:data2\" content=\"In stock\" \/>\n<script type=\"application\/ld+json\" class=\"yoast-schema-graph\">{\"@context\":\"https:\/\/schema.org\",\"@graph\":[{\"@type\":\"WebPage\",\"@id\":\"https:\/\/www.itape.com\/es\/product\/y291m-es\/\",\"url\":\"https:\/\/www.itape.com\/es\/product\/y291m-es\/\",\"name\":\"Y291M - IPG\",\"isPartOf\":{\"@id\":\"https:\/\/www.itape.com\/#website\"},\"primaryImageOfPage\":{\"@id\":\"https:\/\/www.itape.com\/es\/product\/y291m-es\/#primaryimage\"},\"image\":{\"@id\":\"https:\/\/www.itape.com\/es\/product\/y291m-es\/#primaryimage\"},\"thumbnailUrl\":\"https:\/\/www.itape.com\/wp-content\/uploads\/2023\/01\/Y291M_high-1.jpg\",\"datePublished\":\"2023-01-12T14:31:05+00:00\",\"dateModified\":\"2023-05-06T19:27:41+00:00\",\"breadcrumb\":{\"@id\":\"https:\/\/www.itape.com\/es\/product\/y291m-es\/#breadcrumb\"},\"inLanguage\":\"es\",\"potentialAction\":[{\"@type\":\"ReadAction\",\"target\":[\"https:\/\/www.itape.com\/es\/product\/y291m-es\/\"]}]},{\"@type\":\"ImageObject\",\"inLanguage\":\"es\",\"@id\":\"https:\/\/www.itape.com\/es\/product\/y291m-es\/#primaryimage\",\"url\":\"https:\/\/www.itape.com\/wp-content\/uploads\/2023\/01\/Y291M_high-1.jpg\",\"contentUrl\":\"https:\/\/www.itape.com\/wp-content\/uploads\/2023\/01\/Y291M_high-1.jpg\",\"width\":2400,\"height\":2400,\"caption\":\"Y291M_DoubleCoated\"},{\"@type\":\"BreadcrumbList\",\"@id\":\"https:\/\/www.itape.com\/es\/product\/y291m-es\/#breadcrumb\",\"itemListElement\":[{\"@type\":\"ListItem\",\"position\":1,\"name\":\"Home\",\"item\":\"https:\/\/www.itape.com\/es\/\"},{\"@type\":\"ListItem\",\"position\":2,\"name\":\"Products\",\"item\":\"https:\/\/www.itape.com\/products\/\"},{\"@type\":\"ListItem\",\"position\":3,\"name\":\"Y291M\"}]},{\"@type\":\"WebSite\",\"@id\":\"https:\/\/www.itape.com\/#website\",\"url\":\"https:\/\/www.itape.com\/\",\"name\":\"IPG\",\"description\":\"Global Leader in Packaging and Protective Solutions\",\"publisher\":{\"@id\":\"https:\/\/www.itape.com\/#organization\"},\"potentialAction\":[{\"@type\":\"SearchAction\",\"target\":{\"@type\":\"EntryPoint\",\"urlTemplate\":\"https:\/\/www.itape.com\/?s={search_term_string}\"},\"query-input\":{\"@type\":\"PropertyValueSpecification\",\"valueRequired\":true,\"valueName\":\"search_term_string\"}}],\"inLanguage\":\"es\"},{\"@type\":\"Organization\",\"@id\":\"https:\/\/www.itape.com\/#organization\",\"name\":\"IPG\",\"url\":\"https:\/\/www.itape.com\/\",\"logo\":{\"@type\":\"ImageObject\",\"inLanguage\":\"es\",\"@id\":\"https:\/\/www.itape.com\/#\/schema\/logo\/image\/\",\"url\":\"https:\/\/www.itape.com\/wp-content\/uploads\/2024\/06\/IPG-logo-2.png\",\"contentUrl\":\"https:\/\/www.itape.com\/wp-content\/uploads\/2024\/06\/IPG-logo-2.png\",\"width\":60,\"height\":60,\"caption\":\"IPG\"},\"image\":{\"@id\":\"https:\/\/www.itape.com\/#\/schema\/logo\/image\/\"},\"sameAs\":[\"https:\/\/www.facebook.com\/intertape\",\"https:\/\/x.com\/IPGtape\",\"https:\/\/www.linkedin.com\/company\/intertape-polymer-group\",\"https:\/\/www.instagram.com\/ipgtape\",\"https:\/\/www.youtube.com\/user\/IPGtape\"]}]}<\/script>\n<meta property=\"product:price:currency\" content=\"USD\" \/>\n<meta property=\"og:availability\" content=\"instock\" \/>\n<meta property=\"product:availability\" content=\"instock\" \/>\n<meta property=\"product:retailer_item_id\" content=\"9a1ae8df4eda\" \/>\n<meta property=\"product:condition\" content=\"new\" \/>\n<!-- \/ Yoast SEO Premium plugin. -->","yoast_head_json":{"title":"Y291M - IPG","robots":{"index":"index","follow":"follow","max-snippet":"max-snippet:-1","max-image-preview":"max-image-preview:large","max-video-preview":"max-video-preview:-1"},"canonical":"https:\/\/www.itape.com\/es\/product\/y291m-es\/","og_locale":"es_ES","og_type":"article","og_title":"Y291M","og_description":"Cinta de pel\u00edcula PET de doble revestimiento Cactus\u00ae Y291M con adhesi\u00f3n diferencial. Pel\u00edcula de poli\u00e9ster (PET) de 1,0\u00a0mm revestida en ambas caras con adhesivo acr\u00edlico sensible a la presi\u00f3n. En una de las caras (la expuesta) la adhesi\u00f3n es moderada y presenta una buena fijaci\u00f3n inicial que permite un sellado inmediato y permanente en diversas superficies (incluidas las superficies porosas e irregulares). La cara cerrada (tira) ofrece una adhesi\u00f3n menos fuerte con adhesivo acr\u00edlico para su extracci\u00f3n sin residuos de la mayor\u00eda de las superficies. Incorpora tira de PCK blanca de f\u00e1cil extracci\u00f3n (n\u00ba 76).","og_url":"https:\/\/www.itape.com\/es\/product\/y291m-es\/","og_site_name":"IPG","article_publisher":"https:\/\/www.facebook.com\/intertape","article_modified_time":"2023-05-06T19:27:41+00:00","og_image":[{"width":2400,"height":2400,"url":"https:\/\/www.itape.com\/wp-content\/uploads\/2023\/01\/Y291M_high-1.jpg","type":"image\/jpeg"}],"twitter_card":"summary_large_image","twitter_site":"@IPGtape","twitter_misc":{"Price":"","Availability":"In stock"},"schema":{"@context":"https:\/\/schema.org","@graph":[{"@type":"WebPage","@id":"https:\/\/www.itape.com\/es\/product\/y291m-es\/","url":"https:\/\/www.itape.com\/es\/product\/y291m-es\/","name":"Y291M - IPG","isPartOf":{"@id":"https:\/\/www.itape.com\/#website"},"primaryImageOfPage":{"@id":"https:\/\/www.itape.com\/es\/product\/y291m-es\/#primaryimage"},"image":{"@id":"https:\/\/www.itape.com\/es\/product\/y291m-es\/#primaryimage"},"thumbnailUrl":"https:\/\/www.itape.com\/wp-content\/uploads\/2023\/01\/Y291M_high-1.jpg","datePublished":"2023-01-12T14:31:05+00:00","dateModified":"2023-05-06T19:27:41+00:00","breadcrumb":{"@id":"https:\/\/www.itape.com\/es\/product\/y291m-es\/#breadcrumb"},"inLanguage":"es","potentialAction":[{"@type":"ReadAction","target":["https:\/\/www.itape.com\/es\/product\/y291m-es\/"]}]},{"@type":"ImageObject","inLanguage":"es","@id":"https:\/\/www.itape.com\/es\/product\/y291m-es\/#primaryimage","url":"https:\/\/www.itape.com\/wp-content\/uploads\/2023\/01\/Y291M_high-1.jpg","contentUrl":"https:\/\/www.itape.com\/wp-content\/uploads\/2023\/01\/Y291M_high-1.jpg","width":2400,"height":2400,"caption":"Y291M_DoubleCoated"},{"@type":"BreadcrumbList","@id":"https:\/\/www.itape.com\/es\/product\/y291m-es\/#breadcrumb","itemListElement":[{"@type":"ListItem","position":1,"name":"Home","item":"https:\/\/www.itape.com\/es\/"},{"@type":"ListItem","position":2,"name":"Products","item":"https:\/\/www.itape.com\/products\/"},{"@type":"ListItem","position":3,"name":"Y291M"}]},{"@type":"WebSite","@id":"https:\/\/www.itape.com\/#website","url":"https:\/\/www.itape.com\/","name":"IPG","description":"Global Leader in Packaging and Protective Solutions","publisher":{"@id":"https:\/\/www.itape.com\/#organization"},"potentialAction":[{"@type":"SearchAction","target":{"@type":"EntryPoint","urlTemplate":"https:\/\/www.itape.com\/?s={search_term_string}"},"query-input":{"@type":"PropertyValueSpecification","valueRequired":true,"valueName":"search_term_string"}}],"inLanguage":"es"},{"@type":"Organization","@id":"https:\/\/www.itape.com\/#organization","name":"IPG","url":"https:\/\/www.itape.com\/","logo":{"@type":"ImageObject","inLanguage":"es","@id":"https:\/\/www.itape.com\/#\/schema\/logo\/image\/","url":"https:\/\/www.itape.com\/wp-content\/uploads\/2024\/06\/IPG-logo-2.png","contentUrl":"https:\/\/www.itape.com\/wp-content\/uploads\/2024\/06\/IPG-logo-2.png","width":60,"height":60,"caption":"IPG"},"image":{"@id":"https:\/\/www.itape.com\/#\/schema\/logo\/image\/"},"sameAs":["https:\/\/www.facebook.com\/intertape","https:\/\/x.com\/IPGtape","https:\/\/www.linkedin.com\/company\/intertape-polymer-group","https:\/\/www.instagram.com\/ipgtape","https:\/\/www.youtube.com\/user\/IPGtape"]}]},"product_price_currency":"USD","og_availability":"instock","product_availability":"instock","product_retailer_item_id":"9a1ae8df4eda","product_condition":"new"},"parsely":{"version":"1.1.0","canonical_url":"https:\/\/itape.com\/es\/product\/y291m-es\/","smart_links":{"inbound":0,"outbound":0},"traffic_boost_suggestions_count":0,"meta":{"@context":"https:\/\/schema.org","@type":"WebPage","headline":"Y291M","url":"https:\/\/www.itape.com\/es\/product\/y291m-es\/","mainEntityOfPage":{"@type":"WebPage","@id":"https:\/\/www.itape.com\/es\/product\/y291m-es\/"},"thumbnailUrl":"https:\/\/www.itape.com\/wp-content\/uploads\/2023\/01\/Y291M_high-1.jpg?w=150&h=150&crop=1","image":{"@type":"ImageObject","url":"https:\/\/www.itape.com\/wp-content\/uploads\/2023\/01\/Y291M_high-1.jpg"},"articleSection":"Sin categorizar","author":[{"@type":"Person","name":"IPG"}],"creator":["IPG"],"publisher":{"@type":"Organization","name":"IPG","logo":"https:\/\/www.itape.com\/wp-content\/uploads\/2023\/03\/IPG-logo-2.png"},"keywords":[],"dateCreated":"2023-01-12T14:31:05Z","datePublished":"2023-01-12T14:31:05Z","dateModified":"2023-05-06T19:27:41Z"},"rendered":"<meta name=\"parsely-title\" content=\"Y291M\" \/>\n<meta name=\"parsely-link\" content=\"https:\/\/www.itape.com\/es\/product\/y291m-es\/\" \/>\n<meta name=\"parsely-type\" content=\"index\" \/>\n<meta name=\"parsely-image-url\" content=\"https:\/\/www.itape.com\/wp-content\/uploads\/2023\/01\/Y291M_high-1.jpg?w=150&amp;h=150&amp;crop=1\" \/>\n<meta name=\"parsely-pub-date\" content=\"2023-01-12T14:31:05Z\" \/>\n<meta name=\"parsely-section\" content=\"Sin categorizar\" \/>\n<meta name=\"parsely-author\" content=\"IPG\" \/>","tracker_url":"https:\/\/cdn.parsely.com\/keys\/itape.com\/p.js"},"jetpack_sharing_enabled":true,"_links":{"self":[{"href":"https:\/\/www.itape.com\/es\/wp-json\/wp\/v2\/product\/48116","targetHints":{"allow":["GET"]}}],"collection":[{"href":"https:\/\/www.itape.com\/es\/wp-json\/wp\/v2\/product"}],"about":[{"href":"https:\/\/www.itape.com\/es\/wp-json\/wp\/v2\/types\/product"}],"replies":[{"embeddable":true,"href":"https:\/\/www.itape.com\/es\/wp-json\/wp\/v2\/comments?post=48116"}],"wp:featuredmedia":[{"embeddable":true,"href":"https:\/\/www.itape.com\/es\/wp-json\/wp\/v2\/media\/51743"}],"wp:attachment":[{"href":"https:\/\/www.itape.com\/es\/wp-json\/wp\/v2\/media?parent=48116"}],"wp:term":[{"taxonomy":"product_brand","embeddable":true,"href":"https:\/\/www.itape.com\/es\/wp-json\/wp\/v2\/product_brand?post=48116"},{"taxonomy":"product_cat","embeddable":true,"href":"https:\/\/www.itape.com\/es\/wp-json\/wp\/v2\/product_cat?post=48116"},{"taxonomy":"product_tag","embeddable":true,"href":"https:\/\/www.itape.com\/es\/wp-json\/wp\/v2\/product_tag?post=48116"},{"taxonomy":"associated_application","embeddable":true,"href":"https:\/\/www.itape.com\/es\/wp-json\/wp\/v2\/associated_application?post=48116"}],"curies":[{"name":"wp","href":"https:\/\/api.w.org\/{rel}","templated":true}]}}