{"id":48140,"date":"2023-01-12T14:31:22","date_gmt":"2023-01-12T14:31:22","guid":{"rendered":"https:\/\/www.itape.com\/product\/g483b-g483w-es\/"},"modified":"2023-06-27T19:12:07","modified_gmt":"2023-06-27T19:12:07","slug":"g483b-g483w-es","status":"publish","type":"product","link":"https:\/\/www.itape.com\/es\/product\/g483b-g483w-es\/","title":{"rendered":"G483B-G483W"},"content":{"rendered":"","protected":false},"excerpt":{"rendered":"<p>Cinta para acristalamiento de ventanas Cactus\u00ae. Polietileno reticulado de alta densidad (2.5 PCF), revestimiento de espuma de c\u00e9lula cerrada en ambas caras (doble revestimiento) con un adhesivo acr\u00edlico permanente sensible a la presi\u00f3n que est\u00e1 protegido por una tira de pel\u00edcula antiadherente de PE de 4\u00a0mm de f\u00e1cil extracci\u00f3n (azul claro). El material de espuma flexible es eficaz para el sellado, altamente resistente al agua, los productos qu\u00edmicos, los rayos UV y a diversas temperaturas. La adhesi\u00f3n ofrece una fijaci\u00f3n permanente en diversos tipos de superficies irregulares. Con certificaci\u00f3n AAMA para aplicaciones de acristalamiento. Disponible en color negro o blanco.<\/p>\n","protected":false},"featured_media":55800,"comment_status":"closed","ping_status":"closed","template":"","meta":{"_acf_changed":false},"product_brand":[],"product_cat":[7870,7353,7840],"product_tag":[],"associated_application":[7229,7201,7213,7205,7202,7204,7210,7203,7214,7216,7246],"class_list":{"0":"post-48140","1":"product","2":"type-product","3":"status-publish","4":"has-post-thumbnail","6":"product_cat-industrial-tapes-cinta-de-doble-revestimiento-es","7":"product_cat-double-coated-tape-es","8":"product_cat-industrial-tapes-es","9":"associated_application-adhesion-montaje-es","10":"associated_application-aeroespacial-es","11":"associated_application-climatizacion-es","12":"associated_application-consumidor-es","13":"associated_application-dispositivos-es","14":"associated_application-edificios-construccion-es","15":"associated_application-fabricacion-general-es","16":"associated_application-mercado-de-recambios-de-automocion-es","17":"associated_application-naval-compuestos-es","18":"associated_application-transporte-es","19":"associated_application-ventanaje-es","21":"first","22":"instock","23":"product-type-simple"},"acf":[],"yoast_head":"<!-- This site is optimized with the Yoast SEO Premium plugin v24.1 (Yoast SEO v27.0) - https:\/\/yoast.com\/product\/yoast-seo-premium-wordpress\/ -->\n<title>G483B-G483W - IPG<\/title>\n<meta name=\"robots\" content=\"index, follow, max-snippet:-1, max-image-preview:large, max-video-preview:-1\" \/>\n<link rel=\"canonical\" href=\"https:\/\/www.itape.com\/product\/g483b-g483w\/\" \/>\n<meta property=\"og:locale\" content=\"es_ES\" \/>\n<meta property=\"og:type\" content=\"article\" \/>\n<meta property=\"og:title\" content=\"G483B-G483W\" \/>\n<meta property=\"og:description\" content=\"Cinta para acristalamiento de ventanas Cactus\u00ae. Polietileno reticulado de alta densidad (2.5 PCF), revestimiento de espuma de c\u00e9lula cerrada en ambas caras (doble revestimiento) con un adhesivo acr\u00edlico permanente sensible a la presi\u00f3n que est\u00e1 protegido por una tira de pel\u00edcula antiadherente de PE de 4\u00a0mm de f\u00e1cil extracci\u00f3n (azul claro). El material de espuma flexible es eficaz para el sellado, altamente resistente al agua, los productos qu\u00edmicos, los rayos UV y a diversas temperaturas. La adhesi\u00f3n ofrece una fijaci\u00f3n permanente en diversos tipos de superficies irregulares. Con certificaci\u00f3n AAMA para aplicaciones de acristalamiento. Disponible en color negro o blanco.\" \/>\n<meta property=\"og:url\" content=\"https:\/\/www.itape.com\/product\/g483b-g483w\/\" \/>\n<meta property=\"og:site_name\" content=\"IPG\" \/>\n<meta property=\"article:publisher\" content=\"https:\/\/www.facebook.com\/intertape\" \/>\n<meta property=\"article:modified_time\" content=\"2023-06-27T19:12:07+00:00\" \/>\n<meta property=\"og:image\" content=\"https:\/\/www.itape.com\/wp-content\/uploads\/2023\/01\/G483B_high.jpg\" \/>\n\t<meta property=\"og:image:width\" content=\"2400\" \/>\n\t<meta property=\"og:image:height\" content=\"2400\" \/>\n\t<meta property=\"og:image:type\" content=\"image\/jpeg\" \/>\n<meta name=\"twitter:card\" content=\"summary_large_image\" \/>\n<meta name=\"twitter:site\" content=\"@IPGtape\" \/>\n<meta name=\"twitter:label1\" content=\"Price\" \/>\n\t<meta name=\"twitter:data1\" content=\"\" \/>\n\t<meta name=\"twitter:label2\" content=\"Availability\" \/>\n\t<meta name=\"twitter:data2\" content=\"In stock\" \/>\n<script type=\"application\/ld+json\" class=\"yoast-schema-graph\">{\"@context\":\"https:\/\/schema.org\",\"@graph\":[{\"@type\":\"WebPage\",\"@id\":\"https:\/\/www.itape.com\/product\/g483b-g483w\/\",\"url\":\"https:\/\/www.itape.com\/product\/g483b-g483w\/\",\"name\":\"G483B-G483W - IPG\",\"isPartOf\":{\"@id\":\"https:\/\/www.itape.com\/#website\"},\"primaryImageOfPage\":{\"@id\":\"https:\/\/www.itape.com\/product\/g483b-g483w\/#primaryimage\"},\"image\":{\"@id\":\"https:\/\/www.itape.com\/product\/g483b-g483w\/#primaryimage\"},\"thumbnailUrl\":\"https:\/\/www.itape.com\/wp-content\/uploads\/2023\/01\/G483B_high.jpg\",\"datePublished\":\"2023-01-12T14:31:22+00:00\",\"dateModified\":\"2023-06-27T19:12:07+00:00\",\"breadcrumb\":{\"@id\":\"https:\/\/www.itape.com\/product\/g483b-g483w\/#breadcrumb\"},\"inLanguage\":\"es\",\"potentialAction\":[{\"@type\":\"ReadAction\",\"target\":[\"https:\/\/www.itape.com\/product\/g483b-g483w\/\"]}]},{\"@type\":\"ImageObject\",\"inLanguage\":\"es\",\"@id\":\"https:\/\/www.itape.com\/product\/g483b-g483w\/#primaryimage\",\"url\":\"https:\/\/www.itape.com\/wp-content\/uploads\/2023\/01\/G483B_high.jpg\",\"contentUrl\":\"https:\/\/www.itape.com\/wp-content\/uploads\/2023\/01\/G483B_high.jpg\",\"width\":2400,\"height\":2400,\"caption\":\"G483B_Doube Coated Tapes\"},{\"@type\":\"BreadcrumbList\",\"@id\":\"https:\/\/www.itape.com\/product\/g483b-g483w\/#breadcrumb\",\"itemListElement\":[{\"@type\":\"ListItem\",\"position\":1,\"name\":\"Home\",\"item\":\"https:\/\/www.itape.com\/es\/\"},{\"@type\":\"ListItem\",\"position\":2,\"name\":\"Products\",\"item\":\"https:\/\/www.itape.com\/products\/\"},{\"@type\":\"ListItem\",\"position\":3,\"name\":\"G483B-G483W\"}]},{\"@type\":\"WebSite\",\"@id\":\"https:\/\/www.itape.com\/#website\",\"url\":\"https:\/\/www.itape.com\/\",\"name\":\"IPG\",\"description\":\"Global Leader in Packaging and Protective Solutions\",\"publisher\":{\"@id\":\"https:\/\/www.itape.com\/#organization\"},\"potentialAction\":[{\"@type\":\"SearchAction\",\"target\":{\"@type\":\"EntryPoint\",\"urlTemplate\":\"https:\/\/www.itape.com\/?s={search_term_string}\"},\"query-input\":{\"@type\":\"PropertyValueSpecification\",\"valueRequired\":true,\"valueName\":\"search_term_string\"}}],\"inLanguage\":\"es\"},{\"@type\":\"Organization\",\"@id\":\"https:\/\/www.itape.com\/#organization\",\"name\":\"IPG\",\"url\":\"https:\/\/www.itape.com\/\",\"logo\":{\"@type\":\"ImageObject\",\"inLanguage\":\"es\",\"@id\":\"https:\/\/www.itape.com\/#\/schema\/logo\/image\/\",\"url\":\"https:\/\/www.itape.com\/wp-content\/uploads\/2024\/06\/IPG-logo-2.png\",\"contentUrl\":\"https:\/\/www.itape.com\/wp-content\/uploads\/2024\/06\/IPG-logo-2.png\",\"width\":60,\"height\":60,\"caption\":\"IPG\"},\"image\":{\"@id\":\"https:\/\/www.itape.com\/#\/schema\/logo\/image\/\"},\"sameAs\":[\"https:\/\/www.facebook.com\/intertape\",\"https:\/\/x.com\/IPGtape\",\"https:\/\/www.linkedin.com\/company\/intertape-polymer-group\",\"https:\/\/www.instagram.com\/ipgtape\",\"https:\/\/www.youtube.com\/user\/IPGtape\"]}]}<\/script>\n<meta property=\"product:price:currency\" content=\"USD\" \/>\n<meta property=\"og:availability\" content=\"instock\" \/>\n<meta property=\"product:availability\" content=\"instock\" \/>\n<meta property=\"product:retailer_item_id\" content=\"73d151430956\" \/>\n<meta property=\"product:condition\" content=\"new\" \/>\n<!-- \/ Yoast SEO Premium plugin. -->","yoast_head_json":{"title":"G483B-G483W - IPG","robots":{"index":"index","follow":"follow","max-snippet":"max-snippet:-1","max-image-preview":"max-image-preview:large","max-video-preview":"max-video-preview:-1"},"canonical":"https:\/\/www.itape.com\/product\/g483b-g483w\/","og_locale":"es_ES","og_type":"article","og_title":"G483B-G483W","og_description":"Cinta para acristalamiento de ventanas Cactus\u00ae. Polietileno reticulado de alta densidad (2.5 PCF), revestimiento de espuma de c\u00e9lula cerrada en ambas caras (doble revestimiento) con un adhesivo acr\u00edlico permanente sensible a la presi\u00f3n que est\u00e1 protegido por una tira de pel\u00edcula antiadherente de PE de 4\u00a0mm de f\u00e1cil extracci\u00f3n (azul claro). El material de espuma flexible es eficaz para el sellado, altamente resistente al agua, los productos qu\u00edmicos, los rayos UV y a diversas temperaturas. La adhesi\u00f3n ofrece una fijaci\u00f3n permanente en diversos tipos de superficies irregulares. Con certificaci\u00f3n AAMA para aplicaciones de acristalamiento. Disponible en color negro o blanco.","og_url":"https:\/\/www.itape.com\/product\/g483b-g483w\/","og_site_name":"IPG","article_publisher":"https:\/\/www.facebook.com\/intertape","article_modified_time":"2023-06-27T19:12:07+00:00","og_image":[{"width":2400,"height":2400,"url":"https:\/\/www.itape.com\/wp-content\/uploads\/2023\/01\/G483B_high.jpg","type":"image\/jpeg"}],"twitter_card":"summary_large_image","twitter_site":"@IPGtape","twitter_misc":{"Price":"","Availability":"In stock"},"schema":{"@context":"https:\/\/schema.org","@graph":[{"@type":"WebPage","@id":"https:\/\/www.itape.com\/product\/g483b-g483w\/","url":"https:\/\/www.itape.com\/product\/g483b-g483w\/","name":"G483B-G483W - IPG","isPartOf":{"@id":"https:\/\/www.itape.com\/#website"},"primaryImageOfPage":{"@id":"https:\/\/www.itape.com\/product\/g483b-g483w\/#primaryimage"},"image":{"@id":"https:\/\/www.itape.com\/product\/g483b-g483w\/#primaryimage"},"thumbnailUrl":"https:\/\/www.itape.com\/wp-content\/uploads\/2023\/01\/G483B_high.jpg","datePublished":"2023-01-12T14:31:22+00:00","dateModified":"2023-06-27T19:12:07+00:00","breadcrumb":{"@id":"https:\/\/www.itape.com\/product\/g483b-g483w\/#breadcrumb"},"inLanguage":"es","potentialAction":[{"@type":"ReadAction","target":["https:\/\/www.itape.com\/product\/g483b-g483w\/"]}]},{"@type":"ImageObject","inLanguage":"es","@id":"https:\/\/www.itape.com\/product\/g483b-g483w\/#primaryimage","url":"https:\/\/www.itape.com\/wp-content\/uploads\/2023\/01\/G483B_high.jpg","contentUrl":"https:\/\/www.itape.com\/wp-content\/uploads\/2023\/01\/G483B_high.jpg","width":2400,"height":2400,"caption":"G483B_Doube Coated Tapes"},{"@type":"BreadcrumbList","@id":"https:\/\/www.itape.com\/product\/g483b-g483w\/#breadcrumb","itemListElement":[{"@type":"ListItem","position":1,"name":"Home","item":"https:\/\/www.itape.com\/es\/"},{"@type":"ListItem","position":2,"name":"Products","item":"https:\/\/www.itape.com\/products\/"},{"@type":"ListItem","position":3,"name":"G483B-G483W"}]},{"@type":"WebSite","@id":"https:\/\/www.itape.com\/#website","url":"https:\/\/www.itape.com\/","name":"IPG","description":"Global Leader in Packaging and Protective Solutions","publisher":{"@id":"https:\/\/www.itape.com\/#organization"},"potentialAction":[{"@type":"SearchAction","target":{"@type":"EntryPoint","urlTemplate":"https:\/\/www.itape.com\/?s={search_term_string}"},"query-input":{"@type":"PropertyValueSpecification","valueRequired":true,"valueName":"search_term_string"}}],"inLanguage":"es"},{"@type":"Organization","@id":"https:\/\/www.itape.com\/#organization","name":"IPG","url":"https:\/\/www.itape.com\/","logo":{"@type":"ImageObject","inLanguage":"es","@id":"https:\/\/www.itape.com\/#\/schema\/logo\/image\/","url":"https:\/\/www.itape.com\/wp-content\/uploads\/2024\/06\/IPG-logo-2.png","contentUrl":"https:\/\/www.itape.com\/wp-content\/uploads\/2024\/06\/IPG-logo-2.png","width":60,"height":60,"caption":"IPG"},"image":{"@id":"https:\/\/www.itape.com\/#\/schema\/logo\/image\/"},"sameAs":["https:\/\/www.facebook.com\/intertape","https:\/\/x.com\/IPGtape","https:\/\/www.linkedin.com\/company\/intertape-polymer-group","https:\/\/www.instagram.com\/ipgtape","https:\/\/www.youtube.com\/user\/IPGtape"]}]},"product_price_currency":"USD","og_availability":"instock","product_availability":"instock","product_retailer_item_id":"73d151430956","product_condition":"new"},"parsely":{"version":"1.1.0","canonical_url":"https:\/\/itape.com\/es\/product\/g483b-g483w-es\/","smart_links":{"inbound":0,"outbound":0},"traffic_boost_suggestions_count":0,"meta":{"@context":"https:\/\/schema.org","@type":"WebPage","headline":"G483B-G483W","url":"https:\/\/www.itape.com\/es\/product\/g483b-g483w-es\/","mainEntityOfPage":{"@type":"WebPage","@id":"https:\/\/www.itape.com\/es\/product\/g483b-g483w-es\/"},"thumbnailUrl":"https:\/\/www.itape.com\/wp-content\/uploads\/2023\/01\/G483B_high.jpg?w=150&h=150&crop=1","image":{"@type":"ImageObject","url":"https:\/\/www.itape.com\/wp-content\/uploads\/2023\/01\/G483B_high.jpg"},"articleSection":"Sin categorizar","author":[{"@type":"Person","name":"IPG"}],"creator":["IPG"],"publisher":{"@type":"Organization","name":"IPG","logo":"https:\/\/www.itape.com\/wp-content\/uploads\/2023\/03\/IPG-logo-2.png"},"keywords":[],"dateCreated":"2023-01-12T14:31:22Z","datePublished":"2023-01-12T14:31:22Z","dateModified":"2023-06-27T19:12:07Z"},"rendered":"<meta name=\"parsely-title\" content=\"G483B-G483W\" \/>\n<meta name=\"parsely-link\" content=\"https:\/\/www.itape.com\/es\/product\/g483b-g483w-es\/\" \/>\n<meta name=\"parsely-type\" content=\"index\" \/>\n<meta name=\"parsely-image-url\" content=\"https:\/\/www.itape.com\/wp-content\/uploads\/2023\/01\/G483B_high.jpg?w=150&amp;h=150&amp;crop=1\" \/>\n<meta name=\"parsely-pub-date\" content=\"2023-01-12T14:31:22Z\" \/>\n<meta name=\"parsely-section\" content=\"Sin categorizar\" \/>\n<meta name=\"parsely-author\" content=\"IPG\" \/>","tracker_url":"https:\/\/cdn.parsely.com\/keys\/itape.com\/p.js"},"jetpack_sharing_enabled":true,"_links":{"self":[{"href":"https:\/\/www.itape.com\/es\/wp-json\/wp\/v2\/product\/48140","targetHints":{"allow":["GET"]}}],"collection":[{"href":"https:\/\/www.itape.com\/es\/wp-json\/wp\/v2\/product"}],"about":[{"href":"https:\/\/www.itape.com\/es\/wp-json\/wp\/v2\/types\/product"}],"replies":[{"embeddable":true,"href":"https:\/\/www.itape.com\/es\/wp-json\/wp\/v2\/comments?post=48140"}],"wp:featuredmedia":[{"embeddable":true,"href":"https:\/\/www.itape.com\/es\/wp-json\/wp\/v2\/media\/55800"}],"wp:attachment":[{"href":"https:\/\/www.itape.com\/es\/wp-json\/wp\/v2\/media?parent=48140"}],"wp:term":[{"taxonomy":"product_brand","embeddable":true,"href":"https:\/\/www.itape.com\/es\/wp-json\/wp\/v2\/product_brand?post=48140"},{"taxonomy":"product_cat","embeddable":true,"href":"https:\/\/www.itape.com\/es\/wp-json\/wp\/v2\/product_cat?post=48140"},{"taxonomy":"product_tag","embeddable":true,"href":"https:\/\/www.itape.com\/es\/wp-json\/wp\/v2\/product_tag?post=48140"},{"taxonomy":"associated_application","embeddable":true,"href":"https:\/\/www.itape.com\/es\/wp-json\/wp\/v2\/associated_application?post=48140"}],"curies":[{"name":"wp","href":"https:\/\/api.w.org\/{rel}","templated":true}]}}