{"id":48159,"date":"2023-01-12T14:31:28","date_gmt":"2023-01-12T14:31:28","guid":{"rendered":"https:\/\/www.itape.com\/product\/ac74-carpet-tape-es-2\/"},"modified":"2023-06-27T19:15:46","modified_gmt":"2023-06-27T19:15:46","slug":"ac74-carpet-tape-es-2","status":"publish","type":"product","link":"https:\/\/www.itape.com\/es\/product\/ac74-carpet-tape-es-2\/","title":{"rendered":"AC74 Carpet Tape"},"content":{"rendered":"","protected":false},"excerpt":{"rendered":"<p>Cinta de tela de doble revestimiento. Tejido revestido en ambas caras con adhesivo de caucho sensible a la presi\u00f3n que ofrece una adhesi\u00f3n moderada y buena fijaci\u00f3n inicial para diversas superficies (incluidas las superficies porosas e irregulares). Este adhesivo est\u00e1 formulado para extraerlo de la mayor\u00eda de las superficies sin que queden marcas. Incorpora una tira de pel\u00edcula de PE para retirarlo con facilidad (blanca). Para montajes provisionales, empalmes, presentar y colocar, fabricaci\u00f3n y talladores (sujeci\u00f3n provisional) y cualquier aplicaci\u00f3n donde se deban unir dos superficies.<\/p>\n","protected":false},"featured_media":53131,"comment_status":"closed","ping_status":"closed","template":"","meta":{"_acf_changed":false},"product_brand":[],"product_cat":[7852,7353,7870,7840,7870,7837],"product_tag":[8130,8133],"associated_application":[7201,7203,7213,7206,7210,7203,7212,7209,7297,7297,7216],"class_list":{"0":"post-48159","1":"product","2":"type-product","3":"status-publish","4":"has-post-thumbnail","6":"product_cat-building-and-construction-products-cinta-adhesiva-es","7":"product_cat-double-coated-tape-es","8":"product_cat-industrial-tapes-cinta-de-doble-revestimiento-es","9":"product_cat-industrial-tapes-es","11":"product_cat-building-and-construction-products-es","12":"product_tag-double-sided-cloth-tapes-es-2","13":"product_tag-double-sided-tissue-tapes-es-2","14":"associated_application-aeroespacial-es","15":"associated_application-mercado-de-recambios-de-automocion-es","16":"associated_application-climatizacion-es","17":"associated_application-comercio-electronico-es","18":"associated_application-fabricacion-general-es","20":"associated_application-mudanzas-y-almacenamiento-es","21":"associated_application-procesamiento-de-alimentos-es","22":"associated_application-reparacion-es","24":"associated_application-transporte-es","26":"first","27":"instock","28":"product-type-simple"},"acf":[],"yoast_head":"<!-- This site is optimized with the Yoast SEO Premium plugin v24.1 (Yoast SEO v27.0) - https:\/\/yoast.com\/product\/yoast-seo-premium-wordpress\/ -->\n<title>AC74 Carpet Tape - IPG<\/title>\n<meta name=\"robots\" content=\"index, follow, max-snippet:-1, max-image-preview:large, max-video-preview:-1\" \/>\n<link rel=\"canonical\" href=\"https:\/\/www.itape.com\/product\/ac74-carpet-tape-2\/\" \/>\n<meta property=\"og:locale\" content=\"es_ES\" \/>\n<meta property=\"og:type\" content=\"article\" \/>\n<meta property=\"og:title\" content=\"AC74 Carpet Tape\" \/>\n<meta property=\"og:description\" content=\"Cinta de tela de doble revestimiento. Tejido revestido en ambas caras con adhesivo de caucho sensible a la presi\u00f3n que ofrece una adhesi\u00f3n moderada y buena fijaci\u00f3n inicial para diversas superficies (incluidas las superficies porosas e irregulares). Este adhesivo est\u00e1 formulado para extraerlo de la mayor\u00eda de las superficies sin que queden marcas. Incorpora una tira de pel\u00edcula de PE para retirarlo con facilidad (blanca). Para montajes provisionales, empalmes, presentar y colocar, fabricaci\u00f3n y talladores (sujeci\u00f3n provisional) y cualquier aplicaci\u00f3n donde se deban unir dos superficies.\" \/>\n<meta property=\"og:url\" content=\"https:\/\/www.itape.com\/product\/ac74-carpet-tape-2\/\" \/>\n<meta property=\"og:site_name\" content=\"IPG\" \/>\n<meta property=\"article:publisher\" content=\"https:\/\/www.facebook.com\/intertape\" \/>\n<meta property=\"article:modified_time\" content=\"2023-06-27T19:15:46+00:00\" \/>\n<meta property=\"og:image\" content=\"https:\/\/www.itape.com\/wp-content\/uploads\/product-image\/ac74-nat-48mmx32.9m-shadow.jpg\" \/>\n\t<meta property=\"og:image:width\" content=\"2400\" \/>\n\t<meta property=\"og:image:height\" content=\"2400\" \/>\n\t<meta property=\"og:image:type\" content=\"image\/jpeg\" \/>\n<meta name=\"twitter:card\" content=\"summary_large_image\" \/>\n<meta name=\"twitter:site\" content=\"@IPGtape\" \/>\n<meta name=\"twitter:label1\" content=\"Price\" \/>\n\t<meta name=\"twitter:data1\" content=\"\" \/>\n\t<meta name=\"twitter:label2\" content=\"Availability\" \/>\n\t<meta name=\"twitter:data2\" content=\"In stock\" \/>\n<script type=\"application\/ld+json\" class=\"yoast-schema-graph\">{\"@context\":\"https:\/\/schema.org\",\"@graph\":[{\"@type\":\"WebPage\",\"@id\":\"https:\/\/www.itape.com\/product\/ac74-carpet-tape-2\/\",\"url\":\"https:\/\/www.itape.com\/product\/ac74-carpet-tape-2\/\",\"name\":\"AC74 Carpet Tape - IPG\",\"isPartOf\":{\"@id\":\"https:\/\/www.itape.com\/#website\"},\"primaryImageOfPage\":{\"@id\":\"https:\/\/www.itape.com\/product\/ac74-carpet-tape-2\/#primaryimage\"},\"image\":{\"@id\":\"https:\/\/www.itape.com\/product\/ac74-carpet-tape-2\/#primaryimage\"},\"thumbnailUrl\":\"https:\/\/www.itape.com\/wp-content\/uploads\/product-image\/ac74-nat-48mmx32.9m-shadow.jpg\",\"datePublished\":\"2023-01-12T14:31:28+00:00\",\"dateModified\":\"2023-06-27T19:15:46+00:00\",\"breadcrumb\":{\"@id\":\"https:\/\/www.itape.com\/product\/ac74-carpet-tape-2\/#breadcrumb\"},\"inLanguage\":\"es\",\"potentialAction\":[{\"@type\":\"ReadAction\",\"target\":[\"https:\/\/www.itape.com\/product\/ac74-carpet-tape-2\/\"]}]},{\"@type\":\"ImageObject\",\"inLanguage\":\"es\",\"@id\":\"https:\/\/www.itape.com\/product\/ac74-carpet-tape-2\/#primaryimage\",\"url\":\"https:\/\/www.itape.com\/wp-content\/uploads\/product-image\/ac74-nat-48mmx32.9m-shadow.jpg\",\"contentUrl\":\"https:\/\/www.itape.com\/wp-content\/uploads\/product-image\/ac74-nat-48mmx32.9m-shadow.jpg\",\"width\":2400,\"height\":2400,\"caption\":\"AC75_Duct\"},{\"@type\":\"BreadcrumbList\",\"@id\":\"https:\/\/www.itape.com\/product\/ac74-carpet-tape-2\/#breadcrumb\",\"itemListElement\":[{\"@type\":\"ListItem\",\"position\":1,\"name\":\"Home\",\"item\":\"https:\/\/www.itape.com\/es\/\"},{\"@type\":\"ListItem\",\"position\":2,\"name\":\"Products\",\"item\":\"https:\/\/www.itape.com\/products\/\"},{\"@type\":\"ListItem\",\"position\":3,\"name\":\"AC74 Carpet Tape\"}]},{\"@type\":\"WebSite\",\"@id\":\"https:\/\/www.itape.com\/#website\",\"url\":\"https:\/\/www.itape.com\/\",\"name\":\"IPG\",\"description\":\"Global Leader in Packaging and Protective Solutions\",\"publisher\":{\"@id\":\"https:\/\/www.itape.com\/#organization\"},\"potentialAction\":[{\"@type\":\"SearchAction\",\"target\":{\"@type\":\"EntryPoint\",\"urlTemplate\":\"https:\/\/www.itape.com\/?s={search_term_string}\"},\"query-input\":{\"@type\":\"PropertyValueSpecification\",\"valueRequired\":true,\"valueName\":\"search_term_string\"}}],\"inLanguage\":\"es\"},{\"@type\":\"Organization\",\"@id\":\"https:\/\/www.itape.com\/#organization\",\"name\":\"IPG\",\"url\":\"https:\/\/www.itape.com\/\",\"logo\":{\"@type\":\"ImageObject\",\"inLanguage\":\"es\",\"@id\":\"https:\/\/www.itape.com\/#\/schema\/logo\/image\/\",\"url\":\"https:\/\/www.itape.com\/wp-content\/uploads\/2024\/06\/IPG-logo-2.png\",\"contentUrl\":\"https:\/\/www.itape.com\/wp-content\/uploads\/2024\/06\/IPG-logo-2.png\",\"width\":60,\"height\":60,\"caption\":\"IPG\"},\"image\":{\"@id\":\"https:\/\/www.itape.com\/#\/schema\/logo\/image\/\"},\"sameAs\":[\"https:\/\/www.facebook.com\/intertape\",\"https:\/\/x.com\/IPGtape\",\"https:\/\/www.linkedin.com\/company\/intertape-polymer-group\",\"https:\/\/www.instagram.com\/ipgtape\",\"https:\/\/www.youtube.com\/user\/IPGtape\"]}]}<\/script>\n<meta property=\"product:price:currency\" content=\"USD\" \/>\n<meta property=\"og:availability\" content=\"instock\" \/>\n<meta property=\"product:availability\" content=\"instock\" \/>\n<meta property=\"product:retailer_item_id\" content=\"cb50ef9f5a83\" \/>\n<meta property=\"product:condition\" content=\"new\" \/>\n<!-- \/ Yoast SEO Premium plugin. -->","yoast_head_json":{"title":"AC74 Carpet Tape - IPG","robots":{"index":"index","follow":"follow","max-snippet":"max-snippet:-1","max-image-preview":"max-image-preview:large","max-video-preview":"max-video-preview:-1"},"canonical":"https:\/\/www.itape.com\/product\/ac74-carpet-tape-2\/","og_locale":"es_ES","og_type":"article","og_title":"AC74 Carpet Tape","og_description":"Cinta de tela de doble revestimiento. Tejido revestido en ambas caras con adhesivo de caucho sensible a la presi\u00f3n que ofrece una adhesi\u00f3n moderada y buena fijaci\u00f3n inicial para diversas superficies (incluidas las superficies porosas e irregulares). Este adhesivo est\u00e1 formulado para extraerlo de la mayor\u00eda de las superficies sin que queden marcas. Incorpora una tira de pel\u00edcula de PE para retirarlo con facilidad (blanca). Para montajes provisionales, empalmes, presentar y colocar, fabricaci\u00f3n y talladores (sujeci\u00f3n provisional) y cualquier aplicaci\u00f3n donde se deban unir dos superficies.","og_url":"https:\/\/www.itape.com\/product\/ac74-carpet-tape-2\/","og_site_name":"IPG","article_publisher":"https:\/\/www.facebook.com\/intertape","article_modified_time":"2023-06-27T19:15:46+00:00","og_image":[{"width":2400,"height":2400,"url":"https:\/\/www.itape.com\/wp-content\/uploads\/product-image\/ac74-nat-48mmx32.9m-shadow.jpg","type":"image\/jpeg"}],"twitter_card":"summary_large_image","twitter_site":"@IPGtape","twitter_misc":{"Price":"","Availability":"In stock"},"schema":{"@context":"https:\/\/schema.org","@graph":[{"@type":"WebPage","@id":"https:\/\/www.itape.com\/product\/ac74-carpet-tape-2\/","url":"https:\/\/www.itape.com\/product\/ac74-carpet-tape-2\/","name":"AC74 Carpet Tape - IPG","isPartOf":{"@id":"https:\/\/www.itape.com\/#website"},"primaryImageOfPage":{"@id":"https:\/\/www.itape.com\/product\/ac74-carpet-tape-2\/#primaryimage"},"image":{"@id":"https:\/\/www.itape.com\/product\/ac74-carpet-tape-2\/#primaryimage"},"thumbnailUrl":"https:\/\/www.itape.com\/wp-content\/uploads\/product-image\/ac74-nat-48mmx32.9m-shadow.jpg","datePublished":"2023-01-12T14:31:28+00:00","dateModified":"2023-06-27T19:15:46+00:00","breadcrumb":{"@id":"https:\/\/www.itape.com\/product\/ac74-carpet-tape-2\/#breadcrumb"},"inLanguage":"es","potentialAction":[{"@type":"ReadAction","target":["https:\/\/www.itape.com\/product\/ac74-carpet-tape-2\/"]}]},{"@type":"ImageObject","inLanguage":"es","@id":"https:\/\/www.itape.com\/product\/ac74-carpet-tape-2\/#primaryimage","url":"https:\/\/www.itape.com\/wp-content\/uploads\/product-image\/ac74-nat-48mmx32.9m-shadow.jpg","contentUrl":"https:\/\/www.itape.com\/wp-content\/uploads\/product-image\/ac74-nat-48mmx32.9m-shadow.jpg","width":2400,"height":2400,"caption":"AC75_Duct"},{"@type":"BreadcrumbList","@id":"https:\/\/www.itape.com\/product\/ac74-carpet-tape-2\/#breadcrumb","itemListElement":[{"@type":"ListItem","position":1,"name":"Home","item":"https:\/\/www.itape.com\/es\/"},{"@type":"ListItem","position":2,"name":"Products","item":"https:\/\/www.itape.com\/products\/"},{"@type":"ListItem","position":3,"name":"AC74 Carpet Tape"}]},{"@type":"WebSite","@id":"https:\/\/www.itape.com\/#website","url":"https:\/\/www.itape.com\/","name":"IPG","description":"Global Leader in Packaging and Protective Solutions","publisher":{"@id":"https:\/\/www.itape.com\/#organization"},"potentialAction":[{"@type":"SearchAction","target":{"@type":"EntryPoint","urlTemplate":"https:\/\/www.itape.com\/?s={search_term_string}"},"query-input":{"@type":"PropertyValueSpecification","valueRequired":true,"valueName":"search_term_string"}}],"inLanguage":"es"},{"@type":"Organization","@id":"https:\/\/www.itape.com\/#organization","name":"IPG","url":"https:\/\/www.itape.com\/","logo":{"@type":"ImageObject","inLanguage":"es","@id":"https:\/\/www.itape.com\/#\/schema\/logo\/image\/","url":"https:\/\/www.itape.com\/wp-content\/uploads\/2024\/06\/IPG-logo-2.png","contentUrl":"https:\/\/www.itape.com\/wp-content\/uploads\/2024\/06\/IPG-logo-2.png","width":60,"height":60,"caption":"IPG"},"image":{"@id":"https:\/\/www.itape.com\/#\/schema\/logo\/image\/"},"sameAs":["https:\/\/www.facebook.com\/intertape","https:\/\/x.com\/IPGtape","https:\/\/www.linkedin.com\/company\/intertape-polymer-group","https:\/\/www.instagram.com\/ipgtape","https:\/\/www.youtube.com\/user\/IPGtape"]}]},"product_price_currency":"USD","og_availability":"instock","product_availability":"instock","product_retailer_item_id":"cb50ef9f5a83","product_condition":"new"},"parsely":{"version":"1.1.0","canonical_url":"https:\/\/itape.com\/es\/product\/ac74-carpet-tape-es-2\/","smart_links":{"inbound":0,"outbound":0},"traffic_boost_suggestions_count":0,"meta":{"@context":"https:\/\/schema.org","@type":"WebPage","headline":"AC74 Carpet Tape","url":"https:\/\/www.itape.com\/es\/product\/ac74-carpet-tape-es-2\/","mainEntityOfPage":{"@type":"WebPage","@id":"https:\/\/www.itape.com\/es\/product\/ac74-carpet-tape-es-2\/"},"thumbnailUrl":"https:\/\/www.itape.com\/wp-content\/uploads\/product-image\/ac74-nat-48mmx32.9m-shadow.jpg?w=150&h=150&crop=1","image":{"@type":"ImageObject","url":"https:\/\/www.itape.com\/wp-content\/uploads\/product-image\/ac74-nat-48mmx32.9m-shadow.jpg"},"articleSection":"Sin categorizar","author":[{"@type":"Person","name":"IPG"}],"creator":["IPG"],"publisher":{"@type":"Organization","name":"IPG","logo":"https:\/\/www.itape.com\/wp-content\/uploads\/2023\/03\/IPG-logo-2.png"},"keywords":[],"dateCreated":"2023-01-12T14:31:28Z","datePublished":"2023-01-12T14:31:28Z","dateModified":"2023-06-27T19:15:46Z"},"rendered":"<meta name=\"parsely-title\" content=\"AC74 Carpet Tape\" \/>\n<meta name=\"parsely-link\" content=\"https:\/\/www.itape.com\/es\/product\/ac74-carpet-tape-es-2\/\" \/>\n<meta name=\"parsely-type\" content=\"index\" \/>\n<meta name=\"parsely-image-url\" content=\"https:\/\/www.itape.com\/wp-content\/uploads\/product-image\/ac74-nat-48mmx32.9m-shadow.jpg?w=150&amp;h=150&amp;crop=1\" \/>\n<meta name=\"parsely-pub-date\" content=\"2023-01-12T14:31:28Z\" \/>\n<meta name=\"parsely-section\" content=\"Sin categorizar\" \/>\n<meta name=\"parsely-author\" content=\"IPG\" \/>","tracker_url":"https:\/\/cdn.parsely.com\/keys\/itape.com\/p.js"},"jetpack_sharing_enabled":true,"_links":{"self":[{"href":"https:\/\/www.itape.com\/es\/wp-json\/wp\/v2\/product\/48159","targetHints":{"allow":["GET"]}}],"collection":[{"href":"https:\/\/www.itape.com\/es\/wp-json\/wp\/v2\/product"}],"about":[{"href":"https:\/\/www.itape.com\/es\/wp-json\/wp\/v2\/types\/product"}],"replies":[{"embeddable":true,"href":"https:\/\/www.itape.com\/es\/wp-json\/wp\/v2\/comments?post=48159"}],"wp:featuredmedia":[{"embeddable":true,"href":"https:\/\/www.itape.com\/es\/wp-json\/wp\/v2\/media\/53131"}],"wp:attachment":[{"href":"https:\/\/www.itape.com\/es\/wp-json\/wp\/v2\/media?parent=48159"}],"wp:term":[{"taxonomy":"product_brand","embeddable":true,"href":"https:\/\/www.itape.com\/es\/wp-json\/wp\/v2\/product_brand?post=48159"},{"taxonomy":"product_cat","embeddable":true,"href":"https:\/\/www.itape.com\/es\/wp-json\/wp\/v2\/product_cat?post=48159"},{"taxonomy":"product_tag","embeddable":true,"href":"https:\/\/www.itape.com\/es\/wp-json\/wp\/v2\/product_tag?post=48159"},{"taxonomy":"associated_application","embeddable":true,"href":"https:\/\/www.itape.com\/es\/wp-json\/wp\/v2\/associated_application?post=48159"}],"curies":[{"name":"wp","href":"https:\/\/api.w.org\/{rel}","templated":true}]}}