{"id":48287,"date":"2023-01-12T14:32:44","date_gmt":"2023-01-12T14:32:44","guid":{"rendered":"https:\/\/www.itape.com\/product\/xt-pg28a-es\/"},"modified":"2023-05-06T17:31:03","modified_gmt":"2023-05-06T17:31:03","slug":"xt-pg28a","status":"publish","type":"product","link":"https:\/\/www.itape.com\/es\/product\/xt-pg28a\/","title":{"rendered":"XT &#8211; PG28A"},"content":{"rendered":"<div class=\"prose\">Performs well with gel-coatings associated with manufacture of boats, spas, etc. Also performs well in wet strip applications. Provides resistance to paint flaking and a clean, well defined paint line. Not recommended for securing large and\/or kraft aprons due to reduced adhesive weight and a flatter adhesive film condition versus PG21. Not recommended for outdoor exposure.<\/div>\n","protected":false},"excerpt":{"rendered":"<p>Una cinta adhesiva de protecci\u00f3n para altas temperaturas que se ha dise\u00f1ado para una extracci\u00f3n sin residuos de diversos tipos de superficies tras una exposici\u00f3n a temperaturas de horno de hasta 163\u00a0\u02daC (325\u00a0\u02daF) durante 30 minutos (los tiempos y las temperaturas vienen determinados por el tipo de superficie). Presenta un papel crep\u00e9 suave que se maneja con facilidad y ofrece una gran resistencia y comodidad de uso en superficies irregulares con una adaptaci\u00f3n extraordinaria a las esquinas. El revestimiento de extracci\u00f3n resistente a los disolventes ofrece una adhesi\u00f3n \u00f3ptima al reverso tanto a temperatura ambiente como a temperaturas elevadas.<\/p>\n","protected":false},"featured_media":52989,"comment_status":"closed","ping_status":"closed","template":"","meta":{"_acf_changed":false},"product_brand":[],"product_cat":[7363,7856,7876,7840,8267,7844,7837],"product_tag":[8264,7441,7444],"associated_application":[7201,7341,7213,7206,7202,7342,7210,7294,7203,7212,7295,7209,7216],"class_list":{"0":"post-48287","1":"product","2":"type-product","3":"status-publish","4":"has-post-thumbnail","6":"product_cat-masking-tape-es","7":"product_cat-building-and-construction-products-cinta-adhesiva-de-proteccion-es","8":"product_cat-industrial-tapes-cinta-adhesiva-de-proteccion-es","9":"product_cat-industrial-tapes-es","10":"product_cat-cradle-to-cradle-products-es","11":"product_cat-sustainable-packaging-es","12":"product_cat-building-and-construction-products-es","13":"product_tag-cradle-to-cradle-certified-es","14":"product_tag-export-grade-es","15":"product_tag-american-performance-series-es","16":"associated_application-aeroespacial-es","17":"associated_application-aplicaciones-de-pintura-generales-es","18":"associated_application-climatizacion-es","19":"associated_application-comercio-electronico-es","20":"associated_application-dispositivos-es","21":"associated_application-enmascaramiento-es-transporte-es","22":"associated_application-fabricacion-general-es","23":"associated_application-mantenimiento-reparacion-y-operacion-mro-es","24":"associated_application-mercado-de-recambios-de-automocion-es","25":"associated_application-mudanzas-y-almacenamiento-es","26":"associated_application-pintura-es","27":"associated_application-procesamiento-de-alimentos-es","28":"associated_application-transporte-es","30":"first","31":"instock","32":"product-type-simple"},"acf":[],"yoast_head":"<!-- This site is optimized with the Yoast SEO Premium plugin v24.1 (Yoast SEO v27.0) - https:\/\/yoast.com\/product\/yoast-seo-premium-wordpress\/ -->\n<title>XT - PG28A - IPG<\/title>\n<meta name=\"robots\" content=\"index, follow, max-snippet:-1, max-image-preview:large, max-video-preview:-1\" \/>\n<link rel=\"canonical\" href=\"https:\/\/www.itape.com\/product\/xt-pg28a\/\" \/>\n<meta property=\"og:locale\" content=\"es_ES\" \/>\n<meta property=\"og:type\" content=\"article\" \/>\n<meta property=\"og:title\" content=\"XT - PG28A\" \/>\n<meta property=\"og:description\" content=\"Una cinta adhesiva de protecci\u00f3n para altas temperaturas que se ha dise\u00f1ado para una extracci\u00f3n sin residuos de diversos tipos de superficies tras una exposici\u00f3n a temperaturas de horno de hasta 163\u00a0\u02daC (325\u00a0\u02daF) durante 30 minutos (los tiempos y las temperaturas vienen determinados por el tipo de superficie). Presenta un papel crep\u00e9 suave que se maneja con facilidad y ofrece una gran resistencia y comodidad de uso en superficies irregulares con una adaptaci\u00f3n extraordinaria a las esquinas. El revestimiento de extracci\u00f3n resistente a los disolventes ofrece una adhesi\u00f3n \u00f3ptima al reverso tanto a temperatura ambiente como a temperaturas elevadas.\" \/>\n<meta property=\"og:url\" content=\"https:\/\/www.itape.com\/product\/xt-pg28a\/\" \/>\n<meta property=\"og:site_name\" content=\"IPG\" \/>\n<meta property=\"article:publisher\" content=\"https:\/\/www.facebook.com\/intertape\" \/>\n<meta property=\"article:modified_time\" content=\"2023-05-06T17:31:03+00:00\" \/>\n<meta property=\"og:image\" content=\"https:\/\/www.itape.com\/wp-content\/uploads\/2023\/10\/pg28a-high-shadow.jpg\" \/>\n\t<meta property=\"og:image:width\" content=\"2400\" \/>\n\t<meta property=\"og:image:height\" content=\"2400\" \/>\n\t<meta property=\"og:image:type\" content=\"image\/jpeg\" \/>\n<meta name=\"twitter:card\" content=\"summary_large_image\" \/>\n<meta name=\"twitter:site\" content=\"@IPGtape\" \/>\n<meta name=\"twitter:label1\" content=\"Price\" \/>\n\t<meta name=\"twitter:data1\" content=\"\" \/>\n\t<meta name=\"twitter:label2\" content=\"Availability\" \/>\n\t<meta name=\"twitter:data2\" content=\"In stock\" \/>\n<script type=\"application\/ld+json\" class=\"yoast-schema-graph\">{\"@context\":\"https:\/\/schema.org\",\"@graph\":[{\"@type\":\"WebPage\",\"@id\":\"https:\/\/www.itape.com\/product\/xt-pg28a\/\",\"url\":\"https:\/\/www.itape.com\/product\/xt-pg28a\/\",\"name\":\"XT - PG28A - IPG\",\"isPartOf\":{\"@id\":\"https:\/\/www.itape.com\/#website\"},\"primaryImageOfPage\":{\"@id\":\"https:\/\/www.itape.com\/product\/xt-pg28a\/#primaryimage\"},\"image\":{\"@id\":\"https:\/\/www.itape.com\/product\/xt-pg28a\/#primaryimage\"},\"thumbnailUrl\":\"https:\/\/www.itape.com\/wp-content\/uploads\/product-image\/pg28a-nat-36mmx55m-shadow.jpg\",\"datePublished\":\"2023-01-12T14:32:44+00:00\",\"dateModified\":\"2023-05-06T17:31:03+00:00\",\"breadcrumb\":{\"@id\":\"https:\/\/www.itape.com\/product\/xt-pg28a\/#breadcrumb\"},\"inLanguage\":\"es\",\"potentialAction\":[{\"@type\":\"ReadAction\",\"target\":[\"https:\/\/www.itape.com\/product\/xt-pg28a\/\"]}]},{\"@type\":\"ImageObject\",\"inLanguage\":\"es\",\"@id\":\"https:\/\/www.itape.com\/product\/xt-pg28a\/#primaryimage\",\"url\":\"https:\/\/www.itape.com\/wp-content\/uploads\/product-image\/pg28a-nat-36mmx55m-shadow.jpg\",\"contentUrl\":\"https:\/\/www.itape.com\/wp-content\/uploads\/product-image\/pg28a-nat-36mmx55m-shadow.jpg\",\"width\":2400,\"height\":2400,\"caption\":\"PG28A_Masking\"},{\"@type\":\"BreadcrumbList\",\"@id\":\"https:\/\/www.itape.com\/product\/xt-pg28a\/#breadcrumb\",\"itemListElement\":[{\"@type\":\"ListItem\",\"position\":1,\"name\":\"Home\",\"item\":\"https:\/\/www.itape.com\/es\/\"},{\"@type\":\"ListItem\",\"position\":2,\"name\":\"Products\",\"item\":\"https:\/\/www.itape.com\/products\/\"},{\"@type\":\"ListItem\",\"position\":3,\"name\":\"XT &#8211; PG28A\"}]},{\"@type\":\"WebSite\",\"@id\":\"https:\/\/www.itape.com\/#website\",\"url\":\"https:\/\/www.itape.com\/\",\"name\":\"IPG\",\"description\":\"Global Leader in Packaging and Protective Solutions\",\"publisher\":{\"@id\":\"https:\/\/www.itape.com\/#organization\"},\"potentialAction\":[{\"@type\":\"SearchAction\",\"target\":{\"@type\":\"EntryPoint\",\"urlTemplate\":\"https:\/\/www.itape.com\/?s={search_term_string}\"},\"query-input\":{\"@type\":\"PropertyValueSpecification\",\"valueRequired\":true,\"valueName\":\"search_term_string\"}}],\"inLanguage\":\"es\"},{\"@type\":\"Organization\",\"@id\":\"https:\/\/www.itape.com\/#organization\",\"name\":\"IPG\",\"url\":\"https:\/\/www.itape.com\/\",\"logo\":{\"@type\":\"ImageObject\",\"inLanguage\":\"es\",\"@id\":\"https:\/\/www.itape.com\/#\/schema\/logo\/image\/\",\"url\":\"https:\/\/www.itape.com\/wp-content\/uploads\/2024\/06\/IPG-logo-2.png\",\"contentUrl\":\"https:\/\/www.itape.com\/wp-content\/uploads\/2024\/06\/IPG-logo-2.png\",\"width\":60,\"height\":60,\"caption\":\"IPG\"},\"image\":{\"@id\":\"https:\/\/www.itape.com\/#\/schema\/logo\/image\/\"},\"sameAs\":[\"https:\/\/www.facebook.com\/intertape\",\"https:\/\/x.com\/IPGtape\",\"https:\/\/www.linkedin.com\/company\/intertape-polymer-group\",\"https:\/\/www.instagram.com\/ipgtape\",\"https:\/\/www.youtube.com\/user\/IPGtape\"]}]}<\/script>\n<meta property=\"product:price:currency\" content=\"USD\" \/>\n<meta property=\"og:availability\" content=\"instock\" \/>\n<meta property=\"product:availability\" content=\"instock\" \/>\n<meta property=\"product:retailer_item_id\" content=\"f60f7f43d790\" \/>\n<meta property=\"product:condition\" content=\"new\" \/>\n<!-- \/ Yoast SEO Premium plugin. -->","yoast_head_json":{"title":"XT - PG28A - IPG","robots":{"index":"index","follow":"follow","max-snippet":"max-snippet:-1","max-image-preview":"max-image-preview:large","max-video-preview":"max-video-preview:-1"},"canonical":"https:\/\/www.itape.com\/product\/xt-pg28a\/","og_locale":"es_ES","og_type":"article","og_title":"XT - PG28A","og_description":"Una cinta adhesiva de protecci\u00f3n para altas temperaturas que se ha dise\u00f1ado para una extracci\u00f3n sin residuos de diversos tipos de superficies tras una exposici\u00f3n a temperaturas de horno de hasta 163\u00a0\u02daC (325\u00a0\u02daF) durante 30 minutos (los tiempos y las temperaturas vienen determinados por el tipo de superficie). Presenta un papel crep\u00e9 suave que se maneja con facilidad y ofrece una gran resistencia y comodidad de uso en superficies irregulares con una adaptaci\u00f3n extraordinaria a las esquinas. El revestimiento de extracci\u00f3n resistente a los disolventes ofrece una adhesi\u00f3n \u00f3ptima al reverso tanto a temperatura ambiente como a temperaturas elevadas.","og_url":"https:\/\/www.itape.com\/product\/xt-pg28a\/","og_site_name":"IPG","article_publisher":"https:\/\/www.facebook.com\/intertape","article_modified_time":"2023-05-06T17:31:03+00:00","og_image":[{"width":2400,"height":2400,"url":"https:\/\/www.itape.com\/wp-content\/uploads\/2023\/10\/pg28a-high-shadow.jpg","type":"image\/jpeg"}],"twitter_card":"summary_large_image","twitter_site":"@IPGtape","twitter_misc":{"Price":"","Availability":"In stock"},"schema":{"@context":"https:\/\/schema.org","@graph":[{"@type":"WebPage","@id":"https:\/\/www.itape.com\/product\/xt-pg28a\/","url":"https:\/\/www.itape.com\/product\/xt-pg28a\/","name":"XT - PG28A - IPG","isPartOf":{"@id":"https:\/\/www.itape.com\/#website"},"primaryImageOfPage":{"@id":"https:\/\/www.itape.com\/product\/xt-pg28a\/#primaryimage"},"image":{"@id":"https:\/\/www.itape.com\/product\/xt-pg28a\/#primaryimage"},"thumbnailUrl":"https:\/\/www.itape.com\/wp-content\/uploads\/product-image\/pg28a-nat-36mmx55m-shadow.jpg","datePublished":"2023-01-12T14:32:44+00:00","dateModified":"2023-05-06T17:31:03+00:00","breadcrumb":{"@id":"https:\/\/www.itape.com\/product\/xt-pg28a\/#breadcrumb"},"inLanguage":"es","potentialAction":[{"@type":"ReadAction","target":["https:\/\/www.itape.com\/product\/xt-pg28a\/"]}]},{"@type":"ImageObject","inLanguage":"es","@id":"https:\/\/www.itape.com\/product\/xt-pg28a\/#primaryimage","url":"https:\/\/www.itape.com\/wp-content\/uploads\/product-image\/pg28a-nat-36mmx55m-shadow.jpg","contentUrl":"https:\/\/www.itape.com\/wp-content\/uploads\/product-image\/pg28a-nat-36mmx55m-shadow.jpg","width":2400,"height":2400,"caption":"PG28A_Masking"},{"@type":"BreadcrumbList","@id":"https:\/\/www.itape.com\/product\/xt-pg28a\/#breadcrumb","itemListElement":[{"@type":"ListItem","position":1,"name":"Home","item":"https:\/\/www.itape.com\/es\/"},{"@type":"ListItem","position":2,"name":"Products","item":"https:\/\/www.itape.com\/products\/"},{"@type":"ListItem","position":3,"name":"XT &#8211; PG28A"}]},{"@type":"WebSite","@id":"https:\/\/www.itape.com\/#website","url":"https:\/\/www.itape.com\/","name":"IPG","description":"Global Leader in Packaging and Protective Solutions","publisher":{"@id":"https:\/\/www.itape.com\/#organization"},"potentialAction":[{"@type":"SearchAction","target":{"@type":"EntryPoint","urlTemplate":"https:\/\/www.itape.com\/?s={search_term_string}"},"query-input":{"@type":"PropertyValueSpecification","valueRequired":true,"valueName":"search_term_string"}}],"inLanguage":"es"},{"@type":"Organization","@id":"https:\/\/www.itape.com\/#organization","name":"IPG","url":"https:\/\/www.itape.com\/","logo":{"@type":"ImageObject","inLanguage":"es","@id":"https:\/\/www.itape.com\/#\/schema\/logo\/image\/","url":"https:\/\/www.itape.com\/wp-content\/uploads\/2024\/06\/IPG-logo-2.png","contentUrl":"https:\/\/www.itape.com\/wp-content\/uploads\/2024\/06\/IPG-logo-2.png","width":60,"height":60,"caption":"IPG"},"image":{"@id":"https:\/\/www.itape.com\/#\/schema\/logo\/image\/"},"sameAs":["https:\/\/www.facebook.com\/intertape","https:\/\/x.com\/IPGtape","https:\/\/www.linkedin.com\/company\/intertape-polymer-group","https:\/\/www.instagram.com\/ipgtape","https:\/\/www.youtube.com\/user\/IPGtape"]}]},"product_price_currency":"USD","og_availability":"instock","product_availability":"instock","product_retailer_item_id":"f60f7f43d790","product_condition":"new"},"parsely":{"version":"1.1.0","canonical_url":"https:\/\/itape.com\/es\/product\/xt-pg28a\/","smart_links":{"inbound":0,"outbound":0},"traffic_boost_suggestions_count":0,"meta":{"@context":"https:\/\/schema.org","@type":"WebPage","headline":"XT &#8211; PG28A","url":"https:\/\/www.itape.com\/es\/product\/xt-pg28a\/","mainEntityOfPage":{"@type":"WebPage","@id":"https:\/\/www.itape.com\/es\/product\/xt-pg28a\/"},"thumbnailUrl":"https:\/\/www.itape.com\/wp-content\/uploads\/product-image\/pg28a-nat-36mmx55m-shadow.jpg?w=150&h=150&crop=1","image":{"@type":"ImageObject","url":"https:\/\/www.itape.com\/wp-content\/uploads\/product-image\/pg28a-nat-36mmx55m-shadow.jpg"},"articleSection":"Sin categorizar","author":[{"@type":"Person","name":"IPG"}],"creator":["IPG"],"publisher":{"@type":"Organization","name":"IPG","logo":"https:\/\/www.itape.com\/wp-content\/uploads\/2023\/03\/IPG-logo-2.png"},"keywords":[],"dateCreated":"2023-01-12T14:32:44Z","datePublished":"2023-01-12T14:32:44Z","dateModified":"2023-05-06T17:31:03Z"},"rendered":"<meta name=\"parsely-title\" content=\"XT &#8211; PG28A\" \/>\n<meta name=\"parsely-link\" content=\"https:\/\/www.itape.com\/es\/product\/xt-pg28a\/\" \/>\n<meta name=\"parsely-type\" content=\"index\" \/>\n<meta name=\"parsely-image-url\" content=\"https:\/\/www.itape.com\/wp-content\/uploads\/product-image\/pg28a-nat-36mmx55m-shadow.jpg?w=150&amp;h=150&amp;crop=1\" \/>\n<meta name=\"parsely-pub-date\" content=\"2023-01-12T14:32:44Z\" \/>\n<meta name=\"parsely-section\" content=\"Sin categorizar\" \/>\n<meta name=\"parsely-author\" content=\"IPG\" \/>","tracker_url":"https:\/\/cdn.parsely.com\/keys\/itape.com\/p.js"},"jetpack_sharing_enabled":true,"_links":{"self":[{"href":"https:\/\/www.itape.com\/es\/wp-json\/wp\/v2\/product\/48287","targetHints":{"allow":["GET"]}}],"collection":[{"href":"https:\/\/www.itape.com\/es\/wp-json\/wp\/v2\/product"}],"about":[{"href":"https:\/\/www.itape.com\/es\/wp-json\/wp\/v2\/types\/product"}],"replies":[{"embeddable":true,"href":"https:\/\/www.itape.com\/es\/wp-json\/wp\/v2\/comments?post=48287"}],"wp:featuredmedia":[{"embeddable":true,"href":"https:\/\/www.itape.com\/es\/wp-json\/wp\/v2\/media\/52989"}],"wp:attachment":[{"href":"https:\/\/www.itape.com\/es\/wp-json\/wp\/v2\/media?parent=48287"}],"wp:term":[{"taxonomy":"product_brand","embeddable":true,"href":"https:\/\/www.itape.com\/es\/wp-json\/wp\/v2\/product_brand?post=48287"},{"taxonomy":"product_cat","embeddable":true,"href":"https:\/\/www.itape.com\/es\/wp-json\/wp\/v2\/product_cat?post=48287"},{"taxonomy":"product_tag","embeddable":true,"href":"https:\/\/www.itape.com\/es\/wp-json\/wp\/v2\/product_tag?post=48287"},{"taxonomy":"associated_application","embeddable":true,"href":"https:\/\/www.itape.com\/es\/wp-json\/wp\/v2\/associated_application?post=48287"}],"curies":[{"name":"wp","href":"https:\/\/api.w.org\/{rel}","templated":true}]}}