{"id":48299,"date":"2023-01-12T14:32:55","date_gmt":"2023-01-12T14:32:55","guid":{"rendered":"https:\/\/www.itape.com\/product\/pg777-es\/"},"modified":"2023-03-06T18:07:24","modified_gmt":"2023-03-06T18:07:24","slug":"pg777-es","status":"publish","type":"product","link":"https:\/\/www.itape.com\/es\/product\/pg777-es\/","title":{"rendered":"PG777"},"content":{"rendered":"","protected":false},"excerpt":{"rendered":"<p>BAC 5034-4, BAC D6-1816, SAE-AMS-T-21595 Dise\u00f1ada principalmente para el sector a\u00e9reo donde la resistencia a pinturas a base de potentes disolventes y poliuretano con altos s\u00f3lidos es imprescindible. Adhesivo especialmente formulado para ofrecer una adhesi\u00f3n extraordinaria en diversas superficies de aluminio preparadas, as\u00ed como una extracci\u00f3n sin transferencia de las mismas. El producto admite grandes telas de empapelado. Ofrece buenas prestaciones en aplicaciones con ciclos de horneado a 60\u00a0\u00b0C (140\u00a0\u00b0F) durante 4-6 horas hasta tres ciclos. Revestimiento en un c\u00f3modo papel crep\u00e9 suave y de gran resistencia que proporciona l\u00edneas de quiebro de pintura y resistencia para poder retirar largas tiras en la pintura con una extracci\u00f3n n\u00edtida y sin roturas.<\/p>\n","protected":false},"featured_media":65277,"comment_status":"closed","ping_status":"closed","template":"","meta":{"_acf_changed":false},"product_brand":[],"product_cat":[7856,7876,7840,8267,7844,7837],"product_tag":[8264,8132],"associated_application":[7201,7202,7225,7213,7206,7202,7204,7210,7203,7212,7214,7209,7216],"class_list":{"0":"post-48299","1":"product","2":"type-product","3":"status-publish","4":"has-post-thumbnail","6":"product_cat-building-and-construction-products-cinta-adhesiva-de-proteccion-es","7":"product_cat-industrial-tapes-cinta-adhesiva-de-proteccion-es","8":"product_cat-industrial-tapes-es","9":"product_cat-cradle-to-cradle-products-es","10":"product_cat-sustainable-packaging-es","11":"product_cat-building-and-construction-products-es","12":"product_tag-cradle-to-cradle-certified-es","13":"product_tag-premium-es-2","14":"associated_application-aeroespacial-es","15":"associated_application-dispositivos-es","16":"associated_application-boeing-es","17":"associated_application-climatizacion-es","18":"associated_application-comercio-electronico-es","20":"associated_application-edificios-construccion-es","21":"associated_application-fabricacion-general-es","22":"associated_application-mercado-de-recambios-de-automocion-es","23":"associated_application-mudanzas-y-almacenamiento-es","24":"associated_application-naval-compuestos-es","25":"associated_application-procesamiento-de-alimentos-es","26":"associated_application-transporte-es","28":"first","29":"instock","30":"product-type-simple"},"acf":[],"yoast_head":"<!-- This site is optimized with the Yoast SEO Premium plugin v24.1 (Yoast SEO v27.0) - https:\/\/yoast.com\/product\/yoast-seo-premium-wordpress\/ -->\n<title>PG777 - IPG<\/title>\n<meta name=\"robots\" content=\"index, follow, max-snippet:-1, max-image-preview:large, max-video-preview:-1\" \/>\n<link rel=\"canonical\" href=\"https:\/\/www.itape.com\/es\/product\/pg777-es\/\" \/>\n<meta property=\"og:locale\" content=\"es_ES\" \/>\n<meta property=\"og:type\" content=\"article\" \/>\n<meta property=\"og:title\" content=\"PG777\" \/>\n<meta property=\"og:description\" content=\"BAC 5034-4, BAC D6-1816, SAE-AMS-T-21595 Dise\u00f1ada principalmente para el sector a\u00e9reo donde la resistencia a pinturas a base de potentes disolventes y poliuretano con altos s\u00f3lidos es imprescindible. Adhesivo especialmente formulado para ofrecer una adhesi\u00f3n extraordinaria en diversas superficies de aluminio preparadas, as\u00ed como una extracci\u00f3n sin transferencia de las mismas. El producto admite grandes telas de empapelado. Ofrece buenas prestaciones en aplicaciones con ciclos de horneado a 60\u00a0\u00b0C (140\u00a0\u00b0F) durante 4-6 horas hasta tres ciclos. Revestimiento en un c\u00f3modo papel crep\u00e9 suave y de gran resistencia que proporciona l\u00edneas de quiebro de pintura y resistencia para poder retirar largas tiras en la pintura con una extracci\u00f3n n\u00edtida y sin roturas.\" \/>\n<meta property=\"og:url\" content=\"https:\/\/www.itape.com\/es\/product\/pg777-es\/\" \/>\n<meta property=\"og:site_name\" content=\"IPG\" \/>\n<meta property=\"article:publisher\" content=\"https:\/\/www.facebook.com\/intertape\" \/>\n<meta property=\"article:modified_time\" content=\"2023-03-06T18:07:24+00:00\" \/>\n<meta property=\"og:image\" content=\"https:\/\/www.itape.com\/wp-content\/uploads\/2023\/01\/PG777_high.jpg\" \/>\n\t<meta property=\"og:image:width\" content=\"2400\" \/>\n\t<meta property=\"og:image:height\" content=\"2400\" \/>\n\t<meta property=\"og:image:type\" content=\"image\/jpeg\" \/>\n<meta name=\"twitter:card\" content=\"summary_large_image\" \/>\n<meta name=\"twitter:site\" content=\"@IPGtape\" \/>\n<meta name=\"twitter:label1\" content=\"Price\" \/>\n\t<meta name=\"twitter:data1\" content=\"\" \/>\n\t<meta name=\"twitter:label2\" content=\"Availability\" \/>\n\t<meta name=\"twitter:data2\" content=\"In stock\" \/>\n<script type=\"application\/ld+json\" class=\"yoast-schema-graph\">{\"@context\":\"https:\/\/schema.org\",\"@graph\":[{\"@type\":\"WebPage\",\"@id\":\"https:\/\/www.itape.com\/es\/product\/pg777-es\/\",\"url\":\"https:\/\/www.itape.com\/es\/product\/pg777-es\/\",\"name\":\"PG777 - IPG\",\"isPartOf\":{\"@id\":\"https:\/\/www.itape.com\/#website\"},\"primaryImageOfPage\":{\"@id\":\"https:\/\/www.itape.com\/es\/product\/pg777-es\/#primaryimage\"},\"image\":{\"@id\":\"https:\/\/www.itape.com\/es\/product\/pg777-es\/#primaryimage\"},\"thumbnailUrl\":\"https:\/\/www.itape.com\/wp-content\/uploads\/product-image\/pg777-nat-2inx60yd-shadow.jpg\",\"datePublished\":\"2023-01-12T14:32:55+00:00\",\"dateModified\":\"2023-03-06T18:07:24+00:00\",\"breadcrumb\":{\"@id\":\"https:\/\/www.itape.com\/es\/product\/pg777-es\/#breadcrumb\"},\"inLanguage\":\"es\",\"potentialAction\":[{\"@type\":\"ReadAction\",\"target\":[\"https:\/\/www.itape.com\/es\/product\/pg777-es\/\"]}]},{\"@type\":\"ImageObject\",\"inLanguage\":\"es\",\"@id\":\"https:\/\/www.itape.com\/es\/product\/pg777-es\/#primaryimage\",\"url\":\"https:\/\/www.itape.com\/wp-content\/uploads\/product-image\/pg777-nat-2inx60yd-shadow.jpg\",\"contentUrl\":\"https:\/\/www.itape.com\/wp-content\/uploads\/product-image\/pg777-nat-2inx60yd-shadow.jpg\",\"width\":2383,\"height\":2383,\"caption\":\"PG777 Masking Tape\"},{\"@type\":\"BreadcrumbList\",\"@id\":\"https:\/\/www.itape.com\/es\/product\/pg777-es\/#breadcrumb\",\"itemListElement\":[{\"@type\":\"ListItem\",\"position\":1,\"name\":\"Home\",\"item\":\"https:\/\/www.itape.com\/es\/\"},{\"@type\":\"ListItem\",\"position\":2,\"name\":\"Products\",\"item\":\"https:\/\/www.itape.com\/products\/\"},{\"@type\":\"ListItem\",\"position\":3,\"name\":\"PG777\"}]},{\"@type\":\"WebSite\",\"@id\":\"https:\/\/www.itape.com\/#website\",\"url\":\"https:\/\/www.itape.com\/\",\"name\":\"IPG\",\"description\":\"Global Leader in Packaging and Protective Solutions\",\"publisher\":{\"@id\":\"https:\/\/www.itape.com\/#organization\"},\"potentialAction\":[{\"@type\":\"SearchAction\",\"target\":{\"@type\":\"EntryPoint\",\"urlTemplate\":\"https:\/\/www.itape.com\/?s={search_term_string}\"},\"query-input\":{\"@type\":\"PropertyValueSpecification\",\"valueRequired\":true,\"valueName\":\"search_term_string\"}}],\"inLanguage\":\"es\"},{\"@type\":\"Organization\",\"@id\":\"https:\/\/www.itape.com\/#organization\",\"name\":\"IPG\",\"url\":\"https:\/\/www.itape.com\/\",\"logo\":{\"@type\":\"ImageObject\",\"inLanguage\":\"es\",\"@id\":\"https:\/\/www.itape.com\/#\/schema\/logo\/image\/\",\"url\":\"https:\/\/www.itape.com\/wp-content\/uploads\/2024\/06\/IPG-logo-2.png\",\"contentUrl\":\"https:\/\/www.itape.com\/wp-content\/uploads\/2024\/06\/IPG-logo-2.png\",\"width\":60,\"height\":60,\"caption\":\"IPG\"},\"image\":{\"@id\":\"https:\/\/www.itape.com\/#\/schema\/logo\/image\/\"},\"sameAs\":[\"https:\/\/www.facebook.com\/intertape\",\"https:\/\/x.com\/IPGtape\",\"https:\/\/www.linkedin.com\/company\/intertape-polymer-group\",\"https:\/\/www.instagram.com\/ipgtape\",\"https:\/\/www.youtube.com\/user\/IPGtape\"]}]}<\/script>\n<meta property=\"product:price:currency\" content=\"USD\" \/>\n<meta property=\"og:availability\" content=\"instock\" \/>\n<meta property=\"product:availability\" content=\"instock\" \/>\n<meta property=\"product:retailer_item_id\" content=\"213f22bad1ae\" \/>\n<meta property=\"product:condition\" content=\"new\" \/>\n<!-- \/ Yoast SEO Premium plugin. -->","yoast_head_json":{"title":"PG777 - IPG","robots":{"index":"index","follow":"follow","max-snippet":"max-snippet:-1","max-image-preview":"max-image-preview:large","max-video-preview":"max-video-preview:-1"},"canonical":"https:\/\/www.itape.com\/es\/product\/pg777-es\/","og_locale":"es_ES","og_type":"article","og_title":"PG777","og_description":"BAC 5034-4, BAC D6-1816, SAE-AMS-T-21595 Dise\u00f1ada principalmente para el sector a\u00e9reo donde la resistencia a pinturas a base de potentes disolventes y poliuretano con altos s\u00f3lidos es imprescindible. Adhesivo especialmente formulado para ofrecer una adhesi\u00f3n extraordinaria en diversas superficies de aluminio preparadas, as\u00ed como una extracci\u00f3n sin transferencia de las mismas. El producto admite grandes telas de empapelado. Ofrece buenas prestaciones en aplicaciones con ciclos de horneado a 60\u00a0\u00b0C (140\u00a0\u00b0F) durante 4-6 horas hasta tres ciclos. Revestimiento en un c\u00f3modo papel crep\u00e9 suave y de gran resistencia que proporciona l\u00edneas de quiebro de pintura y resistencia para poder retirar largas tiras en la pintura con una extracci\u00f3n n\u00edtida y sin roturas.","og_url":"https:\/\/www.itape.com\/es\/product\/pg777-es\/","og_site_name":"IPG","article_publisher":"https:\/\/www.facebook.com\/intertape","article_modified_time":"2023-03-06T18:07:24+00:00","og_image":[{"width":2400,"height":2400,"url":"https:\/\/www.itape.com\/wp-content\/uploads\/2023\/01\/PG777_high.jpg","type":"image\/jpeg"}],"twitter_card":"summary_large_image","twitter_site":"@IPGtape","twitter_misc":{"Price":"","Availability":"In stock"},"schema":{"@context":"https:\/\/schema.org","@graph":[{"@type":"WebPage","@id":"https:\/\/www.itape.com\/es\/product\/pg777-es\/","url":"https:\/\/www.itape.com\/es\/product\/pg777-es\/","name":"PG777 - IPG","isPartOf":{"@id":"https:\/\/www.itape.com\/#website"},"primaryImageOfPage":{"@id":"https:\/\/www.itape.com\/es\/product\/pg777-es\/#primaryimage"},"image":{"@id":"https:\/\/www.itape.com\/es\/product\/pg777-es\/#primaryimage"},"thumbnailUrl":"https:\/\/www.itape.com\/wp-content\/uploads\/product-image\/pg777-nat-2inx60yd-shadow.jpg","datePublished":"2023-01-12T14:32:55+00:00","dateModified":"2023-03-06T18:07:24+00:00","breadcrumb":{"@id":"https:\/\/www.itape.com\/es\/product\/pg777-es\/#breadcrumb"},"inLanguage":"es","potentialAction":[{"@type":"ReadAction","target":["https:\/\/www.itape.com\/es\/product\/pg777-es\/"]}]},{"@type":"ImageObject","inLanguage":"es","@id":"https:\/\/www.itape.com\/es\/product\/pg777-es\/#primaryimage","url":"https:\/\/www.itape.com\/wp-content\/uploads\/product-image\/pg777-nat-2inx60yd-shadow.jpg","contentUrl":"https:\/\/www.itape.com\/wp-content\/uploads\/product-image\/pg777-nat-2inx60yd-shadow.jpg","width":2383,"height":2383,"caption":"PG777 Masking Tape"},{"@type":"BreadcrumbList","@id":"https:\/\/www.itape.com\/es\/product\/pg777-es\/#breadcrumb","itemListElement":[{"@type":"ListItem","position":1,"name":"Home","item":"https:\/\/www.itape.com\/es\/"},{"@type":"ListItem","position":2,"name":"Products","item":"https:\/\/www.itape.com\/products\/"},{"@type":"ListItem","position":3,"name":"PG777"}]},{"@type":"WebSite","@id":"https:\/\/www.itape.com\/#website","url":"https:\/\/www.itape.com\/","name":"IPG","description":"Global Leader in Packaging and Protective Solutions","publisher":{"@id":"https:\/\/www.itape.com\/#organization"},"potentialAction":[{"@type":"SearchAction","target":{"@type":"EntryPoint","urlTemplate":"https:\/\/www.itape.com\/?s={search_term_string}"},"query-input":{"@type":"PropertyValueSpecification","valueRequired":true,"valueName":"search_term_string"}}],"inLanguage":"es"},{"@type":"Organization","@id":"https:\/\/www.itape.com\/#organization","name":"IPG","url":"https:\/\/www.itape.com\/","logo":{"@type":"ImageObject","inLanguage":"es","@id":"https:\/\/www.itape.com\/#\/schema\/logo\/image\/","url":"https:\/\/www.itape.com\/wp-content\/uploads\/2024\/06\/IPG-logo-2.png","contentUrl":"https:\/\/www.itape.com\/wp-content\/uploads\/2024\/06\/IPG-logo-2.png","width":60,"height":60,"caption":"IPG"},"image":{"@id":"https:\/\/www.itape.com\/#\/schema\/logo\/image\/"},"sameAs":["https:\/\/www.facebook.com\/intertape","https:\/\/x.com\/IPGtape","https:\/\/www.linkedin.com\/company\/intertape-polymer-group","https:\/\/www.instagram.com\/ipgtape","https:\/\/www.youtube.com\/user\/IPGtape"]}]},"product_price_currency":"USD","og_availability":"instock","product_availability":"instock","product_retailer_item_id":"213f22bad1ae","product_condition":"new"},"parsely":{"version":"1.1.0","canonical_url":"https:\/\/itape.com\/es\/product\/pg777-es\/","smart_links":{"inbound":0,"outbound":0},"traffic_boost_suggestions_count":0,"meta":{"@context":"https:\/\/schema.org","@type":"WebPage","headline":"PG777","url":"https:\/\/www.itape.com\/es\/product\/pg777-es\/","mainEntityOfPage":{"@type":"WebPage","@id":"https:\/\/www.itape.com\/es\/product\/pg777-es\/"},"thumbnailUrl":"https:\/\/www.itape.com\/wp-content\/uploads\/product-image\/pg777-nat-2inx60yd-shadow.jpg?w=150&h=150&crop=1","image":{"@type":"ImageObject","url":"https:\/\/www.itape.com\/wp-content\/uploads\/product-image\/pg777-nat-2inx60yd-shadow.jpg"},"articleSection":"Sin categorizar","author":[{"@type":"Person","name":"IPG"}],"creator":["IPG"],"publisher":{"@type":"Organization","name":"IPG","logo":"https:\/\/www.itape.com\/wp-content\/uploads\/2023\/03\/IPG-logo-2.png"},"keywords":[],"dateCreated":"2023-01-12T14:32:55Z","datePublished":"2023-01-12T14:32:55Z","dateModified":"2023-03-06T18:07:24Z"},"rendered":"<meta name=\"parsely-title\" content=\"PG777\" \/>\n<meta name=\"parsely-link\" content=\"https:\/\/www.itape.com\/es\/product\/pg777-es\/\" \/>\n<meta name=\"parsely-type\" content=\"index\" \/>\n<meta name=\"parsely-image-url\" content=\"https:\/\/www.itape.com\/wp-content\/uploads\/product-image\/pg777-nat-2inx60yd-shadow.jpg?w=150&amp;h=150&amp;crop=1\" \/>\n<meta name=\"parsely-pub-date\" content=\"2023-01-12T14:32:55Z\" \/>\n<meta name=\"parsely-section\" content=\"Sin categorizar\" \/>\n<meta name=\"parsely-author\" content=\"IPG\" \/>","tracker_url":"https:\/\/cdn.parsely.com\/keys\/itape.com\/p.js"},"jetpack_sharing_enabled":true,"_links":{"self":[{"href":"https:\/\/www.itape.com\/es\/wp-json\/wp\/v2\/product\/48299","targetHints":{"allow":["GET"]}}],"collection":[{"href":"https:\/\/www.itape.com\/es\/wp-json\/wp\/v2\/product"}],"about":[{"href":"https:\/\/www.itape.com\/es\/wp-json\/wp\/v2\/types\/product"}],"replies":[{"embeddable":true,"href":"https:\/\/www.itape.com\/es\/wp-json\/wp\/v2\/comments?post=48299"}],"wp:featuredmedia":[{"embeddable":true,"href":"https:\/\/www.itape.com\/es\/wp-json\/wp\/v2\/media\/65277"}],"wp:attachment":[{"href":"https:\/\/www.itape.com\/es\/wp-json\/wp\/v2\/media?parent=48299"}],"wp:term":[{"taxonomy":"product_brand","embeddable":true,"href":"https:\/\/www.itape.com\/es\/wp-json\/wp\/v2\/product_brand?post=48299"},{"taxonomy":"product_cat","embeddable":true,"href":"https:\/\/www.itape.com\/es\/wp-json\/wp\/v2\/product_cat?post=48299"},{"taxonomy":"product_tag","embeddable":true,"href":"https:\/\/www.itape.com\/es\/wp-json\/wp\/v2\/product_tag?post=48299"},{"taxonomy":"associated_application","embeddable":true,"href":"https:\/\/www.itape.com\/es\/wp-json\/wp\/v2\/associated_application?post=48299"}],"curies":[{"name":"wp","href":"https:\/\/api.w.org\/{rel}","templated":true}]}}