{"id":48304,"date":"2023-01-12T14:32:55","date_gmt":"2023-01-12T14:32:55","guid":{"rendered":"https:\/\/www.itape.com\/product\/pg49-es\/"},"modified":"2023-05-18T17:36:16","modified_gmt":"2023-05-18T17:36:16","slug":"pg49","status":"publish","type":"product","link":"https:\/\/www.itape.com\/es\/product\/pg49\/","title":{"rendered":"PG49"},"content":{"rendered":"<div class=\"prose\">Automotive, truck, bus and marine paint masking. Recommended hot to warm removal, but can be removed cold.<\/div>\n","protected":false},"excerpt":{"rendered":"<p>Junto con sus buenas propiedades de adhesi\u00f3n y fijaci\u00f3n r\u00e1pidas, la PG49 es resistente los disolventes, las pinturas y temperaturas de hasta 163\u00a0\u00b0C (325\u00a0\u00b0F).<\/p>\n","protected":false},"featured_media":63011,"comment_status":"closed","ping_status":"closed","template":"","meta":{"_acf_changed":false},"product_brand":[],"product_cat":[8267,7844],"product_tag":[8264,8264,8132,8132],"associated_application":[7341,7342,7294,7295],"class_list":{"0":"post-48304","1":"product","2":"type-product","3":"status-publish","4":"has-post-thumbnail","6":"product_cat-cradle-to-cradle-products-es","7":"product_cat-sustainable-packaging-es","8":"product_tag-cradle-to-cradle-certified-es","10":"product_tag-premium-es-2","12":"associated_application-aplicaciones-de-pintura-generales-es","13":"associated_application-enmascaramiento-es-transporte-es","14":"associated_application-mantenimiento-reparacion-y-operacion-mro-es","15":"associated_application-pintura-es","17":"first","18":"instock","19":"product-type-simple"},"acf":[],"yoast_head":"<!-- This site is optimized with the Yoast SEO Premium plugin v24.1 (Yoast SEO v27.0) - https:\/\/yoast.com\/product\/yoast-seo-premium-wordpress\/ -->\n<title>PG49 - IPG<\/title>\n<meta name=\"robots\" content=\"index, follow, max-snippet:-1, max-image-preview:large, max-video-preview:-1\" \/>\n<link rel=\"canonical\" href=\"https:\/\/www.itape.com\/es\/product\/pg49\/\" \/>\n<meta property=\"og:locale\" content=\"es_ES\" \/>\n<meta property=\"og:type\" content=\"article\" \/>\n<meta property=\"og:title\" content=\"PG49\" \/>\n<meta property=\"og:description\" content=\"Junto con sus buenas propiedades de adhesi\u00f3n y fijaci\u00f3n r\u00e1pidas, la PG49 es resistente los disolventes, las pinturas y temperaturas de hasta 163\u00a0\u00b0C (325\u00a0\u00b0F).\" \/>\n<meta property=\"og:url\" content=\"https:\/\/www.itape.com\/es\/product\/pg49\/\" \/>\n<meta property=\"og:site_name\" content=\"IPG\" \/>\n<meta property=\"article:publisher\" content=\"https:\/\/www.facebook.com\/intertape\" \/>\n<meta property=\"article:modified_time\" content=\"2023-05-18T17:36:16+00:00\" \/>\n<meta property=\"og:image\" content=\"https:\/\/www.itape.com\/wp-content\/uploads\/2023\/01\/PG49_high.jpg\" \/>\n\t<meta property=\"og:image:width\" content=\"2400\" \/>\n\t<meta property=\"og:image:height\" content=\"2400\" \/>\n\t<meta property=\"og:image:type\" content=\"image\/jpeg\" \/>\n<meta name=\"twitter:card\" content=\"summary_large_image\" \/>\n<meta name=\"twitter:site\" content=\"@IPGtape\" \/>\n<meta name=\"twitter:label1\" content=\"Price\" \/>\n\t<meta name=\"twitter:data1\" content=\"\" \/>\n\t<meta name=\"twitter:label2\" content=\"Availability\" \/>\n\t<meta name=\"twitter:data2\" content=\"In stock\" \/>\n<script type=\"application\/ld+json\" class=\"yoast-schema-graph\">{\"@context\":\"https:\/\/schema.org\",\"@graph\":[{\"@type\":\"WebPage\",\"@id\":\"https:\/\/www.itape.com\/es\/product\/pg49\/\",\"url\":\"https:\/\/www.itape.com\/es\/product\/pg49\/\",\"name\":\"PG49 - IPG\",\"isPartOf\":{\"@id\":\"https:\/\/www.itape.com\/#website\"},\"primaryImageOfPage\":{\"@id\":\"https:\/\/www.itape.com\/es\/product\/pg49\/#primaryimage\"},\"image\":{\"@id\":\"https:\/\/www.itape.com\/es\/product\/pg49\/#primaryimage\"},\"thumbnailUrl\":\"https:\/\/www.itape.com\/wp-content\/uploads\/2023\/01\/PG49_high.jpg\",\"datePublished\":\"2023-01-12T14:32:55+00:00\",\"dateModified\":\"2023-05-18T17:36:16+00:00\",\"breadcrumb\":{\"@id\":\"https:\/\/www.itape.com\/es\/product\/pg49\/#breadcrumb\"},\"inLanguage\":\"es\",\"potentialAction\":[{\"@type\":\"ReadAction\",\"target\":[\"https:\/\/www.itape.com\/es\/product\/pg49\/\"]}]},{\"@type\":\"ImageObject\",\"inLanguage\":\"es\",\"@id\":\"https:\/\/www.itape.com\/es\/product\/pg49\/#primaryimage\",\"url\":\"https:\/\/www.itape.com\/wp-content\/uploads\/2023\/01\/PG49_high.jpg\",\"contentUrl\":\"https:\/\/www.itape.com\/wp-content\/uploads\/2023\/01\/PG49_high.jpg\",\"width\":2400,\"height\":2400,\"caption\":\"PG49 High\"},{\"@type\":\"BreadcrumbList\",\"@id\":\"https:\/\/www.itape.com\/es\/product\/pg49\/#breadcrumb\",\"itemListElement\":[{\"@type\":\"ListItem\",\"position\":1,\"name\":\"Home\",\"item\":\"https:\/\/www.itape.com\/es\/\"},{\"@type\":\"ListItem\",\"position\":2,\"name\":\"Products\",\"item\":\"https:\/\/www.itape.com\/products\/\"},{\"@type\":\"ListItem\",\"position\":3,\"name\":\"PG49\"}]},{\"@type\":\"WebSite\",\"@id\":\"https:\/\/www.itape.com\/#website\",\"url\":\"https:\/\/www.itape.com\/\",\"name\":\"IPG\",\"description\":\"Global Leader in Packaging and Protective Solutions\",\"publisher\":{\"@id\":\"https:\/\/www.itape.com\/#organization\"},\"potentialAction\":[{\"@type\":\"SearchAction\",\"target\":{\"@type\":\"EntryPoint\",\"urlTemplate\":\"https:\/\/www.itape.com\/?s={search_term_string}\"},\"query-input\":{\"@type\":\"PropertyValueSpecification\",\"valueRequired\":true,\"valueName\":\"search_term_string\"}}],\"inLanguage\":\"es\"},{\"@type\":\"Organization\",\"@id\":\"https:\/\/www.itape.com\/#organization\",\"name\":\"IPG\",\"url\":\"https:\/\/www.itape.com\/\",\"logo\":{\"@type\":\"ImageObject\",\"inLanguage\":\"es\",\"@id\":\"https:\/\/www.itape.com\/#\/schema\/logo\/image\/\",\"url\":\"https:\/\/www.itape.com\/wp-content\/uploads\/2024\/06\/IPG-logo-2.png\",\"contentUrl\":\"https:\/\/www.itape.com\/wp-content\/uploads\/2024\/06\/IPG-logo-2.png\",\"width\":60,\"height\":60,\"caption\":\"IPG\"},\"image\":{\"@id\":\"https:\/\/www.itape.com\/#\/schema\/logo\/image\/\"},\"sameAs\":[\"https:\/\/www.facebook.com\/intertape\",\"https:\/\/x.com\/IPGtape\",\"https:\/\/www.linkedin.com\/company\/intertape-polymer-group\",\"https:\/\/www.instagram.com\/ipgtape\",\"https:\/\/www.youtube.com\/user\/IPGtape\"]}]}<\/script>\n<meta property=\"product:price:currency\" content=\"USD\" \/>\n<meta property=\"og:availability\" content=\"instock\" \/>\n<meta property=\"product:availability\" content=\"instock\" \/>\n<meta property=\"product:retailer_item_id\" content=\"2d43954268a9\" \/>\n<meta property=\"product:condition\" content=\"new\" \/>\n<!-- \/ Yoast SEO Premium plugin. -->","yoast_head_json":{"title":"PG49 - IPG","robots":{"index":"index","follow":"follow","max-snippet":"max-snippet:-1","max-image-preview":"max-image-preview:large","max-video-preview":"max-video-preview:-1"},"canonical":"https:\/\/www.itape.com\/es\/product\/pg49\/","og_locale":"es_ES","og_type":"article","og_title":"PG49","og_description":"Junto con sus buenas propiedades de adhesi\u00f3n y fijaci\u00f3n r\u00e1pidas, la PG49 es resistente los disolventes, las pinturas y temperaturas de hasta 163\u00a0\u00b0C (325\u00a0\u00b0F).","og_url":"https:\/\/www.itape.com\/es\/product\/pg49\/","og_site_name":"IPG","article_publisher":"https:\/\/www.facebook.com\/intertape","article_modified_time":"2023-05-18T17:36:16+00:00","og_image":[{"width":2400,"height":2400,"url":"https:\/\/www.itape.com\/wp-content\/uploads\/2023\/01\/PG49_high.jpg","type":"image\/jpeg"}],"twitter_card":"summary_large_image","twitter_site":"@IPGtape","twitter_misc":{"Price":"","Availability":"In stock"},"schema":{"@context":"https:\/\/schema.org","@graph":[{"@type":"WebPage","@id":"https:\/\/www.itape.com\/es\/product\/pg49\/","url":"https:\/\/www.itape.com\/es\/product\/pg49\/","name":"PG49 - IPG","isPartOf":{"@id":"https:\/\/www.itape.com\/#website"},"primaryImageOfPage":{"@id":"https:\/\/www.itape.com\/es\/product\/pg49\/#primaryimage"},"image":{"@id":"https:\/\/www.itape.com\/es\/product\/pg49\/#primaryimage"},"thumbnailUrl":"https:\/\/www.itape.com\/wp-content\/uploads\/2023\/01\/PG49_high.jpg","datePublished":"2023-01-12T14:32:55+00:00","dateModified":"2023-05-18T17:36:16+00:00","breadcrumb":{"@id":"https:\/\/www.itape.com\/es\/product\/pg49\/#breadcrumb"},"inLanguage":"es","potentialAction":[{"@type":"ReadAction","target":["https:\/\/www.itape.com\/es\/product\/pg49\/"]}]},{"@type":"ImageObject","inLanguage":"es","@id":"https:\/\/www.itape.com\/es\/product\/pg49\/#primaryimage","url":"https:\/\/www.itape.com\/wp-content\/uploads\/2023\/01\/PG49_high.jpg","contentUrl":"https:\/\/www.itape.com\/wp-content\/uploads\/2023\/01\/PG49_high.jpg","width":2400,"height":2400,"caption":"PG49 High"},{"@type":"BreadcrumbList","@id":"https:\/\/www.itape.com\/es\/product\/pg49\/#breadcrumb","itemListElement":[{"@type":"ListItem","position":1,"name":"Home","item":"https:\/\/www.itape.com\/es\/"},{"@type":"ListItem","position":2,"name":"Products","item":"https:\/\/www.itape.com\/products\/"},{"@type":"ListItem","position":3,"name":"PG49"}]},{"@type":"WebSite","@id":"https:\/\/www.itape.com\/#website","url":"https:\/\/www.itape.com\/","name":"IPG","description":"Global Leader in Packaging and Protective Solutions","publisher":{"@id":"https:\/\/www.itape.com\/#organization"},"potentialAction":[{"@type":"SearchAction","target":{"@type":"EntryPoint","urlTemplate":"https:\/\/www.itape.com\/?s={search_term_string}"},"query-input":{"@type":"PropertyValueSpecification","valueRequired":true,"valueName":"search_term_string"}}],"inLanguage":"es"},{"@type":"Organization","@id":"https:\/\/www.itape.com\/#organization","name":"IPG","url":"https:\/\/www.itape.com\/","logo":{"@type":"ImageObject","inLanguage":"es","@id":"https:\/\/www.itape.com\/#\/schema\/logo\/image\/","url":"https:\/\/www.itape.com\/wp-content\/uploads\/2024\/06\/IPG-logo-2.png","contentUrl":"https:\/\/www.itape.com\/wp-content\/uploads\/2024\/06\/IPG-logo-2.png","width":60,"height":60,"caption":"IPG"},"image":{"@id":"https:\/\/www.itape.com\/#\/schema\/logo\/image\/"},"sameAs":["https:\/\/www.facebook.com\/intertape","https:\/\/x.com\/IPGtape","https:\/\/www.linkedin.com\/company\/intertape-polymer-group","https:\/\/www.instagram.com\/ipgtape","https:\/\/www.youtube.com\/user\/IPGtape"]}]},"product_price_currency":"USD","og_availability":"instock","product_availability":"instock","product_retailer_item_id":"2d43954268a9","product_condition":"new"},"parsely":{"version":"1.1.0","canonical_url":"https:\/\/itape.com\/es\/product\/pg49\/","smart_links":{"inbound":0,"outbound":0},"traffic_boost_suggestions_count":0,"meta":{"@context":"https:\/\/schema.org","@type":"WebPage","headline":"PG49","url":"https:\/\/www.itape.com\/es\/product\/pg49\/","mainEntityOfPage":{"@type":"WebPage","@id":"https:\/\/www.itape.com\/es\/product\/pg49\/"},"thumbnailUrl":"https:\/\/www.itape.com\/wp-content\/uploads\/2023\/01\/PG49_high.jpg?w=150&h=150&crop=1","image":{"@type":"ImageObject","url":"https:\/\/www.itape.com\/wp-content\/uploads\/2023\/01\/PG49_high.jpg"},"articleSection":"Sin categorizar","author":[{"@type":"Person","name":"IPG"}],"creator":["IPG"],"publisher":{"@type":"Organization","name":"IPG","logo":"https:\/\/www.itape.com\/wp-content\/uploads\/2023\/03\/IPG-logo-2.png"},"keywords":[],"dateCreated":"2023-01-12T14:32:55Z","datePublished":"2023-01-12T14:32:55Z","dateModified":"2023-05-18T17:36:16Z"},"rendered":"<meta name=\"parsely-title\" content=\"PG49\" \/>\n<meta name=\"parsely-link\" content=\"https:\/\/www.itape.com\/es\/product\/pg49\/\" \/>\n<meta name=\"parsely-type\" content=\"index\" \/>\n<meta name=\"parsely-image-url\" content=\"https:\/\/www.itape.com\/wp-content\/uploads\/2023\/01\/PG49_high.jpg?w=150&amp;h=150&amp;crop=1\" \/>\n<meta name=\"parsely-pub-date\" content=\"2023-01-12T14:32:55Z\" \/>\n<meta name=\"parsely-section\" content=\"Sin categorizar\" \/>\n<meta name=\"parsely-author\" content=\"IPG\" \/>","tracker_url":"https:\/\/cdn.parsely.com\/keys\/itape.com\/p.js"},"jetpack_sharing_enabled":true,"_links":{"self":[{"href":"https:\/\/www.itape.com\/es\/wp-json\/wp\/v2\/product\/48304","targetHints":{"allow":["GET"]}}],"collection":[{"href":"https:\/\/www.itape.com\/es\/wp-json\/wp\/v2\/product"}],"about":[{"href":"https:\/\/www.itape.com\/es\/wp-json\/wp\/v2\/types\/product"}],"replies":[{"embeddable":true,"href":"https:\/\/www.itape.com\/es\/wp-json\/wp\/v2\/comments?post=48304"}],"wp:featuredmedia":[{"embeddable":true,"href":"https:\/\/www.itape.com\/es\/wp-json\/wp\/v2\/media\/63011"}],"wp:attachment":[{"href":"https:\/\/www.itape.com\/es\/wp-json\/wp\/v2\/media?parent=48304"}],"wp:term":[{"taxonomy":"product_brand","embeddable":true,"href":"https:\/\/www.itape.com\/es\/wp-json\/wp\/v2\/product_brand?post=48304"},{"taxonomy":"product_cat","embeddable":true,"href":"https:\/\/www.itape.com\/es\/wp-json\/wp\/v2\/product_cat?post=48304"},{"taxonomy":"product_tag","embeddable":true,"href":"https:\/\/www.itape.com\/es\/wp-json\/wp\/v2\/product_tag?post=48304"},{"taxonomy":"associated_application","embeddable":true,"href":"https:\/\/www.itape.com\/es\/wp-json\/wp\/v2\/associated_application?post=48304"}],"curies":[{"name":"wp","href":"https:\/\/api.w.org\/{rel}","templated":true}]}}