{"id":48314,"date":"2023-01-12T14:33:02","date_gmt":"2023-01-12T14:33:02","guid":{"rendered":"https:\/\/www.itape.com\/product\/pt14-es\/"},"modified":"2023-10-20T20:06:25","modified_gmt":"2023-10-20T20:06:25","slug":"pt14-es","status":"publish","type":"product","link":"https:\/\/www.itape.com\/es\/product\/pt14-es\/","title":{"rendered":"PT14"},"content":{"rendered":"","protected":false},"excerpt":{"rendered":"<p>Cinta adhesiva azul de protecci\u00f3n sensible a la presi\u00f3n dise\u00f1ada para los pintores profesionales m\u00e1s exigentes. Con su fino revestimiento en papel crep\u00e9, permite realizar l\u00edneas \u00f3ptimas y recubrir esquinas, todo ello con una comodidad sin igual. Esta cinta para pintor se extrae sin residuos una vez transcurridos hasta 14 d\u00edas, incluso aunque est\u00e9 expuesta a la luz del sol y una humedad alta. Entre las aplicaciones t\u00edpicas se incluyen la protecci\u00f3n de madera en exteriores, superficies de vidrio y metal y aplicaciones de pintura navales. Incorpora la tecnolog\u00eda patentada de IPG Bloc-it\u00ae para hacer l\u00edneas n\u00edtidas para los siguientes tama\u00f1os: 18\u00a0mm, 24\u00a0mm, 36\u00a0mm, 48\u00a0mm.<\/p>\n","protected":false},"featured_media":52342,"comment_status":"closed","ping_status":"closed","template":"","meta":{"_acf_changed":false},"product_brand":[],"product_cat":[7363,7856,7876,7840,8267,7844,7837],"product_tag":[8264,7441,7449],"associated_application":[7201,7217,7341,7213,7206,7314,7202,7204,7330,7342,7240,7210,7294,7203,7212,7214,7295,7209,7346,7311,7242,7324,7347,7216,7329],"class_list":{"0":"post-48314","1":"product","2":"type-product","3":"status-publish","4":"has-post-thumbnail","6":"product_cat-masking-tape-es","7":"product_cat-building-and-construction-products-cinta-adhesiva-de-proteccion-es","8":"product_cat-industrial-tapes-cinta-adhesiva-de-proteccion-es","9":"product_cat-industrial-tapes-es","10":"product_cat-cradle-to-cradle-products-es","11":"product_cat-sustainable-packaging-es","12":"product_cat-building-and-construction-products-es","13":"product_tag-cradle-to-cradle-certified-es","14":"product_tag-export-grade-es","15":"product_tag-residential-masking-es","16":"associated_application-aeroespacial-es","17":"associated_application-almacenamiento-de-aeronaves-es","18":"associated_application-aplicaciones-de-pintura-generales-es","19":"associated_application-climatizacion-es","20":"associated_application-comercio-electronico-es","21":"associated_application-construccion-es","22":"associated_application-dispositivos-es","23":"associated_application-edificios-construccion-es","24":"associated_application-edificios-y-construccion-es","25":"associated_application-enmascaramiento-es-transporte-es","26":"associated_application-enmascaramiento-es-mercado-de-recambios-de-automocion-es","27":"associated_application-fabricacion-general-es","28":"associated_application-mantenimiento-reparacion-y-operacion-mro-es","29":"associated_application-mercado-de-recambios-de-automocion-es","30":"associated_application-mudanzas-y-almacenamiento-es","31":"associated_application-naval-compuestos-es","32":"associated_application-pintura-es","33":"associated_application-procesamiento-de-alimentos-es","34":"associated_application-proteccion-contra-rayos-uv-es","35":"associated_application-proteccion-de-superficies-es-mudanzas-y-almacenamiento-es-2","36":"associated_application-proteccion-frente-a-rayos-uv-es","37":"associated_application-proteccion-multiuso-compuestos-es","38":"associated_application-proteccion-sujecion-es","39":"associated_application-transporte-es","40":"associated_application-uvenmascaradoexteriores-es","42":"first","43":"instock","44":"product-type-simple"},"acf":[],"yoast_head":"<!-- This site is optimized with the Yoast SEO Premium plugin v24.1 (Yoast SEO v27.0) - https:\/\/yoast.com\/product\/yoast-seo-premium-wordpress\/ -->\n<title>PT14 - IPG<\/title>\n<meta name=\"robots\" content=\"index, follow, max-snippet:-1, max-image-preview:large, max-video-preview:-1\" \/>\n<link rel=\"canonical\" href=\"https:\/\/www.itape.com\/product\/pt14\/\" \/>\n<meta property=\"og:locale\" content=\"es_ES\" \/>\n<meta property=\"og:type\" content=\"article\" \/>\n<meta property=\"og:title\" content=\"PT14\" \/>\n<meta property=\"og:description\" content=\"Cinta adhesiva azul de protecci\u00f3n sensible a la presi\u00f3n dise\u00f1ada para los pintores profesionales m\u00e1s exigentes. Con su fino revestimiento en papel crep\u00e9, permite realizar l\u00edneas \u00f3ptimas y recubrir esquinas, todo ello con una comodidad sin igual. Esta cinta para pintor se extrae sin residuos una vez transcurridos hasta 14 d\u00edas, incluso aunque est\u00e9 expuesta a la luz del sol y una humedad alta. Entre las aplicaciones t\u00edpicas se incluyen la protecci\u00f3n de madera en exteriores, superficies de vidrio y metal y aplicaciones de pintura navales. Incorpora la tecnolog\u00eda patentada de IPG Bloc-it\u00ae para hacer l\u00edneas n\u00edtidas para los siguientes tama\u00f1os: 18\u00a0mm, 24\u00a0mm, 36\u00a0mm, 48\u00a0mm.\" \/>\n<meta property=\"og:url\" content=\"https:\/\/www.itape.com\/product\/pt14\/\" \/>\n<meta property=\"og:site_name\" content=\"IPG\" \/>\n<meta property=\"article:publisher\" content=\"https:\/\/www.facebook.com\/intertape\" \/>\n<meta property=\"article:modified_time\" content=\"2023-10-20T20:06:25+00:00\" \/>\n<meta name=\"twitter:card\" content=\"summary_large_image\" \/>\n<meta name=\"twitter:image\" content=\"https:\/\/www.itape.com\/wp-content\/uploads\/pt14-blu-48mmx54.8m-shadow.jpg\" \/>\n<meta name=\"twitter:site\" content=\"@IPGtape\" \/>\n<meta name=\"twitter:label1\" content=\"Price\" \/>\n\t<meta name=\"twitter:data1\" content=\"\" \/>\n\t<meta name=\"twitter:label2\" content=\"Availability\" \/>\n\t<meta name=\"twitter:data2\" content=\"In stock\" \/>\n<script type=\"application\/ld+json\" class=\"yoast-schema-graph\">{\"@context\":\"https:\/\/schema.org\",\"@graph\":[{\"@type\":\"WebPage\",\"@id\":\"https:\/\/www.itape.com\/product\/pt14\/\",\"url\":\"https:\/\/www.itape.com\/product\/pt14\/\",\"name\":\"PT14 - IPG\",\"isPartOf\":{\"@id\":\"https:\/\/www.itape.com\/#website\"},\"primaryImageOfPage\":{\"@id\":\"https:\/\/www.itape.com\/product\/pt14\/#primaryimage\"},\"image\":{\"@id\":\"https:\/\/www.itape.com\/product\/pt14\/#primaryimage\"},\"thumbnailUrl\":\"https:\/\/www.itape.com\/wp-content\/uploads\/pt14-blu-48mmx54.8m-shadow.jpg\",\"datePublished\":\"2023-01-12T14:33:02+00:00\",\"dateModified\":\"2023-10-20T20:06:25+00:00\",\"breadcrumb\":{\"@id\":\"https:\/\/www.itape.com\/product\/pt14\/#breadcrumb\"},\"inLanguage\":\"es\",\"potentialAction\":[{\"@type\":\"ReadAction\",\"target\":[\"https:\/\/www.itape.com\/product\/pt14\/\"]}]},{\"@type\":\"ImageObject\",\"inLanguage\":\"es\",\"@id\":\"https:\/\/www.itape.com\/product\/pt14\/#primaryimage\",\"url\":\"https:\/\/www.itape.com\/wp-content\/uploads\/pt14-blu-48mmx54.8m-shadow.jpg\",\"contentUrl\":\"https:\/\/www.itape.com\/wp-content\/uploads\/pt14-blu-48mmx54.8m-shadow.jpg\",\"width\":2400,\"height\":2400,\"caption\":\"PT14__Masking\"},{\"@type\":\"BreadcrumbList\",\"@id\":\"https:\/\/www.itape.com\/product\/pt14\/#breadcrumb\",\"itemListElement\":[{\"@type\":\"ListItem\",\"position\":1,\"name\":\"Home\",\"item\":\"https:\/\/www.itape.com\/es\/\"},{\"@type\":\"ListItem\",\"position\":2,\"name\":\"Products\",\"item\":\"https:\/\/www.itape.com\/products\/\"},{\"@type\":\"ListItem\",\"position\":3,\"name\":\"PT14\"}]},{\"@type\":\"WebSite\",\"@id\":\"https:\/\/www.itape.com\/#website\",\"url\":\"https:\/\/www.itape.com\/\",\"name\":\"IPG\",\"description\":\"Global Leader in Packaging and Protective Solutions\",\"publisher\":{\"@id\":\"https:\/\/www.itape.com\/#organization\"},\"potentialAction\":[{\"@type\":\"SearchAction\",\"target\":{\"@type\":\"EntryPoint\",\"urlTemplate\":\"https:\/\/www.itape.com\/?s={search_term_string}\"},\"query-input\":{\"@type\":\"PropertyValueSpecification\",\"valueRequired\":true,\"valueName\":\"search_term_string\"}}],\"inLanguage\":\"es\"},{\"@type\":\"Organization\",\"@id\":\"https:\/\/www.itape.com\/#organization\",\"name\":\"IPG\",\"url\":\"https:\/\/www.itape.com\/\",\"logo\":{\"@type\":\"ImageObject\",\"inLanguage\":\"es\",\"@id\":\"https:\/\/www.itape.com\/#\/schema\/logo\/image\/\",\"url\":\"https:\/\/www.itape.com\/wp-content\/uploads\/2024\/06\/IPG-logo-2.png\",\"contentUrl\":\"https:\/\/www.itape.com\/wp-content\/uploads\/2024\/06\/IPG-logo-2.png\",\"width\":60,\"height\":60,\"caption\":\"IPG\"},\"image\":{\"@id\":\"https:\/\/www.itape.com\/#\/schema\/logo\/image\/\"},\"sameAs\":[\"https:\/\/www.facebook.com\/intertape\",\"https:\/\/x.com\/IPGtape\",\"https:\/\/www.linkedin.com\/company\/intertape-polymer-group\",\"https:\/\/www.instagram.com\/ipgtape\",\"https:\/\/www.youtube.com\/user\/IPGtape\"]}]}<\/script>\n<meta property=\"product:price:currency\" content=\"USD\" \/>\n<meta property=\"og:availability\" content=\"instock\" \/>\n<meta property=\"product:availability\" content=\"instock\" \/>\n<meta property=\"product:retailer_item_id\" content=\"f56f876c0eea\" \/>\n<meta property=\"product:condition\" content=\"new\" \/>\n<!-- \/ Yoast SEO Premium plugin. -->","yoast_head_json":{"title":"PT14 - IPG","robots":{"index":"index","follow":"follow","max-snippet":"max-snippet:-1","max-image-preview":"max-image-preview:large","max-video-preview":"max-video-preview:-1"},"canonical":"https:\/\/www.itape.com\/product\/pt14\/","og_locale":"es_ES","og_type":"article","og_title":"PT14","og_description":"Cinta adhesiva azul de protecci\u00f3n sensible a la presi\u00f3n dise\u00f1ada para los pintores profesionales m\u00e1s exigentes. Con su fino revestimiento en papel crep\u00e9, permite realizar l\u00edneas \u00f3ptimas y recubrir esquinas, todo ello con una comodidad sin igual. Esta cinta para pintor se extrae sin residuos una vez transcurridos hasta 14 d\u00edas, incluso aunque est\u00e9 expuesta a la luz del sol y una humedad alta. Entre las aplicaciones t\u00edpicas se incluyen la protecci\u00f3n de madera en exteriores, superficies de vidrio y metal y aplicaciones de pintura navales. Incorpora la tecnolog\u00eda patentada de IPG Bloc-it\u00ae para hacer l\u00edneas n\u00edtidas para los siguientes tama\u00f1os: 18\u00a0mm, 24\u00a0mm, 36\u00a0mm, 48\u00a0mm.","og_url":"https:\/\/www.itape.com\/product\/pt14\/","og_site_name":"IPG","article_publisher":"https:\/\/www.facebook.com\/intertape","article_modified_time":"2023-10-20T20:06:25+00:00","twitter_card":"summary_large_image","twitter_image":"https:\/\/www.itape.com\/wp-content\/uploads\/pt14-blu-48mmx54.8m-shadow.jpg","twitter_site":"@IPGtape","twitter_misc":{"Price":"","Availability":"In stock"},"schema":{"@context":"https:\/\/schema.org","@graph":[{"@type":"WebPage","@id":"https:\/\/www.itape.com\/product\/pt14\/","url":"https:\/\/www.itape.com\/product\/pt14\/","name":"PT14 - IPG","isPartOf":{"@id":"https:\/\/www.itape.com\/#website"},"primaryImageOfPage":{"@id":"https:\/\/www.itape.com\/product\/pt14\/#primaryimage"},"image":{"@id":"https:\/\/www.itape.com\/product\/pt14\/#primaryimage"},"thumbnailUrl":"https:\/\/www.itape.com\/wp-content\/uploads\/pt14-blu-48mmx54.8m-shadow.jpg","datePublished":"2023-01-12T14:33:02+00:00","dateModified":"2023-10-20T20:06:25+00:00","breadcrumb":{"@id":"https:\/\/www.itape.com\/product\/pt14\/#breadcrumb"},"inLanguage":"es","potentialAction":[{"@type":"ReadAction","target":["https:\/\/www.itape.com\/product\/pt14\/"]}]},{"@type":"ImageObject","inLanguage":"es","@id":"https:\/\/www.itape.com\/product\/pt14\/#primaryimage","url":"https:\/\/www.itape.com\/wp-content\/uploads\/pt14-blu-48mmx54.8m-shadow.jpg","contentUrl":"https:\/\/www.itape.com\/wp-content\/uploads\/pt14-blu-48mmx54.8m-shadow.jpg","width":2400,"height":2400,"caption":"PT14__Masking"},{"@type":"BreadcrumbList","@id":"https:\/\/www.itape.com\/product\/pt14\/#breadcrumb","itemListElement":[{"@type":"ListItem","position":1,"name":"Home","item":"https:\/\/www.itape.com\/es\/"},{"@type":"ListItem","position":2,"name":"Products","item":"https:\/\/www.itape.com\/products\/"},{"@type":"ListItem","position":3,"name":"PT14"}]},{"@type":"WebSite","@id":"https:\/\/www.itape.com\/#website","url":"https:\/\/www.itape.com\/","name":"IPG","description":"Global Leader in Packaging and Protective Solutions","publisher":{"@id":"https:\/\/www.itape.com\/#organization"},"potentialAction":[{"@type":"SearchAction","target":{"@type":"EntryPoint","urlTemplate":"https:\/\/www.itape.com\/?s={search_term_string}"},"query-input":{"@type":"PropertyValueSpecification","valueRequired":true,"valueName":"search_term_string"}}],"inLanguage":"es"},{"@type":"Organization","@id":"https:\/\/www.itape.com\/#organization","name":"IPG","url":"https:\/\/www.itape.com\/","logo":{"@type":"ImageObject","inLanguage":"es","@id":"https:\/\/www.itape.com\/#\/schema\/logo\/image\/","url":"https:\/\/www.itape.com\/wp-content\/uploads\/2024\/06\/IPG-logo-2.png","contentUrl":"https:\/\/www.itape.com\/wp-content\/uploads\/2024\/06\/IPG-logo-2.png","width":60,"height":60,"caption":"IPG"},"image":{"@id":"https:\/\/www.itape.com\/#\/schema\/logo\/image\/"},"sameAs":["https:\/\/www.facebook.com\/intertape","https:\/\/x.com\/IPGtape","https:\/\/www.linkedin.com\/company\/intertape-polymer-group","https:\/\/www.instagram.com\/ipgtape","https:\/\/www.youtube.com\/user\/IPGtape"]}]},"product_price_currency":"USD","og_availability":"instock","product_availability":"instock","product_retailer_item_id":"f56f876c0eea","product_condition":"new"},"parsely":{"version":"1.1.0","canonical_url":"https:\/\/itape.com\/es\/product\/pt14-es\/","smart_links":{"inbound":0,"outbound":0},"traffic_boost_suggestions_count":0,"meta":{"@context":"https:\/\/schema.org","@type":"WebPage","headline":"PT14","url":"https:\/\/www.itape.com\/es\/product\/pt14-es\/","mainEntityOfPage":{"@type":"WebPage","@id":"https:\/\/www.itape.com\/es\/product\/pt14-es\/"},"thumbnailUrl":"https:\/\/www.itape.com\/wp-content\/uploads\/pt14-blu-48mmx54.8m-shadow.jpg?w=150&h=150&crop=1","image":{"@type":"ImageObject","url":"https:\/\/www.itape.com\/wp-content\/uploads\/pt14-blu-48mmx54.8m-shadow.jpg"},"articleSection":"Sin categorizar","author":[{"@type":"Person","name":"IPG"}],"creator":["IPG"],"publisher":{"@type":"Organization","name":"IPG","logo":"https:\/\/www.itape.com\/wp-content\/uploads\/2023\/03\/IPG-logo-2.png"},"keywords":[],"dateCreated":"2023-01-12T14:33:02Z","datePublished":"2023-01-12T14:33:02Z","dateModified":"2023-10-20T20:06:25Z"},"rendered":"<meta name=\"parsely-title\" content=\"PT14\" \/>\n<meta name=\"parsely-link\" content=\"https:\/\/www.itape.com\/es\/product\/pt14-es\/\" \/>\n<meta name=\"parsely-type\" content=\"index\" \/>\n<meta name=\"parsely-image-url\" content=\"https:\/\/www.itape.com\/wp-content\/uploads\/pt14-blu-48mmx54.8m-shadow.jpg?w=150&amp;h=150&amp;crop=1\" \/>\n<meta name=\"parsely-pub-date\" content=\"2023-01-12T14:33:02Z\" \/>\n<meta name=\"parsely-section\" content=\"Sin categorizar\" \/>\n<meta name=\"parsely-author\" content=\"IPG\" \/>","tracker_url":"https:\/\/cdn.parsely.com\/keys\/itape.com\/p.js"},"jetpack_sharing_enabled":true,"_links":{"self":[{"href":"https:\/\/www.itape.com\/es\/wp-json\/wp\/v2\/product\/48314","targetHints":{"allow":["GET"]}}],"collection":[{"href":"https:\/\/www.itape.com\/es\/wp-json\/wp\/v2\/product"}],"about":[{"href":"https:\/\/www.itape.com\/es\/wp-json\/wp\/v2\/types\/product"}],"replies":[{"embeddable":true,"href":"https:\/\/www.itape.com\/es\/wp-json\/wp\/v2\/comments?post=48314"}],"wp:featuredmedia":[{"embeddable":true,"href":"https:\/\/www.itape.com\/es\/wp-json\/wp\/v2\/media\/52342"}],"wp:attachment":[{"href":"https:\/\/www.itape.com\/es\/wp-json\/wp\/v2\/media?parent=48314"}],"wp:term":[{"taxonomy":"product_brand","embeddable":true,"href":"https:\/\/www.itape.com\/es\/wp-json\/wp\/v2\/product_brand?post=48314"},{"taxonomy":"product_cat","embeddable":true,"href":"https:\/\/www.itape.com\/es\/wp-json\/wp\/v2\/product_cat?post=48314"},{"taxonomy":"product_tag","embeddable":true,"href":"https:\/\/www.itape.com\/es\/wp-json\/wp\/v2\/product_tag?post=48314"},{"taxonomy":"associated_application","embeddable":true,"href":"https:\/\/www.itape.com\/es\/wp-json\/wp\/v2\/associated_application?post=48314"}],"curies":[{"name":"wp","href":"https:\/\/api.w.org\/{rel}","templated":true}]}}