{"id":48329,"date":"2023-01-12T14:33:13","date_gmt":"2023-01-12T14:33:13","guid":{"rendered":"https:\/\/www.itape.com\/product\/novashield-ru88x-6-fr-400-series-es\/"},"modified":"2023-07-24T13:37:52","modified_gmt":"2023-07-24T13:37:52","slug":"novashield-ru88x-6-fr-400-series-es","status":"publish","type":"product","link":"https:\/\/www.itape.com\/es\/product\/novashield-ru88x-6-fr-400-series-es\/","title":{"rendered":"NovaShield RU88X-6 FR 400 Series"},"content":{"rendered":"<div class=\"prose\">Recubrimientos ign\u00edfugos. Tela de estructura de membrana NovaShield\u2122 con revestimiento ign\u00edfugo y con ArmorKote\u2122 para ofrecer una resistencia superior a la abrasi\u00f3n. Dise\u00f1ada para una exposici\u00f3n prolongada a los rayos UV. Resulta perfecta para almacenes e instalaciones de fabricaci\u00f3n, almacenamiento naval y el sector minero. Disponible en blanco y en diversos colores. Garant\u00eda limitada de 10 a\u00f1os.<\/div>\n","protected":false},"excerpt":{"rendered":"<p>Recubrimientos ign\u00edfugos. Tela de estructura de membrana NovaShield\u2122 con revestimiento ign\u00edfugo y con ArmorKote\u2122 para ofrecer una resistencia superior a la abrasi\u00f3n. Dise\u00f1ada para una exposici\u00f3n prolongada a los rayos UV. Resulta perfecta para almacenes e instalaciones de fabricaci\u00f3n, almacenamiento naval y el sector minero. Disponible en blanco y en diversos colores. Garant\u00eda limitada de 10 a\u00f1os.<\/p>\n","protected":false},"featured_media":78392,"comment_status":"closed","ping_status":"closed","template":"","meta":{"_acf_changed":false},"product_brand":[],"product_cat":[8267,7844,7839,7868],"product_tag":[7454,8264],"associated_application":[7333,7526,7313,7338,7203,7212,7335,7337,7336,7215],"class_list":{"0":"post-48329","1":"product","2":"type-product","3":"status-publish","4":"has-post-thumbnail","6":"product_cat-cradle-to-cradle-products-es","7":"product_cat-sustainable-packaging-es","8":"product_cat-engineered-coated-products-es","9":"product_cat-engineered-coated-products-tela-de-estructura-de-membrana-es","10":"product_tag-agente-ignifugo-es","11":"product_tag-cradle-to-cradle-certified-es","12":"associated_application-agricola-es","13":"associated_application-almacenamiento-es-4","14":"associated_application-estructuras-de-almacenamiento-temporales-es","15":"associated_application-gestion-de-sombras-es","16":"associated_application-mercado-de-recambios-de-automocion-es","17":"associated_application-mudanzas-y-almacenamiento-es","18":"associated_application-municipal-es","19":"associated_application-ocio-es","20":"associated_application-petroleo-gas-mineria-es","21":"associated_application-soluciones-de-telas-de-estructura-es","23":"first","24":"instock","25":"product-type-simple"},"acf":[],"yoast_head":"<!-- This site is optimized with the Yoast SEO Premium plugin v24.1 (Yoast SEO v27.0) - https:\/\/yoast.com\/product\/yoast-seo-premium-wordpress\/ -->\n<title>NovaShield RU88X-6 FR 400 Series - IPG<\/title>\n<meta name=\"robots\" content=\"index, follow, max-snippet:-1, max-image-preview:large, max-video-preview:-1\" \/>\n<link rel=\"canonical\" href=\"https:\/\/www.itape.com\/es\/product\/novashield-ru88x-6-fr-400-series-es\/\" \/>\n<meta property=\"og:locale\" content=\"es_ES\" \/>\n<meta property=\"og:type\" content=\"article\" \/>\n<meta property=\"og:title\" content=\"NovaShield RU88X-6 FR 400 Series\" \/>\n<meta property=\"og:description\" content=\"Recubrimientos ign\u00edfugos. Tela de estructura de membrana NovaShield\u2122 con revestimiento ign\u00edfugo y con ArmorKote\u2122 para ofrecer una resistencia superior a la abrasi\u00f3n. Dise\u00f1ada para una exposici\u00f3n prolongada a los rayos UV. Resulta perfecta para almacenes e instalaciones de fabricaci\u00f3n, almacenamiento naval y el sector minero. Disponible en blanco y en diversos colores. Garant\u00eda limitada de 10 a\u00f1os.\" \/>\n<meta property=\"og:url\" content=\"https:\/\/www.itape.com\/es\/product\/novashield-ru88x-6-fr-400-series-es\/\" \/>\n<meta property=\"og:site_name\" content=\"IPG\" \/>\n<meta property=\"article:publisher\" content=\"https:\/\/www.facebook.com\/intertape\" \/>\n<meta property=\"article:modified_time\" content=\"2023-07-24T13:37:52+00:00\" \/>\n<meta property=\"og:image\" content=\"https:\/\/www.itape.com\/wp-content\/uploads\/2023\/01\/RU88X-6_FR_400_SERIES.jpg\" \/>\n\t<meta property=\"og:image:width\" content=\"240\" \/>\n\t<meta property=\"og:image:height\" content=\"240\" \/>\n\t<meta property=\"og:image:type\" content=\"image\/jpeg\" \/>\n<meta name=\"twitter:card\" content=\"summary_large_image\" \/>\n<meta name=\"twitter:site\" content=\"@IPGtape\" \/>\n<meta name=\"twitter:label1\" content=\"Price\" \/>\n\t<meta name=\"twitter:data1\" content=\"\" \/>\n\t<meta name=\"twitter:label2\" content=\"Availability\" \/>\n\t<meta name=\"twitter:data2\" content=\"In stock\" \/>\n<script type=\"application\/ld+json\" class=\"yoast-schema-graph\">{\"@context\":\"https:\/\/schema.org\",\"@graph\":[{\"@type\":\"WebPage\",\"@id\":\"https:\/\/www.itape.com\/es\/product\/novashield-ru88x-6-fr-400-series-es\/\",\"url\":\"https:\/\/www.itape.com\/es\/product\/novashield-ru88x-6-fr-400-series-es\/\",\"name\":\"NovaShield RU88X-6 FR 400 Series - IPG\",\"isPartOf\":{\"@id\":\"https:\/\/www.itape.com\/#website\"},\"primaryImageOfPage\":{\"@id\":\"https:\/\/www.itape.com\/es\/product\/novashield-ru88x-6-fr-400-series-es\/#primaryimage\"},\"image\":{\"@id\":\"https:\/\/www.itape.com\/es\/product\/novashield-ru88x-6-fr-400-series-es\/#primaryimage\"},\"thumbnailUrl\":\"https:\/\/www.itape.com\/wp-content\/uploads\/2023\/01\/ecp-products\/fru88x-6-product-colors.jpg\",\"datePublished\":\"2023-01-12T14:33:13+00:00\",\"dateModified\":\"2023-07-24T13:37:52+00:00\",\"breadcrumb\":{\"@id\":\"https:\/\/www.itape.com\/es\/product\/novashield-ru88x-6-fr-400-series-es\/#breadcrumb\"},\"inLanguage\":\"es\",\"potentialAction\":[{\"@type\":\"ReadAction\",\"target\":[\"https:\/\/www.itape.com\/es\/product\/novashield-ru88x-6-fr-400-series-es\/\"]}]},{\"@type\":\"ImageObject\",\"inLanguage\":\"es\",\"@id\":\"https:\/\/www.itape.com\/es\/product\/novashield-ru88x-6-fr-400-series-es\/#primaryimage\",\"url\":\"https:\/\/www.itape.com\/wp-content\/uploads\/2023\/01\/ecp-products\/fru88x-6-product-colors.jpg\",\"contentUrl\":\"https:\/\/www.itape.com\/wp-content\/uploads\/2023\/01\/ecp-products\/fru88x-6-product-colors.jpg\",\"width\":2400,\"height\":2400,\"caption\":\"NovaShield 400 FRU \u2013 RU88X-6(FR)\"},{\"@type\":\"BreadcrumbList\",\"@id\":\"https:\/\/www.itape.com\/es\/product\/novashield-ru88x-6-fr-400-series-es\/#breadcrumb\",\"itemListElement\":[{\"@type\":\"ListItem\",\"position\":1,\"name\":\"Home\",\"item\":\"https:\/\/www.itape.com\/es\/\"},{\"@type\":\"ListItem\",\"position\":2,\"name\":\"Products\",\"item\":\"https:\/\/www.itape.com\/products\/\"},{\"@type\":\"ListItem\",\"position\":3,\"name\":\"NovaShield RU88X-6 FR 400 Series\"}]},{\"@type\":\"WebSite\",\"@id\":\"https:\/\/www.itape.com\/#website\",\"url\":\"https:\/\/www.itape.com\/\",\"name\":\"IPG\",\"description\":\"Global Leader in Packaging and Protective Solutions\",\"publisher\":{\"@id\":\"https:\/\/www.itape.com\/#organization\"},\"potentialAction\":[{\"@type\":\"SearchAction\",\"target\":{\"@type\":\"EntryPoint\",\"urlTemplate\":\"https:\/\/www.itape.com\/?s={search_term_string}\"},\"query-input\":{\"@type\":\"PropertyValueSpecification\",\"valueRequired\":true,\"valueName\":\"search_term_string\"}}],\"inLanguage\":\"es\"},{\"@type\":\"Organization\",\"@id\":\"https:\/\/www.itape.com\/#organization\",\"name\":\"IPG\",\"url\":\"https:\/\/www.itape.com\/\",\"logo\":{\"@type\":\"ImageObject\",\"inLanguage\":\"es\",\"@id\":\"https:\/\/www.itape.com\/#\/schema\/logo\/image\/\",\"url\":\"https:\/\/www.itape.com\/wp-content\/uploads\/2024\/06\/IPG-logo-2.png\",\"contentUrl\":\"https:\/\/www.itape.com\/wp-content\/uploads\/2024\/06\/IPG-logo-2.png\",\"width\":60,\"height\":60,\"caption\":\"IPG\"},\"image\":{\"@id\":\"https:\/\/www.itape.com\/#\/schema\/logo\/image\/\"},\"sameAs\":[\"https:\/\/www.facebook.com\/intertape\",\"https:\/\/x.com\/IPGtape\",\"https:\/\/www.linkedin.com\/company\/intertape-polymer-group\",\"https:\/\/www.instagram.com\/ipgtape\",\"https:\/\/www.youtube.com\/user\/IPGtape\"]}]}<\/script>\n<meta property=\"product:price:currency\" content=\"USD\" \/>\n<meta property=\"og:availability\" content=\"instock\" \/>\n<meta property=\"product:availability\" content=\"instock\" \/>\n<meta property=\"product:retailer_item_id\" content=\"b1934ac49b02\" \/>\n<meta property=\"product:condition\" content=\"new\" \/>\n<!-- \/ Yoast SEO Premium plugin. -->","yoast_head_json":{"title":"NovaShield RU88X-6 FR 400 Series - IPG","robots":{"index":"index","follow":"follow","max-snippet":"max-snippet:-1","max-image-preview":"max-image-preview:large","max-video-preview":"max-video-preview:-1"},"canonical":"https:\/\/www.itape.com\/es\/product\/novashield-ru88x-6-fr-400-series-es\/","og_locale":"es_ES","og_type":"article","og_title":"NovaShield RU88X-6 FR 400 Series","og_description":"Recubrimientos ign\u00edfugos. Tela de estructura de membrana NovaShield\u2122 con revestimiento ign\u00edfugo y con ArmorKote\u2122 para ofrecer una resistencia superior a la abrasi\u00f3n. Dise\u00f1ada para una exposici\u00f3n prolongada a los rayos UV. Resulta perfecta para almacenes e instalaciones de fabricaci\u00f3n, almacenamiento naval y el sector minero. Disponible en blanco y en diversos colores. Garant\u00eda limitada de 10 a\u00f1os.","og_url":"https:\/\/www.itape.com\/es\/product\/novashield-ru88x-6-fr-400-series-es\/","og_site_name":"IPG","article_publisher":"https:\/\/www.facebook.com\/intertape","article_modified_time":"2023-07-24T13:37:52+00:00","og_image":[{"width":240,"height":240,"url":"https:\/\/www.itape.com\/wp-content\/uploads\/2023\/01\/RU88X-6_FR_400_SERIES.jpg","type":"image\/jpeg"}],"twitter_card":"summary_large_image","twitter_site":"@IPGtape","twitter_misc":{"Price":"","Availability":"In stock"},"schema":{"@context":"https:\/\/schema.org","@graph":[{"@type":"WebPage","@id":"https:\/\/www.itape.com\/es\/product\/novashield-ru88x-6-fr-400-series-es\/","url":"https:\/\/www.itape.com\/es\/product\/novashield-ru88x-6-fr-400-series-es\/","name":"NovaShield RU88X-6 FR 400 Series - IPG","isPartOf":{"@id":"https:\/\/www.itape.com\/#website"},"primaryImageOfPage":{"@id":"https:\/\/www.itape.com\/es\/product\/novashield-ru88x-6-fr-400-series-es\/#primaryimage"},"image":{"@id":"https:\/\/www.itape.com\/es\/product\/novashield-ru88x-6-fr-400-series-es\/#primaryimage"},"thumbnailUrl":"https:\/\/www.itape.com\/wp-content\/uploads\/2023\/01\/ecp-products\/fru88x-6-product-colors.jpg","datePublished":"2023-01-12T14:33:13+00:00","dateModified":"2023-07-24T13:37:52+00:00","breadcrumb":{"@id":"https:\/\/www.itape.com\/es\/product\/novashield-ru88x-6-fr-400-series-es\/#breadcrumb"},"inLanguage":"es","potentialAction":[{"@type":"ReadAction","target":["https:\/\/www.itape.com\/es\/product\/novashield-ru88x-6-fr-400-series-es\/"]}]},{"@type":"ImageObject","inLanguage":"es","@id":"https:\/\/www.itape.com\/es\/product\/novashield-ru88x-6-fr-400-series-es\/#primaryimage","url":"https:\/\/www.itape.com\/wp-content\/uploads\/2023\/01\/ecp-products\/fru88x-6-product-colors.jpg","contentUrl":"https:\/\/www.itape.com\/wp-content\/uploads\/2023\/01\/ecp-products\/fru88x-6-product-colors.jpg","width":2400,"height":2400,"caption":"NovaShield 400 FRU \u2013 RU88X-6(FR)"},{"@type":"BreadcrumbList","@id":"https:\/\/www.itape.com\/es\/product\/novashield-ru88x-6-fr-400-series-es\/#breadcrumb","itemListElement":[{"@type":"ListItem","position":1,"name":"Home","item":"https:\/\/www.itape.com\/es\/"},{"@type":"ListItem","position":2,"name":"Products","item":"https:\/\/www.itape.com\/products\/"},{"@type":"ListItem","position":3,"name":"NovaShield RU88X-6 FR 400 Series"}]},{"@type":"WebSite","@id":"https:\/\/www.itape.com\/#website","url":"https:\/\/www.itape.com\/","name":"IPG","description":"Global Leader in Packaging and Protective Solutions","publisher":{"@id":"https:\/\/www.itape.com\/#organization"},"potentialAction":[{"@type":"SearchAction","target":{"@type":"EntryPoint","urlTemplate":"https:\/\/www.itape.com\/?s={search_term_string}"},"query-input":{"@type":"PropertyValueSpecification","valueRequired":true,"valueName":"search_term_string"}}],"inLanguage":"es"},{"@type":"Organization","@id":"https:\/\/www.itape.com\/#organization","name":"IPG","url":"https:\/\/www.itape.com\/","logo":{"@type":"ImageObject","inLanguage":"es","@id":"https:\/\/www.itape.com\/#\/schema\/logo\/image\/","url":"https:\/\/www.itape.com\/wp-content\/uploads\/2024\/06\/IPG-logo-2.png","contentUrl":"https:\/\/www.itape.com\/wp-content\/uploads\/2024\/06\/IPG-logo-2.png","width":60,"height":60,"caption":"IPG"},"image":{"@id":"https:\/\/www.itape.com\/#\/schema\/logo\/image\/"},"sameAs":["https:\/\/www.facebook.com\/intertape","https:\/\/x.com\/IPGtape","https:\/\/www.linkedin.com\/company\/intertape-polymer-group","https:\/\/www.instagram.com\/ipgtape","https:\/\/www.youtube.com\/user\/IPGtape"]}]},"product_price_currency":"USD","og_availability":"instock","product_availability":"instock","product_retailer_item_id":"b1934ac49b02","product_condition":"new"},"parsely":{"version":"1.1.0","canonical_url":"https:\/\/itape.com\/es\/product\/novashield-ru88x-6-fr-400-series-es\/","smart_links":{"inbound":0,"outbound":0},"traffic_boost_suggestions_count":0,"meta":{"@context":"https:\/\/schema.org","@type":"WebPage","headline":"NovaShield RU88X-6 FR 400 Series","url":"https:\/\/www.itape.com\/es\/product\/novashield-ru88x-6-fr-400-series-es\/","mainEntityOfPage":{"@type":"WebPage","@id":"https:\/\/www.itape.com\/es\/product\/novashield-ru88x-6-fr-400-series-es\/"},"thumbnailUrl":"https:\/\/www.itape.com\/wp-content\/uploads\/2023\/01\/ecp-products\/fru88x-6-product-colors.jpg?w=150&h=150&crop=1","image":{"@type":"ImageObject","url":"https:\/\/www.itape.com\/wp-content\/uploads\/2023\/01\/ecp-products\/fru88x-6-product-colors.jpg"},"articleSection":"Sin categorizar","author":[{"@type":"Person","name":"IPG"}],"creator":["IPG"],"publisher":{"@type":"Organization","name":"IPG","logo":"https:\/\/www.itape.com\/wp-content\/uploads\/2023\/03\/IPG-logo-2.png"},"keywords":[],"dateCreated":"2023-01-12T14:33:13Z","datePublished":"2023-01-12T14:33:13Z","dateModified":"2023-07-24T13:37:52Z"},"rendered":"<meta name=\"parsely-title\" content=\"NovaShield RU88X-6 FR 400 Series\" \/>\n<meta name=\"parsely-link\" content=\"https:\/\/www.itape.com\/es\/product\/novashield-ru88x-6-fr-400-series-es\/\" \/>\n<meta name=\"parsely-type\" content=\"index\" \/>\n<meta name=\"parsely-image-url\" content=\"https:\/\/www.itape.com\/wp-content\/uploads\/2023\/01\/ecp-products\/fru88x-6-product-colors.jpg?w=150&amp;h=150&amp;crop=1\" \/>\n<meta name=\"parsely-pub-date\" content=\"2023-01-12T14:33:13Z\" \/>\n<meta name=\"parsely-section\" content=\"Sin categorizar\" \/>\n<meta name=\"parsely-author\" content=\"IPG\" \/>","tracker_url":"https:\/\/cdn.parsely.com\/keys\/itape.com\/p.js"},"jetpack_sharing_enabled":true,"_links":{"self":[{"href":"https:\/\/www.itape.com\/es\/wp-json\/wp\/v2\/product\/48329","targetHints":{"allow":["GET"]}}],"collection":[{"href":"https:\/\/www.itape.com\/es\/wp-json\/wp\/v2\/product"}],"about":[{"href":"https:\/\/www.itape.com\/es\/wp-json\/wp\/v2\/types\/product"}],"replies":[{"embeddable":true,"href":"https:\/\/www.itape.com\/es\/wp-json\/wp\/v2\/comments?post=48329"}],"wp:featuredmedia":[{"embeddable":true,"href":"https:\/\/www.itape.com\/es\/wp-json\/wp\/v2\/media\/78392"}],"wp:attachment":[{"href":"https:\/\/www.itape.com\/es\/wp-json\/wp\/v2\/media?parent=48329"}],"wp:term":[{"taxonomy":"product_brand","embeddable":true,"href":"https:\/\/www.itape.com\/es\/wp-json\/wp\/v2\/product_brand?post=48329"},{"taxonomy":"product_cat","embeddable":true,"href":"https:\/\/www.itape.com\/es\/wp-json\/wp\/v2\/product_cat?post=48329"},{"taxonomy":"product_tag","embeddable":true,"href":"https:\/\/www.itape.com\/es\/wp-json\/wp\/v2\/product_tag?post=48329"},{"taxonomy":"associated_application","embeddable":true,"href":"https:\/\/www.itape.com\/es\/wp-json\/wp\/v2\/associated_application?post=48329"}],"curies":[{"name":"wp","href":"https:\/\/api.w.org\/{rel}","templated":true}]}}