{"id":48343,"date":"2023-01-12T14:33:19","date_gmt":"2023-01-12T14:33:19","guid":{"rendered":"https:\/\/www.itape.com\/product\/pe8-es\/"},"modified":"2023-04-05T16:58:51","modified_gmt":"2023-04-05T16:58:51","slug":"pe8-es","status":"publish","type":"product","link":"https:\/\/www.itape.com\/es\/product\/pe8-es\/","title":{"rendered":"PE8"},"content":{"rendered":"","protected":false},"excerpt":{"rendered":"<p>Cinta de conservaci\u00f3n: revestimiento de polietileno (PE) duradera y resistente a la humedad con un adhesivo basado en caucho sensible a la presi\u00f3n. Buena adhesi\u00f3n a diversas superficies. Extracci\u00f3n limpia de una amplia variedad de superficies recubiertas con gelcoat. Se ha dise\u00f1ado para ofrecer un alto grado de comodidad sin una extensi\u00f3n excesiva. El soporte m\u00e1s r\u00edgido facilita la manipulaci\u00f3n en determinadas aplicaciones. Resistente a los rayos UV hasta seis (6) meses, en funci\u00f3n de las condiciones y superficies. Para reparaci\u00f3n, sellado, uni\u00f3n y empaquetamiento. Para empalmes y protecci\u00f3n de superficies.<\/p>\n","protected":false},"featured_media":61173,"comment_status":"closed","ping_status":"closed","template":"","meta":{"_acf_changed":false},"product_brand":[],"product_cat":[7366,7857,7877,7840,8267,7844,7837],"product_tag":[7459,8264],"associated_application":[7201,7217,7340,7341,7344,7323,7225,7225,7205,7330,7342,7210,7212,7214,7346,7311,7328,7347,7248,7216,7329],"class_list":{"0":"post-48343","1":"product","2":"type-product","3":"status-publish","4":"has-post-thumbnail","6":"product_cat-polyethylene-tape-es","7":"product_cat-building-and-construction-products-cinta-de-polietileno-es","8":"product_cat-industrial-tapes-cinta-de-polietileno-es","9":"product_cat-industrial-tapes-es","10":"product_cat-cradle-to-cradle-products-es","11":"product_cat-sustainable-packaging-es","12":"product_cat-building-and-construction-products-es","13":"product_tag-pe-preservation-tape-es","14":"product_tag-cradle-to-cradle-certified-es","15":"associated_application-aeroespacial-es","16":"associated_application-almacenamiento-de-aeronaves-es","17":"associated_application-almacenamiento-de-piezas-sensibles-transporte-es","18":"associated_application-aplicaciones-de-pintura-generales-es","19":"associated_application-aplicaciones-generales-es-transporte-es-2","20":"associated_application-aplicaciones-generales-es","21":"associated_application-boeing-es","23":"associated_application-consumidor-es","24":"associated_application-edificios-y-construccion-es","25":"associated_application-enmascaramiento-es-transporte-es","26":"associated_application-fabricacion-general-es","27":"associated_application-mudanzas-y-almacenamiento-es","28":"associated_application-naval-compuestos-es","29":"associated_application-proteccion-contra-rayos-uv-es","30":"associated_application-proteccion-de-superficies-es-mudanzas-y-almacenamiento-es-2","31":"associated_application-proteccion-de-superficies-es-2","32":"associated_application-proteccion-sujecion-es","33":"associated_application-soluciones-generales-para-emplazamientos-de-construccion-es","34":"associated_application-transporte-es","35":"associated_application-uvenmascaradoexteriores-es","37":"first","38":"instock","39":"product-type-simple"},"acf":[],"yoast_head":"<!-- This site is optimized with the Yoast SEO Premium plugin v24.1 (Yoast SEO v27.0) - https:\/\/yoast.com\/product\/yoast-seo-premium-wordpress\/ -->\n<title>PE8 - IPG<\/title>\n<meta name=\"robots\" content=\"index, follow, max-snippet:-1, max-image-preview:large, max-video-preview:-1\" \/>\n<link rel=\"canonical\" href=\"https:\/\/www.itape.com\/es\/product\/pe8-es\/\" \/>\n<meta property=\"og:locale\" content=\"es_ES\" \/>\n<meta property=\"og:type\" content=\"article\" \/>\n<meta property=\"og:title\" content=\"PE8\" \/>\n<meta property=\"og:description\" content=\"Cinta de conservaci\u00f3n: revestimiento de polietileno (PE) duradera y resistente a la humedad con un adhesivo basado en caucho sensible a la presi\u00f3n. Buena adhesi\u00f3n a diversas superficies. Extracci\u00f3n limpia de una amplia variedad de superficies recubiertas con gelcoat. Se ha dise\u00f1ado para ofrecer un alto grado de comodidad sin una extensi\u00f3n excesiva. El soporte m\u00e1s r\u00edgido facilita la manipulaci\u00f3n en determinadas aplicaciones. Resistente a los rayos UV hasta seis (6) meses, en funci\u00f3n de las condiciones y superficies. Para reparaci\u00f3n, sellado, uni\u00f3n y empaquetamiento. Para empalmes y protecci\u00f3n de superficies.\" \/>\n<meta property=\"og:url\" content=\"https:\/\/www.itape.com\/es\/product\/pe8-es\/\" \/>\n<meta property=\"og:site_name\" content=\"IPG\" \/>\n<meta property=\"article:publisher\" content=\"https:\/\/www.facebook.com\/intertape\" \/>\n<meta property=\"article:modified_time\" content=\"2023-04-05T16:58:51+00:00\" \/>\n<meta property=\"og:image\" content=\"https:\/\/www.itape.com\/wp-content\/uploads\/2023\/01\/PE8_high.jpg\" \/>\n\t<meta property=\"og:image:width\" content=\"2400\" \/>\n\t<meta property=\"og:image:height\" content=\"2400\" \/>\n\t<meta property=\"og:image:type\" content=\"image\/jpeg\" \/>\n<meta name=\"twitter:card\" content=\"summary_large_image\" \/>\n<meta name=\"twitter:site\" content=\"@IPGtape\" \/>\n<meta name=\"twitter:label1\" content=\"Price\" \/>\n\t<meta name=\"twitter:data1\" content=\"\" \/>\n\t<meta name=\"twitter:label2\" content=\"Availability\" \/>\n\t<meta name=\"twitter:data2\" content=\"In stock\" \/>\n<script type=\"application\/ld+json\" class=\"yoast-schema-graph\">{\"@context\":\"https:\/\/schema.org\",\"@graph\":[{\"@type\":\"WebPage\",\"@id\":\"https:\/\/www.itape.com\/es\/product\/pe8-es\/\",\"url\":\"https:\/\/www.itape.com\/es\/product\/pe8-es\/\",\"name\":\"PE8 - IPG\",\"isPartOf\":{\"@id\":\"https:\/\/www.itape.com\/#website\"},\"primaryImageOfPage\":{\"@id\":\"https:\/\/www.itape.com\/es\/product\/pe8-es\/#primaryimage\"},\"image\":{\"@id\":\"https:\/\/www.itape.com\/es\/product\/pe8-es\/#primaryimage\"},\"thumbnailUrl\":\"https:\/\/www.itape.com\/wp-content\/uploads\/2023\/01\/PE8_High-1.jpg\",\"datePublished\":\"2023-01-12T14:33:19+00:00\",\"dateModified\":\"2023-04-05T16:58:51+00:00\",\"breadcrumb\":{\"@id\":\"https:\/\/www.itape.com\/es\/product\/pe8-es\/#breadcrumb\"},\"inLanguage\":\"es\",\"potentialAction\":[{\"@type\":\"ReadAction\",\"target\":[\"https:\/\/www.itape.com\/es\/product\/pe8-es\/\"]}]},{\"@type\":\"ImageObject\",\"inLanguage\":\"es\",\"@id\":\"https:\/\/www.itape.com\/es\/product\/pe8-es\/#primaryimage\",\"url\":\"https:\/\/www.itape.com\/wp-content\/uploads\/2023\/01\/PE8_High-1.jpg\",\"contentUrl\":\"https:\/\/www.itape.com\/wp-content\/uploads\/2023\/01\/PE8_High-1.jpg\",\"width\":2400,\"height\":2400,\"caption\":\"IPG PE8 Polyethylene Tape\"},{\"@type\":\"BreadcrumbList\",\"@id\":\"https:\/\/www.itape.com\/es\/product\/pe8-es\/#breadcrumb\",\"itemListElement\":[{\"@type\":\"ListItem\",\"position\":1,\"name\":\"Home\",\"item\":\"https:\/\/www.itape.com\/es\/\"},{\"@type\":\"ListItem\",\"position\":2,\"name\":\"Products\",\"item\":\"https:\/\/www.itape.com\/products\/\"},{\"@type\":\"ListItem\",\"position\":3,\"name\":\"PE8\"}]},{\"@type\":\"WebSite\",\"@id\":\"https:\/\/www.itape.com\/#website\",\"url\":\"https:\/\/www.itape.com\/\",\"name\":\"IPG\",\"description\":\"Global Leader in Packaging and Protective Solutions\",\"publisher\":{\"@id\":\"https:\/\/www.itape.com\/#organization\"},\"potentialAction\":[{\"@type\":\"SearchAction\",\"target\":{\"@type\":\"EntryPoint\",\"urlTemplate\":\"https:\/\/www.itape.com\/?s={search_term_string}\"},\"query-input\":{\"@type\":\"PropertyValueSpecification\",\"valueRequired\":true,\"valueName\":\"search_term_string\"}}],\"inLanguage\":\"es\"},{\"@type\":\"Organization\",\"@id\":\"https:\/\/www.itape.com\/#organization\",\"name\":\"IPG\",\"url\":\"https:\/\/www.itape.com\/\",\"logo\":{\"@type\":\"ImageObject\",\"inLanguage\":\"es\",\"@id\":\"https:\/\/www.itape.com\/#\/schema\/logo\/image\/\",\"url\":\"https:\/\/www.itape.com\/wp-content\/uploads\/2024\/06\/IPG-logo-2.png\",\"contentUrl\":\"https:\/\/www.itape.com\/wp-content\/uploads\/2024\/06\/IPG-logo-2.png\",\"width\":60,\"height\":60,\"caption\":\"IPG\"},\"image\":{\"@id\":\"https:\/\/www.itape.com\/#\/schema\/logo\/image\/\"},\"sameAs\":[\"https:\/\/www.facebook.com\/intertape\",\"https:\/\/x.com\/IPGtape\",\"https:\/\/www.linkedin.com\/company\/intertape-polymer-group\",\"https:\/\/www.instagram.com\/ipgtape\",\"https:\/\/www.youtube.com\/user\/IPGtape\"]}]}<\/script>\n<meta property=\"product:price:currency\" content=\"USD\" \/>\n<meta property=\"og:availability\" content=\"instock\" \/>\n<meta property=\"product:availability\" content=\"instock\" \/>\n<meta property=\"product:retailer_item_id\" content=\"1673a6b88e5e\" \/>\n<meta property=\"product:condition\" content=\"new\" \/>\n<!-- \/ Yoast SEO Premium plugin. -->","yoast_head_json":{"title":"PE8 - IPG","robots":{"index":"index","follow":"follow","max-snippet":"max-snippet:-1","max-image-preview":"max-image-preview:large","max-video-preview":"max-video-preview:-1"},"canonical":"https:\/\/www.itape.com\/es\/product\/pe8-es\/","og_locale":"es_ES","og_type":"article","og_title":"PE8","og_description":"Cinta de conservaci\u00f3n: revestimiento de polietileno (PE) duradera y resistente a la humedad con un adhesivo basado en caucho sensible a la presi\u00f3n. Buena adhesi\u00f3n a diversas superficies. Extracci\u00f3n limpia de una amplia variedad de superficies recubiertas con gelcoat. Se ha dise\u00f1ado para ofrecer un alto grado de comodidad sin una extensi\u00f3n excesiva. El soporte m\u00e1s r\u00edgido facilita la manipulaci\u00f3n en determinadas aplicaciones. Resistente a los rayos UV hasta seis (6) meses, en funci\u00f3n de las condiciones y superficies. Para reparaci\u00f3n, sellado, uni\u00f3n y empaquetamiento. Para empalmes y protecci\u00f3n de superficies.","og_url":"https:\/\/www.itape.com\/es\/product\/pe8-es\/","og_site_name":"IPG","article_publisher":"https:\/\/www.facebook.com\/intertape","article_modified_time":"2023-04-05T16:58:51+00:00","og_image":[{"width":2400,"height":2400,"url":"https:\/\/www.itape.com\/wp-content\/uploads\/2023\/01\/PE8_high.jpg","type":"image\/jpeg"}],"twitter_card":"summary_large_image","twitter_site":"@IPGtape","twitter_misc":{"Price":"","Availability":"In stock"},"schema":{"@context":"https:\/\/schema.org","@graph":[{"@type":"WebPage","@id":"https:\/\/www.itape.com\/es\/product\/pe8-es\/","url":"https:\/\/www.itape.com\/es\/product\/pe8-es\/","name":"PE8 - IPG","isPartOf":{"@id":"https:\/\/www.itape.com\/#website"},"primaryImageOfPage":{"@id":"https:\/\/www.itape.com\/es\/product\/pe8-es\/#primaryimage"},"image":{"@id":"https:\/\/www.itape.com\/es\/product\/pe8-es\/#primaryimage"},"thumbnailUrl":"https:\/\/www.itape.com\/wp-content\/uploads\/2023\/01\/PE8_High-1.jpg","datePublished":"2023-01-12T14:33:19+00:00","dateModified":"2023-04-05T16:58:51+00:00","breadcrumb":{"@id":"https:\/\/www.itape.com\/es\/product\/pe8-es\/#breadcrumb"},"inLanguage":"es","potentialAction":[{"@type":"ReadAction","target":["https:\/\/www.itape.com\/es\/product\/pe8-es\/"]}]},{"@type":"ImageObject","inLanguage":"es","@id":"https:\/\/www.itape.com\/es\/product\/pe8-es\/#primaryimage","url":"https:\/\/www.itape.com\/wp-content\/uploads\/2023\/01\/PE8_High-1.jpg","contentUrl":"https:\/\/www.itape.com\/wp-content\/uploads\/2023\/01\/PE8_High-1.jpg","width":2400,"height":2400,"caption":"IPG PE8 Polyethylene Tape"},{"@type":"BreadcrumbList","@id":"https:\/\/www.itape.com\/es\/product\/pe8-es\/#breadcrumb","itemListElement":[{"@type":"ListItem","position":1,"name":"Home","item":"https:\/\/www.itape.com\/es\/"},{"@type":"ListItem","position":2,"name":"Products","item":"https:\/\/www.itape.com\/products\/"},{"@type":"ListItem","position":3,"name":"PE8"}]},{"@type":"WebSite","@id":"https:\/\/www.itape.com\/#website","url":"https:\/\/www.itape.com\/","name":"IPG","description":"Global Leader in Packaging and Protective Solutions","publisher":{"@id":"https:\/\/www.itape.com\/#organization"},"potentialAction":[{"@type":"SearchAction","target":{"@type":"EntryPoint","urlTemplate":"https:\/\/www.itape.com\/?s={search_term_string}"},"query-input":{"@type":"PropertyValueSpecification","valueRequired":true,"valueName":"search_term_string"}}],"inLanguage":"es"},{"@type":"Organization","@id":"https:\/\/www.itape.com\/#organization","name":"IPG","url":"https:\/\/www.itape.com\/","logo":{"@type":"ImageObject","inLanguage":"es","@id":"https:\/\/www.itape.com\/#\/schema\/logo\/image\/","url":"https:\/\/www.itape.com\/wp-content\/uploads\/2024\/06\/IPG-logo-2.png","contentUrl":"https:\/\/www.itape.com\/wp-content\/uploads\/2024\/06\/IPG-logo-2.png","width":60,"height":60,"caption":"IPG"},"image":{"@id":"https:\/\/www.itape.com\/#\/schema\/logo\/image\/"},"sameAs":["https:\/\/www.facebook.com\/intertape","https:\/\/x.com\/IPGtape","https:\/\/www.linkedin.com\/company\/intertape-polymer-group","https:\/\/www.instagram.com\/ipgtape","https:\/\/www.youtube.com\/user\/IPGtape"]}]},"product_price_currency":"USD","og_availability":"instock","product_availability":"instock","product_retailer_item_id":"1673a6b88e5e","product_condition":"new"},"parsely":{"version":"1.1.0","canonical_url":"https:\/\/itape.com\/es\/product\/pe8-es\/","smart_links":{"inbound":0,"outbound":0},"traffic_boost_suggestions_count":0,"meta":{"@context":"https:\/\/schema.org","@type":"WebPage","headline":"PE8","url":"https:\/\/www.itape.com\/es\/product\/pe8-es\/","mainEntityOfPage":{"@type":"WebPage","@id":"https:\/\/www.itape.com\/es\/product\/pe8-es\/"},"thumbnailUrl":"https:\/\/www.itape.com\/wp-content\/uploads\/2023\/01\/PE8_High-1.jpg?w=150&h=150&crop=1","image":{"@type":"ImageObject","url":"https:\/\/www.itape.com\/wp-content\/uploads\/2023\/01\/PE8_High-1.jpg"},"articleSection":"Sin categorizar","author":[{"@type":"Person","name":"IPG"}],"creator":["IPG"],"publisher":{"@type":"Organization","name":"IPG","logo":"https:\/\/www.itape.com\/wp-content\/uploads\/2023\/03\/IPG-logo-2.png"},"keywords":[],"dateCreated":"2023-01-12T14:33:19Z","datePublished":"2023-01-12T14:33:19Z","dateModified":"2023-04-05T16:58:51Z"},"rendered":"<meta name=\"parsely-title\" content=\"PE8\" \/>\n<meta name=\"parsely-link\" content=\"https:\/\/www.itape.com\/es\/product\/pe8-es\/\" \/>\n<meta name=\"parsely-type\" content=\"index\" \/>\n<meta name=\"parsely-image-url\" content=\"https:\/\/www.itape.com\/wp-content\/uploads\/2023\/01\/PE8_High-1.jpg?w=150&amp;h=150&amp;crop=1\" \/>\n<meta name=\"parsely-pub-date\" content=\"2023-01-12T14:33:19Z\" \/>\n<meta name=\"parsely-section\" content=\"Sin categorizar\" \/>\n<meta name=\"parsely-author\" content=\"IPG\" \/>","tracker_url":"https:\/\/cdn.parsely.com\/keys\/itape.com\/p.js"},"jetpack_sharing_enabled":true,"_links":{"self":[{"href":"https:\/\/www.itape.com\/es\/wp-json\/wp\/v2\/product\/48343","targetHints":{"allow":["GET"]}}],"collection":[{"href":"https:\/\/www.itape.com\/es\/wp-json\/wp\/v2\/product"}],"about":[{"href":"https:\/\/www.itape.com\/es\/wp-json\/wp\/v2\/types\/product"}],"replies":[{"embeddable":true,"href":"https:\/\/www.itape.com\/es\/wp-json\/wp\/v2\/comments?post=48343"}],"wp:featuredmedia":[{"embeddable":true,"href":"https:\/\/www.itape.com\/es\/wp-json\/wp\/v2\/media\/61173"}],"wp:attachment":[{"href":"https:\/\/www.itape.com\/es\/wp-json\/wp\/v2\/media?parent=48343"}],"wp:term":[{"taxonomy":"product_brand","embeddable":true,"href":"https:\/\/www.itape.com\/es\/wp-json\/wp\/v2\/product_brand?post=48343"},{"taxonomy":"product_cat","embeddable":true,"href":"https:\/\/www.itape.com\/es\/wp-json\/wp\/v2\/product_cat?post=48343"},{"taxonomy":"product_tag","embeddable":true,"href":"https:\/\/www.itape.com\/es\/wp-json\/wp\/v2\/product_tag?post=48343"},{"taxonomy":"associated_application","embeddable":true,"href":"https:\/\/www.itape.com\/es\/wp-json\/wp\/v2\/associated_application?post=48343"}],"curies":[{"name":"wp","href":"https:\/\/api.w.org\/{rel}","templated":true}]}}